{"id":66321,"date":"2026-02-16T11:50:00","date_gmt":"2026-02-16T11:50:00","guid":{"rendered":"https:\/\/desireonline.shop\/product\/behave-day-troi-restrain-me\/"},"modified":"2026-03-10T05:40:03","modified_gmt":"2026-03-10T05:40:03","slug":"behave-day-troi-restrain-me","status":"publish","type":"product","link":"https:\/\/desireonline.shop\/vi\/san-pham\/behave-day-troi-restrain-me\/","title":{"rendered":"BEHAVE! D\u00e2y tr\u00f3i Restrain Me"},"content":{"rendered":"<p>S\u1ee3i d\u00e2y n\u00e0y \u0111\u01b0\u1ee3c thi\u1ebft k\u1ebf cho nh\u1eefng kh\u00e1m ph\u00e1 linh ho\u1ea1t, mang l\u1ea1i c\u1ea3 \u0111\u1ed9 d\u00e0i v\u00e0 \u0111\u1ed9 b\u1ec1n trong khi v\u1eabn gi\u1eef c\u1ea3m gi\u00e1c m\u1ec1m m\u1ea1i v\u00e0 d\u1ec5 s\u1eed d\u1ee5ng. Chi\u1ec1u d\u00e0i 10 m\u00e9t cho ph\u00e9p s\u1ef1 s\u00e1ng t\u1ea1o v\u00e0 kh\u1ea3 n\u0103ng th\u00edch \u1ee9ng v\u1edbi nhi\u1ec1u t\u00ecnh hu\u1ed1ng kh\u00e1c nhau.<\/p>\n<p>Ph\u00f9 h\u1ee3p cho nh\u1eefng ai y\u00eau th\u00edch tr\u1ea3i nghi\u1ec7m c\u00f3 ch\u1ee7 \u00fd v\u00e0 d\u1ef1a tr\u00ean s\u1ef1 tin t\u01b0\u1edfng, s\u1ea3n ph\u1ea9m h\u1ed7 tr\u1ee3 kh\u00e1m ph\u00e1 v\u1edbi s\u1ef1 nh\u1eadn th\u1ee9c, giao ti\u1ebfp v\u00e0 quan t\u00e2m.<\/p>\n","protected":false},"excerpt":{"rendered":"<p>S\u1ee3i d\u00e2y n\u00e0y \u0111\u01b0\u1ee3c thi\u1ebft k\u1ebf cho nh\u1eefng kh\u00e1m ph\u00e1 linh ho\u1ea1t, mang l\u1ea1i c\u1ea3 \u0111\u1ed9 d\u00e0i v\u00e0 \u0111\u1ed9 b\u1ec1n trong khi v\u1eabn gi\u1eef c\u1ea3m gi\u00e1c m\u1ec1m m\u1ea1i v\u00e0 d\u1ec5&hellip;<\/p>\n","protected":false},"featured_media":63162,"comment_status":"open","ping_status":"closed","template":"","meta":{"_acf_changed":false},"product_brand":[],"product_cat":[1314],"product_tag":[],"class_list":{"0":"post-66321","1":"product","2":"type-product","3":"status-publish","4":"has-post-thumbnail","6":"product_cat-day-thung-bang-keo-troi","8":"first","9":"instock","10":"shipping-taxable","11":"purchasable","12":"product-type-simple"},"acf":[],"yoast_head":"<!-- This site is optimized with the Yoast SEO plugin v27.1.1 - https:\/\/yoast.com\/product\/yoast-seo-wordpress\/ -->\n<title>BEHAVE! D\u00e2y tr\u00f3i Restrain Me - Desire<\/title>\n<meta name=\"robots\" content=\"index, follow, max-snippet:-1, max-image-preview:large, max-video-preview:-1\" \/>\n<link rel=\"canonical\" href=\"https:\/\/desireonline.shop\/vi\/san-pham\/behave-day-troi-restrain-me\/\" \/>\n<meta property=\"og:locale\" content=\"vi_VN\" \/>\n<meta property=\"og:type\" content=\"article\" \/>\n<meta property=\"og:title\" content=\"BEHAVE! D\u00e2y tr\u00f3i Restrain Me - Desire\" \/>\n<meta property=\"og:description\" content=\"S\u1ee3i d\u00e2y n\u00e0y \u0111\u01b0\u1ee3c thi\u1ebft k\u1ebf cho nh\u1eefng kh\u00e1m ph\u00e1 linh ho\u1ea1t, mang l\u1ea1i c\u1ea3 \u0111\u1ed9 d\u00e0i v\u00e0 \u0111\u1ed9 b\u1ec1n trong khi v\u1eabn gi\u1eef c\u1ea3m gi\u00e1c m\u1ec1m m\u1ea1i v\u00e0 d\u1ec5&hellip;\" \/>\n<meta property=\"og:url\" content=\"https:\/\/desireonline.shop\/vi\/san-pham\/behave-day-troi-restrain-me\/\" \/>\n<meta property=\"og:site_name\" content=\"Desire\" \/>\n<meta property=\"article:modified_time\" content=\"2026-03-10T05:40:03+00:00\" \/>\n<meta property=\"og:image\" content=\"https:\/\/desireonline.shop\/wp-content\/uploads\/2026\/02\/CN-632176215_00.jpg\" \/>\n\t<meta property=\"og:image:width\" content=\"2000\" \/>\n\t<meta property=\"og:image:height\" content=\"2000\" \/>\n\t<meta property=\"og:image:type\" content=\"image\/jpeg\" \/>\n<meta name=\"twitter:card\" content=\"summary_large_image\" \/>\n<meta name=\"twitter:label1\" content=\"\u01af\u1edbc t\u00ednh th\u1eddi gian \u0111\u1ecdc\" \/>\n\t<meta name=\"twitter:data1\" content=\"1 ph\u00fat\" \/>\n<script type=\"application\/ld+json\" class=\"yoast-schema-graph\">{\"@context\":\"https:\/\/schema.org\",\"@graph\":[{\"@type\":\"WebPage\",\"@id\":\"https:\/\/desireonline.shop\/vi\/san-pham\/behave-day-troi-restrain-me\/\",\"url\":\"https:\/\/desireonline.shop\/vi\/san-pham\/behave-day-troi-restrain-me\/\",\"name\":\"BEHAVE! D\u00e2y tr\u00f3i Restrain Me - Desire\",\"isPartOf\":{\"@id\":\"https:\/\/desireonline.shop\/vi\/#website\"},\"primaryImageOfPage\":{\"@id\":\"https:\/\/desireonline.shop\/vi\/san-pham\/behave-day-troi-restrain-me\/#primaryimage\"},\"image\":{\"@id\":\"https:\/\/desireonline.shop\/vi\/san-pham\/behave-day-troi-restrain-me\/#primaryimage\"},\"thumbnailUrl\":\"https:\/\/desireonline.shop\/wp-content\/uploads\/2026\/02\/CN-632176215_00.jpg\",\"datePublished\":\"2026-02-16T11:50:00+00:00\",\"dateModified\":\"2026-03-10T05:40:03+00:00\",\"breadcrumb\":{\"@id\":\"https:\/\/desireonline.shop\/vi\/san-pham\/behave-day-troi-restrain-me\/#breadcrumb\"},\"inLanguage\":\"vi\",\"potentialAction\":[{\"@type\":\"ReadAction\",\"target\":[\"https:\/\/desireonline.shop\/vi\/san-pham\/behave-day-troi-restrain-me\/\"]}]},{\"@type\":\"ImageObject\",\"inLanguage\":\"vi\",\"@id\":\"https:\/\/desireonline.shop\/vi\/san-pham\/behave-day-troi-restrain-me\/#primaryimage\",\"url\":\"https:\/\/desireonline.shop\/wp-content\/uploads\/2026\/02\/CN-632176215_00.jpg\",\"contentUrl\":\"https:\/\/desireonline.shop\/wp-content\/uploads\/2026\/02\/CN-632176215_00.jpg\",\"width\":2000,\"height\":2000},{\"@type\":\"BreadcrumbList\",\"@id\":\"https:\/\/desireonline.shop\/vi\/san-pham\/behave-day-troi-restrain-me\/#breadcrumb\",\"itemListElement\":[{\"@type\":\"ListItem\",\"position\":1,\"name\":\"Home\",\"item\":\"https:\/\/desireonline.shop\/vi\/trang-chu\/?lang=vi\"},{\"@type\":\"ListItem\",\"position\":2,\"name\":\"T\u1ea5t c\u1ea3 s\u1ea3n ph\u1ea9m\",\"item\":\"https:\/\/desireonline.shop\/cua-hang\/?lang=vi\"},{\"@type\":\"ListItem\",\"position\":3,\"name\":\"BEHAVE! D\u00e2y tr\u00f3i Restrain Me\"}]},{\"@type\":\"WebSite\",\"@id\":\"https:\/\/desireonline.shop\/vi\/#website\",\"url\":\"https:\/\/desireonline.shop\/vi\/\",\"name\":\"Desire\",\"description\":\"Sexual Wellness Platform\",\"publisher\":{\"@id\":\"https:\/\/desireonline.shop\/vi\/#organization\"},\"potentialAction\":[{\"@type\":\"SearchAction\",\"target\":{\"@type\":\"EntryPoint\",\"urlTemplate\":\"https:\/\/desireonline.shop\/vi\/?s={search_term_string}\"},\"query-input\":{\"@type\":\"PropertyValueSpecification\",\"valueRequired\":true,\"valueName\":\"search_term_string\"}}],\"inLanguage\":\"vi\"},{\"@type\":\"Organization\",\"@id\":\"https:\/\/desireonline.shop\/vi\/#organization\",\"name\":\"Desire\",\"url\":\"https:\/\/desireonline.shop\/vi\/\",\"logo\":{\"@type\":\"ImageObject\",\"inLanguage\":\"vi\",\"@id\":\"https:\/\/desireonline.shop\/vi\/#\/schema\/logo\/image\/\",\"url\":\"https:\/\/desireonline.shop\/wp-content\/uploads\/2024\/06\/Logo-Thick-Font-1.webp\",\"contentUrl\":\"https:\/\/desireonline.shop\/wp-content\/uploads\/2024\/06\/Logo-Thick-Font-1.webp\",\"width\":268,\"height\":399,\"caption\":\"Desire\"},\"image\":{\"@id\":\"https:\/\/desireonline.shop\/vi\/#\/schema\/logo\/image\/\"}}]}<\/script>\n<!-- \/ Yoast SEO plugin. -->","yoast_head_json":{"title":"BEHAVE! D\u00e2y tr\u00f3i Restrain Me - Desire","robots":{"index":"index","follow":"follow","max-snippet":"max-snippet:-1","max-image-preview":"max-image-preview:large","max-video-preview":"max-video-preview:-1"},"canonical":"https:\/\/desireonline.shop\/vi\/san-pham\/behave-day-troi-restrain-me\/","og_locale":"vi_VN","og_type":"article","og_title":"BEHAVE! D\u00e2y tr\u00f3i Restrain Me - Desire","og_description":"S\u1ee3i d\u00e2y n\u00e0y \u0111\u01b0\u1ee3c thi\u1ebft k\u1ebf cho nh\u1eefng kh\u00e1m ph\u00e1 linh ho\u1ea1t, mang l\u1ea1i c\u1ea3 \u0111\u1ed9 d\u00e0i v\u00e0 \u0111\u1ed9 b\u1ec1n trong khi v\u1eabn gi\u1eef c\u1ea3m gi\u00e1c m\u1ec1m m\u1ea1i v\u00e0 d\u1ec5&hellip;","og_url":"https:\/\/desireonline.shop\/vi\/san-pham\/behave-day-troi-restrain-me\/","og_site_name":"Desire","article_modified_time":"2026-03-10T05:40:03+00:00","og_image":[{"width":2000,"height":2000,"url":"https:\/\/desireonline.shop\/wp-content\/uploads\/2026\/02\/CN-632176215_00.jpg","type":"image\/jpeg"}],"twitter_card":"summary_large_image","twitter_misc":{"\u01af\u1edbc t\u00ednh th\u1eddi gian \u0111\u1ecdc":"1 ph\u00fat"},"schema":{"@context":"https:\/\/schema.org","@graph":[{"@type":"WebPage","@id":"https:\/\/desireonline.shop\/vi\/san-pham\/behave-day-troi-restrain-me\/","url":"https:\/\/desireonline.shop\/vi\/san-pham\/behave-day-troi-restrain-me\/","name":"BEHAVE! D\u00e2y tr\u00f3i Restrain Me - Desire","isPartOf":{"@id":"https:\/\/desireonline.shop\/vi\/#website"},"primaryImageOfPage":{"@id":"https:\/\/desireonline.shop\/vi\/san-pham\/behave-day-troi-restrain-me\/#primaryimage"},"image":{"@id":"https:\/\/desireonline.shop\/vi\/san-pham\/behave-day-troi-restrain-me\/#primaryimage"},"thumbnailUrl":"https:\/\/desireonline.shop\/wp-content\/uploads\/2026\/02\/CN-632176215_00.jpg","datePublished":"2026-02-16T11:50:00+00:00","dateModified":"2026-03-10T05:40:03+00:00","breadcrumb":{"@id":"https:\/\/desireonline.shop\/vi\/san-pham\/behave-day-troi-restrain-me\/#breadcrumb"},"inLanguage":"vi","potentialAction":[{"@type":"ReadAction","target":["https:\/\/desireonline.shop\/vi\/san-pham\/behave-day-troi-restrain-me\/"]}]},{"@type":"ImageObject","inLanguage":"vi","@id":"https:\/\/desireonline.shop\/vi\/san-pham\/behave-day-troi-restrain-me\/#primaryimage","url":"https:\/\/desireonline.shop\/wp-content\/uploads\/2026\/02\/CN-632176215_00.jpg","contentUrl":"https:\/\/desireonline.shop\/wp-content\/uploads\/2026\/02\/CN-632176215_00.jpg","width":2000,"height":2000},{"@type":"BreadcrumbList","@id":"https:\/\/desireonline.shop\/vi\/san-pham\/behave-day-troi-restrain-me\/#breadcrumb","itemListElement":[{"@type":"ListItem","position":1,"name":"Home","item":"https:\/\/desireonline.shop\/vi\/trang-chu\/?lang=vi"},{"@type":"ListItem","position":2,"name":"T\u1ea5t c\u1ea3 s\u1ea3n ph\u1ea9m","item":"https:\/\/desireonline.shop\/cua-hang\/?lang=vi"},{"@type":"ListItem","position":3,"name":"BEHAVE! D\u00e2y tr\u00f3i Restrain Me"}]},{"@type":"WebSite","@id":"https:\/\/desireonline.shop\/vi\/#website","url":"https:\/\/desireonline.shop\/vi\/","name":"Desire","description":"Sexual Wellness Platform","publisher":{"@id":"https:\/\/desireonline.shop\/vi\/#organization"},"potentialAction":[{"@type":"SearchAction","target":{"@type":"EntryPoint","urlTemplate":"https:\/\/desireonline.shop\/vi\/?s={search_term_string}"},"query-input":{"@type":"PropertyValueSpecification","valueRequired":true,"valueName":"search_term_string"}}],"inLanguage":"vi"},{"@type":"Organization","@id":"https:\/\/desireonline.shop\/vi\/#organization","name":"Desire","url":"https:\/\/desireonline.shop\/vi\/","logo":{"@type":"ImageObject","inLanguage":"vi","@id":"https:\/\/desireonline.shop\/vi\/#\/schema\/logo\/image\/","url":"https:\/\/desireonline.shop\/wp-content\/uploads\/2024\/06\/Logo-Thick-Font-1.webp","contentUrl":"https:\/\/desireonline.shop\/wp-content\/uploads\/2024\/06\/Logo-Thick-Font-1.webp","width":268,"height":399,"caption":"Desire"},"image":{"@id":"https:\/\/desireonline.shop\/vi\/#\/schema\/logo\/image\/"}}]}},"_links":{"self":[{"href":"https:\/\/desireonline.shop\/vi\/wp-json\/wp\/v2\/product\/66321","targetHints":{"allow":["GET"]}}],"collection":[{"href":"https:\/\/desireonline.shop\/vi\/wp-json\/wp\/v2\/product"}],"about":[{"href":"https:\/\/desireonline.shop\/vi\/wp-json\/wp\/v2\/types\/product"}],"replies":[{"embeddable":true,"href":"https:\/\/desireonline.shop\/vi\/wp-json\/wp\/v2\/comments?post=66321"}],"version-history":[{"count":0,"href":"https:\/\/desireonline.shop\/vi\/wp-json\/wp\/v2\/product\/66321\/revisions"}],"wp:featuredmedia":[{"embeddable":true,"href":"https:\/\/desireonline.shop\/vi\/wp-json\/wp\/v2\/media\/63162"}],"wp:attachment":[{"href":"https:\/\/desireonline.shop\/vi\/wp-json\/wp\/v2\/media?parent=66321"}],"wp:term":[{"taxonomy":"product_brand","embeddable":true,"href":"https:\/\/desireonline.shop\/vi\/wp-json\/wp\/v2\/product_brand?post=66321"},{"taxonomy":"product_cat","embeddable":true,"href":"https:\/\/desireonline.shop\/vi\/wp-json\/wp\/v2\/product_cat?post=66321"},{"taxonomy":"product_tag","embeddable":true,"href":"https:\/\/desireonline.shop\/vi\/wp-json\/wp\/v2\/product_tag?post=66321"}],"curies":[{"name":"wp","href":"https:\/\/api.w.org\/{rel}","templated":true}]}}