{"id":66337,"date":"2026-02-16T11:51:00","date_gmt":"2026-02-16T11:51:00","guid":{"rendered":"https:\/\/desireonline.shop\/product\/behave-xich-du-tinh-duc-treo-cua\/"},"modified":"2026-03-10T05:39:47","modified_gmt":"2026-03-10T05:39:47","slug":"behave-xich-du-tinh-duc-treo-cua","status":"publish","type":"product","link":"https:\/\/desireonline.shop\/vi\/san-pham\/behave-xich-du-tinh-duc-treo-cua\/","title":{"rendered":"BEHAVE! X\u00edch \u0111u t\u00ecnh d\u1ee5c treo c\u1eeda"},"content":{"rendered":"<p>B\u1ed9 k\u00ecm gi\u1eef treo c\u1eeda n\u00e0y \u0111\u01b0\u1ee3c thi\u1ebft k\u1ebf \u0111\u1ec3 gi\u00fap vi\u1ec7c \u0111i\u1ec1u ch\u1ec9nh t\u01b0 th\u1ebf v\u00e0 h\u1ed7 tr\u1ee3 tr\u1edf n\u00ean d\u1ec5 d\u00e0ng h\u01a1n. Thanh kim lo\u1ea1i ch\u1eafc ch\u1eafn mang l\u1ea1i s\u1ef1 \u1ed5n \u0111\u1ecbnh, trong khi c\u00e1c ph\u1ea7n c\u00f3 th\u1ec3 \u0111i\u1ec1u ch\u1ec9nh cho ph\u00e9p thi\u1ebft l\u1eadp ph\u00f9 h\u1ee3p v\u1edbi nhu c\u1ea7u.<\/p>\n<p>Ph\u00f9 h\u1ee3p cho nh\u1eefng ai mu\u1ed1n m\u1edf r\u1ed9ng tr\u1ea3i nghi\u1ec7m trong kh\u00f4ng gian quen thu\u1ed9c, s\u1ea3n ph\u1ea9m khuy\u1ebfn kh\u00edch kh\u00e1m ph\u00e1 vui nh\u1ed9n v\u1edbi s\u1ef1 ch\u00fa tr\u1ecdng v\u00e0o an to\u00e0n, giao ti\u1ebfp v\u00e0 s\u1ef1 \u0111\u1ed3ng thu\u1eadn.<\/p>\n","protected":false},"excerpt":{"rendered":"<p>B\u1ed9 k\u00ecm gi\u1eef treo c\u1eeda n\u00e0y \u0111\u01b0\u1ee3c thi\u1ebft k\u1ebf \u0111\u1ec3 gi\u00fap vi\u1ec7c \u0111i\u1ec1u ch\u1ec9nh t\u01b0 th\u1ebf v\u00e0 h\u1ed7 tr\u1ee3 tr\u1edf n\u00ean d\u1ec5 d\u00e0ng h\u01a1n. Thanh kim lo\u1ea1i ch\u1eafc ch\u1eafn mang&hellip;<\/p>\n","protected":false},"featured_media":63195,"comment_status":"open","ping_status":"closed","template":"","meta":{"_acf_changed":false},"product_brand":[],"product_cat":[1345],"product_tag":[],"class_list":{"0":"post-66337","1":"product","2":"type-product","3":"status-publish","4":"has-post-thumbnail","6":"product_cat-day-co-dinh-giuong-cua","8":"first","9":"instock","10":"shipping-taxable","11":"purchasable","12":"product-type-simple"},"acf":[],"yoast_head":"<!-- This site is optimized with the Yoast SEO plugin v27.1.1 - https:\/\/yoast.com\/product\/yoast-seo-wordpress\/ -->\n<title>BEHAVE! X\u00edch \u0111u t\u00ecnh d\u1ee5c treo c\u1eeda - Desire<\/title>\n<meta name=\"robots\" content=\"index, follow, max-snippet:-1, max-image-preview:large, max-video-preview:-1\" \/>\n<link rel=\"canonical\" href=\"https:\/\/desireonline.shop\/vi\/san-pham\/behave-xich-du-tinh-duc-treo-cua\/\" \/>\n<meta property=\"og:locale\" content=\"vi_VN\" \/>\n<meta property=\"og:type\" content=\"article\" \/>\n<meta property=\"og:title\" content=\"BEHAVE! X\u00edch \u0111u t\u00ecnh d\u1ee5c treo c\u1eeda - Desire\" \/>\n<meta property=\"og:description\" content=\"B\u1ed9 k\u00ecm gi\u1eef treo c\u1eeda n\u00e0y \u0111\u01b0\u1ee3c thi\u1ebft k\u1ebf \u0111\u1ec3 gi\u00fap vi\u1ec7c \u0111i\u1ec1u ch\u1ec9nh t\u01b0 th\u1ebf v\u00e0 h\u1ed7 tr\u1ee3 tr\u1edf n\u00ean d\u1ec5 d\u00e0ng h\u01a1n. Thanh kim lo\u1ea1i ch\u1eafc ch\u1eafn mang&hellip;\" \/>\n<meta property=\"og:url\" content=\"https:\/\/desireonline.shop\/vi\/san-pham\/behave-xich-du-tinh-duc-treo-cua\/\" \/>\n<meta property=\"og:site_name\" content=\"Desire\" \/>\n<meta property=\"article:modified_time\" content=\"2026-03-10T05:39:47+00:00\" \/>\n<meta property=\"og:image\" content=\"https:\/\/desireonline.shop\/wp-content\/uploads\/2026\/02\/CN-544130452_00.jpg\" \/>\n\t<meta property=\"og:image:width\" content=\"1000\" \/>\n\t<meta property=\"og:image:height\" content=\"1000\" \/>\n\t<meta property=\"og:image:type\" content=\"image\/jpeg\" \/>\n<meta name=\"twitter:card\" content=\"summary_large_image\" \/>\n<meta name=\"twitter:label1\" content=\"\u01af\u1edbc t\u00ednh th\u1eddi gian \u0111\u1ecdc\" \/>\n\t<meta name=\"twitter:data1\" content=\"1 ph\u00fat\" \/>\n<script type=\"application\/ld+json\" class=\"yoast-schema-graph\">{\"@context\":\"https:\/\/schema.org\",\"@graph\":[{\"@type\":\"WebPage\",\"@id\":\"https:\/\/desireonline.shop\/vi\/san-pham\/behave-xich-du-tinh-duc-treo-cua\/\",\"url\":\"https:\/\/desireonline.shop\/vi\/san-pham\/behave-xich-du-tinh-duc-treo-cua\/\",\"name\":\"BEHAVE! X\u00edch \u0111u t\u00ecnh d\u1ee5c treo c\u1eeda - Desire\",\"isPartOf\":{\"@id\":\"https:\/\/desireonline.shop\/vi\/#website\"},\"primaryImageOfPage\":{\"@id\":\"https:\/\/desireonline.shop\/vi\/san-pham\/behave-xich-du-tinh-duc-treo-cua\/#primaryimage\"},\"image\":{\"@id\":\"https:\/\/desireonline.shop\/vi\/san-pham\/behave-xich-du-tinh-duc-treo-cua\/#primaryimage\"},\"thumbnailUrl\":\"https:\/\/desireonline.shop\/wp-content\/uploads\/2026\/02\/CN-544130452_00.jpg\",\"datePublished\":\"2026-02-16T11:51:00+00:00\",\"dateModified\":\"2026-03-10T05:39:47+00:00\",\"breadcrumb\":{\"@id\":\"https:\/\/desireonline.shop\/vi\/san-pham\/behave-xich-du-tinh-duc-treo-cua\/#breadcrumb\"},\"inLanguage\":\"vi\",\"potentialAction\":[{\"@type\":\"ReadAction\",\"target\":[\"https:\/\/desireonline.shop\/vi\/san-pham\/behave-xich-du-tinh-duc-treo-cua\/\"]}]},{\"@type\":\"ImageObject\",\"inLanguage\":\"vi\",\"@id\":\"https:\/\/desireonline.shop\/vi\/san-pham\/behave-xich-du-tinh-duc-treo-cua\/#primaryimage\",\"url\":\"https:\/\/desireonline.shop\/wp-content\/uploads\/2026\/02\/CN-544130452_00.jpg\",\"contentUrl\":\"https:\/\/desireonline.shop\/wp-content\/uploads\/2026\/02\/CN-544130452_00.jpg\",\"width\":1000,\"height\":1000},{\"@type\":\"BreadcrumbList\",\"@id\":\"https:\/\/desireonline.shop\/vi\/san-pham\/behave-xich-du-tinh-duc-treo-cua\/#breadcrumb\",\"itemListElement\":[{\"@type\":\"ListItem\",\"position\":1,\"name\":\"Home\",\"item\":\"https:\/\/desireonline.shop\/vi\/trang-chu\/?lang=vi\"},{\"@type\":\"ListItem\",\"position\":2,\"name\":\"T\u1ea5t c\u1ea3 s\u1ea3n ph\u1ea9m\",\"item\":\"https:\/\/desireonline.shop\/cua-hang\/?lang=vi\"},{\"@type\":\"ListItem\",\"position\":3,\"name\":\"BEHAVE! X\u00edch \u0111u t\u00ecnh d\u1ee5c treo c\u1eeda\"}]},{\"@type\":\"WebSite\",\"@id\":\"https:\/\/desireonline.shop\/vi\/#website\",\"url\":\"https:\/\/desireonline.shop\/vi\/\",\"name\":\"Desire\",\"description\":\"Sexual Wellness Platform\",\"publisher\":{\"@id\":\"https:\/\/desireonline.shop\/vi\/#organization\"},\"potentialAction\":[{\"@type\":\"SearchAction\",\"target\":{\"@type\":\"EntryPoint\",\"urlTemplate\":\"https:\/\/desireonline.shop\/vi\/?s={search_term_string}\"},\"query-input\":{\"@type\":\"PropertyValueSpecification\",\"valueRequired\":true,\"valueName\":\"search_term_string\"}}],\"inLanguage\":\"vi\"},{\"@type\":\"Organization\",\"@id\":\"https:\/\/desireonline.shop\/vi\/#organization\",\"name\":\"Desire\",\"url\":\"https:\/\/desireonline.shop\/vi\/\",\"logo\":{\"@type\":\"ImageObject\",\"inLanguage\":\"vi\",\"@id\":\"https:\/\/desireonline.shop\/vi\/#\/schema\/logo\/image\/\",\"url\":\"https:\/\/desireonline.shop\/wp-content\/uploads\/2024\/06\/Logo-Thick-Font-1.webp\",\"contentUrl\":\"https:\/\/desireonline.shop\/wp-content\/uploads\/2024\/06\/Logo-Thick-Font-1.webp\",\"width\":268,\"height\":399,\"caption\":\"Desire\"},\"image\":{\"@id\":\"https:\/\/desireonline.shop\/vi\/#\/schema\/logo\/image\/\"}}]}<\/script>\n<!-- \/ Yoast SEO plugin. -->","yoast_head_json":{"title":"BEHAVE! X\u00edch \u0111u t\u00ecnh d\u1ee5c treo c\u1eeda - Desire","robots":{"index":"index","follow":"follow","max-snippet":"max-snippet:-1","max-image-preview":"max-image-preview:large","max-video-preview":"max-video-preview:-1"},"canonical":"https:\/\/desireonline.shop\/vi\/san-pham\/behave-xich-du-tinh-duc-treo-cua\/","og_locale":"vi_VN","og_type":"article","og_title":"BEHAVE! X\u00edch \u0111u t\u00ecnh d\u1ee5c treo c\u1eeda - Desire","og_description":"B\u1ed9 k\u00ecm gi\u1eef treo c\u1eeda n\u00e0y \u0111\u01b0\u1ee3c thi\u1ebft k\u1ebf \u0111\u1ec3 gi\u00fap vi\u1ec7c \u0111i\u1ec1u ch\u1ec9nh t\u01b0 th\u1ebf v\u00e0 h\u1ed7 tr\u1ee3 tr\u1edf n\u00ean d\u1ec5 d\u00e0ng h\u01a1n. Thanh kim lo\u1ea1i ch\u1eafc ch\u1eafn mang&hellip;","og_url":"https:\/\/desireonline.shop\/vi\/san-pham\/behave-xich-du-tinh-duc-treo-cua\/","og_site_name":"Desire","article_modified_time":"2026-03-10T05:39:47+00:00","og_image":[{"width":1000,"height":1000,"url":"https:\/\/desireonline.shop\/wp-content\/uploads\/2026\/02\/CN-544130452_00.jpg","type":"image\/jpeg"}],"twitter_card":"summary_large_image","twitter_misc":{"\u01af\u1edbc t\u00ednh th\u1eddi gian \u0111\u1ecdc":"1 ph\u00fat"},"schema":{"@context":"https:\/\/schema.org","@graph":[{"@type":"WebPage","@id":"https:\/\/desireonline.shop\/vi\/san-pham\/behave-xich-du-tinh-duc-treo-cua\/","url":"https:\/\/desireonline.shop\/vi\/san-pham\/behave-xich-du-tinh-duc-treo-cua\/","name":"BEHAVE! X\u00edch \u0111u t\u00ecnh d\u1ee5c treo c\u1eeda - Desire","isPartOf":{"@id":"https:\/\/desireonline.shop\/vi\/#website"},"primaryImageOfPage":{"@id":"https:\/\/desireonline.shop\/vi\/san-pham\/behave-xich-du-tinh-duc-treo-cua\/#primaryimage"},"image":{"@id":"https:\/\/desireonline.shop\/vi\/san-pham\/behave-xich-du-tinh-duc-treo-cua\/#primaryimage"},"thumbnailUrl":"https:\/\/desireonline.shop\/wp-content\/uploads\/2026\/02\/CN-544130452_00.jpg","datePublished":"2026-02-16T11:51:00+00:00","dateModified":"2026-03-10T05:39:47+00:00","breadcrumb":{"@id":"https:\/\/desireonline.shop\/vi\/san-pham\/behave-xich-du-tinh-duc-treo-cua\/#breadcrumb"},"inLanguage":"vi","potentialAction":[{"@type":"ReadAction","target":["https:\/\/desireonline.shop\/vi\/san-pham\/behave-xich-du-tinh-duc-treo-cua\/"]}]},{"@type":"ImageObject","inLanguage":"vi","@id":"https:\/\/desireonline.shop\/vi\/san-pham\/behave-xich-du-tinh-duc-treo-cua\/#primaryimage","url":"https:\/\/desireonline.shop\/wp-content\/uploads\/2026\/02\/CN-544130452_00.jpg","contentUrl":"https:\/\/desireonline.shop\/wp-content\/uploads\/2026\/02\/CN-544130452_00.jpg","width":1000,"height":1000},{"@type":"BreadcrumbList","@id":"https:\/\/desireonline.shop\/vi\/san-pham\/behave-xich-du-tinh-duc-treo-cua\/#breadcrumb","itemListElement":[{"@type":"ListItem","position":1,"name":"Home","item":"https:\/\/desireonline.shop\/vi\/trang-chu\/?lang=vi"},{"@type":"ListItem","position":2,"name":"T\u1ea5t c\u1ea3 s\u1ea3n ph\u1ea9m","item":"https:\/\/desireonline.shop\/cua-hang\/?lang=vi"},{"@type":"ListItem","position":3,"name":"BEHAVE! X\u00edch \u0111u t\u00ecnh d\u1ee5c treo c\u1eeda"}]},{"@type":"WebSite","@id":"https:\/\/desireonline.shop\/vi\/#website","url":"https:\/\/desireonline.shop\/vi\/","name":"Desire","description":"Sexual Wellness Platform","publisher":{"@id":"https:\/\/desireonline.shop\/vi\/#organization"},"potentialAction":[{"@type":"SearchAction","target":{"@type":"EntryPoint","urlTemplate":"https:\/\/desireonline.shop\/vi\/?s={search_term_string}"},"query-input":{"@type":"PropertyValueSpecification","valueRequired":true,"valueName":"search_term_string"}}],"inLanguage":"vi"},{"@type":"Organization","@id":"https:\/\/desireonline.shop\/vi\/#organization","name":"Desire","url":"https:\/\/desireonline.shop\/vi\/","logo":{"@type":"ImageObject","inLanguage":"vi","@id":"https:\/\/desireonline.shop\/vi\/#\/schema\/logo\/image\/","url":"https:\/\/desireonline.shop\/wp-content\/uploads\/2024\/06\/Logo-Thick-Font-1.webp","contentUrl":"https:\/\/desireonline.shop\/wp-content\/uploads\/2024\/06\/Logo-Thick-Font-1.webp","width":268,"height":399,"caption":"Desire"},"image":{"@id":"https:\/\/desireonline.shop\/vi\/#\/schema\/logo\/image\/"}}]}},"_links":{"self":[{"href":"https:\/\/desireonline.shop\/vi\/wp-json\/wp\/v2\/product\/66337","targetHints":{"allow":["GET"]}}],"collection":[{"href":"https:\/\/desireonline.shop\/vi\/wp-json\/wp\/v2\/product"}],"about":[{"href":"https:\/\/desireonline.shop\/vi\/wp-json\/wp\/v2\/types\/product"}],"replies":[{"embeddable":true,"href":"https:\/\/desireonline.shop\/vi\/wp-json\/wp\/v2\/comments?post=66337"}],"version-history":[{"count":0,"href":"https:\/\/desireonline.shop\/vi\/wp-json\/wp\/v2\/product\/66337\/revisions"}],"wp:featuredmedia":[{"embeddable":true,"href":"https:\/\/desireonline.shop\/vi\/wp-json\/wp\/v2\/media\/63195"}],"wp:attachment":[{"href":"https:\/\/desireonline.shop\/vi\/wp-json\/wp\/v2\/media?parent=66337"}],"wp:term":[{"taxonomy":"product_brand","embeddable":true,"href":"https:\/\/desireonline.shop\/vi\/wp-json\/wp\/v2\/product_brand?post=66337"},{"taxonomy":"product_cat","embeddable":true,"href":"https:\/\/desireonline.shop\/vi\/wp-json\/wp\/v2\/product_cat?post=66337"},{"taxonomy":"product_tag","embeddable":true,"href":"https:\/\/desireonline.shop\/vi\/wp-json\/wp\/v2\/product_tag?post=66337"}],"curies":[{"name":"wp","href":"https:\/\/api.w.org\/{rel}","templated":true}]}}