{"id":66345,"date":"2026-02-16T11:51:00","date_gmt":"2026-02-16T11:51:00","guid":{"rendered":"https:\/\/desireonline.shop\/product\/behave-bo-kim-giu-dominate-tonight\/"},"modified":"2026-03-10T05:40:04","modified_gmt":"2026-03-10T05:40:04","slug":"behave-bo-kim-giu-dominate-tonight","status":"publish","type":"product","link":"https:\/\/desireonline.shop\/vi\/san-pham\/behave-bo-kim-giu-dominate-tonight\/","title":{"rendered":"BEHAVE! B\u1ed9 k\u00ecm gi\u1eef Dominate Tonight"},"content":{"rendered":"<p>B\u1ed9 k\u00ecm gi\u1eef c\u00f3 th\u1ec3 \u0111i\u1ec1u ch\u1ec9nh n\u00e0y t\u1eadp h\u1ee3p nh\u1eefng ph\u1ee5 ki\u1ec7n c\u1ea7n thi\u1ebft cho nh\u1eefng tr\u1ea3i nghi\u1ec7m s\u00e1ng t\u1ea1o v\u00e0 g\u1eafn k\u1ebft. \u0110\u01b0\u1ee3c thi\u1ebft k\u1ebf linh ho\u1ea1t v\u00e0 d\u1ec5 \u0111i\u1ec1u ch\u1ec9nh, s\u1ea3n ph\u1ea9m cho ph\u00e9p c\u00e1c \u0111\u1ed1i t\u00e1c kh\u00e1m ph\u00e1 nhi\u1ec1u ki\u1ec3u t\u01b0\u01a1ng t\u00e1c kh\u00e1c nhau m\u00e0 kh\u00f4ng t\u1ea1o c\u1ea3m gi\u00e1c ph\u1ee9c t\u1ea1p.<\/p>\n<p>M\u1ed9t c\u00e1ch ti\u1ebfp c\u1eadn ph\u00f9 h\u1ee3p \u0111\u1ec3 b\u1eaft \u0111\u1ea7u v\u1edbi k\u00ecm gi\u1eef ph\u1ed1i h\u1ee3p, khuy\u1ebfn kh\u00edch s\u1ef1 t\u00f2 m\u00f2 chung, giao ti\u1ebfp v\u00e0 th\u1eed nghi\u1ec7m m\u1ed9t c\u00e1ch t\u1ef1 tin.<\/p>\n","protected":false},"excerpt":{"rendered":"<p>B\u1ed9 k\u00ecm gi\u1eef c\u00f3 th\u1ec3 \u0111i\u1ec1u ch\u1ec9nh n\u00e0y t\u1eadp h\u1ee3p nh\u1eefng ph\u1ee5 ki\u1ec7n c\u1ea7n thi\u1ebft cho nh\u1eefng tr\u1ea3i nghi\u1ec7m s\u00e1ng t\u1ea1o v\u00e0 g\u1eafn k\u1ebft. \u0110\u01b0\u1ee3c thi\u1ebft k\u1ebf linh ho\u1ea1t v\u00e0&hellip;<\/p>\n","protected":false},"featured_media":63187,"comment_status":"open","ping_status":"closed","template":"","meta":{"_acf_changed":false},"product_brand":[],"product_cat":[1349,1366,1346],"product_tag":[],"class_list":{"0":"post-66345","1":"product","2":"type-product","3":"status-publish","4":"has-post-thumbnail","6":"product_cat-bo-bondage-cho-nguoi-moi","7":"product_cat-bo-san-pham-than-mat","8":"product_cat-dung-cu-han-che-giac-quan","10":"first","11":"instock","12":"shipping-taxable","13":"purchasable","14":"product-type-simple"},"acf":[],"yoast_head":"<!-- This site is optimized with the Yoast SEO plugin v27.1.1 - https:\/\/yoast.com\/product\/yoast-seo-wordpress\/ -->\n<title>BEHAVE! B\u1ed9 k\u00ecm gi\u1eef Dominate Tonight - Desire<\/title>\n<meta name=\"robots\" content=\"index, follow, max-snippet:-1, max-image-preview:large, max-video-preview:-1\" \/>\n<link rel=\"canonical\" href=\"https:\/\/desireonline.shop\/vi\/san-pham\/behave-bo-kim-giu-dominate-tonight\/\" \/>\n<meta property=\"og:locale\" content=\"vi_VN\" \/>\n<meta property=\"og:type\" content=\"article\" \/>\n<meta property=\"og:title\" content=\"BEHAVE! B\u1ed9 k\u00ecm gi\u1eef Dominate Tonight - Desire\" \/>\n<meta property=\"og:description\" content=\"B\u1ed9 k\u00ecm gi\u1eef c\u00f3 th\u1ec3 \u0111i\u1ec1u ch\u1ec9nh n\u00e0y t\u1eadp h\u1ee3p nh\u1eefng ph\u1ee5 ki\u1ec7n c\u1ea7n thi\u1ebft cho nh\u1eefng tr\u1ea3i nghi\u1ec7m s\u00e1ng t\u1ea1o v\u00e0 g\u1eafn k\u1ebft. \u0110\u01b0\u1ee3c thi\u1ebft k\u1ebf linh ho\u1ea1t v\u00e0&hellip;\" \/>\n<meta property=\"og:url\" content=\"https:\/\/desireonline.shop\/vi\/san-pham\/behave-bo-kim-giu-dominate-tonight\/\" \/>\n<meta property=\"og:site_name\" content=\"Desire\" \/>\n<meta property=\"article:modified_time\" content=\"2026-03-10T05:40:04+00:00\" \/>\n<meta property=\"og:image\" content=\"https:\/\/desireonline.shop\/wp-content\/uploads\/2026\/02\/CN-632178902_00-scaled.jpg\" \/>\n\t<meta property=\"og:image:width\" content=\"2560\" \/>\n\t<meta property=\"og:image:height\" content=\"2370\" \/>\n\t<meta property=\"og:image:type\" content=\"image\/jpeg\" \/>\n<meta name=\"twitter:card\" content=\"summary_large_image\" \/>\n<meta name=\"twitter:label1\" content=\"\u01af\u1edbc t\u00ednh th\u1eddi gian \u0111\u1ecdc\" \/>\n\t<meta name=\"twitter:data1\" content=\"1 ph\u00fat\" \/>\n<script type=\"application\/ld+json\" class=\"yoast-schema-graph\">{\"@context\":\"https:\/\/schema.org\",\"@graph\":[{\"@type\":\"WebPage\",\"@id\":\"https:\/\/desireonline.shop\/vi\/san-pham\/behave-bo-kim-giu-dominate-tonight\/\",\"url\":\"https:\/\/desireonline.shop\/vi\/san-pham\/behave-bo-kim-giu-dominate-tonight\/\",\"name\":\"BEHAVE! B\u1ed9 k\u00ecm gi\u1eef Dominate Tonight - Desire\",\"isPartOf\":{\"@id\":\"https:\/\/desireonline.shop\/vi\/#website\"},\"primaryImageOfPage\":{\"@id\":\"https:\/\/desireonline.shop\/vi\/san-pham\/behave-bo-kim-giu-dominate-tonight\/#primaryimage\"},\"image\":{\"@id\":\"https:\/\/desireonline.shop\/vi\/san-pham\/behave-bo-kim-giu-dominate-tonight\/#primaryimage\"},\"thumbnailUrl\":\"https:\/\/desireonline.shop\/wp-content\/uploads\/2026\/02\/CN-632178902_00-scaled.jpg\",\"datePublished\":\"2026-02-16T11:51:00+00:00\",\"dateModified\":\"2026-03-10T05:40:04+00:00\",\"breadcrumb\":{\"@id\":\"https:\/\/desireonline.shop\/vi\/san-pham\/behave-bo-kim-giu-dominate-tonight\/#breadcrumb\"},\"inLanguage\":\"vi\",\"potentialAction\":[{\"@type\":\"ReadAction\",\"target\":[\"https:\/\/desireonline.shop\/vi\/san-pham\/behave-bo-kim-giu-dominate-tonight\/\"]}]},{\"@type\":\"ImageObject\",\"inLanguage\":\"vi\",\"@id\":\"https:\/\/desireonline.shop\/vi\/san-pham\/behave-bo-kim-giu-dominate-tonight\/#primaryimage\",\"url\":\"https:\/\/desireonline.shop\/wp-content\/uploads\/2026\/02\/CN-632178902_00-scaled.jpg\",\"contentUrl\":\"https:\/\/desireonline.shop\/wp-content\/uploads\/2026\/02\/CN-632178902_00-scaled.jpg\",\"width\":2560,\"height\":2370},{\"@type\":\"BreadcrumbList\",\"@id\":\"https:\/\/desireonline.shop\/vi\/san-pham\/behave-bo-kim-giu-dominate-tonight\/#breadcrumb\",\"itemListElement\":[{\"@type\":\"ListItem\",\"position\":1,\"name\":\"Home\",\"item\":\"https:\/\/desireonline.shop\/vi\/trang-chu\/?lang=vi\"},{\"@type\":\"ListItem\",\"position\":2,\"name\":\"T\u1ea5t c\u1ea3 s\u1ea3n ph\u1ea9m\",\"item\":\"https:\/\/desireonline.shop\/cua-hang\/?lang=vi\"},{\"@type\":\"ListItem\",\"position\":3,\"name\":\"BEHAVE! B\u1ed9 k\u00ecm gi\u1eef Dominate Tonight\"}]},{\"@type\":\"WebSite\",\"@id\":\"https:\/\/desireonline.shop\/vi\/#website\",\"url\":\"https:\/\/desireonline.shop\/vi\/\",\"name\":\"Desire\",\"description\":\"Sexual Wellness Platform\",\"publisher\":{\"@id\":\"https:\/\/desireonline.shop\/vi\/#organization\"},\"potentialAction\":[{\"@type\":\"SearchAction\",\"target\":{\"@type\":\"EntryPoint\",\"urlTemplate\":\"https:\/\/desireonline.shop\/vi\/?s={search_term_string}\"},\"query-input\":{\"@type\":\"PropertyValueSpecification\",\"valueRequired\":true,\"valueName\":\"search_term_string\"}}],\"inLanguage\":\"vi\"},{\"@type\":\"Organization\",\"@id\":\"https:\/\/desireonline.shop\/vi\/#organization\",\"name\":\"Desire\",\"url\":\"https:\/\/desireonline.shop\/vi\/\",\"logo\":{\"@type\":\"ImageObject\",\"inLanguage\":\"vi\",\"@id\":\"https:\/\/desireonline.shop\/vi\/#\/schema\/logo\/image\/\",\"url\":\"https:\/\/desireonline.shop\/wp-content\/uploads\/2024\/06\/Logo-Thick-Font-1.webp\",\"contentUrl\":\"https:\/\/desireonline.shop\/wp-content\/uploads\/2024\/06\/Logo-Thick-Font-1.webp\",\"width\":268,\"height\":399,\"caption\":\"Desire\"},\"image\":{\"@id\":\"https:\/\/desireonline.shop\/vi\/#\/schema\/logo\/image\/\"}}]}<\/script>\n<!-- \/ Yoast SEO plugin. -->","yoast_head_json":{"title":"BEHAVE! B\u1ed9 k\u00ecm gi\u1eef Dominate Tonight - Desire","robots":{"index":"index","follow":"follow","max-snippet":"max-snippet:-1","max-image-preview":"max-image-preview:large","max-video-preview":"max-video-preview:-1"},"canonical":"https:\/\/desireonline.shop\/vi\/san-pham\/behave-bo-kim-giu-dominate-tonight\/","og_locale":"vi_VN","og_type":"article","og_title":"BEHAVE! B\u1ed9 k\u00ecm gi\u1eef Dominate Tonight - Desire","og_description":"B\u1ed9 k\u00ecm gi\u1eef c\u00f3 th\u1ec3 \u0111i\u1ec1u ch\u1ec9nh n\u00e0y t\u1eadp h\u1ee3p nh\u1eefng ph\u1ee5 ki\u1ec7n c\u1ea7n thi\u1ebft cho nh\u1eefng tr\u1ea3i nghi\u1ec7m s\u00e1ng t\u1ea1o v\u00e0 g\u1eafn k\u1ebft. \u0110\u01b0\u1ee3c thi\u1ebft k\u1ebf linh ho\u1ea1t v\u00e0&hellip;","og_url":"https:\/\/desireonline.shop\/vi\/san-pham\/behave-bo-kim-giu-dominate-tonight\/","og_site_name":"Desire","article_modified_time":"2026-03-10T05:40:04+00:00","og_image":[{"width":2560,"height":2370,"url":"https:\/\/desireonline.shop\/wp-content\/uploads\/2026\/02\/CN-632178902_00-scaled.jpg","type":"image\/jpeg"}],"twitter_card":"summary_large_image","twitter_misc":{"\u01af\u1edbc t\u00ednh th\u1eddi gian \u0111\u1ecdc":"1 ph\u00fat"},"schema":{"@context":"https:\/\/schema.org","@graph":[{"@type":"WebPage","@id":"https:\/\/desireonline.shop\/vi\/san-pham\/behave-bo-kim-giu-dominate-tonight\/","url":"https:\/\/desireonline.shop\/vi\/san-pham\/behave-bo-kim-giu-dominate-tonight\/","name":"BEHAVE! B\u1ed9 k\u00ecm gi\u1eef Dominate Tonight - Desire","isPartOf":{"@id":"https:\/\/desireonline.shop\/vi\/#website"},"primaryImageOfPage":{"@id":"https:\/\/desireonline.shop\/vi\/san-pham\/behave-bo-kim-giu-dominate-tonight\/#primaryimage"},"image":{"@id":"https:\/\/desireonline.shop\/vi\/san-pham\/behave-bo-kim-giu-dominate-tonight\/#primaryimage"},"thumbnailUrl":"https:\/\/desireonline.shop\/wp-content\/uploads\/2026\/02\/CN-632178902_00-scaled.jpg","datePublished":"2026-02-16T11:51:00+00:00","dateModified":"2026-03-10T05:40:04+00:00","breadcrumb":{"@id":"https:\/\/desireonline.shop\/vi\/san-pham\/behave-bo-kim-giu-dominate-tonight\/#breadcrumb"},"inLanguage":"vi","potentialAction":[{"@type":"ReadAction","target":["https:\/\/desireonline.shop\/vi\/san-pham\/behave-bo-kim-giu-dominate-tonight\/"]}]},{"@type":"ImageObject","inLanguage":"vi","@id":"https:\/\/desireonline.shop\/vi\/san-pham\/behave-bo-kim-giu-dominate-tonight\/#primaryimage","url":"https:\/\/desireonline.shop\/wp-content\/uploads\/2026\/02\/CN-632178902_00-scaled.jpg","contentUrl":"https:\/\/desireonline.shop\/wp-content\/uploads\/2026\/02\/CN-632178902_00-scaled.jpg","width":2560,"height":2370},{"@type":"BreadcrumbList","@id":"https:\/\/desireonline.shop\/vi\/san-pham\/behave-bo-kim-giu-dominate-tonight\/#breadcrumb","itemListElement":[{"@type":"ListItem","position":1,"name":"Home","item":"https:\/\/desireonline.shop\/vi\/trang-chu\/?lang=vi"},{"@type":"ListItem","position":2,"name":"T\u1ea5t c\u1ea3 s\u1ea3n ph\u1ea9m","item":"https:\/\/desireonline.shop\/cua-hang\/?lang=vi"},{"@type":"ListItem","position":3,"name":"BEHAVE! B\u1ed9 k\u00ecm gi\u1eef Dominate Tonight"}]},{"@type":"WebSite","@id":"https:\/\/desireonline.shop\/vi\/#website","url":"https:\/\/desireonline.shop\/vi\/","name":"Desire","description":"Sexual Wellness Platform","publisher":{"@id":"https:\/\/desireonline.shop\/vi\/#organization"},"potentialAction":[{"@type":"SearchAction","target":{"@type":"EntryPoint","urlTemplate":"https:\/\/desireonline.shop\/vi\/?s={search_term_string}"},"query-input":{"@type":"PropertyValueSpecification","valueRequired":true,"valueName":"search_term_string"}}],"inLanguage":"vi"},{"@type":"Organization","@id":"https:\/\/desireonline.shop\/vi\/#organization","name":"Desire","url":"https:\/\/desireonline.shop\/vi\/","logo":{"@type":"ImageObject","inLanguage":"vi","@id":"https:\/\/desireonline.shop\/vi\/#\/schema\/logo\/image\/","url":"https:\/\/desireonline.shop\/wp-content\/uploads\/2024\/06\/Logo-Thick-Font-1.webp","contentUrl":"https:\/\/desireonline.shop\/wp-content\/uploads\/2024\/06\/Logo-Thick-Font-1.webp","width":268,"height":399,"caption":"Desire"},"image":{"@id":"https:\/\/desireonline.shop\/vi\/#\/schema\/logo\/image\/"}}]}},"_links":{"self":[{"href":"https:\/\/desireonline.shop\/vi\/wp-json\/wp\/v2\/product\/66345","targetHints":{"allow":["GET"]}}],"collection":[{"href":"https:\/\/desireonline.shop\/vi\/wp-json\/wp\/v2\/product"}],"about":[{"href":"https:\/\/desireonline.shop\/vi\/wp-json\/wp\/v2\/types\/product"}],"replies":[{"embeddable":true,"href":"https:\/\/desireonline.shop\/vi\/wp-json\/wp\/v2\/comments?post=66345"}],"version-history":[{"count":0,"href":"https:\/\/desireonline.shop\/vi\/wp-json\/wp\/v2\/product\/66345\/revisions"}],"wp:featuredmedia":[{"embeddable":true,"href":"https:\/\/desireonline.shop\/vi\/wp-json\/wp\/v2\/media\/63187"}],"wp:attachment":[{"href":"https:\/\/desireonline.shop\/vi\/wp-json\/wp\/v2\/media?parent=66345"}],"wp:term":[{"taxonomy":"product_brand","embeddable":true,"href":"https:\/\/desireonline.shop\/vi\/wp-json\/wp\/v2\/product_brand?post=66345"},{"taxonomy":"product_cat","embeddable":true,"href":"https:\/\/desireonline.shop\/vi\/wp-json\/wp\/v2\/product_cat?post=66345"},{"taxonomy":"product_tag","embeddable":true,"href":"https:\/\/desireonline.shop\/vi\/wp-json\/wp\/v2\/product_tag?post=66345"}],"curies":[{"name":"wp","href":"https:\/\/api.w.org\/{rel}","templated":true}]}}