{"id":66400,"date":"2026-02-16T11:53:00","date_gmt":"2026-02-16T11:53:00","guid":{"rendered":"https:\/\/desireonline.shop\/product\/r-g-b-duong-vat-gia-strap-on-james-deen-lifelike-8-5\/"},"modified":"2026-03-10T05:39:16","modified_gmt":"2026-03-10T05:39:16","slug":"r-g-b-duong-vat-gia-strap-on-james-deen-lifelike-8-5","status":"publish","type":"product","link":"https:\/\/desireonline.shop\/vi\/san-pham\/r-g-b-duong-vat-gia-strap-on-james-deen-lifelike-8-5\/","title":{"rendered":"R.G.B D\u01b0\u01a1ng v\u1eadt gi\u1ea3 strap-on JAMES DEEN Lifelike 8.5"},"content":{"rendered":"<p>D\u01b0\u01a1ng v\u1eadt gi\u1ea3 strap-on ch\u00e2n th\u1eadt n\u00e0y \u0111\u01b0\u1ee3c thi\u1ebft k\u1ebf \u0111\u1ec3 mang l\u1ea1i c\u1ea3m gi\u00e1c ch\u1eafc ch\u1eafn v\u00e0 d\u1ec5 \u0111eo khi s\u1eed d\u1ee5ng. Thi\u1ebft k\u1ebf c\u00f3 th\u1ec3 \u0111i\u1ec1u ch\u1ec9nh gi\u00fap s\u1ea3n ph\u1ea9m ph\u00f9 h\u1ee3p v\u1edbi nhi\u1ec1u ki\u1ec3u c\u01a1 th\u1ec3 v\u00e0 s\u1edf th\u00edch kh\u00e1c nhau, mang l\u1ea1i s\u1ef1 linh ho\u1ea1t v\u00e0 tho\u1ea3i m\u00e1i.<\/p>\n<p>Ph\u00f9 h\u1ee3p cho c\u00e1c c\u1eb7p \u0111\u00f4i mu\u1ed1n kh\u00e1m ph\u00e1 nh\u1eefng tr\u1ea3i nghi\u1ec7m m\u1edbi c\u00f9ng nhau, s\u1ea3n ph\u1ea9m h\u1ed7 tr\u1ee3 s\u1ef1 k\u1ebft n\u1ed1i trong kh\u00f4ng kh\u00ed tho\u1ea3i m\u00e1i v\u00e0 kh\u00f4ng \u00e1p l\u1ef1c.<\/p>\n","protected":false},"excerpt":{"rendered":"<p>D\u01b0\u01a1ng v\u1eadt gi\u1ea3 strap-on ch\u00e2n th\u1eadt n\u00e0y \u0111\u01b0\u1ee3c thi\u1ebft k\u1ebf \u0111\u1ec3 mang l\u1ea1i c\u1ea3m gi\u00e1c ch\u1eafc ch\u1eafn v\u00e0 d\u1ec5 \u0111eo khi s\u1eed d\u1ee5ng. Thi\u1ebft k\u1ebf c\u00f3 th\u1ec3 \u0111i\u1ec1u ch\u1ec9nh gi\u00fap&hellip;<\/p>\n","protected":false},"featured_media":63266,"comment_status":"open","ping_status":"closed","template":"","meta":{"_acf_changed":false},"product_brand":[],"product_cat":[1373],"product_tag":[],"class_list":{"0":"post-66400","1":"product","2":"type-product","3":"status-publish","4":"has-post-thumbnail","6":"product_cat-duong-vat-gia-gan-deo","8":"first","9":"instock","10":"shipping-taxable","11":"purchasable","12":"product-type-simple"},"acf":[],"yoast_head":"<!-- This site is optimized with the Yoast SEO plugin v27.1.1 - https:\/\/yoast.com\/product\/yoast-seo-wordpress\/ -->\n<title>R.G.B D\u01b0\u01a1ng v\u1eadt gi\u1ea3 strap-on JAMES DEEN Lifelike 8.5 - Desire<\/title>\n<meta name=\"robots\" content=\"index, follow, max-snippet:-1, max-image-preview:large, max-video-preview:-1\" \/>\n<link rel=\"canonical\" href=\"https:\/\/desireonline.shop\/vi\/san-pham\/r-g-b-duong-vat-gia-strap-on-james-deen-lifelike-8-5\/\" \/>\n<meta property=\"og:locale\" content=\"vi_VN\" \/>\n<meta property=\"og:type\" content=\"article\" \/>\n<meta property=\"og:title\" content=\"R.G.B D\u01b0\u01a1ng v\u1eadt gi\u1ea3 strap-on JAMES DEEN Lifelike 8.5 - Desire\" \/>\n<meta property=\"og:description\" content=\"D\u01b0\u01a1ng v\u1eadt gi\u1ea3 strap-on ch\u00e2n th\u1eadt n\u00e0y \u0111\u01b0\u1ee3c thi\u1ebft k\u1ebf \u0111\u1ec3 mang l\u1ea1i c\u1ea3m gi\u00e1c ch\u1eafc ch\u1eafn v\u00e0 d\u1ec5 \u0111eo khi s\u1eed d\u1ee5ng. Thi\u1ebft k\u1ebf c\u00f3 th\u1ec3 \u0111i\u1ec1u ch\u1ec9nh gi\u00fap&hellip;\" \/>\n<meta property=\"og:url\" content=\"https:\/\/desireonline.shop\/vi\/san-pham\/r-g-b-duong-vat-gia-strap-on-james-deen-lifelike-8-5\/\" \/>\n<meta property=\"og:site_name\" content=\"Desire\" \/>\n<meta property=\"article:modified_time\" content=\"2026-03-10T05:39:16+00:00\" \/>\n<meta property=\"og:image\" content=\"https:\/\/desireonline.shop\/wp-content\/uploads\/2026\/02\/CN-522052307_00.jpg\" \/>\n\t<meta property=\"og:image:width\" content=\"1000\" \/>\n\t<meta property=\"og:image:height\" content=\"1000\" \/>\n\t<meta property=\"og:image:type\" content=\"image\/jpeg\" \/>\n<meta name=\"twitter:card\" content=\"summary_large_image\" \/>\n<meta name=\"twitter:label1\" content=\"\u01af\u1edbc t\u00ednh th\u1eddi gian \u0111\u1ecdc\" \/>\n\t<meta name=\"twitter:data1\" content=\"1 ph\u00fat\" \/>\n<script type=\"application\/ld+json\" class=\"yoast-schema-graph\">{\"@context\":\"https:\/\/schema.org\",\"@graph\":[{\"@type\":\"WebPage\",\"@id\":\"https:\/\/desireonline.shop\/vi\/san-pham\/r-g-b-duong-vat-gia-strap-on-james-deen-lifelike-8-5\/\",\"url\":\"https:\/\/desireonline.shop\/vi\/san-pham\/r-g-b-duong-vat-gia-strap-on-james-deen-lifelike-8-5\/\",\"name\":\"R.G.B D\u01b0\u01a1ng v\u1eadt gi\u1ea3 strap-on JAMES DEEN Lifelike 8.5 - Desire\",\"isPartOf\":{\"@id\":\"https:\/\/desireonline.shop\/vi\/#website\"},\"primaryImageOfPage\":{\"@id\":\"https:\/\/desireonline.shop\/vi\/san-pham\/r-g-b-duong-vat-gia-strap-on-james-deen-lifelike-8-5\/#primaryimage\"},\"image\":{\"@id\":\"https:\/\/desireonline.shop\/vi\/san-pham\/r-g-b-duong-vat-gia-strap-on-james-deen-lifelike-8-5\/#primaryimage\"},\"thumbnailUrl\":\"https:\/\/desireonline.shop\/wp-content\/uploads\/2026\/02\/CN-522052307_00.jpg\",\"datePublished\":\"2026-02-16T11:53:00+00:00\",\"dateModified\":\"2026-03-10T05:39:16+00:00\",\"breadcrumb\":{\"@id\":\"https:\/\/desireonline.shop\/vi\/san-pham\/r-g-b-duong-vat-gia-strap-on-james-deen-lifelike-8-5\/#breadcrumb\"},\"inLanguage\":\"vi\",\"potentialAction\":[{\"@type\":\"ReadAction\",\"target\":[\"https:\/\/desireonline.shop\/vi\/san-pham\/r-g-b-duong-vat-gia-strap-on-james-deen-lifelike-8-5\/\"]}]},{\"@type\":\"ImageObject\",\"inLanguage\":\"vi\",\"@id\":\"https:\/\/desireonline.shop\/vi\/san-pham\/r-g-b-duong-vat-gia-strap-on-james-deen-lifelike-8-5\/#primaryimage\",\"url\":\"https:\/\/desireonline.shop\/wp-content\/uploads\/2026\/02\/CN-522052307_00.jpg\",\"contentUrl\":\"https:\/\/desireonline.shop\/wp-content\/uploads\/2026\/02\/CN-522052307_00.jpg\",\"width\":1000,\"height\":1000},{\"@type\":\"BreadcrumbList\",\"@id\":\"https:\/\/desireonline.shop\/vi\/san-pham\/r-g-b-duong-vat-gia-strap-on-james-deen-lifelike-8-5\/#breadcrumb\",\"itemListElement\":[{\"@type\":\"ListItem\",\"position\":1,\"name\":\"Home\",\"item\":\"https:\/\/desireonline.shop\/vi\/trang-chu\/?lang=vi\"},{\"@type\":\"ListItem\",\"position\":2,\"name\":\"T\u1ea5t c\u1ea3 s\u1ea3n ph\u1ea9m\",\"item\":\"https:\/\/desireonline.shop\/cua-hang\/?lang=vi\"},{\"@type\":\"ListItem\",\"position\":3,\"name\":\"R.G.B D\u01b0\u01a1ng v\u1eadt gi\u1ea3 strap-on JAMES DEEN Lifelike 8.5\"}]},{\"@type\":\"WebSite\",\"@id\":\"https:\/\/desireonline.shop\/vi\/#website\",\"url\":\"https:\/\/desireonline.shop\/vi\/\",\"name\":\"Desire\",\"description\":\"Sexual Wellness Platform\",\"publisher\":{\"@id\":\"https:\/\/desireonline.shop\/vi\/#organization\"},\"potentialAction\":[{\"@type\":\"SearchAction\",\"target\":{\"@type\":\"EntryPoint\",\"urlTemplate\":\"https:\/\/desireonline.shop\/vi\/?s={search_term_string}\"},\"query-input\":{\"@type\":\"PropertyValueSpecification\",\"valueRequired\":true,\"valueName\":\"search_term_string\"}}],\"inLanguage\":\"vi\"},{\"@type\":\"Organization\",\"@id\":\"https:\/\/desireonline.shop\/vi\/#organization\",\"name\":\"Desire\",\"url\":\"https:\/\/desireonline.shop\/vi\/\",\"logo\":{\"@type\":\"ImageObject\",\"inLanguage\":\"vi\",\"@id\":\"https:\/\/desireonline.shop\/vi\/#\/schema\/logo\/image\/\",\"url\":\"https:\/\/desireonline.shop\/wp-content\/uploads\/2024\/06\/Logo-Thick-Font-1.webp\",\"contentUrl\":\"https:\/\/desireonline.shop\/wp-content\/uploads\/2024\/06\/Logo-Thick-Font-1.webp\",\"width\":268,\"height\":399,\"caption\":\"Desire\"},\"image\":{\"@id\":\"https:\/\/desireonline.shop\/vi\/#\/schema\/logo\/image\/\"}}]}<\/script>\n<!-- \/ Yoast SEO plugin. -->","yoast_head_json":{"title":"R.G.B D\u01b0\u01a1ng v\u1eadt gi\u1ea3 strap-on JAMES DEEN Lifelike 8.5 - Desire","robots":{"index":"index","follow":"follow","max-snippet":"max-snippet:-1","max-image-preview":"max-image-preview:large","max-video-preview":"max-video-preview:-1"},"canonical":"https:\/\/desireonline.shop\/vi\/san-pham\/r-g-b-duong-vat-gia-strap-on-james-deen-lifelike-8-5\/","og_locale":"vi_VN","og_type":"article","og_title":"R.G.B D\u01b0\u01a1ng v\u1eadt gi\u1ea3 strap-on JAMES DEEN Lifelike 8.5 - Desire","og_description":"D\u01b0\u01a1ng v\u1eadt gi\u1ea3 strap-on ch\u00e2n th\u1eadt n\u00e0y \u0111\u01b0\u1ee3c thi\u1ebft k\u1ebf \u0111\u1ec3 mang l\u1ea1i c\u1ea3m gi\u00e1c ch\u1eafc ch\u1eafn v\u00e0 d\u1ec5 \u0111eo khi s\u1eed d\u1ee5ng. Thi\u1ebft k\u1ebf c\u00f3 th\u1ec3 \u0111i\u1ec1u ch\u1ec9nh gi\u00fap&hellip;","og_url":"https:\/\/desireonline.shop\/vi\/san-pham\/r-g-b-duong-vat-gia-strap-on-james-deen-lifelike-8-5\/","og_site_name":"Desire","article_modified_time":"2026-03-10T05:39:16+00:00","og_image":[{"width":1000,"height":1000,"url":"https:\/\/desireonline.shop\/wp-content\/uploads\/2026\/02\/CN-522052307_00.jpg","type":"image\/jpeg"}],"twitter_card":"summary_large_image","twitter_misc":{"\u01af\u1edbc t\u00ednh th\u1eddi gian \u0111\u1ecdc":"1 ph\u00fat"},"schema":{"@context":"https:\/\/schema.org","@graph":[{"@type":"WebPage","@id":"https:\/\/desireonline.shop\/vi\/san-pham\/r-g-b-duong-vat-gia-strap-on-james-deen-lifelike-8-5\/","url":"https:\/\/desireonline.shop\/vi\/san-pham\/r-g-b-duong-vat-gia-strap-on-james-deen-lifelike-8-5\/","name":"R.G.B D\u01b0\u01a1ng v\u1eadt gi\u1ea3 strap-on JAMES DEEN Lifelike 8.5 - Desire","isPartOf":{"@id":"https:\/\/desireonline.shop\/vi\/#website"},"primaryImageOfPage":{"@id":"https:\/\/desireonline.shop\/vi\/san-pham\/r-g-b-duong-vat-gia-strap-on-james-deen-lifelike-8-5\/#primaryimage"},"image":{"@id":"https:\/\/desireonline.shop\/vi\/san-pham\/r-g-b-duong-vat-gia-strap-on-james-deen-lifelike-8-5\/#primaryimage"},"thumbnailUrl":"https:\/\/desireonline.shop\/wp-content\/uploads\/2026\/02\/CN-522052307_00.jpg","datePublished":"2026-02-16T11:53:00+00:00","dateModified":"2026-03-10T05:39:16+00:00","breadcrumb":{"@id":"https:\/\/desireonline.shop\/vi\/san-pham\/r-g-b-duong-vat-gia-strap-on-james-deen-lifelike-8-5\/#breadcrumb"},"inLanguage":"vi","potentialAction":[{"@type":"ReadAction","target":["https:\/\/desireonline.shop\/vi\/san-pham\/r-g-b-duong-vat-gia-strap-on-james-deen-lifelike-8-5\/"]}]},{"@type":"ImageObject","inLanguage":"vi","@id":"https:\/\/desireonline.shop\/vi\/san-pham\/r-g-b-duong-vat-gia-strap-on-james-deen-lifelike-8-5\/#primaryimage","url":"https:\/\/desireonline.shop\/wp-content\/uploads\/2026\/02\/CN-522052307_00.jpg","contentUrl":"https:\/\/desireonline.shop\/wp-content\/uploads\/2026\/02\/CN-522052307_00.jpg","width":1000,"height":1000},{"@type":"BreadcrumbList","@id":"https:\/\/desireonline.shop\/vi\/san-pham\/r-g-b-duong-vat-gia-strap-on-james-deen-lifelike-8-5\/#breadcrumb","itemListElement":[{"@type":"ListItem","position":1,"name":"Home","item":"https:\/\/desireonline.shop\/vi\/trang-chu\/?lang=vi"},{"@type":"ListItem","position":2,"name":"T\u1ea5t c\u1ea3 s\u1ea3n ph\u1ea9m","item":"https:\/\/desireonline.shop\/cua-hang\/?lang=vi"},{"@type":"ListItem","position":3,"name":"R.G.B D\u01b0\u01a1ng v\u1eadt gi\u1ea3 strap-on JAMES DEEN Lifelike 8.5"}]},{"@type":"WebSite","@id":"https:\/\/desireonline.shop\/vi\/#website","url":"https:\/\/desireonline.shop\/vi\/","name":"Desire","description":"Sexual Wellness Platform","publisher":{"@id":"https:\/\/desireonline.shop\/vi\/#organization"},"potentialAction":[{"@type":"SearchAction","target":{"@type":"EntryPoint","urlTemplate":"https:\/\/desireonline.shop\/vi\/?s={search_term_string}"},"query-input":{"@type":"PropertyValueSpecification","valueRequired":true,"valueName":"search_term_string"}}],"inLanguage":"vi"},{"@type":"Organization","@id":"https:\/\/desireonline.shop\/vi\/#organization","name":"Desire","url":"https:\/\/desireonline.shop\/vi\/","logo":{"@type":"ImageObject","inLanguage":"vi","@id":"https:\/\/desireonline.shop\/vi\/#\/schema\/logo\/image\/","url":"https:\/\/desireonline.shop\/wp-content\/uploads\/2024\/06\/Logo-Thick-Font-1.webp","contentUrl":"https:\/\/desireonline.shop\/wp-content\/uploads\/2024\/06\/Logo-Thick-Font-1.webp","width":268,"height":399,"caption":"Desire"},"image":{"@id":"https:\/\/desireonline.shop\/vi\/#\/schema\/logo\/image\/"}}]}},"_links":{"self":[{"href":"https:\/\/desireonline.shop\/vi\/wp-json\/wp\/v2\/product\/66400","targetHints":{"allow":["GET"]}}],"collection":[{"href":"https:\/\/desireonline.shop\/vi\/wp-json\/wp\/v2\/product"}],"about":[{"href":"https:\/\/desireonline.shop\/vi\/wp-json\/wp\/v2\/types\/product"}],"replies":[{"embeddable":true,"href":"https:\/\/desireonline.shop\/vi\/wp-json\/wp\/v2\/comments?post=66400"}],"version-history":[{"count":0,"href":"https:\/\/desireonline.shop\/vi\/wp-json\/wp\/v2\/product\/66400\/revisions"}],"wp:featuredmedia":[{"embeddable":true,"href":"https:\/\/desireonline.shop\/vi\/wp-json\/wp\/v2\/media\/63266"}],"wp:attachment":[{"href":"https:\/\/desireonline.shop\/vi\/wp-json\/wp\/v2\/media?parent=66400"}],"wp:term":[{"taxonomy":"product_brand","embeddable":true,"href":"https:\/\/desireonline.shop\/vi\/wp-json\/wp\/v2\/product_brand?post=66400"},{"taxonomy":"product_cat","embeddable":true,"href":"https:\/\/desireonline.shop\/vi\/wp-json\/wp\/v2\/product_cat?post=66400"},{"taxonomy":"product_tag","embeddable":true,"href":"https:\/\/desireonline.shop\/vi\/wp-json\/wp\/v2\/product_tag?post=66400"}],"curies":[{"name":"wp","href":"https:\/\/api.w.org\/{rel}","templated":true}]}}