{"id":66408,"date":"2026-02-16T11:53:00","date_gmt":"2026-02-16T11:53:00","guid":{"rendered":"https:\/\/desireonline.shop\/product\/r-g-b-duong-vat-gia-strap-on-kyle-korver-lifelike-8-5\/"},"modified":"2026-03-10T05:39:32","modified_gmt":"2026-03-10T05:39:32","slug":"r-g-b-duong-vat-gia-strap-on-kyle-korver-lifelike-8-5","status":"publish","type":"product","link":"https:\/\/desireonline.shop\/vi\/san-pham\/r-g-b-duong-vat-gia-strap-on-kyle-korver-lifelike-8-5\/","title":{"rendered":"R.G.B D\u01b0\u01a1ng v\u1eadt gi\u1ea3 strap-on Kyle Korver Lifelike 8.5"},"content":{"rendered":"<p>\u0110\u01b0\u1ee3c thi\u1ebft k\u1ebf v\u1edbi s\u1ef1 tho\u1ea3i m\u00e1i l\u00e0 \u01b0u ti\u00ean, d\u01b0\u01a1ng v\u1eadt gi\u1ea3 strap-on n\u00e0y c\u00f3 thi\u1ebft k\u1ebf c\u00f3 th\u1ec3 \u0111i\u1ec1u ch\u1ec9nh \u0111\u1ec3 th\u00edch nghi d\u1ec5 d\u00e0ng v\u1edbi c\u01a1 th\u1ec3. C\u1ea3m gi\u00e1c ch\u1eafc ch\u1eafn gi\u00fap b\u1ea1n t\u1ef1 tin kh\u00e1m ph\u00e1 trong tr\u1ea1ng th\u00e1i th\u01b0 gi\u00e3n.<\/p>\n<p>M\u1ed9t \u0111i\u1ec3m nh\u1ea5n vui nh\u1ed9n cho nh\u1eefng kho\u1ea3nh kh\u1eafc th\u00e2n m\u1eadt, s\u1ea3n ph\u1ea9m khuy\u1ebfn kh\u00edch s\u1ef1 t\u00f2 m\u00f2, giao ti\u1ebfp v\u00e0 kh\u00e1m ph\u00e1 chung gi\u1eefa c\u00e1c \u0111\u1ed1i t\u00e1c.<\/p>\n","protected":false},"excerpt":{"rendered":"<p>\u0110\u01b0\u1ee3c thi\u1ebft k\u1ebf v\u1edbi s\u1ef1 tho\u1ea3i m\u00e1i l\u00e0 \u01b0u ti\u00ean, d\u01b0\u01a1ng v\u1eadt gi\u1ea3 strap-on n\u00e0y c\u00f3 thi\u1ebft k\u1ebf c\u00f3 th\u1ec3 \u0111i\u1ec1u ch\u1ec9nh \u0111\u1ec3 th\u00edch nghi d\u1ec5 d\u00e0ng v\u1edbi c\u01a1 th\u1ec3.&hellip;<\/p>\n","protected":false},"featured_media":63247,"comment_status":"open","ping_status":"closed","template":"","meta":{"_acf_changed":false},"product_brand":[],"product_cat":[1373],"product_tag":[],"class_list":{"0":"post-66408","1":"product","2":"type-product","3":"status-publish","4":"has-post-thumbnail","6":"product_cat-duong-vat-gia-gan-deo","8":"first","9":"instock","10":"shipping-taxable","11":"purchasable","12":"product-type-simple"},"acf":[],"yoast_head":"<!-- This site is optimized with the Yoast SEO plugin v27.1.1 - https:\/\/yoast.com\/product\/yoast-seo-wordpress\/ -->\n<title>R.G.B D\u01b0\u01a1ng v\u1eadt gi\u1ea3 strap-on Kyle Korver Lifelike 8.5 - Desire<\/title>\n<meta name=\"robots\" content=\"index, follow, max-snippet:-1, max-image-preview:large, max-video-preview:-1\" \/>\n<link rel=\"canonical\" href=\"https:\/\/desireonline.shop\/vi\/san-pham\/r-g-b-duong-vat-gia-strap-on-kyle-korver-lifelike-8-5\/\" \/>\n<meta property=\"og:locale\" content=\"vi_VN\" \/>\n<meta property=\"og:type\" content=\"article\" \/>\n<meta property=\"og:title\" content=\"R.G.B D\u01b0\u01a1ng v\u1eadt gi\u1ea3 strap-on Kyle Korver Lifelike 8.5 - Desire\" \/>\n<meta property=\"og:description\" content=\"\u0110\u01b0\u1ee3c thi\u1ebft k\u1ebf v\u1edbi s\u1ef1 tho\u1ea3i m\u00e1i l\u00e0 \u01b0u ti\u00ean, d\u01b0\u01a1ng v\u1eadt gi\u1ea3 strap-on n\u00e0y c\u00f3 thi\u1ebft k\u1ebf c\u00f3 th\u1ec3 \u0111i\u1ec1u ch\u1ec9nh \u0111\u1ec3 th\u00edch nghi d\u1ec5 d\u00e0ng v\u1edbi c\u01a1 th\u1ec3.&hellip;\" \/>\n<meta property=\"og:url\" content=\"https:\/\/desireonline.shop\/vi\/san-pham\/r-g-b-duong-vat-gia-strap-on-kyle-korver-lifelike-8-5\/\" \/>\n<meta property=\"og:site_name\" content=\"Desire\" \/>\n<meta property=\"article:modified_time\" content=\"2026-03-10T05:39:32+00:00\" \/>\n<meta property=\"og:image\" content=\"https:\/\/desireonline.shop\/wp-content\/uploads\/2026\/02\/CN-474063574_00.jpg\" \/>\n\t<meta property=\"og:image:width\" content=\"1000\" \/>\n\t<meta property=\"og:image:height\" content=\"1000\" \/>\n\t<meta property=\"og:image:type\" content=\"image\/jpeg\" \/>\n<meta name=\"twitter:card\" content=\"summary_large_image\" \/>\n<meta name=\"twitter:label1\" content=\"\u01af\u1edbc t\u00ednh th\u1eddi gian \u0111\u1ecdc\" \/>\n\t<meta name=\"twitter:data1\" content=\"1 ph\u00fat\" \/>\n<script type=\"application\/ld+json\" class=\"yoast-schema-graph\">{\"@context\":\"https:\/\/schema.org\",\"@graph\":[{\"@type\":\"WebPage\",\"@id\":\"https:\/\/desireonline.shop\/vi\/san-pham\/r-g-b-duong-vat-gia-strap-on-kyle-korver-lifelike-8-5\/\",\"url\":\"https:\/\/desireonline.shop\/vi\/san-pham\/r-g-b-duong-vat-gia-strap-on-kyle-korver-lifelike-8-5\/\",\"name\":\"R.G.B D\u01b0\u01a1ng v\u1eadt gi\u1ea3 strap-on Kyle Korver Lifelike 8.5 - Desire\",\"isPartOf\":{\"@id\":\"https:\/\/desireonline.shop\/vi\/#website\"},\"primaryImageOfPage\":{\"@id\":\"https:\/\/desireonline.shop\/vi\/san-pham\/r-g-b-duong-vat-gia-strap-on-kyle-korver-lifelike-8-5\/#primaryimage\"},\"image\":{\"@id\":\"https:\/\/desireonline.shop\/vi\/san-pham\/r-g-b-duong-vat-gia-strap-on-kyle-korver-lifelike-8-5\/#primaryimage\"},\"thumbnailUrl\":\"https:\/\/desireonline.shop\/wp-content\/uploads\/2026\/02\/CN-474063574_00.jpg\",\"datePublished\":\"2026-02-16T11:53:00+00:00\",\"dateModified\":\"2026-03-10T05:39:32+00:00\",\"breadcrumb\":{\"@id\":\"https:\/\/desireonline.shop\/vi\/san-pham\/r-g-b-duong-vat-gia-strap-on-kyle-korver-lifelike-8-5\/#breadcrumb\"},\"inLanguage\":\"vi\",\"potentialAction\":[{\"@type\":\"ReadAction\",\"target\":[\"https:\/\/desireonline.shop\/vi\/san-pham\/r-g-b-duong-vat-gia-strap-on-kyle-korver-lifelike-8-5\/\"]}]},{\"@type\":\"ImageObject\",\"inLanguage\":\"vi\",\"@id\":\"https:\/\/desireonline.shop\/vi\/san-pham\/r-g-b-duong-vat-gia-strap-on-kyle-korver-lifelike-8-5\/#primaryimage\",\"url\":\"https:\/\/desireonline.shop\/wp-content\/uploads\/2026\/02\/CN-474063574_00.jpg\",\"contentUrl\":\"https:\/\/desireonline.shop\/wp-content\/uploads\/2026\/02\/CN-474063574_00.jpg\",\"width\":1000,\"height\":1000},{\"@type\":\"BreadcrumbList\",\"@id\":\"https:\/\/desireonline.shop\/vi\/san-pham\/r-g-b-duong-vat-gia-strap-on-kyle-korver-lifelike-8-5\/#breadcrumb\",\"itemListElement\":[{\"@type\":\"ListItem\",\"position\":1,\"name\":\"Home\",\"item\":\"https:\/\/desireonline.shop\/vi\/trang-chu\/?lang=vi\"},{\"@type\":\"ListItem\",\"position\":2,\"name\":\"T\u1ea5t c\u1ea3 s\u1ea3n ph\u1ea9m\",\"item\":\"https:\/\/desireonline.shop\/cua-hang\/?lang=vi\"},{\"@type\":\"ListItem\",\"position\":3,\"name\":\"R.G.B D\u01b0\u01a1ng v\u1eadt gi\u1ea3 strap-on Kyle Korver Lifelike 8.5\"}]},{\"@type\":\"WebSite\",\"@id\":\"https:\/\/desireonline.shop\/vi\/#website\",\"url\":\"https:\/\/desireonline.shop\/vi\/\",\"name\":\"Desire\",\"description\":\"Sexual Wellness Platform\",\"publisher\":{\"@id\":\"https:\/\/desireonline.shop\/vi\/#organization\"},\"potentialAction\":[{\"@type\":\"SearchAction\",\"target\":{\"@type\":\"EntryPoint\",\"urlTemplate\":\"https:\/\/desireonline.shop\/vi\/?s={search_term_string}\"},\"query-input\":{\"@type\":\"PropertyValueSpecification\",\"valueRequired\":true,\"valueName\":\"search_term_string\"}}],\"inLanguage\":\"vi\"},{\"@type\":\"Organization\",\"@id\":\"https:\/\/desireonline.shop\/vi\/#organization\",\"name\":\"Desire\",\"url\":\"https:\/\/desireonline.shop\/vi\/\",\"logo\":{\"@type\":\"ImageObject\",\"inLanguage\":\"vi\",\"@id\":\"https:\/\/desireonline.shop\/vi\/#\/schema\/logo\/image\/\",\"url\":\"https:\/\/desireonline.shop\/wp-content\/uploads\/2024\/06\/Logo-Thick-Font-1.webp\",\"contentUrl\":\"https:\/\/desireonline.shop\/wp-content\/uploads\/2024\/06\/Logo-Thick-Font-1.webp\",\"width\":268,\"height\":399,\"caption\":\"Desire\"},\"image\":{\"@id\":\"https:\/\/desireonline.shop\/vi\/#\/schema\/logo\/image\/\"}}]}<\/script>\n<!-- \/ Yoast SEO plugin. -->","yoast_head_json":{"title":"R.G.B D\u01b0\u01a1ng v\u1eadt gi\u1ea3 strap-on Kyle Korver Lifelike 8.5 - Desire","robots":{"index":"index","follow":"follow","max-snippet":"max-snippet:-1","max-image-preview":"max-image-preview:large","max-video-preview":"max-video-preview:-1"},"canonical":"https:\/\/desireonline.shop\/vi\/san-pham\/r-g-b-duong-vat-gia-strap-on-kyle-korver-lifelike-8-5\/","og_locale":"vi_VN","og_type":"article","og_title":"R.G.B D\u01b0\u01a1ng v\u1eadt gi\u1ea3 strap-on Kyle Korver Lifelike 8.5 - Desire","og_description":"\u0110\u01b0\u1ee3c thi\u1ebft k\u1ebf v\u1edbi s\u1ef1 tho\u1ea3i m\u00e1i l\u00e0 \u01b0u ti\u00ean, d\u01b0\u01a1ng v\u1eadt gi\u1ea3 strap-on n\u00e0y c\u00f3 thi\u1ebft k\u1ebf c\u00f3 th\u1ec3 \u0111i\u1ec1u ch\u1ec9nh \u0111\u1ec3 th\u00edch nghi d\u1ec5 d\u00e0ng v\u1edbi c\u01a1 th\u1ec3.&hellip;","og_url":"https:\/\/desireonline.shop\/vi\/san-pham\/r-g-b-duong-vat-gia-strap-on-kyle-korver-lifelike-8-5\/","og_site_name":"Desire","article_modified_time":"2026-03-10T05:39:32+00:00","og_image":[{"width":1000,"height":1000,"url":"https:\/\/desireonline.shop\/wp-content\/uploads\/2026\/02\/CN-474063574_00.jpg","type":"image\/jpeg"}],"twitter_card":"summary_large_image","twitter_misc":{"\u01af\u1edbc t\u00ednh th\u1eddi gian \u0111\u1ecdc":"1 ph\u00fat"},"schema":{"@context":"https:\/\/schema.org","@graph":[{"@type":"WebPage","@id":"https:\/\/desireonline.shop\/vi\/san-pham\/r-g-b-duong-vat-gia-strap-on-kyle-korver-lifelike-8-5\/","url":"https:\/\/desireonline.shop\/vi\/san-pham\/r-g-b-duong-vat-gia-strap-on-kyle-korver-lifelike-8-5\/","name":"R.G.B D\u01b0\u01a1ng v\u1eadt gi\u1ea3 strap-on Kyle Korver Lifelike 8.5 - Desire","isPartOf":{"@id":"https:\/\/desireonline.shop\/vi\/#website"},"primaryImageOfPage":{"@id":"https:\/\/desireonline.shop\/vi\/san-pham\/r-g-b-duong-vat-gia-strap-on-kyle-korver-lifelike-8-5\/#primaryimage"},"image":{"@id":"https:\/\/desireonline.shop\/vi\/san-pham\/r-g-b-duong-vat-gia-strap-on-kyle-korver-lifelike-8-5\/#primaryimage"},"thumbnailUrl":"https:\/\/desireonline.shop\/wp-content\/uploads\/2026\/02\/CN-474063574_00.jpg","datePublished":"2026-02-16T11:53:00+00:00","dateModified":"2026-03-10T05:39:32+00:00","breadcrumb":{"@id":"https:\/\/desireonline.shop\/vi\/san-pham\/r-g-b-duong-vat-gia-strap-on-kyle-korver-lifelike-8-5\/#breadcrumb"},"inLanguage":"vi","potentialAction":[{"@type":"ReadAction","target":["https:\/\/desireonline.shop\/vi\/san-pham\/r-g-b-duong-vat-gia-strap-on-kyle-korver-lifelike-8-5\/"]}]},{"@type":"ImageObject","inLanguage":"vi","@id":"https:\/\/desireonline.shop\/vi\/san-pham\/r-g-b-duong-vat-gia-strap-on-kyle-korver-lifelike-8-5\/#primaryimage","url":"https:\/\/desireonline.shop\/wp-content\/uploads\/2026\/02\/CN-474063574_00.jpg","contentUrl":"https:\/\/desireonline.shop\/wp-content\/uploads\/2026\/02\/CN-474063574_00.jpg","width":1000,"height":1000},{"@type":"BreadcrumbList","@id":"https:\/\/desireonline.shop\/vi\/san-pham\/r-g-b-duong-vat-gia-strap-on-kyle-korver-lifelike-8-5\/#breadcrumb","itemListElement":[{"@type":"ListItem","position":1,"name":"Home","item":"https:\/\/desireonline.shop\/vi\/trang-chu\/?lang=vi"},{"@type":"ListItem","position":2,"name":"T\u1ea5t c\u1ea3 s\u1ea3n ph\u1ea9m","item":"https:\/\/desireonline.shop\/cua-hang\/?lang=vi"},{"@type":"ListItem","position":3,"name":"R.G.B D\u01b0\u01a1ng v\u1eadt gi\u1ea3 strap-on Kyle Korver Lifelike 8.5"}]},{"@type":"WebSite","@id":"https:\/\/desireonline.shop\/vi\/#website","url":"https:\/\/desireonline.shop\/vi\/","name":"Desire","description":"Sexual Wellness Platform","publisher":{"@id":"https:\/\/desireonline.shop\/vi\/#organization"},"potentialAction":[{"@type":"SearchAction","target":{"@type":"EntryPoint","urlTemplate":"https:\/\/desireonline.shop\/vi\/?s={search_term_string}"},"query-input":{"@type":"PropertyValueSpecification","valueRequired":true,"valueName":"search_term_string"}}],"inLanguage":"vi"},{"@type":"Organization","@id":"https:\/\/desireonline.shop\/vi\/#organization","name":"Desire","url":"https:\/\/desireonline.shop\/vi\/","logo":{"@type":"ImageObject","inLanguage":"vi","@id":"https:\/\/desireonline.shop\/vi\/#\/schema\/logo\/image\/","url":"https:\/\/desireonline.shop\/wp-content\/uploads\/2024\/06\/Logo-Thick-Font-1.webp","contentUrl":"https:\/\/desireonline.shop\/wp-content\/uploads\/2024\/06\/Logo-Thick-Font-1.webp","width":268,"height":399,"caption":"Desire"},"image":{"@id":"https:\/\/desireonline.shop\/vi\/#\/schema\/logo\/image\/"}}]}},"_links":{"self":[{"href":"https:\/\/desireonline.shop\/vi\/wp-json\/wp\/v2\/product\/66408","targetHints":{"allow":["GET"]}}],"collection":[{"href":"https:\/\/desireonline.shop\/vi\/wp-json\/wp\/v2\/product"}],"about":[{"href":"https:\/\/desireonline.shop\/vi\/wp-json\/wp\/v2\/types\/product"}],"replies":[{"embeddable":true,"href":"https:\/\/desireonline.shop\/vi\/wp-json\/wp\/v2\/comments?post=66408"}],"version-history":[{"count":0,"href":"https:\/\/desireonline.shop\/vi\/wp-json\/wp\/v2\/product\/66408\/revisions"}],"wp:featuredmedia":[{"embeddable":true,"href":"https:\/\/desireonline.shop\/vi\/wp-json\/wp\/v2\/media\/63247"}],"wp:attachment":[{"href":"https:\/\/desireonline.shop\/vi\/wp-json\/wp\/v2\/media?parent=66408"}],"wp:term":[{"taxonomy":"product_brand","embeddable":true,"href":"https:\/\/desireonline.shop\/vi\/wp-json\/wp\/v2\/product_brand?post=66408"},{"taxonomy":"product_cat","embeddable":true,"href":"https:\/\/desireonline.shop\/vi\/wp-json\/wp\/v2\/product_cat?post=66408"},{"taxonomy":"product_tag","embeddable":true,"href":"https:\/\/desireonline.shop\/vi\/wp-json\/wp\/v2\/product_tag?post=66408"}],"curies":[{"name":"wp","href":"https:\/\/api.w.org\/{rel}","templated":true}]}}