{"id":66491,"date":"2026-02-17T11:09:05","date_gmt":"2026-02-17T11:09:05","guid":{"rendered":"https:\/\/desireonline.shop\/product\/real-touchs-may-rung-classic-realistic\/"},"modified":"2026-03-10T05:36:53","modified_gmt":"2026-03-10T05:36:53","slug":"real-touchs-may-rung-classic-realistic","status":"publish","type":"product","link":"https:\/\/desireonline.shop\/vi\/san-pham\/real-touchs-may-rung-classic-realistic\/","title":{"rendered":"Real-TouchS M\u00e1y rung Classic Realistic"},"content":{"rendered":"<p>\u0110\u01b0\u1ee3c thi\u1ebft k\u1ebf \u0111\u1ec3 mang l\u1ea1i c\u1ea3m gi\u00e1c t\u1ef1 nhi\u00ean v\u00e0 th\u1ecfa m\u00e3n, m\u00e1y rung ki\u1ec3u d\u00e1ng ch\u00e2n th\u1ef1c n\u00e0y c\u00f3 b\u1ec1 m\u1eb7t m\u1ecbn, s\u1ed1ng \u0111\u1ed9ng k\u1ebft h\u1ee3p v\u1edbi nhi\u1ec1u ch\u1ebf \u0111\u1ed9 rung kh\u00e1c nhau \u0111\u1ec3 ph\u00f9 h\u1ee3p v\u1edbi nhi\u1ec1u tr\u1ea1ng th\u00e1i c\u1ea3m x\u00fac. H\u00ecnh d\u00e1ng tho\u1ea3i m\u00e1i gi\u00fap b\u1ea1n d\u1ec5 d\u00e0ng th\u01b0 gi\u00e3n v\u00e0o c\u1ea3m gi\u00e1c v\u00e0 t\u1eadn h\u01b0\u1edfng s\u1ef1 k\u00edch th\u00edch t\u1eadp trung.<\/p>\n<p>Kh\u1ea3 n\u0103ng ch\u1ed1ng n\u01b0\u1edbc gi\u00fap t\u0103ng t\u00ednh linh ho\u1ea1t, ph\u00f9 h\u1ee3p s\u1eed d\u1ee5ng trong ho\u1eb7c ngo\u00e0i b\u1ed3n t\u1eafm v\u00e0 d\u1ec5 d\u00e0ng v\u1ec7 sinh sau khi s\u1eed d\u1ee5ng. \u0110\u01b0\u1ee3c l\u00e0m t\u1eeb ch\u1ea5t li\u1ec7u kh\u00f4ng ch\u1ee9a phthalate v\u00e0 latex, \u0111\u00e2y l\u00e0 l\u1ef1a ch\u1ecdn \u0111\u00e1ng tin c\u1eady cho nh\u1eefng tr\u1ea3i nghi\u1ec7m c\u00e1 nh\u00e2n khi b\u1ea1n mu\u1ed1n c\u1ea3m gi\u00e1c ch\u00e2n th\u1ef1c k\u1ebft h\u1ee3p v\u1edbi rung \u0111\u1ed9ng.<\/p>\n","protected":false},"excerpt":{"rendered":"<p>\u0110\u01b0\u1ee3c thi\u1ebft k\u1ebf \u0111\u1ec3 mang l\u1ea1i c\u1ea3m gi\u00e1c t\u1ef1 nhi\u00ean v\u00e0 th\u1ecfa m\u00e3n, m\u00e1y rung ki\u1ec3u d\u00e1ng ch\u00e2n th\u1ef1c n\u00e0y c\u00f3 b\u1ec1 m\u1eb7t m\u1ecbn, s\u1ed1ng \u0111\u1ed9ng k\u1ebft h\u1ee3p v\u1edbi nhi\u1ec1u&hellip;<\/p>\n","protected":false},"featured_media":65568,"comment_status":"open","ping_status":"closed","template":"","meta":{"_acf_changed":false},"product_brand":[],"product_cat":[1341,1429,1425],"product_tag":[],"class_list":{"0":"post-66491","1":"product","2":"type-product","3":"status-publish","4":"has-post-thumbnail","6":"product_cat-for-men","7":"product_cat-duong-vat-gia-co-rung","8":"product_cat-duong-vat-gia-thuc-te","10":"first","11":"instock","12":"shipping-taxable","13":"purchasable","14":"product-type-variable"},"acf":[],"yoast_head":"<!-- This site is optimized with the Yoast SEO plugin v27.1.1 - https:\/\/yoast.com\/product\/yoast-seo-wordpress\/ -->\n<title>Real-TouchS M\u00e1y rung Classic Realistic - Desire<\/title>\n<meta name=\"robots\" content=\"index, follow, max-snippet:-1, max-image-preview:large, max-video-preview:-1\" \/>\n<link rel=\"canonical\" href=\"https:\/\/desireonline.shop\/vi\/san-pham\/real-touchs-may-rung-classic-realistic\/\" \/>\n<meta property=\"og:locale\" content=\"vi_VN\" \/>\n<meta property=\"og:type\" content=\"article\" \/>\n<meta property=\"og:title\" content=\"Real-TouchS M\u00e1y rung Classic Realistic - Desire\" \/>\n<meta property=\"og:description\" content=\"\u0110\u01b0\u1ee3c thi\u1ebft k\u1ebf \u0111\u1ec3 mang l\u1ea1i c\u1ea3m gi\u00e1c t\u1ef1 nhi\u00ean v\u00e0 th\u1ecfa m\u00e3n, m\u00e1y rung ki\u1ec3u d\u00e1ng ch\u00e2n th\u1ef1c n\u00e0y c\u00f3 b\u1ec1 m\u1eb7t m\u1ecbn, s\u1ed1ng \u0111\u1ed9ng k\u1ebft h\u1ee3p v\u1edbi nhi\u1ec1u&hellip;\" \/>\n<meta property=\"og:url\" content=\"https:\/\/desireonline.shop\/vi\/san-pham\/real-touchs-may-rung-classic-realistic\/\" \/>\n<meta property=\"og:site_name\" content=\"Desire\" \/>\n<meta property=\"article:modified_time\" content=\"2026-03-10T05:36:53+00:00\" \/>\n<meta property=\"og:image\" content=\"https:\/\/desireonline.shop\/wp-content\/uploads\/2026\/02\/CN-101847670_01-4.jpg\" \/>\n\t<meta property=\"og:image:width\" content=\"1000\" \/>\n\t<meta property=\"og:image:height\" content=\"1000\" \/>\n\t<meta property=\"og:image:type\" content=\"image\/jpeg\" \/>\n<meta name=\"twitter:card\" content=\"summary_large_image\" \/>\n<meta name=\"twitter:label1\" content=\"\u01af\u1edbc t\u00ednh th\u1eddi gian \u0111\u1ecdc\" \/>\n\t<meta name=\"twitter:data1\" content=\"1 ph\u00fat\" \/>\n<script type=\"application\/ld+json\" class=\"yoast-schema-graph\">{\"@context\":\"https:\/\/schema.org\",\"@graph\":[{\"@type\":\"WebPage\",\"@id\":\"https:\/\/desireonline.shop\/vi\/san-pham\/real-touchs-may-rung-classic-realistic\/\",\"url\":\"https:\/\/desireonline.shop\/vi\/san-pham\/real-touchs-may-rung-classic-realistic\/\",\"name\":\"Real-TouchS M\u00e1y rung Classic Realistic - Desire\",\"isPartOf\":{\"@id\":\"https:\/\/desireonline.shop\/vi\/#website\"},\"primaryImageOfPage\":{\"@id\":\"https:\/\/desireonline.shop\/vi\/san-pham\/real-touchs-may-rung-classic-realistic\/#primaryimage\"},\"image\":{\"@id\":\"https:\/\/desireonline.shop\/vi\/san-pham\/real-touchs-may-rung-classic-realistic\/#primaryimage\"},\"thumbnailUrl\":\"https:\/\/desireonline.shop\/wp-content\/uploads\/2026\/02\/CN-101847670_01-4.jpg\",\"datePublished\":\"2026-02-17T11:09:05+00:00\",\"dateModified\":\"2026-03-10T05:36:53+00:00\",\"breadcrumb\":{\"@id\":\"https:\/\/desireonline.shop\/vi\/san-pham\/real-touchs-may-rung-classic-realistic\/#breadcrumb\"},\"inLanguage\":\"vi\",\"potentialAction\":[{\"@type\":\"ReadAction\",\"target\":[\"https:\/\/desireonline.shop\/vi\/san-pham\/real-touchs-may-rung-classic-realistic\/\"]}]},{\"@type\":\"ImageObject\",\"inLanguage\":\"vi\",\"@id\":\"https:\/\/desireonline.shop\/vi\/san-pham\/real-touchs-may-rung-classic-realistic\/#primaryimage\",\"url\":\"https:\/\/desireonline.shop\/wp-content\/uploads\/2026\/02\/CN-101847670_01-4.jpg\",\"contentUrl\":\"https:\/\/desireonline.shop\/wp-content\/uploads\/2026\/02\/CN-101847670_01-4.jpg\",\"width\":1000,\"height\":1000},{\"@type\":\"BreadcrumbList\",\"@id\":\"https:\/\/desireonline.shop\/vi\/san-pham\/real-touchs-may-rung-classic-realistic\/#breadcrumb\",\"itemListElement\":[{\"@type\":\"ListItem\",\"position\":1,\"name\":\"Home\",\"item\":\"https:\/\/desireonline.shop\/vi\/trang-chu\/?lang=vi\"},{\"@type\":\"ListItem\",\"position\":2,\"name\":\"T\u1ea5t c\u1ea3 s\u1ea3n ph\u1ea9m\",\"item\":\"https:\/\/desireonline.shop\/cua-hang\/?lang=vi\"},{\"@type\":\"ListItem\",\"position\":3,\"name\":\"Real-TouchS M\u00e1y rung Classic Realistic\"}]},{\"@type\":\"WebSite\",\"@id\":\"https:\/\/desireonline.shop\/vi\/#website\",\"url\":\"https:\/\/desireonline.shop\/vi\/\",\"name\":\"Desire\",\"description\":\"Sexual Wellness Platform\",\"publisher\":{\"@id\":\"https:\/\/desireonline.shop\/vi\/#organization\"},\"potentialAction\":[{\"@type\":\"SearchAction\",\"target\":{\"@type\":\"EntryPoint\",\"urlTemplate\":\"https:\/\/desireonline.shop\/vi\/?s={search_term_string}\"},\"query-input\":{\"@type\":\"PropertyValueSpecification\",\"valueRequired\":true,\"valueName\":\"search_term_string\"}}],\"inLanguage\":\"vi\"},{\"@type\":\"Organization\",\"@id\":\"https:\/\/desireonline.shop\/vi\/#organization\",\"name\":\"Desire\",\"url\":\"https:\/\/desireonline.shop\/vi\/\",\"logo\":{\"@type\":\"ImageObject\",\"inLanguage\":\"vi\",\"@id\":\"https:\/\/desireonline.shop\/vi\/#\/schema\/logo\/image\/\",\"url\":\"https:\/\/desireonline.shop\/wp-content\/uploads\/2024\/06\/Logo-Thick-Font-1.webp\",\"contentUrl\":\"https:\/\/desireonline.shop\/wp-content\/uploads\/2024\/06\/Logo-Thick-Font-1.webp\",\"width\":268,\"height\":399,\"caption\":\"Desire\"},\"image\":{\"@id\":\"https:\/\/desireonline.shop\/vi\/#\/schema\/logo\/image\/\"}}]}<\/script>\n<!-- \/ Yoast SEO plugin. -->","yoast_head_json":{"title":"Real-TouchS M\u00e1y rung Classic Realistic - Desire","robots":{"index":"index","follow":"follow","max-snippet":"max-snippet:-1","max-image-preview":"max-image-preview:large","max-video-preview":"max-video-preview:-1"},"canonical":"https:\/\/desireonline.shop\/vi\/san-pham\/real-touchs-may-rung-classic-realistic\/","og_locale":"vi_VN","og_type":"article","og_title":"Real-TouchS M\u00e1y rung Classic Realistic - Desire","og_description":"\u0110\u01b0\u1ee3c thi\u1ebft k\u1ebf \u0111\u1ec3 mang l\u1ea1i c\u1ea3m gi\u00e1c t\u1ef1 nhi\u00ean v\u00e0 th\u1ecfa m\u00e3n, m\u00e1y rung ki\u1ec3u d\u00e1ng ch\u00e2n th\u1ef1c n\u00e0y c\u00f3 b\u1ec1 m\u1eb7t m\u1ecbn, s\u1ed1ng \u0111\u1ed9ng k\u1ebft h\u1ee3p v\u1edbi nhi\u1ec1u&hellip;","og_url":"https:\/\/desireonline.shop\/vi\/san-pham\/real-touchs-may-rung-classic-realistic\/","og_site_name":"Desire","article_modified_time":"2026-03-10T05:36:53+00:00","og_image":[{"width":1000,"height":1000,"url":"https:\/\/desireonline.shop\/wp-content\/uploads\/2026\/02\/CN-101847670_01-4.jpg","type":"image\/jpeg"}],"twitter_card":"summary_large_image","twitter_misc":{"\u01af\u1edbc t\u00ednh th\u1eddi gian \u0111\u1ecdc":"1 ph\u00fat"},"schema":{"@context":"https:\/\/schema.org","@graph":[{"@type":"WebPage","@id":"https:\/\/desireonline.shop\/vi\/san-pham\/real-touchs-may-rung-classic-realistic\/","url":"https:\/\/desireonline.shop\/vi\/san-pham\/real-touchs-may-rung-classic-realistic\/","name":"Real-TouchS M\u00e1y rung Classic Realistic - Desire","isPartOf":{"@id":"https:\/\/desireonline.shop\/vi\/#website"},"primaryImageOfPage":{"@id":"https:\/\/desireonline.shop\/vi\/san-pham\/real-touchs-may-rung-classic-realistic\/#primaryimage"},"image":{"@id":"https:\/\/desireonline.shop\/vi\/san-pham\/real-touchs-may-rung-classic-realistic\/#primaryimage"},"thumbnailUrl":"https:\/\/desireonline.shop\/wp-content\/uploads\/2026\/02\/CN-101847670_01-4.jpg","datePublished":"2026-02-17T11:09:05+00:00","dateModified":"2026-03-10T05:36:53+00:00","breadcrumb":{"@id":"https:\/\/desireonline.shop\/vi\/san-pham\/real-touchs-may-rung-classic-realistic\/#breadcrumb"},"inLanguage":"vi","potentialAction":[{"@type":"ReadAction","target":["https:\/\/desireonline.shop\/vi\/san-pham\/real-touchs-may-rung-classic-realistic\/"]}]},{"@type":"ImageObject","inLanguage":"vi","@id":"https:\/\/desireonline.shop\/vi\/san-pham\/real-touchs-may-rung-classic-realistic\/#primaryimage","url":"https:\/\/desireonline.shop\/wp-content\/uploads\/2026\/02\/CN-101847670_01-4.jpg","contentUrl":"https:\/\/desireonline.shop\/wp-content\/uploads\/2026\/02\/CN-101847670_01-4.jpg","width":1000,"height":1000},{"@type":"BreadcrumbList","@id":"https:\/\/desireonline.shop\/vi\/san-pham\/real-touchs-may-rung-classic-realistic\/#breadcrumb","itemListElement":[{"@type":"ListItem","position":1,"name":"Home","item":"https:\/\/desireonline.shop\/vi\/trang-chu\/?lang=vi"},{"@type":"ListItem","position":2,"name":"T\u1ea5t c\u1ea3 s\u1ea3n ph\u1ea9m","item":"https:\/\/desireonline.shop\/cua-hang\/?lang=vi"},{"@type":"ListItem","position":3,"name":"Real-TouchS M\u00e1y rung Classic Realistic"}]},{"@type":"WebSite","@id":"https:\/\/desireonline.shop\/vi\/#website","url":"https:\/\/desireonline.shop\/vi\/","name":"Desire","description":"Sexual Wellness Platform","publisher":{"@id":"https:\/\/desireonline.shop\/vi\/#organization"},"potentialAction":[{"@type":"SearchAction","target":{"@type":"EntryPoint","urlTemplate":"https:\/\/desireonline.shop\/vi\/?s={search_term_string}"},"query-input":{"@type":"PropertyValueSpecification","valueRequired":true,"valueName":"search_term_string"}}],"inLanguage":"vi"},{"@type":"Organization","@id":"https:\/\/desireonline.shop\/vi\/#organization","name":"Desire","url":"https:\/\/desireonline.shop\/vi\/","logo":{"@type":"ImageObject","inLanguage":"vi","@id":"https:\/\/desireonline.shop\/vi\/#\/schema\/logo\/image\/","url":"https:\/\/desireonline.shop\/wp-content\/uploads\/2024\/06\/Logo-Thick-Font-1.webp","contentUrl":"https:\/\/desireonline.shop\/wp-content\/uploads\/2024\/06\/Logo-Thick-Font-1.webp","width":268,"height":399,"caption":"Desire"},"image":{"@id":"https:\/\/desireonline.shop\/vi\/#\/schema\/logo\/image\/"}}]}},"_links":{"self":[{"href":"https:\/\/desireonline.shop\/vi\/wp-json\/wp\/v2\/product\/66491","targetHints":{"allow":["GET"]}}],"collection":[{"href":"https:\/\/desireonline.shop\/vi\/wp-json\/wp\/v2\/product"}],"about":[{"href":"https:\/\/desireonline.shop\/vi\/wp-json\/wp\/v2\/types\/product"}],"replies":[{"embeddable":true,"href":"https:\/\/desireonline.shop\/vi\/wp-json\/wp\/v2\/comments?post=66491"}],"version-history":[{"count":0,"href":"https:\/\/desireonline.shop\/vi\/wp-json\/wp\/v2\/product\/66491\/revisions"}],"wp:featuredmedia":[{"embeddable":true,"href":"https:\/\/desireonline.shop\/vi\/wp-json\/wp\/v2\/media\/65568"}],"wp:attachment":[{"href":"https:\/\/desireonline.shop\/vi\/wp-json\/wp\/v2\/media?parent=66491"}],"wp:term":[{"taxonomy":"product_brand","embeddable":true,"href":"https:\/\/desireonline.shop\/vi\/wp-json\/wp\/v2\/product_brand?post=66491"},{"taxonomy":"product_cat","embeddable":true,"href":"https:\/\/desireonline.shop\/vi\/wp-json\/wp\/v2\/product_cat?post=66491"},{"taxonomy":"product_tag","embeddable":true,"href":"https:\/\/desireonline.shop\/vi\/wp-json\/wp\/v2\/product_tag?post=66491"}],"curies":[{"name":"wp","href":"https:\/\/api.w.org\/{rel}","templated":true}]}}