{"id":66511,"date":"2026-02-16T11:16:00","date_gmt":"2026-02-16T11:16:00","guid":{"rendered":"https:\/\/desireonline.shop\/product\/didi-the-real-deal-duong-vat-gia\/"},"modified":"2026-03-10T05:29:31","modified_gmt":"2026-03-10T05:29:31","slug":"didi-the-real-deal-duong-vat-gia","status":"publish","type":"product","link":"https:\/\/desireonline.shop\/vi\/san-pham\/didi-the-real-deal-duong-vat-gia\/","title":{"rendered":"didi The Real Deal D\u01b0\u01a1ng v\u1eadt gi\u1ea3"},"content":{"rendered":"<p>\u0110\u01b0\u1ee3c thi\u1ebft k\u1ebf \u0111\u1ec3 mang l\u1ea1i c\u1ea3m gi\u00e1c ch\u00e2n th\u1ef1c v\u00e0 \u0111\u00e1ng tin c\u1eady, d\u01b0\u01a1ng v\u1eadt gi\u1ea3 m\u1eadt \u0111\u1ed9 k\u00e9p n\u00e0y k\u1ebft h\u1ee3p l\u00f5i b\u00ean trong ch\u1eafc ch\u1eafn v\u1edbi l\u1edbp ngo\u00e0i m\u1ec1m m\u1ea1i \u0111\u1ec3 t\u1ea1o c\u1ea3m gi\u00e1c t\u1ef1 nhi\u00ean v\u00e0 tho\u1ea3i m\u00e1i. H\u00ecnh d\u00e1ng m\u01b0\u1ee3t m\u00e0 gi\u00fap b\u1ea1n d\u1ec5 d\u00e0ng th\u01b0 gi\u00e3n v\u00e0o tr\u1ea3i nghi\u1ec7m v\u00e0 t\u1eadn h\u01b0\u1edfng s\u1ef1 k\u00edch th\u00edch \u1ed5n \u0111\u1ecbnh.<\/p>\n<p>B\u1ed9 \u0111i\u1ec1u khi\u1ec3n c\u00f3 th\u1ec3 th\u00e1o r\u1eddi gi\u00fap vi\u1ec7c s\u1eed d\u1ee5ng tr\u1edf n\u00ean \u0111\u01a1n gi\u1ea3n v\u00e0 tr\u1ef1c quan, cho ph\u00e9p b\u1ea1n t\u1eadp trung ho\u00e0n to\u00e0n v\u00e0o c\u1ea3m gi\u00e1c. M\u1ed9t l\u1ef1a ch\u1ecdn \u0111\u01a1n gi\u1ea3n cho nh\u1eefng ai y\u00eau th\u00edch s\u1ef1 ch\u00e2n th\u1ef1c m\u00e0 kh\u00f4ng c\u1ea7n th\u00eam s\u1ef1 ph\u1ee9c t\u1ea1p.<\/p>\n","protected":false},"excerpt":{"rendered":"<p>\u0110\u01b0\u1ee3c thi\u1ebft k\u1ebf \u0111\u1ec3 mang l\u1ea1i c\u1ea3m gi\u00e1c ch\u00e2n th\u1ef1c v\u00e0 \u0111\u00e1ng tin c\u1eady, d\u01b0\u01a1ng v\u1eadt gi\u1ea3 m\u1eadt \u0111\u1ed9 k\u00e9p n\u00e0y k\u1ebft h\u1ee3p l\u00f5i b\u00ean trong ch\u1eafc ch\u1eafn v\u1edbi l\u1edbp&hellip;<\/p>\n","protected":false},"featured_media":62082,"comment_status":"open","ping_status":"closed","template":"","meta":{"_acf_changed":false},"product_brand":[],"product_cat":[1341,1426,1425,1427],"product_tag":[],"class_list":{"0":"post-66511","1":"product","2":"type-product","3":"status-publish","4":"has-post-thumbnail","6":"product_cat-for-men","7":"product_cat-duong-vat-gia-gan-deo","8":"product_cat-duong-vat-gia-thuc-te","9":"product_cat-tuong-thich-voi-day-deo-duong-vat-gia-gan-deo-mang-den-da-dang-hinh-dang-kich-thuoc-va-cam-giac-cho-trai-nghiem-chung","11":"first","12":"instock","13":"shipping-taxable","14":"purchasable","15":"product-type-simple"},"acf":[],"yoast_head":"<!-- This site is optimized with the Yoast SEO plugin v27.1.1 - https:\/\/yoast.com\/product\/yoast-seo-wordpress\/ -->\n<title>didi The Real Deal D\u01b0\u01a1ng v\u1eadt gi\u1ea3 - Desire<\/title>\n<meta name=\"robots\" content=\"index, follow, max-snippet:-1, max-image-preview:large, max-video-preview:-1\" \/>\n<link rel=\"canonical\" href=\"https:\/\/desireonline.shop\/vi\/san-pham\/didi-the-real-deal-duong-vat-gia\/\" \/>\n<meta property=\"og:locale\" content=\"vi_VN\" \/>\n<meta property=\"og:type\" content=\"article\" \/>\n<meta property=\"og:title\" content=\"didi The Real Deal D\u01b0\u01a1ng v\u1eadt gi\u1ea3 - Desire\" \/>\n<meta property=\"og:description\" content=\"\u0110\u01b0\u1ee3c thi\u1ebft k\u1ebf \u0111\u1ec3 mang l\u1ea1i c\u1ea3m gi\u00e1c ch\u00e2n th\u1ef1c v\u00e0 \u0111\u00e1ng tin c\u1eady, d\u01b0\u01a1ng v\u1eadt gi\u1ea3 m\u1eadt \u0111\u1ed9 k\u00e9p n\u00e0y k\u1ebft h\u1ee3p l\u00f5i b\u00ean trong ch\u1eafc ch\u1eafn v\u1edbi l\u1edbp&hellip;\" \/>\n<meta property=\"og:url\" content=\"https:\/\/desireonline.shop\/vi\/san-pham\/didi-the-real-deal-duong-vat-gia\/\" \/>\n<meta property=\"og:site_name\" content=\"Desire\" \/>\n<meta property=\"article:modified_time\" content=\"2026-03-10T05:29:31+00:00\" \/>\n<meta property=\"og:image\" content=\"https:\/\/desireonline.shop\/wp-content\/uploads\/2026\/02\/CN-221785877_00.jpg\" \/>\n\t<meta property=\"og:image:width\" content=\"1000\" \/>\n\t<meta property=\"og:image:height\" content=\"1000\" \/>\n\t<meta property=\"og:image:type\" content=\"image\/jpeg\" \/>\n<meta name=\"twitter:card\" content=\"summary_large_image\" \/>\n<meta name=\"twitter:label1\" content=\"\u01af\u1edbc t\u00ednh th\u1eddi gian \u0111\u1ecdc\" \/>\n\t<meta name=\"twitter:data1\" content=\"1 ph\u00fat\" \/>\n<script type=\"application\/ld+json\" class=\"yoast-schema-graph\">{\"@context\":\"https:\/\/schema.org\",\"@graph\":[{\"@type\":\"WebPage\",\"@id\":\"https:\/\/desireonline.shop\/vi\/san-pham\/didi-the-real-deal-duong-vat-gia\/\",\"url\":\"https:\/\/desireonline.shop\/vi\/san-pham\/didi-the-real-deal-duong-vat-gia\/\",\"name\":\"didi The Real Deal D\u01b0\u01a1ng v\u1eadt gi\u1ea3 - Desire\",\"isPartOf\":{\"@id\":\"https:\/\/desireonline.shop\/vi\/#website\"},\"primaryImageOfPage\":{\"@id\":\"https:\/\/desireonline.shop\/vi\/san-pham\/didi-the-real-deal-duong-vat-gia\/#primaryimage\"},\"image\":{\"@id\":\"https:\/\/desireonline.shop\/vi\/san-pham\/didi-the-real-deal-duong-vat-gia\/#primaryimage\"},\"thumbnailUrl\":\"https:\/\/desireonline.shop\/wp-content\/uploads\/2026\/02\/CN-221785877_00.jpg\",\"datePublished\":\"2026-02-16T11:16:00+00:00\",\"dateModified\":\"2026-03-10T05:29:31+00:00\",\"breadcrumb\":{\"@id\":\"https:\/\/desireonline.shop\/vi\/san-pham\/didi-the-real-deal-duong-vat-gia\/#breadcrumb\"},\"inLanguage\":\"vi\",\"potentialAction\":[{\"@type\":\"ReadAction\",\"target\":[\"https:\/\/desireonline.shop\/vi\/san-pham\/didi-the-real-deal-duong-vat-gia\/\"]}]},{\"@type\":\"ImageObject\",\"inLanguage\":\"vi\",\"@id\":\"https:\/\/desireonline.shop\/vi\/san-pham\/didi-the-real-deal-duong-vat-gia\/#primaryimage\",\"url\":\"https:\/\/desireonline.shop\/wp-content\/uploads\/2026\/02\/CN-221785877_00.jpg\",\"contentUrl\":\"https:\/\/desireonline.shop\/wp-content\/uploads\/2026\/02\/CN-221785877_00.jpg\",\"width\":1000,\"height\":1000},{\"@type\":\"BreadcrumbList\",\"@id\":\"https:\/\/desireonline.shop\/vi\/san-pham\/didi-the-real-deal-duong-vat-gia\/#breadcrumb\",\"itemListElement\":[{\"@type\":\"ListItem\",\"position\":1,\"name\":\"Home\",\"item\":\"https:\/\/desireonline.shop\/vi\/trang-chu\/?lang=vi\"},{\"@type\":\"ListItem\",\"position\":2,\"name\":\"T\u1ea5t c\u1ea3 s\u1ea3n ph\u1ea9m\",\"item\":\"https:\/\/desireonline.shop\/cua-hang\/?lang=vi\"},{\"@type\":\"ListItem\",\"position\":3,\"name\":\"didi The Real Deal D\u01b0\u01a1ng v\u1eadt gi\u1ea3\"}]},{\"@type\":\"WebSite\",\"@id\":\"https:\/\/desireonline.shop\/vi\/#website\",\"url\":\"https:\/\/desireonline.shop\/vi\/\",\"name\":\"Desire\",\"description\":\"Sexual Wellness Platform\",\"publisher\":{\"@id\":\"https:\/\/desireonline.shop\/vi\/#organization\"},\"potentialAction\":[{\"@type\":\"SearchAction\",\"target\":{\"@type\":\"EntryPoint\",\"urlTemplate\":\"https:\/\/desireonline.shop\/vi\/?s={search_term_string}\"},\"query-input\":{\"@type\":\"PropertyValueSpecification\",\"valueRequired\":true,\"valueName\":\"search_term_string\"}}],\"inLanguage\":\"vi\"},{\"@type\":\"Organization\",\"@id\":\"https:\/\/desireonline.shop\/vi\/#organization\",\"name\":\"Desire\",\"url\":\"https:\/\/desireonline.shop\/vi\/\",\"logo\":{\"@type\":\"ImageObject\",\"inLanguage\":\"vi\",\"@id\":\"https:\/\/desireonline.shop\/vi\/#\/schema\/logo\/image\/\",\"url\":\"https:\/\/desireonline.shop\/wp-content\/uploads\/2024\/06\/Logo-Thick-Font-1.webp\",\"contentUrl\":\"https:\/\/desireonline.shop\/wp-content\/uploads\/2024\/06\/Logo-Thick-Font-1.webp\",\"width\":268,\"height\":399,\"caption\":\"Desire\"},\"image\":{\"@id\":\"https:\/\/desireonline.shop\/vi\/#\/schema\/logo\/image\/\"}}]}<\/script>\n<!-- \/ Yoast SEO plugin. -->","yoast_head_json":{"title":"didi The Real Deal D\u01b0\u01a1ng v\u1eadt gi\u1ea3 - Desire","robots":{"index":"index","follow":"follow","max-snippet":"max-snippet:-1","max-image-preview":"max-image-preview:large","max-video-preview":"max-video-preview:-1"},"canonical":"https:\/\/desireonline.shop\/vi\/san-pham\/didi-the-real-deal-duong-vat-gia\/","og_locale":"vi_VN","og_type":"article","og_title":"didi The Real Deal D\u01b0\u01a1ng v\u1eadt gi\u1ea3 - Desire","og_description":"\u0110\u01b0\u1ee3c thi\u1ebft k\u1ebf \u0111\u1ec3 mang l\u1ea1i c\u1ea3m gi\u00e1c ch\u00e2n th\u1ef1c v\u00e0 \u0111\u00e1ng tin c\u1eady, d\u01b0\u01a1ng v\u1eadt gi\u1ea3 m\u1eadt \u0111\u1ed9 k\u00e9p n\u00e0y k\u1ebft h\u1ee3p l\u00f5i b\u00ean trong ch\u1eafc ch\u1eafn v\u1edbi l\u1edbp&hellip;","og_url":"https:\/\/desireonline.shop\/vi\/san-pham\/didi-the-real-deal-duong-vat-gia\/","og_site_name":"Desire","article_modified_time":"2026-03-10T05:29:31+00:00","og_image":[{"width":1000,"height":1000,"url":"https:\/\/desireonline.shop\/wp-content\/uploads\/2026\/02\/CN-221785877_00.jpg","type":"image\/jpeg"}],"twitter_card":"summary_large_image","twitter_misc":{"\u01af\u1edbc t\u00ednh th\u1eddi gian \u0111\u1ecdc":"1 ph\u00fat"},"schema":{"@context":"https:\/\/schema.org","@graph":[{"@type":"WebPage","@id":"https:\/\/desireonline.shop\/vi\/san-pham\/didi-the-real-deal-duong-vat-gia\/","url":"https:\/\/desireonline.shop\/vi\/san-pham\/didi-the-real-deal-duong-vat-gia\/","name":"didi The Real Deal D\u01b0\u01a1ng v\u1eadt gi\u1ea3 - Desire","isPartOf":{"@id":"https:\/\/desireonline.shop\/vi\/#website"},"primaryImageOfPage":{"@id":"https:\/\/desireonline.shop\/vi\/san-pham\/didi-the-real-deal-duong-vat-gia\/#primaryimage"},"image":{"@id":"https:\/\/desireonline.shop\/vi\/san-pham\/didi-the-real-deal-duong-vat-gia\/#primaryimage"},"thumbnailUrl":"https:\/\/desireonline.shop\/wp-content\/uploads\/2026\/02\/CN-221785877_00.jpg","datePublished":"2026-02-16T11:16:00+00:00","dateModified":"2026-03-10T05:29:31+00:00","breadcrumb":{"@id":"https:\/\/desireonline.shop\/vi\/san-pham\/didi-the-real-deal-duong-vat-gia\/#breadcrumb"},"inLanguage":"vi","potentialAction":[{"@type":"ReadAction","target":["https:\/\/desireonline.shop\/vi\/san-pham\/didi-the-real-deal-duong-vat-gia\/"]}]},{"@type":"ImageObject","inLanguage":"vi","@id":"https:\/\/desireonline.shop\/vi\/san-pham\/didi-the-real-deal-duong-vat-gia\/#primaryimage","url":"https:\/\/desireonline.shop\/wp-content\/uploads\/2026\/02\/CN-221785877_00.jpg","contentUrl":"https:\/\/desireonline.shop\/wp-content\/uploads\/2026\/02\/CN-221785877_00.jpg","width":1000,"height":1000},{"@type":"BreadcrumbList","@id":"https:\/\/desireonline.shop\/vi\/san-pham\/didi-the-real-deal-duong-vat-gia\/#breadcrumb","itemListElement":[{"@type":"ListItem","position":1,"name":"Home","item":"https:\/\/desireonline.shop\/vi\/trang-chu\/?lang=vi"},{"@type":"ListItem","position":2,"name":"T\u1ea5t c\u1ea3 s\u1ea3n ph\u1ea9m","item":"https:\/\/desireonline.shop\/cua-hang\/?lang=vi"},{"@type":"ListItem","position":3,"name":"didi The Real Deal D\u01b0\u01a1ng v\u1eadt gi\u1ea3"}]},{"@type":"WebSite","@id":"https:\/\/desireonline.shop\/vi\/#website","url":"https:\/\/desireonline.shop\/vi\/","name":"Desire","description":"Sexual Wellness Platform","publisher":{"@id":"https:\/\/desireonline.shop\/vi\/#organization"},"potentialAction":[{"@type":"SearchAction","target":{"@type":"EntryPoint","urlTemplate":"https:\/\/desireonline.shop\/vi\/?s={search_term_string}"},"query-input":{"@type":"PropertyValueSpecification","valueRequired":true,"valueName":"search_term_string"}}],"inLanguage":"vi"},{"@type":"Organization","@id":"https:\/\/desireonline.shop\/vi\/#organization","name":"Desire","url":"https:\/\/desireonline.shop\/vi\/","logo":{"@type":"ImageObject","inLanguage":"vi","@id":"https:\/\/desireonline.shop\/vi\/#\/schema\/logo\/image\/","url":"https:\/\/desireonline.shop\/wp-content\/uploads\/2024\/06\/Logo-Thick-Font-1.webp","contentUrl":"https:\/\/desireonline.shop\/wp-content\/uploads\/2024\/06\/Logo-Thick-Font-1.webp","width":268,"height":399,"caption":"Desire"},"image":{"@id":"https:\/\/desireonline.shop\/vi\/#\/schema\/logo\/image\/"}}]}},"_links":{"self":[{"href":"https:\/\/desireonline.shop\/vi\/wp-json\/wp\/v2\/product\/66511","targetHints":{"allow":["GET"]}}],"collection":[{"href":"https:\/\/desireonline.shop\/vi\/wp-json\/wp\/v2\/product"}],"about":[{"href":"https:\/\/desireonline.shop\/vi\/wp-json\/wp\/v2\/types\/product"}],"replies":[{"embeddable":true,"href":"https:\/\/desireonline.shop\/vi\/wp-json\/wp\/v2\/comments?post=66511"}],"version-history":[{"count":0,"href":"https:\/\/desireonline.shop\/vi\/wp-json\/wp\/v2\/product\/66511\/revisions"}],"wp:featuredmedia":[{"embeddable":true,"href":"https:\/\/desireonline.shop\/vi\/wp-json\/wp\/v2\/media\/62082"}],"wp:attachment":[{"href":"https:\/\/desireonline.shop\/vi\/wp-json\/wp\/v2\/media?parent=66511"}],"wp:term":[{"taxonomy":"product_brand","embeddable":true,"href":"https:\/\/desireonline.shop\/vi\/wp-json\/wp\/v2\/product_brand?post=66511"},{"taxonomy":"product_cat","embeddable":true,"href":"https:\/\/desireonline.shop\/vi\/wp-json\/wp\/v2\/product_cat?post=66511"},{"taxonomy":"product_tag","embeddable":true,"href":"https:\/\/desireonline.shop\/vi\/wp-json\/wp\/v2\/product_tag?post=66511"}],"curies":[{"name":"wp","href":"https:\/\/api.w.org\/{rel}","templated":true}]}}