{"id":66527,"date":"2026-02-16T11:17:00","date_gmt":"2026-02-16T11:17:00","guid":{"rendered":"https:\/\/desireonline.shop\/product\/t-skin-am-dao-gia-nam-abby-sensual-lips-pocket-stroker\/"},"modified":"2026-03-10T05:28:35","modified_gmt":"2026-03-10T05:28:35","slug":"t-skin-am-dao-gia-nam-abby-sensual-lips-pocket-stroker","status":"publish","type":"product","link":"https:\/\/desireonline.shop\/vi\/san-pham\/t-skin-am-dao-gia-nam-abby-sensual-lips-pocket-stroker\/","title":{"rendered":"T-Skin \u00c2m \u0111\u1ea1o gi\u1ea3 nam Abby Sensual Lips Pocket Stroker"},"content":{"rendered":"<p>\u0110\u01b0\u1ee3c thi\u1ebft k\u1ebf \u0111\u1ec3 mang l\u1ea1i kho\u00e1i c\u1ea3m ch\u00e2n th\u1ef1c v\u00e0 t\u1eadp trung, \u00e2m \u0111\u1ea1o gi\u1ea3 nam n\u00e0y c\u00f3 ph\u1ea7n c\u1eeda v\u00e0o s\u1ed1ng \u0111\u1ed9ng, t\u1ea1o c\u1ea3m gi\u00e1c t\u1ef1 nhi\u00ean v\u00e0 th\u1ecfa m\u00e3n ngay t\u1eeb l\u1ea7n ch\u1ea1m \u0111\u1ea7u ti\u00ean. K\u00edch th\u01b0\u1edbc nh\u1ecf g\u1ecdn gi\u00fap d\u1ec5 d\u00e0ng c\u1ea7m n\u1eafm v\u00e0 t\u1eadn h\u01b0\u1edfng theo nh\u1ecbp \u0111\u1ed9 c\u1ee7a ri\u00eang b\u1ea1n.<\/p>\n<p>\u0110\u01a1n gi\u1ea3n v\u00e0 d\u1ec5 s\u1eed d\u1ee5ng, s\u1ea3n ph\u1ea9m l\u00fd t\u01b0\u1edfng cho nh\u1eefng tr\u1ea3i nghi\u1ec7m nhanh ho\u1eb7c nh\u1eefng kho\u1ea3nh kh\u1eafc c\u00e1 nh\u00e2n th\u01b0 gi\u00e3n khi b\u1ea1n mu\u1ed1n c\u1ea3m gi\u00e1c ch\u00e2n th\u1ef1c, tho\u1ea3i m\u00e1i v\u00e0 kh\u00f4ng b\u1ecb ph\u00e2n t\u00e2m.<\/p>\n","protected":false},"excerpt":{"rendered":"<p>\u0110\u01b0\u1ee3c thi\u1ebft k\u1ebf \u0111\u1ec3 mang l\u1ea1i kho\u00e1i c\u1ea3m ch\u00e2n th\u1ef1c v\u00e0 t\u1eadp trung, \u00e2m \u0111\u1ea1o gi\u1ea3 nam n\u00e0y c\u00f3 ph\u1ea7n c\u1eeda v\u00e0o s\u1ed1ng \u0111\u1ed9ng, t\u1ea1o c\u1ea3m gi\u00e1c t\u1ef1 nhi\u00ean v\u00e0&hellip;<\/p>\n","protected":false},"featured_media":62121,"comment_status":"open","ping_status":"closed","template":"","meta":{"_acf_changed":false},"product_brand":[],"product_cat":[1409],"product_tag":[],"class_list":{"0":"post-66527","1":"product","2":"type-product","3":"status-publish","4":"has-post-thumbnail","6":"product_cat-san-pham-kich-thich-cam-tay","8":"first","9":"instock","10":"shipping-taxable","11":"purchasable","12":"product-type-simple"},"acf":[],"yoast_head":"<!-- This site is optimized with the Yoast SEO plugin v27.1.1 - https:\/\/yoast.com\/product\/yoast-seo-wordpress\/ -->\n<title>T-Skin \u00c2m \u0111\u1ea1o gi\u1ea3 nam Abby Sensual Lips Pocket Stroker - Desire<\/title>\n<meta name=\"robots\" content=\"index, follow, max-snippet:-1, max-image-preview:large, max-video-preview:-1\" \/>\n<link rel=\"canonical\" href=\"https:\/\/desireonline.shop\/vi\/san-pham\/t-skin-am-dao-gia-nam-abby-sensual-lips-pocket-stroker\/\" \/>\n<meta property=\"og:locale\" content=\"vi_VN\" \/>\n<meta property=\"og:type\" content=\"article\" \/>\n<meta property=\"og:title\" content=\"T-Skin \u00c2m \u0111\u1ea1o gi\u1ea3 nam Abby Sensual Lips Pocket Stroker - Desire\" \/>\n<meta property=\"og:description\" content=\"\u0110\u01b0\u1ee3c thi\u1ebft k\u1ebf \u0111\u1ec3 mang l\u1ea1i kho\u00e1i c\u1ea3m ch\u00e2n th\u1ef1c v\u00e0 t\u1eadp trung, \u00e2m \u0111\u1ea1o gi\u1ea3 nam n\u00e0y c\u00f3 ph\u1ea7n c\u1eeda v\u00e0o s\u1ed1ng \u0111\u1ed9ng, t\u1ea1o c\u1ea3m gi\u00e1c t\u1ef1 nhi\u00ean v\u00e0&hellip;\" \/>\n<meta property=\"og:url\" content=\"https:\/\/desireonline.shop\/vi\/san-pham\/t-skin-am-dao-gia-nam-abby-sensual-lips-pocket-stroker\/\" \/>\n<meta property=\"og:site_name\" content=\"Desire\" \/>\n<meta property=\"article:modified_time\" content=\"2026-03-10T05:28:35+00:00\" \/>\n<meta property=\"og:image\" content=\"https:\/\/desireonline.shop\/wp-content\/uploads\/2026\/02\/CN-100831474_00.jpg\" \/>\n\t<meta property=\"og:image:width\" content=\"1000\" \/>\n\t<meta property=\"og:image:height\" content=\"1000\" \/>\n\t<meta property=\"og:image:type\" content=\"image\/jpeg\" \/>\n<meta name=\"twitter:card\" content=\"summary_large_image\" \/>\n<meta name=\"twitter:label1\" content=\"\u01af\u1edbc t\u00ednh th\u1eddi gian \u0111\u1ecdc\" \/>\n\t<meta name=\"twitter:data1\" content=\"1 ph\u00fat\" \/>\n<script type=\"application\/ld+json\" class=\"yoast-schema-graph\">{\"@context\":\"https:\/\/schema.org\",\"@graph\":[{\"@type\":\"WebPage\",\"@id\":\"https:\/\/desireonline.shop\/vi\/san-pham\/t-skin-am-dao-gia-nam-abby-sensual-lips-pocket-stroker\/\",\"url\":\"https:\/\/desireonline.shop\/vi\/san-pham\/t-skin-am-dao-gia-nam-abby-sensual-lips-pocket-stroker\/\",\"name\":\"T-Skin \u00c2m \u0111\u1ea1o gi\u1ea3 nam Abby Sensual Lips Pocket Stroker - Desire\",\"isPartOf\":{\"@id\":\"https:\/\/desireonline.shop\/vi\/#website\"},\"primaryImageOfPage\":{\"@id\":\"https:\/\/desireonline.shop\/vi\/san-pham\/t-skin-am-dao-gia-nam-abby-sensual-lips-pocket-stroker\/#primaryimage\"},\"image\":{\"@id\":\"https:\/\/desireonline.shop\/vi\/san-pham\/t-skin-am-dao-gia-nam-abby-sensual-lips-pocket-stroker\/#primaryimage\"},\"thumbnailUrl\":\"https:\/\/desireonline.shop\/wp-content\/uploads\/2026\/02\/CN-100831474_00.jpg\",\"datePublished\":\"2026-02-16T11:17:00+00:00\",\"dateModified\":\"2026-03-10T05:28:35+00:00\",\"breadcrumb\":{\"@id\":\"https:\/\/desireonline.shop\/vi\/san-pham\/t-skin-am-dao-gia-nam-abby-sensual-lips-pocket-stroker\/#breadcrumb\"},\"inLanguage\":\"vi\",\"potentialAction\":[{\"@type\":\"ReadAction\",\"target\":[\"https:\/\/desireonline.shop\/vi\/san-pham\/t-skin-am-dao-gia-nam-abby-sensual-lips-pocket-stroker\/\"]}]},{\"@type\":\"ImageObject\",\"inLanguage\":\"vi\",\"@id\":\"https:\/\/desireonline.shop\/vi\/san-pham\/t-skin-am-dao-gia-nam-abby-sensual-lips-pocket-stroker\/#primaryimage\",\"url\":\"https:\/\/desireonline.shop\/wp-content\/uploads\/2026\/02\/CN-100831474_00.jpg\",\"contentUrl\":\"https:\/\/desireonline.shop\/wp-content\/uploads\/2026\/02\/CN-100831474_00.jpg\",\"width\":1000,\"height\":1000},{\"@type\":\"BreadcrumbList\",\"@id\":\"https:\/\/desireonline.shop\/vi\/san-pham\/t-skin-am-dao-gia-nam-abby-sensual-lips-pocket-stroker\/#breadcrumb\",\"itemListElement\":[{\"@type\":\"ListItem\",\"position\":1,\"name\":\"Home\",\"item\":\"https:\/\/desireonline.shop\/vi\/trang-chu\/?lang=vi\"},{\"@type\":\"ListItem\",\"position\":2,\"name\":\"T\u1ea5t c\u1ea3 s\u1ea3n ph\u1ea9m\",\"item\":\"https:\/\/desireonline.shop\/cua-hang\/?lang=vi\"},{\"@type\":\"ListItem\",\"position\":3,\"name\":\"T-Skin \u00c2m \u0111\u1ea1o gi\u1ea3 nam Abby Sensual Lips Pocket Stroker\"}]},{\"@type\":\"WebSite\",\"@id\":\"https:\/\/desireonline.shop\/vi\/#website\",\"url\":\"https:\/\/desireonline.shop\/vi\/\",\"name\":\"Desire\",\"description\":\"Sexual Wellness Platform\",\"publisher\":{\"@id\":\"https:\/\/desireonline.shop\/vi\/#organization\"},\"potentialAction\":[{\"@type\":\"SearchAction\",\"target\":{\"@type\":\"EntryPoint\",\"urlTemplate\":\"https:\/\/desireonline.shop\/vi\/?s={search_term_string}\"},\"query-input\":{\"@type\":\"PropertyValueSpecification\",\"valueRequired\":true,\"valueName\":\"search_term_string\"}}],\"inLanguage\":\"vi\"},{\"@type\":\"Organization\",\"@id\":\"https:\/\/desireonline.shop\/vi\/#organization\",\"name\":\"Desire\",\"url\":\"https:\/\/desireonline.shop\/vi\/\",\"logo\":{\"@type\":\"ImageObject\",\"inLanguage\":\"vi\",\"@id\":\"https:\/\/desireonline.shop\/vi\/#\/schema\/logo\/image\/\",\"url\":\"https:\/\/desireonline.shop\/wp-content\/uploads\/2024\/06\/Logo-Thick-Font-1.webp\",\"contentUrl\":\"https:\/\/desireonline.shop\/wp-content\/uploads\/2024\/06\/Logo-Thick-Font-1.webp\",\"width\":268,\"height\":399,\"caption\":\"Desire\"},\"image\":{\"@id\":\"https:\/\/desireonline.shop\/vi\/#\/schema\/logo\/image\/\"}}]}<\/script>\n<!-- \/ Yoast SEO plugin. -->","yoast_head_json":{"title":"T-Skin \u00c2m \u0111\u1ea1o gi\u1ea3 nam Abby Sensual Lips Pocket Stroker - Desire","robots":{"index":"index","follow":"follow","max-snippet":"max-snippet:-1","max-image-preview":"max-image-preview:large","max-video-preview":"max-video-preview:-1"},"canonical":"https:\/\/desireonline.shop\/vi\/san-pham\/t-skin-am-dao-gia-nam-abby-sensual-lips-pocket-stroker\/","og_locale":"vi_VN","og_type":"article","og_title":"T-Skin \u00c2m \u0111\u1ea1o gi\u1ea3 nam Abby Sensual Lips Pocket Stroker - Desire","og_description":"\u0110\u01b0\u1ee3c thi\u1ebft k\u1ebf \u0111\u1ec3 mang l\u1ea1i kho\u00e1i c\u1ea3m ch\u00e2n th\u1ef1c v\u00e0 t\u1eadp trung, \u00e2m \u0111\u1ea1o gi\u1ea3 nam n\u00e0y c\u00f3 ph\u1ea7n c\u1eeda v\u00e0o s\u1ed1ng \u0111\u1ed9ng, t\u1ea1o c\u1ea3m gi\u00e1c t\u1ef1 nhi\u00ean v\u00e0&hellip;","og_url":"https:\/\/desireonline.shop\/vi\/san-pham\/t-skin-am-dao-gia-nam-abby-sensual-lips-pocket-stroker\/","og_site_name":"Desire","article_modified_time":"2026-03-10T05:28:35+00:00","og_image":[{"width":1000,"height":1000,"url":"https:\/\/desireonline.shop\/wp-content\/uploads\/2026\/02\/CN-100831474_00.jpg","type":"image\/jpeg"}],"twitter_card":"summary_large_image","twitter_misc":{"\u01af\u1edbc t\u00ednh th\u1eddi gian \u0111\u1ecdc":"1 ph\u00fat"},"schema":{"@context":"https:\/\/schema.org","@graph":[{"@type":"WebPage","@id":"https:\/\/desireonline.shop\/vi\/san-pham\/t-skin-am-dao-gia-nam-abby-sensual-lips-pocket-stroker\/","url":"https:\/\/desireonline.shop\/vi\/san-pham\/t-skin-am-dao-gia-nam-abby-sensual-lips-pocket-stroker\/","name":"T-Skin \u00c2m \u0111\u1ea1o gi\u1ea3 nam Abby Sensual Lips Pocket Stroker - Desire","isPartOf":{"@id":"https:\/\/desireonline.shop\/vi\/#website"},"primaryImageOfPage":{"@id":"https:\/\/desireonline.shop\/vi\/san-pham\/t-skin-am-dao-gia-nam-abby-sensual-lips-pocket-stroker\/#primaryimage"},"image":{"@id":"https:\/\/desireonline.shop\/vi\/san-pham\/t-skin-am-dao-gia-nam-abby-sensual-lips-pocket-stroker\/#primaryimage"},"thumbnailUrl":"https:\/\/desireonline.shop\/wp-content\/uploads\/2026\/02\/CN-100831474_00.jpg","datePublished":"2026-02-16T11:17:00+00:00","dateModified":"2026-03-10T05:28:35+00:00","breadcrumb":{"@id":"https:\/\/desireonline.shop\/vi\/san-pham\/t-skin-am-dao-gia-nam-abby-sensual-lips-pocket-stroker\/#breadcrumb"},"inLanguage":"vi","potentialAction":[{"@type":"ReadAction","target":["https:\/\/desireonline.shop\/vi\/san-pham\/t-skin-am-dao-gia-nam-abby-sensual-lips-pocket-stroker\/"]}]},{"@type":"ImageObject","inLanguage":"vi","@id":"https:\/\/desireonline.shop\/vi\/san-pham\/t-skin-am-dao-gia-nam-abby-sensual-lips-pocket-stroker\/#primaryimage","url":"https:\/\/desireonline.shop\/wp-content\/uploads\/2026\/02\/CN-100831474_00.jpg","contentUrl":"https:\/\/desireonline.shop\/wp-content\/uploads\/2026\/02\/CN-100831474_00.jpg","width":1000,"height":1000},{"@type":"BreadcrumbList","@id":"https:\/\/desireonline.shop\/vi\/san-pham\/t-skin-am-dao-gia-nam-abby-sensual-lips-pocket-stroker\/#breadcrumb","itemListElement":[{"@type":"ListItem","position":1,"name":"Home","item":"https:\/\/desireonline.shop\/vi\/trang-chu\/?lang=vi"},{"@type":"ListItem","position":2,"name":"T\u1ea5t c\u1ea3 s\u1ea3n ph\u1ea9m","item":"https:\/\/desireonline.shop\/cua-hang\/?lang=vi"},{"@type":"ListItem","position":3,"name":"T-Skin \u00c2m \u0111\u1ea1o gi\u1ea3 nam Abby Sensual Lips Pocket Stroker"}]},{"@type":"WebSite","@id":"https:\/\/desireonline.shop\/vi\/#website","url":"https:\/\/desireonline.shop\/vi\/","name":"Desire","description":"Sexual Wellness Platform","publisher":{"@id":"https:\/\/desireonline.shop\/vi\/#organization"},"potentialAction":[{"@type":"SearchAction","target":{"@type":"EntryPoint","urlTemplate":"https:\/\/desireonline.shop\/vi\/?s={search_term_string}"},"query-input":{"@type":"PropertyValueSpecification","valueRequired":true,"valueName":"search_term_string"}}],"inLanguage":"vi"},{"@type":"Organization","@id":"https:\/\/desireonline.shop\/vi\/#organization","name":"Desire","url":"https:\/\/desireonline.shop\/vi\/","logo":{"@type":"ImageObject","inLanguage":"vi","@id":"https:\/\/desireonline.shop\/vi\/#\/schema\/logo\/image\/","url":"https:\/\/desireonline.shop\/wp-content\/uploads\/2024\/06\/Logo-Thick-Font-1.webp","contentUrl":"https:\/\/desireonline.shop\/wp-content\/uploads\/2024\/06\/Logo-Thick-Font-1.webp","width":268,"height":399,"caption":"Desire"},"image":{"@id":"https:\/\/desireonline.shop\/vi\/#\/schema\/logo\/image\/"}}]}},"_links":{"self":[{"href":"https:\/\/desireonline.shop\/vi\/wp-json\/wp\/v2\/product\/66527","targetHints":{"allow":["GET"]}}],"collection":[{"href":"https:\/\/desireonline.shop\/vi\/wp-json\/wp\/v2\/product"}],"about":[{"href":"https:\/\/desireonline.shop\/vi\/wp-json\/wp\/v2\/types\/product"}],"replies":[{"embeddable":true,"href":"https:\/\/desireonline.shop\/vi\/wp-json\/wp\/v2\/comments?post=66527"}],"version-history":[{"count":0,"href":"https:\/\/desireonline.shop\/vi\/wp-json\/wp\/v2\/product\/66527\/revisions"}],"wp:featuredmedia":[{"embeddable":true,"href":"https:\/\/desireonline.shop\/vi\/wp-json\/wp\/v2\/media\/62121"}],"wp:attachment":[{"href":"https:\/\/desireonline.shop\/vi\/wp-json\/wp\/v2\/media?parent=66527"}],"wp:term":[{"taxonomy":"product_brand","embeddable":true,"href":"https:\/\/desireonline.shop\/vi\/wp-json\/wp\/v2\/product_brand?post=66527"},{"taxonomy":"product_cat","embeddable":true,"href":"https:\/\/desireonline.shop\/vi\/wp-json\/wp\/v2\/product_cat?post=66527"},{"taxonomy":"product_tag","embeddable":true,"href":"https:\/\/desireonline.shop\/vi\/wp-json\/wp\/v2\/product_tag?post=66527"}],"curies":[{"name":"wp","href":"https:\/\/api.w.org\/{rel}","templated":true}]}}