{"id":66536,"date":"2026-02-16T11:17:00","date_gmt":"2026-02-16T11:17:00","guid":{"rendered":"https:\/\/desireonline.shop\/product\/intimate-melody-duong-vat-gia-strap-on-khong-day\/"},"modified":"2026-03-10T05:28:21","modified_gmt":"2026-03-10T05:28:21","slug":"intimate-melody-duong-vat-gia-strap-on-khong-day","status":"publish","type":"product","link":"https:\/\/desireonline.shop\/vi\/san-pham\/intimate-melody-duong-vat-gia-strap-on-khong-day\/","title":{"rendered":"Intimate Melody D\u01b0\u01a1ng v\u1eadt gi\u1ea3 strap-on kh\u00f4ng d\u00e2y"},"content":{"rendered":"<p>\u0110\u01b0\u1ee3c thi\u1ebft k\u1ebf cho s\u1ef1 k\u1ebft n\u1ed1i th\u00e2n m\u1eadt r\u1ea3nh tay, d\u01b0\u01a1ng v\u1eadt gi\u1ea3 strap-on kh\u00f4ng d\u00e2y n\u00e0y c\u00f3 h\u00ecnh d\u00e1ng c\u00f4ng th\u00e1i h\u1ecdc m\u01b0\u1ee3t m\u00e0, gi\u00fap c\u1ed1 \u0111\u1ecbnh tho\u1ea3i m\u00e1i trong su\u1ed1t qu\u00e1 tr\u00ecnh s\u1eed d\u1ee5ng. Ch\u1ebf \u0111\u1ed9 rung mang l\u1ea1i th\u00eam m\u1ed9t l\u1edbp c\u1ea3m gi\u00e1c, cho ph\u00e9p c\u1ea3 hai ng\u01b0\u1eddi c\u00f9ng t\u1eadn h\u01b0\u1edfng s\u1ef1 k\u00edch th\u00edch \u0111\u1ed3ng th\u1eddi.<\/p>\n<p>V\u1edbi 10 ch\u1ebf \u0111\u1ed9 rung v\u00e0 \u0111i\u1ec1u khi\u1ec3n t\u1eeb xa kh\u00f4ng d\u00e2y, vi\u1ec7c \u0111i\u1ec1u ch\u1ec9nh c\u01b0\u1eddng \u0111\u1ed9 tr\u1edf n\u00ean d\u1ec5 d\u00e0ng. Ch\u1ed1ng n\u01b0\u1edbc v\u00e0 \u0111\u01b0\u1ee3c l\u00e0m t\u1eeb ch\u1ea5t li\u1ec7u kh\u00f4ng ch\u1ee9a phthalate, \u0111\u00e2y l\u00e0 l\u1ef1a ch\u1ecdn \u0111\u00e1ng tin c\u1eady cho c\u00e1c c\u1eb7p \u0111\u00f4i mu\u1ed1n kh\u00e1m ph\u00e1 kho\u00e1i c\u1ea3m chung v\u00e0 nh\u1eefng tr\u1ea3i nghi\u1ec7m vui t\u01b0\u01a1i.<\/p>\n","protected":false},"excerpt":{"rendered":"<p>\u0110\u01b0\u1ee3c thi\u1ebft k\u1ebf cho s\u1ef1 k\u1ebft n\u1ed1i th\u00e2n m\u1eadt r\u1ea3nh tay, d\u01b0\u01a1ng v\u1eadt gi\u1ea3 strap-on kh\u00f4ng d\u00e2y n\u00e0y c\u00f3 h\u00ecnh d\u00e1ng c\u00f4ng th\u00e1i h\u1ecdc m\u01b0\u1ee3t m\u00e0, gi\u00fap c\u1ed1 \u0111\u1ecbnh tho\u1ea3i&hellip;<\/p>\n","protected":false},"featured_media":62116,"comment_status":"open","ping_status":"closed","template":"","meta":{"_acf_changed":false},"product_brand":[],"product_cat":[1305],"product_tag":[],"class_list":{"0":"post-66536","1":"product","2":"type-product","3":"status-publish","4":"has-post-thumbnail","6":"product_cat-danh-cho-cac-cap-doi","8":"first","9":"instock","10":"shipping-taxable","11":"purchasable","12":"product-type-simple"},"acf":[],"yoast_head":"<!-- This site is optimized with the Yoast SEO plugin v27.1.1 - https:\/\/yoast.com\/product\/yoast-seo-wordpress\/ -->\n<title>Intimate Melody D\u01b0\u01a1ng v\u1eadt gi\u1ea3 strap-on kh\u00f4ng d\u00e2y - Desire<\/title>\n<meta name=\"robots\" content=\"index, follow, max-snippet:-1, max-image-preview:large, max-video-preview:-1\" \/>\n<link rel=\"canonical\" href=\"https:\/\/desireonline.shop\/vi\/san-pham\/intimate-melody-duong-vat-gia-strap-on-khong-day\/\" \/>\n<meta property=\"og:locale\" content=\"vi_VN\" \/>\n<meta property=\"og:type\" content=\"article\" \/>\n<meta property=\"og:title\" content=\"Intimate Melody D\u01b0\u01a1ng v\u1eadt gi\u1ea3 strap-on kh\u00f4ng d\u00e2y - Desire\" \/>\n<meta property=\"og:description\" content=\"\u0110\u01b0\u1ee3c thi\u1ebft k\u1ebf cho s\u1ef1 k\u1ebft n\u1ed1i th\u00e2n m\u1eadt r\u1ea3nh tay, d\u01b0\u01a1ng v\u1eadt gi\u1ea3 strap-on kh\u00f4ng d\u00e2y n\u00e0y c\u00f3 h\u00ecnh d\u00e1ng c\u00f4ng th\u00e1i h\u1ecdc m\u01b0\u1ee3t m\u00e0, gi\u00fap c\u1ed1 \u0111\u1ecbnh tho\u1ea3i&hellip;\" \/>\n<meta property=\"og:url\" content=\"https:\/\/desireonline.shop\/vi\/san-pham\/intimate-melody-duong-vat-gia-strap-on-khong-day\/\" \/>\n<meta property=\"og:site_name\" content=\"Desire\" \/>\n<meta property=\"article:modified_time\" content=\"2026-03-10T05:28:21+00:00\" \/>\n<meta property=\"og:image\" content=\"https:\/\/desireonline.shop\/wp-content\/uploads\/2026\/02\/CN-613970706_00.jpg\" \/>\n\t<meta property=\"og:image:width\" content=\"2500\" \/>\n\t<meta property=\"og:image:height\" content=\"2500\" \/>\n\t<meta property=\"og:image:type\" content=\"image\/jpeg\" \/>\n<meta name=\"twitter:card\" content=\"summary_large_image\" \/>\n<meta name=\"twitter:label1\" content=\"\u01af\u1edbc t\u00ednh th\u1eddi gian \u0111\u1ecdc\" \/>\n\t<meta name=\"twitter:data1\" content=\"1 ph\u00fat\" \/>\n<script type=\"application\/ld+json\" class=\"yoast-schema-graph\">{\"@context\":\"https:\/\/schema.org\",\"@graph\":[{\"@type\":\"WebPage\",\"@id\":\"https:\/\/desireonline.shop\/vi\/san-pham\/intimate-melody-duong-vat-gia-strap-on-khong-day\/\",\"url\":\"https:\/\/desireonline.shop\/vi\/san-pham\/intimate-melody-duong-vat-gia-strap-on-khong-day\/\",\"name\":\"Intimate Melody D\u01b0\u01a1ng v\u1eadt gi\u1ea3 strap-on kh\u00f4ng d\u00e2y - Desire\",\"isPartOf\":{\"@id\":\"https:\/\/desireonline.shop\/vi\/#website\"},\"primaryImageOfPage\":{\"@id\":\"https:\/\/desireonline.shop\/vi\/san-pham\/intimate-melody-duong-vat-gia-strap-on-khong-day\/#primaryimage\"},\"image\":{\"@id\":\"https:\/\/desireonline.shop\/vi\/san-pham\/intimate-melody-duong-vat-gia-strap-on-khong-day\/#primaryimage\"},\"thumbnailUrl\":\"https:\/\/desireonline.shop\/wp-content\/uploads\/2026\/02\/CN-613970706_00.jpg\",\"datePublished\":\"2026-02-16T11:17:00+00:00\",\"dateModified\":\"2026-03-10T05:28:21+00:00\",\"breadcrumb\":{\"@id\":\"https:\/\/desireonline.shop\/vi\/san-pham\/intimate-melody-duong-vat-gia-strap-on-khong-day\/#breadcrumb\"},\"inLanguage\":\"vi\",\"potentialAction\":[{\"@type\":\"ReadAction\",\"target\":[\"https:\/\/desireonline.shop\/vi\/san-pham\/intimate-melody-duong-vat-gia-strap-on-khong-day\/\"]}]},{\"@type\":\"ImageObject\",\"inLanguage\":\"vi\",\"@id\":\"https:\/\/desireonline.shop\/vi\/san-pham\/intimate-melody-duong-vat-gia-strap-on-khong-day\/#primaryimage\",\"url\":\"https:\/\/desireonline.shop\/wp-content\/uploads\/2026\/02\/CN-613970706_00.jpg\",\"contentUrl\":\"https:\/\/desireonline.shop\/wp-content\/uploads\/2026\/02\/CN-613970706_00.jpg\",\"width\":2500,\"height\":2500},{\"@type\":\"BreadcrumbList\",\"@id\":\"https:\/\/desireonline.shop\/vi\/san-pham\/intimate-melody-duong-vat-gia-strap-on-khong-day\/#breadcrumb\",\"itemListElement\":[{\"@type\":\"ListItem\",\"position\":1,\"name\":\"Home\",\"item\":\"https:\/\/desireonline.shop\/vi\/trang-chu\/?lang=vi\"},{\"@type\":\"ListItem\",\"position\":2,\"name\":\"T\u1ea5t c\u1ea3 s\u1ea3n ph\u1ea9m\",\"item\":\"https:\/\/desireonline.shop\/cua-hang\/?lang=vi\"},{\"@type\":\"ListItem\",\"position\":3,\"name\":\"Intimate Melody D\u01b0\u01a1ng v\u1eadt gi\u1ea3 strap-on kh\u00f4ng d\u00e2y\"}]},{\"@type\":\"WebSite\",\"@id\":\"https:\/\/desireonline.shop\/vi\/#website\",\"url\":\"https:\/\/desireonline.shop\/vi\/\",\"name\":\"Desire\",\"description\":\"Sexual Wellness Platform\",\"publisher\":{\"@id\":\"https:\/\/desireonline.shop\/vi\/#organization\"},\"potentialAction\":[{\"@type\":\"SearchAction\",\"target\":{\"@type\":\"EntryPoint\",\"urlTemplate\":\"https:\/\/desireonline.shop\/vi\/?s={search_term_string}\"},\"query-input\":{\"@type\":\"PropertyValueSpecification\",\"valueRequired\":true,\"valueName\":\"search_term_string\"}}],\"inLanguage\":\"vi\"},{\"@type\":\"Organization\",\"@id\":\"https:\/\/desireonline.shop\/vi\/#organization\",\"name\":\"Desire\",\"url\":\"https:\/\/desireonline.shop\/vi\/\",\"logo\":{\"@type\":\"ImageObject\",\"inLanguage\":\"vi\",\"@id\":\"https:\/\/desireonline.shop\/vi\/#\/schema\/logo\/image\/\",\"url\":\"https:\/\/desireonline.shop\/wp-content\/uploads\/2024\/06\/Logo-Thick-Font-1.webp\",\"contentUrl\":\"https:\/\/desireonline.shop\/wp-content\/uploads\/2024\/06\/Logo-Thick-Font-1.webp\",\"width\":268,\"height\":399,\"caption\":\"Desire\"},\"image\":{\"@id\":\"https:\/\/desireonline.shop\/vi\/#\/schema\/logo\/image\/\"}}]}<\/script>\n<!-- \/ Yoast SEO plugin. -->","yoast_head_json":{"title":"Intimate Melody D\u01b0\u01a1ng v\u1eadt gi\u1ea3 strap-on kh\u00f4ng d\u00e2y - Desire","robots":{"index":"index","follow":"follow","max-snippet":"max-snippet:-1","max-image-preview":"max-image-preview:large","max-video-preview":"max-video-preview:-1"},"canonical":"https:\/\/desireonline.shop\/vi\/san-pham\/intimate-melody-duong-vat-gia-strap-on-khong-day\/","og_locale":"vi_VN","og_type":"article","og_title":"Intimate Melody D\u01b0\u01a1ng v\u1eadt gi\u1ea3 strap-on kh\u00f4ng d\u00e2y - Desire","og_description":"\u0110\u01b0\u1ee3c thi\u1ebft k\u1ebf cho s\u1ef1 k\u1ebft n\u1ed1i th\u00e2n m\u1eadt r\u1ea3nh tay, d\u01b0\u01a1ng v\u1eadt gi\u1ea3 strap-on kh\u00f4ng d\u00e2y n\u00e0y c\u00f3 h\u00ecnh d\u00e1ng c\u00f4ng th\u00e1i h\u1ecdc m\u01b0\u1ee3t m\u00e0, gi\u00fap c\u1ed1 \u0111\u1ecbnh tho\u1ea3i&hellip;","og_url":"https:\/\/desireonline.shop\/vi\/san-pham\/intimate-melody-duong-vat-gia-strap-on-khong-day\/","og_site_name":"Desire","article_modified_time":"2026-03-10T05:28:21+00:00","og_image":[{"width":2500,"height":2500,"url":"https:\/\/desireonline.shop\/wp-content\/uploads\/2026\/02\/CN-613970706_00.jpg","type":"image\/jpeg"}],"twitter_card":"summary_large_image","twitter_misc":{"\u01af\u1edbc t\u00ednh th\u1eddi gian \u0111\u1ecdc":"1 ph\u00fat"},"schema":{"@context":"https:\/\/schema.org","@graph":[{"@type":"WebPage","@id":"https:\/\/desireonline.shop\/vi\/san-pham\/intimate-melody-duong-vat-gia-strap-on-khong-day\/","url":"https:\/\/desireonline.shop\/vi\/san-pham\/intimate-melody-duong-vat-gia-strap-on-khong-day\/","name":"Intimate Melody D\u01b0\u01a1ng v\u1eadt gi\u1ea3 strap-on kh\u00f4ng d\u00e2y - Desire","isPartOf":{"@id":"https:\/\/desireonline.shop\/vi\/#website"},"primaryImageOfPage":{"@id":"https:\/\/desireonline.shop\/vi\/san-pham\/intimate-melody-duong-vat-gia-strap-on-khong-day\/#primaryimage"},"image":{"@id":"https:\/\/desireonline.shop\/vi\/san-pham\/intimate-melody-duong-vat-gia-strap-on-khong-day\/#primaryimage"},"thumbnailUrl":"https:\/\/desireonline.shop\/wp-content\/uploads\/2026\/02\/CN-613970706_00.jpg","datePublished":"2026-02-16T11:17:00+00:00","dateModified":"2026-03-10T05:28:21+00:00","breadcrumb":{"@id":"https:\/\/desireonline.shop\/vi\/san-pham\/intimate-melody-duong-vat-gia-strap-on-khong-day\/#breadcrumb"},"inLanguage":"vi","potentialAction":[{"@type":"ReadAction","target":["https:\/\/desireonline.shop\/vi\/san-pham\/intimate-melody-duong-vat-gia-strap-on-khong-day\/"]}]},{"@type":"ImageObject","inLanguage":"vi","@id":"https:\/\/desireonline.shop\/vi\/san-pham\/intimate-melody-duong-vat-gia-strap-on-khong-day\/#primaryimage","url":"https:\/\/desireonline.shop\/wp-content\/uploads\/2026\/02\/CN-613970706_00.jpg","contentUrl":"https:\/\/desireonline.shop\/wp-content\/uploads\/2026\/02\/CN-613970706_00.jpg","width":2500,"height":2500},{"@type":"BreadcrumbList","@id":"https:\/\/desireonline.shop\/vi\/san-pham\/intimate-melody-duong-vat-gia-strap-on-khong-day\/#breadcrumb","itemListElement":[{"@type":"ListItem","position":1,"name":"Home","item":"https:\/\/desireonline.shop\/vi\/trang-chu\/?lang=vi"},{"@type":"ListItem","position":2,"name":"T\u1ea5t c\u1ea3 s\u1ea3n ph\u1ea9m","item":"https:\/\/desireonline.shop\/cua-hang\/?lang=vi"},{"@type":"ListItem","position":3,"name":"Intimate Melody D\u01b0\u01a1ng v\u1eadt gi\u1ea3 strap-on kh\u00f4ng d\u00e2y"}]},{"@type":"WebSite","@id":"https:\/\/desireonline.shop\/vi\/#website","url":"https:\/\/desireonline.shop\/vi\/","name":"Desire","description":"Sexual Wellness Platform","publisher":{"@id":"https:\/\/desireonline.shop\/vi\/#organization"},"potentialAction":[{"@type":"SearchAction","target":{"@type":"EntryPoint","urlTemplate":"https:\/\/desireonline.shop\/vi\/?s={search_term_string}"},"query-input":{"@type":"PropertyValueSpecification","valueRequired":true,"valueName":"search_term_string"}}],"inLanguage":"vi"},{"@type":"Organization","@id":"https:\/\/desireonline.shop\/vi\/#organization","name":"Desire","url":"https:\/\/desireonline.shop\/vi\/","logo":{"@type":"ImageObject","inLanguage":"vi","@id":"https:\/\/desireonline.shop\/vi\/#\/schema\/logo\/image\/","url":"https:\/\/desireonline.shop\/wp-content\/uploads\/2024\/06\/Logo-Thick-Font-1.webp","contentUrl":"https:\/\/desireonline.shop\/wp-content\/uploads\/2024\/06\/Logo-Thick-Font-1.webp","width":268,"height":399,"caption":"Desire"},"image":{"@id":"https:\/\/desireonline.shop\/vi\/#\/schema\/logo\/image\/"}}]}},"_links":{"self":[{"href":"https:\/\/desireonline.shop\/vi\/wp-json\/wp\/v2\/product\/66536","targetHints":{"allow":["GET"]}}],"collection":[{"href":"https:\/\/desireonline.shop\/vi\/wp-json\/wp\/v2\/product"}],"about":[{"href":"https:\/\/desireonline.shop\/vi\/wp-json\/wp\/v2\/types\/product"}],"replies":[{"embeddable":true,"href":"https:\/\/desireonline.shop\/vi\/wp-json\/wp\/v2\/comments?post=66536"}],"version-history":[{"count":0,"href":"https:\/\/desireonline.shop\/vi\/wp-json\/wp\/v2\/product\/66536\/revisions"}],"wp:featuredmedia":[{"embeddable":true,"href":"https:\/\/desireonline.shop\/vi\/wp-json\/wp\/v2\/media\/62116"}],"wp:attachment":[{"href":"https:\/\/desireonline.shop\/vi\/wp-json\/wp\/v2\/media?parent=66536"}],"wp:term":[{"taxonomy":"product_brand","embeddable":true,"href":"https:\/\/desireonline.shop\/vi\/wp-json\/wp\/v2\/product_brand?post=66536"},{"taxonomy":"product_cat","embeddable":true,"href":"https:\/\/desireonline.shop\/vi\/wp-json\/wp\/v2\/product_cat?post=66536"},{"taxonomy":"product_tag","embeddable":true,"href":"https:\/\/desireonline.shop\/vi\/wp-json\/wp\/v2\/product_tag?post=66536"}],"curies":[{"name":"wp","href":"https:\/\/api.w.org\/{rel}","templated":true}]}}