{"id":66548,"date":"2026-02-16T11:18:00","date_gmt":"2026-02-16T11:18:00","guid":{"rendered":"https:\/\/desireonline.shop\/product\/t-skin-am-dao-gia-nam-abbys-serving-hand\/"},"modified":"2026-03-13T02:29:39","modified_gmt":"2026-03-13T02:29:39","slug":"t-skin-am-dao-gia-nam-abbys-serving-hand","status":"publish","type":"product","link":"https:\/\/desireonline.shop\/vi\/san-pham\/t-skin-am-dao-gia-nam-abbys-serving-hand\/","title":{"rendered":"T-Skin Pocket Stroker \u00c2m \u0111\u1ea1o gi\u1ea3 nam &#8211; Abby&#8217;s Serving Hand"},"content":{"rendered":"<p>\u0110\u01b0\u1ee3c thi\u1ebft k\u1ebf v\u1edbi m\u1ee5c ti\u00eau h\u1ed7 tr\u1ee3 luy\u1ec7n t\u1eadp s\u1ee9c b\u1ec1n, \u00e2m \u0111\u1ea1o gi\u1ea3 nam n\u00e0y khuy\u1ebfn kh\u00edch s\u1ef1 k\u00edch th\u00edch ch\u1eadm h\u01a1n v\u00e0 c\u00f3 ki\u1ec3m so\u00e1t h\u01a1n th\u00f4ng qua \u1ed1ng l\u00f3t b\u00ean trong m\u1ec1m m\u1ea1i. Thi\u1ebft k\u1ebf tho\u1ea3i m\u00e1i gi\u00fap b\u1ea1n d\u1ec5 d\u00e0ng t\u1eadp trung v\u00e0o nh\u1ecbp \u0111\u1ed9 v\u00e0 c\u1ea3m gi\u00e1c.<\/p>\n<p>L\u00fd t\u01b0\u1edfng cho vi\u1ec7c luy\u1ec7n t\u1eadp s\u1ee9c b\u1ec1n ho\u1eb7c nh\u1eefng tr\u1ea3i nghi\u1ec7m c\u00e1 nh\u00e2n k\u00e9o d\u00e0i, \u0111\u00e2y l\u00e0 c\u00f4ng c\u1ee5 thi\u1ebft th\u1ef1c cho nh\u1eefng ai mu\u1ed1n t\u0103ng kh\u1ea3 n\u0103ng ki\u1ec3m so\u00e1t trong khi v\u1eabn t\u1eadn h\u01b0\u1edfng kho\u00e1i c\u1ea3m th\u1ecfa m\u00e3n.<\/p>\n","protected":false},"excerpt":{"rendered":"<p>\u0110\u01b0\u1ee3c thi\u1ebft k\u1ebf v\u1edbi m\u1ee5c ti\u00eau h\u1ed7 tr\u1ee3 luy\u1ec7n t\u1eadp s\u1ee9c b\u1ec1n, \u00e2m \u0111\u1ea1o gi\u1ea3 nam n\u00e0y khuy\u1ebfn kh\u00edch s\u1ef1 k\u00edch th\u00edch ch\u1eadm h\u01a1n v\u00e0 c\u00f3 ki\u1ec3m so\u00e1t h\u01a1n th\u00f4ng&hellip;<\/p>\n","protected":false},"featured_media":62169,"comment_status":"open","ping_status":"closed","template":"","meta":{"_acf_changed":false},"product_brand":[],"product_cat":[1409],"product_tag":[],"class_list":{"0":"post-66548","1":"product","2":"type-product","3":"status-publish","4":"has-post-thumbnail","6":"product_cat-san-pham-kich-thich-cam-tay","8":"first","9":"instock","10":"shipping-taxable","11":"purchasable","12":"product-type-simple"},"acf":[],"yoast_head":"<!-- This site is optimized with the Yoast SEO plugin v27.1.1 - https:\/\/yoast.com\/product\/yoast-seo-wordpress\/ -->\n<title>T-Skin Pocket Stroker \u00c2m \u0111\u1ea1o gi\u1ea3 nam - Abby&#039;s Serving Hand - Desire<\/title>\n<meta name=\"robots\" content=\"index, follow, max-snippet:-1, max-image-preview:large, max-video-preview:-1\" \/>\n<link rel=\"canonical\" href=\"https:\/\/desireonline.shop\/vi\/san-pham\/t-skin-am-dao-gia-nam-abbys-serving-hand\/\" \/>\n<meta property=\"og:locale\" content=\"vi_VN\" \/>\n<meta property=\"og:type\" content=\"article\" \/>\n<meta property=\"og:title\" content=\"T-Skin Pocket Stroker \u00c2m \u0111\u1ea1o gi\u1ea3 nam - Abby&#039;s Serving Hand - Desire\" \/>\n<meta property=\"og:description\" content=\"\u0110\u01b0\u1ee3c thi\u1ebft k\u1ebf v\u1edbi m\u1ee5c ti\u00eau h\u1ed7 tr\u1ee3 luy\u1ec7n t\u1eadp s\u1ee9c b\u1ec1n, \u00e2m \u0111\u1ea1o gi\u1ea3 nam n\u00e0y khuy\u1ebfn kh\u00edch s\u1ef1 k\u00edch th\u00edch ch\u1eadm h\u01a1n v\u00e0 c\u00f3 ki\u1ec3m so\u00e1t h\u01a1n th\u00f4ng&hellip;\" \/>\n<meta property=\"og:url\" content=\"https:\/\/desireonline.shop\/vi\/san-pham\/t-skin-am-dao-gia-nam-abbys-serving-hand\/\" \/>\n<meta property=\"og:site_name\" content=\"Desire\" \/>\n<meta property=\"article:modified_time\" content=\"2026-03-13T02:29:39+00:00\" \/>\n<meta property=\"og:image\" content=\"https:\/\/desireonline.shop\/wp-content\/uploads\/2026\/02\/CN-102647896_00.jpg\" \/>\n\t<meta property=\"og:image:width\" content=\"1000\" \/>\n\t<meta property=\"og:image:height\" content=\"1000\" \/>\n\t<meta property=\"og:image:type\" content=\"image\/jpeg\" \/>\n<meta name=\"twitter:card\" content=\"summary_large_image\" \/>\n<meta name=\"twitter:label1\" content=\"\u01af\u1edbc t\u00ednh th\u1eddi gian \u0111\u1ecdc\" \/>\n\t<meta name=\"twitter:data1\" content=\"1 ph\u00fat\" \/>\n<script type=\"application\/ld+json\" class=\"yoast-schema-graph\">{\"@context\":\"https:\/\/schema.org\",\"@graph\":[{\"@type\":\"WebPage\",\"@id\":\"https:\/\/desireonline.shop\/vi\/san-pham\/t-skin-am-dao-gia-nam-abbys-serving-hand\/\",\"url\":\"https:\/\/desireonline.shop\/vi\/san-pham\/t-skin-am-dao-gia-nam-abbys-serving-hand\/\",\"name\":\"T-Skin Pocket Stroker \u00c2m \u0111\u1ea1o gi\u1ea3 nam - Abby's Serving Hand - Desire\",\"isPartOf\":{\"@id\":\"https:\/\/desireonline.shop\/vi\/#website\"},\"primaryImageOfPage\":{\"@id\":\"https:\/\/desireonline.shop\/vi\/san-pham\/t-skin-am-dao-gia-nam-abbys-serving-hand\/#primaryimage\"},\"image\":{\"@id\":\"https:\/\/desireonline.shop\/vi\/san-pham\/t-skin-am-dao-gia-nam-abbys-serving-hand\/#primaryimage\"},\"thumbnailUrl\":\"https:\/\/desireonline.shop\/wp-content\/uploads\/2026\/02\/CN-102647896_00.jpg\",\"datePublished\":\"2026-02-16T11:18:00+00:00\",\"dateModified\":\"2026-03-13T02:29:39+00:00\",\"breadcrumb\":{\"@id\":\"https:\/\/desireonline.shop\/vi\/san-pham\/t-skin-am-dao-gia-nam-abbys-serving-hand\/#breadcrumb\"},\"inLanguage\":\"vi\",\"potentialAction\":[{\"@type\":\"ReadAction\",\"target\":[\"https:\/\/desireonline.shop\/vi\/san-pham\/t-skin-am-dao-gia-nam-abbys-serving-hand\/\"]}]},{\"@type\":\"ImageObject\",\"inLanguage\":\"vi\",\"@id\":\"https:\/\/desireonline.shop\/vi\/san-pham\/t-skin-am-dao-gia-nam-abbys-serving-hand\/#primaryimage\",\"url\":\"https:\/\/desireonline.shop\/wp-content\/uploads\/2026\/02\/CN-102647896_00.jpg\",\"contentUrl\":\"https:\/\/desireonline.shop\/wp-content\/uploads\/2026\/02\/CN-102647896_00.jpg\",\"width\":1000,\"height\":1000},{\"@type\":\"BreadcrumbList\",\"@id\":\"https:\/\/desireonline.shop\/vi\/san-pham\/t-skin-am-dao-gia-nam-abbys-serving-hand\/#breadcrumb\",\"itemListElement\":[{\"@type\":\"ListItem\",\"position\":1,\"name\":\"Home\",\"item\":\"https:\/\/desireonline.shop\/vi\/trang-chu\/?lang=vi\"},{\"@type\":\"ListItem\",\"position\":2,\"name\":\"T\u1ea5t c\u1ea3 s\u1ea3n ph\u1ea9m\",\"item\":\"https:\/\/desireonline.shop\/cua-hang\/?lang=vi\"},{\"@type\":\"ListItem\",\"position\":3,\"name\":\"T-Skin Pocket Stroker \u00c2m \u0111\u1ea1o gi\u1ea3 nam &#8211; Abby&#8217;s Serving Hand\"}]},{\"@type\":\"WebSite\",\"@id\":\"https:\/\/desireonline.shop\/vi\/#website\",\"url\":\"https:\/\/desireonline.shop\/vi\/\",\"name\":\"Desire\",\"description\":\"Sexual Wellness Platform\",\"publisher\":{\"@id\":\"https:\/\/desireonline.shop\/vi\/#organization\"},\"potentialAction\":[{\"@type\":\"SearchAction\",\"target\":{\"@type\":\"EntryPoint\",\"urlTemplate\":\"https:\/\/desireonline.shop\/vi\/?s={search_term_string}\"},\"query-input\":{\"@type\":\"PropertyValueSpecification\",\"valueRequired\":true,\"valueName\":\"search_term_string\"}}],\"inLanguage\":\"vi\"},{\"@type\":\"Organization\",\"@id\":\"https:\/\/desireonline.shop\/vi\/#organization\",\"name\":\"Desire\",\"url\":\"https:\/\/desireonline.shop\/vi\/\",\"logo\":{\"@type\":\"ImageObject\",\"inLanguage\":\"vi\",\"@id\":\"https:\/\/desireonline.shop\/vi\/#\/schema\/logo\/image\/\",\"url\":\"https:\/\/desireonline.shop\/wp-content\/uploads\/2024\/06\/Logo-Thick-Font-1.webp\",\"contentUrl\":\"https:\/\/desireonline.shop\/wp-content\/uploads\/2024\/06\/Logo-Thick-Font-1.webp\",\"width\":268,\"height\":399,\"caption\":\"Desire\"},\"image\":{\"@id\":\"https:\/\/desireonline.shop\/vi\/#\/schema\/logo\/image\/\"}}]}<\/script>\n<!-- \/ Yoast SEO plugin. -->","yoast_head_json":{"title":"T-Skin Pocket Stroker \u00c2m \u0111\u1ea1o gi\u1ea3 nam - Abby's Serving Hand - Desire","robots":{"index":"index","follow":"follow","max-snippet":"max-snippet:-1","max-image-preview":"max-image-preview:large","max-video-preview":"max-video-preview:-1"},"canonical":"https:\/\/desireonline.shop\/vi\/san-pham\/t-skin-am-dao-gia-nam-abbys-serving-hand\/","og_locale":"vi_VN","og_type":"article","og_title":"T-Skin Pocket Stroker \u00c2m \u0111\u1ea1o gi\u1ea3 nam - Abby's Serving Hand - Desire","og_description":"\u0110\u01b0\u1ee3c thi\u1ebft k\u1ebf v\u1edbi m\u1ee5c ti\u00eau h\u1ed7 tr\u1ee3 luy\u1ec7n t\u1eadp s\u1ee9c b\u1ec1n, \u00e2m \u0111\u1ea1o gi\u1ea3 nam n\u00e0y khuy\u1ebfn kh\u00edch s\u1ef1 k\u00edch th\u00edch ch\u1eadm h\u01a1n v\u00e0 c\u00f3 ki\u1ec3m so\u00e1t h\u01a1n th\u00f4ng&hellip;","og_url":"https:\/\/desireonline.shop\/vi\/san-pham\/t-skin-am-dao-gia-nam-abbys-serving-hand\/","og_site_name":"Desire","article_modified_time":"2026-03-13T02:29:39+00:00","og_image":[{"width":1000,"height":1000,"url":"https:\/\/desireonline.shop\/wp-content\/uploads\/2026\/02\/CN-102647896_00.jpg","type":"image\/jpeg"}],"twitter_card":"summary_large_image","twitter_misc":{"\u01af\u1edbc t\u00ednh th\u1eddi gian \u0111\u1ecdc":"1 ph\u00fat"},"schema":{"@context":"https:\/\/schema.org","@graph":[{"@type":"WebPage","@id":"https:\/\/desireonline.shop\/vi\/san-pham\/t-skin-am-dao-gia-nam-abbys-serving-hand\/","url":"https:\/\/desireonline.shop\/vi\/san-pham\/t-skin-am-dao-gia-nam-abbys-serving-hand\/","name":"T-Skin Pocket Stroker \u00c2m \u0111\u1ea1o gi\u1ea3 nam - Abby's Serving Hand - Desire","isPartOf":{"@id":"https:\/\/desireonline.shop\/vi\/#website"},"primaryImageOfPage":{"@id":"https:\/\/desireonline.shop\/vi\/san-pham\/t-skin-am-dao-gia-nam-abbys-serving-hand\/#primaryimage"},"image":{"@id":"https:\/\/desireonline.shop\/vi\/san-pham\/t-skin-am-dao-gia-nam-abbys-serving-hand\/#primaryimage"},"thumbnailUrl":"https:\/\/desireonline.shop\/wp-content\/uploads\/2026\/02\/CN-102647896_00.jpg","datePublished":"2026-02-16T11:18:00+00:00","dateModified":"2026-03-13T02:29:39+00:00","breadcrumb":{"@id":"https:\/\/desireonline.shop\/vi\/san-pham\/t-skin-am-dao-gia-nam-abbys-serving-hand\/#breadcrumb"},"inLanguage":"vi","potentialAction":[{"@type":"ReadAction","target":["https:\/\/desireonline.shop\/vi\/san-pham\/t-skin-am-dao-gia-nam-abbys-serving-hand\/"]}]},{"@type":"ImageObject","inLanguage":"vi","@id":"https:\/\/desireonline.shop\/vi\/san-pham\/t-skin-am-dao-gia-nam-abbys-serving-hand\/#primaryimage","url":"https:\/\/desireonline.shop\/wp-content\/uploads\/2026\/02\/CN-102647896_00.jpg","contentUrl":"https:\/\/desireonline.shop\/wp-content\/uploads\/2026\/02\/CN-102647896_00.jpg","width":1000,"height":1000},{"@type":"BreadcrumbList","@id":"https:\/\/desireonline.shop\/vi\/san-pham\/t-skin-am-dao-gia-nam-abbys-serving-hand\/#breadcrumb","itemListElement":[{"@type":"ListItem","position":1,"name":"Home","item":"https:\/\/desireonline.shop\/vi\/trang-chu\/?lang=vi"},{"@type":"ListItem","position":2,"name":"T\u1ea5t c\u1ea3 s\u1ea3n ph\u1ea9m","item":"https:\/\/desireonline.shop\/cua-hang\/?lang=vi"},{"@type":"ListItem","position":3,"name":"T-Skin Pocket Stroker \u00c2m \u0111\u1ea1o gi\u1ea3 nam &#8211; Abby&#8217;s Serving Hand"}]},{"@type":"WebSite","@id":"https:\/\/desireonline.shop\/vi\/#website","url":"https:\/\/desireonline.shop\/vi\/","name":"Desire","description":"Sexual Wellness Platform","publisher":{"@id":"https:\/\/desireonline.shop\/vi\/#organization"},"potentialAction":[{"@type":"SearchAction","target":{"@type":"EntryPoint","urlTemplate":"https:\/\/desireonline.shop\/vi\/?s={search_term_string}"},"query-input":{"@type":"PropertyValueSpecification","valueRequired":true,"valueName":"search_term_string"}}],"inLanguage":"vi"},{"@type":"Organization","@id":"https:\/\/desireonline.shop\/vi\/#organization","name":"Desire","url":"https:\/\/desireonline.shop\/vi\/","logo":{"@type":"ImageObject","inLanguage":"vi","@id":"https:\/\/desireonline.shop\/vi\/#\/schema\/logo\/image\/","url":"https:\/\/desireonline.shop\/wp-content\/uploads\/2024\/06\/Logo-Thick-Font-1.webp","contentUrl":"https:\/\/desireonline.shop\/wp-content\/uploads\/2024\/06\/Logo-Thick-Font-1.webp","width":268,"height":399,"caption":"Desire"},"image":{"@id":"https:\/\/desireonline.shop\/vi\/#\/schema\/logo\/image\/"}}]}},"_links":{"self":[{"href":"https:\/\/desireonline.shop\/vi\/wp-json\/wp\/v2\/product\/66548","targetHints":{"allow":["GET"]}}],"collection":[{"href":"https:\/\/desireonline.shop\/vi\/wp-json\/wp\/v2\/product"}],"about":[{"href":"https:\/\/desireonline.shop\/vi\/wp-json\/wp\/v2\/types\/product"}],"replies":[{"embeddable":true,"href":"https:\/\/desireonline.shop\/vi\/wp-json\/wp\/v2\/comments?post=66548"}],"version-history":[{"count":0,"href":"https:\/\/desireonline.shop\/vi\/wp-json\/wp\/v2\/product\/66548\/revisions"}],"wp:featuredmedia":[{"embeddable":true,"href":"https:\/\/desireonline.shop\/vi\/wp-json\/wp\/v2\/media\/62169"}],"wp:attachment":[{"href":"https:\/\/desireonline.shop\/vi\/wp-json\/wp\/v2\/media?parent=66548"}],"wp:term":[{"taxonomy":"product_brand","embeddable":true,"href":"https:\/\/desireonline.shop\/vi\/wp-json\/wp\/v2\/product_brand?post=66548"},{"taxonomy":"product_cat","embeddable":true,"href":"https:\/\/desireonline.shop\/vi\/wp-json\/wp\/v2\/product_cat?post=66548"},{"taxonomy":"product_tag","embeddable":true,"href":"https:\/\/desireonline.shop\/vi\/wp-json\/wp\/v2\/product_tag?post=66548"}],"curies":[{"name":"wp","href":"https:\/\/api.w.org\/{rel}","templated":true}]}}