{"id":66580,"date":"2026-02-16T11:18:00","date_gmt":"2026-02-16T11:18:00","guid":{"rendered":"https:\/\/desireonline.shop\/product\/t-skin-am-dao-gia-nam-stroking-ticklers\/"},"modified":"2026-03-10T05:28:05","modified_gmt":"2026-03-10T05:28:05","slug":"t-skin-am-dao-gia-nam-stroking-ticklers","status":"publish","type":"product","link":"https:\/\/desireonline.shop\/vi\/san-pham\/t-skin-am-dao-gia-nam-stroking-ticklers\/","title":{"rendered":"T-Skin \u00c2m \u0111\u1ea1o gi\u1ea3 nam Stroking Ticklers"},"content":{"rendered":"<p>\u0110\u01b0\u1ee3c thi\u1ebft k\u1ebf \u0111\u1ec3 h\u1ed7 tr\u1ee3 luy\u1ec7n t\u1eadp s\u1ee9c b\u1ec1n, \u00e2m \u0111\u1ea1o gi\u1ea3 nam n\u00e0y c\u00f3 b\u1ec1 m\u1eb7t b\u00ean trong m\u1ec1m v\u1edbi k\u1ebft c\u1ea5u \u0111\u1eb7c bi\u1ec7t gi\u00fap khuy\u1ebfn kh\u00edch s\u1ef1 k\u00edch th\u00edch ch\u1eadm h\u01a1n v\u00e0 c\u00f3 ki\u1ec3m so\u00e1t. Thi\u1ebft k\u1ebf tho\u1ea3i m\u00e1i gi\u00fap b\u1ea1n d\u1ec5 d\u00e0ng t\u1eadp trung v\u00e0o c\u1ea3m gi\u00e1c m\u00e0 kh\u00f4ng c\u1ea7n v\u1ed9i v\u00e0ng trong tr\u1ea3i nghi\u1ec7m.<\/p>\n<p>L\u00fd t\u01b0\u1edfng cho vi\u1ec7c x\u00e2y d\u1ef1ng s\u1ee9c b\u1ec1n ho\u1eb7c t\u1eadn h\u01b0\u1edfng nh\u1eefng tr\u1ea3i nghi\u1ec7m c\u00e1 nh\u00e2n k\u00e9o d\u00e0i, \u0111\u00e2y l\u00e0 m\u1ed9t l\u1ef1a ch\u1ecdn thi\u1ebft th\u1ef1c v\u00e0 d\u1ec5 ti\u1ebfp c\u1eadn cho th\u00f3i quen c\u00e1 nh\u00e2n.<\/p>\n","protected":false},"excerpt":{"rendered":"<p>\u0110\u01b0\u1ee3c thi\u1ebft k\u1ebf \u0111\u1ec3 h\u1ed7 tr\u1ee3 luy\u1ec7n t\u1eadp s\u1ee9c b\u1ec1n, \u00e2m \u0111\u1ea1o gi\u1ea3 nam n\u00e0y c\u00f3 b\u1ec1 m\u1eb7t b\u00ean trong m\u1ec1m v\u1edbi k\u1ebft c\u1ea5u \u0111\u1eb7c bi\u1ec7t gi\u00fap khuy\u1ebfn kh\u00edch s\u1ef1&hellip;<\/p>\n","protected":false},"featured_media":62138,"comment_status":"open","ping_status":"closed","template":"","meta":{"_acf_changed":false},"product_brand":[],"product_cat":[1409],"product_tag":[],"class_list":{"0":"post-66580","1":"product","2":"type-product","3":"status-publish","4":"has-post-thumbnail","6":"product_cat-san-pham-kich-thich-cam-tay","8":"first","9":"instock","10":"shipping-taxable","11":"purchasable","12":"product-type-simple"},"acf":[],"yoast_head":"<!-- This site is optimized with the Yoast SEO plugin v27.1.1 - https:\/\/yoast.com\/product\/yoast-seo-wordpress\/ -->\n<title>T-Skin \u00c2m \u0111\u1ea1o gi\u1ea3 nam Stroking Ticklers - Desire<\/title>\n<meta name=\"robots\" content=\"index, follow, max-snippet:-1, max-image-preview:large, max-video-preview:-1\" \/>\n<link rel=\"canonical\" href=\"https:\/\/desireonline.shop\/vi\/san-pham\/t-skin-am-dao-gia-nam-stroking-ticklers\/\" \/>\n<meta property=\"og:locale\" content=\"vi_VN\" \/>\n<meta property=\"og:type\" content=\"article\" \/>\n<meta property=\"og:title\" content=\"T-Skin \u00c2m \u0111\u1ea1o gi\u1ea3 nam Stroking Ticklers - Desire\" \/>\n<meta property=\"og:description\" content=\"\u0110\u01b0\u1ee3c thi\u1ebft k\u1ebf \u0111\u1ec3 h\u1ed7 tr\u1ee3 luy\u1ec7n t\u1eadp s\u1ee9c b\u1ec1n, \u00e2m \u0111\u1ea1o gi\u1ea3 nam n\u00e0y c\u00f3 b\u1ec1 m\u1eb7t b\u00ean trong m\u1ec1m v\u1edbi k\u1ebft c\u1ea5u \u0111\u1eb7c bi\u1ec7t gi\u00fap khuy\u1ebfn kh\u00edch s\u1ef1&hellip;\" \/>\n<meta property=\"og:url\" content=\"https:\/\/desireonline.shop\/vi\/san-pham\/t-skin-am-dao-gia-nam-stroking-ticklers\/\" \/>\n<meta property=\"og:site_name\" content=\"Desire\" \/>\n<meta property=\"article:modified_time\" content=\"2026-03-10T05:28:05+00:00\" \/>\n<meta property=\"og:image\" content=\"https:\/\/desireonline.shop\/wp-content\/uploads\/2026\/02\/CN-102671447_00.jpg\" \/>\n\t<meta property=\"og:image:width\" content=\"1000\" \/>\n\t<meta property=\"og:image:height\" content=\"1000\" \/>\n\t<meta property=\"og:image:type\" content=\"image\/jpeg\" \/>\n<meta name=\"twitter:card\" content=\"summary_large_image\" \/>\n<meta name=\"twitter:label1\" content=\"\u01af\u1edbc t\u00ednh th\u1eddi gian \u0111\u1ecdc\" \/>\n\t<meta name=\"twitter:data1\" content=\"1 ph\u00fat\" \/>\n<script type=\"application\/ld+json\" class=\"yoast-schema-graph\">{\"@context\":\"https:\/\/schema.org\",\"@graph\":[{\"@type\":\"WebPage\",\"@id\":\"https:\/\/desireonline.shop\/vi\/san-pham\/t-skin-am-dao-gia-nam-stroking-ticklers\/\",\"url\":\"https:\/\/desireonline.shop\/vi\/san-pham\/t-skin-am-dao-gia-nam-stroking-ticklers\/\",\"name\":\"T-Skin \u00c2m \u0111\u1ea1o gi\u1ea3 nam Stroking Ticklers - Desire\",\"isPartOf\":{\"@id\":\"https:\/\/desireonline.shop\/vi\/#website\"},\"primaryImageOfPage\":{\"@id\":\"https:\/\/desireonline.shop\/vi\/san-pham\/t-skin-am-dao-gia-nam-stroking-ticklers\/#primaryimage\"},\"image\":{\"@id\":\"https:\/\/desireonline.shop\/vi\/san-pham\/t-skin-am-dao-gia-nam-stroking-ticklers\/#primaryimage\"},\"thumbnailUrl\":\"https:\/\/desireonline.shop\/wp-content\/uploads\/2026\/02\/CN-102671447_00.jpg\",\"datePublished\":\"2026-02-16T11:18:00+00:00\",\"dateModified\":\"2026-03-10T05:28:05+00:00\",\"breadcrumb\":{\"@id\":\"https:\/\/desireonline.shop\/vi\/san-pham\/t-skin-am-dao-gia-nam-stroking-ticklers\/#breadcrumb\"},\"inLanguage\":\"vi\",\"potentialAction\":[{\"@type\":\"ReadAction\",\"target\":[\"https:\/\/desireonline.shop\/vi\/san-pham\/t-skin-am-dao-gia-nam-stroking-ticklers\/\"]}]},{\"@type\":\"ImageObject\",\"inLanguage\":\"vi\",\"@id\":\"https:\/\/desireonline.shop\/vi\/san-pham\/t-skin-am-dao-gia-nam-stroking-ticklers\/#primaryimage\",\"url\":\"https:\/\/desireonline.shop\/wp-content\/uploads\/2026\/02\/CN-102671447_00.jpg\",\"contentUrl\":\"https:\/\/desireonline.shop\/wp-content\/uploads\/2026\/02\/CN-102671447_00.jpg\",\"width\":1000,\"height\":1000},{\"@type\":\"BreadcrumbList\",\"@id\":\"https:\/\/desireonline.shop\/vi\/san-pham\/t-skin-am-dao-gia-nam-stroking-ticklers\/#breadcrumb\",\"itemListElement\":[{\"@type\":\"ListItem\",\"position\":1,\"name\":\"Home\",\"item\":\"https:\/\/desireonline.shop\/vi\/trang-chu\/?lang=vi\"},{\"@type\":\"ListItem\",\"position\":2,\"name\":\"T\u1ea5t c\u1ea3 s\u1ea3n ph\u1ea9m\",\"item\":\"https:\/\/desireonline.shop\/cua-hang\/?lang=vi\"},{\"@type\":\"ListItem\",\"position\":3,\"name\":\"T-Skin \u00c2m \u0111\u1ea1o gi\u1ea3 nam Stroking Ticklers\"}]},{\"@type\":\"WebSite\",\"@id\":\"https:\/\/desireonline.shop\/vi\/#website\",\"url\":\"https:\/\/desireonline.shop\/vi\/\",\"name\":\"Desire\",\"description\":\"Sexual Wellness Platform\",\"publisher\":{\"@id\":\"https:\/\/desireonline.shop\/vi\/#organization\"},\"potentialAction\":[{\"@type\":\"SearchAction\",\"target\":{\"@type\":\"EntryPoint\",\"urlTemplate\":\"https:\/\/desireonline.shop\/vi\/?s={search_term_string}\"},\"query-input\":{\"@type\":\"PropertyValueSpecification\",\"valueRequired\":true,\"valueName\":\"search_term_string\"}}],\"inLanguage\":\"vi\"},{\"@type\":\"Organization\",\"@id\":\"https:\/\/desireonline.shop\/vi\/#organization\",\"name\":\"Desire\",\"url\":\"https:\/\/desireonline.shop\/vi\/\",\"logo\":{\"@type\":\"ImageObject\",\"inLanguage\":\"vi\",\"@id\":\"https:\/\/desireonline.shop\/vi\/#\/schema\/logo\/image\/\",\"url\":\"https:\/\/desireonline.shop\/wp-content\/uploads\/2024\/06\/Logo-Thick-Font-1.webp\",\"contentUrl\":\"https:\/\/desireonline.shop\/wp-content\/uploads\/2024\/06\/Logo-Thick-Font-1.webp\",\"width\":268,\"height\":399,\"caption\":\"Desire\"},\"image\":{\"@id\":\"https:\/\/desireonline.shop\/vi\/#\/schema\/logo\/image\/\"}}]}<\/script>\n<!-- \/ Yoast SEO plugin. -->","yoast_head_json":{"title":"T-Skin \u00c2m \u0111\u1ea1o gi\u1ea3 nam Stroking Ticklers - Desire","robots":{"index":"index","follow":"follow","max-snippet":"max-snippet:-1","max-image-preview":"max-image-preview:large","max-video-preview":"max-video-preview:-1"},"canonical":"https:\/\/desireonline.shop\/vi\/san-pham\/t-skin-am-dao-gia-nam-stroking-ticklers\/","og_locale":"vi_VN","og_type":"article","og_title":"T-Skin \u00c2m \u0111\u1ea1o gi\u1ea3 nam Stroking Ticklers - Desire","og_description":"\u0110\u01b0\u1ee3c thi\u1ebft k\u1ebf \u0111\u1ec3 h\u1ed7 tr\u1ee3 luy\u1ec7n t\u1eadp s\u1ee9c b\u1ec1n, \u00e2m \u0111\u1ea1o gi\u1ea3 nam n\u00e0y c\u00f3 b\u1ec1 m\u1eb7t b\u00ean trong m\u1ec1m v\u1edbi k\u1ebft c\u1ea5u \u0111\u1eb7c bi\u1ec7t gi\u00fap khuy\u1ebfn kh\u00edch s\u1ef1&hellip;","og_url":"https:\/\/desireonline.shop\/vi\/san-pham\/t-skin-am-dao-gia-nam-stroking-ticklers\/","og_site_name":"Desire","article_modified_time":"2026-03-10T05:28:05+00:00","og_image":[{"width":1000,"height":1000,"url":"https:\/\/desireonline.shop\/wp-content\/uploads\/2026\/02\/CN-102671447_00.jpg","type":"image\/jpeg"}],"twitter_card":"summary_large_image","twitter_misc":{"\u01af\u1edbc t\u00ednh th\u1eddi gian \u0111\u1ecdc":"1 ph\u00fat"},"schema":{"@context":"https:\/\/schema.org","@graph":[{"@type":"WebPage","@id":"https:\/\/desireonline.shop\/vi\/san-pham\/t-skin-am-dao-gia-nam-stroking-ticklers\/","url":"https:\/\/desireonline.shop\/vi\/san-pham\/t-skin-am-dao-gia-nam-stroking-ticklers\/","name":"T-Skin \u00c2m \u0111\u1ea1o gi\u1ea3 nam Stroking Ticklers - Desire","isPartOf":{"@id":"https:\/\/desireonline.shop\/vi\/#website"},"primaryImageOfPage":{"@id":"https:\/\/desireonline.shop\/vi\/san-pham\/t-skin-am-dao-gia-nam-stroking-ticklers\/#primaryimage"},"image":{"@id":"https:\/\/desireonline.shop\/vi\/san-pham\/t-skin-am-dao-gia-nam-stroking-ticklers\/#primaryimage"},"thumbnailUrl":"https:\/\/desireonline.shop\/wp-content\/uploads\/2026\/02\/CN-102671447_00.jpg","datePublished":"2026-02-16T11:18:00+00:00","dateModified":"2026-03-10T05:28:05+00:00","breadcrumb":{"@id":"https:\/\/desireonline.shop\/vi\/san-pham\/t-skin-am-dao-gia-nam-stroking-ticklers\/#breadcrumb"},"inLanguage":"vi","potentialAction":[{"@type":"ReadAction","target":["https:\/\/desireonline.shop\/vi\/san-pham\/t-skin-am-dao-gia-nam-stroking-ticklers\/"]}]},{"@type":"ImageObject","inLanguage":"vi","@id":"https:\/\/desireonline.shop\/vi\/san-pham\/t-skin-am-dao-gia-nam-stroking-ticklers\/#primaryimage","url":"https:\/\/desireonline.shop\/wp-content\/uploads\/2026\/02\/CN-102671447_00.jpg","contentUrl":"https:\/\/desireonline.shop\/wp-content\/uploads\/2026\/02\/CN-102671447_00.jpg","width":1000,"height":1000},{"@type":"BreadcrumbList","@id":"https:\/\/desireonline.shop\/vi\/san-pham\/t-skin-am-dao-gia-nam-stroking-ticklers\/#breadcrumb","itemListElement":[{"@type":"ListItem","position":1,"name":"Home","item":"https:\/\/desireonline.shop\/vi\/trang-chu\/?lang=vi"},{"@type":"ListItem","position":2,"name":"T\u1ea5t c\u1ea3 s\u1ea3n ph\u1ea9m","item":"https:\/\/desireonline.shop\/cua-hang\/?lang=vi"},{"@type":"ListItem","position":3,"name":"T-Skin \u00c2m \u0111\u1ea1o gi\u1ea3 nam Stroking Ticklers"}]},{"@type":"WebSite","@id":"https:\/\/desireonline.shop\/vi\/#website","url":"https:\/\/desireonline.shop\/vi\/","name":"Desire","description":"Sexual Wellness Platform","publisher":{"@id":"https:\/\/desireonline.shop\/vi\/#organization"},"potentialAction":[{"@type":"SearchAction","target":{"@type":"EntryPoint","urlTemplate":"https:\/\/desireonline.shop\/vi\/?s={search_term_string}"},"query-input":{"@type":"PropertyValueSpecification","valueRequired":true,"valueName":"search_term_string"}}],"inLanguage":"vi"},{"@type":"Organization","@id":"https:\/\/desireonline.shop\/vi\/#organization","name":"Desire","url":"https:\/\/desireonline.shop\/vi\/","logo":{"@type":"ImageObject","inLanguage":"vi","@id":"https:\/\/desireonline.shop\/vi\/#\/schema\/logo\/image\/","url":"https:\/\/desireonline.shop\/wp-content\/uploads\/2024\/06\/Logo-Thick-Font-1.webp","contentUrl":"https:\/\/desireonline.shop\/wp-content\/uploads\/2024\/06\/Logo-Thick-Font-1.webp","width":268,"height":399,"caption":"Desire"},"image":{"@id":"https:\/\/desireonline.shop\/vi\/#\/schema\/logo\/image\/"}}]}},"_links":{"self":[{"href":"https:\/\/desireonline.shop\/vi\/wp-json\/wp\/v2\/product\/66580","targetHints":{"allow":["GET"]}}],"collection":[{"href":"https:\/\/desireonline.shop\/vi\/wp-json\/wp\/v2\/product"}],"about":[{"href":"https:\/\/desireonline.shop\/vi\/wp-json\/wp\/v2\/types\/product"}],"replies":[{"embeddable":true,"href":"https:\/\/desireonline.shop\/vi\/wp-json\/wp\/v2\/comments?post=66580"}],"version-history":[{"count":0,"href":"https:\/\/desireonline.shop\/vi\/wp-json\/wp\/v2\/product\/66580\/revisions"}],"wp:featuredmedia":[{"embeddable":true,"href":"https:\/\/desireonline.shop\/vi\/wp-json\/wp\/v2\/media\/62138"}],"wp:attachment":[{"href":"https:\/\/desireonline.shop\/vi\/wp-json\/wp\/v2\/media?parent=66580"}],"wp:term":[{"taxonomy":"product_brand","embeddable":true,"href":"https:\/\/desireonline.shop\/vi\/wp-json\/wp\/v2\/product_brand?post=66580"},{"taxonomy":"product_cat","embeddable":true,"href":"https:\/\/desireonline.shop\/vi\/wp-json\/wp\/v2\/product_cat?post=66580"},{"taxonomy":"product_tag","embeddable":true,"href":"https:\/\/desireonline.shop\/vi\/wp-json\/wp\/v2\/product_tag?post=66580"}],"curies":[{"name":"wp","href":"https:\/\/api.w.org\/{rel}","templated":true}]}}