{"id":66588,"date":"2026-02-16T11:19:00","date_gmt":"2026-02-16T11:19:00","guid":{"rendered":"https:\/\/desireonline.shop\/product\/hot-storm-duong-vat-gia-strap-on-thumper\/"},"modified":"2026-03-10T05:28:06","modified_gmt":"2026-03-10T05:28:06","slug":"hot-storm-duong-vat-gia-strap-on-thumper","status":"publish","type":"product","link":"https:\/\/desireonline.shop\/vi\/san-pham\/hot-storm-duong-vat-gia-strap-on-thumper\/","title":{"rendered":"HOT STORM D\u01b0\u01a1ng v\u1eadt gi\u1ea3 strap-on Thumper"},"content":{"rendered":"<p>\u0110\u01b0\u1ee3c thi\u1ebft k\u1ebf \u0111\u1ec3 mang l\u1ea1i s\u1ef1 tho\u1ea3i m\u00e1i v\u00e0 t\u1ef1 tin, d\u00e2y \u0111eo strap-on c\u00f3 th\u1ec3 \u0111i\u1ec1u ch\u1ec9nh n\u00e0y mang l\u1ea1i \u0111\u1ed9 v\u1eeba v\u1eb7n ch\u1eafc ch\u1eafn v\u00e0 d\u1ec5 d\u00e0ng t\u00f9y ch\u1ec9nh. Thi\u1ebft k\u1ebf h\u1ed7 tr\u1ee3 gi\u00fap gi\u1eef m\u1ecdi th\u1ee9 c\u1ed1 \u0111\u1ecbnh tho\u1ea3i m\u00e1i, cho ph\u00e9p b\u1ea1n t\u1eadp trung ho\u00e0n to\u00e0n v\u00e0o s\u1ef1 k\u1ebft n\u1ed1i v\u00e0 c\u1ea3m gi\u00e1c.<\/p>\n<p>\u0110\u01b0\u1ee3c l\u00e0m t\u1eeb ch\u1ea5t li\u1ec7u kh\u00f4ng ch\u1ee9a phthalate, s\u1ea3n ph\u1ea9m ph\u00f9 h\u1ee3p cho vi\u1ec7c s\u1eed d\u1ee5ng l\u00e2u d\u00e0i v\u00e0 nhi\u1ec1u l\u1ea7n. M\u1ed9t l\u1ef1a ch\u1ecdn \u0111\u00e1ng tin c\u1eady cho c\u00e1c c\u1eb7p \u0111\u00f4i mu\u1ed1n kh\u00e1m ph\u00e1 tr\u1ea3i nghi\u1ec7m strap-on m\u1ed9t c\u00e1ch d\u1ec5 d\u00e0ng v\u00e0 tho\u1ea3i m\u00e1i.<\/p>\n","protected":false},"excerpt":{"rendered":"<p>\u0110\u01b0\u1ee3c thi\u1ebft k\u1ebf \u0111\u1ec3 mang l\u1ea1i s\u1ef1 tho\u1ea3i m\u00e1i v\u00e0 t\u1ef1 tin, d\u00e2y \u0111eo strap-on c\u00f3 th\u1ec3 \u0111i\u1ec1u ch\u1ec9nh n\u00e0y mang l\u1ea1i \u0111\u1ed9 v\u1eeba v\u1eb7n ch\u1eafc ch\u1eafn v\u00e0 d\u1ec5 d\u00e0ng&hellip;<\/p>\n","protected":false},"featured_media":62202,"comment_status":"open","ping_status":"closed","template":"","meta":{"_acf_changed":false},"product_brand":[],"product_cat":[1373],"product_tag":[],"class_list":{"0":"post-66588","1":"product","2":"type-product","3":"status-publish","4":"has-post-thumbnail","6":"product_cat-duong-vat-gia-gan-deo","8":"first","9":"instock","10":"shipping-taxable","11":"purchasable","12":"product-type-simple"},"acf":[],"yoast_head":"<!-- This site is optimized with the Yoast SEO plugin v27.1.1 - https:\/\/yoast.com\/product\/yoast-seo-wordpress\/ -->\n<title>HOT STORM D\u01b0\u01a1ng v\u1eadt gi\u1ea3 strap-on Thumper - Desire<\/title>\n<meta name=\"robots\" content=\"index, follow, max-snippet:-1, max-image-preview:large, max-video-preview:-1\" \/>\n<link rel=\"canonical\" href=\"https:\/\/desireonline.shop\/vi\/san-pham\/hot-storm-duong-vat-gia-strap-on-thumper\/\" \/>\n<meta property=\"og:locale\" content=\"vi_VN\" \/>\n<meta property=\"og:type\" content=\"article\" \/>\n<meta property=\"og:title\" content=\"HOT STORM D\u01b0\u01a1ng v\u1eadt gi\u1ea3 strap-on Thumper - Desire\" \/>\n<meta property=\"og:description\" content=\"\u0110\u01b0\u1ee3c thi\u1ebft k\u1ebf \u0111\u1ec3 mang l\u1ea1i s\u1ef1 tho\u1ea3i m\u00e1i v\u00e0 t\u1ef1 tin, d\u00e2y \u0111eo strap-on c\u00f3 th\u1ec3 \u0111i\u1ec1u ch\u1ec9nh n\u00e0y mang l\u1ea1i \u0111\u1ed9 v\u1eeba v\u1eb7n ch\u1eafc ch\u1eafn v\u00e0 d\u1ec5 d\u00e0ng&hellip;\" \/>\n<meta property=\"og:url\" content=\"https:\/\/desireonline.shop\/vi\/san-pham\/hot-storm-duong-vat-gia-strap-on-thumper\/\" \/>\n<meta property=\"og:site_name\" content=\"Desire\" \/>\n<meta property=\"article:modified_time\" content=\"2026-03-10T05:28:06+00:00\" \/>\n<meta property=\"og:image\" content=\"https:\/\/desireonline.shop\/wp-content\/uploads\/2026\/02\/CN-104079215_00-scaled.jpg\" \/>\n\t<meta property=\"og:image:width\" content=\"2560\" \/>\n\t<meta property=\"og:image:height\" content=\"1886\" \/>\n\t<meta property=\"og:image:type\" content=\"image\/jpeg\" \/>\n<meta name=\"twitter:card\" content=\"summary_large_image\" \/>\n<meta name=\"twitter:label1\" content=\"\u01af\u1edbc t\u00ednh th\u1eddi gian \u0111\u1ecdc\" \/>\n\t<meta name=\"twitter:data1\" content=\"1 ph\u00fat\" \/>\n<script type=\"application\/ld+json\" class=\"yoast-schema-graph\">{\"@context\":\"https:\/\/schema.org\",\"@graph\":[{\"@type\":\"WebPage\",\"@id\":\"https:\/\/desireonline.shop\/vi\/san-pham\/hot-storm-duong-vat-gia-strap-on-thumper\/\",\"url\":\"https:\/\/desireonline.shop\/vi\/san-pham\/hot-storm-duong-vat-gia-strap-on-thumper\/\",\"name\":\"HOT STORM D\u01b0\u01a1ng v\u1eadt gi\u1ea3 strap-on Thumper - Desire\",\"isPartOf\":{\"@id\":\"https:\/\/desireonline.shop\/vi\/#website\"},\"primaryImageOfPage\":{\"@id\":\"https:\/\/desireonline.shop\/vi\/san-pham\/hot-storm-duong-vat-gia-strap-on-thumper\/#primaryimage\"},\"image\":{\"@id\":\"https:\/\/desireonline.shop\/vi\/san-pham\/hot-storm-duong-vat-gia-strap-on-thumper\/#primaryimage\"},\"thumbnailUrl\":\"https:\/\/desireonline.shop\/wp-content\/uploads\/2026\/02\/CN-104079215_00-scaled.jpg\",\"datePublished\":\"2026-02-16T11:19:00+00:00\",\"dateModified\":\"2026-03-10T05:28:06+00:00\",\"breadcrumb\":{\"@id\":\"https:\/\/desireonline.shop\/vi\/san-pham\/hot-storm-duong-vat-gia-strap-on-thumper\/#breadcrumb\"},\"inLanguage\":\"vi\",\"potentialAction\":[{\"@type\":\"ReadAction\",\"target\":[\"https:\/\/desireonline.shop\/vi\/san-pham\/hot-storm-duong-vat-gia-strap-on-thumper\/\"]}]},{\"@type\":\"ImageObject\",\"inLanguage\":\"vi\",\"@id\":\"https:\/\/desireonline.shop\/vi\/san-pham\/hot-storm-duong-vat-gia-strap-on-thumper\/#primaryimage\",\"url\":\"https:\/\/desireonline.shop\/wp-content\/uploads\/2026\/02\/CN-104079215_00-scaled.jpg\",\"contentUrl\":\"https:\/\/desireonline.shop\/wp-content\/uploads\/2026\/02\/CN-104079215_00-scaled.jpg\",\"width\":2560,\"height\":1886},{\"@type\":\"BreadcrumbList\",\"@id\":\"https:\/\/desireonline.shop\/vi\/san-pham\/hot-storm-duong-vat-gia-strap-on-thumper\/#breadcrumb\",\"itemListElement\":[{\"@type\":\"ListItem\",\"position\":1,\"name\":\"Home\",\"item\":\"https:\/\/desireonline.shop\/vi\/trang-chu\/?lang=vi\"},{\"@type\":\"ListItem\",\"position\":2,\"name\":\"T\u1ea5t c\u1ea3 s\u1ea3n ph\u1ea9m\",\"item\":\"https:\/\/desireonline.shop\/cua-hang\/?lang=vi\"},{\"@type\":\"ListItem\",\"position\":3,\"name\":\"HOT STORM D\u01b0\u01a1ng v\u1eadt gi\u1ea3 strap-on Thumper\"}]},{\"@type\":\"WebSite\",\"@id\":\"https:\/\/desireonline.shop\/vi\/#website\",\"url\":\"https:\/\/desireonline.shop\/vi\/\",\"name\":\"Desire\",\"description\":\"Sexual Wellness Platform\",\"publisher\":{\"@id\":\"https:\/\/desireonline.shop\/vi\/#organization\"},\"potentialAction\":[{\"@type\":\"SearchAction\",\"target\":{\"@type\":\"EntryPoint\",\"urlTemplate\":\"https:\/\/desireonline.shop\/vi\/?s={search_term_string}\"},\"query-input\":{\"@type\":\"PropertyValueSpecification\",\"valueRequired\":true,\"valueName\":\"search_term_string\"}}],\"inLanguage\":\"vi\"},{\"@type\":\"Organization\",\"@id\":\"https:\/\/desireonline.shop\/vi\/#organization\",\"name\":\"Desire\",\"url\":\"https:\/\/desireonline.shop\/vi\/\",\"logo\":{\"@type\":\"ImageObject\",\"inLanguage\":\"vi\",\"@id\":\"https:\/\/desireonline.shop\/vi\/#\/schema\/logo\/image\/\",\"url\":\"https:\/\/desireonline.shop\/wp-content\/uploads\/2024\/06\/Logo-Thick-Font-1.webp\",\"contentUrl\":\"https:\/\/desireonline.shop\/wp-content\/uploads\/2024\/06\/Logo-Thick-Font-1.webp\",\"width\":268,\"height\":399,\"caption\":\"Desire\"},\"image\":{\"@id\":\"https:\/\/desireonline.shop\/vi\/#\/schema\/logo\/image\/\"}}]}<\/script>\n<!-- \/ Yoast SEO plugin. -->","yoast_head_json":{"title":"HOT STORM D\u01b0\u01a1ng v\u1eadt gi\u1ea3 strap-on Thumper - Desire","robots":{"index":"index","follow":"follow","max-snippet":"max-snippet:-1","max-image-preview":"max-image-preview:large","max-video-preview":"max-video-preview:-1"},"canonical":"https:\/\/desireonline.shop\/vi\/san-pham\/hot-storm-duong-vat-gia-strap-on-thumper\/","og_locale":"vi_VN","og_type":"article","og_title":"HOT STORM D\u01b0\u01a1ng v\u1eadt gi\u1ea3 strap-on Thumper - Desire","og_description":"\u0110\u01b0\u1ee3c thi\u1ebft k\u1ebf \u0111\u1ec3 mang l\u1ea1i s\u1ef1 tho\u1ea3i m\u00e1i v\u00e0 t\u1ef1 tin, d\u00e2y \u0111eo strap-on c\u00f3 th\u1ec3 \u0111i\u1ec1u ch\u1ec9nh n\u00e0y mang l\u1ea1i \u0111\u1ed9 v\u1eeba v\u1eb7n ch\u1eafc ch\u1eafn v\u00e0 d\u1ec5 d\u00e0ng&hellip;","og_url":"https:\/\/desireonline.shop\/vi\/san-pham\/hot-storm-duong-vat-gia-strap-on-thumper\/","og_site_name":"Desire","article_modified_time":"2026-03-10T05:28:06+00:00","og_image":[{"width":2560,"height":1886,"url":"https:\/\/desireonline.shop\/wp-content\/uploads\/2026\/02\/CN-104079215_00-scaled.jpg","type":"image\/jpeg"}],"twitter_card":"summary_large_image","twitter_misc":{"\u01af\u1edbc t\u00ednh th\u1eddi gian \u0111\u1ecdc":"1 ph\u00fat"},"schema":{"@context":"https:\/\/schema.org","@graph":[{"@type":"WebPage","@id":"https:\/\/desireonline.shop\/vi\/san-pham\/hot-storm-duong-vat-gia-strap-on-thumper\/","url":"https:\/\/desireonline.shop\/vi\/san-pham\/hot-storm-duong-vat-gia-strap-on-thumper\/","name":"HOT STORM D\u01b0\u01a1ng v\u1eadt gi\u1ea3 strap-on Thumper - Desire","isPartOf":{"@id":"https:\/\/desireonline.shop\/vi\/#website"},"primaryImageOfPage":{"@id":"https:\/\/desireonline.shop\/vi\/san-pham\/hot-storm-duong-vat-gia-strap-on-thumper\/#primaryimage"},"image":{"@id":"https:\/\/desireonline.shop\/vi\/san-pham\/hot-storm-duong-vat-gia-strap-on-thumper\/#primaryimage"},"thumbnailUrl":"https:\/\/desireonline.shop\/wp-content\/uploads\/2026\/02\/CN-104079215_00-scaled.jpg","datePublished":"2026-02-16T11:19:00+00:00","dateModified":"2026-03-10T05:28:06+00:00","breadcrumb":{"@id":"https:\/\/desireonline.shop\/vi\/san-pham\/hot-storm-duong-vat-gia-strap-on-thumper\/#breadcrumb"},"inLanguage":"vi","potentialAction":[{"@type":"ReadAction","target":["https:\/\/desireonline.shop\/vi\/san-pham\/hot-storm-duong-vat-gia-strap-on-thumper\/"]}]},{"@type":"ImageObject","inLanguage":"vi","@id":"https:\/\/desireonline.shop\/vi\/san-pham\/hot-storm-duong-vat-gia-strap-on-thumper\/#primaryimage","url":"https:\/\/desireonline.shop\/wp-content\/uploads\/2026\/02\/CN-104079215_00-scaled.jpg","contentUrl":"https:\/\/desireonline.shop\/wp-content\/uploads\/2026\/02\/CN-104079215_00-scaled.jpg","width":2560,"height":1886},{"@type":"BreadcrumbList","@id":"https:\/\/desireonline.shop\/vi\/san-pham\/hot-storm-duong-vat-gia-strap-on-thumper\/#breadcrumb","itemListElement":[{"@type":"ListItem","position":1,"name":"Home","item":"https:\/\/desireonline.shop\/vi\/trang-chu\/?lang=vi"},{"@type":"ListItem","position":2,"name":"T\u1ea5t c\u1ea3 s\u1ea3n ph\u1ea9m","item":"https:\/\/desireonline.shop\/cua-hang\/?lang=vi"},{"@type":"ListItem","position":3,"name":"HOT STORM D\u01b0\u01a1ng v\u1eadt gi\u1ea3 strap-on Thumper"}]},{"@type":"WebSite","@id":"https:\/\/desireonline.shop\/vi\/#website","url":"https:\/\/desireonline.shop\/vi\/","name":"Desire","description":"Sexual Wellness Platform","publisher":{"@id":"https:\/\/desireonline.shop\/vi\/#organization"},"potentialAction":[{"@type":"SearchAction","target":{"@type":"EntryPoint","urlTemplate":"https:\/\/desireonline.shop\/vi\/?s={search_term_string}"},"query-input":{"@type":"PropertyValueSpecification","valueRequired":true,"valueName":"search_term_string"}}],"inLanguage":"vi"},{"@type":"Organization","@id":"https:\/\/desireonline.shop\/vi\/#organization","name":"Desire","url":"https:\/\/desireonline.shop\/vi\/","logo":{"@type":"ImageObject","inLanguage":"vi","@id":"https:\/\/desireonline.shop\/vi\/#\/schema\/logo\/image\/","url":"https:\/\/desireonline.shop\/wp-content\/uploads\/2024\/06\/Logo-Thick-Font-1.webp","contentUrl":"https:\/\/desireonline.shop\/wp-content\/uploads\/2024\/06\/Logo-Thick-Font-1.webp","width":268,"height":399,"caption":"Desire"},"image":{"@id":"https:\/\/desireonline.shop\/vi\/#\/schema\/logo\/image\/"}}]}},"_links":{"self":[{"href":"https:\/\/desireonline.shop\/vi\/wp-json\/wp\/v2\/product\/66588","targetHints":{"allow":["GET"]}}],"collection":[{"href":"https:\/\/desireonline.shop\/vi\/wp-json\/wp\/v2\/product"}],"about":[{"href":"https:\/\/desireonline.shop\/vi\/wp-json\/wp\/v2\/types\/product"}],"replies":[{"embeddable":true,"href":"https:\/\/desireonline.shop\/vi\/wp-json\/wp\/v2\/comments?post=66588"}],"version-history":[{"count":0,"href":"https:\/\/desireonline.shop\/vi\/wp-json\/wp\/v2\/product\/66588\/revisions"}],"wp:featuredmedia":[{"embeddable":true,"href":"https:\/\/desireonline.shop\/vi\/wp-json\/wp\/v2\/media\/62202"}],"wp:attachment":[{"href":"https:\/\/desireonline.shop\/vi\/wp-json\/wp\/v2\/media?parent=66588"}],"wp:term":[{"taxonomy":"product_brand","embeddable":true,"href":"https:\/\/desireonline.shop\/vi\/wp-json\/wp\/v2\/product_brand?post=66588"},{"taxonomy":"product_cat","embeddable":true,"href":"https:\/\/desireonline.shop\/vi\/wp-json\/wp\/v2\/product_cat?post=66588"},{"taxonomy":"product_tag","embeddable":true,"href":"https:\/\/desireonline.shop\/vi\/wp-json\/wp\/v2\/product_tag?post=66588"}],"curies":[{"name":"wp","href":"https:\/\/api.w.org\/{rel}","templated":true}]}}