{"id":66595,"date":"2026-02-16T11:19:00","date_gmt":"2026-02-16T11:19:00","guid":{"rendered":"https:\/\/desireonline.shop\/product\/t-skin-real-7inch-may-rung-duong-vat-gia-beginners\/"},"modified":"2026-03-13T02:30:36","modified_gmt":"2026-03-13T02:30:36","slug":"t-skin-real-7inch-may-rung-duong-vat-gia-beginners","status":"publish","type":"product","link":"https:\/\/desireonline.shop\/vi\/san-pham\/t-skin-real-7inch-may-rung-duong-vat-gia-beginners\/","title":{"rendered":"T-skin Real 7 M\u00e1y rung d\u01b0\u01a1ng v\u1eadt gi\u1ea3 cho ng\u01b0\u1eddi m\u1edbi"},"content":{"rendered":"<p>\u0110\u01b0\u1ee3c thi\u1ebft k\u1ebf d\u00e0nh cho ng\u01b0\u1eddi m\u1edbi b\u1eaft \u0111\u1ea7u, m\u00e1y rung d\u01b0\u01a1ng v\u1eadt gi\u1ea3 n\u00e0y c\u00f3 k\u00edch th\u01b0\u1edbc tho\u1ea3i m\u00e1i v\u00e0 h\u00ecnh d\u00e1ng m\u01b0\u1ee3t m\u00e0, gi\u00fap vi\u1ec7c kh\u00e1m ph\u00e1 tr\u1edf n\u00ean th\u01b0 gi\u00e3n v\u00e0 d\u1ec5 ti\u1ebfp c\u1eadn. C\u1ea5u tr\u00fac m\u1eadt \u0111\u1ed9 k\u00e9p mang l\u1ea1i c\u1ea3m gi\u00e1c t\u1ef1 nhi\u00ean trong khi v\u1eabn nh\u1eb9 nh\u00e0ng v\u00e0 d\u1ec5 t\u1eadn h\u01b0\u1edfng.<\/p>\n<p>V\u1edbi nhi\u1ec1u ch\u1ebf \u0111\u1ed9 rung kh\u00e1c nhau, s\u1ea3n ph\u1ea9m cho ph\u00e9p b\u1ea1n x\u00e2y d\u1ef1ng c\u1ea3m gi\u00e1c d\u1ea7n d\u1ea7n theo nh\u1ecbp \u0111\u1ed9 c\u1ee7a ri\u00eang m\u00ecnh. \u0110\u01b0\u1ee3c ch\u1ebf t\u1ea1o t\u1eeb ch\u1ea5t li\u1ec7u kh\u00e1ng khu\u1ea9n, \u0111\u00e2y l\u00e0 b\u01b0\u1edbc kh\u1edfi \u0111\u1ea7u l\u00fd t\u01b0\u1edfng khi kh\u00e1m ph\u00e1 \u0111\u1ed3 ch\u01a1i rung v\u1edbi s\u1ef1 t\u1eadp trung v\u00e0o s\u1ef1 tho\u1ea3i m\u00e1i v\u00e0 t\u1ef1 tin.<\/p>\n","protected":false},"excerpt":{"rendered":"<p>\u0110\u01b0\u1ee3c thi\u1ebft k\u1ebf d\u00e0nh cho ng\u01b0\u1eddi m\u1edbi b\u1eaft \u0111\u1ea7u, m\u00e1y rung d\u01b0\u01a1ng v\u1eadt gi\u1ea3 n\u00e0y c\u00f3 k\u00edch th\u01b0\u1edbc tho\u1ea3i m\u00e1i v\u00e0 h\u00ecnh d\u00e1ng m\u01b0\u1ee3t m\u00e0, gi\u00fap vi\u1ec7c kh\u00e1m ph\u00e1 tr\u1edf&hellip;<\/p>\n","protected":false},"featured_media":62198,"comment_status":"open","ping_status":"closed","template":"","meta":{"_acf_changed":false},"product_brand":[],"product_cat":[1341,1429,1425,1427],"product_tag":[],"class_list":{"0":"post-66595","1":"product","2":"type-product","3":"status-publish","4":"has-post-thumbnail","6":"product_cat-for-men","7":"product_cat-duong-vat-gia-co-rung","8":"product_cat-duong-vat-gia-thuc-te","9":"product_cat-tuong-thich-voi-day-deo-duong-vat-gia-gan-deo-mang-den-da-dang-hinh-dang-kich-thuoc-va-cam-giac-cho-trai-nghiem-chung","11":"first","12":"instock","13":"shipping-taxable","14":"purchasable","15":"product-type-simple"},"acf":[],"yoast_head":"<!-- This site is optimized with the Yoast SEO plugin v27.1.1 - https:\/\/yoast.com\/product\/yoast-seo-wordpress\/ -->\n<title>T-skin Real 7 M\u00e1y rung d\u01b0\u01a1ng v\u1eadt gi\u1ea3 cho ng\u01b0\u1eddi m\u1edbi - Desire<\/title>\n<meta name=\"robots\" content=\"index, follow, max-snippet:-1, max-image-preview:large, max-video-preview:-1\" \/>\n<link rel=\"canonical\" href=\"https:\/\/desireonline.shop\/vi\/san-pham\/t-skin-real-7inch-may-rung-duong-vat-gia-beginners\/\" \/>\n<meta property=\"og:locale\" content=\"vi_VN\" \/>\n<meta property=\"og:type\" content=\"article\" \/>\n<meta property=\"og:title\" content=\"T-skin Real 7 M\u00e1y rung d\u01b0\u01a1ng v\u1eadt gi\u1ea3 cho ng\u01b0\u1eddi m\u1edbi - Desire\" \/>\n<meta property=\"og:description\" content=\"\u0110\u01b0\u1ee3c thi\u1ebft k\u1ebf d\u00e0nh cho ng\u01b0\u1eddi m\u1edbi b\u1eaft \u0111\u1ea7u, m\u00e1y rung d\u01b0\u01a1ng v\u1eadt gi\u1ea3 n\u00e0y c\u00f3 k\u00edch th\u01b0\u1edbc tho\u1ea3i m\u00e1i v\u00e0 h\u00ecnh d\u00e1ng m\u01b0\u1ee3t m\u00e0, gi\u00fap vi\u1ec7c kh\u00e1m ph\u00e1 tr\u1edf&hellip;\" \/>\n<meta property=\"og:url\" content=\"https:\/\/desireonline.shop\/vi\/san-pham\/t-skin-real-7inch-may-rung-duong-vat-gia-beginners\/\" \/>\n<meta property=\"og:site_name\" content=\"Desire\" \/>\n<meta property=\"article:modified_time\" content=\"2026-03-13T02:30:36+00:00\" \/>\n<meta property=\"og:image\" content=\"https:\/\/desireonline.shop\/wp-content\/uploads\/2026\/02\/CN-101831177_00.jpg\" \/>\n\t<meta property=\"og:image:width\" content=\"1000\" \/>\n\t<meta property=\"og:image:height\" content=\"1000\" \/>\n\t<meta property=\"og:image:type\" content=\"image\/jpeg\" \/>\n<meta name=\"twitter:card\" content=\"summary_large_image\" \/>\n<meta name=\"twitter:label1\" content=\"\u01af\u1edbc t\u00ednh th\u1eddi gian \u0111\u1ecdc\" \/>\n\t<meta name=\"twitter:data1\" content=\"1 ph\u00fat\" \/>\n<script type=\"application\/ld+json\" class=\"yoast-schema-graph\">{\"@context\":\"https:\/\/schema.org\",\"@graph\":[{\"@type\":\"WebPage\",\"@id\":\"https:\/\/desireonline.shop\/vi\/san-pham\/t-skin-real-7inch-may-rung-duong-vat-gia-beginners\/\",\"url\":\"https:\/\/desireonline.shop\/vi\/san-pham\/t-skin-real-7inch-may-rung-duong-vat-gia-beginners\/\",\"name\":\"T-skin Real 7 M\u00e1y rung d\u01b0\u01a1ng v\u1eadt gi\u1ea3 cho ng\u01b0\u1eddi m\u1edbi - Desire\",\"isPartOf\":{\"@id\":\"https:\/\/desireonline.shop\/vi\/#website\"},\"primaryImageOfPage\":{\"@id\":\"https:\/\/desireonline.shop\/vi\/san-pham\/t-skin-real-7inch-may-rung-duong-vat-gia-beginners\/#primaryimage\"},\"image\":{\"@id\":\"https:\/\/desireonline.shop\/vi\/san-pham\/t-skin-real-7inch-may-rung-duong-vat-gia-beginners\/#primaryimage\"},\"thumbnailUrl\":\"https:\/\/desireonline.shop\/wp-content\/uploads\/2026\/02\/CN-101831177_00.jpg\",\"datePublished\":\"2026-02-16T11:19:00+00:00\",\"dateModified\":\"2026-03-13T02:30:36+00:00\",\"breadcrumb\":{\"@id\":\"https:\/\/desireonline.shop\/vi\/san-pham\/t-skin-real-7inch-may-rung-duong-vat-gia-beginners\/#breadcrumb\"},\"inLanguage\":\"vi\",\"potentialAction\":[{\"@type\":\"ReadAction\",\"target\":[\"https:\/\/desireonline.shop\/vi\/san-pham\/t-skin-real-7inch-may-rung-duong-vat-gia-beginners\/\"]}]},{\"@type\":\"ImageObject\",\"inLanguage\":\"vi\",\"@id\":\"https:\/\/desireonline.shop\/vi\/san-pham\/t-skin-real-7inch-may-rung-duong-vat-gia-beginners\/#primaryimage\",\"url\":\"https:\/\/desireonline.shop\/wp-content\/uploads\/2026\/02\/CN-101831177_00.jpg\",\"contentUrl\":\"https:\/\/desireonline.shop\/wp-content\/uploads\/2026\/02\/CN-101831177_00.jpg\",\"width\":1000,\"height\":1000},{\"@type\":\"BreadcrumbList\",\"@id\":\"https:\/\/desireonline.shop\/vi\/san-pham\/t-skin-real-7inch-may-rung-duong-vat-gia-beginners\/#breadcrumb\",\"itemListElement\":[{\"@type\":\"ListItem\",\"position\":1,\"name\":\"Home\",\"item\":\"https:\/\/desireonline.shop\/vi\/trang-chu\/?lang=vi\"},{\"@type\":\"ListItem\",\"position\":2,\"name\":\"T\u1ea5t c\u1ea3 s\u1ea3n ph\u1ea9m\",\"item\":\"https:\/\/desireonline.shop\/cua-hang\/?lang=vi\"},{\"@type\":\"ListItem\",\"position\":3,\"name\":\"T-skin Real 7 M\u00e1y rung d\u01b0\u01a1ng v\u1eadt gi\u1ea3 cho ng\u01b0\u1eddi m\u1edbi\"}]},{\"@type\":\"WebSite\",\"@id\":\"https:\/\/desireonline.shop\/vi\/#website\",\"url\":\"https:\/\/desireonline.shop\/vi\/\",\"name\":\"Desire\",\"description\":\"Sexual Wellness Platform\",\"publisher\":{\"@id\":\"https:\/\/desireonline.shop\/vi\/#organization\"},\"potentialAction\":[{\"@type\":\"SearchAction\",\"target\":{\"@type\":\"EntryPoint\",\"urlTemplate\":\"https:\/\/desireonline.shop\/vi\/?s={search_term_string}\"},\"query-input\":{\"@type\":\"PropertyValueSpecification\",\"valueRequired\":true,\"valueName\":\"search_term_string\"}}],\"inLanguage\":\"vi\"},{\"@type\":\"Organization\",\"@id\":\"https:\/\/desireonline.shop\/vi\/#organization\",\"name\":\"Desire\",\"url\":\"https:\/\/desireonline.shop\/vi\/\",\"logo\":{\"@type\":\"ImageObject\",\"inLanguage\":\"vi\",\"@id\":\"https:\/\/desireonline.shop\/vi\/#\/schema\/logo\/image\/\",\"url\":\"https:\/\/desireonline.shop\/wp-content\/uploads\/2024\/06\/Logo-Thick-Font-1.webp\",\"contentUrl\":\"https:\/\/desireonline.shop\/wp-content\/uploads\/2024\/06\/Logo-Thick-Font-1.webp\",\"width\":268,\"height\":399,\"caption\":\"Desire\"},\"image\":{\"@id\":\"https:\/\/desireonline.shop\/vi\/#\/schema\/logo\/image\/\"}}]}<\/script>\n<!-- \/ Yoast SEO plugin. -->","yoast_head_json":{"title":"T-skin Real 7 M\u00e1y rung d\u01b0\u01a1ng v\u1eadt gi\u1ea3 cho ng\u01b0\u1eddi m\u1edbi - Desire","robots":{"index":"index","follow":"follow","max-snippet":"max-snippet:-1","max-image-preview":"max-image-preview:large","max-video-preview":"max-video-preview:-1"},"canonical":"https:\/\/desireonline.shop\/vi\/san-pham\/t-skin-real-7inch-may-rung-duong-vat-gia-beginners\/","og_locale":"vi_VN","og_type":"article","og_title":"T-skin Real 7 M\u00e1y rung d\u01b0\u01a1ng v\u1eadt gi\u1ea3 cho ng\u01b0\u1eddi m\u1edbi - Desire","og_description":"\u0110\u01b0\u1ee3c thi\u1ebft k\u1ebf d\u00e0nh cho ng\u01b0\u1eddi m\u1edbi b\u1eaft \u0111\u1ea7u, m\u00e1y rung d\u01b0\u01a1ng v\u1eadt gi\u1ea3 n\u00e0y c\u00f3 k\u00edch th\u01b0\u1edbc tho\u1ea3i m\u00e1i v\u00e0 h\u00ecnh d\u00e1ng m\u01b0\u1ee3t m\u00e0, gi\u00fap vi\u1ec7c kh\u00e1m ph\u00e1 tr\u1edf&hellip;","og_url":"https:\/\/desireonline.shop\/vi\/san-pham\/t-skin-real-7inch-may-rung-duong-vat-gia-beginners\/","og_site_name":"Desire","article_modified_time":"2026-03-13T02:30:36+00:00","og_image":[{"width":1000,"height":1000,"url":"https:\/\/desireonline.shop\/wp-content\/uploads\/2026\/02\/CN-101831177_00.jpg","type":"image\/jpeg"}],"twitter_card":"summary_large_image","twitter_misc":{"\u01af\u1edbc t\u00ednh th\u1eddi gian \u0111\u1ecdc":"1 ph\u00fat"},"schema":{"@context":"https:\/\/schema.org","@graph":[{"@type":"WebPage","@id":"https:\/\/desireonline.shop\/vi\/san-pham\/t-skin-real-7inch-may-rung-duong-vat-gia-beginners\/","url":"https:\/\/desireonline.shop\/vi\/san-pham\/t-skin-real-7inch-may-rung-duong-vat-gia-beginners\/","name":"T-skin Real 7 M\u00e1y rung d\u01b0\u01a1ng v\u1eadt gi\u1ea3 cho ng\u01b0\u1eddi m\u1edbi - Desire","isPartOf":{"@id":"https:\/\/desireonline.shop\/vi\/#website"},"primaryImageOfPage":{"@id":"https:\/\/desireonline.shop\/vi\/san-pham\/t-skin-real-7inch-may-rung-duong-vat-gia-beginners\/#primaryimage"},"image":{"@id":"https:\/\/desireonline.shop\/vi\/san-pham\/t-skin-real-7inch-may-rung-duong-vat-gia-beginners\/#primaryimage"},"thumbnailUrl":"https:\/\/desireonline.shop\/wp-content\/uploads\/2026\/02\/CN-101831177_00.jpg","datePublished":"2026-02-16T11:19:00+00:00","dateModified":"2026-03-13T02:30:36+00:00","breadcrumb":{"@id":"https:\/\/desireonline.shop\/vi\/san-pham\/t-skin-real-7inch-may-rung-duong-vat-gia-beginners\/#breadcrumb"},"inLanguage":"vi","potentialAction":[{"@type":"ReadAction","target":["https:\/\/desireonline.shop\/vi\/san-pham\/t-skin-real-7inch-may-rung-duong-vat-gia-beginners\/"]}]},{"@type":"ImageObject","inLanguage":"vi","@id":"https:\/\/desireonline.shop\/vi\/san-pham\/t-skin-real-7inch-may-rung-duong-vat-gia-beginners\/#primaryimage","url":"https:\/\/desireonline.shop\/wp-content\/uploads\/2026\/02\/CN-101831177_00.jpg","contentUrl":"https:\/\/desireonline.shop\/wp-content\/uploads\/2026\/02\/CN-101831177_00.jpg","width":1000,"height":1000},{"@type":"BreadcrumbList","@id":"https:\/\/desireonline.shop\/vi\/san-pham\/t-skin-real-7inch-may-rung-duong-vat-gia-beginners\/#breadcrumb","itemListElement":[{"@type":"ListItem","position":1,"name":"Home","item":"https:\/\/desireonline.shop\/vi\/trang-chu\/?lang=vi"},{"@type":"ListItem","position":2,"name":"T\u1ea5t c\u1ea3 s\u1ea3n ph\u1ea9m","item":"https:\/\/desireonline.shop\/cua-hang\/?lang=vi"},{"@type":"ListItem","position":3,"name":"T-skin Real 7 M\u00e1y rung d\u01b0\u01a1ng v\u1eadt gi\u1ea3 cho ng\u01b0\u1eddi m\u1edbi"}]},{"@type":"WebSite","@id":"https:\/\/desireonline.shop\/vi\/#website","url":"https:\/\/desireonline.shop\/vi\/","name":"Desire","description":"Sexual Wellness Platform","publisher":{"@id":"https:\/\/desireonline.shop\/vi\/#organization"},"potentialAction":[{"@type":"SearchAction","target":{"@type":"EntryPoint","urlTemplate":"https:\/\/desireonline.shop\/vi\/?s={search_term_string}"},"query-input":{"@type":"PropertyValueSpecification","valueRequired":true,"valueName":"search_term_string"}}],"inLanguage":"vi"},{"@type":"Organization","@id":"https:\/\/desireonline.shop\/vi\/#organization","name":"Desire","url":"https:\/\/desireonline.shop\/vi\/","logo":{"@type":"ImageObject","inLanguage":"vi","@id":"https:\/\/desireonline.shop\/vi\/#\/schema\/logo\/image\/","url":"https:\/\/desireonline.shop\/wp-content\/uploads\/2024\/06\/Logo-Thick-Font-1.webp","contentUrl":"https:\/\/desireonline.shop\/wp-content\/uploads\/2024\/06\/Logo-Thick-Font-1.webp","width":268,"height":399,"caption":"Desire"},"image":{"@id":"https:\/\/desireonline.shop\/vi\/#\/schema\/logo\/image\/"}}]}},"_links":{"self":[{"href":"https:\/\/desireonline.shop\/vi\/wp-json\/wp\/v2\/product\/66595","targetHints":{"allow":["GET"]}}],"collection":[{"href":"https:\/\/desireonline.shop\/vi\/wp-json\/wp\/v2\/product"}],"about":[{"href":"https:\/\/desireonline.shop\/vi\/wp-json\/wp\/v2\/types\/product"}],"replies":[{"embeddable":true,"href":"https:\/\/desireonline.shop\/vi\/wp-json\/wp\/v2\/comments?post=66595"}],"version-history":[{"count":0,"href":"https:\/\/desireonline.shop\/vi\/wp-json\/wp\/v2\/product\/66595\/revisions"}],"wp:featuredmedia":[{"embeddable":true,"href":"https:\/\/desireonline.shop\/vi\/wp-json\/wp\/v2\/media\/62198"}],"wp:attachment":[{"href":"https:\/\/desireonline.shop\/vi\/wp-json\/wp\/v2\/media?parent=66595"}],"wp:term":[{"taxonomy":"product_brand","embeddable":true,"href":"https:\/\/desireonline.shop\/vi\/wp-json\/wp\/v2\/product_brand?post=66595"},{"taxonomy":"product_cat","embeddable":true,"href":"https:\/\/desireonline.shop\/vi\/wp-json\/wp\/v2\/product_cat?post=66595"},{"taxonomy":"product_tag","embeddable":true,"href":"https:\/\/desireonline.shop\/vi\/wp-json\/wp\/v2\/product_tag?post=66595"}],"curies":[{"name":"wp","href":"https:\/\/api.w.org\/{rel}","templated":true}]}}