{"id":66599,"date":"2026-02-16T11:19:00","date_gmt":"2026-02-16T11:19:00","guid":{"rendered":"https:\/\/desireonline.shop\/product\/t-skin-real-mantric-muse-may-rung-duong-vat-gia\/"},"modified":"2026-03-10T05:27:31","modified_gmt":"2026-03-10T05:27:31","slug":"t-skin-real-mantric-muse-may-rung-duong-vat-gia","status":"publish","type":"product","link":"https:\/\/desireonline.shop\/vi\/san-pham\/t-skin-real-mantric-muse-may-rung-duong-vat-gia\/","title":{"rendered":"T-Skin Real Mantric Muse M\u00e1y rung d\u01b0\u01a1ng v\u1eadt gi\u1ea3"},"content":{"rendered":"<p>\u0110\u01b0\u1ee3c thi\u1ebft k\u1ebf \u0111\u1ec3 k\u1ebft h\u1ee3p c\u1ea3m gi\u00e1c ch\u00e2n th\u1ef1c v\u1edbi rung \u0111\u1ed9ng, d\u01b0\u01a1ng v\u1eadt gi\u1ea3 n\u00e0y c\u00f3 c\u1ea5u tr\u00fac m\u1eadt \u0111\u1ed9 k\u00e9p m\u1ec1m m\u1ea1i \u1edf b\u00ean ngo\u00e0i v\u1edbi \u0111\u1ed9 ch\u1eafc ch\u1eafn h\u1ed7 tr\u1ee3 b\u00ean trong. H\u00ecnh d\u00e1ng c\u00f4ng th\u00e1i h\u1ecdc m\u01b0\u1ee3t m\u00e0 gi\u00fap s\u1ef1 k\u00edch th\u00edch tr\u1edf n\u00ean tho\u1ea3i m\u00e1i v\u00e0 tr\u1ef1c quan.<\/p>\n<p>Nhi\u1ec1u ch\u1ebf \u0111\u1ed9 rung cho ph\u00e9p b\u1ea1n kh\u00e1m ph\u00e1 c\u00e1c nh\u1ecbp \u0111i\u1ec7u v\u00e0 c\u01b0\u1eddng \u0111\u1ed9 kh\u00e1c nhau, gi\u00fap m\u1ed7i tr\u1ea3i nghi\u1ec7m d\u1ec5 d\u00e0ng t\u00f9y ch\u1ec9nh. \u0110\u01b0\u1ee3c ch\u1ebf t\u1ea1o t\u1eeb ch\u1ea5t li\u1ec7u kh\u00e1ng khu\u1ea9n, \u0111\u00e2y l\u00e0 l\u1ef1a ch\u1ecdn \u0111\u00e1ng tin c\u1eady cho tr\u1ea3i nghi\u1ec7m c\u00e1 nh\u00e2n khi b\u1ea1n mu\u1ed1n c\u1ea3m gi\u00e1c s\u1ed1ng \u0111\u1ed9ng k\u1ebft h\u1ee3p v\u1edbi s\u1ef1 \u0111a d\u1ea1ng.<\/p>\n","protected":false},"excerpt":{"rendered":"<p>\u0110\u01b0\u1ee3c thi\u1ebft k\u1ebf \u0111\u1ec3 k\u1ebft h\u1ee3p c\u1ea3m gi\u00e1c ch\u00e2n th\u1ef1c v\u1edbi rung \u0111\u1ed9ng, d\u01b0\u01a1ng v\u1eadt gi\u1ea3 n\u00e0y c\u00f3 c\u1ea5u tr\u00fac m\u1eadt \u0111\u1ed9 k\u00e9p m\u1ec1m m\u1ea1i \u1edf b\u00ean ngo\u00e0i v\u1edbi \u0111\u1ed9&hellip;<\/p>\n","protected":false},"featured_media":62194,"comment_status":"open","ping_status":"closed","template":"","meta":{"_acf_changed":false},"product_brand":[],"product_cat":[1341,1429,1425,1427],"product_tag":[],"class_list":{"0":"post-66599","1":"product","2":"type-product","3":"status-publish","4":"has-post-thumbnail","6":"product_cat-for-men","7":"product_cat-duong-vat-gia-co-rung","8":"product_cat-duong-vat-gia-thuc-te","9":"product_cat-tuong-thich-voi-day-deo-duong-vat-gia-gan-deo-mang-den-da-dang-hinh-dang-kich-thuoc-va-cam-giac-cho-trai-nghiem-chung","11":"first","12":"instock","13":"shipping-taxable","14":"purchasable","15":"product-type-simple"},"acf":[],"yoast_head":"<!-- This site is optimized with the Yoast SEO plugin v27.1.1 - https:\/\/yoast.com\/product\/yoast-seo-wordpress\/ -->\n<title>T-Skin Real Mantric Muse M\u00e1y rung d\u01b0\u01a1ng v\u1eadt gi\u1ea3 - Desire<\/title>\n<meta name=\"robots\" content=\"index, follow, max-snippet:-1, max-image-preview:large, max-video-preview:-1\" \/>\n<link rel=\"canonical\" href=\"https:\/\/desireonline.shop\/vi\/san-pham\/t-skin-real-mantric-muse-may-rung-duong-vat-gia\/\" \/>\n<meta property=\"og:locale\" content=\"vi_VN\" \/>\n<meta property=\"og:type\" content=\"article\" \/>\n<meta property=\"og:title\" content=\"T-Skin Real Mantric Muse M\u00e1y rung d\u01b0\u01a1ng v\u1eadt gi\u1ea3 - Desire\" \/>\n<meta property=\"og:description\" content=\"\u0110\u01b0\u1ee3c thi\u1ebft k\u1ebf \u0111\u1ec3 k\u1ebft h\u1ee3p c\u1ea3m gi\u00e1c ch\u00e2n th\u1ef1c v\u1edbi rung \u0111\u1ed9ng, d\u01b0\u01a1ng v\u1eadt gi\u1ea3 n\u00e0y c\u00f3 c\u1ea5u tr\u00fac m\u1eadt \u0111\u1ed9 k\u00e9p m\u1ec1m m\u1ea1i \u1edf b\u00ean ngo\u00e0i v\u1edbi \u0111\u1ed9&hellip;\" \/>\n<meta property=\"og:url\" content=\"https:\/\/desireonline.shop\/vi\/san-pham\/t-skin-real-mantric-muse-may-rung-duong-vat-gia\/\" \/>\n<meta property=\"og:site_name\" content=\"Desire\" \/>\n<meta property=\"article:modified_time\" content=\"2026-03-10T05:27:31+00:00\" \/>\n<meta property=\"og:image\" content=\"https:\/\/desireonline.shop\/wp-content\/uploads\/2026\/02\/CN-101831137_00.jpg\" \/>\n\t<meta property=\"og:image:width\" content=\"1000\" \/>\n\t<meta property=\"og:image:height\" content=\"1000\" \/>\n\t<meta property=\"og:image:type\" content=\"image\/jpeg\" \/>\n<meta name=\"twitter:card\" content=\"summary_large_image\" \/>\n<meta name=\"twitter:label1\" content=\"\u01af\u1edbc t\u00ednh th\u1eddi gian \u0111\u1ecdc\" \/>\n\t<meta name=\"twitter:data1\" content=\"1 ph\u00fat\" \/>\n<script type=\"application\/ld+json\" class=\"yoast-schema-graph\">{\"@context\":\"https:\/\/schema.org\",\"@graph\":[{\"@type\":\"WebPage\",\"@id\":\"https:\/\/desireonline.shop\/vi\/san-pham\/t-skin-real-mantric-muse-may-rung-duong-vat-gia\/\",\"url\":\"https:\/\/desireonline.shop\/vi\/san-pham\/t-skin-real-mantric-muse-may-rung-duong-vat-gia\/\",\"name\":\"T-Skin Real Mantric Muse M\u00e1y rung d\u01b0\u01a1ng v\u1eadt gi\u1ea3 - Desire\",\"isPartOf\":{\"@id\":\"https:\/\/desireonline.shop\/vi\/#website\"},\"primaryImageOfPage\":{\"@id\":\"https:\/\/desireonline.shop\/vi\/san-pham\/t-skin-real-mantric-muse-may-rung-duong-vat-gia\/#primaryimage\"},\"image\":{\"@id\":\"https:\/\/desireonline.shop\/vi\/san-pham\/t-skin-real-mantric-muse-may-rung-duong-vat-gia\/#primaryimage\"},\"thumbnailUrl\":\"https:\/\/desireonline.shop\/wp-content\/uploads\/2026\/02\/CN-101831137_00.jpg\",\"datePublished\":\"2026-02-16T11:19:00+00:00\",\"dateModified\":\"2026-03-10T05:27:31+00:00\",\"breadcrumb\":{\"@id\":\"https:\/\/desireonline.shop\/vi\/san-pham\/t-skin-real-mantric-muse-may-rung-duong-vat-gia\/#breadcrumb\"},\"inLanguage\":\"vi\",\"potentialAction\":[{\"@type\":\"ReadAction\",\"target\":[\"https:\/\/desireonline.shop\/vi\/san-pham\/t-skin-real-mantric-muse-may-rung-duong-vat-gia\/\"]}]},{\"@type\":\"ImageObject\",\"inLanguage\":\"vi\",\"@id\":\"https:\/\/desireonline.shop\/vi\/san-pham\/t-skin-real-mantric-muse-may-rung-duong-vat-gia\/#primaryimage\",\"url\":\"https:\/\/desireonline.shop\/wp-content\/uploads\/2026\/02\/CN-101831137_00.jpg\",\"contentUrl\":\"https:\/\/desireonline.shop\/wp-content\/uploads\/2026\/02\/CN-101831137_00.jpg\",\"width\":1000,\"height\":1000},{\"@type\":\"BreadcrumbList\",\"@id\":\"https:\/\/desireonline.shop\/vi\/san-pham\/t-skin-real-mantric-muse-may-rung-duong-vat-gia\/#breadcrumb\",\"itemListElement\":[{\"@type\":\"ListItem\",\"position\":1,\"name\":\"Home\",\"item\":\"https:\/\/desireonline.shop\/vi\/trang-chu\/?lang=vi\"},{\"@type\":\"ListItem\",\"position\":2,\"name\":\"T\u1ea5t c\u1ea3 s\u1ea3n ph\u1ea9m\",\"item\":\"https:\/\/desireonline.shop\/cua-hang\/?lang=vi\"},{\"@type\":\"ListItem\",\"position\":3,\"name\":\"T-Skin Real Mantric Muse M\u00e1y rung d\u01b0\u01a1ng v\u1eadt gi\u1ea3\"}]},{\"@type\":\"WebSite\",\"@id\":\"https:\/\/desireonline.shop\/vi\/#website\",\"url\":\"https:\/\/desireonline.shop\/vi\/\",\"name\":\"Desire\",\"description\":\"Sexual Wellness Platform\",\"publisher\":{\"@id\":\"https:\/\/desireonline.shop\/vi\/#organization\"},\"potentialAction\":[{\"@type\":\"SearchAction\",\"target\":{\"@type\":\"EntryPoint\",\"urlTemplate\":\"https:\/\/desireonline.shop\/vi\/?s={search_term_string}\"},\"query-input\":{\"@type\":\"PropertyValueSpecification\",\"valueRequired\":true,\"valueName\":\"search_term_string\"}}],\"inLanguage\":\"vi\"},{\"@type\":\"Organization\",\"@id\":\"https:\/\/desireonline.shop\/vi\/#organization\",\"name\":\"Desire\",\"url\":\"https:\/\/desireonline.shop\/vi\/\",\"logo\":{\"@type\":\"ImageObject\",\"inLanguage\":\"vi\",\"@id\":\"https:\/\/desireonline.shop\/vi\/#\/schema\/logo\/image\/\",\"url\":\"https:\/\/desireonline.shop\/wp-content\/uploads\/2024\/06\/Logo-Thick-Font-1.webp\",\"contentUrl\":\"https:\/\/desireonline.shop\/wp-content\/uploads\/2024\/06\/Logo-Thick-Font-1.webp\",\"width\":268,\"height\":399,\"caption\":\"Desire\"},\"image\":{\"@id\":\"https:\/\/desireonline.shop\/vi\/#\/schema\/logo\/image\/\"}}]}<\/script>\n<!-- \/ Yoast SEO plugin. -->","yoast_head_json":{"title":"T-Skin Real Mantric Muse M\u00e1y rung d\u01b0\u01a1ng v\u1eadt gi\u1ea3 - Desire","robots":{"index":"index","follow":"follow","max-snippet":"max-snippet:-1","max-image-preview":"max-image-preview:large","max-video-preview":"max-video-preview:-1"},"canonical":"https:\/\/desireonline.shop\/vi\/san-pham\/t-skin-real-mantric-muse-may-rung-duong-vat-gia\/","og_locale":"vi_VN","og_type":"article","og_title":"T-Skin Real Mantric Muse M\u00e1y rung d\u01b0\u01a1ng v\u1eadt gi\u1ea3 - Desire","og_description":"\u0110\u01b0\u1ee3c thi\u1ebft k\u1ebf \u0111\u1ec3 k\u1ebft h\u1ee3p c\u1ea3m gi\u00e1c ch\u00e2n th\u1ef1c v\u1edbi rung \u0111\u1ed9ng, d\u01b0\u01a1ng v\u1eadt gi\u1ea3 n\u00e0y c\u00f3 c\u1ea5u tr\u00fac m\u1eadt \u0111\u1ed9 k\u00e9p m\u1ec1m m\u1ea1i \u1edf b\u00ean ngo\u00e0i v\u1edbi \u0111\u1ed9&hellip;","og_url":"https:\/\/desireonline.shop\/vi\/san-pham\/t-skin-real-mantric-muse-may-rung-duong-vat-gia\/","og_site_name":"Desire","article_modified_time":"2026-03-10T05:27:31+00:00","og_image":[{"width":1000,"height":1000,"url":"https:\/\/desireonline.shop\/wp-content\/uploads\/2026\/02\/CN-101831137_00.jpg","type":"image\/jpeg"}],"twitter_card":"summary_large_image","twitter_misc":{"\u01af\u1edbc t\u00ednh th\u1eddi gian \u0111\u1ecdc":"1 ph\u00fat"},"schema":{"@context":"https:\/\/schema.org","@graph":[{"@type":"WebPage","@id":"https:\/\/desireonline.shop\/vi\/san-pham\/t-skin-real-mantric-muse-may-rung-duong-vat-gia\/","url":"https:\/\/desireonline.shop\/vi\/san-pham\/t-skin-real-mantric-muse-may-rung-duong-vat-gia\/","name":"T-Skin Real Mantric Muse M\u00e1y rung d\u01b0\u01a1ng v\u1eadt gi\u1ea3 - Desire","isPartOf":{"@id":"https:\/\/desireonline.shop\/vi\/#website"},"primaryImageOfPage":{"@id":"https:\/\/desireonline.shop\/vi\/san-pham\/t-skin-real-mantric-muse-may-rung-duong-vat-gia\/#primaryimage"},"image":{"@id":"https:\/\/desireonline.shop\/vi\/san-pham\/t-skin-real-mantric-muse-may-rung-duong-vat-gia\/#primaryimage"},"thumbnailUrl":"https:\/\/desireonline.shop\/wp-content\/uploads\/2026\/02\/CN-101831137_00.jpg","datePublished":"2026-02-16T11:19:00+00:00","dateModified":"2026-03-10T05:27:31+00:00","breadcrumb":{"@id":"https:\/\/desireonline.shop\/vi\/san-pham\/t-skin-real-mantric-muse-may-rung-duong-vat-gia\/#breadcrumb"},"inLanguage":"vi","potentialAction":[{"@type":"ReadAction","target":["https:\/\/desireonline.shop\/vi\/san-pham\/t-skin-real-mantric-muse-may-rung-duong-vat-gia\/"]}]},{"@type":"ImageObject","inLanguage":"vi","@id":"https:\/\/desireonline.shop\/vi\/san-pham\/t-skin-real-mantric-muse-may-rung-duong-vat-gia\/#primaryimage","url":"https:\/\/desireonline.shop\/wp-content\/uploads\/2026\/02\/CN-101831137_00.jpg","contentUrl":"https:\/\/desireonline.shop\/wp-content\/uploads\/2026\/02\/CN-101831137_00.jpg","width":1000,"height":1000},{"@type":"BreadcrumbList","@id":"https:\/\/desireonline.shop\/vi\/san-pham\/t-skin-real-mantric-muse-may-rung-duong-vat-gia\/#breadcrumb","itemListElement":[{"@type":"ListItem","position":1,"name":"Home","item":"https:\/\/desireonline.shop\/vi\/trang-chu\/?lang=vi"},{"@type":"ListItem","position":2,"name":"T\u1ea5t c\u1ea3 s\u1ea3n ph\u1ea9m","item":"https:\/\/desireonline.shop\/cua-hang\/?lang=vi"},{"@type":"ListItem","position":3,"name":"T-Skin Real Mantric Muse M\u00e1y rung d\u01b0\u01a1ng v\u1eadt gi\u1ea3"}]},{"@type":"WebSite","@id":"https:\/\/desireonline.shop\/vi\/#website","url":"https:\/\/desireonline.shop\/vi\/","name":"Desire","description":"Sexual Wellness Platform","publisher":{"@id":"https:\/\/desireonline.shop\/vi\/#organization"},"potentialAction":[{"@type":"SearchAction","target":{"@type":"EntryPoint","urlTemplate":"https:\/\/desireonline.shop\/vi\/?s={search_term_string}"},"query-input":{"@type":"PropertyValueSpecification","valueRequired":true,"valueName":"search_term_string"}}],"inLanguage":"vi"},{"@type":"Organization","@id":"https:\/\/desireonline.shop\/vi\/#organization","name":"Desire","url":"https:\/\/desireonline.shop\/vi\/","logo":{"@type":"ImageObject","inLanguage":"vi","@id":"https:\/\/desireonline.shop\/vi\/#\/schema\/logo\/image\/","url":"https:\/\/desireonline.shop\/wp-content\/uploads\/2024\/06\/Logo-Thick-Font-1.webp","contentUrl":"https:\/\/desireonline.shop\/wp-content\/uploads\/2024\/06\/Logo-Thick-Font-1.webp","width":268,"height":399,"caption":"Desire"},"image":{"@id":"https:\/\/desireonline.shop\/vi\/#\/schema\/logo\/image\/"}}]}},"_links":{"self":[{"href":"https:\/\/desireonline.shop\/vi\/wp-json\/wp\/v2\/product\/66599","targetHints":{"allow":["GET"]}}],"collection":[{"href":"https:\/\/desireonline.shop\/vi\/wp-json\/wp\/v2\/product"}],"about":[{"href":"https:\/\/desireonline.shop\/vi\/wp-json\/wp\/v2\/types\/product"}],"replies":[{"embeddable":true,"href":"https:\/\/desireonline.shop\/vi\/wp-json\/wp\/v2\/comments?post=66599"}],"version-history":[{"count":0,"href":"https:\/\/desireonline.shop\/vi\/wp-json\/wp\/v2\/product\/66599\/revisions"}],"wp:featuredmedia":[{"embeddable":true,"href":"https:\/\/desireonline.shop\/vi\/wp-json\/wp\/v2\/media\/62194"}],"wp:attachment":[{"href":"https:\/\/desireonline.shop\/vi\/wp-json\/wp\/v2\/media?parent=66599"}],"wp:term":[{"taxonomy":"product_brand","embeddable":true,"href":"https:\/\/desireonline.shop\/vi\/wp-json\/wp\/v2\/product_brand?post=66599"},{"taxonomy":"product_cat","embeddable":true,"href":"https:\/\/desireonline.shop\/vi\/wp-json\/wp\/v2\/product_cat?post=66599"},{"taxonomy":"product_tag","embeddable":true,"href":"https:\/\/desireonline.shop\/vi\/wp-json\/wp\/v2\/product_tag?post=66599"}],"curies":[{"name":"wp","href":"https:\/\/api.w.org\/{rel}","templated":true}]}}