{"id":66603,"date":"2026-02-16T11:19:00","date_gmt":"2026-02-16T11:19:00","guid":{"rendered":"https:\/\/desireonline.shop\/product\/t-skin-real-may-rung-duong-vat-gia-diem-g-g-spot-beast\/"},"modified":"2026-03-10T05:28:07","modified_gmt":"2026-03-10T05:28:07","slug":"t-skin-real-may-rung-duong-vat-gia-diem-g-g-spot-beast","status":"publish","type":"product","link":"https:\/\/desireonline.shop\/vi\/san-pham\/t-skin-real-may-rung-duong-vat-gia-diem-g-g-spot-beast\/","title":{"rendered":"T-Skin Real M\u00e1y rung d\u01b0\u01a1ng v\u1eadt gi\u1ea3 \u0111i\u1ec3m G G-spot Beast"},"content":{"rendered":"<p>\u0110\u01b0\u1ee3c thi\u1ebft k\u1ebf \u0111\u1ec3 mang l\u1ea1i kho\u00e1i c\u1ea3m t\u1eadp trung, d\u01b0\u01a1ng v\u1eadt gi\u1ea3 rung n\u00e0y c\u00f3 h\u00ecnh d\u00e1ng cong gi\u00fap t\u1eadp trung k\u00edch th\u00edch v\u00e0o \u0111i\u1ec3m nh\u1ea1y c\u1ea3m nh\u1ea5t. C\u1ea5u tr\u00fac m\u1eadt \u0111\u1ed9 k\u00e9p t\u1ea1o n\u00ean s\u1ef1 c\u00e2n b\u1eb1ng ch\u00e2n th\u1ef1c gi\u1eefa \u0111\u1ed9 m\u1ec1m v\u00e0 \u0111\u1ed9 ch\u1eafc, gi\u00fap m\u1ed7i chuy\u1ec3n \u0111\u1ed9ng \u0111\u1ec1u t\u1ef1 nhi\u00ean v\u00e0 cu\u1ed1n h\u00fat.<\/p>\n<p>V\u1edbi nhi\u1ec1u ch\u1ebf \u0111\u1ed9 rung \u0111\u1ec3 kh\u00e1m ph\u00e1, b\u1ea1n c\u00f3 th\u1ec3 d\u1ec5 d\u00e0ng \u0111i\u1ec1u ch\u1ec9nh c\u01b0\u1eddng \u0111\u1ed9 ph\u00f9 h\u1ee3p v\u1edbi c\u1ea3m x\u00fac c\u1ee7a m\u00ecnh. \u0110\u01b0\u1ee3c l\u00e0m t\u1eeb ch\u1ea5t li\u1ec7u kh\u00e1ng khu\u1ea9n, s\u1ea3n ph\u1ea9m mang l\u1ea1i th\u00eam s\u1ef1 y\u00ean t\u00e2m trong khi v\u1eabn \u0111em \u0111\u1ebfn c\u1ea3m gi\u00e1c k\u00edch th\u00edch t\u1eadp trung v\u00e0 th\u1ecfa m\u00e3n.<\/p>\n","protected":false},"excerpt":{"rendered":"<p>\u0110\u01b0\u1ee3c thi\u1ebft k\u1ebf \u0111\u1ec3 mang l\u1ea1i kho\u00e1i c\u1ea3m t\u1eadp trung, d\u01b0\u01a1ng v\u1eadt gi\u1ea3 rung n\u00e0y c\u00f3 h\u00ecnh d\u00e1ng cong gi\u00fap t\u1eadp trung k\u00edch th\u00edch v\u00e0o \u0111i\u1ec3m nh\u1ea1y c\u1ea3m nh\u1ea5t. C\u1ea5u&hellip;<\/p>\n","protected":false},"featured_media":62185,"comment_status":"open","ping_status":"closed","template":"","meta":{"_acf_changed":false},"product_brand":[],"product_cat":[1341,1429,1425,1427],"product_tag":[],"class_list":{"0":"post-66603","1":"product","2":"type-product","3":"status-publish","4":"has-post-thumbnail","6":"product_cat-for-men","7":"product_cat-duong-vat-gia-co-rung","8":"product_cat-duong-vat-gia-thuc-te","9":"product_cat-tuong-thich-voi-day-deo-duong-vat-gia-gan-deo-mang-den-da-dang-hinh-dang-kich-thuoc-va-cam-giac-cho-trai-nghiem-chung","11":"first","12":"instock","13":"shipping-taxable","14":"purchasable","15":"product-type-simple"},"acf":[],"yoast_head":"<!-- This site is optimized with the Yoast SEO plugin v27.1.1 - https:\/\/yoast.com\/product\/yoast-seo-wordpress\/ -->\n<title>T-Skin Real M\u00e1y rung d\u01b0\u01a1ng v\u1eadt gi\u1ea3 \u0111i\u1ec3m G G-spot Beast - Desire<\/title>\n<meta name=\"robots\" content=\"index, follow, max-snippet:-1, max-image-preview:large, max-video-preview:-1\" \/>\n<link rel=\"canonical\" href=\"https:\/\/desireonline.shop\/vi\/san-pham\/t-skin-real-may-rung-duong-vat-gia-diem-g-g-spot-beast\/\" \/>\n<meta property=\"og:locale\" content=\"vi_VN\" \/>\n<meta property=\"og:type\" content=\"article\" \/>\n<meta property=\"og:title\" content=\"T-Skin Real M\u00e1y rung d\u01b0\u01a1ng v\u1eadt gi\u1ea3 \u0111i\u1ec3m G G-spot Beast - Desire\" \/>\n<meta property=\"og:description\" content=\"\u0110\u01b0\u1ee3c thi\u1ebft k\u1ebf \u0111\u1ec3 mang l\u1ea1i kho\u00e1i c\u1ea3m t\u1eadp trung, d\u01b0\u01a1ng v\u1eadt gi\u1ea3 rung n\u00e0y c\u00f3 h\u00ecnh d\u00e1ng cong gi\u00fap t\u1eadp trung k\u00edch th\u00edch v\u00e0o \u0111i\u1ec3m nh\u1ea1y c\u1ea3m nh\u1ea5t. C\u1ea5u&hellip;\" \/>\n<meta property=\"og:url\" content=\"https:\/\/desireonline.shop\/vi\/san-pham\/t-skin-real-may-rung-duong-vat-gia-diem-g-g-spot-beast\/\" \/>\n<meta property=\"og:site_name\" content=\"Desire\" \/>\n<meta property=\"article:modified_time\" content=\"2026-03-10T05:28:07+00:00\" \/>\n<meta property=\"og:image\" content=\"https:\/\/desireonline.shop\/wp-content\/uploads\/2026\/02\/CN-101831107_00.jpg\" \/>\n\t<meta property=\"og:image:width\" content=\"1000\" \/>\n\t<meta property=\"og:image:height\" content=\"1000\" \/>\n\t<meta property=\"og:image:type\" content=\"image\/jpeg\" \/>\n<meta name=\"twitter:card\" content=\"summary_large_image\" \/>\n<meta name=\"twitter:label1\" content=\"\u01af\u1edbc t\u00ednh th\u1eddi gian \u0111\u1ecdc\" \/>\n\t<meta name=\"twitter:data1\" content=\"1 ph\u00fat\" \/>\n<script type=\"application\/ld+json\" class=\"yoast-schema-graph\">{\"@context\":\"https:\/\/schema.org\",\"@graph\":[{\"@type\":\"WebPage\",\"@id\":\"https:\/\/desireonline.shop\/vi\/san-pham\/t-skin-real-may-rung-duong-vat-gia-diem-g-g-spot-beast\/\",\"url\":\"https:\/\/desireonline.shop\/vi\/san-pham\/t-skin-real-may-rung-duong-vat-gia-diem-g-g-spot-beast\/\",\"name\":\"T-Skin Real M\u00e1y rung d\u01b0\u01a1ng v\u1eadt gi\u1ea3 \u0111i\u1ec3m G G-spot Beast - Desire\",\"isPartOf\":{\"@id\":\"https:\/\/desireonline.shop\/vi\/#website\"},\"primaryImageOfPage\":{\"@id\":\"https:\/\/desireonline.shop\/vi\/san-pham\/t-skin-real-may-rung-duong-vat-gia-diem-g-g-spot-beast\/#primaryimage\"},\"image\":{\"@id\":\"https:\/\/desireonline.shop\/vi\/san-pham\/t-skin-real-may-rung-duong-vat-gia-diem-g-g-spot-beast\/#primaryimage\"},\"thumbnailUrl\":\"https:\/\/desireonline.shop\/wp-content\/uploads\/2026\/02\/CN-101831107_00.jpg\",\"datePublished\":\"2026-02-16T11:19:00+00:00\",\"dateModified\":\"2026-03-10T05:28:07+00:00\",\"breadcrumb\":{\"@id\":\"https:\/\/desireonline.shop\/vi\/san-pham\/t-skin-real-may-rung-duong-vat-gia-diem-g-g-spot-beast\/#breadcrumb\"},\"inLanguage\":\"vi\",\"potentialAction\":[{\"@type\":\"ReadAction\",\"target\":[\"https:\/\/desireonline.shop\/vi\/san-pham\/t-skin-real-may-rung-duong-vat-gia-diem-g-g-spot-beast\/\"]}]},{\"@type\":\"ImageObject\",\"inLanguage\":\"vi\",\"@id\":\"https:\/\/desireonline.shop\/vi\/san-pham\/t-skin-real-may-rung-duong-vat-gia-diem-g-g-spot-beast\/#primaryimage\",\"url\":\"https:\/\/desireonline.shop\/wp-content\/uploads\/2026\/02\/CN-101831107_00.jpg\",\"contentUrl\":\"https:\/\/desireonline.shop\/wp-content\/uploads\/2026\/02\/CN-101831107_00.jpg\",\"width\":1000,\"height\":1000},{\"@type\":\"BreadcrumbList\",\"@id\":\"https:\/\/desireonline.shop\/vi\/san-pham\/t-skin-real-may-rung-duong-vat-gia-diem-g-g-spot-beast\/#breadcrumb\",\"itemListElement\":[{\"@type\":\"ListItem\",\"position\":1,\"name\":\"Home\",\"item\":\"https:\/\/desireonline.shop\/vi\/trang-chu\/?lang=vi\"},{\"@type\":\"ListItem\",\"position\":2,\"name\":\"T\u1ea5t c\u1ea3 s\u1ea3n ph\u1ea9m\",\"item\":\"https:\/\/desireonline.shop\/cua-hang\/?lang=vi\"},{\"@type\":\"ListItem\",\"position\":3,\"name\":\"T-Skin Real M\u00e1y rung d\u01b0\u01a1ng v\u1eadt gi\u1ea3 \u0111i\u1ec3m G G-spot Beast\"}]},{\"@type\":\"WebSite\",\"@id\":\"https:\/\/desireonline.shop\/vi\/#website\",\"url\":\"https:\/\/desireonline.shop\/vi\/\",\"name\":\"Desire\",\"description\":\"Sexual Wellness Platform\",\"publisher\":{\"@id\":\"https:\/\/desireonline.shop\/vi\/#organization\"},\"potentialAction\":[{\"@type\":\"SearchAction\",\"target\":{\"@type\":\"EntryPoint\",\"urlTemplate\":\"https:\/\/desireonline.shop\/vi\/?s={search_term_string}\"},\"query-input\":{\"@type\":\"PropertyValueSpecification\",\"valueRequired\":true,\"valueName\":\"search_term_string\"}}],\"inLanguage\":\"vi\"},{\"@type\":\"Organization\",\"@id\":\"https:\/\/desireonline.shop\/vi\/#organization\",\"name\":\"Desire\",\"url\":\"https:\/\/desireonline.shop\/vi\/\",\"logo\":{\"@type\":\"ImageObject\",\"inLanguage\":\"vi\",\"@id\":\"https:\/\/desireonline.shop\/vi\/#\/schema\/logo\/image\/\",\"url\":\"https:\/\/desireonline.shop\/wp-content\/uploads\/2024\/06\/Logo-Thick-Font-1.webp\",\"contentUrl\":\"https:\/\/desireonline.shop\/wp-content\/uploads\/2024\/06\/Logo-Thick-Font-1.webp\",\"width\":268,\"height\":399,\"caption\":\"Desire\"},\"image\":{\"@id\":\"https:\/\/desireonline.shop\/vi\/#\/schema\/logo\/image\/\"}}]}<\/script>\n<!-- \/ Yoast SEO plugin. -->","yoast_head_json":{"title":"T-Skin Real M\u00e1y rung d\u01b0\u01a1ng v\u1eadt gi\u1ea3 \u0111i\u1ec3m G G-spot Beast - Desire","robots":{"index":"index","follow":"follow","max-snippet":"max-snippet:-1","max-image-preview":"max-image-preview:large","max-video-preview":"max-video-preview:-1"},"canonical":"https:\/\/desireonline.shop\/vi\/san-pham\/t-skin-real-may-rung-duong-vat-gia-diem-g-g-spot-beast\/","og_locale":"vi_VN","og_type":"article","og_title":"T-Skin Real M\u00e1y rung d\u01b0\u01a1ng v\u1eadt gi\u1ea3 \u0111i\u1ec3m G G-spot Beast - Desire","og_description":"\u0110\u01b0\u1ee3c thi\u1ebft k\u1ebf \u0111\u1ec3 mang l\u1ea1i kho\u00e1i c\u1ea3m t\u1eadp trung, d\u01b0\u01a1ng v\u1eadt gi\u1ea3 rung n\u00e0y c\u00f3 h\u00ecnh d\u00e1ng cong gi\u00fap t\u1eadp trung k\u00edch th\u00edch v\u00e0o \u0111i\u1ec3m nh\u1ea1y c\u1ea3m nh\u1ea5t. C\u1ea5u&hellip;","og_url":"https:\/\/desireonline.shop\/vi\/san-pham\/t-skin-real-may-rung-duong-vat-gia-diem-g-g-spot-beast\/","og_site_name":"Desire","article_modified_time":"2026-03-10T05:28:07+00:00","og_image":[{"width":1000,"height":1000,"url":"https:\/\/desireonline.shop\/wp-content\/uploads\/2026\/02\/CN-101831107_00.jpg","type":"image\/jpeg"}],"twitter_card":"summary_large_image","twitter_misc":{"\u01af\u1edbc t\u00ednh th\u1eddi gian \u0111\u1ecdc":"1 ph\u00fat"},"schema":{"@context":"https:\/\/schema.org","@graph":[{"@type":"WebPage","@id":"https:\/\/desireonline.shop\/vi\/san-pham\/t-skin-real-may-rung-duong-vat-gia-diem-g-g-spot-beast\/","url":"https:\/\/desireonline.shop\/vi\/san-pham\/t-skin-real-may-rung-duong-vat-gia-diem-g-g-spot-beast\/","name":"T-Skin Real M\u00e1y rung d\u01b0\u01a1ng v\u1eadt gi\u1ea3 \u0111i\u1ec3m G G-spot Beast - Desire","isPartOf":{"@id":"https:\/\/desireonline.shop\/vi\/#website"},"primaryImageOfPage":{"@id":"https:\/\/desireonline.shop\/vi\/san-pham\/t-skin-real-may-rung-duong-vat-gia-diem-g-g-spot-beast\/#primaryimage"},"image":{"@id":"https:\/\/desireonline.shop\/vi\/san-pham\/t-skin-real-may-rung-duong-vat-gia-diem-g-g-spot-beast\/#primaryimage"},"thumbnailUrl":"https:\/\/desireonline.shop\/wp-content\/uploads\/2026\/02\/CN-101831107_00.jpg","datePublished":"2026-02-16T11:19:00+00:00","dateModified":"2026-03-10T05:28:07+00:00","breadcrumb":{"@id":"https:\/\/desireonline.shop\/vi\/san-pham\/t-skin-real-may-rung-duong-vat-gia-diem-g-g-spot-beast\/#breadcrumb"},"inLanguage":"vi","potentialAction":[{"@type":"ReadAction","target":["https:\/\/desireonline.shop\/vi\/san-pham\/t-skin-real-may-rung-duong-vat-gia-diem-g-g-spot-beast\/"]}]},{"@type":"ImageObject","inLanguage":"vi","@id":"https:\/\/desireonline.shop\/vi\/san-pham\/t-skin-real-may-rung-duong-vat-gia-diem-g-g-spot-beast\/#primaryimage","url":"https:\/\/desireonline.shop\/wp-content\/uploads\/2026\/02\/CN-101831107_00.jpg","contentUrl":"https:\/\/desireonline.shop\/wp-content\/uploads\/2026\/02\/CN-101831107_00.jpg","width":1000,"height":1000},{"@type":"BreadcrumbList","@id":"https:\/\/desireonline.shop\/vi\/san-pham\/t-skin-real-may-rung-duong-vat-gia-diem-g-g-spot-beast\/#breadcrumb","itemListElement":[{"@type":"ListItem","position":1,"name":"Home","item":"https:\/\/desireonline.shop\/vi\/trang-chu\/?lang=vi"},{"@type":"ListItem","position":2,"name":"T\u1ea5t c\u1ea3 s\u1ea3n ph\u1ea9m","item":"https:\/\/desireonline.shop\/cua-hang\/?lang=vi"},{"@type":"ListItem","position":3,"name":"T-Skin Real M\u00e1y rung d\u01b0\u01a1ng v\u1eadt gi\u1ea3 \u0111i\u1ec3m G G-spot Beast"}]},{"@type":"WebSite","@id":"https:\/\/desireonline.shop\/vi\/#website","url":"https:\/\/desireonline.shop\/vi\/","name":"Desire","description":"Sexual Wellness Platform","publisher":{"@id":"https:\/\/desireonline.shop\/vi\/#organization"},"potentialAction":[{"@type":"SearchAction","target":{"@type":"EntryPoint","urlTemplate":"https:\/\/desireonline.shop\/vi\/?s={search_term_string}"},"query-input":{"@type":"PropertyValueSpecification","valueRequired":true,"valueName":"search_term_string"}}],"inLanguage":"vi"},{"@type":"Organization","@id":"https:\/\/desireonline.shop\/vi\/#organization","name":"Desire","url":"https:\/\/desireonline.shop\/vi\/","logo":{"@type":"ImageObject","inLanguage":"vi","@id":"https:\/\/desireonline.shop\/vi\/#\/schema\/logo\/image\/","url":"https:\/\/desireonline.shop\/wp-content\/uploads\/2024\/06\/Logo-Thick-Font-1.webp","contentUrl":"https:\/\/desireonline.shop\/wp-content\/uploads\/2024\/06\/Logo-Thick-Font-1.webp","width":268,"height":399,"caption":"Desire"},"image":{"@id":"https:\/\/desireonline.shop\/vi\/#\/schema\/logo\/image\/"}}]}},"_links":{"self":[{"href":"https:\/\/desireonline.shop\/vi\/wp-json\/wp\/v2\/product\/66603","targetHints":{"allow":["GET"]}}],"collection":[{"href":"https:\/\/desireonline.shop\/vi\/wp-json\/wp\/v2\/product"}],"about":[{"href":"https:\/\/desireonline.shop\/vi\/wp-json\/wp\/v2\/types\/product"}],"replies":[{"embeddable":true,"href":"https:\/\/desireonline.shop\/vi\/wp-json\/wp\/v2\/comments?post=66603"}],"version-history":[{"count":0,"href":"https:\/\/desireonline.shop\/vi\/wp-json\/wp\/v2\/product\/66603\/revisions"}],"wp:featuredmedia":[{"embeddable":true,"href":"https:\/\/desireonline.shop\/vi\/wp-json\/wp\/v2\/media\/62185"}],"wp:attachment":[{"href":"https:\/\/desireonline.shop\/vi\/wp-json\/wp\/v2\/media?parent=66603"}],"wp:term":[{"taxonomy":"product_brand","embeddable":true,"href":"https:\/\/desireonline.shop\/vi\/wp-json\/wp\/v2\/product_brand?post=66603"},{"taxonomy":"product_cat","embeddable":true,"href":"https:\/\/desireonline.shop\/vi\/wp-json\/wp\/v2\/product_cat?post=66603"},{"taxonomy":"product_tag","embeddable":true,"href":"https:\/\/desireonline.shop\/vi\/wp-json\/wp\/v2\/product_tag?post=66603"}],"curies":[{"name":"wp","href":"https:\/\/api.w.org\/{rel}","templated":true}]}}