{"id":66612,"date":"2026-02-16T11:20:00","date_gmt":"2026-02-16T11:20:00","guid":{"rendered":"https:\/\/desireonline.shop\/product\/hot-storm-bo-phu-kien-kich-thich-cho-cap-doi-flirting\/"},"modified":"2026-03-10T05:27:50","modified_gmt":"2026-03-10T05:27:50","slug":"hot-storm-bo-phu-kien-kich-thich-cho-cap-doi-flirting","status":"publish","type":"product","link":"https:\/\/desireonline.shop\/vi\/san-pham\/hot-storm-bo-phu-kien-kich-thich-cho-cap-doi-flirting\/","title":{"rendered":"HOT STORM B\u1ed9 ph\u1ee5 ki\u1ec7n k\u00edch th\u00edch cho c\u1eb7p \u0111\u00f4i Flirting"},"content":{"rendered":"<p>\u0110\u01b0\u1ee3c thi\u1ebft k\u1ebf \u0111\u1ec3 khuy\u1ebfn kh\u00edch s\u1ef1 \u0111a d\u1ea1ng vui t\u01b0\u01a1i, b\u1ed9 ph\u1ee5 ki\u1ec7n cho c\u1eb7p \u0111\u00f4i n\u00e0y k\u1ebft h\u1ee3p nhi\u1ec1u m\u00f3n ph\u1ee5 ki\u1ec7n \u0111\u1ec3 kh\u00e1m ph\u00e1 c\u00e1c c\u1ea3m gi\u00e1c v\u00e0 tr\u1ea3i nghi\u1ec7m kh\u00e1c nhau. S\u1ef1 k\u1ebft h\u1ee3p gi\u1eefa rung, chu\u1ed7i h\u1ea1t v\u00e0 v\u00f2ng gi\u00fap b\u1ea1n t\u00f9y ch\u1ec9nh t\u1eebng tr\u1ea3i nghi\u1ec7m theo t\u00e2m tr\u1ea1ng.<\/p>\n<p>Kh\u00f4ng ch\u1ee9a phthalate v\u00e0 d\u1ec5 s\u1eed d\u1ee5ng, s\u1ea3n ph\u1ea9m l\u00fd t\u01b0\u1edfng cho c\u00e1c c\u1eb7p \u0111\u00f4i mu\u1ed1n th\u00eam s\u1ef1 \u0111a d\u1ea1ng v\u00e0 t\u00f2 m\u00f2 v\u00e0o tr\u1ea3i nghi\u1ec7m c\u1ee7a m\u00ecnh. M\u1ed9t b\u1ed9 s\u1ea3n ph\u1ea9m linh ho\u1ea1t v\u00e0 th\u00fa v\u1ecb, khuy\u1ebfn kh\u00edch s\u1ef1 kh\u00e1m ph\u00e1 v\u00e0 th\u1eed nghi\u1ec7m c\u00f9ng nhau.<\/p>\n","protected":false},"excerpt":{"rendered":"<p>\u0110\u01b0\u1ee3c thi\u1ebft k\u1ebf \u0111\u1ec3 khuy\u1ebfn kh\u00edch s\u1ef1 \u0111a d\u1ea1ng vui t\u01b0\u01a1i, b\u1ed9 ph\u1ee5 ki\u1ec7n cho c\u1eb7p \u0111\u00f4i n\u00e0y k\u1ebft h\u1ee3p nhi\u1ec1u m\u00f3n ph\u1ee5 ki\u1ec7n \u0111\u1ec3 kh\u00e1m ph\u00e1 c\u00e1c c\u1ea3m gi\u00e1c&hellip;<\/p>\n","protected":false},"featured_media":62233,"comment_status":"open","ping_status":"closed","template":"","meta":{"_acf_changed":false},"product_brand":[],"product_cat":[1366,1367,1341,1429],"product_tag":[],"class_list":{"0":"post-66612","1":"product","2":"type-product","3":"status-publish","4":"has-post-thumbnail","6":"product_cat-bo-san-pham-than-mat","7":"product_cat-chuoi-hau-mon","8":"product_cat-for-men","9":"product_cat-duong-vat-gia-co-rung","11":"first","12":"instock","13":"shipping-taxable","14":"purchasable","15":"product-type-simple"},"acf":[],"yoast_head":"<!-- This site is optimized with the Yoast SEO plugin v27.1.1 - https:\/\/yoast.com\/product\/yoast-seo-wordpress\/ -->\n<title>HOT STORM B\u1ed9 ph\u1ee5 ki\u1ec7n k\u00edch th\u00edch cho c\u1eb7p \u0111\u00f4i Flirting - Desire<\/title>\n<meta name=\"robots\" content=\"index, follow, max-snippet:-1, max-image-preview:large, max-video-preview:-1\" \/>\n<link rel=\"canonical\" href=\"https:\/\/desireonline.shop\/vi\/san-pham\/hot-storm-bo-phu-kien-kich-thich-cho-cap-doi-flirting\/\" \/>\n<meta property=\"og:locale\" content=\"vi_VN\" \/>\n<meta property=\"og:type\" content=\"article\" \/>\n<meta property=\"og:title\" content=\"HOT STORM B\u1ed9 ph\u1ee5 ki\u1ec7n k\u00edch th\u00edch cho c\u1eb7p \u0111\u00f4i Flirting - Desire\" \/>\n<meta property=\"og:description\" content=\"\u0110\u01b0\u1ee3c thi\u1ebft k\u1ebf \u0111\u1ec3 khuy\u1ebfn kh\u00edch s\u1ef1 \u0111a d\u1ea1ng vui t\u01b0\u01a1i, b\u1ed9 ph\u1ee5 ki\u1ec7n cho c\u1eb7p \u0111\u00f4i n\u00e0y k\u1ebft h\u1ee3p nhi\u1ec1u m\u00f3n ph\u1ee5 ki\u1ec7n \u0111\u1ec3 kh\u00e1m ph\u00e1 c\u00e1c c\u1ea3m gi\u00e1c&hellip;\" \/>\n<meta property=\"og:url\" content=\"https:\/\/desireonline.shop\/vi\/san-pham\/hot-storm-bo-phu-kien-kich-thich-cho-cap-doi-flirting\/\" \/>\n<meta property=\"og:site_name\" content=\"Desire\" \/>\n<meta property=\"article:modified_time\" content=\"2026-03-10T05:27:50+00:00\" \/>\n<meta property=\"og:image\" content=\"https:\/\/desireonline.shop\/wp-content\/uploads\/2026\/02\/CN-104767814_00.jpg\" \/>\n\t<meta property=\"og:image:width\" content=\"1000\" \/>\n\t<meta property=\"og:image:height\" content=\"1000\" \/>\n\t<meta property=\"og:image:type\" content=\"image\/jpeg\" \/>\n<meta name=\"twitter:card\" content=\"summary_large_image\" \/>\n<meta name=\"twitter:label1\" content=\"\u01af\u1edbc t\u00ednh th\u1eddi gian \u0111\u1ecdc\" \/>\n\t<meta name=\"twitter:data1\" content=\"1 ph\u00fat\" \/>\n<script type=\"application\/ld+json\" class=\"yoast-schema-graph\">{\"@context\":\"https:\/\/schema.org\",\"@graph\":[{\"@type\":\"WebPage\",\"@id\":\"https:\/\/desireonline.shop\/vi\/san-pham\/hot-storm-bo-phu-kien-kich-thich-cho-cap-doi-flirting\/\",\"url\":\"https:\/\/desireonline.shop\/vi\/san-pham\/hot-storm-bo-phu-kien-kich-thich-cho-cap-doi-flirting\/\",\"name\":\"HOT STORM B\u1ed9 ph\u1ee5 ki\u1ec7n k\u00edch th\u00edch cho c\u1eb7p \u0111\u00f4i Flirting - Desire\",\"isPartOf\":{\"@id\":\"https:\/\/desireonline.shop\/vi\/#website\"},\"primaryImageOfPage\":{\"@id\":\"https:\/\/desireonline.shop\/vi\/san-pham\/hot-storm-bo-phu-kien-kich-thich-cho-cap-doi-flirting\/#primaryimage\"},\"image\":{\"@id\":\"https:\/\/desireonline.shop\/vi\/san-pham\/hot-storm-bo-phu-kien-kich-thich-cho-cap-doi-flirting\/#primaryimage\"},\"thumbnailUrl\":\"https:\/\/desireonline.shop\/wp-content\/uploads\/2026\/02\/CN-104767814_00.jpg\",\"datePublished\":\"2026-02-16T11:20:00+00:00\",\"dateModified\":\"2026-03-10T05:27:50+00:00\",\"breadcrumb\":{\"@id\":\"https:\/\/desireonline.shop\/vi\/san-pham\/hot-storm-bo-phu-kien-kich-thich-cho-cap-doi-flirting\/#breadcrumb\"},\"inLanguage\":\"vi\",\"potentialAction\":[{\"@type\":\"ReadAction\",\"target\":[\"https:\/\/desireonline.shop\/vi\/san-pham\/hot-storm-bo-phu-kien-kich-thich-cho-cap-doi-flirting\/\"]}]},{\"@type\":\"ImageObject\",\"inLanguage\":\"vi\",\"@id\":\"https:\/\/desireonline.shop\/vi\/san-pham\/hot-storm-bo-phu-kien-kich-thich-cho-cap-doi-flirting\/#primaryimage\",\"url\":\"https:\/\/desireonline.shop\/wp-content\/uploads\/2026\/02\/CN-104767814_00.jpg\",\"contentUrl\":\"https:\/\/desireonline.shop\/wp-content\/uploads\/2026\/02\/CN-104767814_00.jpg\",\"width\":1000,\"height\":1000},{\"@type\":\"BreadcrumbList\",\"@id\":\"https:\/\/desireonline.shop\/vi\/san-pham\/hot-storm-bo-phu-kien-kich-thich-cho-cap-doi-flirting\/#breadcrumb\",\"itemListElement\":[{\"@type\":\"ListItem\",\"position\":1,\"name\":\"Home\",\"item\":\"https:\/\/desireonline.shop\/vi\/trang-chu\/?lang=vi\"},{\"@type\":\"ListItem\",\"position\":2,\"name\":\"T\u1ea5t c\u1ea3 s\u1ea3n ph\u1ea9m\",\"item\":\"https:\/\/desireonline.shop\/cua-hang\/?lang=vi\"},{\"@type\":\"ListItem\",\"position\":3,\"name\":\"HOT STORM B\u1ed9 ph\u1ee5 ki\u1ec7n k\u00edch th\u00edch cho c\u1eb7p \u0111\u00f4i Flirting\"}]},{\"@type\":\"WebSite\",\"@id\":\"https:\/\/desireonline.shop\/vi\/#website\",\"url\":\"https:\/\/desireonline.shop\/vi\/\",\"name\":\"Desire\",\"description\":\"Sexual Wellness Platform\",\"publisher\":{\"@id\":\"https:\/\/desireonline.shop\/vi\/#organization\"},\"potentialAction\":[{\"@type\":\"SearchAction\",\"target\":{\"@type\":\"EntryPoint\",\"urlTemplate\":\"https:\/\/desireonline.shop\/vi\/?s={search_term_string}\"},\"query-input\":{\"@type\":\"PropertyValueSpecification\",\"valueRequired\":true,\"valueName\":\"search_term_string\"}}],\"inLanguage\":\"vi\"},{\"@type\":\"Organization\",\"@id\":\"https:\/\/desireonline.shop\/vi\/#organization\",\"name\":\"Desire\",\"url\":\"https:\/\/desireonline.shop\/vi\/\",\"logo\":{\"@type\":\"ImageObject\",\"inLanguage\":\"vi\",\"@id\":\"https:\/\/desireonline.shop\/vi\/#\/schema\/logo\/image\/\",\"url\":\"https:\/\/desireonline.shop\/wp-content\/uploads\/2024\/06\/Logo-Thick-Font-1.webp\",\"contentUrl\":\"https:\/\/desireonline.shop\/wp-content\/uploads\/2024\/06\/Logo-Thick-Font-1.webp\",\"width\":268,\"height\":399,\"caption\":\"Desire\"},\"image\":{\"@id\":\"https:\/\/desireonline.shop\/vi\/#\/schema\/logo\/image\/\"}}]}<\/script>\n<!-- \/ Yoast SEO plugin. -->","yoast_head_json":{"title":"HOT STORM B\u1ed9 ph\u1ee5 ki\u1ec7n k\u00edch th\u00edch cho c\u1eb7p \u0111\u00f4i Flirting - Desire","robots":{"index":"index","follow":"follow","max-snippet":"max-snippet:-1","max-image-preview":"max-image-preview:large","max-video-preview":"max-video-preview:-1"},"canonical":"https:\/\/desireonline.shop\/vi\/san-pham\/hot-storm-bo-phu-kien-kich-thich-cho-cap-doi-flirting\/","og_locale":"vi_VN","og_type":"article","og_title":"HOT STORM B\u1ed9 ph\u1ee5 ki\u1ec7n k\u00edch th\u00edch cho c\u1eb7p \u0111\u00f4i Flirting - Desire","og_description":"\u0110\u01b0\u1ee3c thi\u1ebft k\u1ebf \u0111\u1ec3 khuy\u1ebfn kh\u00edch s\u1ef1 \u0111a d\u1ea1ng vui t\u01b0\u01a1i, b\u1ed9 ph\u1ee5 ki\u1ec7n cho c\u1eb7p \u0111\u00f4i n\u00e0y k\u1ebft h\u1ee3p nhi\u1ec1u m\u00f3n ph\u1ee5 ki\u1ec7n \u0111\u1ec3 kh\u00e1m ph\u00e1 c\u00e1c c\u1ea3m gi\u00e1c&hellip;","og_url":"https:\/\/desireonline.shop\/vi\/san-pham\/hot-storm-bo-phu-kien-kich-thich-cho-cap-doi-flirting\/","og_site_name":"Desire","article_modified_time":"2026-03-10T05:27:50+00:00","og_image":[{"width":1000,"height":1000,"url":"https:\/\/desireonline.shop\/wp-content\/uploads\/2026\/02\/CN-104767814_00.jpg","type":"image\/jpeg"}],"twitter_card":"summary_large_image","twitter_misc":{"\u01af\u1edbc t\u00ednh th\u1eddi gian \u0111\u1ecdc":"1 ph\u00fat"},"schema":{"@context":"https:\/\/schema.org","@graph":[{"@type":"WebPage","@id":"https:\/\/desireonline.shop\/vi\/san-pham\/hot-storm-bo-phu-kien-kich-thich-cho-cap-doi-flirting\/","url":"https:\/\/desireonline.shop\/vi\/san-pham\/hot-storm-bo-phu-kien-kich-thich-cho-cap-doi-flirting\/","name":"HOT STORM B\u1ed9 ph\u1ee5 ki\u1ec7n k\u00edch th\u00edch cho c\u1eb7p \u0111\u00f4i Flirting - Desire","isPartOf":{"@id":"https:\/\/desireonline.shop\/vi\/#website"},"primaryImageOfPage":{"@id":"https:\/\/desireonline.shop\/vi\/san-pham\/hot-storm-bo-phu-kien-kich-thich-cho-cap-doi-flirting\/#primaryimage"},"image":{"@id":"https:\/\/desireonline.shop\/vi\/san-pham\/hot-storm-bo-phu-kien-kich-thich-cho-cap-doi-flirting\/#primaryimage"},"thumbnailUrl":"https:\/\/desireonline.shop\/wp-content\/uploads\/2026\/02\/CN-104767814_00.jpg","datePublished":"2026-02-16T11:20:00+00:00","dateModified":"2026-03-10T05:27:50+00:00","breadcrumb":{"@id":"https:\/\/desireonline.shop\/vi\/san-pham\/hot-storm-bo-phu-kien-kich-thich-cho-cap-doi-flirting\/#breadcrumb"},"inLanguage":"vi","potentialAction":[{"@type":"ReadAction","target":["https:\/\/desireonline.shop\/vi\/san-pham\/hot-storm-bo-phu-kien-kich-thich-cho-cap-doi-flirting\/"]}]},{"@type":"ImageObject","inLanguage":"vi","@id":"https:\/\/desireonline.shop\/vi\/san-pham\/hot-storm-bo-phu-kien-kich-thich-cho-cap-doi-flirting\/#primaryimage","url":"https:\/\/desireonline.shop\/wp-content\/uploads\/2026\/02\/CN-104767814_00.jpg","contentUrl":"https:\/\/desireonline.shop\/wp-content\/uploads\/2026\/02\/CN-104767814_00.jpg","width":1000,"height":1000},{"@type":"BreadcrumbList","@id":"https:\/\/desireonline.shop\/vi\/san-pham\/hot-storm-bo-phu-kien-kich-thich-cho-cap-doi-flirting\/#breadcrumb","itemListElement":[{"@type":"ListItem","position":1,"name":"Home","item":"https:\/\/desireonline.shop\/vi\/trang-chu\/?lang=vi"},{"@type":"ListItem","position":2,"name":"T\u1ea5t c\u1ea3 s\u1ea3n ph\u1ea9m","item":"https:\/\/desireonline.shop\/cua-hang\/?lang=vi"},{"@type":"ListItem","position":3,"name":"HOT STORM B\u1ed9 ph\u1ee5 ki\u1ec7n k\u00edch th\u00edch cho c\u1eb7p \u0111\u00f4i Flirting"}]},{"@type":"WebSite","@id":"https:\/\/desireonline.shop\/vi\/#website","url":"https:\/\/desireonline.shop\/vi\/","name":"Desire","description":"Sexual Wellness Platform","publisher":{"@id":"https:\/\/desireonline.shop\/vi\/#organization"},"potentialAction":[{"@type":"SearchAction","target":{"@type":"EntryPoint","urlTemplate":"https:\/\/desireonline.shop\/vi\/?s={search_term_string}"},"query-input":{"@type":"PropertyValueSpecification","valueRequired":true,"valueName":"search_term_string"}}],"inLanguage":"vi"},{"@type":"Organization","@id":"https:\/\/desireonline.shop\/vi\/#organization","name":"Desire","url":"https:\/\/desireonline.shop\/vi\/","logo":{"@type":"ImageObject","inLanguage":"vi","@id":"https:\/\/desireonline.shop\/vi\/#\/schema\/logo\/image\/","url":"https:\/\/desireonline.shop\/wp-content\/uploads\/2024\/06\/Logo-Thick-Font-1.webp","contentUrl":"https:\/\/desireonline.shop\/wp-content\/uploads\/2024\/06\/Logo-Thick-Font-1.webp","width":268,"height":399,"caption":"Desire"},"image":{"@id":"https:\/\/desireonline.shop\/vi\/#\/schema\/logo\/image\/"}}]}},"_links":{"self":[{"href":"https:\/\/desireonline.shop\/vi\/wp-json\/wp\/v2\/product\/66612","targetHints":{"allow":["GET"]}}],"collection":[{"href":"https:\/\/desireonline.shop\/vi\/wp-json\/wp\/v2\/product"}],"about":[{"href":"https:\/\/desireonline.shop\/vi\/wp-json\/wp\/v2\/types\/product"}],"replies":[{"embeddable":true,"href":"https:\/\/desireonline.shop\/vi\/wp-json\/wp\/v2\/comments?post=66612"}],"version-history":[{"count":0,"href":"https:\/\/desireonline.shop\/vi\/wp-json\/wp\/v2\/product\/66612\/revisions"}],"wp:featuredmedia":[{"embeddable":true,"href":"https:\/\/desireonline.shop\/vi\/wp-json\/wp\/v2\/media\/62233"}],"wp:attachment":[{"href":"https:\/\/desireonline.shop\/vi\/wp-json\/wp\/v2\/media?parent=66612"}],"wp:term":[{"taxonomy":"product_brand","embeddable":true,"href":"https:\/\/desireonline.shop\/vi\/wp-json\/wp\/v2\/product_brand?post=66612"},{"taxonomy":"product_cat","embeddable":true,"href":"https:\/\/desireonline.shop\/vi\/wp-json\/wp\/v2\/product_cat?post=66612"},{"taxonomy":"product_tag","embeddable":true,"href":"https:\/\/desireonline.shop\/vi\/wp-json\/wp\/v2\/product_tag?post=66612"}],"curies":[{"name":"wp","href":"https:\/\/api.w.org\/{rel}","templated":true}]}}