{"id":66625,"date":"2026-02-16T11:20:00","date_gmt":"2026-02-16T11:20:00","guid":{"rendered":"https:\/\/desireonline.shop\/product\/hot-storm-bo-phu-kien-his-enlargement\/"},"modified":"2026-03-10T05:32:13","modified_gmt":"2026-03-10T05:32:13","slug":"hot-storm-bo-phu-kien-his-enlargement","status":"publish","type":"product","link":"https:\/\/desireonline.shop\/vi\/san-pham\/hot-storm-bo-phu-kien-his-enlargement\/","title":{"rendered":"HOT STORM B\u1ed9 ph\u1ee5 ki\u1ec7n His Enlargement"},"content":{"rendered":"<p>\u0110\u01b0\u1ee3c thi\u1ebft k\u1ebf \u0111\u1ec3 h\u1ed7 tr\u1ee3 kh\u00e1m ph\u00e1 v\u00e0 t\u0103ng s\u1ef1 t\u1ef1 tin, b\u1ed9 s\u1ea3n ph\u1ea9m n\u00e0y bao g\u1ed3m c\u00e1c ph\u1ee5 ki\u1ec7n b\u1ed5 tr\u1ee3 ho\u1ea1t \u0111\u1ed9ng c\u00f9ng nhau \u0111\u1ec3 t\u0103ng c\u01b0\u1eddng c\u1ea3m gi\u00e1c. S\u1ef1 k\u1ebft h\u1ee3p n\u00e0y khuy\u1ebfn kh\u00edch vi\u1ec7c th\u1eed nghi\u1ec7m trong khi v\u1eabn duy tr\u00ec s\u1ef1 tho\u1ea3i m\u00e1i v\u00e0 d\u1ec5 s\u1eed d\u1ee5ng.<\/p>\n<p>\u0110\u01b0\u1ee3c l\u00e0m t\u1eeb ch\u1ea5t li\u1ec7u kh\u00f4ng ch\u1ee9a phthalate, s\u1ea3n ph\u1ea9m mang l\u1ea1i s\u1ef1 y\u00ean t\u00e2m song song v\u1edbi kho\u00e1i c\u1ea3m. M\u1ed9t l\u1ef1a ch\u1ecdn linh ho\u1ea1t cho nh\u1eefng ai mu\u1ed1n kh\u00e1m ph\u00e1 c\u00e1c c\u1ea3m gi\u00e1c kh\u00e1c nhau theo nh\u1ecbp \u0111\u1ed9 c\u1ee7a ri\u00eang m\u00ecnh.<\/p>\n","protected":false},"excerpt":{"rendered":"<p>\u0110\u01b0\u1ee3c thi\u1ebft k\u1ebf \u0111\u1ec3 h\u1ed7 tr\u1ee3 kh\u00e1m ph\u00e1 v\u00e0 t\u0103ng s\u1ef1 t\u1ef1 tin, b\u1ed9 s\u1ea3n ph\u1ea9m n\u00e0y bao g\u1ed3m c\u00e1c ph\u1ee5 ki\u1ec7n b\u1ed5 tr\u1ee3 ho\u1ea1t \u0111\u1ed9ng c\u00f9ng nhau \u0111\u1ec3 t\u0103ng&hellip;<\/p>\n","protected":false},"featured_media":62224,"comment_status":"open","ping_status":"closed","template":"","meta":{"_acf_changed":false},"product_brand":[],"product_cat":[1366,1369,1368],"product_tag":[],"class_list":{"0":"post-66625","1":"product","2":"type-product","3":"status-publish","4":"has-post-thumbnail","6":"product_cat-bo-san-pham-than-mat","7":"product_cat-bo-vong-deo-ho-tro","8":"product_cat-nut-hau-mon","10":"first","11":"instock","12":"shipping-taxable","13":"purchasable","14":"product-type-simple"},"acf":[],"yoast_head":"<!-- This site is optimized with the Yoast SEO plugin v27.1.1 - https:\/\/yoast.com\/product\/yoast-seo-wordpress\/ -->\n<title>HOT STORM B\u1ed9 ph\u1ee5 ki\u1ec7n His Enlargement - Desire<\/title>\n<meta name=\"robots\" content=\"index, follow, max-snippet:-1, max-image-preview:large, max-video-preview:-1\" \/>\n<link rel=\"canonical\" href=\"https:\/\/desireonline.shop\/vi\/san-pham\/hot-storm-bo-phu-kien-his-enlargement\/\" \/>\n<meta property=\"og:locale\" content=\"vi_VN\" \/>\n<meta property=\"og:type\" content=\"article\" \/>\n<meta property=\"og:title\" content=\"HOT STORM B\u1ed9 ph\u1ee5 ki\u1ec7n His Enlargement - Desire\" \/>\n<meta property=\"og:description\" content=\"\u0110\u01b0\u1ee3c thi\u1ebft k\u1ebf \u0111\u1ec3 h\u1ed7 tr\u1ee3 kh\u00e1m ph\u00e1 v\u00e0 t\u0103ng s\u1ef1 t\u1ef1 tin, b\u1ed9 s\u1ea3n ph\u1ea9m n\u00e0y bao g\u1ed3m c\u00e1c ph\u1ee5 ki\u1ec7n b\u1ed5 tr\u1ee3 ho\u1ea1t \u0111\u1ed9ng c\u00f9ng nhau \u0111\u1ec3 t\u0103ng&hellip;\" \/>\n<meta property=\"og:url\" content=\"https:\/\/desireonline.shop\/vi\/san-pham\/hot-storm-bo-phu-kien-his-enlargement\/\" \/>\n<meta property=\"og:site_name\" content=\"Desire\" \/>\n<meta property=\"article:modified_time\" content=\"2026-03-10T05:32:13+00:00\" \/>\n<meta property=\"og:image\" content=\"https:\/\/desireonline.shop\/wp-content\/uploads\/2026\/02\/CN-494752871_00.jpg\" \/>\n\t<meta property=\"og:image:width\" content=\"1000\" \/>\n\t<meta property=\"og:image:height\" content=\"1000\" \/>\n\t<meta property=\"og:image:type\" content=\"image\/jpeg\" \/>\n<meta name=\"twitter:card\" content=\"summary_large_image\" \/>\n<meta name=\"twitter:label1\" content=\"\u01af\u1edbc t\u00ednh th\u1eddi gian \u0111\u1ecdc\" \/>\n\t<meta name=\"twitter:data1\" content=\"1 ph\u00fat\" \/>\n<script type=\"application\/ld+json\" class=\"yoast-schema-graph\">{\"@context\":\"https:\/\/schema.org\",\"@graph\":[{\"@type\":\"WebPage\",\"@id\":\"https:\/\/desireonline.shop\/vi\/san-pham\/hot-storm-bo-phu-kien-his-enlargement\/\",\"url\":\"https:\/\/desireonline.shop\/vi\/san-pham\/hot-storm-bo-phu-kien-his-enlargement\/\",\"name\":\"HOT STORM B\u1ed9 ph\u1ee5 ki\u1ec7n His Enlargement - Desire\",\"isPartOf\":{\"@id\":\"https:\/\/desireonline.shop\/vi\/#website\"},\"primaryImageOfPage\":{\"@id\":\"https:\/\/desireonline.shop\/vi\/san-pham\/hot-storm-bo-phu-kien-his-enlargement\/#primaryimage\"},\"image\":{\"@id\":\"https:\/\/desireonline.shop\/vi\/san-pham\/hot-storm-bo-phu-kien-his-enlargement\/#primaryimage\"},\"thumbnailUrl\":\"https:\/\/desireonline.shop\/wp-content\/uploads\/2026\/02\/CN-494752871_00.jpg\",\"datePublished\":\"2026-02-16T11:20:00+00:00\",\"dateModified\":\"2026-03-10T05:32:13+00:00\",\"breadcrumb\":{\"@id\":\"https:\/\/desireonline.shop\/vi\/san-pham\/hot-storm-bo-phu-kien-his-enlargement\/#breadcrumb\"},\"inLanguage\":\"vi\",\"potentialAction\":[{\"@type\":\"ReadAction\",\"target\":[\"https:\/\/desireonline.shop\/vi\/san-pham\/hot-storm-bo-phu-kien-his-enlargement\/\"]}]},{\"@type\":\"ImageObject\",\"inLanguage\":\"vi\",\"@id\":\"https:\/\/desireonline.shop\/vi\/san-pham\/hot-storm-bo-phu-kien-his-enlargement\/#primaryimage\",\"url\":\"https:\/\/desireonline.shop\/wp-content\/uploads\/2026\/02\/CN-494752871_00.jpg\",\"contentUrl\":\"https:\/\/desireonline.shop\/wp-content\/uploads\/2026\/02\/CN-494752871_00.jpg\",\"width\":1000,\"height\":1000},{\"@type\":\"BreadcrumbList\",\"@id\":\"https:\/\/desireonline.shop\/vi\/san-pham\/hot-storm-bo-phu-kien-his-enlargement\/#breadcrumb\",\"itemListElement\":[{\"@type\":\"ListItem\",\"position\":1,\"name\":\"Home\",\"item\":\"https:\/\/desireonline.shop\/vi\/trang-chu\/?lang=vi\"},{\"@type\":\"ListItem\",\"position\":2,\"name\":\"T\u1ea5t c\u1ea3 s\u1ea3n ph\u1ea9m\",\"item\":\"https:\/\/desireonline.shop\/cua-hang\/?lang=vi\"},{\"@type\":\"ListItem\",\"position\":3,\"name\":\"HOT STORM B\u1ed9 ph\u1ee5 ki\u1ec7n His Enlargement\"}]},{\"@type\":\"WebSite\",\"@id\":\"https:\/\/desireonline.shop\/vi\/#website\",\"url\":\"https:\/\/desireonline.shop\/vi\/\",\"name\":\"Desire\",\"description\":\"Sexual Wellness Platform\",\"publisher\":{\"@id\":\"https:\/\/desireonline.shop\/vi\/#organization\"},\"potentialAction\":[{\"@type\":\"SearchAction\",\"target\":{\"@type\":\"EntryPoint\",\"urlTemplate\":\"https:\/\/desireonline.shop\/vi\/?s={search_term_string}\"},\"query-input\":{\"@type\":\"PropertyValueSpecification\",\"valueRequired\":true,\"valueName\":\"search_term_string\"}}],\"inLanguage\":\"vi\"},{\"@type\":\"Organization\",\"@id\":\"https:\/\/desireonline.shop\/vi\/#organization\",\"name\":\"Desire\",\"url\":\"https:\/\/desireonline.shop\/vi\/\",\"logo\":{\"@type\":\"ImageObject\",\"inLanguage\":\"vi\",\"@id\":\"https:\/\/desireonline.shop\/vi\/#\/schema\/logo\/image\/\",\"url\":\"https:\/\/desireonline.shop\/wp-content\/uploads\/2024\/06\/Logo-Thick-Font-1.webp\",\"contentUrl\":\"https:\/\/desireonline.shop\/wp-content\/uploads\/2024\/06\/Logo-Thick-Font-1.webp\",\"width\":268,\"height\":399,\"caption\":\"Desire\"},\"image\":{\"@id\":\"https:\/\/desireonline.shop\/vi\/#\/schema\/logo\/image\/\"}}]}<\/script>\n<!-- \/ Yoast SEO plugin. -->","yoast_head_json":{"title":"HOT STORM B\u1ed9 ph\u1ee5 ki\u1ec7n His Enlargement - Desire","robots":{"index":"index","follow":"follow","max-snippet":"max-snippet:-1","max-image-preview":"max-image-preview:large","max-video-preview":"max-video-preview:-1"},"canonical":"https:\/\/desireonline.shop\/vi\/san-pham\/hot-storm-bo-phu-kien-his-enlargement\/","og_locale":"vi_VN","og_type":"article","og_title":"HOT STORM B\u1ed9 ph\u1ee5 ki\u1ec7n His Enlargement - Desire","og_description":"\u0110\u01b0\u1ee3c thi\u1ebft k\u1ebf \u0111\u1ec3 h\u1ed7 tr\u1ee3 kh\u00e1m ph\u00e1 v\u00e0 t\u0103ng s\u1ef1 t\u1ef1 tin, b\u1ed9 s\u1ea3n ph\u1ea9m n\u00e0y bao g\u1ed3m c\u00e1c ph\u1ee5 ki\u1ec7n b\u1ed5 tr\u1ee3 ho\u1ea1t \u0111\u1ed9ng c\u00f9ng nhau \u0111\u1ec3 t\u0103ng&hellip;","og_url":"https:\/\/desireonline.shop\/vi\/san-pham\/hot-storm-bo-phu-kien-his-enlargement\/","og_site_name":"Desire","article_modified_time":"2026-03-10T05:32:13+00:00","og_image":[{"width":1000,"height":1000,"url":"https:\/\/desireonline.shop\/wp-content\/uploads\/2026\/02\/CN-494752871_00.jpg","type":"image\/jpeg"}],"twitter_card":"summary_large_image","twitter_misc":{"\u01af\u1edbc t\u00ednh th\u1eddi gian \u0111\u1ecdc":"1 ph\u00fat"},"schema":{"@context":"https:\/\/schema.org","@graph":[{"@type":"WebPage","@id":"https:\/\/desireonline.shop\/vi\/san-pham\/hot-storm-bo-phu-kien-his-enlargement\/","url":"https:\/\/desireonline.shop\/vi\/san-pham\/hot-storm-bo-phu-kien-his-enlargement\/","name":"HOT STORM B\u1ed9 ph\u1ee5 ki\u1ec7n His Enlargement - Desire","isPartOf":{"@id":"https:\/\/desireonline.shop\/vi\/#website"},"primaryImageOfPage":{"@id":"https:\/\/desireonline.shop\/vi\/san-pham\/hot-storm-bo-phu-kien-his-enlargement\/#primaryimage"},"image":{"@id":"https:\/\/desireonline.shop\/vi\/san-pham\/hot-storm-bo-phu-kien-his-enlargement\/#primaryimage"},"thumbnailUrl":"https:\/\/desireonline.shop\/wp-content\/uploads\/2026\/02\/CN-494752871_00.jpg","datePublished":"2026-02-16T11:20:00+00:00","dateModified":"2026-03-10T05:32:13+00:00","breadcrumb":{"@id":"https:\/\/desireonline.shop\/vi\/san-pham\/hot-storm-bo-phu-kien-his-enlargement\/#breadcrumb"},"inLanguage":"vi","potentialAction":[{"@type":"ReadAction","target":["https:\/\/desireonline.shop\/vi\/san-pham\/hot-storm-bo-phu-kien-his-enlargement\/"]}]},{"@type":"ImageObject","inLanguage":"vi","@id":"https:\/\/desireonline.shop\/vi\/san-pham\/hot-storm-bo-phu-kien-his-enlargement\/#primaryimage","url":"https:\/\/desireonline.shop\/wp-content\/uploads\/2026\/02\/CN-494752871_00.jpg","contentUrl":"https:\/\/desireonline.shop\/wp-content\/uploads\/2026\/02\/CN-494752871_00.jpg","width":1000,"height":1000},{"@type":"BreadcrumbList","@id":"https:\/\/desireonline.shop\/vi\/san-pham\/hot-storm-bo-phu-kien-his-enlargement\/#breadcrumb","itemListElement":[{"@type":"ListItem","position":1,"name":"Home","item":"https:\/\/desireonline.shop\/vi\/trang-chu\/?lang=vi"},{"@type":"ListItem","position":2,"name":"T\u1ea5t c\u1ea3 s\u1ea3n ph\u1ea9m","item":"https:\/\/desireonline.shop\/cua-hang\/?lang=vi"},{"@type":"ListItem","position":3,"name":"HOT STORM B\u1ed9 ph\u1ee5 ki\u1ec7n His Enlargement"}]},{"@type":"WebSite","@id":"https:\/\/desireonline.shop\/vi\/#website","url":"https:\/\/desireonline.shop\/vi\/","name":"Desire","description":"Sexual Wellness Platform","publisher":{"@id":"https:\/\/desireonline.shop\/vi\/#organization"},"potentialAction":[{"@type":"SearchAction","target":{"@type":"EntryPoint","urlTemplate":"https:\/\/desireonline.shop\/vi\/?s={search_term_string}"},"query-input":{"@type":"PropertyValueSpecification","valueRequired":true,"valueName":"search_term_string"}}],"inLanguage":"vi"},{"@type":"Organization","@id":"https:\/\/desireonline.shop\/vi\/#organization","name":"Desire","url":"https:\/\/desireonline.shop\/vi\/","logo":{"@type":"ImageObject","inLanguage":"vi","@id":"https:\/\/desireonline.shop\/vi\/#\/schema\/logo\/image\/","url":"https:\/\/desireonline.shop\/wp-content\/uploads\/2024\/06\/Logo-Thick-Font-1.webp","contentUrl":"https:\/\/desireonline.shop\/wp-content\/uploads\/2024\/06\/Logo-Thick-Font-1.webp","width":268,"height":399,"caption":"Desire"},"image":{"@id":"https:\/\/desireonline.shop\/vi\/#\/schema\/logo\/image\/"}}]}},"_links":{"self":[{"href":"https:\/\/desireonline.shop\/vi\/wp-json\/wp\/v2\/product\/66625","targetHints":{"allow":["GET"]}}],"collection":[{"href":"https:\/\/desireonline.shop\/vi\/wp-json\/wp\/v2\/product"}],"about":[{"href":"https:\/\/desireonline.shop\/vi\/wp-json\/wp\/v2\/types\/product"}],"replies":[{"embeddable":true,"href":"https:\/\/desireonline.shop\/vi\/wp-json\/wp\/v2\/comments?post=66625"}],"version-history":[{"count":0,"href":"https:\/\/desireonline.shop\/vi\/wp-json\/wp\/v2\/product\/66625\/revisions"}],"wp:featuredmedia":[{"embeddable":true,"href":"https:\/\/desireonline.shop\/vi\/wp-json\/wp\/v2\/media\/62224"}],"wp:attachment":[{"href":"https:\/\/desireonline.shop\/vi\/wp-json\/wp\/v2\/media?parent=66625"}],"wp:term":[{"taxonomy":"product_brand","embeddable":true,"href":"https:\/\/desireonline.shop\/vi\/wp-json\/wp\/v2\/product_brand?post=66625"},{"taxonomy":"product_cat","embeddable":true,"href":"https:\/\/desireonline.shop\/vi\/wp-json\/wp\/v2\/product_cat?post=66625"},{"taxonomy":"product_tag","embeddable":true,"href":"https:\/\/desireonline.shop\/vi\/wp-json\/wp\/v2\/product_tag?post=66625"}],"curies":[{"name":"wp","href":"https:\/\/api.w.org\/{rel}","templated":true}]}}