{"id":66634,"date":"2026-02-16T11:20:00","date_gmt":"2026-02-16T11:20:00","guid":{"rendered":"https:\/\/desireonline.shop\/product\/hot-storm-love-of-couple-kit\/"},"modified":"2026-03-10T05:27:32","modified_gmt":"2026-03-10T05:27:32","slug":"hot-storm-love-of-couple-kit","status":"publish","type":"product","link":"https:\/\/desireonline.shop\/vi\/san-pham\/hot-storm-love-of-couple-kit\/","title":{"rendered":"HOT STORM Love of Couple Kit"},"content":{"rendered":"<p>\u0110\u01b0\u1ee3c thi\u1ebft k\u1ebf \u0111\u1ec3 gi\u00fap c\u00e1c c\u1eb7p \u0111\u00f4i th\u00eam g\u1eafn k\u1ebft, b\u1ed9 kho\u00e1i c\u1ea3m n\u00e0y k\u1ebft h\u1ee3p rung \u0111\u1ed9ng v\u1edbi k\u00edch th\u00edch t\u1eadp trung v\u00e0o tuy\u1ebfn ti\u1ec1n li\u1ec7t, mang l\u1ea1i tr\u1ea3i nghi\u1ec7m chung s\u1ed1ng \u0111\u1ed9ng h\u01a1n. C\u00e1c y\u1ebfu t\u1ed1 \u0111\u01b0\u1ee3c l\u1ef1a ch\u1ecdn c\u1ea9n th\u1eadn khuy\u1ebfn kh\u00edch s\u1ef1 kh\u00e1m ph\u00e1, \u0111a d\u1ea1ng v\u00e0 k\u1ebft n\u1ed1i.<\/p>\n<p>L\u00fd t\u01b0\u1edfng \u0111\u1ec3 th\u1eed nghi\u1ec7m nhi\u1ec1u c\u1ea3m gi\u00e1c kh\u00e1c nhau, \u0111\u00e2y l\u00e0 b\u1ed9 s\u1ea3n ph\u1ea9m linh ho\u1ea1t h\u1ed7 tr\u1ee3 c\u1ea3 tr\u1ea3i nghi\u1ec7m c\u00e1 nh\u00e2n v\u00e0 nh\u1eefng kho\u1ea3nh kh\u1eafc th\u00e2n m\u1eadt c\u00f9ng nhau. M\u1ed9t c\u00e1ch vui t\u01b0\u01a1i \u0111\u1ec3 kh\u00e1m ph\u00e1 s\u1ef1 th\u00e2n m\u1eadt v\u00e0 kho\u00e1i c\u1ea3m chung.<\/p>\n","protected":false},"excerpt":{"rendered":"<p>\u0110\u01b0\u1ee3c thi\u1ebft k\u1ebf \u0111\u1ec3 gi\u00fap c\u00e1c c\u1eb7p \u0111\u00f4i th\u00eam g\u1eafn k\u1ebft, b\u1ed9 kho\u00e1i c\u1ea3m n\u00e0y k\u1ebft h\u1ee3p rung \u0111\u1ed9ng v\u1edbi k\u00edch th\u00edch t\u1eadp trung v\u00e0o tuy\u1ebfn ti\u1ec1n li\u1ec7t, mang l\u1ea1i&hellip;<\/p>\n","protected":false},"featured_media":62209,"comment_status":"open","ping_status":"closed","template":"","meta":{"_acf_changed":false},"product_brand":[],"product_cat":[1405,1366,1370],"product_tag":[],"class_list":{"0":"post-66634","1":"product","2":"type-product","3":"status-publish","4":"has-post-thumbnail","6":"product_cat-bao-ong-ho-tro","7":"product_cat-bo-san-pham-than-mat","8":"product_cat-dung-cu-massage-tuyen-tien-liet","10":"first","11":"instock","12":"shipping-taxable","13":"purchasable","14":"product-type-simple"},"acf":[],"yoast_head":"<!-- This site is optimized with the Yoast SEO plugin v27.1.1 - https:\/\/yoast.com\/product\/yoast-seo-wordpress\/ -->\n<title>HOT STORM Love of Couple Kit - Desire<\/title>\n<meta name=\"robots\" content=\"index, follow, max-snippet:-1, max-image-preview:large, max-video-preview:-1\" \/>\n<link rel=\"canonical\" href=\"https:\/\/desireonline.shop\/vi\/san-pham\/hot-storm-love-of-couple-kit\/\" \/>\n<meta property=\"og:locale\" content=\"vi_VN\" \/>\n<meta property=\"og:type\" content=\"article\" \/>\n<meta property=\"og:title\" content=\"HOT STORM Love of Couple Kit - Desire\" \/>\n<meta property=\"og:description\" content=\"\u0110\u01b0\u1ee3c thi\u1ebft k\u1ebf \u0111\u1ec3 gi\u00fap c\u00e1c c\u1eb7p \u0111\u00f4i th\u00eam g\u1eafn k\u1ebft, b\u1ed9 kho\u00e1i c\u1ea3m n\u00e0y k\u1ebft h\u1ee3p rung \u0111\u1ed9ng v\u1edbi k\u00edch th\u00edch t\u1eadp trung v\u00e0o tuy\u1ebfn ti\u1ec1n li\u1ec7t, mang l\u1ea1i&hellip;\" \/>\n<meta property=\"og:url\" content=\"https:\/\/desireonline.shop\/vi\/san-pham\/hot-storm-love-of-couple-kit\/\" \/>\n<meta property=\"og:site_name\" content=\"Desire\" \/>\n<meta property=\"article:modified_time\" content=\"2026-03-10T05:27:32+00:00\" \/>\n<meta property=\"og:image\" content=\"https:\/\/desireonline.shop\/wp-content\/uploads\/2026\/02\/CN-374768137_00.jpg\" \/>\n\t<meta property=\"og:image:width\" content=\"1000\" \/>\n\t<meta property=\"og:image:height\" content=\"1000\" \/>\n\t<meta property=\"og:image:type\" content=\"image\/jpeg\" \/>\n<meta name=\"twitter:card\" content=\"summary_large_image\" \/>\n<meta name=\"twitter:label1\" content=\"\u01af\u1edbc t\u00ednh th\u1eddi gian \u0111\u1ecdc\" \/>\n\t<meta name=\"twitter:data1\" content=\"1 ph\u00fat\" \/>\n<script type=\"application\/ld+json\" class=\"yoast-schema-graph\">{\"@context\":\"https:\/\/schema.org\",\"@graph\":[{\"@type\":\"WebPage\",\"@id\":\"https:\/\/desireonline.shop\/vi\/san-pham\/hot-storm-love-of-couple-kit\/\",\"url\":\"https:\/\/desireonline.shop\/vi\/san-pham\/hot-storm-love-of-couple-kit\/\",\"name\":\"HOT STORM Love of Couple Kit - Desire\",\"isPartOf\":{\"@id\":\"https:\/\/desireonline.shop\/vi\/#website\"},\"primaryImageOfPage\":{\"@id\":\"https:\/\/desireonline.shop\/vi\/san-pham\/hot-storm-love-of-couple-kit\/#primaryimage\"},\"image\":{\"@id\":\"https:\/\/desireonline.shop\/vi\/san-pham\/hot-storm-love-of-couple-kit\/#primaryimage\"},\"thumbnailUrl\":\"https:\/\/desireonline.shop\/wp-content\/uploads\/2026\/02\/CN-374768137_00.jpg\",\"datePublished\":\"2026-02-16T11:20:00+00:00\",\"dateModified\":\"2026-03-10T05:27:32+00:00\",\"breadcrumb\":{\"@id\":\"https:\/\/desireonline.shop\/vi\/san-pham\/hot-storm-love-of-couple-kit\/#breadcrumb\"},\"inLanguage\":\"vi\",\"potentialAction\":[{\"@type\":\"ReadAction\",\"target\":[\"https:\/\/desireonline.shop\/vi\/san-pham\/hot-storm-love-of-couple-kit\/\"]}]},{\"@type\":\"ImageObject\",\"inLanguage\":\"vi\",\"@id\":\"https:\/\/desireonline.shop\/vi\/san-pham\/hot-storm-love-of-couple-kit\/#primaryimage\",\"url\":\"https:\/\/desireonline.shop\/wp-content\/uploads\/2026\/02\/CN-374768137_00.jpg\",\"contentUrl\":\"https:\/\/desireonline.shop\/wp-content\/uploads\/2026\/02\/CN-374768137_00.jpg\",\"width\":1000,\"height\":1000},{\"@type\":\"BreadcrumbList\",\"@id\":\"https:\/\/desireonline.shop\/vi\/san-pham\/hot-storm-love-of-couple-kit\/#breadcrumb\",\"itemListElement\":[{\"@type\":\"ListItem\",\"position\":1,\"name\":\"Home\",\"item\":\"https:\/\/desireonline.shop\/vi\/trang-chu\/?lang=vi\"},{\"@type\":\"ListItem\",\"position\":2,\"name\":\"T\u1ea5t c\u1ea3 s\u1ea3n ph\u1ea9m\",\"item\":\"https:\/\/desireonline.shop\/cua-hang\/?lang=vi\"},{\"@type\":\"ListItem\",\"position\":3,\"name\":\"HOT STORM Love of Couple Kit\"}]},{\"@type\":\"WebSite\",\"@id\":\"https:\/\/desireonline.shop\/vi\/#website\",\"url\":\"https:\/\/desireonline.shop\/vi\/\",\"name\":\"Desire\",\"description\":\"Sexual Wellness Platform\",\"publisher\":{\"@id\":\"https:\/\/desireonline.shop\/vi\/#organization\"},\"potentialAction\":[{\"@type\":\"SearchAction\",\"target\":{\"@type\":\"EntryPoint\",\"urlTemplate\":\"https:\/\/desireonline.shop\/vi\/?s={search_term_string}\"},\"query-input\":{\"@type\":\"PropertyValueSpecification\",\"valueRequired\":true,\"valueName\":\"search_term_string\"}}],\"inLanguage\":\"vi\"},{\"@type\":\"Organization\",\"@id\":\"https:\/\/desireonline.shop\/vi\/#organization\",\"name\":\"Desire\",\"url\":\"https:\/\/desireonline.shop\/vi\/\",\"logo\":{\"@type\":\"ImageObject\",\"inLanguage\":\"vi\",\"@id\":\"https:\/\/desireonline.shop\/vi\/#\/schema\/logo\/image\/\",\"url\":\"https:\/\/desireonline.shop\/wp-content\/uploads\/2024\/06\/Logo-Thick-Font-1.webp\",\"contentUrl\":\"https:\/\/desireonline.shop\/wp-content\/uploads\/2024\/06\/Logo-Thick-Font-1.webp\",\"width\":268,\"height\":399,\"caption\":\"Desire\"},\"image\":{\"@id\":\"https:\/\/desireonline.shop\/vi\/#\/schema\/logo\/image\/\"}}]}<\/script>\n<!-- \/ Yoast SEO plugin. -->","yoast_head_json":{"title":"HOT STORM Love of Couple Kit - Desire","robots":{"index":"index","follow":"follow","max-snippet":"max-snippet:-1","max-image-preview":"max-image-preview:large","max-video-preview":"max-video-preview:-1"},"canonical":"https:\/\/desireonline.shop\/vi\/san-pham\/hot-storm-love-of-couple-kit\/","og_locale":"vi_VN","og_type":"article","og_title":"HOT STORM Love of Couple Kit - Desire","og_description":"\u0110\u01b0\u1ee3c thi\u1ebft k\u1ebf \u0111\u1ec3 gi\u00fap c\u00e1c c\u1eb7p \u0111\u00f4i th\u00eam g\u1eafn k\u1ebft, b\u1ed9 kho\u00e1i c\u1ea3m n\u00e0y k\u1ebft h\u1ee3p rung \u0111\u1ed9ng v\u1edbi k\u00edch th\u00edch t\u1eadp trung v\u00e0o tuy\u1ebfn ti\u1ec1n li\u1ec7t, mang l\u1ea1i&hellip;","og_url":"https:\/\/desireonline.shop\/vi\/san-pham\/hot-storm-love-of-couple-kit\/","og_site_name":"Desire","article_modified_time":"2026-03-10T05:27:32+00:00","og_image":[{"width":1000,"height":1000,"url":"https:\/\/desireonline.shop\/wp-content\/uploads\/2026\/02\/CN-374768137_00.jpg","type":"image\/jpeg"}],"twitter_card":"summary_large_image","twitter_misc":{"\u01af\u1edbc t\u00ednh th\u1eddi gian \u0111\u1ecdc":"1 ph\u00fat"},"schema":{"@context":"https:\/\/schema.org","@graph":[{"@type":"WebPage","@id":"https:\/\/desireonline.shop\/vi\/san-pham\/hot-storm-love-of-couple-kit\/","url":"https:\/\/desireonline.shop\/vi\/san-pham\/hot-storm-love-of-couple-kit\/","name":"HOT STORM Love of Couple Kit - Desire","isPartOf":{"@id":"https:\/\/desireonline.shop\/vi\/#website"},"primaryImageOfPage":{"@id":"https:\/\/desireonline.shop\/vi\/san-pham\/hot-storm-love-of-couple-kit\/#primaryimage"},"image":{"@id":"https:\/\/desireonline.shop\/vi\/san-pham\/hot-storm-love-of-couple-kit\/#primaryimage"},"thumbnailUrl":"https:\/\/desireonline.shop\/wp-content\/uploads\/2026\/02\/CN-374768137_00.jpg","datePublished":"2026-02-16T11:20:00+00:00","dateModified":"2026-03-10T05:27:32+00:00","breadcrumb":{"@id":"https:\/\/desireonline.shop\/vi\/san-pham\/hot-storm-love-of-couple-kit\/#breadcrumb"},"inLanguage":"vi","potentialAction":[{"@type":"ReadAction","target":["https:\/\/desireonline.shop\/vi\/san-pham\/hot-storm-love-of-couple-kit\/"]}]},{"@type":"ImageObject","inLanguage":"vi","@id":"https:\/\/desireonline.shop\/vi\/san-pham\/hot-storm-love-of-couple-kit\/#primaryimage","url":"https:\/\/desireonline.shop\/wp-content\/uploads\/2026\/02\/CN-374768137_00.jpg","contentUrl":"https:\/\/desireonline.shop\/wp-content\/uploads\/2026\/02\/CN-374768137_00.jpg","width":1000,"height":1000},{"@type":"BreadcrumbList","@id":"https:\/\/desireonline.shop\/vi\/san-pham\/hot-storm-love-of-couple-kit\/#breadcrumb","itemListElement":[{"@type":"ListItem","position":1,"name":"Home","item":"https:\/\/desireonline.shop\/vi\/trang-chu\/?lang=vi"},{"@type":"ListItem","position":2,"name":"T\u1ea5t c\u1ea3 s\u1ea3n ph\u1ea9m","item":"https:\/\/desireonline.shop\/cua-hang\/?lang=vi"},{"@type":"ListItem","position":3,"name":"HOT STORM Love of Couple Kit"}]},{"@type":"WebSite","@id":"https:\/\/desireonline.shop\/vi\/#website","url":"https:\/\/desireonline.shop\/vi\/","name":"Desire","description":"Sexual Wellness Platform","publisher":{"@id":"https:\/\/desireonline.shop\/vi\/#organization"},"potentialAction":[{"@type":"SearchAction","target":{"@type":"EntryPoint","urlTemplate":"https:\/\/desireonline.shop\/vi\/?s={search_term_string}"},"query-input":{"@type":"PropertyValueSpecification","valueRequired":true,"valueName":"search_term_string"}}],"inLanguage":"vi"},{"@type":"Organization","@id":"https:\/\/desireonline.shop\/vi\/#organization","name":"Desire","url":"https:\/\/desireonline.shop\/vi\/","logo":{"@type":"ImageObject","inLanguage":"vi","@id":"https:\/\/desireonline.shop\/vi\/#\/schema\/logo\/image\/","url":"https:\/\/desireonline.shop\/wp-content\/uploads\/2024\/06\/Logo-Thick-Font-1.webp","contentUrl":"https:\/\/desireonline.shop\/wp-content\/uploads\/2024\/06\/Logo-Thick-Font-1.webp","width":268,"height":399,"caption":"Desire"},"image":{"@id":"https:\/\/desireonline.shop\/vi\/#\/schema\/logo\/image\/"}}]}},"_links":{"self":[{"href":"https:\/\/desireonline.shop\/vi\/wp-json\/wp\/v2\/product\/66634","targetHints":{"allow":["GET"]}}],"collection":[{"href":"https:\/\/desireonline.shop\/vi\/wp-json\/wp\/v2\/product"}],"about":[{"href":"https:\/\/desireonline.shop\/vi\/wp-json\/wp\/v2\/types\/product"}],"replies":[{"embeddable":true,"href":"https:\/\/desireonline.shop\/vi\/wp-json\/wp\/v2\/comments?post=66634"}],"version-history":[{"count":0,"href":"https:\/\/desireonline.shop\/vi\/wp-json\/wp\/v2\/product\/66634\/revisions"}],"wp:featuredmedia":[{"embeddable":true,"href":"https:\/\/desireonline.shop\/vi\/wp-json\/wp\/v2\/media\/62209"}],"wp:attachment":[{"href":"https:\/\/desireonline.shop\/vi\/wp-json\/wp\/v2\/media?parent=66634"}],"wp:term":[{"taxonomy":"product_brand","embeddable":true,"href":"https:\/\/desireonline.shop\/vi\/wp-json\/wp\/v2\/product_brand?post=66634"},{"taxonomy":"product_cat","embeddable":true,"href":"https:\/\/desireonline.shop\/vi\/wp-json\/wp\/v2\/product_cat?post=66634"},{"taxonomy":"product_tag","embeddable":true,"href":"https:\/\/desireonline.shop\/vi\/wp-json\/wp\/v2\/product_tag?post=66634"}],"curies":[{"name":"wp","href":"https:\/\/api.w.org\/{rel}","templated":true}]}}