{"id":66649,"date":"2026-02-16T11:21:00","date_gmt":"2026-02-16T11:21:00","guid":{"rendered":"https:\/\/desireonline.shop\/product\/rubicon-balls-x-large\/"},"modified":"2026-03-10T05:27:15","modified_gmt":"2026-03-10T05:27:15","slug":"rubicon-balls-x-large","status":"publish","type":"product","link":"https:\/\/desireonline.shop\/vi\/san-pham\/rubicon-balls-x-large\/","title":{"rendered":"RUBICON Balls X-Large"},"content":{"rendered":"<p>\u0110\u01b0\u1ee3c thi\u1ebft k\u1ebf \u0111\u1ec3 mang l\u1ea1i c\u1ea3m gi\u00e1c s\u00e2u v\u00e0 r\u00f5 r\u1ec7t h\u01a1n, chu\u1ed7i h\u1ea1t k\u00edch th\u01b0\u1edbc x-large n\u00e0y c\u00f3 thi\u1ebft k\u1ebf tr\u01a1n m\u01b0\u1ee3t v\u1edbi k\u00edch th\u01b0\u1edbc t\u0103ng d\u1ea7n, gi\u00fap c\u01b0\u1eddng \u0111\u1ed9 c\u1ea3m gi\u00e1c \u0111\u01b0\u1ee3c x\u00e2y d\u1ef1ng m\u1ed9t c\u00e1ch t\u1eeb t\u1eeb. C\u1ea5u tr\u00fac linh ho\u1ea1t gi\u00fap duy tr\u00ec s\u1ef1 tho\u1ea3i m\u00e1i \u0111\u1ed3ng th\u1eddi t\u0103ng c\u01b0\u1eddng c\u1ea3m nh\u1eadn v\u00e0 k\u00edch th\u00edch.<\/p>\n<p>Ph\u00f9 h\u1ee3p cho c\u1ea3 s\u1eed d\u1ee5ng h\u1eadu m\u00f4n ho\u1eb7c \u00e2m \u0111\u1ea1o, s\u1ea3n ph\u1ea9m l\u00fd t\u01b0\u1edfng cho ng\u01b0\u1eddi d\u00f9ng c\u00f3 kinh nghi\u1ec7m mu\u1ed1n kh\u00e1m ph\u00e1 c\u1ea3m gi\u00e1c \u0111\u1ea7y \u0111\u1eb7n h\u01a1n. M\u1ed9t l\u1ef1a ch\u1ecdn linh ho\u1ea1t v\u00e0 t\u1ef1 tin cho nh\u1eefng ai y\u00eau th\u00edch s\u1ef1 d\u1ed3n n\u00e9n k\u00edch th\u00edch v\u00e0 c\u1ea3m gi\u00e1c gi\u1ea3i t\u1ecfa th\u1ecfa m\u00e3n.<\/p>\n","protected":false},"excerpt":{"rendered":"<p>\u0110\u01b0\u1ee3c thi\u1ebft k\u1ebf \u0111\u1ec3 mang l\u1ea1i c\u1ea3m gi\u00e1c s\u00e2u v\u00e0 r\u00f5 r\u1ec7t h\u01a1n, chu\u1ed7i h\u1ea1t k\u00edch th\u01b0\u1edbc x-large n\u00e0y c\u00f3 thi\u1ebft k\u1ebf tr\u01a1n m\u01b0\u1ee3t v\u1edbi k\u00edch th\u01b0\u1edbc t\u0103ng d\u1ea7n, gi\u00fap&hellip;<\/p>\n","protected":false},"featured_media":62273,"comment_status":"open","ping_status":"closed","template":"","meta":{"_acf_changed":false},"product_brand":[],"product_cat":[1430,1415],"product_tag":[],"class_list":{"0":"post-66649","1":"product","2":"type-product","3":"status-publish","4":"has-post-thumbnail","6":"product_cat-bong-kegel-bong-rung-nhe","7":"product_cat-chuoi-hau-mon","9":"first","10":"instock","11":"shipping-taxable","12":"purchasable","13":"product-type-simple"},"acf":[],"yoast_head":"<!-- This site is optimized with the Yoast SEO plugin v27.1.1 - https:\/\/yoast.com\/product\/yoast-seo-wordpress\/ -->\n<title>RUBICON Balls X-Large - Desire<\/title>\n<meta name=\"robots\" content=\"index, follow, max-snippet:-1, max-image-preview:large, max-video-preview:-1\" \/>\n<link rel=\"canonical\" href=\"https:\/\/desireonline.shop\/vi\/san-pham\/rubicon-balls-x-large\/\" \/>\n<meta property=\"og:locale\" content=\"vi_VN\" \/>\n<meta property=\"og:type\" content=\"article\" \/>\n<meta property=\"og:title\" content=\"RUBICON Balls X-Large - Desire\" \/>\n<meta property=\"og:description\" content=\"\u0110\u01b0\u1ee3c thi\u1ebft k\u1ebf \u0111\u1ec3 mang l\u1ea1i c\u1ea3m gi\u00e1c s\u00e2u v\u00e0 r\u00f5 r\u1ec7t h\u01a1n, chu\u1ed7i h\u1ea1t k\u00edch th\u01b0\u1edbc x-large n\u00e0y c\u00f3 thi\u1ebft k\u1ebf tr\u01a1n m\u01b0\u1ee3t v\u1edbi k\u00edch th\u01b0\u1edbc t\u0103ng d\u1ea7n, gi\u00fap&hellip;\" \/>\n<meta property=\"og:url\" content=\"https:\/\/desireonline.shop\/vi\/san-pham\/rubicon-balls-x-large\/\" \/>\n<meta property=\"og:site_name\" content=\"Desire\" \/>\n<meta property=\"article:modified_time\" content=\"2026-03-10T05:27:15+00:00\" \/>\n<meta property=\"og:image\" content=\"https:\/\/desireonline.shop\/wp-content\/uploads\/2026\/02\/CN-333243125_00.jpg\" \/>\n\t<meta property=\"og:image:width\" content=\"1000\" \/>\n\t<meta property=\"og:image:height\" content=\"1000\" \/>\n\t<meta property=\"og:image:type\" content=\"image\/jpeg\" \/>\n<meta name=\"twitter:card\" content=\"summary_large_image\" \/>\n<meta name=\"twitter:label1\" content=\"\u01af\u1edbc t\u00ednh th\u1eddi gian \u0111\u1ecdc\" \/>\n\t<meta name=\"twitter:data1\" content=\"1 ph\u00fat\" \/>\n<script type=\"application\/ld+json\" class=\"yoast-schema-graph\">{\"@context\":\"https:\/\/schema.org\",\"@graph\":[{\"@type\":\"WebPage\",\"@id\":\"https:\/\/desireonline.shop\/vi\/san-pham\/rubicon-balls-x-large\/\",\"url\":\"https:\/\/desireonline.shop\/vi\/san-pham\/rubicon-balls-x-large\/\",\"name\":\"RUBICON Balls X-Large - Desire\",\"isPartOf\":{\"@id\":\"https:\/\/desireonline.shop\/vi\/#website\"},\"primaryImageOfPage\":{\"@id\":\"https:\/\/desireonline.shop\/vi\/san-pham\/rubicon-balls-x-large\/#primaryimage\"},\"image\":{\"@id\":\"https:\/\/desireonline.shop\/vi\/san-pham\/rubicon-balls-x-large\/#primaryimage\"},\"thumbnailUrl\":\"https:\/\/desireonline.shop\/wp-content\/uploads\/2026\/02\/CN-333243125_00.jpg\",\"datePublished\":\"2026-02-16T11:21:00+00:00\",\"dateModified\":\"2026-03-10T05:27:15+00:00\",\"breadcrumb\":{\"@id\":\"https:\/\/desireonline.shop\/vi\/san-pham\/rubicon-balls-x-large\/#breadcrumb\"},\"inLanguage\":\"vi\",\"potentialAction\":[{\"@type\":\"ReadAction\",\"target\":[\"https:\/\/desireonline.shop\/vi\/san-pham\/rubicon-balls-x-large\/\"]}]},{\"@type\":\"ImageObject\",\"inLanguage\":\"vi\",\"@id\":\"https:\/\/desireonline.shop\/vi\/san-pham\/rubicon-balls-x-large\/#primaryimage\",\"url\":\"https:\/\/desireonline.shop\/wp-content\/uploads\/2026\/02\/CN-333243125_00.jpg\",\"contentUrl\":\"https:\/\/desireonline.shop\/wp-content\/uploads\/2026\/02\/CN-333243125_00.jpg\",\"width\":1000,\"height\":1000},{\"@type\":\"BreadcrumbList\",\"@id\":\"https:\/\/desireonline.shop\/vi\/san-pham\/rubicon-balls-x-large\/#breadcrumb\",\"itemListElement\":[{\"@type\":\"ListItem\",\"position\":1,\"name\":\"Home\",\"item\":\"https:\/\/desireonline.shop\/vi\/trang-chu\/?lang=vi\"},{\"@type\":\"ListItem\",\"position\":2,\"name\":\"T\u1ea5t c\u1ea3 s\u1ea3n ph\u1ea9m\",\"item\":\"https:\/\/desireonline.shop\/cua-hang\/?lang=vi\"},{\"@type\":\"ListItem\",\"position\":3,\"name\":\"RUBICON Balls X-Large\"}]},{\"@type\":\"WebSite\",\"@id\":\"https:\/\/desireonline.shop\/vi\/#website\",\"url\":\"https:\/\/desireonline.shop\/vi\/\",\"name\":\"Desire\",\"description\":\"Sexual Wellness Platform\",\"publisher\":{\"@id\":\"https:\/\/desireonline.shop\/vi\/#organization\"},\"potentialAction\":[{\"@type\":\"SearchAction\",\"target\":{\"@type\":\"EntryPoint\",\"urlTemplate\":\"https:\/\/desireonline.shop\/vi\/?s={search_term_string}\"},\"query-input\":{\"@type\":\"PropertyValueSpecification\",\"valueRequired\":true,\"valueName\":\"search_term_string\"}}],\"inLanguage\":\"vi\"},{\"@type\":\"Organization\",\"@id\":\"https:\/\/desireonline.shop\/vi\/#organization\",\"name\":\"Desire\",\"url\":\"https:\/\/desireonline.shop\/vi\/\",\"logo\":{\"@type\":\"ImageObject\",\"inLanguage\":\"vi\",\"@id\":\"https:\/\/desireonline.shop\/vi\/#\/schema\/logo\/image\/\",\"url\":\"https:\/\/desireonline.shop\/wp-content\/uploads\/2024\/06\/Logo-Thick-Font-1.webp\",\"contentUrl\":\"https:\/\/desireonline.shop\/wp-content\/uploads\/2024\/06\/Logo-Thick-Font-1.webp\",\"width\":268,\"height\":399,\"caption\":\"Desire\"},\"image\":{\"@id\":\"https:\/\/desireonline.shop\/vi\/#\/schema\/logo\/image\/\"}}]}<\/script>\n<!-- \/ Yoast SEO plugin. -->","yoast_head_json":{"title":"RUBICON Balls X-Large - Desire","robots":{"index":"index","follow":"follow","max-snippet":"max-snippet:-1","max-image-preview":"max-image-preview:large","max-video-preview":"max-video-preview:-1"},"canonical":"https:\/\/desireonline.shop\/vi\/san-pham\/rubicon-balls-x-large\/","og_locale":"vi_VN","og_type":"article","og_title":"RUBICON Balls X-Large - Desire","og_description":"\u0110\u01b0\u1ee3c thi\u1ebft k\u1ebf \u0111\u1ec3 mang l\u1ea1i c\u1ea3m gi\u00e1c s\u00e2u v\u00e0 r\u00f5 r\u1ec7t h\u01a1n, chu\u1ed7i h\u1ea1t k\u00edch th\u01b0\u1edbc x-large n\u00e0y c\u00f3 thi\u1ebft k\u1ebf tr\u01a1n m\u01b0\u1ee3t v\u1edbi k\u00edch th\u01b0\u1edbc t\u0103ng d\u1ea7n, gi\u00fap&hellip;","og_url":"https:\/\/desireonline.shop\/vi\/san-pham\/rubicon-balls-x-large\/","og_site_name":"Desire","article_modified_time":"2026-03-10T05:27:15+00:00","og_image":[{"width":1000,"height":1000,"url":"https:\/\/desireonline.shop\/wp-content\/uploads\/2026\/02\/CN-333243125_00.jpg","type":"image\/jpeg"}],"twitter_card":"summary_large_image","twitter_misc":{"\u01af\u1edbc t\u00ednh th\u1eddi gian \u0111\u1ecdc":"1 ph\u00fat"},"schema":{"@context":"https:\/\/schema.org","@graph":[{"@type":"WebPage","@id":"https:\/\/desireonline.shop\/vi\/san-pham\/rubicon-balls-x-large\/","url":"https:\/\/desireonline.shop\/vi\/san-pham\/rubicon-balls-x-large\/","name":"RUBICON Balls X-Large - Desire","isPartOf":{"@id":"https:\/\/desireonline.shop\/vi\/#website"},"primaryImageOfPage":{"@id":"https:\/\/desireonline.shop\/vi\/san-pham\/rubicon-balls-x-large\/#primaryimage"},"image":{"@id":"https:\/\/desireonline.shop\/vi\/san-pham\/rubicon-balls-x-large\/#primaryimage"},"thumbnailUrl":"https:\/\/desireonline.shop\/wp-content\/uploads\/2026\/02\/CN-333243125_00.jpg","datePublished":"2026-02-16T11:21:00+00:00","dateModified":"2026-03-10T05:27:15+00:00","breadcrumb":{"@id":"https:\/\/desireonline.shop\/vi\/san-pham\/rubicon-balls-x-large\/#breadcrumb"},"inLanguage":"vi","potentialAction":[{"@type":"ReadAction","target":["https:\/\/desireonline.shop\/vi\/san-pham\/rubicon-balls-x-large\/"]}]},{"@type":"ImageObject","inLanguage":"vi","@id":"https:\/\/desireonline.shop\/vi\/san-pham\/rubicon-balls-x-large\/#primaryimage","url":"https:\/\/desireonline.shop\/wp-content\/uploads\/2026\/02\/CN-333243125_00.jpg","contentUrl":"https:\/\/desireonline.shop\/wp-content\/uploads\/2026\/02\/CN-333243125_00.jpg","width":1000,"height":1000},{"@type":"BreadcrumbList","@id":"https:\/\/desireonline.shop\/vi\/san-pham\/rubicon-balls-x-large\/#breadcrumb","itemListElement":[{"@type":"ListItem","position":1,"name":"Home","item":"https:\/\/desireonline.shop\/vi\/trang-chu\/?lang=vi"},{"@type":"ListItem","position":2,"name":"T\u1ea5t c\u1ea3 s\u1ea3n ph\u1ea9m","item":"https:\/\/desireonline.shop\/cua-hang\/?lang=vi"},{"@type":"ListItem","position":3,"name":"RUBICON Balls X-Large"}]},{"@type":"WebSite","@id":"https:\/\/desireonline.shop\/vi\/#website","url":"https:\/\/desireonline.shop\/vi\/","name":"Desire","description":"Sexual Wellness Platform","publisher":{"@id":"https:\/\/desireonline.shop\/vi\/#organization"},"potentialAction":[{"@type":"SearchAction","target":{"@type":"EntryPoint","urlTemplate":"https:\/\/desireonline.shop\/vi\/?s={search_term_string}"},"query-input":{"@type":"PropertyValueSpecification","valueRequired":true,"valueName":"search_term_string"}}],"inLanguage":"vi"},{"@type":"Organization","@id":"https:\/\/desireonline.shop\/vi\/#organization","name":"Desire","url":"https:\/\/desireonline.shop\/vi\/","logo":{"@type":"ImageObject","inLanguage":"vi","@id":"https:\/\/desireonline.shop\/vi\/#\/schema\/logo\/image\/","url":"https:\/\/desireonline.shop\/wp-content\/uploads\/2024\/06\/Logo-Thick-Font-1.webp","contentUrl":"https:\/\/desireonline.shop\/wp-content\/uploads\/2024\/06\/Logo-Thick-Font-1.webp","width":268,"height":399,"caption":"Desire"},"image":{"@id":"https:\/\/desireonline.shop\/vi\/#\/schema\/logo\/image\/"}}]}},"_links":{"self":[{"href":"https:\/\/desireonline.shop\/vi\/wp-json\/wp\/v2\/product\/66649","targetHints":{"allow":["GET"]}}],"collection":[{"href":"https:\/\/desireonline.shop\/vi\/wp-json\/wp\/v2\/product"}],"about":[{"href":"https:\/\/desireonline.shop\/vi\/wp-json\/wp\/v2\/types\/product"}],"replies":[{"embeddable":true,"href":"https:\/\/desireonline.shop\/vi\/wp-json\/wp\/v2\/comments?post=66649"}],"version-history":[{"count":0,"href":"https:\/\/desireonline.shop\/vi\/wp-json\/wp\/v2\/product\/66649\/revisions"}],"wp:featuredmedia":[{"embeddable":true,"href":"https:\/\/desireonline.shop\/vi\/wp-json\/wp\/v2\/media\/62273"}],"wp:attachment":[{"href":"https:\/\/desireonline.shop\/vi\/wp-json\/wp\/v2\/media?parent=66649"}],"wp:term":[{"taxonomy":"product_brand","embeddable":true,"href":"https:\/\/desireonline.shop\/vi\/wp-json\/wp\/v2\/product_brand?post=66649"},{"taxonomy":"product_cat","embeddable":true,"href":"https:\/\/desireonline.shop\/vi\/wp-json\/wp\/v2\/product_cat?post=66649"},{"taxonomy":"product_tag","embeddable":true,"href":"https:\/\/desireonline.shop\/vi\/wp-json\/wp\/v2\/product_tag?post=66649"}],"curies":[{"name":"wp","href":"https:\/\/api.w.org\/{rel}","templated":true}]}}