{"id":66667,"date":"2026-02-16T11:21:00","date_gmt":"2026-02-16T11:21:00","guid":{"rendered":"https:\/\/desireonline.shop\/product\/rubicon-balls-medium\/"},"modified":"2026-03-10T05:27:16","modified_gmt":"2026-03-10T05:27:16","slug":"rubicon-balls-medium","status":"publish","type":"product","link":"https:\/\/desireonline.shop\/vi\/san-pham\/rubicon-balls-medium\/","title":{"rendered":"RUBICON Balls Medium"},"content":{"rendered":"<p>\u0110\u01b0\u1ee3c thi\u1ebft k\u1ebf cho vi\u1ec7c kh\u00e1m ph\u00e1 nh\u1eb9 nh\u00e0ng v\u00e0 t\u1eebng b\u01b0\u1edbc, chu\u1ed7i h\u1ea1t k\u00edch th\u01b0\u1edbc trung b\u00ecnh n\u00e0y c\u00f3 thi\u1ebft k\u1ebf tr\u01a1n m\u01b0\u1ee3t v\u1edbi k\u00edch th\u01b0\u1edbc t\u0103ng d\u1ea7n, gi\u00fap c\u1ea3m gi\u00e1c \u0111\u01b0\u1ee3c x\u00e2y d\u1ef1ng t\u1eebng h\u1ea1t m\u1ed9t. C\u1ea5u tr\u00fac linh ho\u1ea1t gi\u00fap chuy\u1ec3n \u0111\u1ed9ng tr\u1edf n\u00ean t\u1ef1 nhi\u00ean v\u00e0 tho\u1ea3i m\u00e1i trong su\u1ed1t qu\u00e1 tr\u00ecnh s\u1eed d\u1ee5ng.<\/p>\n<p>Ph\u00f9 h\u1ee3p cho c\u1ea3 s\u1eed d\u1ee5ng h\u1eadu m\u00f4n v\u00e0 \u00e2m \u0111\u1ea1o, \u0111\u00e2y l\u00e0 l\u1ef1a ch\u1ecdn linh ho\u1ea1t \u0111\u1ec3 kh\u01a1i g\u1ee3i c\u1ea3m gi\u00e1c v\u00e0 kh\u00e1m ph\u00e1 ch\u1eadm r\u00e3i. M\u1ed9t l\u1ef1a ch\u1ecdn tuy\u1ec7t v\u1eddi cho nh\u1eefng ai th\u00edch x\u00e2y d\u1ef1ng s\u1ef1 mong \u0111\u1ee3i v\u00e0 kh\u00e1m ph\u00e1 theo nh\u1ecbp \u0111\u1ed9 c\u1ee7a ri\u00eang m\u00ecnh.<\/p>\n","protected":false},"excerpt":{"rendered":"<p>\u0110\u01b0\u1ee3c thi\u1ebft k\u1ebf cho vi\u1ec7c kh\u00e1m ph\u00e1 nh\u1eb9 nh\u00e0ng v\u00e0 t\u1eebng b\u01b0\u1edbc, chu\u1ed7i h\u1ea1t k\u00edch th\u01b0\u1edbc trung b\u00ecnh n\u00e0y c\u00f3 thi\u1ebft k\u1ebf tr\u01a1n m\u01b0\u1ee3t v\u1edbi k\u00edch th\u01b0\u1edbc t\u0103ng d\u1ea7n, gi\u00fap&hellip;<\/p>\n","protected":false},"featured_media":62256,"comment_status":"open","ping_status":"closed","template":"","meta":{"_acf_changed":false},"product_brand":[],"product_cat":[1430,1415],"product_tag":[],"class_list":{"0":"post-66667","1":"product","2":"type-product","3":"status-publish","4":"has-post-thumbnail","6":"product_cat-bong-kegel-bong-rung-nhe","7":"product_cat-chuoi-hau-mon","9":"first","10":"instock","11":"shipping-taxable","12":"purchasable","13":"product-type-simple"},"acf":[],"yoast_head":"<!-- This site is optimized with the Yoast SEO plugin v27.1.1 - https:\/\/yoast.com\/product\/yoast-seo-wordpress\/ -->\n<title>RUBICON Balls Medium - Desire<\/title>\n<meta name=\"robots\" content=\"index, follow, max-snippet:-1, max-image-preview:large, max-video-preview:-1\" \/>\n<link rel=\"canonical\" href=\"https:\/\/desireonline.shop\/vi\/san-pham\/rubicon-balls-medium\/\" \/>\n<meta property=\"og:locale\" content=\"vi_VN\" \/>\n<meta property=\"og:type\" content=\"article\" \/>\n<meta property=\"og:title\" content=\"RUBICON Balls Medium - Desire\" \/>\n<meta property=\"og:description\" content=\"\u0110\u01b0\u1ee3c thi\u1ebft k\u1ebf cho vi\u1ec7c kh\u00e1m ph\u00e1 nh\u1eb9 nh\u00e0ng v\u00e0 t\u1eebng b\u01b0\u1edbc, chu\u1ed7i h\u1ea1t k\u00edch th\u01b0\u1edbc trung b\u00ecnh n\u00e0y c\u00f3 thi\u1ebft k\u1ebf tr\u01a1n m\u01b0\u1ee3t v\u1edbi k\u00edch th\u01b0\u1edbc t\u0103ng d\u1ea7n, gi\u00fap&hellip;\" \/>\n<meta property=\"og:url\" content=\"https:\/\/desireonline.shop\/vi\/san-pham\/rubicon-balls-medium\/\" \/>\n<meta property=\"og:site_name\" content=\"Desire\" \/>\n<meta property=\"article:modified_time\" content=\"2026-03-10T05:27:16+00:00\" \/>\n<meta property=\"og:image\" content=\"https:\/\/desireonline.shop\/wp-content\/uploads\/2026\/02\/CN-333243129_00.jpg\" \/>\n\t<meta property=\"og:image:width\" content=\"1000\" \/>\n\t<meta property=\"og:image:height\" content=\"1000\" \/>\n\t<meta property=\"og:image:type\" content=\"image\/jpeg\" \/>\n<meta name=\"twitter:card\" content=\"summary_large_image\" \/>\n<meta name=\"twitter:label1\" content=\"\u01af\u1edbc t\u00ednh th\u1eddi gian \u0111\u1ecdc\" \/>\n\t<meta name=\"twitter:data1\" content=\"1 ph\u00fat\" \/>\n<script type=\"application\/ld+json\" class=\"yoast-schema-graph\">{\"@context\":\"https:\/\/schema.org\",\"@graph\":[{\"@type\":\"WebPage\",\"@id\":\"https:\/\/desireonline.shop\/vi\/san-pham\/rubicon-balls-medium\/\",\"url\":\"https:\/\/desireonline.shop\/vi\/san-pham\/rubicon-balls-medium\/\",\"name\":\"RUBICON Balls Medium - Desire\",\"isPartOf\":{\"@id\":\"https:\/\/desireonline.shop\/vi\/#website\"},\"primaryImageOfPage\":{\"@id\":\"https:\/\/desireonline.shop\/vi\/san-pham\/rubicon-balls-medium\/#primaryimage\"},\"image\":{\"@id\":\"https:\/\/desireonline.shop\/vi\/san-pham\/rubicon-balls-medium\/#primaryimage\"},\"thumbnailUrl\":\"https:\/\/desireonline.shop\/wp-content\/uploads\/2026\/02\/CN-333243129_00.jpg\",\"datePublished\":\"2026-02-16T11:21:00+00:00\",\"dateModified\":\"2026-03-10T05:27:16+00:00\",\"breadcrumb\":{\"@id\":\"https:\/\/desireonline.shop\/vi\/san-pham\/rubicon-balls-medium\/#breadcrumb\"},\"inLanguage\":\"vi\",\"potentialAction\":[{\"@type\":\"ReadAction\",\"target\":[\"https:\/\/desireonline.shop\/vi\/san-pham\/rubicon-balls-medium\/\"]}]},{\"@type\":\"ImageObject\",\"inLanguage\":\"vi\",\"@id\":\"https:\/\/desireonline.shop\/vi\/san-pham\/rubicon-balls-medium\/#primaryimage\",\"url\":\"https:\/\/desireonline.shop\/wp-content\/uploads\/2026\/02\/CN-333243129_00.jpg\",\"contentUrl\":\"https:\/\/desireonline.shop\/wp-content\/uploads\/2026\/02\/CN-333243129_00.jpg\",\"width\":1000,\"height\":1000},{\"@type\":\"BreadcrumbList\",\"@id\":\"https:\/\/desireonline.shop\/vi\/san-pham\/rubicon-balls-medium\/#breadcrumb\",\"itemListElement\":[{\"@type\":\"ListItem\",\"position\":1,\"name\":\"Home\",\"item\":\"https:\/\/desireonline.shop\/vi\/trang-chu\/?lang=vi\"},{\"@type\":\"ListItem\",\"position\":2,\"name\":\"T\u1ea5t c\u1ea3 s\u1ea3n ph\u1ea9m\",\"item\":\"https:\/\/desireonline.shop\/cua-hang\/?lang=vi\"},{\"@type\":\"ListItem\",\"position\":3,\"name\":\"RUBICON Balls Medium\"}]},{\"@type\":\"WebSite\",\"@id\":\"https:\/\/desireonline.shop\/vi\/#website\",\"url\":\"https:\/\/desireonline.shop\/vi\/\",\"name\":\"Desire\",\"description\":\"Sexual Wellness Platform\",\"publisher\":{\"@id\":\"https:\/\/desireonline.shop\/vi\/#organization\"},\"potentialAction\":[{\"@type\":\"SearchAction\",\"target\":{\"@type\":\"EntryPoint\",\"urlTemplate\":\"https:\/\/desireonline.shop\/vi\/?s={search_term_string}\"},\"query-input\":{\"@type\":\"PropertyValueSpecification\",\"valueRequired\":true,\"valueName\":\"search_term_string\"}}],\"inLanguage\":\"vi\"},{\"@type\":\"Organization\",\"@id\":\"https:\/\/desireonline.shop\/vi\/#organization\",\"name\":\"Desire\",\"url\":\"https:\/\/desireonline.shop\/vi\/\",\"logo\":{\"@type\":\"ImageObject\",\"inLanguage\":\"vi\",\"@id\":\"https:\/\/desireonline.shop\/vi\/#\/schema\/logo\/image\/\",\"url\":\"https:\/\/desireonline.shop\/wp-content\/uploads\/2024\/06\/Logo-Thick-Font-1.webp\",\"contentUrl\":\"https:\/\/desireonline.shop\/wp-content\/uploads\/2024\/06\/Logo-Thick-Font-1.webp\",\"width\":268,\"height\":399,\"caption\":\"Desire\"},\"image\":{\"@id\":\"https:\/\/desireonline.shop\/vi\/#\/schema\/logo\/image\/\"}}]}<\/script>\n<!-- \/ Yoast SEO plugin. -->","yoast_head_json":{"title":"RUBICON Balls Medium - Desire","robots":{"index":"index","follow":"follow","max-snippet":"max-snippet:-1","max-image-preview":"max-image-preview:large","max-video-preview":"max-video-preview:-1"},"canonical":"https:\/\/desireonline.shop\/vi\/san-pham\/rubicon-balls-medium\/","og_locale":"vi_VN","og_type":"article","og_title":"RUBICON Balls Medium - Desire","og_description":"\u0110\u01b0\u1ee3c thi\u1ebft k\u1ebf cho vi\u1ec7c kh\u00e1m ph\u00e1 nh\u1eb9 nh\u00e0ng v\u00e0 t\u1eebng b\u01b0\u1edbc, chu\u1ed7i h\u1ea1t k\u00edch th\u01b0\u1edbc trung b\u00ecnh n\u00e0y c\u00f3 thi\u1ebft k\u1ebf tr\u01a1n m\u01b0\u1ee3t v\u1edbi k\u00edch th\u01b0\u1edbc t\u0103ng d\u1ea7n, gi\u00fap&hellip;","og_url":"https:\/\/desireonline.shop\/vi\/san-pham\/rubicon-balls-medium\/","og_site_name":"Desire","article_modified_time":"2026-03-10T05:27:16+00:00","og_image":[{"width":1000,"height":1000,"url":"https:\/\/desireonline.shop\/wp-content\/uploads\/2026\/02\/CN-333243129_00.jpg","type":"image\/jpeg"}],"twitter_card":"summary_large_image","twitter_misc":{"\u01af\u1edbc t\u00ednh th\u1eddi gian \u0111\u1ecdc":"1 ph\u00fat"},"schema":{"@context":"https:\/\/schema.org","@graph":[{"@type":"WebPage","@id":"https:\/\/desireonline.shop\/vi\/san-pham\/rubicon-balls-medium\/","url":"https:\/\/desireonline.shop\/vi\/san-pham\/rubicon-balls-medium\/","name":"RUBICON Balls Medium - Desire","isPartOf":{"@id":"https:\/\/desireonline.shop\/vi\/#website"},"primaryImageOfPage":{"@id":"https:\/\/desireonline.shop\/vi\/san-pham\/rubicon-balls-medium\/#primaryimage"},"image":{"@id":"https:\/\/desireonline.shop\/vi\/san-pham\/rubicon-balls-medium\/#primaryimage"},"thumbnailUrl":"https:\/\/desireonline.shop\/wp-content\/uploads\/2026\/02\/CN-333243129_00.jpg","datePublished":"2026-02-16T11:21:00+00:00","dateModified":"2026-03-10T05:27:16+00:00","breadcrumb":{"@id":"https:\/\/desireonline.shop\/vi\/san-pham\/rubicon-balls-medium\/#breadcrumb"},"inLanguage":"vi","potentialAction":[{"@type":"ReadAction","target":["https:\/\/desireonline.shop\/vi\/san-pham\/rubicon-balls-medium\/"]}]},{"@type":"ImageObject","inLanguage":"vi","@id":"https:\/\/desireonline.shop\/vi\/san-pham\/rubicon-balls-medium\/#primaryimage","url":"https:\/\/desireonline.shop\/wp-content\/uploads\/2026\/02\/CN-333243129_00.jpg","contentUrl":"https:\/\/desireonline.shop\/wp-content\/uploads\/2026\/02\/CN-333243129_00.jpg","width":1000,"height":1000},{"@type":"BreadcrumbList","@id":"https:\/\/desireonline.shop\/vi\/san-pham\/rubicon-balls-medium\/#breadcrumb","itemListElement":[{"@type":"ListItem","position":1,"name":"Home","item":"https:\/\/desireonline.shop\/vi\/trang-chu\/?lang=vi"},{"@type":"ListItem","position":2,"name":"T\u1ea5t c\u1ea3 s\u1ea3n ph\u1ea9m","item":"https:\/\/desireonline.shop\/cua-hang\/?lang=vi"},{"@type":"ListItem","position":3,"name":"RUBICON Balls Medium"}]},{"@type":"WebSite","@id":"https:\/\/desireonline.shop\/vi\/#website","url":"https:\/\/desireonline.shop\/vi\/","name":"Desire","description":"Sexual Wellness Platform","publisher":{"@id":"https:\/\/desireonline.shop\/vi\/#organization"},"potentialAction":[{"@type":"SearchAction","target":{"@type":"EntryPoint","urlTemplate":"https:\/\/desireonline.shop\/vi\/?s={search_term_string}"},"query-input":{"@type":"PropertyValueSpecification","valueRequired":true,"valueName":"search_term_string"}}],"inLanguage":"vi"},{"@type":"Organization","@id":"https:\/\/desireonline.shop\/vi\/#organization","name":"Desire","url":"https:\/\/desireonline.shop\/vi\/","logo":{"@type":"ImageObject","inLanguage":"vi","@id":"https:\/\/desireonline.shop\/vi\/#\/schema\/logo\/image\/","url":"https:\/\/desireonline.shop\/wp-content\/uploads\/2024\/06\/Logo-Thick-Font-1.webp","contentUrl":"https:\/\/desireonline.shop\/wp-content\/uploads\/2024\/06\/Logo-Thick-Font-1.webp","width":268,"height":399,"caption":"Desire"},"image":{"@id":"https:\/\/desireonline.shop\/vi\/#\/schema\/logo\/image\/"}}]}},"_links":{"self":[{"href":"https:\/\/desireonline.shop\/vi\/wp-json\/wp\/v2\/product\/66667","targetHints":{"allow":["GET"]}}],"collection":[{"href":"https:\/\/desireonline.shop\/vi\/wp-json\/wp\/v2\/product"}],"about":[{"href":"https:\/\/desireonline.shop\/vi\/wp-json\/wp\/v2\/types\/product"}],"replies":[{"embeddable":true,"href":"https:\/\/desireonline.shop\/vi\/wp-json\/wp\/v2\/comments?post=66667"}],"version-history":[{"count":0,"href":"https:\/\/desireonline.shop\/vi\/wp-json\/wp\/v2\/product\/66667\/revisions"}],"wp:featuredmedia":[{"embeddable":true,"href":"https:\/\/desireonline.shop\/vi\/wp-json\/wp\/v2\/media\/62256"}],"wp:attachment":[{"href":"https:\/\/desireonline.shop\/vi\/wp-json\/wp\/v2\/media?parent=66667"}],"wp:term":[{"taxonomy":"product_brand","embeddable":true,"href":"https:\/\/desireonline.shop\/vi\/wp-json\/wp\/v2\/product_brand?post=66667"},{"taxonomy":"product_cat","embeddable":true,"href":"https:\/\/desireonline.shop\/vi\/wp-json\/wp\/v2\/product_cat?post=66667"},{"taxonomy":"product_tag","embeddable":true,"href":"https:\/\/desireonline.shop\/vi\/wp-json\/wp\/v2\/product_tag?post=66667"}],"curies":[{"name":"wp","href":"https:\/\/api.w.org\/{rel}","templated":true}]}}