{"id":66708,"date":"2026-02-16T11:22:00","date_gmt":"2026-02-16T11:22:00","guid":{"rendered":"https:\/\/desireonline.shop\/product\/hi-basic-classic-bong-tap-kegel-love-balls\/"},"modified":"2026-03-10T05:26:45","modified_gmt":"2026-03-10T05:26:45","slug":"hi-basic-classic-bong-tap-kegel-love-balls","status":"publish","type":"product","link":"https:\/\/desireonline.shop\/vi\/san-pham\/hi-basic-classic-bong-tap-kegel-love-balls\/","title":{"rendered":"HI-BASIC Classic B\u00f3ng t\u1eadp Kegel Love Balls"},"content":{"rendered":"<p>Nh\u1eefng qu\u1ea3 b\u00f3ng t\u1eadp c\u1ed5 \u0111i\u1ec3n n\u00e0y l\u00e0 m\u1ed9t c\u00e1ch \u0111\u01a1n gi\u1ea3n v\u00e0 hi\u1ec7u qu\u1ea3 \u0111\u1ec3 k\u1ebft n\u1ed1i l\u1ea1i v\u1edbi c\u01a1 th\u1ec3 c\u1ee7a b\u1ea1n trong qu\u00e1 tr\u00ecnh luy\u1ec7n t\u1eadp h\u1eb1ng ng\u00e0y. \u0110\u01b0\u1ee3c thi\u1ebft k\u1ebf \u0111\u1ec3 \u0111eo tho\u1ea3i m\u00e1i trong c\u00e1c ho\u1ea1t \u0111\u1ed9ng th\u01b0\u1eddng ng\u00e0y, s\u1ea3n ph\u1ea9m h\u1ed7 tr\u1ee3 k\u00edch ho\u1ea1t c\u01a1 nh\u1eb9 nh\u00e0ng \u0111\u1ed3ng th\u1eddi khuy\u1ebfn kh\u00edch nh\u1eadn th\u1ee9c v\u1ec1 c\u01a1 th\u1ec3 v\u00e0 s\u1ef1 t\u1ef1 tin. L\u00fd t\u01b0\u1edfng cho ng\u01b0\u1eddi m\u1edbi b\u1eaft \u0111\u1ea7u ho\u1eb7c nh\u1eefng ai quay l\u1ea1i luy\u1ec7n t\u1eadp, \u0111\u00e2y l\u00e0 m\u1ed9t b\u01b0\u1edbc k\u00edn \u0111\u00e1o gi\u00fap b\u1ea1n c\u1ea3m th\u1ea5y h\u00e0i h\u00f2a h\u01a1n v\u1edbi c\u01a1 th\u1ec3 m\u00ecnh.<\/p>\n","protected":false},"excerpt":{"rendered":"<p>Nh\u1eefng qu\u1ea3 b\u00f3ng t\u1eadp c\u1ed5 \u0111i\u1ec3n n\u00e0y l\u00e0 m\u1ed9t c\u00e1ch \u0111\u01a1n gi\u1ea3n v\u00e0 hi\u1ec7u qu\u1ea3 \u0111\u1ec3 k\u1ebft n\u1ed1i l\u1ea1i v\u1edbi c\u01a1 th\u1ec3 c\u1ee7a b\u1ea1n trong qu\u00e1 tr\u00ecnh luy\u1ec7n t\u1eadp h\u1eb1ng&hellip;<\/p>\n","protected":false},"featured_media":62305,"comment_status":"open","ping_status":"closed","template":"","meta":{"_acf_changed":false},"product_brand":[],"product_cat":[1430],"product_tag":[],"class_list":{"0":"post-66708","1":"product","2":"type-product","3":"status-publish","4":"has-post-thumbnail","6":"product_cat-bong-kegel-bong-rung-nhe","8":"first","9":"instock","10":"shipping-taxable","11":"purchasable","12":"product-type-simple"},"acf":[],"yoast_head":"<!-- This site is optimized with the Yoast SEO plugin v27.1.1 - https:\/\/yoast.com\/product\/yoast-seo-wordpress\/ -->\n<title>HI-BASIC Classic B\u00f3ng t\u1eadp Kegel Love Balls - Desire<\/title>\n<meta name=\"robots\" content=\"index, follow, max-snippet:-1, max-image-preview:large, max-video-preview:-1\" \/>\n<link rel=\"canonical\" href=\"https:\/\/desireonline.shop\/vi\/san-pham\/hi-basic-classic-bong-tap-kegel-love-balls\/\" \/>\n<meta property=\"og:locale\" content=\"vi_VN\" \/>\n<meta property=\"og:type\" content=\"article\" \/>\n<meta property=\"og:title\" content=\"HI-BASIC Classic B\u00f3ng t\u1eadp Kegel Love Balls - Desire\" \/>\n<meta property=\"og:description\" content=\"Nh\u1eefng qu\u1ea3 b\u00f3ng t\u1eadp c\u1ed5 \u0111i\u1ec3n n\u00e0y l\u00e0 m\u1ed9t c\u00e1ch \u0111\u01a1n gi\u1ea3n v\u00e0 hi\u1ec7u qu\u1ea3 \u0111\u1ec3 k\u1ebft n\u1ed1i l\u1ea1i v\u1edbi c\u01a1 th\u1ec3 c\u1ee7a b\u1ea1n trong qu\u00e1 tr\u00ecnh luy\u1ec7n t\u1eadp h\u1eb1ng&hellip;\" \/>\n<meta property=\"og:url\" content=\"https:\/\/desireonline.shop\/vi\/san-pham\/hi-basic-classic-bong-tap-kegel-love-balls\/\" \/>\n<meta property=\"og:site_name\" content=\"Desire\" \/>\n<meta property=\"article:modified_time\" content=\"2026-03-10T05:26:45+00:00\" \/>\n<meta property=\"og:image\" content=\"https:\/\/desireonline.shop\/wp-content\/uploads\/2026\/02\/CN-101297182_00.jpg\" \/>\n\t<meta property=\"og:image:width\" content=\"1000\" \/>\n\t<meta property=\"og:image:height\" content=\"1000\" \/>\n\t<meta property=\"og:image:type\" content=\"image\/jpeg\" \/>\n<meta name=\"twitter:card\" content=\"summary_large_image\" \/>\n<meta name=\"twitter:label1\" content=\"\u01af\u1edbc t\u00ednh th\u1eddi gian \u0111\u1ecdc\" \/>\n\t<meta name=\"twitter:data1\" content=\"1 ph\u00fat\" \/>\n<script type=\"application\/ld+json\" class=\"yoast-schema-graph\">{\"@context\":\"https:\/\/schema.org\",\"@graph\":[{\"@type\":\"WebPage\",\"@id\":\"https:\/\/desireonline.shop\/vi\/san-pham\/hi-basic-classic-bong-tap-kegel-love-balls\/\",\"url\":\"https:\/\/desireonline.shop\/vi\/san-pham\/hi-basic-classic-bong-tap-kegel-love-balls\/\",\"name\":\"HI-BASIC Classic B\u00f3ng t\u1eadp Kegel Love Balls - Desire\",\"isPartOf\":{\"@id\":\"https:\/\/desireonline.shop\/vi\/#website\"},\"primaryImageOfPage\":{\"@id\":\"https:\/\/desireonline.shop\/vi\/san-pham\/hi-basic-classic-bong-tap-kegel-love-balls\/#primaryimage\"},\"image\":{\"@id\":\"https:\/\/desireonline.shop\/vi\/san-pham\/hi-basic-classic-bong-tap-kegel-love-balls\/#primaryimage\"},\"thumbnailUrl\":\"https:\/\/desireonline.shop\/wp-content\/uploads\/2026\/02\/CN-101297182_00.jpg\",\"datePublished\":\"2026-02-16T11:22:00+00:00\",\"dateModified\":\"2026-03-10T05:26:45+00:00\",\"breadcrumb\":{\"@id\":\"https:\/\/desireonline.shop\/vi\/san-pham\/hi-basic-classic-bong-tap-kegel-love-balls\/#breadcrumb\"},\"inLanguage\":\"vi\",\"potentialAction\":[{\"@type\":\"ReadAction\",\"target\":[\"https:\/\/desireonline.shop\/vi\/san-pham\/hi-basic-classic-bong-tap-kegel-love-balls\/\"]}]},{\"@type\":\"ImageObject\",\"inLanguage\":\"vi\",\"@id\":\"https:\/\/desireonline.shop\/vi\/san-pham\/hi-basic-classic-bong-tap-kegel-love-balls\/#primaryimage\",\"url\":\"https:\/\/desireonline.shop\/wp-content\/uploads\/2026\/02\/CN-101297182_00.jpg\",\"contentUrl\":\"https:\/\/desireonline.shop\/wp-content\/uploads\/2026\/02\/CN-101297182_00.jpg\",\"width\":1000,\"height\":1000},{\"@type\":\"BreadcrumbList\",\"@id\":\"https:\/\/desireonline.shop\/vi\/san-pham\/hi-basic-classic-bong-tap-kegel-love-balls\/#breadcrumb\",\"itemListElement\":[{\"@type\":\"ListItem\",\"position\":1,\"name\":\"Home\",\"item\":\"https:\/\/desireonline.shop\/vi\/trang-chu\/?lang=vi\"},{\"@type\":\"ListItem\",\"position\":2,\"name\":\"T\u1ea5t c\u1ea3 s\u1ea3n ph\u1ea9m\",\"item\":\"https:\/\/desireonline.shop\/cua-hang\/?lang=vi\"},{\"@type\":\"ListItem\",\"position\":3,\"name\":\"HI-BASIC Classic B\u00f3ng t\u1eadp Kegel Love Balls\"}]},{\"@type\":\"WebSite\",\"@id\":\"https:\/\/desireonline.shop\/vi\/#website\",\"url\":\"https:\/\/desireonline.shop\/vi\/\",\"name\":\"Desire\",\"description\":\"Sexual Wellness Platform\",\"publisher\":{\"@id\":\"https:\/\/desireonline.shop\/vi\/#organization\"},\"potentialAction\":[{\"@type\":\"SearchAction\",\"target\":{\"@type\":\"EntryPoint\",\"urlTemplate\":\"https:\/\/desireonline.shop\/vi\/?s={search_term_string}\"},\"query-input\":{\"@type\":\"PropertyValueSpecification\",\"valueRequired\":true,\"valueName\":\"search_term_string\"}}],\"inLanguage\":\"vi\"},{\"@type\":\"Organization\",\"@id\":\"https:\/\/desireonline.shop\/vi\/#organization\",\"name\":\"Desire\",\"url\":\"https:\/\/desireonline.shop\/vi\/\",\"logo\":{\"@type\":\"ImageObject\",\"inLanguage\":\"vi\",\"@id\":\"https:\/\/desireonline.shop\/vi\/#\/schema\/logo\/image\/\",\"url\":\"https:\/\/desireonline.shop\/wp-content\/uploads\/2024\/06\/Logo-Thick-Font-1.webp\",\"contentUrl\":\"https:\/\/desireonline.shop\/wp-content\/uploads\/2024\/06\/Logo-Thick-Font-1.webp\",\"width\":268,\"height\":399,\"caption\":\"Desire\"},\"image\":{\"@id\":\"https:\/\/desireonline.shop\/vi\/#\/schema\/logo\/image\/\"}}]}<\/script>\n<!-- \/ Yoast SEO plugin. -->","yoast_head_json":{"title":"HI-BASIC Classic B\u00f3ng t\u1eadp Kegel Love Balls - Desire","robots":{"index":"index","follow":"follow","max-snippet":"max-snippet:-1","max-image-preview":"max-image-preview:large","max-video-preview":"max-video-preview:-1"},"canonical":"https:\/\/desireonline.shop\/vi\/san-pham\/hi-basic-classic-bong-tap-kegel-love-balls\/","og_locale":"vi_VN","og_type":"article","og_title":"HI-BASIC Classic B\u00f3ng t\u1eadp Kegel Love Balls - Desire","og_description":"Nh\u1eefng qu\u1ea3 b\u00f3ng t\u1eadp c\u1ed5 \u0111i\u1ec3n n\u00e0y l\u00e0 m\u1ed9t c\u00e1ch \u0111\u01a1n gi\u1ea3n v\u00e0 hi\u1ec7u qu\u1ea3 \u0111\u1ec3 k\u1ebft n\u1ed1i l\u1ea1i v\u1edbi c\u01a1 th\u1ec3 c\u1ee7a b\u1ea1n trong qu\u00e1 tr\u00ecnh luy\u1ec7n t\u1eadp h\u1eb1ng&hellip;","og_url":"https:\/\/desireonline.shop\/vi\/san-pham\/hi-basic-classic-bong-tap-kegel-love-balls\/","og_site_name":"Desire","article_modified_time":"2026-03-10T05:26:45+00:00","og_image":[{"width":1000,"height":1000,"url":"https:\/\/desireonline.shop\/wp-content\/uploads\/2026\/02\/CN-101297182_00.jpg","type":"image\/jpeg"}],"twitter_card":"summary_large_image","twitter_misc":{"\u01af\u1edbc t\u00ednh th\u1eddi gian \u0111\u1ecdc":"1 ph\u00fat"},"schema":{"@context":"https:\/\/schema.org","@graph":[{"@type":"WebPage","@id":"https:\/\/desireonline.shop\/vi\/san-pham\/hi-basic-classic-bong-tap-kegel-love-balls\/","url":"https:\/\/desireonline.shop\/vi\/san-pham\/hi-basic-classic-bong-tap-kegel-love-balls\/","name":"HI-BASIC Classic B\u00f3ng t\u1eadp Kegel Love Balls - Desire","isPartOf":{"@id":"https:\/\/desireonline.shop\/vi\/#website"},"primaryImageOfPage":{"@id":"https:\/\/desireonline.shop\/vi\/san-pham\/hi-basic-classic-bong-tap-kegel-love-balls\/#primaryimage"},"image":{"@id":"https:\/\/desireonline.shop\/vi\/san-pham\/hi-basic-classic-bong-tap-kegel-love-balls\/#primaryimage"},"thumbnailUrl":"https:\/\/desireonline.shop\/wp-content\/uploads\/2026\/02\/CN-101297182_00.jpg","datePublished":"2026-02-16T11:22:00+00:00","dateModified":"2026-03-10T05:26:45+00:00","breadcrumb":{"@id":"https:\/\/desireonline.shop\/vi\/san-pham\/hi-basic-classic-bong-tap-kegel-love-balls\/#breadcrumb"},"inLanguage":"vi","potentialAction":[{"@type":"ReadAction","target":["https:\/\/desireonline.shop\/vi\/san-pham\/hi-basic-classic-bong-tap-kegel-love-balls\/"]}]},{"@type":"ImageObject","inLanguage":"vi","@id":"https:\/\/desireonline.shop\/vi\/san-pham\/hi-basic-classic-bong-tap-kegel-love-balls\/#primaryimage","url":"https:\/\/desireonline.shop\/wp-content\/uploads\/2026\/02\/CN-101297182_00.jpg","contentUrl":"https:\/\/desireonline.shop\/wp-content\/uploads\/2026\/02\/CN-101297182_00.jpg","width":1000,"height":1000},{"@type":"BreadcrumbList","@id":"https:\/\/desireonline.shop\/vi\/san-pham\/hi-basic-classic-bong-tap-kegel-love-balls\/#breadcrumb","itemListElement":[{"@type":"ListItem","position":1,"name":"Home","item":"https:\/\/desireonline.shop\/vi\/trang-chu\/?lang=vi"},{"@type":"ListItem","position":2,"name":"T\u1ea5t c\u1ea3 s\u1ea3n ph\u1ea9m","item":"https:\/\/desireonline.shop\/cua-hang\/?lang=vi"},{"@type":"ListItem","position":3,"name":"HI-BASIC Classic B\u00f3ng t\u1eadp Kegel Love Balls"}]},{"@type":"WebSite","@id":"https:\/\/desireonline.shop\/vi\/#website","url":"https:\/\/desireonline.shop\/vi\/","name":"Desire","description":"Sexual Wellness Platform","publisher":{"@id":"https:\/\/desireonline.shop\/vi\/#organization"},"potentialAction":[{"@type":"SearchAction","target":{"@type":"EntryPoint","urlTemplate":"https:\/\/desireonline.shop\/vi\/?s={search_term_string}"},"query-input":{"@type":"PropertyValueSpecification","valueRequired":true,"valueName":"search_term_string"}}],"inLanguage":"vi"},{"@type":"Organization","@id":"https:\/\/desireonline.shop\/vi\/#organization","name":"Desire","url":"https:\/\/desireonline.shop\/vi\/","logo":{"@type":"ImageObject","inLanguage":"vi","@id":"https:\/\/desireonline.shop\/vi\/#\/schema\/logo\/image\/","url":"https:\/\/desireonline.shop\/wp-content\/uploads\/2024\/06\/Logo-Thick-Font-1.webp","contentUrl":"https:\/\/desireonline.shop\/wp-content\/uploads\/2024\/06\/Logo-Thick-Font-1.webp","width":268,"height":399,"caption":"Desire"},"image":{"@id":"https:\/\/desireonline.shop\/vi\/#\/schema\/logo\/image\/"}}]}},"_links":{"self":[{"href":"https:\/\/desireonline.shop\/vi\/wp-json\/wp\/v2\/product\/66708","targetHints":{"allow":["GET"]}}],"collection":[{"href":"https:\/\/desireonline.shop\/vi\/wp-json\/wp\/v2\/product"}],"about":[{"href":"https:\/\/desireonline.shop\/vi\/wp-json\/wp\/v2\/types\/product"}],"replies":[{"embeddable":true,"href":"https:\/\/desireonline.shop\/vi\/wp-json\/wp\/v2\/comments?post=66708"}],"version-history":[{"count":0,"href":"https:\/\/desireonline.shop\/vi\/wp-json\/wp\/v2\/product\/66708\/revisions"}],"wp:featuredmedia":[{"embeddable":true,"href":"https:\/\/desireonline.shop\/vi\/wp-json\/wp\/v2\/media\/62305"}],"wp:attachment":[{"href":"https:\/\/desireonline.shop\/vi\/wp-json\/wp\/v2\/media?parent=66708"}],"wp:term":[{"taxonomy":"product_brand","embeddable":true,"href":"https:\/\/desireonline.shop\/vi\/wp-json\/wp\/v2\/product_brand?post=66708"},{"taxonomy":"product_cat","embeddable":true,"href":"https:\/\/desireonline.shop\/vi\/wp-json\/wp\/v2\/product_cat?post=66708"},{"taxonomy":"product_tag","embeddable":true,"href":"https:\/\/desireonline.shop\/vi\/wp-json\/wp\/v2\/product_tag?post=66708"}],"curies":[{"name":"wp","href":"https:\/\/api.w.org\/{rel}","templated":true}]}}