{"id":66716,"date":"2026-02-16T11:22:00","date_gmt":"2026-02-16T11:22:00","guid":{"rendered":"https:\/\/desireonline.shop\/product\/hi-basic-may-rung-mini-bullet-ultra-powerful-rechargeable\/"},"modified":"2026-03-10T05:26:46","modified_gmt":"2026-03-10T05:26:46","slug":"hi-basic-may-rung-mini-bullet-ultra-powerful-rechargeable","status":"publish","type":"product","link":"https:\/\/desireonline.shop\/vi\/san-pham\/hi-basic-may-rung-mini-bullet-ultra-powerful-rechargeable\/","title":{"rendered":"HI-BASIC M\u00e1y rung mini bullet Ultra Powerful Rechargeable"},"content":{"rendered":"<p>Nh\u1ecf g\u1ecdn nh\u01b0ng \u0111\u1ea7y m\u1ea1nh m\u1ebd, m\u00e1y rung mini bullet s\u1ea1c l\u1ea1i n\u00e0y mang l\u1ea1i kho\u00e1i c\u1ea3m l\u1edbn trong m\u1ed9t thi\u1ebft k\u1ebf k\u00edn \u0111\u00e1o. V\u1edbi nhi\u1ec1u ch\u1ebf \u0111\u1ed9 rung v\u00e0 b\u1ec1 m\u1eb7t m\u1ecbn nh\u01b0 l\u1ee5a, s\u1ea3n ph\u1ea9m ho\u00e0n h\u1ea3o cho tr\u1ea3i nghi\u1ec7m c\u00e1 nh\u00e2n ho\u1eb7c th\u00eam ch\u00fat h\u1ee9ng kh\u1edfi cho nh\u1eefng kho\u1ea3nh kh\u1eafc c\u00f9ng nhau. Ch\u1ed1ng n\u01b0\u1edbc v\u00e0 d\u1ec5 s\u1eed d\u1ee5ng, \u0111\u00e2y l\u00e0 m\u00f3n ph\u1ee5 ki\u1ec7n th\u00fa v\u1ecb v\u00e0 linh ho\u1ea1t m\u00e0 b\u1ea1n s\u1ebd mu\u1ed1n s\u1eed d\u1ee5ng nhi\u1ec1u l\u1ea7n.<\/p>\n","protected":false},"excerpt":{"rendered":"<p>Nh\u1ecf g\u1ecdn nh\u01b0ng \u0111\u1ea7y m\u1ea1nh m\u1ebd, m\u00e1y rung mini bullet s\u1ea1c l\u1ea1i n\u00e0y mang l\u1ea1i kho\u00e1i c\u1ea3m l\u1edbn trong m\u1ed9t thi\u1ebft k\u1ebf k\u00edn \u0111\u00e1o. V\u1edbi nhi\u1ec1u ch\u1ebf \u0111\u1ed9 rung v\u00e0&hellip;<\/p>\n","protected":false},"featured_media":62297,"comment_status":"open","ping_status":"closed","template":"","meta":{"_acf_changed":false},"product_brand":[],"product_cat":[1434],"product_tag":[],"class_list":{"0":"post-66716","1":"product","2":"type-product","3":"status-publish","4":"has-post-thumbnail","6":"product_cat-may-rung-mini","8":"first","9":"instock","10":"shipping-taxable","11":"purchasable","12":"product-type-simple"},"acf":[],"yoast_head":"<!-- This site is optimized with the Yoast SEO plugin v27.1.1 - https:\/\/yoast.com\/product\/yoast-seo-wordpress\/ -->\n<title>HI-BASIC M\u00e1y rung mini bullet Ultra Powerful Rechargeable - Desire<\/title>\n<meta name=\"robots\" content=\"index, follow, max-snippet:-1, max-image-preview:large, max-video-preview:-1\" \/>\n<link rel=\"canonical\" href=\"https:\/\/desireonline.shop\/vi\/san-pham\/hi-basic-may-rung-mini-bullet-ultra-powerful-rechargeable\/\" \/>\n<meta property=\"og:locale\" content=\"vi_VN\" \/>\n<meta property=\"og:type\" content=\"article\" \/>\n<meta property=\"og:title\" content=\"HI-BASIC M\u00e1y rung mini bullet Ultra Powerful Rechargeable - Desire\" \/>\n<meta property=\"og:description\" content=\"Nh\u1ecf g\u1ecdn nh\u01b0ng \u0111\u1ea7y m\u1ea1nh m\u1ebd, m\u00e1y rung mini bullet s\u1ea1c l\u1ea1i n\u00e0y mang l\u1ea1i kho\u00e1i c\u1ea3m l\u1edbn trong m\u1ed9t thi\u1ebft k\u1ebf k\u00edn \u0111\u00e1o. V\u1edbi nhi\u1ec1u ch\u1ebf \u0111\u1ed9 rung v\u00e0&hellip;\" \/>\n<meta property=\"og:url\" content=\"https:\/\/desireonline.shop\/vi\/san-pham\/hi-basic-may-rung-mini-bullet-ultra-powerful-rechargeable\/\" \/>\n<meta property=\"og:site_name\" content=\"Desire\" \/>\n<meta property=\"article:modified_time\" content=\"2026-03-10T05:26:46+00:00\" \/>\n<meta property=\"og:image\" content=\"https:\/\/desireonline.shop\/wp-content\/uploads\/2026\/02\/CN-390910322_00.jpg\" \/>\n\t<meta property=\"og:image:width\" content=\"1000\" \/>\n\t<meta property=\"og:image:height\" content=\"1000\" \/>\n\t<meta property=\"og:image:type\" content=\"image\/jpeg\" \/>\n<meta name=\"twitter:card\" content=\"summary_large_image\" \/>\n<meta name=\"twitter:label1\" content=\"\u01af\u1edbc t\u00ednh th\u1eddi gian \u0111\u1ecdc\" \/>\n\t<meta name=\"twitter:data1\" content=\"1 ph\u00fat\" \/>\n<script type=\"application\/ld+json\" class=\"yoast-schema-graph\">{\"@context\":\"https:\/\/schema.org\",\"@graph\":[{\"@type\":\"WebPage\",\"@id\":\"https:\/\/desireonline.shop\/vi\/san-pham\/hi-basic-may-rung-mini-bullet-ultra-powerful-rechargeable\/\",\"url\":\"https:\/\/desireonline.shop\/vi\/san-pham\/hi-basic-may-rung-mini-bullet-ultra-powerful-rechargeable\/\",\"name\":\"HI-BASIC M\u00e1y rung mini bullet Ultra Powerful Rechargeable - Desire\",\"isPartOf\":{\"@id\":\"https:\/\/desireonline.shop\/vi\/#website\"},\"primaryImageOfPage\":{\"@id\":\"https:\/\/desireonline.shop\/vi\/san-pham\/hi-basic-may-rung-mini-bullet-ultra-powerful-rechargeable\/#primaryimage\"},\"image\":{\"@id\":\"https:\/\/desireonline.shop\/vi\/san-pham\/hi-basic-may-rung-mini-bullet-ultra-powerful-rechargeable\/#primaryimage\"},\"thumbnailUrl\":\"https:\/\/desireonline.shop\/wp-content\/uploads\/2026\/02\/CN-390910322_00.jpg\",\"datePublished\":\"2026-02-16T11:22:00+00:00\",\"dateModified\":\"2026-03-10T05:26:46+00:00\",\"breadcrumb\":{\"@id\":\"https:\/\/desireonline.shop\/vi\/san-pham\/hi-basic-may-rung-mini-bullet-ultra-powerful-rechargeable\/#breadcrumb\"},\"inLanguage\":\"vi\",\"potentialAction\":[{\"@type\":\"ReadAction\",\"target\":[\"https:\/\/desireonline.shop\/vi\/san-pham\/hi-basic-may-rung-mini-bullet-ultra-powerful-rechargeable\/\"]}]},{\"@type\":\"ImageObject\",\"inLanguage\":\"vi\",\"@id\":\"https:\/\/desireonline.shop\/vi\/san-pham\/hi-basic-may-rung-mini-bullet-ultra-powerful-rechargeable\/#primaryimage\",\"url\":\"https:\/\/desireonline.shop\/wp-content\/uploads\/2026\/02\/CN-390910322_00.jpg\",\"contentUrl\":\"https:\/\/desireonline.shop\/wp-content\/uploads\/2026\/02\/CN-390910322_00.jpg\",\"width\":1000,\"height\":1000},{\"@type\":\"BreadcrumbList\",\"@id\":\"https:\/\/desireonline.shop\/vi\/san-pham\/hi-basic-may-rung-mini-bullet-ultra-powerful-rechargeable\/#breadcrumb\",\"itemListElement\":[{\"@type\":\"ListItem\",\"position\":1,\"name\":\"Home\",\"item\":\"https:\/\/desireonline.shop\/vi\/trang-chu\/?lang=vi\"},{\"@type\":\"ListItem\",\"position\":2,\"name\":\"T\u1ea5t c\u1ea3 s\u1ea3n ph\u1ea9m\",\"item\":\"https:\/\/desireonline.shop\/cua-hang\/?lang=vi\"},{\"@type\":\"ListItem\",\"position\":3,\"name\":\"HI-BASIC M\u00e1y rung mini bullet Ultra Powerful Rechargeable\"}]},{\"@type\":\"WebSite\",\"@id\":\"https:\/\/desireonline.shop\/vi\/#website\",\"url\":\"https:\/\/desireonline.shop\/vi\/\",\"name\":\"Desire\",\"description\":\"Sexual Wellness Platform\",\"publisher\":{\"@id\":\"https:\/\/desireonline.shop\/vi\/#organization\"},\"potentialAction\":[{\"@type\":\"SearchAction\",\"target\":{\"@type\":\"EntryPoint\",\"urlTemplate\":\"https:\/\/desireonline.shop\/vi\/?s={search_term_string}\"},\"query-input\":{\"@type\":\"PropertyValueSpecification\",\"valueRequired\":true,\"valueName\":\"search_term_string\"}}],\"inLanguage\":\"vi\"},{\"@type\":\"Organization\",\"@id\":\"https:\/\/desireonline.shop\/vi\/#organization\",\"name\":\"Desire\",\"url\":\"https:\/\/desireonline.shop\/vi\/\",\"logo\":{\"@type\":\"ImageObject\",\"inLanguage\":\"vi\",\"@id\":\"https:\/\/desireonline.shop\/vi\/#\/schema\/logo\/image\/\",\"url\":\"https:\/\/desireonline.shop\/wp-content\/uploads\/2024\/06\/Logo-Thick-Font-1.webp\",\"contentUrl\":\"https:\/\/desireonline.shop\/wp-content\/uploads\/2024\/06\/Logo-Thick-Font-1.webp\",\"width\":268,\"height\":399,\"caption\":\"Desire\"},\"image\":{\"@id\":\"https:\/\/desireonline.shop\/vi\/#\/schema\/logo\/image\/\"}}]}<\/script>\n<!-- \/ Yoast SEO plugin. -->","yoast_head_json":{"title":"HI-BASIC M\u00e1y rung mini bullet Ultra Powerful Rechargeable - Desire","robots":{"index":"index","follow":"follow","max-snippet":"max-snippet:-1","max-image-preview":"max-image-preview:large","max-video-preview":"max-video-preview:-1"},"canonical":"https:\/\/desireonline.shop\/vi\/san-pham\/hi-basic-may-rung-mini-bullet-ultra-powerful-rechargeable\/","og_locale":"vi_VN","og_type":"article","og_title":"HI-BASIC M\u00e1y rung mini bullet Ultra Powerful Rechargeable - Desire","og_description":"Nh\u1ecf g\u1ecdn nh\u01b0ng \u0111\u1ea7y m\u1ea1nh m\u1ebd, m\u00e1y rung mini bullet s\u1ea1c l\u1ea1i n\u00e0y mang l\u1ea1i kho\u00e1i c\u1ea3m l\u1edbn trong m\u1ed9t thi\u1ebft k\u1ebf k\u00edn \u0111\u00e1o. V\u1edbi nhi\u1ec1u ch\u1ebf \u0111\u1ed9 rung v\u00e0&hellip;","og_url":"https:\/\/desireonline.shop\/vi\/san-pham\/hi-basic-may-rung-mini-bullet-ultra-powerful-rechargeable\/","og_site_name":"Desire","article_modified_time":"2026-03-10T05:26:46+00:00","og_image":[{"width":1000,"height":1000,"url":"https:\/\/desireonline.shop\/wp-content\/uploads\/2026\/02\/CN-390910322_00.jpg","type":"image\/jpeg"}],"twitter_card":"summary_large_image","twitter_misc":{"\u01af\u1edbc t\u00ednh th\u1eddi gian \u0111\u1ecdc":"1 ph\u00fat"},"schema":{"@context":"https:\/\/schema.org","@graph":[{"@type":"WebPage","@id":"https:\/\/desireonline.shop\/vi\/san-pham\/hi-basic-may-rung-mini-bullet-ultra-powerful-rechargeable\/","url":"https:\/\/desireonline.shop\/vi\/san-pham\/hi-basic-may-rung-mini-bullet-ultra-powerful-rechargeable\/","name":"HI-BASIC M\u00e1y rung mini bullet Ultra Powerful Rechargeable - Desire","isPartOf":{"@id":"https:\/\/desireonline.shop\/vi\/#website"},"primaryImageOfPage":{"@id":"https:\/\/desireonline.shop\/vi\/san-pham\/hi-basic-may-rung-mini-bullet-ultra-powerful-rechargeable\/#primaryimage"},"image":{"@id":"https:\/\/desireonline.shop\/vi\/san-pham\/hi-basic-may-rung-mini-bullet-ultra-powerful-rechargeable\/#primaryimage"},"thumbnailUrl":"https:\/\/desireonline.shop\/wp-content\/uploads\/2026\/02\/CN-390910322_00.jpg","datePublished":"2026-02-16T11:22:00+00:00","dateModified":"2026-03-10T05:26:46+00:00","breadcrumb":{"@id":"https:\/\/desireonline.shop\/vi\/san-pham\/hi-basic-may-rung-mini-bullet-ultra-powerful-rechargeable\/#breadcrumb"},"inLanguage":"vi","potentialAction":[{"@type":"ReadAction","target":["https:\/\/desireonline.shop\/vi\/san-pham\/hi-basic-may-rung-mini-bullet-ultra-powerful-rechargeable\/"]}]},{"@type":"ImageObject","inLanguage":"vi","@id":"https:\/\/desireonline.shop\/vi\/san-pham\/hi-basic-may-rung-mini-bullet-ultra-powerful-rechargeable\/#primaryimage","url":"https:\/\/desireonline.shop\/wp-content\/uploads\/2026\/02\/CN-390910322_00.jpg","contentUrl":"https:\/\/desireonline.shop\/wp-content\/uploads\/2026\/02\/CN-390910322_00.jpg","width":1000,"height":1000},{"@type":"BreadcrumbList","@id":"https:\/\/desireonline.shop\/vi\/san-pham\/hi-basic-may-rung-mini-bullet-ultra-powerful-rechargeable\/#breadcrumb","itemListElement":[{"@type":"ListItem","position":1,"name":"Home","item":"https:\/\/desireonline.shop\/vi\/trang-chu\/?lang=vi"},{"@type":"ListItem","position":2,"name":"T\u1ea5t c\u1ea3 s\u1ea3n ph\u1ea9m","item":"https:\/\/desireonline.shop\/cua-hang\/?lang=vi"},{"@type":"ListItem","position":3,"name":"HI-BASIC M\u00e1y rung mini bullet Ultra Powerful Rechargeable"}]},{"@type":"WebSite","@id":"https:\/\/desireonline.shop\/vi\/#website","url":"https:\/\/desireonline.shop\/vi\/","name":"Desire","description":"Sexual Wellness Platform","publisher":{"@id":"https:\/\/desireonline.shop\/vi\/#organization"},"potentialAction":[{"@type":"SearchAction","target":{"@type":"EntryPoint","urlTemplate":"https:\/\/desireonline.shop\/vi\/?s={search_term_string}"},"query-input":{"@type":"PropertyValueSpecification","valueRequired":true,"valueName":"search_term_string"}}],"inLanguage":"vi"},{"@type":"Organization","@id":"https:\/\/desireonline.shop\/vi\/#organization","name":"Desire","url":"https:\/\/desireonline.shop\/vi\/","logo":{"@type":"ImageObject","inLanguage":"vi","@id":"https:\/\/desireonline.shop\/vi\/#\/schema\/logo\/image\/","url":"https:\/\/desireonline.shop\/wp-content\/uploads\/2024\/06\/Logo-Thick-Font-1.webp","contentUrl":"https:\/\/desireonline.shop\/wp-content\/uploads\/2024\/06\/Logo-Thick-Font-1.webp","width":268,"height":399,"caption":"Desire"},"image":{"@id":"https:\/\/desireonline.shop\/vi\/#\/schema\/logo\/image\/"}}]}},"_links":{"self":[{"href":"https:\/\/desireonline.shop\/vi\/wp-json\/wp\/v2\/product\/66716","targetHints":{"allow":["GET"]}}],"collection":[{"href":"https:\/\/desireonline.shop\/vi\/wp-json\/wp\/v2\/product"}],"about":[{"href":"https:\/\/desireonline.shop\/vi\/wp-json\/wp\/v2\/types\/product"}],"replies":[{"embeddable":true,"href":"https:\/\/desireonline.shop\/vi\/wp-json\/wp\/v2\/comments?post=66716"}],"version-history":[{"count":0,"href":"https:\/\/desireonline.shop\/vi\/wp-json\/wp\/v2\/product\/66716\/revisions"}],"wp:featuredmedia":[{"embeddable":true,"href":"https:\/\/desireonline.shop\/vi\/wp-json\/wp\/v2\/media\/62297"}],"wp:attachment":[{"href":"https:\/\/desireonline.shop\/vi\/wp-json\/wp\/v2\/media?parent=66716"}],"wp:term":[{"taxonomy":"product_brand","embeddable":true,"href":"https:\/\/desireonline.shop\/vi\/wp-json\/wp\/v2\/product_brand?post=66716"},{"taxonomy":"product_cat","embeddable":true,"href":"https:\/\/desireonline.shop\/vi\/wp-json\/wp\/v2\/product_cat?post=66716"},{"taxonomy":"product_tag","embeddable":true,"href":"https:\/\/desireonline.shop\/vi\/wp-json\/wp\/v2\/product_tag?post=66716"}],"curies":[{"name":"wp","href":"https:\/\/api.w.org\/{rel}","templated":true}]}}