{"id":66724,"date":"2026-02-16T11:22:00","date_gmt":"2026-02-16T11:22:00","guid":{"rendered":"https:\/\/desireonline.shop\/product\/ballsy-super-cock-ladybro-love-01-duong-vat-gia-hai-dau\/"},"modified":"2026-03-10T05:26:29","modified_gmt":"2026-03-10T05:26:29","slug":"ballsy-super-cock-ladybro-love-01-duong-vat-gia-hai-dau","status":"publish","type":"product","link":"https:\/\/desireonline.shop\/vi\/san-pham\/ballsy-super-cock-ladybro-love-01-duong-vat-gia-hai-dau\/","title":{"rendered":"BALLSY SUPER COCK Ladybro Love #01 D\u01b0\u01a1ng v\u1eadt gi\u1ea3 hai \u0111\u1ea7u"},"content":{"rendered":"<p>\u0110\u01b0\u1ee3c thi\u1ebft k\u1ebf \u0111\u1ec3 mang l\u1ea1i s\u1ef1 linh ho\u1ea1t v\u00e0 k\u1ebft n\u1ed1i, d\u01b0\u01a1ng v\u1eadt gi\u1ea3 hai \u0111\u1ea7u n\u00e0y c\u00f3 b\u1ec1 m\u1eb7t m\u1ecbn v\u00e0 ch\u00e2n th\u1ef1c, t\u1ea1o c\u1ea3m gi\u00e1c tho\u1ea3i m\u00e1i t\u1eeb c\u1ea3 hai \u0111\u1ea7u. Thi\u1ebft k\u1ebf c\u00e2n b\u1eb1ng cho ph\u00e9p nhi\u1ec1u t\u01b0 th\u1ebf v\u00e0 c\u00e1ch tr\u1ea3i nghi\u1ec7m kh\u00e1c nhau, d\u00f9 l\u00e0 c\u00e1 nh\u00e2n hay c\u00f9ng nhau.<\/p>\n<p>D\u1ec5 c\u1ea7m n\u1eafm v\u00e0 mang l\u1ea1i c\u1ea3m gi\u00e1c th\u1ecfa m\u00e3n khi s\u1eed d\u1ee5ng, s\u1ea3n ph\u1ea9m khuy\u1ebfn kh\u00edch s\u1ef1 s\u00e1ng t\u1ea1o v\u00e0 kh\u00e1m ph\u00e1. M\u1ed9t l\u1ef1a ch\u1ecdn linh ho\u1ea1t cho nh\u1eefng ai th\u00edch kh\u00e1m ph\u00e1 c\u00e1c c\u1ea3m gi\u00e1c, nh\u1ecbp \u0111i\u1ec7u v\u00e0 nh\u1eefng kho\u1ea3nh kh\u1eafc kho\u00e1i c\u1ea3m c\u00f9ng nhau<\/p>\n","protected":false},"excerpt":{"rendered":"<p>\u0110\u01b0\u1ee3c thi\u1ebft k\u1ebf \u0111\u1ec3 mang l\u1ea1i s\u1ef1 linh ho\u1ea1t v\u00e0 k\u1ebft n\u1ed1i, d\u01b0\u01a1ng v\u1eadt gi\u1ea3 hai \u0111\u1ea7u n\u00e0y c\u00f3 b\u1ec1 m\u1eb7t m\u1ecbn v\u00e0 ch\u00e2n th\u1ef1c, t\u1ea1o c\u1ea3m gi\u00e1c tho\u1ea3i m\u00e1i&hellip;<\/p>\n","protected":false},"featured_media":62290,"comment_status":"open","ping_status":"closed","template":"","meta":{"_acf_changed":false},"product_brand":[],"product_cat":[1341,1420,1425],"product_tag":[],"class_list":{"0":"post-66724","1":"product","2":"type-product","3":"status-publish","4":"has-post-thumbnail","6":"product_cat-for-men","7":"product_cat-duoc-tao-hinh-theo-duong-cong-tu-nhien-cua-co-the-duong-vat-gia-cong-ho-tro-kich-thich-ben-trong-co-muc-tieu-voi-su-chinh-xac-va-thoai-mai","8":"product_cat-duong-vat-gia-thuc-te","10":"first","11":"instock","12":"shipping-taxable","13":"purchasable","14":"product-type-simple"},"acf":[],"yoast_head":"<!-- This site is optimized with the Yoast SEO plugin v27.1.1 - https:\/\/yoast.com\/product\/yoast-seo-wordpress\/ -->\n<title>BALLSY SUPER COCK Ladybro Love #01 D\u01b0\u01a1ng v\u1eadt gi\u1ea3 hai \u0111\u1ea7u - Desire<\/title>\n<meta name=\"robots\" content=\"index, follow, max-snippet:-1, max-image-preview:large, max-video-preview:-1\" \/>\n<link rel=\"canonical\" href=\"https:\/\/desireonline.shop\/vi\/san-pham\/ballsy-super-cock-ladybro-love-01-duong-vat-gia-hai-dau\/\" \/>\n<meta property=\"og:locale\" content=\"vi_VN\" \/>\n<meta property=\"og:type\" content=\"article\" \/>\n<meta property=\"og:title\" content=\"BALLSY SUPER COCK Ladybro Love #01 D\u01b0\u01a1ng v\u1eadt gi\u1ea3 hai \u0111\u1ea7u - Desire\" \/>\n<meta property=\"og:description\" content=\"\u0110\u01b0\u1ee3c thi\u1ebft k\u1ebf \u0111\u1ec3 mang l\u1ea1i s\u1ef1 linh ho\u1ea1t v\u00e0 k\u1ebft n\u1ed1i, d\u01b0\u01a1ng v\u1eadt gi\u1ea3 hai \u0111\u1ea7u n\u00e0y c\u00f3 b\u1ec1 m\u1eb7t m\u1ecbn v\u00e0 ch\u00e2n th\u1ef1c, t\u1ea1o c\u1ea3m gi\u00e1c tho\u1ea3i m\u00e1i&hellip;\" \/>\n<meta property=\"og:url\" content=\"https:\/\/desireonline.shop\/vi\/san-pham\/ballsy-super-cock-ladybro-love-01-duong-vat-gia-hai-dau\/\" \/>\n<meta property=\"og:site_name\" content=\"Desire\" \/>\n<meta property=\"article:modified_time\" content=\"2026-03-10T05:26:29+00:00\" \/>\n<meta property=\"og:image\" content=\"https:\/\/desireonline.shop\/wp-content\/uploads\/2026\/02\/CN-471905684_00.jpg\" \/>\n\t<meta property=\"og:image:width\" content=\"1000\" \/>\n\t<meta property=\"og:image:height\" content=\"1000\" \/>\n\t<meta property=\"og:image:type\" content=\"image\/jpeg\" \/>\n<meta name=\"twitter:card\" content=\"summary_large_image\" \/>\n<meta name=\"twitter:label1\" content=\"\u01af\u1edbc t\u00ednh th\u1eddi gian \u0111\u1ecdc\" \/>\n\t<meta name=\"twitter:data1\" content=\"1 ph\u00fat\" \/>\n<script type=\"application\/ld+json\" class=\"yoast-schema-graph\">{\"@context\":\"https:\/\/schema.org\",\"@graph\":[{\"@type\":\"WebPage\",\"@id\":\"https:\/\/desireonline.shop\/vi\/san-pham\/ballsy-super-cock-ladybro-love-01-duong-vat-gia-hai-dau\/\",\"url\":\"https:\/\/desireonline.shop\/vi\/san-pham\/ballsy-super-cock-ladybro-love-01-duong-vat-gia-hai-dau\/\",\"name\":\"BALLSY SUPER COCK Ladybro Love #01 D\u01b0\u01a1ng v\u1eadt gi\u1ea3 hai \u0111\u1ea7u - Desire\",\"isPartOf\":{\"@id\":\"https:\/\/desireonline.shop\/vi\/#website\"},\"primaryImageOfPage\":{\"@id\":\"https:\/\/desireonline.shop\/vi\/san-pham\/ballsy-super-cock-ladybro-love-01-duong-vat-gia-hai-dau\/#primaryimage\"},\"image\":{\"@id\":\"https:\/\/desireonline.shop\/vi\/san-pham\/ballsy-super-cock-ladybro-love-01-duong-vat-gia-hai-dau\/#primaryimage\"},\"thumbnailUrl\":\"https:\/\/desireonline.shop\/wp-content\/uploads\/2026\/02\/CN-471905684_00.jpg\",\"datePublished\":\"2026-02-16T11:22:00+00:00\",\"dateModified\":\"2026-03-10T05:26:29+00:00\",\"breadcrumb\":{\"@id\":\"https:\/\/desireonline.shop\/vi\/san-pham\/ballsy-super-cock-ladybro-love-01-duong-vat-gia-hai-dau\/#breadcrumb\"},\"inLanguage\":\"vi\",\"potentialAction\":[{\"@type\":\"ReadAction\",\"target\":[\"https:\/\/desireonline.shop\/vi\/san-pham\/ballsy-super-cock-ladybro-love-01-duong-vat-gia-hai-dau\/\"]}]},{\"@type\":\"ImageObject\",\"inLanguage\":\"vi\",\"@id\":\"https:\/\/desireonline.shop\/vi\/san-pham\/ballsy-super-cock-ladybro-love-01-duong-vat-gia-hai-dau\/#primaryimage\",\"url\":\"https:\/\/desireonline.shop\/wp-content\/uploads\/2026\/02\/CN-471905684_00.jpg\",\"contentUrl\":\"https:\/\/desireonline.shop\/wp-content\/uploads\/2026\/02\/CN-471905684_00.jpg\",\"width\":1000,\"height\":1000},{\"@type\":\"BreadcrumbList\",\"@id\":\"https:\/\/desireonline.shop\/vi\/san-pham\/ballsy-super-cock-ladybro-love-01-duong-vat-gia-hai-dau\/#breadcrumb\",\"itemListElement\":[{\"@type\":\"ListItem\",\"position\":1,\"name\":\"Home\",\"item\":\"https:\/\/desireonline.shop\/vi\/trang-chu\/?lang=vi\"},{\"@type\":\"ListItem\",\"position\":2,\"name\":\"T\u1ea5t c\u1ea3 s\u1ea3n ph\u1ea9m\",\"item\":\"https:\/\/desireonline.shop\/cua-hang\/?lang=vi\"},{\"@type\":\"ListItem\",\"position\":3,\"name\":\"BALLSY SUPER COCK Ladybro Love #01 D\u01b0\u01a1ng v\u1eadt gi\u1ea3 hai \u0111\u1ea7u\"}]},{\"@type\":\"WebSite\",\"@id\":\"https:\/\/desireonline.shop\/vi\/#website\",\"url\":\"https:\/\/desireonline.shop\/vi\/\",\"name\":\"Desire\",\"description\":\"Sexual Wellness Platform\",\"publisher\":{\"@id\":\"https:\/\/desireonline.shop\/vi\/#organization\"},\"potentialAction\":[{\"@type\":\"SearchAction\",\"target\":{\"@type\":\"EntryPoint\",\"urlTemplate\":\"https:\/\/desireonline.shop\/vi\/?s={search_term_string}\"},\"query-input\":{\"@type\":\"PropertyValueSpecification\",\"valueRequired\":true,\"valueName\":\"search_term_string\"}}],\"inLanguage\":\"vi\"},{\"@type\":\"Organization\",\"@id\":\"https:\/\/desireonline.shop\/vi\/#organization\",\"name\":\"Desire\",\"url\":\"https:\/\/desireonline.shop\/vi\/\",\"logo\":{\"@type\":\"ImageObject\",\"inLanguage\":\"vi\",\"@id\":\"https:\/\/desireonline.shop\/vi\/#\/schema\/logo\/image\/\",\"url\":\"https:\/\/desireonline.shop\/wp-content\/uploads\/2024\/06\/Logo-Thick-Font-1.webp\",\"contentUrl\":\"https:\/\/desireonline.shop\/wp-content\/uploads\/2024\/06\/Logo-Thick-Font-1.webp\",\"width\":268,\"height\":399,\"caption\":\"Desire\"},\"image\":{\"@id\":\"https:\/\/desireonline.shop\/vi\/#\/schema\/logo\/image\/\"}}]}<\/script>\n<!-- \/ Yoast SEO plugin. -->","yoast_head_json":{"title":"BALLSY SUPER COCK Ladybro Love #01 D\u01b0\u01a1ng v\u1eadt gi\u1ea3 hai \u0111\u1ea7u - Desire","robots":{"index":"index","follow":"follow","max-snippet":"max-snippet:-1","max-image-preview":"max-image-preview:large","max-video-preview":"max-video-preview:-1"},"canonical":"https:\/\/desireonline.shop\/vi\/san-pham\/ballsy-super-cock-ladybro-love-01-duong-vat-gia-hai-dau\/","og_locale":"vi_VN","og_type":"article","og_title":"BALLSY SUPER COCK Ladybro Love #01 D\u01b0\u01a1ng v\u1eadt gi\u1ea3 hai \u0111\u1ea7u - Desire","og_description":"\u0110\u01b0\u1ee3c thi\u1ebft k\u1ebf \u0111\u1ec3 mang l\u1ea1i s\u1ef1 linh ho\u1ea1t v\u00e0 k\u1ebft n\u1ed1i, d\u01b0\u01a1ng v\u1eadt gi\u1ea3 hai \u0111\u1ea7u n\u00e0y c\u00f3 b\u1ec1 m\u1eb7t m\u1ecbn v\u00e0 ch\u00e2n th\u1ef1c, t\u1ea1o c\u1ea3m gi\u00e1c tho\u1ea3i m\u00e1i&hellip;","og_url":"https:\/\/desireonline.shop\/vi\/san-pham\/ballsy-super-cock-ladybro-love-01-duong-vat-gia-hai-dau\/","og_site_name":"Desire","article_modified_time":"2026-03-10T05:26:29+00:00","og_image":[{"width":1000,"height":1000,"url":"https:\/\/desireonline.shop\/wp-content\/uploads\/2026\/02\/CN-471905684_00.jpg","type":"image\/jpeg"}],"twitter_card":"summary_large_image","twitter_misc":{"\u01af\u1edbc t\u00ednh th\u1eddi gian \u0111\u1ecdc":"1 ph\u00fat"},"schema":{"@context":"https:\/\/schema.org","@graph":[{"@type":"WebPage","@id":"https:\/\/desireonline.shop\/vi\/san-pham\/ballsy-super-cock-ladybro-love-01-duong-vat-gia-hai-dau\/","url":"https:\/\/desireonline.shop\/vi\/san-pham\/ballsy-super-cock-ladybro-love-01-duong-vat-gia-hai-dau\/","name":"BALLSY SUPER COCK Ladybro Love #01 D\u01b0\u01a1ng v\u1eadt gi\u1ea3 hai \u0111\u1ea7u - Desire","isPartOf":{"@id":"https:\/\/desireonline.shop\/vi\/#website"},"primaryImageOfPage":{"@id":"https:\/\/desireonline.shop\/vi\/san-pham\/ballsy-super-cock-ladybro-love-01-duong-vat-gia-hai-dau\/#primaryimage"},"image":{"@id":"https:\/\/desireonline.shop\/vi\/san-pham\/ballsy-super-cock-ladybro-love-01-duong-vat-gia-hai-dau\/#primaryimage"},"thumbnailUrl":"https:\/\/desireonline.shop\/wp-content\/uploads\/2026\/02\/CN-471905684_00.jpg","datePublished":"2026-02-16T11:22:00+00:00","dateModified":"2026-03-10T05:26:29+00:00","breadcrumb":{"@id":"https:\/\/desireonline.shop\/vi\/san-pham\/ballsy-super-cock-ladybro-love-01-duong-vat-gia-hai-dau\/#breadcrumb"},"inLanguage":"vi","potentialAction":[{"@type":"ReadAction","target":["https:\/\/desireonline.shop\/vi\/san-pham\/ballsy-super-cock-ladybro-love-01-duong-vat-gia-hai-dau\/"]}]},{"@type":"ImageObject","inLanguage":"vi","@id":"https:\/\/desireonline.shop\/vi\/san-pham\/ballsy-super-cock-ladybro-love-01-duong-vat-gia-hai-dau\/#primaryimage","url":"https:\/\/desireonline.shop\/wp-content\/uploads\/2026\/02\/CN-471905684_00.jpg","contentUrl":"https:\/\/desireonline.shop\/wp-content\/uploads\/2026\/02\/CN-471905684_00.jpg","width":1000,"height":1000},{"@type":"BreadcrumbList","@id":"https:\/\/desireonline.shop\/vi\/san-pham\/ballsy-super-cock-ladybro-love-01-duong-vat-gia-hai-dau\/#breadcrumb","itemListElement":[{"@type":"ListItem","position":1,"name":"Home","item":"https:\/\/desireonline.shop\/vi\/trang-chu\/?lang=vi"},{"@type":"ListItem","position":2,"name":"T\u1ea5t c\u1ea3 s\u1ea3n ph\u1ea9m","item":"https:\/\/desireonline.shop\/cua-hang\/?lang=vi"},{"@type":"ListItem","position":3,"name":"BALLSY SUPER COCK Ladybro Love #01 D\u01b0\u01a1ng v\u1eadt gi\u1ea3 hai \u0111\u1ea7u"}]},{"@type":"WebSite","@id":"https:\/\/desireonline.shop\/vi\/#website","url":"https:\/\/desireonline.shop\/vi\/","name":"Desire","description":"Sexual Wellness Platform","publisher":{"@id":"https:\/\/desireonline.shop\/vi\/#organization"},"potentialAction":[{"@type":"SearchAction","target":{"@type":"EntryPoint","urlTemplate":"https:\/\/desireonline.shop\/vi\/?s={search_term_string}"},"query-input":{"@type":"PropertyValueSpecification","valueRequired":true,"valueName":"search_term_string"}}],"inLanguage":"vi"},{"@type":"Organization","@id":"https:\/\/desireonline.shop\/vi\/#organization","name":"Desire","url":"https:\/\/desireonline.shop\/vi\/","logo":{"@type":"ImageObject","inLanguage":"vi","@id":"https:\/\/desireonline.shop\/vi\/#\/schema\/logo\/image\/","url":"https:\/\/desireonline.shop\/wp-content\/uploads\/2024\/06\/Logo-Thick-Font-1.webp","contentUrl":"https:\/\/desireonline.shop\/wp-content\/uploads\/2024\/06\/Logo-Thick-Font-1.webp","width":268,"height":399,"caption":"Desire"},"image":{"@id":"https:\/\/desireonline.shop\/vi\/#\/schema\/logo\/image\/"}}]}},"_links":{"self":[{"href":"https:\/\/desireonline.shop\/vi\/wp-json\/wp\/v2\/product\/66724","targetHints":{"allow":["GET"]}}],"collection":[{"href":"https:\/\/desireonline.shop\/vi\/wp-json\/wp\/v2\/product"}],"about":[{"href":"https:\/\/desireonline.shop\/vi\/wp-json\/wp\/v2\/types\/product"}],"replies":[{"embeddable":true,"href":"https:\/\/desireonline.shop\/vi\/wp-json\/wp\/v2\/comments?post=66724"}],"version-history":[{"count":0,"href":"https:\/\/desireonline.shop\/vi\/wp-json\/wp\/v2\/product\/66724\/revisions"}],"wp:featuredmedia":[{"embeddable":true,"href":"https:\/\/desireonline.shop\/vi\/wp-json\/wp\/v2\/media\/62290"}],"wp:attachment":[{"href":"https:\/\/desireonline.shop\/vi\/wp-json\/wp\/v2\/media?parent=66724"}],"wp:term":[{"taxonomy":"product_brand","embeddable":true,"href":"https:\/\/desireonline.shop\/vi\/wp-json\/wp\/v2\/product_brand?post=66724"},{"taxonomy":"product_cat","embeddable":true,"href":"https:\/\/desireonline.shop\/vi\/wp-json\/wp\/v2\/product_cat?post=66724"},{"taxonomy":"product_tag","embeddable":true,"href":"https:\/\/desireonline.shop\/vi\/wp-json\/wp\/v2\/product_tag?post=66724"}],"curies":[{"name":"wp","href":"https:\/\/api.w.org\/{rel}","templated":true}]}}