{"id":66731,"date":"2026-02-16T11:22:00","date_gmt":"2026-02-16T11:22:00","guid":{"rendered":"https:\/\/desireonline.shop\/product\/ballsy-super-cock-kosta-koufos-13-8-duong-vat-gia\/"},"modified":"2026-03-10T05:26:30","modified_gmt":"2026-03-10T05:26:30","slug":"ballsy-super-cock-kosta-koufos-13-8-duong-vat-gia","status":"publish","type":"product","link":"https:\/\/desireonline.shop\/vi\/san-pham\/ballsy-super-cock-kosta-koufos-13-8-duong-vat-gia\/","title":{"rendered":"BALLSY SUPER COCK Kosta Koufos 13.8&#8243; D\u01b0\u01a1ng v\u1eadt gi\u1ea3"},"content":{"rendered":"<p>\u0110\u01b0\u1ee3c thi\u1ebft k\u1ebf cho nh\u1eefng ai y\u00eau th\u00edch c\u1ea3m gi\u00e1c \u0111\u1ea7y \u0111\u1eb7n v\u00e0 m\u1ea1nh m\u1ebd h\u01a1n, d\u01b0\u01a1ng v\u1eadt gi\u1ea3 k\u00edch th\u01b0\u1edbc c\u1ef1c l\u1edbn n\u00e0y mang l\u1ea1i c\u1ea3m gi\u00e1c m\u01b0\u1ee3t m\u00e0, ch\u00e2n th\u1ef1c v\u1edbi s\u1ef1 hi\u1ec7n di\u1ec7n n\u1ed5i b\u1eadt. H\u00ecnh d\u00e1ng c\u00e2n b\u1eb1ng gi\u00fap duy tr\u00ec s\u1ef1 tho\u1ea3i m\u00e1i \u0111\u1ed3ng th\u1eddi mang l\u1ea1i k\u00edch th\u00edch s\u00e2u v\u00e0 th\u1ecfa m\u00e3n.<\/p>\n<p>\u0110\u1ebf h\u00fat ch\u1eafc ch\u1eafn cho ph\u00e9p tr\u1ea3i nghi\u1ec7m r\u1ea3nh tay v\u00e0 th\u1eed nghi\u1ec7m nhi\u1ec1u t\u01b0 th\u1ebf kh\u00e1c nhau, gi\u00fap b\u1ea1n d\u1ec5 d\u00e0ng t\u00f9y ch\u1ec9nh tr\u1ea3i nghi\u1ec7m theo t\u00e2m tr\u1ea1ng. M\u1ed9t l\u1ef1a ch\u1ecdn t\u00e1o b\u1ea1o cho tr\u1ea3i nghi\u1ec7m c\u00e1 nh\u00e2n khi b\u1ea1n s\u1eb5n s\u00e0ng kh\u00e1m ph\u00e1 c\u1ea3m gi\u00e1c m\u1ea1nh m\u1ebd h\u01a1n.<\/p>\n","protected":false},"excerpt":{"rendered":"<p>\u0110\u01b0\u1ee3c thi\u1ebft k\u1ebf cho nh\u1eefng ai y\u00eau th\u00edch c\u1ea3m gi\u00e1c \u0111\u1ea7y \u0111\u1eb7n v\u00e0 m\u1ea1nh m\u1ebd h\u01a1n, d\u01b0\u01a1ng v\u1eadt gi\u1ea3 k\u00edch th\u01b0\u1edbc c\u1ef1c l\u1edbn n\u00e0y mang l\u1ea1i c\u1ea3m gi\u00e1c m\u01b0\u1ee3t m\u00e0,&hellip;<\/p>\n","protected":false},"featured_media":62283,"comment_status":"open","ping_status":"closed","template":"","meta":{"_acf_changed":false},"product_brand":[],"product_cat":[1341,1423,1427],"product_tag":[],"class_list":{"0":"post-66731","1":"product","2":"type-product","3":"status-publish","4":"has-post-thumbnail","6":"product_cat-for-men","7":"product_cat-duong-vat-gia-kich-thuoc-lon","8":"product_cat-tuong-thich-voi-day-deo-duong-vat-gia-gan-deo-mang-den-da-dang-hinh-dang-kich-thuoc-va-cam-giac-cho-trai-nghiem-chung","10":"first","11":"instock","12":"shipping-taxable","13":"purchasable","14":"product-type-simple"},"acf":[],"yoast_head":"<!-- This site is optimized with the Yoast SEO plugin v27.1.1 - https:\/\/yoast.com\/product\/yoast-seo-wordpress\/ -->\n<title>BALLSY SUPER COCK Kosta Koufos 13.8&quot; D\u01b0\u01a1ng v\u1eadt gi\u1ea3 - Desire<\/title>\n<meta name=\"robots\" content=\"index, follow, max-snippet:-1, max-image-preview:large, max-video-preview:-1\" \/>\n<link rel=\"canonical\" href=\"https:\/\/desireonline.shop\/vi\/san-pham\/ballsy-super-cock-kosta-koufos-13-8-duong-vat-gia\/\" \/>\n<meta property=\"og:locale\" content=\"vi_VN\" \/>\n<meta property=\"og:type\" content=\"article\" \/>\n<meta property=\"og:title\" content=\"BALLSY SUPER COCK Kosta Koufos 13.8&quot; D\u01b0\u01a1ng v\u1eadt gi\u1ea3 - Desire\" \/>\n<meta property=\"og:description\" content=\"\u0110\u01b0\u1ee3c thi\u1ebft k\u1ebf cho nh\u1eefng ai y\u00eau th\u00edch c\u1ea3m gi\u00e1c \u0111\u1ea7y \u0111\u1eb7n v\u00e0 m\u1ea1nh m\u1ebd h\u01a1n, d\u01b0\u01a1ng v\u1eadt gi\u1ea3 k\u00edch th\u01b0\u1edbc c\u1ef1c l\u1edbn n\u00e0y mang l\u1ea1i c\u1ea3m gi\u00e1c m\u01b0\u1ee3t m\u00e0,&hellip;\" \/>\n<meta property=\"og:url\" content=\"https:\/\/desireonline.shop\/vi\/san-pham\/ballsy-super-cock-kosta-koufos-13-8-duong-vat-gia\/\" \/>\n<meta property=\"og:site_name\" content=\"Desire\" \/>\n<meta property=\"article:modified_time\" content=\"2026-03-10T05:26:30+00:00\" \/>\n<meta property=\"og:image\" content=\"https:\/\/desireonline.shop\/wp-content\/uploads\/2026\/02\/CN-471746985_00.jpg\" \/>\n\t<meta property=\"og:image:width\" content=\"1000\" \/>\n\t<meta property=\"og:image:height\" content=\"1000\" \/>\n\t<meta property=\"og:image:type\" content=\"image\/jpeg\" \/>\n<meta name=\"twitter:card\" content=\"summary_large_image\" \/>\n<meta name=\"twitter:label1\" content=\"\u01af\u1edbc t\u00ednh th\u1eddi gian \u0111\u1ecdc\" \/>\n\t<meta name=\"twitter:data1\" content=\"1 ph\u00fat\" \/>\n<script type=\"application\/ld+json\" class=\"yoast-schema-graph\">{\"@context\":\"https:\/\/schema.org\",\"@graph\":[{\"@type\":\"WebPage\",\"@id\":\"https:\/\/desireonline.shop\/vi\/san-pham\/ballsy-super-cock-kosta-koufos-13-8-duong-vat-gia\/\",\"url\":\"https:\/\/desireonline.shop\/vi\/san-pham\/ballsy-super-cock-kosta-koufos-13-8-duong-vat-gia\/\",\"name\":\"BALLSY SUPER COCK Kosta Koufos 13.8\\\" D\u01b0\u01a1ng v\u1eadt gi\u1ea3 - Desire\",\"isPartOf\":{\"@id\":\"https:\/\/desireonline.shop\/vi\/#website\"},\"primaryImageOfPage\":{\"@id\":\"https:\/\/desireonline.shop\/vi\/san-pham\/ballsy-super-cock-kosta-koufos-13-8-duong-vat-gia\/#primaryimage\"},\"image\":{\"@id\":\"https:\/\/desireonline.shop\/vi\/san-pham\/ballsy-super-cock-kosta-koufos-13-8-duong-vat-gia\/#primaryimage\"},\"thumbnailUrl\":\"https:\/\/desireonline.shop\/wp-content\/uploads\/2026\/02\/CN-471746985_00.jpg\",\"datePublished\":\"2026-02-16T11:22:00+00:00\",\"dateModified\":\"2026-03-10T05:26:30+00:00\",\"breadcrumb\":{\"@id\":\"https:\/\/desireonline.shop\/vi\/san-pham\/ballsy-super-cock-kosta-koufos-13-8-duong-vat-gia\/#breadcrumb\"},\"inLanguage\":\"vi\",\"potentialAction\":[{\"@type\":\"ReadAction\",\"target\":[\"https:\/\/desireonline.shop\/vi\/san-pham\/ballsy-super-cock-kosta-koufos-13-8-duong-vat-gia\/\"]}]},{\"@type\":\"ImageObject\",\"inLanguage\":\"vi\",\"@id\":\"https:\/\/desireonline.shop\/vi\/san-pham\/ballsy-super-cock-kosta-koufos-13-8-duong-vat-gia\/#primaryimage\",\"url\":\"https:\/\/desireonline.shop\/wp-content\/uploads\/2026\/02\/CN-471746985_00.jpg\",\"contentUrl\":\"https:\/\/desireonline.shop\/wp-content\/uploads\/2026\/02\/CN-471746985_00.jpg\",\"width\":1000,\"height\":1000},{\"@type\":\"BreadcrumbList\",\"@id\":\"https:\/\/desireonline.shop\/vi\/san-pham\/ballsy-super-cock-kosta-koufos-13-8-duong-vat-gia\/#breadcrumb\",\"itemListElement\":[{\"@type\":\"ListItem\",\"position\":1,\"name\":\"Home\",\"item\":\"https:\/\/desireonline.shop\/vi\/trang-chu\/?lang=vi\"},{\"@type\":\"ListItem\",\"position\":2,\"name\":\"T\u1ea5t c\u1ea3 s\u1ea3n ph\u1ea9m\",\"item\":\"https:\/\/desireonline.shop\/cua-hang\/?lang=vi\"},{\"@type\":\"ListItem\",\"position\":3,\"name\":\"BALLSY SUPER COCK Kosta Koufos 13.8&#8243; D\u01b0\u01a1ng v\u1eadt gi\u1ea3\"}]},{\"@type\":\"WebSite\",\"@id\":\"https:\/\/desireonline.shop\/vi\/#website\",\"url\":\"https:\/\/desireonline.shop\/vi\/\",\"name\":\"Desire\",\"description\":\"Sexual Wellness Platform\",\"publisher\":{\"@id\":\"https:\/\/desireonline.shop\/vi\/#organization\"},\"potentialAction\":[{\"@type\":\"SearchAction\",\"target\":{\"@type\":\"EntryPoint\",\"urlTemplate\":\"https:\/\/desireonline.shop\/vi\/?s={search_term_string}\"},\"query-input\":{\"@type\":\"PropertyValueSpecification\",\"valueRequired\":true,\"valueName\":\"search_term_string\"}}],\"inLanguage\":\"vi\"},{\"@type\":\"Organization\",\"@id\":\"https:\/\/desireonline.shop\/vi\/#organization\",\"name\":\"Desire\",\"url\":\"https:\/\/desireonline.shop\/vi\/\",\"logo\":{\"@type\":\"ImageObject\",\"inLanguage\":\"vi\",\"@id\":\"https:\/\/desireonline.shop\/vi\/#\/schema\/logo\/image\/\",\"url\":\"https:\/\/desireonline.shop\/wp-content\/uploads\/2024\/06\/Logo-Thick-Font-1.webp\",\"contentUrl\":\"https:\/\/desireonline.shop\/wp-content\/uploads\/2024\/06\/Logo-Thick-Font-1.webp\",\"width\":268,\"height\":399,\"caption\":\"Desire\"},\"image\":{\"@id\":\"https:\/\/desireonline.shop\/vi\/#\/schema\/logo\/image\/\"}}]}<\/script>\n<!-- \/ Yoast SEO plugin. -->","yoast_head_json":{"title":"BALLSY SUPER COCK Kosta Koufos 13.8\" D\u01b0\u01a1ng v\u1eadt gi\u1ea3 - Desire","robots":{"index":"index","follow":"follow","max-snippet":"max-snippet:-1","max-image-preview":"max-image-preview:large","max-video-preview":"max-video-preview:-1"},"canonical":"https:\/\/desireonline.shop\/vi\/san-pham\/ballsy-super-cock-kosta-koufos-13-8-duong-vat-gia\/","og_locale":"vi_VN","og_type":"article","og_title":"BALLSY SUPER COCK Kosta Koufos 13.8\" D\u01b0\u01a1ng v\u1eadt gi\u1ea3 - Desire","og_description":"\u0110\u01b0\u1ee3c thi\u1ebft k\u1ebf cho nh\u1eefng ai y\u00eau th\u00edch c\u1ea3m gi\u00e1c \u0111\u1ea7y \u0111\u1eb7n v\u00e0 m\u1ea1nh m\u1ebd h\u01a1n, d\u01b0\u01a1ng v\u1eadt gi\u1ea3 k\u00edch th\u01b0\u1edbc c\u1ef1c l\u1edbn n\u00e0y mang l\u1ea1i c\u1ea3m gi\u00e1c m\u01b0\u1ee3t m\u00e0,&hellip;","og_url":"https:\/\/desireonline.shop\/vi\/san-pham\/ballsy-super-cock-kosta-koufos-13-8-duong-vat-gia\/","og_site_name":"Desire","article_modified_time":"2026-03-10T05:26:30+00:00","og_image":[{"width":1000,"height":1000,"url":"https:\/\/desireonline.shop\/wp-content\/uploads\/2026\/02\/CN-471746985_00.jpg","type":"image\/jpeg"}],"twitter_card":"summary_large_image","twitter_misc":{"\u01af\u1edbc t\u00ednh th\u1eddi gian \u0111\u1ecdc":"1 ph\u00fat"},"schema":{"@context":"https:\/\/schema.org","@graph":[{"@type":"WebPage","@id":"https:\/\/desireonline.shop\/vi\/san-pham\/ballsy-super-cock-kosta-koufos-13-8-duong-vat-gia\/","url":"https:\/\/desireonline.shop\/vi\/san-pham\/ballsy-super-cock-kosta-koufos-13-8-duong-vat-gia\/","name":"BALLSY SUPER COCK Kosta Koufos 13.8\" D\u01b0\u01a1ng v\u1eadt gi\u1ea3 - Desire","isPartOf":{"@id":"https:\/\/desireonline.shop\/vi\/#website"},"primaryImageOfPage":{"@id":"https:\/\/desireonline.shop\/vi\/san-pham\/ballsy-super-cock-kosta-koufos-13-8-duong-vat-gia\/#primaryimage"},"image":{"@id":"https:\/\/desireonline.shop\/vi\/san-pham\/ballsy-super-cock-kosta-koufos-13-8-duong-vat-gia\/#primaryimage"},"thumbnailUrl":"https:\/\/desireonline.shop\/wp-content\/uploads\/2026\/02\/CN-471746985_00.jpg","datePublished":"2026-02-16T11:22:00+00:00","dateModified":"2026-03-10T05:26:30+00:00","breadcrumb":{"@id":"https:\/\/desireonline.shop\/vi\/san-pham\/ballsy-super-cock-kosta-koufos-13-8-duong-vat-gia\/#breadcrumb"},"inLanguage":"vi","potentialAction":[{"@type":"ReadAction","target":["https:\/\/desireonline.shop\/vi\/san-pham\/ballsy-super-cock-kosta-koufos-13-8-duong-vat-gia\/"]}]},{"@type":"ImageObject","inLanguage":"vi","@id":"https:\/\/desireonline.shop\/vi\/san-pham\/ballsy-super-cock-kosta-koufos-13-8-duong-vat-gia\/#primaryimage","url":"https:\/\/desireonline.shop\/wp-content\/uploads\/2026\/02\/CN-471746985_00.jpg","contentUrl":"https:\/\/desireonline.shop\/wp-content\/uploads\/2026\/02\/CN-471746985_00.jpg","width":1000,"height":1000},{"@type":"BreadcrumbList","@id":"https:\/\/desireonline.shop\/vi\/san-pham\/ballsy-super-cock-kosta-koufos-13-8-duong-vat-gia\/#breadcrumb","itemListElement":[{"@type":"ListItem","position":1,"name":"Home","item":"https:\/\/desireonline.shop\/vi\/trang-chu\/?lang=vi"},{"@type":"ListItem","position":2,"name":"T\u1ea5t c\u1ea3 s\u1ea3n ph\u1ea9m","item":"https:\/\/desireonline.shop\/cua-hang\/?lang=vi"},{"@type":"ListItem","position":3,"name":"BALLSY SUPER COCK Kosta Koufos 13.8&#8243; D\u01b0\u01a1ng v\u1eadt gi\u1ea3"}]},{"@type":"WebSite","@id":"https:\/\/desireonline.shop\/vi\/#website","url":"https:\/\/desireonline.shop\/vi\/","name":"Desire","description":"Sexual Wellness Platform","publisher":{"@id":"https:\/\/desireonline.shop\/vi\/#organization"},"potentialAction":[{"@type":"SearchAction","target":{"@type":"EntryPoint","urlTemplate":"https:\/\/desireonline.shop\/vi\/?s={search_term_string}"},"query-input":{"@type":"PropertyValueSpecification","valueRequired":true,"valueName":"search_term_string"}}],"inLanguage":"vi"},{"@type":"Organization","@id":"https:\/\/desireonline.shop\/vi\/#organization","name":"Desire","url":"https:\/\/desireonline.shop\/vi\/","logo":{"@type":"ImageObject","inLanguage":"vi","@id":"https:\/\/desireonline.shop\/vi\/#\/schema\/logo\/image\/","url":"https:\/\/desireonline.shop\/wp-content\/uploads\/2024\/06\/Logo-Thick-Font-1.webp","contentUrl":"https:\/\/desireonline.shop\/wp-content\/uploads\/2024\/06\/Logo-Thick-Font-1.webp","width":268,"height":399,"caption":"Desire"},"image":{"@id":"https:\/\/desireonline.shop\/vi\/#\/schema\/logo\/image\/"}}]}},"_links":{"self":[{"href":"https:\/\/desireonline.shop\/vi\/wp-json\/wp\/v2\/product\/66731","targetHints":{"allow":["GET"]}}],"collection":[{"href":"https:\/\/desireonline.shop\/vi\/wp-json\/wp\/v2\/product"}],"about":[{"href":"https:\/\/desireonline.shop\/vi\/wp-json\/wp\/v2\/types\/product"}],"replies":[{"embeddable":true,"href":"https:\/\/desireonline.shop\/vi\/wp-json\/wp\/v2\/comments?post=66731"}],"version-history":[{"count":0,"href":"https:\/\/desireonline.shop\/vi\/wp-json\/wp\/v2\/product\/66731\/revisions"}],"wp:featuredmedia":[{"embeddable":true,"href":"https:\/\/desireonline.shop\/vi\/wp-json\/wp\/v2\/media\/62283"}],"wp:attachment":[{"href":"https:\/\/desireonline.shop\/vi\/wp-json\/wp\/v2\/media?parent=66731"}],"wp:term":[{"taxonomy":"product_brand","embeddable":true,"href":"https:\/\/desireonline.shop\/vi\/wp-json\/wp\/v2\/product_brand?post=66731"},{"taxonomy":"product_cat","embeddable":true,"href":"https:\/\/desireonline.shop\/vi\/wp-json\/wp\/v2\/product_cat?post=66731"},{"taxonomy":"product_tag","embeddable":true,"href":"https:\/\/desireonline.shop\/vi\/wp-json\/wp\/v2\/product_tag?post=66731"}],"curies":[{"name":"wp","href":"https:\/\/api.w.org\/{rel}","templated":true}]}}