{"id":66748,"date":"2026-02-16T11:23:00","date_gmt":"2026-02-16T11:23:00","guid":{"rendered":"https:\/\/desireonline.shop\/product\/hi-basic-ball-gag-do\/"},"modified":"2026-03-10T05:58:37","modified_gmt":"2026-03-10T05:58:37","slug":"hi-basic-ball-gag-do","status":"publish","type":"product","link":"https:\/\/desireonline.shop\/vi\/san-pham\/hi-basic-ball-gag-do\/","title":{"rendered":"HI-BASIC Ball Gag \u0111\u1ecf"},"content":{"rendered":"<p>\u0110\u01b0\u1ee3c thi\u1ebft k\u1ebf cho s\u1ef1 tin t\u01b0\u1edfng vui t\u01b0\u01a1i v\u00e0 nh\u1eefng m\u00e0n nh\u1eadp vai nh\u1eb9 nh\u00e0ng, ball gag m\u00e0u \u0111\u1ecf n\u00e0y t\u1ea1o \u0111i\u1ec3m nh\u1ea5n n\u1ed5i b\u1eadt v\u00e0 c\u1ea3m gi\u00e1c bu\u00f4ng b\u1ecf trong nh\u1eefng kho\u1ea3nh kh\u1eafc th\u00e2n m\u1eadt. Tho\u1ea3i m\u00e1i khi \u0111eo v\u00e0 d\u1ec5 \u0111i\u1ec1u ch\u1ec9nh, \u0111\u00e2y l\u00e0 c\u00e1ch th\u00fa v\u1ecb \u0111\u1ec3 kh\u00e1m ph\u00e1 giao ti\u1ebfp, ranh gi\u1edbi v\u00e0 s\u1ef1 t\u00f2 m\u00f2 chung theo c\u00e1ch an to\u00e0n v\u00e0 \u0111\u1ed3ng thu\u1eadn.<\/p>\n","protected":false},"excerpt":{"rendered":"<p>\u0110\u01b0\u1ee3c thi\u1ebft k\u1ebf cho s\u1ef1 tin t\u01b0\u1edfng vui t\u01b0\u01a1i v\u00e0 nh\u1eefng m\u00e0n nh\u1eadp vai nh\u1eb9 nh\u00e0ng, ball gag m\u00e0u \u0111\u1ecf n\u00e0y t\u1ea1o \u0111i\u1ec3m nh\u1ea5n n\u1ed5i b\u1eadt v\u00e0 c\u1ea3m gi\u00e1c bu\u00f4ng&hellip;<\/p>\n","protected":false},"featured_media":62353,"comment_status":"open","ping_status":"closed","template":"","meta":{"_acf_changed":false},"product_brand":[],"product_cat":[1355,1346],"product_tag":[],"class_list":{"0":"post-66748","1":"product","2":"type-product","3":"status-publish","4":"has-post-thumbnail","6":"product_cat-bit-mieng-bondage","7":"product_cat-dung-cu-han-che-giac-quan","9":"first","10":"instock","11":"shipping-taxable","12":"purchasable","13":"product-type-simple"},"acf":[],"yoast_head":"<!-- This site is optimized with the Yoast SEO plugin v27.1.1 - https:\/\/yoast.com\/product\/yoast-seo-wordpress\/ -->\n<title>HI-BASIC Ball Gag \u0111\u1ecf - Desire<\/title>\n<meta name=\"robots\" content=\"index, follow, max-snippet:-1, max-image-preview:large, max-video-preview:-1\" \/>\n<link rel=\"canonical\" href=\"https:\/\/desireonline.shop\/vi\/san-pham\/hi-basic-ball-gag-do\/\" \/>\n<meta property=\"og:locale\" content=\"vi_VN\" \/>\n<meta property=\"og:type\" content=\"article\" \/>\n<meta property=\"og:title\" content=\"HI-BASIC Ball Gag \u0111\u1ecf - Desire\" \/>\n<meta property=\"og:description\" content=\"\u0110\u01b0\u1ee3c thi\u1ebft k\u1ebf cho s\u1ef1 tin t\u01b0\u1edfng vui t\u01b0\u01a1i v\u00e0 nh\u1eefng m\u00e0n nh\u1eadp vai nh\u1eb9 nh\u00e0ng, ball gag m\u00e0u \u0111\u1ecf n\u00e0y t\u1ea1o \u0111i\u1ec3m nh\u1ea5n n\u1ed5i b\u1eadt v\u00e0 c\u1ea3m gi\u00e1c bu\u00f4ng&hellip;\" \/>\n<meta property=\"og:url\" content=\"https:\/\/desireonline.shop\/vi\/san-pham\/hi-basic-ball-gag-do\/\" \/>\n<meta property=\"og:site_name\" content=\"Desire\" \/>\n<meta property=\"article:modified_time\" content=\"2026-03-10T05:58:37+00:00\" \/>\n<meta property=\"og:image\" content=\"https:\/\/desireonline.shop\/wp-content\/uploads\/2026\/02\/CN-374181929_00.jpg\" \/>\n\t<meta property=\"og:image:width\" content=\"1000\" \/>\n\t<meta property=\"og:image:height\" content=\"1000\" \/>\n\t<meta property=\"og:image:type\" content=\"image\/jpeg\" \/>\n<meta name=\"twitter:card\" content=\"summary_large_image\" \/>\n<meta name=\"twitter:label1\" content=\"\u01af\u1edbc t\u00ednh th\u1eddi gian \u0111\u1ecdc\" \/>\n\t<meta name=\"twitter:data1\" content=\"1 ph\u00fat\" \/>\n<script type=\"application\/ld+json\" class=\"yoast-schema-graph\">{\"@context\":\"https:\/\/schema.org\",\"@graph\":[{\"@type\":\"WebPage\",\"@id\":\"https:\/\/desireonline.shop\/vi\/san-pham\/hi-basic-ball-gag-do\/\",\"url\":\"https:\/\/desireonline.shop\/vi\/san-pham\/hi-basic-ball-gag-do\/\",\"name\":\"HI-BASIC Ball Gag \u0111\u1ecf - Desire\",\"isPartOf\":{\"@id\":\"https:\/\/desireonline.shop\/vi\/#website\"},\"primaryImageOfPage\":{\"@id\":\"https:\/\/desireonline.shop\/vi\/san-pham\/hi-basic-ball-gag-do\/#primaryimage\"},\"image\":{\"@id\":\"https:\/\/desireonline.shop\/vi\/san-pham\/hi-basic-ball-gag-do\/#primaryimage\"},\"thumbnailUrl\":\"https:\/\/desireonline.shop\/wp-content\/uploads\/2026\/02\/CN-374181929_00.jpg\",\"datePublished\":\"2026-02-16T11:23:00+00:00\",\"dateModified\":\"2026-03-10T05:58:37+00:00\",\"breadcrumb\":{\"@id\":\"https:\/\/desireonline.shop\/vi\/san-pham\/hi-basic-ball-gag-do\/#breadcrumb\"},\"inLanguage\":\"vi\",\"potentialAction\":[{\"@type\":\"ReadAction\",\"target\":[\"https:\/\/desireonline.shop\/vi\/san-pham\/hi-basic-ball-gag-do\/\"]}]},{\"@type\":\"ImageObject\",\"inLanguage\":\"vi\",\"@id\":\"https:\/\/desireonline.shop\/vi\/san-pham\/hi-basic-ball-gag-do\/#primaryimage\",\"url\":\"https:\/\/desireonline.shop\/wp-content\/uploads\/2026\/02\/CN-374181929_00.jpg\",\"contentUrl\":\"https:\/\/desireonline.shop\/wp-content\/uploads\/2026\/02\/CN-374181929_00.jpg\",\"width\":1000,\"height\":1000},{\"@type\":\"BreadcrumbList\",\"@id\":\"https:\/\/desireonline.shop\/vi\/san-pham\/hi-basic-ball-gag-do\/#breadcrumb\",\"itemListElement\":[{\"@type\":\"ListItem\",\"position\":1,\"name\":\"Home\",\"item\":\"https:\/\/desireonline.shop\/vi\/trang-chu\/?lang=vi\"},{\"@type\":\"ListItem\",\"position\":2,\"name\":\"T\u1ea5t c\u1ea3 s\u1ea3n ph\u1ea9m\",\"item\":\"https:\/\/desireonline.shop\/cua-hang\/?lang=vi\"},{\"@type\":\"ListItem\",\"position\":3,\"name\":\"HI-BASIC Ball Gag \u0111\u1ecf\"}]},{\"@type\":\"WebSite\",\"@id\":\"https:\/\/desireonline.shop\/vi\/#website\",\"url\":\"https:\/\/desireonline.shop\/vi\/\",\"name\":\"Desire\",\"description\":\"Sexual Wellness Platform\",\"publisher\":{\"@id\":\"https:\/\/desireonline.shop\/vi\/#organization\"},\"potentialAction\":[{\"@type\":\"SearchAction\",\"target\":{\"@type\":\"EntryPoint\",\"urlTemplate\":\"https:\/\/desireonline.shop\/vi\/?s={search_term_string}\"},\"query-input\":{\"@type\":\"PropertyValueSpecification\",\"valueRequired\":true,\"valueName\":\"search_term_string\"}}],\"inLanguage\":\"vi\"},{\"@type\":\"Organization\",\"@id\":\"https:\/\/desireonline.shop\/vi\/#organization\",\"name\":\"Desire\",\"url\":\"https:\/\/desireonline.shop\/vi\/\",\"logo\":{\"@type\":\"ImageObject\",\"inLanguage\":\"vi\",\"@id\":\"https:\/\/desireonline.shop\/vi\/#\/schema\/logo\/image\/\",\"url\":\"https:\/\/desireonline.shop\/wp-content\/uploads\/2024\/06\/Logo-Thick-Font-1.webp\",\"contentUrl\":\"https:\/\/desireonline.shop\/wp-content\/uploads\/2024\/06\/Logo-Thick-Font-1.webp\",\"width\":268,\"height\":399,\"caption\":\"Desire\"},\"image\":{\"@id\":\"https:\/\/desireonline.shop\/vi\/#\/schema\/logo\/image\/\"}}]}<\/script>\n<!-- \/ Yoast SEO plugin. -->","yoast_head_json":{"title":"HI-BASIC Ball Gag \u0111\u1ecf - Desire","robots":{"index":"index","follow":"follow","max-snippet":"max-snippet:-1","max-image-preview":"max-image-preview:large","max-video-preview":"max-video-preview:-1"},"canonical":"https:\/\/desireonline.shop\/vi\/san-pham\/hi-basic-ball-gag-do\/","og_locale":"vi_VN","og_type":"article","og_title":"HI-BASIC Ball Gag \u0111\u1ecf - Desire","og_description":"\u0110\u01b0\u1ee3c thi\u1ebft k\u1ebf cho s\u1ef1 tin t\u01b0\u1edfng vui t\u01b0\u01a1i v\u00e0 nh\u1eefng m\u00e0n nh\u1eadp vai nh\u1eb9 nh\u00e0ng, ball gag m\u00e0u \u0111\u1ecf n\u00e0y t\u1ea1o \u0111i\u1ec3m nh\u1ea5n n\u1ed5i b\u1eadt v\u00e0 c\u1ea3m gi\u00e1c bu\u00f4ng&hellip;","og_url":"https:\/\/desireonline.shop\/vi\/san-pham\/hi-basic-ball-gag-do\/","og_site_name":"Desire","article_modified_time":"2026-03-10T05:58:37+00:00","og_image":[{"width":1000,"height":1000,"url":"https:\/\/desireonline.shop\/wp-content\/uploads\/2026\/02\/CN-374181929_00.jpg","type":"image\/jpeg"}],"twitter_card":"summary_large_image","twitter_misc":{"\u01af\u1edbc t\u00ednh th\u1eddi gian \u0111\u1ecdc":"1 ph\u00fat"},"schema":{"@context":"https:\/\/schema.org","@graph":[{"@type":"WebPage","@id":"https:\/\/desireonline.shop\/vi\/san-pham\/hi-basic-ball-gag-do\/","url":"https:\/\/desireonline.shop\/vi\/san-pham\/hi-basic-ball-gag-do\/","name":"HI-BASIC Ball Gag \u0111\u1ecf - Desire","isPartOf":{"@id":"https:\/\/desireonline.shop\/vi\/#website"},"primaryImageOfPage":{"@id":"https:\/\/desireonline.shop\/vi\/san-pham\/hi-basic-ball-gag-do\/#primaryimage"},"image":{"@id":"https:\/\/desireonline.shop\/vi\/san-pham\/hi-basic-ball-gag-do\/#primaryimage"},"thumbnailUrl":"https:\/\/desireonline.shop\/wp-content\/uploads\/2026\/02\/CN-374181929_00.jpg","datePublished":"2026-02-16T11:23:00+00:00","dateModified":"2026-03-10T05:58:37+00:00","breadcrumb":{"@id":"https:\/\/desireonline.shop\/vi\/san-pham\/hi-basic-ball-gag-do\/#breadcrumb"},"inLanguage":"vi","potentialAction":[{"@type":"ReadAction","target":["https:\/\/desireonline.shop\/vi\/san-pham\/hi-basic-ball-gag-do\/"]}]},{"@type":"ImageObject","inLanguage":"vi","@id":"https:\/\/desireonline.shop\/vi\/san-pham\/hi-basic-ball-gag-do\/#primaryimage","url":"https:\/\/desireonline.shop\/wp-content\/uploads\/2026\/02\/CN-374181929_00.jpg","contentUrl":"https:\/\/desireonline.shop\/wp-content\/uploads\/2026\/02\/CN-374181929_00.jpg","width":1000,"height":1000},{"@type":"BreadcrumbList","@id":"https:\/\/desireonline.shop\/vi\/san-pham\/hi-basic-ball-gag-do\/#breadcrumb","itemListElement":[{"@type":"ListItem","position":1,"name":"Home","item":"https:\/\/desireonline.shop\/vi\/trang-chu\/?lang=vi"},{"@type":"ListItem","position":2,"name":"T\u1ea5t c\u1ea3 s\u1ea3n ph\u1ea9m","item":"https:\/\/desireonline.shop\/cua-hang\/?lang=vi"},{"@type":"ListItem","position":3,"name":"HI-BASIC Ball Gag \u0111\u1ecf"}]},{"@type":"WebSite","@id":"https:\/\/desireonline.shop\/vi\/#website","url":"https:\/\/desireonline.shop\/vi\/","name":"Desire","description":"Sexual Wellness Platform","publisher":{"@id":"https:\/\/desireonline.shop\/vi\/#organization"},"potentialAction":[{"@type":"SearchAction","target":{"@type":"EntryPoint","urlTemplate":"https:\/\/desireonline.shop\/vi\/?s={search_term_string}"},"query-input":{"@type":"PropertyValueSpecification","valueRequired":true,"valueName":"search_term_string"}}],"inLanguage":"vi"},{"@type":"Organization","@id":"https:\/\/desireonline.shop\/vi\/#organization","name":"Desire","url":"https:\/\/desireonline.shop\/vi\/","logo":{"@type":"ImageObject","inLanguage":"vi","@id":"https:\/\/desireonline.shop\/vi\/#\/schema\/logo\/image\/","url":"https:\/\/desireonline.shop\/wp-content\/uploads\/2024\/06\/Logo-Thick-Font-1.webp","contentUrl":"https:\/\/desireonline.shop\/wp-content\/uploads\/2024\/06\/Logo-Thick-Font-1.webp","width":268,"height":399,"caption":"Desire"},"image":{"@id":"https:\/\/desireonline.shop\/vi\/#\/schema\/logo\/image\/"}}]}},"_links":{"self":[{"href":"https:\/\/desireonline.shop\/vi\/wp-json\/wp\/v2\/product\/66748","targetHints":{"allow":["GET"]}}],"collection":[{"href":"https:\/\/desireonline.shop\/vi\/wp-json\/wp\/v2\/product"}],"about":[{"href":"https:\/\/desireonline.shop\/vi\/wp-json\/wp\/v2\/types\/product"}],"replies":[{"embeddable":true,"href":"https:\/\/desireonline.shop\/vi\/wp-json\/wp\/v2\/comments?post=66748"}],"version-history":[{"count":0,"href":"https:\/\/desireonline.shop\/vi\/wp-json\/wp\/v2\/product\/66748\/revisions"}],"wp:featuredmedia":[{"embeddable":true,"href":"https:\/\/desireonline.shop\/vi\/wp-json\/wp\/v2\/media\/62353"}],"wp:attachment":[{"href":"https:\/\/desireonline.shop\/vi\/wp-json\/wp\/v2\/media?parent=66748"}],"wp:term":[{"taxonomy":"product_brand","embeddable":true,"href":"https:\/\/desireonline.shop\/vi\/wp-json\/wp\/v2\/product_brand?post=66748"},{"taxonomy":"product_cat","embeddable":true,"href":"https:\/\/desireonline.shop\/vi\/wp-json\/wp\/v2\/product_cat?post=66748"},{"taxonomy":"product_tag","embeddable":true,"href":"https:\/\/desireonline.shop\/vi\/wp-json\/wp\/v2\/product_tag?post=66748"}],"curies":[{"name":"wp","href":"https:\/\/api.w.org\/{rel}","templated":true}]}}