{"id":66769,"date":"2026-02-16T11:23:00","date_gmt":"2026-02-16T11:23:00","guid":{"rendered":"https:\/\/desireonline.shop\/product\/hi-basic-power-bullet-vibe-2-may-rung-trung\/"},"modified":"2026-03-10T05:58:40","modified_gmt":"2026-03-10T05:58:40","slug":"hi-basic-power-bullet-vibe-2-may-rung-trung","status":"publish","type":"product","link":"https:\/\/desireonline.shop\/vi\/san-pham\/hi-basic-power-bullet-vibe-2-may-rung-trung\/","title":{"rendered":"HI-BASIC Power Bullet Vibe 2 M\u00e1y rung tr\u1ee9ng"},"content":{"rendered":"<p>B\u1ed9 m\u00e1y rung mini bullet v\u00e0 tr\u1ee9ng rung vui t\u01b0\u01a1i n\u00e0y \u0111\u01b0\u1ee3c thi\u1ebft k\u1ebf \u0111\u1ec3 mang l\u1ea1i tr\u1ea3i nghi\u1ec7m linh ho\u1ea1t v\u00e0 d\u1ec5 kh\u00e1m ph\u00e1. V\u1edbi nhi\u1ec1u t\u00f9y ch\u1ecdn t\u1ed1c \u0111\u1ed9 v\u00e0 thi\u1ebft k\u1ebf nh\u1ecf g\u1ecdn, s\u1ea3n ph\u1ea9m ho\u00e0n h\u1ea3o \u0111\u1ec3 t\u00ecm ra \u0111i\u1ec1u ph\u00f9 h\u1ee3p nh\u1ea5t v\u1edbi b\u1ea1n. \u0110\u01a1n gi\u1ea3n, k\u00edn \u0111\u00e1o v\u00e0 d\u1ec5 t\u1eadn h\u01b0\u1edfng, \u0111\u00e2y l\u00e0 l\u1ef1a ch\u1ecdn tuy\u1ec7t v\u1eddi cho c\u1ea3 ng\u01b0\u1eddi m\u1edbi b\u1eaft \u0111\u1ea7u v\u00e0 nh\u1eefng ng\u01b0\u1eddi \u0111\u00e3 c\u00f3 kinh nghi\u1ec7m kh\u00e1m ph\u00e1.<\/p>\n","protected":false},"excerpt":{"rendered":"<p>B\u1ed9 m\u00e1y rung mini bullet v\u00e0 tr\u1ee9ng rung vui t\u01b0\u01a1i n\u00e0y \u0111\u01b0\u1ee3c thi\u1ebft k\u1ebf \u0111\u1ec3 mang l\u1ea1i tr\u1ea3i nghi\u1ec7m linh ho\u1ea1t v\u00e0 d\u1ec5 kh\u00e1m ph\u00e1. V\u1edbi nhi\u1ec1u t\u00f9y ch\u1ecdn t\u1ed1c&hellip;<\/p>\n","protected":false},"featured_media":62335,"comment_status":"open","ping_status":"closed","template":"","meta":{"_acf_changed":false},"product_brand":[],"product_cat":[1437],"product_tag":[],"class_list":{"0":"post-66769","1":"product","2":"type-product","3":"status-publish","4":"has-post-thumbnail","6":"product_cat-may-rung-trung-tinh-yeu","8":"first","9":"instock","10":"shipping-taxable","11":"purchasable","12":"product-type-simple"},"acf":[],"yoast_head":"<!-- This site is optimized with the Yoast SEO plugin v27.1.1 - https:\/\/yoast.com\/product\/yoast-seo-wordpress\/ -->\n<title>HI-BASIC Power Bullet Vibe 2 M\u00e1y rung tr\u1ee9ng - Desire<\/title>\n<meta name=\"robots\" content=\"index, follow, max-snippet:-1, max-image-preview:large, max-video-preview:-1\" \/>\n<link rel=\"canonical\" href=\"https:\/\/desireonline.shop\/vi\/san-pham\/hi-basic-power-bullet-vibe-2-may-rung-trung\/\" \/>\n<meta property=\"og:locale\" content=\"vi_VN\" \/>\n<meta property=\"og:type\" content=\"article\" \/>\n<meta property=\"og:title\" content=\"HI-BASIC Power Bullet Vibe 2 M\u00e1y rung tr\u1ee9ng - Desire\" \/>\n<meta property=\"og:description\" content=\"B\u1ed9 m\u00e1y rung mini bullet v\u00e0 tr\u1ee9ng rung vui t\u01b0\u01a1i n\u00e0y \u0111\u01b0\u1ee3c thi\u1ebft k\u1ebf \u0111\u1ec3 mang l\u1ea1i tr\u1ea3i nghi\u1ec7m linh ho\u1ea1t v\u00e0 d\u1ec5 kh\u00e1m ph\u00e1. V\u1edbi nhi\u1ec1u t\u00f9y ch\u1ecdn t\u1ed1c&hellip;\" \/>\n<meta property=\"og:url\" content=\"https:\/\/desireonline.shop\/vi\/san-pham\/hi-basic-power-bullet-vibe-2-may-rung-trung\/\" \/>\n<meta property=\"og:site_name\" content=\"Desire\" \/>\n<meta property=\"article:modified_time\" content=\"2026-03-10T05:58:40+00:00\" \/>\n<meta property=\"og:image\" content=\"https:\/\/desireonline.shop\/wp-content\/uploads\/2026\/02\/CN-330105508_00.jpg\" \/>\n\t<meta property=\"og:image:width\" content=\"2126\" \/>\n\t<meta property=\"og:image:height\" content=\"2126\" \/>\n\t<meta property=\"og:image:type\" content=\"image\/jpeg\" \/>\n<meta name=\"twitter:card\" content=\"summary_large_image\" \/>\n<meta name=\"twitter:label1\" content=\"\u01af\u1edbc t\u00ednh th\u1eddi gian \u0111\u1ecdc\" \/>\n\t<meta name=\"twitter:data1\" content=\"1 ph\u00fat\" \/>\n<script type=\"application\/ld+json\" class=\"yoast-schema-graph\">{\"@context\":\"https:\/\/schema.org\",\"@graph\":[{\"@type\":\"WebPage\",\"@id\":\"https:\/\/desireonline.shop\/vi\/san-pham\/hi-basic-power-bullet-vibe-2-may-rung-trung\/\",\"url\":\"https:\/\/desireonline.shop\/vi\/san-pham\/hi-basic-power-bullet-vibe-2-may-rung-trung\/\",\"name\":\"HI-BASIC Power Bullet Vibe 2 M\u00e1y rung tr\u1ee9ng - Desire\",\"isPartOf\":{\"@id\":\"https:\/\/desireonline.shop\/vi\/#website\"},\"primaryImageOfPage\":{\"@id\":\"https:\/\/desireonline.shop\/vi\/san-pham\/hi-basic-power-bullet-vibe-2-may-rung-trung\/#primaryimage\"},\"image\":{\"@id\":\"https:\/\/desireonline.shop\/vi\/san-pham\/hi-basic-power-bullet-vibe-2-may-rung-trung\/#primaryimage\"},\"thumbnailUrl\":\"https:\/\/desireonline.shop\/wp-content\/uploads\/2026\/02\/CN-330105508_00.jpg\",\"datePublished\":\"2026-02-16T11:23:00+00:00\",\"dateModified\":\"2026-03-10T05:58:40+00:00\",\"breadcrumb\":{\"@id\":\"https:\/\/desireonline.shop\/vi\/san-pham\/hi-basic-power-bullet-vibe-2-may-rung-trung\/#breadcrumb\"},\"inLanguage\":\"vi\",\"potentialAction\":[{\"@type\":\"ReadAction\",\"target\":[\"https:\/\/desireonline.shop\/vi\/san-pham\/hi-basic-power-bullet-vibe-2-may-rung-trung\/\"]}]},{\"@type\":\"ImageObject\",\"inLanguage\":\"vi\",\"@id\":\"https:\/\/desireonline.shop\/vi\/san-pham\/hi-basic-power-bullet-vibe-2-may-rung-trung\/#primaryimage\",\"url\":\"https:\/\/desireonline.shop\/wp-content\/uploads\/2026\/02\/CN-330105508_00.jpg\",\"contentUrl\":\"https:\/\/desireonline.shop\/wp-content\/uploads\/2026\/02\/CN-330105508_00.jpg\",\"width\":2126,\"height\":2126},{\"@type\":\"BreadcrumbList\",\"@id\":\"https:\/\/desireonline.shop\/vi\/san-pham\/hi-basic-power-bullet-vibe-2-may-rung-trung\/#breadcrumb\",\"itemListElement\":[{\"@type\":\"ListItem\",\"position\":1,\"name\":\"Home\",\"item\":\"https:\/\/desireonline.shop\/vi\/trang-chu\/?lang=vi\"},{\"@type\":\"ListItem\",\"position\":2,\"name\":\"T\u1ea5t c\u1ea3 s\u1ea3n ph\u1ea9m\",\"item\":\"https:\/\/desireonline.shop\/cua-hang\/?lang=vi\"},{\"@type\":\"ListItem\",\"position\":3,\"name\":\"HI-BASIC Power Bullet Vibe 2 M\u00e1y rung tr\u1ee9ng\"}]},{\"@type\":\"WebSite\",\"@id\":\"https:\/\/desireonline.shop\/vi\/#website\",\"url\":\"https:\/\/desireonline.shop\/vi\/\",\"name\":\"Desire\",\"description\":\"Sexual Wellness Platform\",\"publisher\":{\"@id\":\"https:\/\/desireonline.shop\/vi\/#organization\"},\"potentialAction\":[{\"@type\":\"SearchAction\",\"target\":{\"@type\":\"EntryPoint\",\"urlTemplate\":\"https:\/\/desireonline.shop\/vi\/?s={search_term_string}\"},\"query-input\":{\"@type\":\"PropertyValueSpecification\",\"valueRequired\":true,\"valueName\":\"search_term_string\"}}],\"inLanguage\":\"vi\"},{\"@type\":\"Organization\",\"@id\":\"https:\/\/desireonline.shop\/vi\/#organization\",\"name\":\"Desire\",\"url\":\"https:\/\/desireonline.shop\/vi\/\",\"logo\":{\"@type\":\"ImageObject\",\"inLanguage\":\"vi\",\"@id\":\"https:\/\/desireonline.shop\/vi\/#\/schema\/logo\/image\/\",\"url\":\"https:\/\/desireonline.shop\/wp-content\/uploads\/2024\/06\/Logo-Thick-Font-1.webp\",\"contentUrl\":\"https:\/\/desireonline.shop\/wp-content\/uploads\/2024\/06\/Logo-Thick-Font-1.webp\",\"width\":268,\"height\":399,\"caption\":\"Desire\"},\"image\":{\"@id\":\"https:\/\/desireonline.shop\/vi\/#\/schema\/logo\/image\/\"}}]}<\/script>\n<!-- \/ Yoast SEO plugin. -->","yoast_head_json":{"title":"HI-BASIC Power Bullet Vibe 2 M\u00e1y rung tr\u1ee9ng - Desire","robots":{"index":"index","follow":"follow","max-snippet":"max-snippet:-1","max-image-preview":"max-image-preview:large","max-video-preview":"max-video-preview:-1"},"canonical":"https:\/\/desireonline.shop\/vi\/san-pham\/hi-basic-power-bullet-vibe-2-may-rung-trung\/","og_locale":"vi_VN","og_type":"article","og_title":"HI-BASIC Power Bullet Vibe 2 M\u00e1y rung tr\u1ee9ng - Desire","og_description":"B\u1ed9 m\u00e1y rung mini bullet v\u00e0 tr\u1ee9ng rung vui t\u01b0\u01a1i n\u00e0y \u0111\u01b0\u1ee3c thi\u1ebft k\u1ebf \u0111\u1ec3 mang l\u1ea1i tr\u1ea3i nghi\u1ec7m linh ho\u1ea1t v\u00e0 d\u1ec5 kh\u00e1m ph\u00e1. V\u1edbi nhi\u1ec1u t\u00f9y ch\u1ecdn t\u1ed1c&hellip;","og_url":"https:\/\/desireonline.shop\/vi\/san-pham\/hi-basic-power-bullet-vibe-2-may-rung-trung\/","og_site_name":"Desire","article_modified_time":"2026-03-10T05:58:40+00:00","og_image":[{"width":2126,"height":2126,"url":"https:\/\/desireonline.shop\/wp-content\/uploads\/2026\/02\/CN-330105508_00.jpg","type":"image\/jpeg"}],"twitter_card":"summary_large_image","twitter_misc":{"\u01af\u1edbc t\u00ednh th\u1eddi gian \u0111\u1ecdc":"1 ph\u00fat"},"schema":{"@context":"https:\/\/schema.org","@graph":[{"@type":"WebPage","@id":"https:\/\/desireonline.shop\/vi\/san-pham\/hi-basic-power-bullet-vibe-2-may-rung-trung\/","url":"https:\/\/desireonline.shop\/vi\/san-pham\/hi-basic-power-bullet-vibe-2-may-rung-trung\/","name":"HI-BASIC Power Bullet Vibe 2 M\u00e1y rung tr\u1ee9ng - Desire","isPartOf":{"@id":"https:\/\/desireonline.shop\/vi\/#website"},"primaryImageOfPage":{"@id":"https:\/\/desireonline.shop\/vi\/san-pham\/hi-basic-power-bullet-vibe-2-may-rung-trung\/#primaryimage"},"image":{"@id":"https:\/\/desireonline.shop\/vi\/san-pham\/hi-basic-power-bullet-vibe-2-may-rung-trung\/#primaryimage"},"thumbnailUrl":"https:\/\/desireonline.shop\/wp-content\/uploads\/2026\/02\/CN-330105508_00.jpg","datePublished":"2026-02-16T11:23:00+00:00","dateModified":"2026-03-10T05:58:40+00:00","breadcrumb":{"@id":"https:\/\/desireonline.shop\/vi\/san-pham\/hi-basic-power-bullet-vibe-2-may-rung-trung\/#breadcrumb"},"inLanguage":"vi","potentialAction":[{"@type":"ReadAction","target":["https:\/\/desireonline.shop\/vi\/san-pham\/hi-basic-power-bullet-vibe-2-may-rung-trung\/"]}]},{"@type":"ImageObject","inLanguage":"vi","@id":"https:\/\/desireonline.shop\/vi\/san-pham\/hi-basic-power-bullet-vibe-2-may-rung-trung\/#primaryimage","url":"https:\/\/desireonline.shop\/wp-content\/uploads\/2026\/02\/CN-330105508_00.jpg","contentUrl":"https:\/\/desireonline.shop\/wp-content\/uploads\/2026\/02\/CN-330105508_00.jpg","width":2126,"height":2126},{"@type":"BreadcrumbList","@id":"https:\/\/desireonline.shop\/vi\/san-pham\/hi-basic-power-bullet-vibe-2-may-rung-trung\/#breadcrumb","itemListElement":[{"@type":"ListItem","position":1,"name":"Home","item":"https:\/\/desireonline.shop\/vi\/trang-chu\/?lang=vi"},{"@type":"ListItem","position":2,"name":"T\u1ea5t c\u1ea3 s\u1ea3n ph\u1ea9m","item":"https:\/\/desireonline.shop\/cua-hang\/?lang=vi"},{"@type":"ListItem","position":3,"name":"HI-BASIC Power Bullet Vibe 2 M\u00e1y rung tr\u1ee9ng"}]},{"@type":"WebSite","@id":"https:\/\/desireonline.shop\/vi\/#website","url":"https:\/\/desireonline.shop\/vi\/","name":"Desire","description":"Sexual Wellness Platform","publisher":{"@id":"https:\/\/desireonline.shop\/vi\/#organization"},"potentialAction":[{"@type":"SearchAction","target":{"@type":"EntryPoint","urlTemplate":"https:\/\/desireonline.shop\/vi\/?s={search_term_string}"},"query-input":{"@type":"PropertyValueSpecification","valueRequired":true,"valueName":"search_term_string"}}],"inLanguage":"vi"},{"@type":"Organization","@id":"https:\/\/desireonline.shop\/vi\/#organization","name":"Desire","url":"https:\/\/desireonline.shop\/vi\/","logo":{"@type":"ImageObject","inLanguage":"vi","@id":"https:\/\/desireonline.shop\/vi\/#\/schema\/logo\/image\/","url":"https:\/\/desireonline.shop\/wp-content\/uploads\/2024\/06\/Logo-Thick-Font-1.webp","contentUrl":"https:\/\/desireonline.shop\/wp-content\/uploads\/2024\/06\/Logo-Thick-Font-1.webp","width":268,"height":399,"caption":"Desire"},"image":{"@id":"https:\/\/desireonline.shop\/vi\/#\/schema\/logo\/image\/"}}]}},"_links":{"self":[{"href":"https:\/\/desireonline.shop\/vi\/wp-json\/wp\/v2\/product\/66769","targetHints":{"allow":["GET"]}}],"collection":[{"href":"https:\/\/desireonline.shop\/vi\/wp-json\/wp\/v2\/product"}],"about":[{"href":"https:\/\/desireonline.shop\/vi\/wp-json\/wp\/v2\/types\/product"}],"replies":[{"embeddable":true,"href":"https:\/\/desireonline.shop\/vi\/wp-json\/wp\/v2\/comments?post=66769"}],"version-history":[{"count":0,"href":"https:\/\/desireonline.shop\/vi\/wp-json\/wp\/v2\/product\/66769\/revisions"}],"wp:featuredmedia":[{"embeddable":true,"href":"https:\/\/desireonline.shop\/vi\/wp-json\/wp\/v2\/media\/62335"}],"wp:attachment":[{"href":"https:\/\/desireonline.shop\/vi\/wp-json\/wp\/v2\/media?parent=66769"}],"wp:term":[{"taxonomy":"product_brand","embeddable":true,"href":"https:\/\/desireonline.shop\/vi\/wp-json\/wp\/v2\/product_brand?post=66769"},{"taxonomy":"product_cat","embeddable":true,"href":"https:\/\/desireonline.shop\/vi\/wp-json\/wp\/v2\/product_cat?post=66769"},{"taxonomy":"product_tag","embeddable":true,"href":"https:\/\/desireonline.shop\/vi\/wp-json\/wp\/v2\/product_tag?post=66769"}],"curies":[{"name":"wp","href":"https:\/\/api.w.org\/{rel}","templated":true}]}}