{"id":66773,"date":"2026-02-16T11:24:00","date_gmt":"2026-02-16T11:24:00","guid":{"rendered":"https:\/\/desireonline.shop\/product\/hi-basic-hollow-cock-duong-vat-gia-strap-on\/"},"modified":"2026-03-10T05:58:36","modified_gmt":"2026-03-10T05:58:36","slug":"hi-basic-hollow-cock-duong-vat-gia-strap-on","status":"publish","type":"product","link":"https:\/\/desireonline.shop\/vi\/san-pham\/hi-basic-hollow-cock-duong-vat-gia-strap-on\/","title":{"rendered":"HI-BASIC Hollow Cock D\u01b0\u01a1ng v\u1eadt gi\u1ea3 strap-on"},"content":{"rendered":"<p>\u0110\u01b0\u1ee3c thi\u1ebft k\u1ebf \u0111\u1ec3 mang l\u1ea1i s\u1ef1 t\u1ef1 tin v\u00e0 tho\u1ea3i m\u00e1i, d\u01b0\u01a1ng v\u1eadt gi\u1ea3 strap-on r\u1ed7ng n\u00e0y mang l\u1ea1i \u0111\u1ed9 v\u1eeba v\u1eb7n h\u1ed7 tr\u1ee3 v\u1edbi d\u00e2y \u0111eo c\u00f3 th\u1ec3 \u0111i\u1ec1u ch\u1ec9nh ho\u00e0n to\u00e0n. D\u1ec5 \u0111eo v\u00e0 linh ho\u1ea1t v\u1ec1 k\u00edch th\u01b0\u1edbc, s\u1ea3n ph\u1ea9m l\u00fd t\u01b0\u1edfng cho c\u00e1c c\u1eb7p \u0111\u00f4i mu\u1ed1n kh\u00e1m ph\u00e1 nh\u1eefng tr\u1ea3i nghi\u1ec7m m\u1edbi ho\u1eb7c th\u00eam s\u1ef1 \u0111a d\u1ea1ng v\u00e0o nh\u1eefng kho\u1ea3nh kh\u1eafc th\u00e2n m\u1eadt. Tho\u1ea3i m\u00e1i, linh ho\u1ea1t v\u00e0 \u0111\u01b0\u1ee3c t\u1ea1o ra cho s\u1ef1 t\u00f2 m\u00f2 kh\u00e1m ph\u00e1 c\u00f9ng nhau.<\/p>\n","protected":false},"excerpt":{"rendered":"<p>\u0110\u01b0\u1ee3c thi\u1ebft k\u1ebf \u0111\u1ec3 mang l\u1ea1i s\u1ef1 t\u1ef1 tin v\u00e0 tho\u1ea3i m\u00e1i, d\u01b0\u01a1ng v\u1eadt gi\u1ea3 strap-on r\u1ed7ng n\u00e0y mang l\u1ea1i \u0111\u1ed9 v\u1eeba v\u1eb7n h\u1ed7 tr\u1ee3 v\u1edbi d\u00e2y \u0111eo c\u00f3 th\u1ec3&hellip;<\/p>\n","protected":false},"featured_media":62370,"comment_status":"open","ping_status":"closed","template":"","meta":{"_acf_changed":false},"product_brand":[],"product_cat":[1372],"product_tag":[],"class_list":{"0":"post-66773","1":"product","2":"type-product","3":"status-publish","4":"has-post-thumbnail","6":"product_cat-strap-on-rong","8":"first","9":"instock","10":"shipping-taxable","11":"purchasable","12":"product-type-simple"},"acf":[],"yoast_head":"<!-- This site is optimized with the Yoast SEO plugin v27.1.1 - https:\/\/yoast.com\/product\/yoast-seo-wordpress\/ -->\n<title>HI-BASIC Hollow Cock D\u01b0\u01a1ng v\u1eadt gi\u1ea3 strap-on - Desire<\/title>\n<meta name=\"robots\" content=\"index, follow, max-snippet:-1, max-image-preview:large, max-video-preview:-1\" \/>\n<link rel=\"canonical\" href=\"https:\/\/desireonline.shop\/vi\/san-pham\/hi-basic-hollow-cock-duong-vat-gia-strap-on\/\" \/>\n<meta property=\"og:locale\" content=\"vi_VN\" \/>\n<meta property=\"og:type\" content=\"article\" \/>\n<meta property=\"og:title\" content=\"HI-BASIC Hollow Cock D\u01b0\u01a1ng v\u1eadt gi\u1ea3 strap-on - Desire\" \/>\n<meta property=\"og:description\" content=\"\u0110\u01b0\u1ee3c thi\u1ebft k\u1ebf \u0111\u1ec3 mang l\u1ea1i s\u1ef1 t\u1ef1 tin v\u00e0 tho\u1ea3i m\u00e1i, d\u01b0\u01a1ng v\u1eadt gi\u1ea3 strap-on r\u1ed7ng n\u00e0y mang l\u1ea1i \u0111\u1ed9 v\u1eeba v\u1eb7n h\u1ed7 tr\u1ee3 v\u1edbi d\u00e2y \u0111eo c\u00f3 th\u1ec3&hellip;\" \/>\n<meta property=\"og:url\" content=\"https:\/\/desireonline.shop\/vi\/san-pham\/hi-basic-hollow-cock-duong-vat-gia-strap-on\/\" \/>\n<meta property=\"og:site_name\" content=\"Desire\" \/>\n<meta property=\"article:modified_time\" content=\"2026-03-10T05:58:36+00:00\" \/>\n<meta property=\"og:image\" content=\"https:\/\/desireonline.shop\/wp-content\/uploads\/2026\/02\/CN-132081917_00.jpg\" \/>\n\t<meta property=\"og:image:width\" content=\"2500\" \/>\n\t<meta property=\"og:image:height\" content=\"2500\" \/>\n\t<meta property=\"og:image:type\" content=\"image\/jpeg\" \/>\n<meta name=\"twitter:card\" content=\"summary_large_image\" \/>\n<meta name=\"twitter:label1\" content=\"\u01af\u1edbc t\u00ednh th\u1eddi gian \u0111\u1ecdc\" \/>\n\t<meta name=\"twitter:data1\" content=\"1 ph\u00fat\" \/>\n<script type=\"application\/ld+json\" class=\"yoast-schema-graph\">{\"@context\":\"https:\/\/schema.org\",\"@graph\":[{\"@type\":\"WebPage\",\"@id\":\"https:\/\/desireonline.shop\/vi\/san-pham\/hi-basic-hollow-cock-duong-vat-gia-strap-on\/\",\"url\":\"https:\/\/desireonline.shop\/vi\/san-pham\/hi-basic-hollow-cock-duong-vat-gia-strap-on\/\",\"name\":\"HI-BASIC Hollow Cock D\u01b0\u01a1ng v\u1eadt gi\u1ea3 strap-on - Desire\",\"isPartOf\":{\"@id\":\"https:\/\/desireonline.shop\/vi\/#website\"},\"primaryImageOfPage\":{\"@id\":\"https:\/\/desireonline.shop\/vi\/san-pham\/hi-basic-hollow-cock-duong-vat-gia-strap-on\/#primaryimage\"},\"image\":{\"@id\":\"https:\/\/desireonline.shop\/vi\/san-pham\/hi-basic-hollow-cock-duong-vat-gia-strap-on\/#primaryimage\"},\"thumbnailUrl\":\"https:\/\/desireonline.shop\/wp-content\/uploads\/2026\/02\/CN-132081917_00.jpg\",\"datePublished\":\"2026-02-16T11:24:00+00:00\",\"dateModified\":\"2026-03-10T05:58:36+00:00\",\"breadcrumb\":{\"@id\":\"https:\/\/desireonline.shop\/vi\/san-pham\/hi-basic-hollow-cock-duong-vat-gia-strap-on\/#breadcrumb\"},\"inLanguage\":\"vi\",\"potentialAction\":[{\"@type\":\"ReadAction\",\"target\":[\"https:\/\/desireonline.shop\/vi\/san-pham\/hi-basic-hollow-cock-duong-vat-gia-strap-on\/\"]}]},{\"@type\":\"ImageObject\",\"inLanguage\":\"vi\",\"@id\":\"https:\/\/desireonline.shop\/vi\/san-pham\/hi-basic-hollow-cock-duong-vat-gia-strap-on\/#primaryimage\",\"url\":\"https:\/\/desireonline.shop\/wp-content\/uploads\/2026\/02\/CN-132081917_00.jpg\",\"contentUrl\":\"https:\/\/desireonline.shop\/wp-content\/uploads\/2026\/02\/CN-132081917_00.jpg\",\"width\":2500,\"height\":2500},{\"@type\":\"BreadcrumbList\",\"@id\":\"https:\/\/desireonline.shop\/vi\/san-pham\/hi-basic-hollow-cock-duong-vat-gia-strap-on\/#breadcrumb\",\"itemListElement\":[{\"@type\":\"ListItem\",\"position\":1,\"name\":\"Home\",\"item\":\"https:\/\/desireonline.shop\/vi\/trang-chu\/?lang=vi\"},{\"@type\":\"ListItem\",\"position\":2,\"name\":\"T\u1ea5t c\u1ea3 s\u1ea3n ph\u1ea9m\",\"item\":\"https:\/\/desireonline.shop\/cua-hang\/?lang=vi\"},{\"@type\":\"ListItem\",\"position\":3,\"name\":\"HI-BASIC Hollow Cock D\u01b0\u01a1ng v\u1eadt gi\u1ea3 strap-on\"}]},{\"@type\":\"WebSite\",\"@id\":\"https:\/\/desireonline.shop\/vi\/#website\",\"url\":\"https:\/\/desireonline.shop\/vi\/\",\"name\":\"Desire\",\"description\":\"Sexual Wellness Platform\",\"publisher\":{\"@id\":\"https:\/\/desireonline.shop\/vi\/#organization\"},\"potentialAction\":[{\"@type\":\"SearchAction\",\"target\":{\"@type\":\"EntryPoint\",\"urlTemplate\":\"https:\/\/desireonline.shop\/vi\/?s={search_term_string}\"},\"query-input\":{\"@type\":\"PropertyValueSpecification\",\"valueRequired\":true,\"valueName\":\"search_term_string\"}}],\"inLanguage\":\"vi\"},{\"@type\":\"Organization\",\"@id\":\"https:\/\/desireonline.shop\/vi\/#organization\",\"name\":\"Desire\",\"url\":\"https:\/\/desireonline.shop\/vi\/\",\"logo\":{\"@type\":\"ImageObject\",\"inLanguage\":\"vi\",\"@id\":\"https:\/\/desireonline.shop\/vi\/#\/schema\/logo\/image\/\",\"url\":\"https:\/\/desireonline.shop\/wp-content\/uploads\/2024\/06\/Logo-Thick-Font-1.webp\",\"contentUrl\":\"https:\/\/desireonline.shop\/wp-content\/uploads\/2024\/06\/Logo-Thick-Font-1.webp\",\"width\":268,\"height\":399,\"caption\":\"Desire\"},\"image\":{\"@id\":\"https:\/\/desireonline.shop\/vi\/#\/schema\/logo\/image\/\"}}]}<\/script>\n<!-- \/ Yoast SEO plugin. -->","yoast_head_json":{"title":"HI-BASIC Hollow Cock D\u01b0\u01a1ng v\u1eadt gi\u1ea3 strap-on - Desire","robots":{"index":"index","follow":"follow","max-snippet":"max-snippet:-1","max-image-preview":"max-image-preview:large","max-video-preview":"max-video-preview:-1"},"canonical":"https:\/\/desireonline.shop\/vi\/san-pham\/hi-basic-hollow-cock-duong-vat-gia-strap-on\/","og_locale":"vi_VN","og_type":"article","og_title":"HI-BASIC Hollow Cock D\u01b0\u01a1ng v\u1eadt gi\u1ea3 strap-on - Desire","og_description":"\u0110\u01b0\u1ee3c thi\u1ebft k\u1ebf \u0111\u1ec3 mang l\u1ea1i s\u1ef1 t\u1ef1 tin v\u00e0 tho\u1ea3i m\u00e1i, d\u01b0\u01a1ng v\u1eadt gi\u1ea3 strap-on r\u1ed7ng n\u00e0y mang l\u1ea1i \u0111\u1ed9 v\u1eeba v\u1eb7n h\u1ed7 tr\u1ee3 v\u1edbi d\u00e2y \u0111eo c\u00f3 th\u1ec3&hellip;","og_url":"https:\/\/desireonline.shop\/vi\/san-pham\/hi-basic-hollow-cock-duong-vat-gia-strap-on\/","og_site_name":"Desire","article_modified_time":"2026-03-10T05:58:36+00:00","og_image":[{"width":2500,"height":2500,"url":"https:\/\/desireonline.shop\/wp-content\/uploads\/2026\/02\/CN-132081917_00.jpg","type":"image\/jpeg"}],"twitter_card":"summary_large_image","twitter_misc":{"\u01af\u1edbc t\u00ednh th\u1eddi gian \u0111\u1ecdc":"1 ph\u00fat"},"schema":{"@context":"https:\/\/schema.org","@graph":[{"@type":"WebPage","@id":"https:\/\/desireonline.shop\/vi\/san-pham\/hi-basic-hollow-cock-duong-vat-gia-strap-on\/","url":"https:\/\/desireonline.shop\/vi\/san-pham\/hi-basic-hollow-cock-duong-vat-gia-strap-on\/","name":"HI-BASIC Hollow Cock D\u01b0\u01a1ng v\u1eadt gi\u1ea3 strap-on - Desire","isPartOf":{"@id":"https:\/\/desireonline.shop\/vi\/#website"},"primaryImageOfPage":{"@id":"https:\/\/desireonline.shop\/vi\/san-pham\/hi-basic-hollow-cock-duong-vat-gia-strap-on\/#primaryimage"},"image":{"@id":"https:\/\/desireonline.shop\/vi\/san-pham\/hi-basic-hollow-cock-duong-vat-gia-strap-on\/#primaryimage"},"thumbnailUrl":"https:\/\/desireonline.shop\/wp-content\/uploads\/2026\/02\/CN-132081917_00.jpg","datePublished":"2026-02-16T11:24:00+00:00","dateModified":"2026-03-10T05:58:36+00:00","breadcrumb":{"@id":"https:\/\/desireonline.shop\/vi\/san-pham\/hi-basic-hollow-cock-duong-vat-gia-strap-on\/#breadcrumb"},"inLanguage":"vi","potentialAction":[{"@type":"ReadAction","target":["https:\/\/desireonline.shop\/vi\/san-pham\/hi-basic-hollow-cock-duong-vat-gia-strap-on\/"]}]},{"@type":"ImageObject","inLanguage":"vi","@id":"https:\/\/desireonline.shop\/vi\/san-pham\/hi-basic-hollow-cock-duong-vat-gia-strap-on\/#primaryimage","url":"https:\/\/desireonline.shop\/wp-content\/uploads\/2026\/02\/CN-132081917_00.jpg","contentUrl":"https:\/\/desireonline.shop\/wp-content\/uploads\/2026\/02\/CN-132081917_00.jpg","width":2500,"height":2500},{"@type":"BreadcrumbList","@id":"https:\/\/desireonline.shop\/vi\/san-pham\/hi-basic-hollow-cock-duong-vat-gia-strap-on\/#breadcrumb","itemListElement":[{"@type":"ListItem","position":1,"name":"Home","item":"https:\/\/desireonline.shop\/vi\/trang-chu\/?lang=vi"},{"@type":"ListItem","position":2,"name":"T\u1ea5t c\u1ea3 s\u1ea3n ph\u1ea9m","item":"https:\/\/desireonline.shop\/cua-hang\/?lang=vi"},{"@type":"ListItem","position":3,"name":"HI-BASIC Hollow Cock D\u01b0\u01a1ng v\u1eadt gi\u1ea3 strap-on"}]},{"@type":"WebSite","@id":"https:\/\/desireonline.shop\/vi\/#website","url":"https:\/\/desireonline.shop\/vi\/","name":"Desire","description":"Sexual Wellness Platform","publisher":{"@id":"https:\/\/desireonline.shop\/vi\/#organization"},"potentialAction":[{"@type":"SearchAction","target":{"@type":"EntryPoint","urlTemplate":"https:\/\/desireonline.shop\/vi\/?s={search_term_string}"},"query-input":{"@type":"PropertyValueSpecification","valueRequired":true,"valueName":"search_term_string"}}],"inLanguage":"vi"},{"@type":"Organization","@id":"https:\/\/desireonline.shop\/vi\/#organization","name":"Desire","url":"https:\/\/desireonline.shop\/vi\/","logo":{"@type":"ImageObject","inLanguage":"vi","@id":"https:\/\/desireonline.shop\/vi\/#\/schema\/logo\/image\/","url":"https:\/\/desireonline.shop\/wp-content\/uploads\/2024\/06\/Logo-Thick-Font-1.webp","contentUrl":"https:\/\/desireonline.shop\/wp-content\/uploads\/2024\/06\/Logo-Thick-Font-1.webp","width":268,"height":399,"caption":"Desire"},"image":{"@id":"https:\/\/desireonline.shop\/vi\/#\/schema\/logo\/image\/"}}]}},"_links":{"self":[{"href":"https:\/\/desireonline.shop\/vi\/wp-json\/wp\/v2\/product\/66773","targetHints":{"allow":["GET"]}}],"collection":[{"href":"https:\/\/desireonline.shop\/vi\/wp-json\/wp\/v2\/product"}],"about":[{"href":"https:\/\/desireonline.shop\/vi\/wp-json\/wp\/v2\/types\/product"}],"replies":[{"embeddable":true,"href":"https:\/\/desireonline.shop\/vi\/wp-json\/wp\/v2\/comments?post=66773"}],"version-history":[{"count":0,"href":"https:\/\/desireonline.shop\/vi\/wp-json\/wp\/v2\/product\/66773\/revisions"}],"wp:featuredmedia":[{"embeddable":true,"href":"https:\/\/desireonline.shop\/vi\/wp-json\/wp\/v2\/media\/62370"}],"wp:attachment":[{"href":"https:\/\/desireonline.shop\/vi\/wp-json\/wp\/v2\/media?parent=66773"}],"wp:term":[{"taxonomy":"product_brand","embeddable":true,"href":"https:\/\/desireonline.shop\/vi\/wp-json\/wp\/v2\/product_brand?post=66773"},{"taxonomy":"product_cat","embeddable":true,"href":"https:\/\/desireonline.shop\/vi\/wp-json\/wp\/v2\/product_cat?post=66773"},{"taxonomy":"product_tag","embeddable":true,"href":"https:\/\/desireonline.shop\/vi\/wp-json\/wp\/v2\/product_tag?post=66773"}],"curies":[{"name":"wp","href":"https:\/\/api.w.org\/{rel}","templated":true}]}}