{"id":66780,"date":"2026-02-16T11:25:00","date_gmt":"2026-02-16T11:25:00","guid":{"rendered":"https:\/\/desireonline.shop\/product\/black-mont-may-massage-tuyen-tien-liet-p-spot-probe\/"},"modified":"2026-03-10T05:58:37","modified_gmt":"2026-03-10T05:58:37","slug":"black-mont-may-massage-tuyen-tien-liet-p-spot-probe","status":"publish","type":"product","link":"https:\/\/desireonline.shop\/vi\/san-pham\/black-mont-may-massage-tuyen-tien-liet-p-spot-probe\/","title":{"rendered":"Black Mont M\u00e1y massage tuy\u1ebfn ti\u1ec1n li\u1ec7t P-spot Probe"},"content":{"rendered":"<p>M\u00e1y massage tuy\u1ebfn ti\u1ec1n li\u1ec7t ti\u00ean ti\u1ebfn n\u00e0y \u0111\u01b0\u1ee3c thi\u1ebft k\u1ebf \u0111\u1ec3 kh\u00e1m ph\u00e1 s\u00e2u h\u01a1n v\u1edbi kh\u1ea3 n\u0103ng ki\u1ec3m so\u00e1t ho\u00e0n to\u00e0n. V\u1edbi nhi\u1ec1u ch\u1ebf \u0111\u1ed9 rung v\u00e0 \u0111i\u1ec1u khi\u1ec3n t\u1eeb xa kh\u00f4ng d\u00e2y, s\u1ea3n ph\u1ea9m mang l\u1ea1i s\u1ef1 linh ho\u1ea1t cho tr\u1ea3i nghi\u1ec7m c\u00e1 nh\u00e2n ho\u1eb7c c\u00f9ng nhau. H\u00ecnh d\u00e1ng \u0111\u01b0\u1ee3c thi\u1ebft k\u1ebf c\u1ea9n th\u1eadn v\u00e0 d\u1ec5 s\u1eed d\u1ee5ng, khuy\u1ebfn kh\u00edch s\u1ef1 t\u00f2 m\u00f2, th\u01b0 gi\u00e3n v\u00e0 kh\u00e1m ph\u00e1 \u0111\u1ea7y th\u00fa v\u1ecb.<\/p>\n","protected":false},"excerpt":{"rendered":"<p>M\u00e1y massage tuy\u1ebfn ti\u1ec1n li\u1ec7t ti\u00ean ti\u1ebfn n\u00e0y \u0111\u01b0\u1ee3c thi\u1ebft k\u1ebf \u0111\u1ec3 kh\u00e1m ph\u00e1 s\u00e2u h\u01a1n v\u1edbi kh\u1ea3 n\u0103ng ki\u1ec3m so\u00e1t ho\u00e0n to\u00e0n. V\u1edbi nhi\u1ec1u ch\u1ebf \u0111\u1ed9 rung v\u00e0 \u0111i\u1ec1u&hellip;<\/p>\n","protected":false},"featured_media":62418,"comment_status":"open","ping_status":"closed","template":"","meta":{"_acf_changed":false},"product_brand":[],"product_cat":[1344,1366,1305,1370],"product_tag":[],"class_list":{"0":"post-66780","1":"product","2":"type-product","3":"status-publish","4":"has-post-thumbnail","6":"product_cat-bdsm","7":"product_cat-bo-san-pham-than-mat","8":"product_cat-danh-cho-cac-cap-doi","9":"product_cat-dung-cu-massage-tuyen-tien-liet","11":"first","12":"instock","13":"shipping-taxable","14":"purchasable","15":"product-type-simple"},"acf":[],"yoast_head":"<!-- This site is optimized with the Yoast SEO plugin v27.1.1 - https:\/\/yoast.com\/product\/yoast-seo-wordpress\/ -->\n<title>Black Mont M\u00e1y massage tuy\u1ebfn ti\u1ec1n li\u1ec7t P-spot Probe - Desire<\/title>\n<meta name=\"robots\" content=\"index, follow, max-snippet:-1, max-image-preview:large, max-video-preview:-1\" \/>\n<link rel=\"canonical\" href=\"https:\/\/desireonline.shop\/vi\/san-pham\/black-mont-may-massage-tuyen-tien-liet-p-spot-probe\/\" \/>\n<meta property=\"og:locale\" content=\"vi_VN\" \/>\n<meta property=\"og:type\" content=\"article\" \/>\n<meta property=\"og:title\" content=\"Black Mont M\u00e1y massage tuy\u1ebfn ti\u1ec1n li\u1ec7t P-spot Probe - Desire\" \/>\n<meta property=\"og:description\" content=\"M\u00e1y massage tuy\u1ebfn ti\u1ec1n li\u1ec7t ti\u00ean ti\u1ebfn n\u00e0y \u0111\u01b0\u1ee3c thi\u1ebft k\u1ebf \u0111\u1ec3 kh\u00e1m ph\u00e1 s\u00e2u h\u01a1n v\u1edbi kh\u1ea3 n\u0103ng ki\u1ec3m so\u00e1t ho\u00e0n to\u00e0n. V\u1edbi nhi\u1ec1u ch\u1ebf \u0111\u1ed9 rung v\u00e0 \u0111i\u1ec1u&hellip;\" \/>\n<meta property=\"og:url\" content=\"https:\/\/desireonline.shop\/vi\/san-pham\/black-mont-may-massage-tuyen-tien-liet-p-spot-probe\/\" \/>\n<meta property=\"og:site_name\" content=\"Desire\" \/>\n<meta property=\"article:modified_time\" content=\"2026-03-10T05:58:37+00:00\" \/>\n<meta property=\"og:image\" content=\"https:\/\/desireonline.shop\/wp-content\/uploads\/2026\/02\/CN-552845352_00.jpg\" \/>\n\t<meta property=\"og:image:width\" content=\"2500\" \/>\n\t<meta property=\"og:image:height\" content=\"2500\" \/>\n\t<meta property=\"og:image:type\" content=\"image\/jpeg\" \/>\n<meta name=\"twitter:card\" content=\"summary_large_image\" \/>\n<meta name=\"twitter:label1\" content=\"\u01af\u1edbc t\u00ednh th\u1eddi gian \u0111\u1ecdc\" \/>\n\t<meta name=\"twitter:data1\" content=\"1 ph\u00fat\" \/>\n<script type=\"application\/ld+json\" class=\"yoast-schema-graph\">{\"@context\":\"https:\/\/schema.org\",\"@graph\":[{\"@type\":\"WebPage\",\"@id\":\"https:\/\/desireonline.shop\/vi\/san-pham\/black-mont-may-massage-tuyen-tien-liet-p-spot-probe\/\",\"url\":\"https:\/\/desireonline.shop\/vi\/san-pham\/black-mont-may-massage-tuyen-tien-liet-p-spot-probe\/\",\"name\":\"Black Mont M\u00e1y massage tuy\u1ebfn ti\u1ec1n li\u1ec7t P-spot Probe - Desire\",\"isPartOf\":{\"@id\":\"https:\/\/desireonline.shop\/vi\/#website\"},\"primaryImageOfPage\":{\"@id\":\"https:\/\/desireonline.shop\/vi\/san-pham\/black-mont-may-massage-tuyen-tien-liet-p-spot-probe\/#primaryimage\"},\"image\":{\"@id\":\"https:\/\/desireonline.shop\/vi\/san-pham\/black-mont-may-massage-tuyen-tien-liet-p-spot-probe\/#primaryimage\"},\"thumbnailUrl\":\"https:\/\/desireonline.shop\/wp-content\/uploads\/2026\/02\/CN-552845352_00.jpg\",\"datePublished\":\"2026-02-16T11:25:00+00:00\",\"dateModified\":\"2026-03-10T05:58:37+00:00\",\"breadcrumb\":{\"@id\":\"https:\/\/desireonline.shop\/vi\/san-pham\/black-mont-may-massage-tuyen-tien-liet-p-spot-probe\/#breadcrumb\"},\"inLanguage\":\"vi\",\"potentialAction\":[{\"@type\":\"ReadAction\",\"target\":[\"https:\/\/desireonline.shop\/vi\/san-pham\/black-mont-may-massage-tuyen-tien-liet-p-spot-probe\/\"]}]},{\"@type\":\"ImageObject\",\"inLanguage\":\"vi\",\"@id\":\"https:\/\/desireonline.shop\/vi\/san-pham\/black-mont-may-massage-tuyen-tien-liet-p-spot-probe\/#primaryimage\",\"url\":\"https:\/\/desireonline.shop\/wp-content\/uploads\/2026\/02\/CN-552845352_00.jpg\",\"contentUrl\":\"https:\/\/desireonline.shop\/wp-content\/uploads\/2026\/02\/CN-552845352_00.jpg\",\"width\":2500,\"height\":2500},{\"@type\":\"BreadcrumbList\",\"@id\":\"https:\/\/desireonline.shop\/vi\/san-pham\/black-mont-may-massage-tuyen-tien-liet-p-spot-probe\/#breadcrumb\",\"itemListElement\":[{\"@type\":\"ListItem\",\"position\":1,\"name\":\"Home\",\"item\":\"https:\/\/desireonline.shop\/vi\/trang-chu\/?lang=vi\"},{\"@type\":\"ListItem\",\"position\":2,\"name\":\"T\u1ea5t c\u1ea3 s\u1ea3n ph\u1ea9m\",\"item\":\"https:\/\/desireonline.shop\/cua-hang\/?lang=vi\"},{\"@type\":\"ListItem\",\"position\":3,\"name\":\"Black Mont M\u00e1y massage tuy\u1ebfn ti\u1ec1n li\u1ec7t P-spot Probe\"}]},{\"@type\":\"WebSite\",\"@id\":\"https:\/\/desireonline.shop\/vi\/#website\",\"url\":\"https:\/\/desireonline.shop\/vi\/\",\"name\":\"Desire\",\"description\":\"Sexual Wellness Platform\",\"publisher\":{\"@id\":\"https:\/\/desireonline.shop\/vi\/#organization\"},\"potentialAction\":[{\"@type\":\"SearchAction\",\"target\":{\"@type\":\"EntryPoint\",\"urlTemplate\":\"https:\/\/desireonline.shop\/vi\/?s={search_term_string}\"},\"query-input\":{\"@type\":\"PropertyValueSpecification\",\"valueRequired\":true,\"valueName\":\"search_term_string\"}}],\"inLanguage\":\"vi\"},{\"@type\":\"Organization\",\"@id\":\"https:\/\/desireonline.shop\/vi\/#organization\",\"name\":\"Desire\",\"url\":\"https:\/\/desireonline.shop\/vi\/\",\"logo\":{\"@type\":\"ImageObject\",\"inLanguage\":\"vi\",\"@id\":\"https:\/\/desireonline.shop\/vi\/#\/schema\/logo\/image\/\",\"url\":\"https:\/\/desireonline.shop\/wp-content\/uploads\/2024\/06\/Logo-Thick-Font-1.webp\",\"contentUrl\":\"https:\/\/desireonline.shop\/wp-content\/uploads\/2024\/06\/Logo-Thick-Font-1.webp\",\"width\":268,\"height\":399,\"caption\":\"Desire\"},\"image\":{\"@id\":\"https:\/\/desireonline.shop\/vi\/#\/schema\/logo\/image\/\"}}]}<\/script>\n<!-- \/ Yoast SEO plugin. -->","yoast_head_json":{"title":"Black Mont M\u00e1y massage tuy\u1ebfn ti\u1ec1n li\u1ec7t P-spot Probe - Desire","robots":{"index":"index","follow":"follow","max-snippet":"max-snippet:-1","max-image-preview":"max-image-preview:large","max-video-preview":"max-video-preview:-1"},"canonical":"https:\/\/desireonline.shop\/vi\/san-pham\/black-mont-may-massage-tuyen-tien-liet-p-spot-probe\/","og_locale":"vi_VN","og_type":"article","og_title":"Black Mont M\u00e1y massage tuy\u1ebfn ti\u1ec1n li\u1ec7t P-spot Probe - Desire","og_description":"M\u00e1y massage tuy\u1ebfn ti\u1ec1n li\u1ec7t ti\u00ean ti\u1ebfn n\u00e0y \u0111\u01b0\u1ee3c thi\u1ebft k\u1ebf \u0111\u1ec3 kh\u00e1m ph\u00e1 s\u00e2u h\u01a1n v\u1edbi kh\u1ea3 n\u0103ng ki\u1ec3m so\u00e1t ho\u00e0n to\u00e0n. V\u1edbi nhi\u1ec1u ch\u1ebf \u0111\u1ed9 rung v\u00e0 \u0111i\u1ec1u&hellip;","og_url":"https:\/\/desireonline.shop\/vi\/san-pham\/black-mont-may-massage-tuyen-tien-liet-p-spot-probe\/","og_site_name":"Desire","article_modified_time":"2026-03-10T05:58:37+00:00","og_image":[{"width":2500,"height":2500,"url":"https:\/\/desireonline.shop\/wp-content\/uploads\/2026\/02\/CN-552845352_00.jpg","type":"image\/jpeg"}],"twitter_card":"summary_large_image","twitter_misc":{"\u01af\u1edbc t\u00ednh th\u1eddi gian \u0111\u1ecdc":"1 ph\u00fat"},"schema":{"@context":"https:\/\/schema.org","@graph":[{"@type":"WebPage","@id":"https:\/\/desireonline.shop\/vi\/san-pham\/black-mont-may-massage-tuyen-tien-liet-p-spot-probe\/","url":"https:\/\/desireonline.shop\/vi\/san-pham\/black-mont-may-massage-tuyen-tien-liet-p-spot-probe\/","name":"Black Mont M\u00e1y massage tuy\u1ebfn ti\u1ec1n li\u1ec7t P-spot Probe - Desire","isPartOf":{"@id":"https:\/\/desireonline.shop\/vi\/#website"},"primaryImageOfPage":{"@id":"https:\/\/desireonline.shop\/vi\/san-pham\/black-mont-may-massage-tuyen-tien-liet-p-spot-probe\/#primaryimage"},"image":{"@id":"https:\/\/desireonline.shop\/vi\/san-pham\/black-mont-may-massage-tuyen-tien-liet-p-spot-probe\/#primaryimage"},"thumbnailUrl":"https:\/\/desireonline.shop\/wp-content\/uploads\/2026\/02\/CN-552845352_00.jpg","datePublished":"2026-02-16T11:25:00+00:00","dateModified":"2026-03-10T05:58:37+00:00","breadcrumb":{"@id":"https:\/\/desireonline.shop\/vi\/san-pham\/black-mont-may-massage-tuyen-tien-liet-p-spot-probe\/#breadcrumb"},"inLanguage":"vi","potentialAction":[{"@type":"ReadAction","target":["https:\/\/desireonline.shop\/vi\/san-pham\/black-mont-may-massage-tuyen-tien-liet-p-spot-probe\/"]}]},{"@type":"ImageObject","inLanguage":"vi","@id":"https:\/\/desireonline.shop\/vi\/san-pham\/black-mont-may-massage-tuyen-tien-liet-p-spot-probe\/#primaryimage","url":"https:\/\/desireonline.shop\/wp-content\/uploads\/2026\/02\/CN-552845352_00.jpg","contentUrl":"https:\/\/desireonline.shop\/wp-content\/uploads\/2026\/02\/CN-552845352_00.jpg","width":2500,"height":2500},{"@type":"BreadcrumbList","@id":"https:\/\/desireonline.shop\/vi\/san-pham\/black-mont-may-massage-tuyen-tien-liet-p-spot-probe\/#breadcrumb","itemListElement":[{"@type":"ListItem","position":1,"name":"Home","item":"https:\/\/desireonline.shop\/vi\/trang-chu\/?lang=vi"},{"@type":"ListItem","position":2,"name":"T\u1ea5t c\u1ea3 s\u1ea3n ph\u1ea9m","item":"https:\/\/desireonline.shop\/cua-hang\/?lang=vi"},{"@type":"ListItem","position":3,"name":"Black Mont M\u00e1y massage tuy\u1ebfn ti\u1ec1n li\u1ec7t P-spot Probe"}]},{"@type":"WebSite","@id":"https:\/\/desireonline.shop\/vi\/#website","url":"https:\/\/desireonline.shop\/vi\/","name":"Desire","description":"Sexual Wellness Platform","publisher":{"@id":"https:\/\/desireonline.shop\/vi\/#organization"},"potentialAction":[{"@type":"SearchAction","target":{"@type":"EntryPoint","urlTemplate":"https:\/\/desireonline.shop\/vi\/?s={search_term_string}"},"query-input":{"@type":"PropertyValueSpecification","valueRequired":true,"valueName":"search_term_string"}}],"inLanguage":"vi"},{"@type":"Organization","@id":"https:\/\/desireonline.shop\/vi\/#organization","name":"Desire","url":"https:\/\/desireonline.shop\/vi\/","logo":{"@type":"ImageObject","inLanguage":"vi","@id":"https:\/\/desireonline.shop\/vi\/#\/schema\/logo\/image\/","url":"https:\/\/desireonline.shop\/wp-content\/uploads\/2024\/06\/Logo-Thick-Font-1.webp","contentUrl":"https:\/\/desireonline.shop\/wp-content\/uploads\/2024\/06\/Logo-Thick-Font-1.webp","width":268,"height":399,"caption":"Desire"},"image":{"@id":"https:\/\/desireonline.shop\/vi\/#\/schema\/logo\/image\/"}}]}},"_links":{"self":[{"href":"https:\/\/desireonline.shop\/vi\/wp-json\/wp\/v2\/product\/66780","targetHints":{"allow":["GET"]}}],"collection":[{"href":"https:\/\/desireonline.shop\/vi\/wp-json\/wp\/v2\/product"}],"about":[{"href":"https:\/\/desireonline.shop\/vi\/wp-json\/wp\/v2\/types\/product"}],"replies":[{"embeddable":true,"href":"https:\/\/desireonline.shop\/vi\/wp-json\/wp\/v2\/comments?post=66780"}],"version-history":[{"count":0,"href":"https:\/\/desireonline.shop\/vi\/wp-json\/wp\/v2\/product\/66780\/revisions"}],"wp:featuredmedia":[{"embeddable":true,"href":"https:\/\/desireonline.shop\/vi\/wp-json\/wp\/v2\/media\/62418"}],"wp:attachment":[{"href":"https:\/\/desireonline.shop\/vi\/wp-json\/wp\/v2\/media?parent=66780"}],"wp:term":[{"taxonomy":"product_brand","embeddable":true,"href":"https:\/\/desireonline.shop\/vi\/wp-json\/wp\/v2\/product_brand?post=66780"},{"taxonomy":"product_cat","embeddable":true,"href":"https:\/\/desireonline.shop\/vi\/wp-json\/wp\/v2\/product_cat?post=66780"},{"taxonomy":"product_tag","embeddable":true,"href":"https:\/\/desireonline.shop\/vi\/wp-json\/wp\/v2\/product_tag?post=66780"}],"curies":[{"name":"wp","href":"https:\/\/api.w.org\/{rel}","templated":true}]}}