{"id":66796,"date":"2026-02-16T11:25:00","date_gmt":"2026-02-16T11:25:00","guid":{"rendered":"https:\/\/desireonline.shop\/product\/black-mont-power-boyfriend-chuoi-hau-mon\/"},"modified":"2026-03-10T05:58:39","modified_gmt":"2026-03-10T05:58:39","slug":"black-mont-power-boyfriend-chuoi-hau-mon","status":"publish","type":"product","link":"https:\/\/desireonline.shop\/vi\/san-pham\/black-mont-power-boyfriend-chuoi-hau-mon\/","title":{"rendered":"Black Mont Power Boyfriend Chu\u1ed7i h\u1eadu m\u00f4n"},"content":{"rendered":"<p>Chu\u1ed7i h\u1ea1t h\u1eadu m\u00f4n linh ho\u1ea1t n\u00e0y \u0111\u01b0\u1ee3c thi\u1ebft k\u1ebf v\u1edbi s\u1ef1 tho\u1ea3i m\u00e1i v\u00e0 t\u00f2 m\u00f2 kh\u00e1m ph\u00e1 trong t\u00e2m tr\u00ed. Thi\u1ebft k\u1ebf k\u00edch th\u01b0\u1edbc t\u0103ng d\u1ea7n h\u1ed7 tr\u1ee3 vi\u1ec7c kh\u00e1m ph\u00e1 th\u01b0 gi\u00e3n theo nh\u1ecbp \u0111\u1ed9 c\u1ee7a ri\u00eang b\u1ea1n, trong khi b\u1ec1 m\u1eb7t m\u1ecbn gi\u00fap tr\u1ea3i nghi\u1ec7m tr\u1edf n\u00ean d\u1ec5 ti\u1ebfp c\u1eadn v\u00e0 d\u1ec5 t\u1eadn h\u01b0\u1edfn M\u1ed9t l\u1ef1a ch\u1ecdn linh ho\u1ea1t cho b\u1ea5t k\u1ef3 ai mu\u1ed1n kh\u00e1m ph\u00e1 nh\u1eefng c\u1ea3m gi\u00e1c m\u1edbi.<\/p>\n","protected":false},"excerpt":{"rendered":"<p>Chu\u1ed7i h\u1ea1t h\u1eadu m\u00f4n linh ho\u1ea1t n\u00e0y \u0111\u01b0\u1ee3c thi\u1ebft k\u1ebf v\u1edbi s\u1ef1 tho\u1ea3i m\u00e1i v\u00e0 t\u00f2 m\u00f2 kh\u00e1m ph\u00e1 trong t\u00e2m tr\u00ed. Thi\u1ebft k\u1ebf k\u00edch th\u01b0\u1edbc t\u0103ng d\u1ea7n h\u1ed7 tr\u1ee3&hellip;<\/p>\n","protected":false},"featured_media":62401,"comment_status":"open","ping_status":"closed","template":"","meta":{"_acf_changed":false},"product_brand":[],"product_cat":[1415],"product_tag":[],"class_list":{"0":"post-66796","1":"product","2":"type-product","3":"status-publish","4":"has-post-thumbnail","6":"product_cat-chuoi-hau-mon","8":"first","9":"instock","10":"shipping-taxable","11":"purchasable","12":"product-type-simple"},"acf":[],"yoast_head":"<!-- This site is optimized with the Yoast SEO plugin v27.1.1 - https:\/\/yoast.com\/product\/yoast-seo-wordpress\/ -->\n<title>Black Mont Power Boyfriend Chu\u1ed7i h\u1eadu m\u00f4n - Desire<\/title>\n<meta name=\"robots\" content=\"index, follow, max-snippet:-1, max-image-preview:large, max-video-preview:-1\" \/>\n<link rel=\"canonical\" href=\"https:\/\/desireonline.shop\/vi\/san-pham\/black-mont-power-boyfriend-chuoi-hau-mon\/\" \/>\n<meta property=\"og:locale\" content=\"vi_VN\" \/>\n<meta property=\"og:type\" content=\"article\" \/>\n<meta property=\"og:title\" content=\"Black Mont Power Boyfriend Chu\u1ed7i h\u1eadu m\u00f4n - Desire\" \/>\n<meta property=\"og:description\" content=\"Chu\u1ed7i h\u1ea1t h\u1eadu m\u00f4n linh ho\u1ea1t n\u00e0y \u0111\u01b0\u1ee3c thi\u1ebft k\u1ebf v\u1edbi s\u1ef1 tho\u1ea3i m\u00e1i v\u00e0 t\u00f2 m\u00f2 kh\u00e1m ph\u00e1 trong t\u00e2m tr\u00ed. Thi\u1ebft k\u1ebf k\u00edch th\u01b0\u1edbc t\u0103ng d\u1ea7n h\u1ed7 tr\u1ee3&hellip;\" \/>\n<meta property=\"og:url\" content=\"https:\/\/desireonline.shop\/vi\/san-pham\/black-mont-power-boyfriend-chuoi-hau-mon\/\" \/>\n<meta property=\"og:site_name\" content=\"Desire\" \/>\n<meta property=\"article:modified_time\" content=\"2026-03-10T05:58:39+00:00\" \/>\n<meta property=\"og:image\" content=\"https:\/\/desireonline.shop\/wp-content\/uploads\/2026\/02\/CN-491233401_00.jpg\" \/>\n\t<meta property=\"og:image:width\" content=\"1000\" \/>\n\t<meta property=\"og:image:height\" content=\"1000\" \/>\n\t<meta property=\"og:image:type\" content=\"image\/jpeg\" \/>\n<meta name=\"twitter:card\" content=\"summary_large_image\" \/>\n<meta name=\"twitter:label1\" content=\"\u01af\u1edbc t\u00ednh th\u1eddi gian \u0111\u1ecdc\" \/>\n\t<meta name=\"twitter:data1\" content=\"1 ph\u00fat\" \/>\n<script type=\"application\/ld+json\" class=\"yoast-schema-graph\">{\"@context\":\"https:\/\/schema.org\",\"@graph\":[{\"@type\":\"WebPage\",\"@id\":\"https:\/\/desireonline.shop\/vi\/san-pham\/black-mont-power-boyfriend-chuoi-hau-mon\/\",\"url\":\"https:\/\/desireonline.shop\/vi\/san-pham\/black-mont-power-boyfriend-chuoi-hau-mon\/\",\"name\":\"Black Mont Power Boyfriend Chu\u1ed7i h\u1eadu m\u00f4n - Desire\",\"isPartOf\":{\"@id\":\"https:\/\/desireonline.shop\/vi\/#website\"},\"primaryImageOfPage\":{\"@id\":\"https:\/\/desireonline.shop\/vi\/san-pham\/black-mont-power-boyfriend-chuoi-hau-mon\/#primaryimage\"},\"image\":{\"@id\":\"https:\/\/desireonline.shop\/vi\/san-pham\/black-mont-power-boyfriend-chuoi-hau-mon\/#primaryimage\"},\"thumbnailUrl\":\"https:\/\/desireonline.shop\/wp-content\/uploads\/2026\/02\/CN-491233401_00.jpg\",\"datePublished\":\"2026-02-16T11:25:00+00:00\",\"dateModified\":\"2026-03-10T05:58:39+00:00\",\"breadcrumb\":{\"@id\":\"https:\/\/desireonline.shop\/vi\/san-pham\/black-mont-power-boyfriend-chuoi-hau-mon\/#breadcrumb\"},\"inLanguage\":\"vi\",\"potentialAction\":[{\"@type\":\"ReadAction\",\"target\":[\"https:\/\/desireonline.shop\/vi\/san-pham\/black-mont-power-boyfriend-chuoi-hau-mon\/\"]}]},{\"@type\":\"ImageObject\",\"inLanguage\":\"vi\",\"@id\":\"https:\/\/desireonline.shop\/vi\/san-pham\/black-mont-power-boyfriend-chuoi-hau-mon\/#primaryimage\",\"url\":\"https:\/\/desireonline.shop\/wp-content\/uploads\/2026\/02\/CN-491233401_00.jpg\",\"contentUrl\":\"https:\/\/desireonline.shop\/wp-content\/uploads\/2026\/02\/CN-491233401_00.jpg\",\"width\":1000,\"height\":1000},{\"@type\":\"BreadcrumbList\",\"@id\":\"https:\/\/desireonline.shop\/vi\/san-pham\/black-mont-power-boyfriend-chuoi-hau-mon\/#breadcrumb\",\"itemListElement\":[{\"@type\":\"ListItem\",\"position\":1,\"name\":\"Home\",\"item\":\"https:\/\/desireonline.shop\/vi\/trang-chu\/?lang=vi\"},{\"@type\":\"ListItem\",\"position\":2,\"name\":\"T\u1ea5t c\u1ea3 s\u1ea3n ph\u1ea9m\",\"item\":\"https:\/\/desireonline.shop\/cua-hang\/?lang=vi\"},{\"@type\":\"ListItem\",\"position\":3,\"name\":\"Black Mont Power Boyfriend Chu\u1ed7i h\u1eadu m\u00f4n\"}]},{\"@type\":\"WebSite\",\"@id\":\"https:\/\/desireonline.shop\/vi\/#website\",\"url\":\"https:\/\/desireonline.shop\/vi\/\",\"name\":\"Desire\",\"description\":\"Sexual Wellness Platform\",\"publisher\":{\"@id\":\"https:\/\/desireonline.shop\/vi\/#organization\"},\"potentialAction\":[{\"@type\":\"SearchAction\",\"target\":{\"@type\":\"EntryPoint\",\"urlTemplate\":\"https:\/\/desireonline.shop\/vi\/?s={search_term_string}\"},\"query-input\":{\"@type\":\"PropertyValueSpecification\",\"valueRequired\":true,\"valueName\":\"search_term_string\"}}],\"inLanguage\":\"vi\"},{\"@type\":\"Organization\",\"@id\":\"https:\/\/desireonline.shop\/vi\/#organization\",\"name\":\"Desire\",\"url\":\"https:\/\/desireonline.shop\/vi\/\",\"logo\":{\"@type\":\"ImageObject\",\"inLanguage\":\"vi\",\"@id\":\"https:\/\/desireonline.shop\/vi\/#\/schema\/logo\/image\/\",\"url\":\"https:\/\/desireonline.shop\/wp-content\/uploads\/2024\/06\/Logo-Thick-Font-1.webp\",\"contentUrl\":\"https:\/\/desireonline.shop\/wp-content\/uploads\/2024\/06\/Logo-Thick-Font-1.webp\",\"width\":268,\"height\":399,\"caption\":\"Desire\"},\"image\":{\"@id\":\"https:\/\/desireonline.shop\/vi\/#\/schema\/logo\/image\/\"}}]}<\/script>\n<!-- \/ Yoast SEO plugin. -->","yoast_head_json":{"title":"Black Mont Power Boyfriend Chu\u1ed7i h\u1eadu m\u00f4n - Desire","robots":{"index":"index","follow":"follow","max-snippet":"max-snippet:-1","max-image-preview":"max-image-preview:large","max-video-preview":"max-video-preview:-1"},"canonical":"https:\/\/desireonline.shop\/vi\/san-pham\/black-mont-power-boyfriend-chuoi-hau-mon\/","og_locale":"vi_VN","og_type":"article","og_title":"Black Mont Power Boyfriend Chu\u1ed7i h\u1eadu m\u00f4n - Desire","og_description":"Chu\u1ed7i h\u1ea1t h\u1eadu m\u00f4n linh ho\u1ea1t n\u00e0y \u0111\u01b0\u1ee3c thi\u1ebft k\u1ebf v\u1edbi s\u1ef1 tho\u1ea3i m\u00e1i v\u00e0 t\u00f2 m\u00f2 kh\u00e1m ph\u00e1 trong t\u00e2m tr\u00ed. Thi\u1ebft k\u1ebf k\u00edch th\u01b0\u1edbc t\u0103ng d\u1ea7n h\u1ed7 tr\u1ee3&hellip;","og_url":"https:\/\/desireonline.shop\/vi\/san-pham\/black-mont-power-boyfriend-chuoi-hau-mon\/","og_site_name":"Desire","article_modified_time":"2026-03-10T05:58:39+00:00","og_image":[{"width":1000,"height":1000,"url":"https:\/\/desireonline.shop\/wp-content\/uploads\/2026\/02\/CN-491233401_00.jpg","type":"image\/jpeg"}],"twitter_card":"summary_large_image","twitter_misc":{"\u01af\u1edbc t\u00ednh th\u1eddi gian \u0111\u1ecdc":"1 ph\u00fat"},"schema":{"@context":"https:\/\/schema.org","@graph":[{"@type":"WebPage","@id":"https:\/\/desireonline.shop\/vi\/san-pham\/black-mont-power-boyfriend-chuoi-hau-mon\/","url":"https:\/\/desireonline.shop\/vi\/san-pham\/black-mont-power-boyfriend-chuoi-hau-mon\/","name":"Black Mont Power Boyfriend Chu\u1ed7i h\u1eadu m\u00f4n - Desire","isPartOf":{"@id":"https:\/\/desireonline.shop\/vi\/#website"},"primaryImageOfPage":{"@id":"https:\/\/desireonline.shop\/vi\/san-pham\/black-mont-power-boyfriend-chuoi-hau-mon\/#primaryimage"},"image":{"@id":"https:\/\/desireonline.shop\/vi\/san-pham\/black-mont-power-boyfriend-chuoi-hau-mon\/#primaryimage"},"thumbnailUrl":"https:\/\/desireonline.shop\/wp-content\/uploads\/2026\/02\/CN-491233401_00.jpg","datePublished":"2026-02-16T11:25:00+00:00","dateModified":"2026-03-10T05:58:39+00:00","breadcrumb":{"@id":"https:\/\/desireonline.shop\/vi\/san-pham\/black-mont-power-boyfriend-chuoi-hau-mon\/#breadcrumb"},"inLanguage":"vi","potentialAction":[{"@type":"ReadAction","target":["https:\/\/desireonline.shop\/vi\/san-pham\/black-mont-power-boyfriend-chuoi-hau-mon\/"]}]},{"@type":"ImageObject","inLanguage":"vi","@id":"https:\/\/desireonline.shop\/vi\/san-pham\/black-mont-power-boyfriend-chuoi-hau-mon\/#primaryimage","url":"https:\/\/desireonline.shop\/wp-content\/uploads\/2026\/02\/CN-491233401_00.jpg","contentUrl":"https:\/\/desireonline.shop\/wp-content\/uploads\/2026\/02\/CN-491233401_00.jpg","width":1000,"height":1000},{"@type":"BreadcrumbList","@id":"https:\/\/desireonline.shop\/vi\/san-pham\/black-mont-power-boyfriend-chuoi-hau-mon\/#breadcrumb","itemListElement":[{"@type":"ListItem","position":1,"name":"Home","item":"https:\/\/desireonline.shop\/vi\/trang-chu\/?lang=vi"},{"@type":"ListItem","position":2,"name":"T\u1ea5t c\u1ea3 s\u1ea3n ph\u1ea9m","item":"https:\/\/desireonline.shop\/cua-hang\/?lang=vi"},{"@type":"ListItem","position":3,"name":"Black Mont Power Boyfriend Chu\u1ed7i h\u1eadu m\u00f4n"}]},{"@type":"WebSite","@id":"https:\/\/desireonline.shop\/vi\/#website","url":"https:\/\/desireonline.shop\/vi\/","name":"Desire","description":"Sexual Wellness Platform","publisher":{"@id":"https:\/\/desireonline.shop\/vi\/#organization"},"potentialAction":[{"@type":"SearchAction","target":{"@type":"EntryPoint","urlTemplate":"https:\/\/desireonline.shop\/vi\/?s={search_term_string}"},"query-input":{"@type":"PropertyValueSpecification","valueRequired":true,"valueName":"search_term_string"}}],"inLanguage":"vi"},{"@type":"Organization","@id":"https:\/\/desireonline.shop\/vi\/#organization","name":"Desire","url":"https:\/\/desireonline.shop\/vi\/","logo":{"@type":"ImageObject","inLanguage":"vi","@id":"https:\/\/desireonline.shop\/vi\/#\/schema\/logo\/image\/","url":"https:\/\/desireonline.shop\/wp-content\/uploads\/2024\/06\/Logo-Thick-Font-1.webp","contentUrl":"https:\/\/desireonline.shop\/wp-content\/uploads\/2024\/06\/Logo-Thick-Font-1.webp","width":268,"height":399,"caption":"Desire"},"image":{"@id":"https:\/\/desireonline.shop\/vi\/#\/schema\/logo\/image\/"}}]}},"_links":{"self":[{"href":"https:\/\/desireonline.shop\/vi\/wp-json\/wp\/v2\/product\/66796","targetHints":{"allow":["GET"]}}],"collection":[{"href":"https:\/\/desireonline.shop\/vi\/wp-json\/wp\/v2\/product"}],"about":[{"href":"https:\/\/desireonline.shop\/vi\/wp-json\/wp\/v2\/types\/product"}],"replies":[{"embeddable":true,"href":"https:\/\/desireonline.shop\/vi\/wp-json\/wp\/v2\/comments?post=66796"}],"version-history":[{"count":0,"href":"https:\/\/desireonline.shop\/vi\/wp-json\/wp\/v2\/product\/66796\/revisions"}],"wp:featuredmedia":[{"embeddable":true,"href":"https:\/\/desireonline.shop\/vi\/wp-json\/wp\/v2\/media\/62401"}],"wp:attachment":[{"href":"https:\/\/desireonline.shop\/vi\/wp-json\/wp\/v2\/media?parent=66796"}],"wp:term":[{"taxonomy":"product_brand","embeddable":true,"href":"https:\/\/desireonline.shop\/vi\/wp-json\/wp\/v2\/product_brand?post=66796"},{"taxonomy":"product_cat","embeddable":true,"href":"https:\/\/desireonline.shop\/vi\/wp-json\/wp\/v2\/product_cat?post=66796"},{"taxonomy":"product_tag","embeddable":true,"href":"https:\/\/desireonline.shop\/vi\/wp-json\/wp\/v2\/product_tag?post=66796"}],"curies":[{"name":"wp","href":"https:\/\/api.w.org\/{rel}","templated":true}]}}