{"id":66809,"date":"2026-02-16T11:25:00","date_gmt":"2026-02-16T11:25:00","guid":{"rendered":"https:\/\/desireonline.shop\/product\/hi-basic-donut-rings-set-vong-deo-duong-vat-60pcs\/"},"modified":"2026-03-13T02:31:44","modified_gmt":"2026-03-13T02:31:44","slug":"hi-basic-donut-rings-set-vong-deo-duong-vat-60pcs","status":"publish","type":"product","link":"https:\/\/desireonline.shop\/vi\/san-pham\/hi-basic-donut-rings-set-vong-deo-duong-vat-60pcs\/","title":{"rendered":"HI-BASIC B\u1ed9 v\u00f2ng \u0111eo d\u01b0\u01a1ng v\u1eadt Donut 60 chi\u1ebfc"},"content":{"rendered":"<p>B\u1ed9 v\u00f2ng donut co gi\u00e3n n\u00e0y mang \u0111\u1ebfn s\u1ef1 linh ho\u1ea1t v\u00e0 ni\u1ec1m vui v\u1edbi nhi\u1ec1u l\u1ef1a ch\u1ecdn kh\u00e1c nhau. \u0110\u01b0\u1ee3c thi\u1ebft k\u1ebf \u0111\u1ec3 d\u1ec5 s\u1eed d\u1ee5ng v\u00e0 linh ho\u1ea1t, s\u1ea3n ph\u1ea9m mang l\u1ea1i nhi\u1ec1u kh\u1ea3 n\u0103ng cho vi\u1ec7c th\u1eed nghi\u1ec7m vui t\u01b0\u01a1i v\u00e0 s\u1eed d\u1ee5ng t\u1eadp trung v\u00e0o s\u1ef1 tho\u1ea3i m\u00e1i. M\u1ed9t ph\u1ee5 ki\u1ec7n thi\u1ebft th\u1ef1c, an to\u00e0n cho c\u01a1 th\u1ec3 d\u00e0nh cho nh\u1eefng ai th\u00edch s\u1ef1 \u0111a d\u1ea1ng v\u00e0 l\u1ef1a ch\u1ecdn.<\/p>\n","protected":false},"excerpt":{"rendered":"<p>B\u1ed9 v\u00f2ng donut co gi\u00e3n n\u00e0y mang \u0111\u1ebfn s\u1ef1 linh ho\u1ea1t v\u00e0 ni\u1ec1m vui v\u1edbi nhi\u1ec1u l\u1ef1a ch\u1ecdn kh\u00e1c nhau. \u0110\u01b0\u1ee3c thi\u1ebft k\u1ebf \u0111\u1ec3 d\u1ec5 s\u1eed d\u1ee5ng v\u00e0 linh ho\u1ea1t,&hellip;<\/p>\n","protected":false},"featured_media":62391,"comment_status":"open","ping_status":"closed","template":"","meta":{"_acf_changed":false},"product_brand":[],"product_cat":[1400,1403],"product_tag":[],"class_list":{"0":"post-66809","1":"product","2":"type-product","3":"status-publish","4":"has-post-thumbnail","6":"product_cat-bo-vong-deo-ho-tro","7":"product_cat-vong-deo-ho-tro-co-gian","9":"first","10":"instock","11":"shipping-taxable","12":"purchasable","13":"product-type-simple"},"acf":[],"yoast_head":"<!-- This site is optimized with the Yoast SEO plugin v27.1.1 - https:\/\/yoast.com\/product\/yoast-seo-wordpress\/ -->\n<title>HI-BASIC B\u1ed9 v\u00f2ng \u0111eo d\u01b0\u01a1ng v\u1eadt Donut 60 chi\u1ebfc - Desire<\/title>\n<meta name=\"robots\" content=\"index, follow, max-snippet:-1, max-image-preview:large, max-video-preview:-1\" \/>\n<link rel=\"canonical\" href=\"https:\/\/desireonline.shop\/vi\/san-pham\/hi-basic-donut-rings-set-vong-deo-duong-vat-60pcs\/\" \/>\n<meta property=\"og:locale\" content=\"vi_VN\" \/>\n<meta property=\"og:type\" content=\"article\" \/>\n<meta property=\"og:title\" content=\"HI-BASIC B\u1ed9 v\u00f2ng \u0111eo d\u01b0\u01a1ng v\u1eadt Donut 60 chi\u1ebfc - Desire\" \/>\n<meta property=\"og:description\" content=\"B\u1ed9 v\u00f2ng donut co gi\u00e3n n\u00e0y mang \u0111\u1ebfn s\u1ef1 linh ho\u1ea1t v\u00e0 ni\u1ec1m vui v\u1edbi nhi\u1ec1u l\u1ef1a ch\u1ecdn kh\u00e1c nhau. \u0110\u01b0\u1ee3c thi\u1ebft k\u1ebf \u0111\u1ec3 d\u1ec5 s\u1eed d\u1ee5ng v\u00e0 linh ho\u1ea1t,&hellip;\" \/>\n<meta property=\"og:url\" content=\"https:\/\/desireonline.shop\/vi\/san-pham\/hi-basic-donut-rings-set-vong-deo-duong-vat-60pcs\/\" \/>\n<meta property=\"og:site_name\" content=\"Desire\" \/>\n<meta property=\"article:modified_time\" content=\"2026-03-13T02:31:44+00:00\" \/>\n<meta property=\"og:image\" content=\"https:\/\/desireonline.shop\/wp-content\/uploads\/2026\/02\/CN-100313452_00.jpg\" \/>\n\t<meta property=\"og:image:width\" content=\"1000\" \/>\n\t<meta property=\"og:image:height\" content=\"1000\" \/>\n\t<meta property=\"og:image:type\" content=\"image\/jpeg\" \/>\n<meta name=\"twitter:card\" content=\"summary_large_image\" \/>\n<meta name=\"twitter:label1\" content=\"\u01af\u1edbc t\u00ednh th\u1eddi gian \u0111\u1ecdc\" \/>\n\t<meta name=\"twitter:data1\" content=\"1 ph\u00fat\" \/>\n<script type=\"application\/ld+json\" class=\"yoast-schema-graph\">{\"@context\":\"https:\/\/schema.org\",\"@graph\":[{\"@type\":\"WebPage\",\"@id\":\"https:\/\/desireonline.shop\/vi\/san-pham\/hi-basic-donut-rings-set-vong-deo-duong-vat-60pcs\/\",\"url\":\"https:\/\/desireonline.shop\/vi\/san-pham\/hi-basic-donut-rings-set-vong-deo-duong-vat-60pcs\/\",\"name\":\"HI-BASIC B\u1ed9 v\u00f2ng \u0111eo d\u01b0\u01a1ng v\u1eadt Donut 60 chi\u1ebfc - Desire\",\"isPartOf\":{\"@id\":\"https:\/\/desireonline.shop\/vi\/#website\"},\"primaryImageOfPage\":{\"@id\":\"https:\/\/desireonline.shop\/vi\/san-pham\/hi-basic-donut-rings-set-vong-deo-duong-vat-60pcs\/#primaryimage\"},\"image\":{\"@id\":\"https:\/\/desireonline.shop\/vi\/san-pham\/hi-basic-donut-rings-set-vong-deo-duong-vat-60pcs\/#primaryimage\"},\"thumbnailUrl\":\"https:\/\/desireonline.shop\/wp-content\/uploads\/2026\/02\/CN-100313452_00.jpg\",\"datePublished\":\"2026-02-16T11:25:00+00:00\",\"dateModified\":\"2026-03-13T02:31:44+00:00\",\"breadcrumb\":{\"@id\":\"https:\/\/desireonline.shop\/vi\/san-pham\/hi-basic-donut-rings-set-vong-deo-duong-vat-60pcs\/#breadcrumb\"},\"inLanguage\":\"vi\",\"potentialAction\":[{\"@type\":\"ReadAction\",\"target\":[\"https:\/\/desireonline.shop\/vi\/san-pham\/hi-basic-donut-rings-set-vong-deo-duong-vat-60pcs\/\"]}]},{\"@type\":\"ImageObject\",\"inLanguage\":\"vi\",\"@id\":\"https:\/\/desireonline.shop\/vi\/san-pham\/hi-basic-donut-rings-set-vong-deo-duong-vat-60pcs\/#primaryimage\",\"url\":\"https:\/\/desireonline.shop\/wp-content\/uploads\/2026\/02\/CN-100313452_00.jpg\",\"contentUrl\":\"https:\/\/desireonline.shop\/wp-content\/uploads\/2026\/02\/CN-100313452_00.jpg\",\"width\":1000,\"height\":1000},{\"@type\":\"BreadcrumbList\",\"@id\":\"https:\/\/desireonline.shop\/vi\/san-pham\/hi-basic-donut-rings-set-vong-deo-duong-vat-60pcs\/#breadcrumb\",\"itemListElement\":[{\"@type\":\"ListItem\",\"position\":1,\"name\":\"Home\",\"item\":\"https:\/\/desireonline.shop\/vi\/trang-chu\/?lang=vi\"},{\"@type\":\"ListItem\",\"position\":2,\"name\":\"T\u1ea5t c\u1ea3 s\u1ea3n ph\u1ea9m\",\"item\":\"https:\/\/desireonline.shop\/cua-hang\/?lang=vi\"},{\"@type\":\"ListItem\",\"position\":3,\"name\":\"HI-BASIC B\u1ed9 v\u00f2ng \u0111eo d\u01b0\u01a1ng v\u1eadt Donut 60 chi\u1ebfc\"}]},{\"@type\":\"WebSite\",\"@id\":\"https:\/\/desireonline.shop\/vi\/#website\",\"url\":\"https:\/\/desireonline.shop\/vi\/\",\"name\":\"Desire\",\"description\":\"Sexual Wellness Platform\",\"publisher\":{\"@id\":\"https:\/\/desireonline.shop\/vi\/#organization\"},\"potentialAction\":[{\"@type\":\"SearchAction\",\"target\":{\"@type\":\"EntryPoint\",\"urlTemplate\":\"https:\/\/desireonline.shop\/vi\/?s={search_term_string}\"},\"query-input\":{\"@type\":\"PropertyValueSpecification\",\"valueRequired\":true,\"valueName\":\"search_term_string\"}}],\"inLanguage\":\"vi\"},{\"@type\":\"Organization\",\"@id\":\"https:\/\/desireonline.shop\/vi\/#organization\",\"name\":\"Desire\",\"url\":\"https:\/\/desireonline.shop\/vi\/\",\"logo\":{\"@type\":\"ImageObject\",\"inLanguage\":\"vi\",\"@id\":\"https:\/\/desireonline.shop\/vi\/#\/schema\/logo\/image\/\",\"url\":\"https:\/\/desireonline.shop\/wp-content\/uploads\/2024\/06\/Logo-Thick-Font-1.webp\",\"contentUrl\":\"https:\/\/desireonline.shop\/wp-content\/uploads\/2024\/06\/Logo-Thick-Font-1.webp\",\"width\":268,\"height\":399,\"caption\":\"Desire\"},\"image\":{\"@id\":\"https:\/\/desireonline.shop\/vi\/#\/schema\/logo\/image\/\"}}]}<\/script>\n<!-- \/ Yoast SEO plugin. -->","yoast_head_json":{"title":"HI-BASIC B\u1ed9 v\u00f2ng \u0111eo d\u01b0\u01a1ng v\u1eadt Donut 60 chi\u1ebfc - Desire","robots":{"index":"index","follow":"follow","max-snippet":"max-snippet:-1","max-image-preview":"max-image-preview:large","max-video-preview":"max-video-preview:-1"},"canonical":"https:\/\/desireonline.shop\/vi\/san-pham\/hi-basic-donut-rings-set-vong-deo-duong-vat-60pcs\/","og_locale":"vi_VN","og_type":"article","og_title":"HI-BASIC B\u1ed9 v\u00f2ng \u0111eo d\u01b0\u01a1ng v\u1eadt Donut 60 chi\u1ebfc - Desire","og_description":"B\u1ed9 v\u00f2ng donut co gi\u00e3n n\u00e0y mang \u0111\u1ebfn s\u1ef1 linh ho\u1ea1t v\u00e0 ni\u1ec1m vui v\u1edbi nhi\u1ec1u l\u1ef1a ch\u1ecdn kh\u00e1c nhau. \u0110\u01b0\u1ee3c thi\u1ebft k\u1ebf \u0111\u1ec3 d\u1ec5 s\u1eed d\u1ee5ng v\u00e0 linh ho\u1ea1t,&hellip;","og_url":"https:\/\/desireonline.shop\/vi\/san-pham\/hi-basic-donut-rings-set-vong-deo-duong-vat-60pcs\/","og_site_name":"Desire","article_modified_time":"2026-03-13T02:31:44+00:00","og_image":[{"width":1000,"height":1000,"url":"https:\/\/desireonline.shop\/wp-content\/uploads\/2026\/02\/CN-100313452_00.jpg","type":"image\/jpeg"}],"twitter_card":"summary_large_image","twitter_misc":{"\u01af\u1edbc t\u00ednh th\u1eddi gian \u0111\u1ecdc":"1 ph\u00fat"},"schema":{"@context":"https:\/\/schema.org","@graph":[{"@type":"WebPage","@id":"https:\/\/desireonline.shop\/vi\/san-pham\/hi-basic-donut-rings-set-vong-deo-duong-vat-60pcs\/","url":"https:\/\/desireonline.shop\/vi\/san-pham\/hi-basic-donut-rings-set-vong-deo-duong-vat-60pcs\/","name":"HI-BASIC B\u1ed9 v\u00f2ng \u0111eo d\u01b0\u01a1ng v\u1eadt Donut 60 chi\u1ebfc - Desire","isPartOf":{"@id":"https:\/\/desireonline.shop\/vi\/#website"},"primaryImageOfPage":{"@id":"https:\/\/desireonline.shop\/vi\/san-pham\/hi-basic-donut-rings-set-vong-deo-duong-vat-60pcs\/#primaryimage"},"image":{"@id":"https:\/\/desireonline.shop\/vi\/san-pham\/hi-basic-donut-rings-set-vong-deo-duong-vat-60pcs\/#primaryimage"},"thumbnailUrl":"https:\/\/desireonline.shop\/wp-content\/uploads\/2026\/02\/CN-100313452_00.jpg","datePublished":"2026-02-16T11:25:00+00:00","dateModified":"2026-03-13T02:31:44+00:00","breadcrumb":{"@id":"https:\/\/desireonline.shop\/vi\/san-pham\/hi-basic-donut-rings-set-vong-deo-duong-vat-60pcs\/#breadcrumb"},"inLanguage":"vi","potentialAction":[{"@type":"ReadAction","target":["https:\/\/desireonline.shop\/vi\/san-pham\/hi-basic-donut-rings-set-vong-deo-duong-vat-60pcs\/"]}]},{"@type":"ImageObject","inLanguage":"vi","@id":"https:\/\/desireonline.shop\/vi\/san-pham\/hi-basic-donut-rings-set-vong-deo-duong-vat-60pcs\/#primaryimage","url":"https:\/\/desireonline.shop\/wp-content\/uploads\/2026\/02\/CN-100313452_00.jpg","contentUrl":"https:\/\/desireonline.shop\/wp-content\/uploads\/2026\/02\/CN-100313452_00.jpg","width":1000,"height":1000},{"@type":"BreadcrumbList","@id":"https:\/\/desireonline.shop\/vi\/san-pham\/hi-basic-donut-rings-set-vong-deo-duong-vat-60pcs\/#breadcrumb","itemListElement":[{"@type":"ListItem","position":1,"name":"Home","item":"https:\/\/desireonline.shop\/vi\/trang-chu\/?lang=vi"},{"@type":"ListItem","position":2,"name":"T\u1ea5t c\u1ea3 s\u1ea3n ph\u1ea9m","item":"https:\/\/desireonline.shop\/cua-hang\/?lang=vi"},{"@type":"ListItem","position":3,"name":"HI-BASIC B\u1ed9 v\u00f2ng \u0111eo d\u01b0\u01a1ng v\u1eadt Donut 60 chi\u1ebfc"}]},{"@type":"WebSite","@id":"https:\/\/desireonline.shop\/vi\/#website","url":"https:\/\/desireonline.shop\/vi\/","name":"Desire","description":"Sexual Wellness Platform","publisher":{"@id":"https:\/\/desireonline.shop\/vi\/#organization"},"potentialAction":[{"@type":"SearchAction","target":{"@type":"EntryPoint","urlTemplate":"https:\/\/desireonline.shop\/vi\/?s={search_term_string}"},"query-input":{"@type":"PropertyValueSpecification","valueRequired":true,"valueName":"search_term_string"}}],"inLanguage":"vi"},{"@type":"Organization","@id":"https:\/\/desireonline.shop\/vi\/#organization","name":"Desire","url":"https:\/\/desireonline.shop\/vi\/","logo":{"@type":"ImageObject","inLanguage":"vi","@id":"https:\/\/desireonline.shop\/vi\/#\/schema\/logo\/image\/","url":"https:\/\/desireonline.shop\/wp-content\/uploads\/2024\/06\/Logo-Thick-Font-1.webp","contentUrl":"https:\/\/desireonline.shop\/wp-content\/uploads\/2024\/06\/Logo-Thick-Font-1.webp","width":268,"height":399,"caption":"Desire"},"image":{"@id":"https:\/\/desireonline.shop\/vi\/#\/schema\/logo\/image\/"}}]}},"_links":{"self":[{"href":"https:\/\/desireonline.shop\/vi\/wp-json\/wp\/v2\/product\/66809","targetHints":{"allow":["GET"]}}],"collection":[{"href":"https:\/\/desireonline.shop\/vi\/wp-json\/wp\/v2\/product"}],"about":[{"href":"https:\/\/desireonline.shop\/vi\/wp-json\/wp\/v2\/types\/product"}],"replies":[{"embeddable":true,"href":"https:\/\/desireonline.shop\/vi\/wp-json\/wp\/v2\/comments?post=66809"}],"version-history":[{"count":0,"href":"https:\/\/desireonline.shop\/vi\/wp-json\/wp\/v2\/product\/66809\/revisions"}],"wp:featuredmedia":[{"embeddable":true,"href":"https:\/\/desireonline.shop\/vi\/wp-json\/wp\/v2\/media\/62391"}],"wp:attachment":[{"href":"https:\/\/desireonline.shop\/vi\/wp-json\/wp\/v2\/media?parent=66809"}],"wp:term":[{"taxonomy":"product_brand","embeddable":true,"href":"https:\/\/desireonline.shop\/vi\/wp-json\/wp\/v2\/product_brand?post=66809"},{"taxonomy":"product_cat","embeddable":true,"href":"https:\/\/desireonline.shop\/vi\/wp-json\/wp\/v2\/product_cat?post=66809"},{"taxonomy":"product_tag","embeddable":true,"href":"https:\/\/desireonline.shop\/vi\/wp-json\/wp\/v2\/product_tag?post=66809"}],"curies":[{"name":"wp","href":"https:\/\/api.w.org\/{rel}","templated":true}]}}