{"id":66814,"date":"2026-02-16T11:25:00","date_gmt":"2026-02-16T11:25:00","guid":{"rendered":"https:\/\/desireonline.shop\/product\/hi-basic-luv-punish-cuffs\/"},"modified":"2026-03-10T06:31:59","modified_gmt":"2026-03-10T06:31:59","slug":"hi-basic-luv-punish-cuffs","status":"publish","type":"product","link":"https:\/\/desireonline.shop\/vi\/san-pham\/hi-basic-luv-punish-cuffs\/","title":{"rendered":"HI-BASIC Luv Punish Cuffs"},"content":{"rendered":"<p>Nh\u1eefng chi\u1ebfc c\u00f2ng tay thanh l\u1ecbch v\u00e0 \u0111\u01a1n gi\u1ea3n n\u00e0y \u0111\u01b0\u1ee3c thi\u1ebft k\u1ebf cho s\u1ef1 ki\u1ec3m so\u00e1t vui t\u01b0\u01a1i v\u00e0 ni\u1ec1m tin \u0111\u01b0\u1ee3c chia s\u1ebb. D\u1ec5 s\u1eed d\u1ee5ng v\u00e0 \u0111i\u1ec1u ch\u1ec9nh, s\u1ea3n ph\u1ea9m l\u00fd t\u01b0\u1edfng cho c\u00e1c c\u1eb7p \u0111\u00f4i t\u00f2 m\u00f2 mu\u1ed1n th\u00eam m\u1ed9t l\u1edbp h\u1ee9ng kh\u1edfi m\u1edbi v\u00e0o s\u1ef1 k\u1ebft n\u1ed1i c\u1ee7a h\u1ecd. M\u1ed9t b\u01b0\u1edbc t\u1ef1 tin \u0111\u1ec3 kh\u00e1m ph\u00e1 nh\u1eefng tr\u1ea3i nghi\u1ec7m nh\u1eb9 nh\u00e0ng.<\/p>\n","protected":false},"excerpt":{"rendered":"<p>Nh\u1eefng chi\u1ebfc c\u00f2ng tay thanh l\u1ecbch v\u00e0 \u0111\u01a1n gi\u1ea3n n\u00e0y \u0111\u01b0\u1ee3c thi\u1ebft k\u1ebf cho s\u1ef1 ki\u1ec3m so\u00e1t vui t\u01b0\u01a1i v\u00e0 ni\u1ec1m tin \u0111\u01b0\u1ee3c chia s\u1ebb. D\u1ec5 s\u1eed d\u1ee5ng v\u00e0 \u0111i\u1ec1u&hellip;<\/p>\n","protected":false},"featured_media":62384,"comment_status":"open","ping_status":"closed","template":"","meta":{"_acf_changed":false},"product_brand":[],"product_cat":[1356],"product_tag":[],"class_list":{"0":"post-66814","1":"product","2":"type-product","3":"status-publish","4":"has-post-thumbnail","6":"product_cat-cong-tay","8":"first","9":"instock","10":"shipping-taxable","11":"purchasable","12":"product-type-simple"},"acf":[],"yoast_head":"<!-- This site is optimized with the Yoast SEO plugin v27.1.1 - https:\/\/yoast.com\/product\/yoast-seo-wordpress\/ -->\n<title>HI-BASIC Luv Punish Cuffs - Desire<\/title>\n<meta name=\"robots\" content=\"index, follow, max-snippet:-1, max-image-preview:large, max-video-preview:-1\" \/>\n<link rel=\"canonical\" href=\"https:\/\/desireonline.shop\/vi\/san-pham\/hi-basic-luv-punish-cuffs\/\" \/>\n<meta property=\"og:locale\" content=\"vi_VN\" \/>\n<meta property=\"og:type\" content=\"article\" \/>\n<meta property=\"og:title\" content=\"HI-BASIC Luv Punish Cuffs - Desire\" \/>\n<meta property=\"og:description\" content=\"Nh\u1eefng chi\u1ebfc c\u00f2ng tay thanh l\u1ecbch v\u00e0 \u0111\u01a1n gi\u1ea3n n\u00e0y \u0111\u01b0\u1ee3c thi\u1ebft k\u1ebf cho s\u1ef1 ki\u1ec3m so\u00e1t vui t\u01b0\u01a1i v\u00e0 ni\u1ec1m tin \u0111\u01b0\u1ee3c chia s\u1ebb. D\u1ec5 s\u1eed d\u1ee5ng v\u00e0 \u0111i\u1ec1u&hellip;\" \/>\n<meta property=\"og:url\" content=\"https:\/\/desireonline.shop\/vi\/san-pham\/hi-basic-luv-punish-cuffs\/\" \/>\n<meta property=\"og:site_name\" content=\"Desire\" \/>\n<meta property=\"article:modified_time\" content=\"2026-03-10T06:31:59+00:00\" \/>\n<meta property=\"og:image\" content=\"https:\/\/desireonline.shop\/wp-content\/uploads\/2026\/02\/CN-632143542_00.jpg\" \/>\n\t<meta property=\"og:image:width\" content=\"1000\" \/>\n\t<meta property=\"og:image:height\" content=\"1000\" \/>\n\t<meta property=\"og:image:type\" content=\"image\/jpeg\" \/>\n<meta name=\"twitter:card\" content=\"summary_large_image\" \/>\n<meta name=\"twitter:label1\" content=\"\u01af\u1edbc t\u00ednh th\u1eddi gian \u0111\u1ecdc\" \/>\n\t<meta name=\"twitter:data1\" content=\"1 ph\u00fat\" \/>\n<script type=\"application\/ld+json\" class=\"yoast-schema-graph\">{\"@context\":\"https:\/\/schema.org\",\"@graph\":[{\"@type\":\"WebPage\",\"@id\":\"https:\/\/desireonline.shop\/vi\/san-pham\/hi-basic-luv-punish-cuffs\/\",\"url\":\"https:\/\/desireonline.shop\/vi\/san-pham\/hi-basic-luv-punish-cuffs\/\",\"name\":\"HI-BASIC Luv Punish Cuffs - Desire\",\"isPartOf\":{\"@id\":\"https:\/\/desireonline.shop\/vi\/#website\"},\"primaryImageOfPage\":{\"@id\":\"https:\/\/desireonline.shop\/vi\/san-pham\/hi-basic-luv-punish-cuffs\/#primaryimage\"},\"image\":{\"@id\":\"https:\/\/desireonline.shop\/vi\/san-pham\/hi-basic-luv-punish-cuffs\/#primaryimage\"},\"thumbnailUrl\":\"https:\/\/desireonline.shop\/wp-content\/uploads\/2026\/02\/CN-632143542_00.jpg\",\"datePublished\":\"2026-02-16T11:25:00+00:00\",\"dateModified\":\"2026-03-10T06:31:59+00:00\",\"breadcrumb\":{\"@id\":\"https:\/\/desireonline.shop\/vi\/san-pham\/hi-basic-luv-punish-cuffs\/#breadcrumb\"},\"inLanguage\":\"vi\",\"potentialAction\":[{\"@type\":\"ReadAction\",\"target\":[\"https:\/\/desireonline.shop\/vi\/san-pham\/hi-basic-luv-punish-cuffs\/\"]}]},{\"@type\":\"ImageObject\",\"inLanguage\":\"vi\",\"@id\":\"https:\/\/desireonline.shop\/vi\/san-pham\/hi-basic-luv-punish-cuffs\/#primaryimage\",\"url\":\"https:\/\/desireonline.shop\/wp-content\/uploads\/2026\/02\/CN-632143542_00.jpg\",\"contentUrl\":\"https:\/\/desireonline.shop\/wp-content\/uploads\/2026\/02\/CN-632143542_00.jpg\",\"width\":1000,\"height\":1000},{\"@type\":\"BreadcrumbList\",\"@id\":\"https:\/\/desireonline.shop\/vi\/san-pham\/hi-basic-luv-punish-cuffs\/#breadcrumb\",\"itemListElement\":[{\"@type\":\"ListItem\",\"position\":1,\"name\":\"Home\",\"item\":\"https:\/\/desireonline.shop\/vi\/trang-chu\/?lang=vi\"},{\"@type\":\"ListItem\",\"position\":2,\"name\":\"T\u1ea5t c\u1ea3 s\u1ea3n ph\u1ea9m\",\"item\":\"https:\/\/desireonline.shop\/cua-hang\/?lang=vi\"},{\"@type\":\"ListItem\",\"position\":3,\"name\":\"HI-BASIC Luv Punish Cuffs\"}]},{\"@type\":\"WebSite\",\"@id\":\"https:\/\/desireonline.shop\/vi\/#website\",\"url\":\"https:\/\/desireonline.shop\/vi\/\",\"name\":\"Desire\",\"description\":\"Sexual Wellness Platform\",\"publisher\":{\"@id\":\"https:\/\/desireonline.shop\/vi\/#organization\"},\"potentialAction\":[{\"@type\":\"SearchAction\",\"target\":{\"@type\":\"EntryPoint\",\"urlTemplate\":\"https:\/\/desireonline.shop\/vi\/?s={search_term_string}\"},\"query-input\":{\"@type\":\"PropertyValueSpecification\",\"valueRequired\":true,\"valueName\":\"search_term_string\"}}],\"inLanguage\":\"vi\"},{\"@type\":\"Organization\",\"@id\":\"https:\/\/desireonline.shop\/vi\/#organization\",\"name\":\"Desire\",\"url\":\"https:\/\/desireonline.shop\/vi\/\",\"logo\":{\"@type\":\"ImageObject\",\"inLanguage\":\"vi\",\"@id\":\"https:\/\/desireonline.shop\/vi\/#\/schema\/logo\/image\/\",\"url\":\"https:\/\/desireonline.shop\/wp-content\/uploads\/2024\/06\/Logo-Thick-Font-1.webp\",\"contentUrl\":\"https:\/\/desireonline.shop\/wp-content\/uploads\/2024\/06\/Logo-Thick-Font-1.webp\",\"width\":268,\"height\":399,\"caption\":\"Desire\"},\"image\":{\"@id\":\"https:\/\/desireonline.shop\/vi\/#\/schema\/logo\/image\/\"}}]}<\/script>\n<!-- \/ Yoast SEO plugin. -->","yoast_head_json":{"title":"HI-BASIC Luv Punish Cuffs - Desire","robots":{"index":"index","follow":"follow","max-snippet":"max-snippet:-1","max-image-preview":"max-image-preview:large","max-video-preview":"max-video-preview:-1"},"canonical":"https:\/\/desireonline.shop\/vi\/san-pham\/hi-basic-luv-punish-cuffs\/","og_locale":"vi_VN","og_type":"article","og_title":"HI-BASIC Luv Punish Cuffs - Desire","og_description":"Nh\u1eefng chi\u1ebfc c\u00f2ng tay thanh l\u1ecbch v\u00e0 \u0111\u01a1n gi\u1ea3n n\u00e0y \u0111\u01b0\u1ee3c thi\u1ebft k\u1ebf cho s\u1ef1 ki\u1ec3m so\u00e1t vui t\u01b0\u01a1i v\u00e0 ni\u1ec1m tin \u0111\u01b0\u1ee3c chia s\u1ebb. D\u1ec5 s\u1eed d\u1ee5ng v\u00e0 \u0111i\u1ec1u&hellip;","og_url":"https:\/\/desireonline.shop\/vi\/san-pham\/hi-basic-luv-punish-cuffs\/","og_site_name":"Desire","article_modified_time":"2026-03-10T06:31:59+00:00","og_image":[{"width":1000,"height":1000,"url":"https:\/\/desireonline.shop\/wp-content\/uploads\/2026\/02\/CN-632143542_00.jpg","type":"image\/jpeg"}],"twitter_card":"summary_large_image","twitter_misc":{"\u01af\u1edbc t\u00ednh th\u1eddi gian \u0111\u1ecdc":"1 ph\u00fat"},"schema":{"@context":"https:\/\/schema.org","@graph":[{"@type":"WebPage","@id":"https:\/\/desireonline.shop\/vi\/san-pham\/hi-basic-luv-punish-cuffs\/","url":"https:\/\/desireonline.shop\/vi\/san-pham\/hi-basic-luv-punish-cuffs\/","name":"HI-BASIC Luv Punish Cuffs - Desire","isPartOf":{"@id":"https:\/\/desireonline.shop\/vi\/#website"},"primaryImageOfPage":{"@id":"https:\/\/desireonline.shop\/vi\/san-pham\/hi-basic-luv-punish-cuffs\/#primaryimage"},"image":{"@id":"https:\/\/desireonline.shop\/vi\/san-pham\/hi-basic-luv-punish-cuffs\/#primaryimage"},"thumbnailUrl":"https:\/\/desireonline.shop\/wp-content\/uploads\/2026\/02\/CN-632143542_00.jpg","datePublished":"2026-02-16T11:25:00+00:00","dateModified":"2026-03-10T06:31:59+00:00","breadcrumb":{"@id":"https:\/\/desireonline.shop\/vi\/san-pham\/hi-basic-luv-punish-cuffs\/#breadcrumb"},"inLanguage":"vi","potentialAction":[{"@type":"ReadAction","target":["https:\/\/desireonline.shop\/vi\/san-pham\/hi-basic-luv-punish-cuffs\/"]}]},{"@type":"ImageObject","inLanguage":"vi","@id":"https:\/\/desireonline.shop\/vi\/san-pham\/hi-basic-luv-punish-cuffs\/#primaryimage","url":"https:\/\/desireonline.shop\/wp-content\/uploads\/2026\/02\/CN-632143542_00.jpg","contentUrl":"https:\/\/desireonline.shop\/wp-content\/uploads\/2026\/02\/CN-632143542_00.jpg","width":1000,"height":1000},{"@type":"BreadcrumbList","@id":"https:\/\/desireonline.shop\/vi\/san-pham\/hi-basic-luv-punish-cuffs\/#breadcrumb","itemListElement":[{"@type":"ListItem","position":1,"name":"Home","item":"https:\/\/desireonline.shop\/vi\/trang-chu\/?lang=vi"},{"@type":"ListItem","position":2,"name":"T\u1ea5t c\u1ea3 s\u1ea3n ph\u1ea9m","item":"https:\/\/desireonline.shop\/cua-hang\/?lang=vi"},{"@type":"ListItem","position":3,"name":"HI-BASIC Luv Punish Cuffs"}]},{"@type":"WebSite","@id":"https:\/\/desireonline.shop\/vi\/#website","url":"https:\/\/desireonline.shop\/vi\/","name":"Desire","description":"Sexual Wellness Platform","publisher":{"@id":"https:\/\/desireonline.shop\/vi\/#organization"},"potentialAction":[{"@type":"SearchAction","target":{"@type":"EntryPoint","urlTemplate":"https:\/\/desireonline.shop\/vi\/?s={search_term_string}"},"query-input":{"@type":"PropertyValueSpecification","valueRequired":true,"valueName":"search_term_string"}}],"inLanguage":"vi"},{"@type":"Organization","@id":"https:\/\/desireonline.shop\/vi\/#organization","name":"Desire","url":"https:\/\/desireonline.shop\/vi\/","logo":{"@type":"ImageObject","inLanguage":"vi","@id":"https:\/\/desireonline.shop\/vi\/#\/schema\/logo\/image\/","url":"https:\/\/desireonline.shop\/wp-content\/uploads\/2024\/06\/Logo-Thick-Font-1.webp","contentUrl":"https:\/\/desireonline.shop\/wp-content\/uploads\/2024\/06\/Logo-Thick-Font-1.webp","width":268,"height":399,"caption":"Desire"},"image":{"@id":"https:\/\/desireonline.shop\/vi\/#\/schema\/logo\/image\/"}}]}},"_links":{"self":[{"href":"https:\/\/desireonline.shop\/vi\/wp-json\/wp\/v2\/product\/66814","targetHints":{"allow":["GET"]}}],"collection":[{"href":"https:\/\/desireonline.shop\/vi\/wp-json\/wp\/v2\/product"}],"about":[{"href":"https:\/\/desireonline.shop\/vi\/wp-json\/wp\/v2\/types\/product"}],"replies":[{"embeddable":true,"href":"https:\/\/desireonline.shop\/vi\/wp-json\/wp\/v2\/comments?post=66814"}],"version-history":[{"count":0,"href":"https:\/\/desireonline.shop\/vi\/wp-json\/wp\/v2\/product\/66814\/revisions"}],"wp:featuredmedia":[{"embeddable":true,"href":"https:\/\/desireonline.shop\/vi\/wp-json\/wp\/v2\/media\/62384"}],"wp:attachment":[{"href":"https:\/\/desireonline.shop\/vi\/wp-json\/wp\/v2\/media?parent=66814"}],"wp:term":[{"taxonomy":"product_brand","embeddable":true,"href":"https:\/\/desireonline.shop\/vi\/wp-json\/wp\/v2\/product_brand?post=66814"},{"taxonomy":"product_cat","embeddable":true,"href":"https:\/\/desireonline.shop\/vi\/wp-json\/wp\/v2\/product_cat?post=66814"},{"taxonomy":"product_tag","embeddable":true,"href":"https:\/\/desireonline.shop\/vi\/wp-json\/wp\/v2\/product_tag?post=66814"}],"curies":[{"name":"wp","href":"https:\/\/api.w.org\/{rel}","templated":true}]}}