{"id":66828,"date":"2026-02-16T11:26:00","date_gmt":"2026-02-16T11:26:00","guid":{"rendered":"https:\/\/desireonline.shop\/product\/black-mont-he-thong-thut-rua-hau-mon-voi-sen-sau\/"},"modified":"2026-03-10T06:32:00","modified_gmt":"2026-03-10T06:32:00","slug":"black-mont-he-thong-thut-rua-hau-mon-voi-sen-sau","status":"publish","type":"product","link":"https:\/\/desireonline.shop\/vi\/san-pham\/black-mont-he-thong-thut-rua-hau-mon-voi-sen-sau\/","title":{"rendered":"Black Mont H\u1ec7 th\u1ed1ng th\u1ee5t r\u1eeda h\u1eadu m\u00f4n v\u00f2i sen s\u00e2u"},"content":{"rendered":"<p>H\u1ec7 th\u1ed1ng th\u1ee5t r\u1eeda h\u1eadu m\u00f4n d\u00f9ng cho v\u00f2i sen n\u00e0y \u0111\u01b0\u1ee3c thi\u1ebft k\u1ebf \u0111\u1ec3 gi\u00fap b\u1ea1n c\u1ea3m th\u1ea5y s\u1ea1ch s\u1ebd v\u00e0 s\u1eb5n s\u00e0ng. \u0110\u01b0\u1ee3c thi\u1ebft k\u1ebf cho vi\u1ec7c s\u1eed d\u1ee5ng \u0111\u01a1n gi\u1ea3n t\u1ea1i nh\u00e0, s\u1ea3n ph\u1ea9m h\u1ed7 tr\u1ee3 th\u00f3i quen ch\u0103m s\u00f3c c\u00e1 nh\u00e2n m\u1ed9t c\u00e1ch tho\u1ea3i m\u00e1i v\u00e0 d\u1ec5 d\u00e0ng. M\u1ed9t ph\u1ee5 ki\u1ec7n thi\u1ebft th\u1ef1c gi\u00fap b\u1ea1n t\u1eadp trung v\u00e0o s\u1ef1 th\u01b0 gi\u00e3n v\u00e0 t\u1eadn h\u01b0\u1edfng, thay v\u00ec kh\u00e2u chu\u1ea9n b\u1ecb.<\/p>\n","protected":false},"excerpt":{"rendered":"<p>H\u1ec7 th\u1ed1ng th\u1ee5t r\u1eeda h\u1eadu m\u00f4n d\u00f9ng cho v\u00f2i sen n\u00e0y \u0111\u01b0\u1ee3c thi\u1ebft k\u1ebf \u0111\u1ec3 gi\u00fap b\u1ea1n c\u1ea3m th\u1ea5y s\u1ea1ch s\u1ebd v\u00e0 s\u1eb5n s\u00e0ng. \u0110\u01b0\u1ee3c thi\u1ebft k\u1ebf cho vi\u1ec7c s\u1eed&hellip;<\/p>\n","protected":false},"featured_media":62431,"comment_status":"open","ping_status":"closed","template":"","meta":{"_acf_changed":false},"product_brand":[],"product_cat":[1341,1417],"product_tag":[],"class_list":{"0":"post-66828","1":"product","2":"type-product","3":"status-publish","4":"has-post-thumbnail","6":"product_cat-for-men","7":"product_cat-dung-cu-ve-sinh-thut-rua","9":"first","10":"instock","11":"shipping-taxable","12":"purchasable","13":"product-type-simple"},"acf":[],"yoast_head":"<!-- This site is optimized with the Yoast SEO plugin v27.1.1 - https:\/\/yoast.com\/product\/yoast-seo-wordpress\/ -->\n<title>Black Mont H\u1ec7 th\u1ed1ng th\u1ee5t r\u1eeda h\u1eadu m\u00f4n v\u00f2i sen s\u00e2u - Desire<\/title>\n<meta name=\"robots\" content=\"index, follow, max-snippet:-1, max-image-preview:large, max-video-preview:-1\" \/>\n<link rel=\"canonical\" href=\"https:\/\/desireonline.shop\/vi\/san-pham\/black-mont-he-thong-thut-rua-hau-mon-voi-sen-sau\/\" \/>\n<meta property=\"og:locale\" content=\"vi_VN\" \/>\n<meta property=\"og:type\" content=\"article\" \/>\n<meta property=\"og:title\" content=\"Black Mont H\u1ec7 th\u1ed1ng th\u1ee5t r\u1eeda h\u1eadu m\u00f4n v\u00f2i sen s\u00e2u - Desire\" \/>\n<meta property=\"og:description\" content=\"H\u1ec7 th\u1ed1ng th\u1ee5t r\u1eeda h\u1eadu m\u00f4n d\u00f9ng cho v\u00f2i sen n\u00e0y \u0111\u01b0\u1ee3c thi\u1ebft k\u1ebf \u0111\u1ec3 gi\u00fap b\u1ea1n c\u1ea3m th\u1ea5y s\u1ea1ch s\u1ebd v\u00e0 s\u1eb5n s\u00e0ng. \u0110\u01b0\u1ee3c thi\u1ebft k\u1ebf cho vi\u1ec7c s\u1eed&hellip;\" \/>\n<meta property=\"og:url\" content=\"https:\/\/desireonline.shop\/vi\/san-pham\/black-mont-he-thong-thut-rua-hau-mon-voi-sen-sau\/\" \/>\n<meta property=\"og:site_name\" content=\"Desire\" \/>\n<meta property=\"article:modified_time\" content=\"2026-03-10T06:32:00+00:00\" \/>\n<meta property=\"og:image\" content=\"https:\/\/desireonline.shop\/wp-content\/uploads\/2026\/02\/CN-738332310_00.jpg\" \/>\n\t<meta property=\"og:image:width\" content=\"1000\" \/>\n\t<meta property=\"og:image:height\" content=\"1000\" \/>\n\t<meta property=\"og:image:type\" content=\"image\/jpeg\" \/>\n<meta name=\"twitter:card\" content=\"summary_large_image\" \/>\n<meta name=\"twitter:label1\" content=\"\u01af\u1edbc t\u00ednh th\u1eddi gian \u0111\u1ecdc\" \/>\n\t<meta name=\"twitter:data1\" content=\"1 ph\u00fat\" \/>\n<script type=\"application\/ld+json\" class=\"yoast-schema-graph\">{\"@context\":\"https:\/\/schema.org\",\"@graph\":[{\"@type\":\"WebPage\",\"@id\":\"https:\/\/desireonline.shop\/vi\/san-pham\/black-mont-he-thong-thut-rua-hau-mon-voi-sen-sau\/\",\"url\":\"https:\/\/desireonline.shop\/vi\/san-pham\/black-mont-he-thong-thut-rua-hau-mon-voi-sen-sau\/\",\"name\":\"Black Mont H\u1ec7 th\u1ed1ng th\u1ee5t r\u1eeda h\u1eadu m\u00f4n v\u00f2i sen s\u00e2u - Desire\",\"isPartOf\":{\"@id\":\"https:\/\/desireonline.shop\/vi\/#website\"},\"primaryImageOfPage\":{\"@id\":\"https:\/\/desireonline.shop\/vi\/san-pham\/black-mont-he-thong-thut-rua-hau-mon-voi-sen-sau\/#primaryimage\"},\"image\":{\"@id\":\"https:\/\/desireonline.shop\/vi\/san-pham\/black-mont-he-thong-thut-rua-hau-mon-voi-sen-sau\/#primaryimage\"},\"thumbnailUrl\":\"https:\/\/desireonline.shop\/wp-content\/uploads\/2026\/02\/CN-738332310_00.jpg\",\"datePublished\":\"2026-02-16T11:26:00+00:00\",\"dateModified\":\"2026-03-10T06:32:00+00:00\",\"breadcrumb\":{\"@id\":\"https:\/\/desireonline.shop\/vi\/san-pham\/black-mont-he-thong-thut-rua-hau-mon-voi-sen-sau\/#breadcrumb\"},\"inLanguage\":\"vi\",\"potentialAction\":[{\"@type\":\"ReadAction\",\"target\":[\"https:\/\/desireonline.shop\/vi\/san-pham\/black-mont-he-thong-thut-rua-hau-mon-voi-sen-sau\/\"]}]},{\"@type\":\"ImageObject\",\"inLanguage\":\"vi\",\"@id\":\"https:\/\/desireonline.shop\/vi\/san-pham\/black-mont-he-thong-thut-rua-hau-mon-voi-sen-sau\/#primaryimage\",\"url\":\"https:\/\/desireonline.shop\/wp-content\/uploads\/2026\/02\/CN-738332310_00.jpg\",\"contentUrl\":\"https:\/\/desireonline.shop\/wp-content\/uploads\/2026\/02\/CN-738332310_00.jpg\",\"width\":1000,\"height\":1000},{\"@type\":\"BreadcrumbList\",\"@id\":\"https:\/\/desireonline.shop\/vi\/san-pham\/black-mont-he-thong-thut-rua-hau-mon-voi-sen-sau\/#breadcrumb\",\"itemListElement\":[{\"@type\":\"ListItem\",\"position\":1,\"name\":\"Home\",\"item\":\"https:\/\/desireonline.shop\/vi\/trang-chu\/?lang=vi\"},{\"@type\":\"ListItem\",\"position\":2,\"name\":\"T\u1ea5t c\u1ea3 s\u1ea3n ph\u1ea9m\",\"item\":\"https:\/\/desireonline.shop\/cua-hang\/?lang=vi\"},{\"@type\":\"ListItem\",\"position\":3,\"name\":\"Black Mont H\u1ec7 th\u1ed1ng th\u1ee5t r\u1eeda h\u1eadu m\u00f4n v\u00f2i sen s\u00e2u\"}]},{\"@type\":\"WebSite\",\"@id\":\"https:\/\/desireonline.shop\/vi\/#website\",\"url\":\"https:\/\/desireonline.shop\/vi\/\",\"name\":\"Desire\",\"description\":\"Sexual Wellness Platform\",\"publisher\":{\"@id\":\"https:\/\/desireonline.shop\/vi\/#organization\"},\"potentialAction\":[{\"@type\":\"SearchAction\",\"target\":{\"@type\":\"EntryPoint\",\"urlTemplate\":\"https:\/\/desireonline.shop\/vi\/?s={search_term_string}\"},\"query-input\":{\"@type\":\"PropertyValueSpecification\",\"valueRequired\":true,\"valueName\":\"search_term_string\"}}],\"inLanguage\":\"vi\"},{\"@type\":\"Organization\",\"@id\":\"https:\/\/desireonline.shop\/vi\/#organization\",\"name\":\"Desire\",\"url\":\"https:\/\/desireonline.shop\/vi\/\",\"logo\":{\"@type\":\"ImageObject\",\"inLanguage\":\"vi\",\"@id\":\"https:\/\/desireonline.shop\/vi\/#\/schema\/logo\/image\/\",\"url\":\"https:\/\/desireonline.shop\/wp-content\/uploads\/2024\/06\/Logo-Thick-Font-1.webp\",\"contentUrl\":\"https:\/\/desireonline.shop\/wp-content\/uploads\/2024\/06\/Logo-Thick-Font-1.webp\",\"width\":268,\"height\":399,\"caption\":\"Desire\"},\"image\":{\"@id\":\"https:\/\/desireonline.shop\/vi\/#\/schema\/logo\/image\/\"}}]}<\/script>\n<!-- \/ Yoast SEO plugin. -->","yoast_head_json":{"title":"Black Mont H\u1ec7 th\u1ed1ng th\u1ee5t r\u1eeda h\u1eadu m\u00f4n v\u00f2i sen s\u00e2u - Desire","robots":{"index":"index","follow":"follow","max-snippet":"max-snippet:-1","max-image-preview":"max-image-preview:large","max-video-preview":"max-video-preview:-1"},"canonical":"https:\/\/desireonline.shop\/vi\/san-pham\/black-mont-he-thong-thut-rua-hau-mon-voi-sen-sau\/","og_locale":"vi_VN","og_type":"article","og_title":"Black Mont H\u1ec7 th\u1ed1ng th\u1ee5t r\u1eeda h\u1eadu m\u00f4n v\u00f2i sen s\u00e2u - Desire","og_description":"H\u1ec7 th\u1ed1ng th\u1ee5t r\u1eeda h\u1eadu m\u00f4n d\u00f9ng cho v\u00f2i sen n\u00e0y \u0111\u01b0\u1ee3c thi\u1ebft k\u1ebf \u0111\u1ec3 gi\u00fap b\u1ea1n c\u1ea3m th\u1ea5y s\u1ea1ch s\u1ebd v\u00e0 s\u1eb5n s\u00e0ng. \u0110\u01b0\u1ee3c thi\u1ebft k\u1ebf cho vi\u1ec7c s\u1eed&hellip;","og_url":"https:\/\/desireonline.shop\/vi\/san-pham\/black-mont-he-thong-thut-rua-hau-mon-voi-sen-sau\/","og_site_name":"Desire","article_modified_time":"2026-03-10T06:32:00+00:00","og_image":[{"width":1000,"height":1000,"url":"https:\/\/desireonline.shop\/wp-content\/uploads\/2026\/02\/CN-738332310_00.jpg","type":"image\/jpeg"}],"twitter_card":"summary_large_image","twitter_misc":{"\u01af\u1edbc t\u00ednh th\u1eddi gian \u0111\u1ecdc":"1 ph\u00fat"},"schema":{"@context":"https:\/\/schema.org","@graph":[{"@type":"WebPage","@id":"https:\/\/desireonline.shop\/vi\/san-pham\/black-mont-he-thong-thut-rua-hau-mon-voi-sen-sau\/","url":"https:\/\/desireonline.shop\/vi\/san-pham\/black-mont-he-thong-thut-rua-hau-mon-voi-sen-sau\/","name":"Black Mont H\u1ec7 th\u1ed1ng th\u1ee5t r\u1eeda h\u1eadu m\u00f4n v\u00f2i sen s\u00e2u - Desire","isPartOf":{"@id":"https:\/\/desireonline.shop\/vi\/#website"},"primaryImageOfPage":{"@id":"https:\/\/desireonline.shop\/vi\/san-pham\/black-mont-he-thong-thut-rua-hau-mon-voi-sen-sau\/#primaryimage"},"image":{"@id":"https:\/\/desireonline.shop\/vi\/san-pham\/black-mont-he-thong-thut-rua-hau-mon-voi-sen-sau\/#primaryimage"},"thumbnailUrl":"https:\/\/desireonline.shop\/wp-content\/uploads\/2026\/02\/CN-738332310_00.jpg","datePublished":"2026-02-16T11:26:00+00:00","dateModified":"2026-03-10T06:32:00+00:00","breadcrumb":{"@id":"https:\/\/desireonline.shop\/vi\/san-pham\/black-mont-he-thong-thut-rua-hau-mon-voi-sen-sau\/#breadcrumb"},"inLanguage":"vi","potentialAction":[{"@type":"ReadAction","target":["https:\/\/desireonline.shop\/vi\/san-pham\/black-mont-he-thong-thut-rua-hau-mon-voi-sen-sau\/"]}]},{"@type":"ImageObject","inLanguage":"vi","@id":"https:\/\/desireonline.shop\/vi\/san-pham\/black-mont-he-thong-thut-rua-hau-mon-voi-sen-sau\/#primaryimage","url":"https:\/\/desireonline.shop\/wp-content\/uploads\/2026\/02\/CN-738332310_00.jpg","contentUrl":"https:\/\/desireonline.shop\/wp-content\/uploads\/2026\/02\/CN-738332310_00.jpg","width":1000,"height":1000},{"@type":"BreadcrumbList","@id":"https:\/\/desireonline.shop\/vi\/san-pham\/black-mont-he-thong-thut-rua-hau-mon-voi-sen-sau\/#breadcrumb","itemListElement":[{"@type":"ListItem","position":1,"name":"Home","item":"https:\/\/desireonline.shop\/vi\/trang-chu\/?lang=vi"},{"@type":"ListItem","position":2,"name":"T\u1ea5t c\u1ea3 s\u1ea3n ph\u1ea9m","item":"https:\/\/desireonline.shop\/cua-hang\/?lang=vi"},{"@type":"ListItem","position":3,"name":"Black Mont H\u1ec7 th\u1ed1ng th\u1ee5t r\u1eeda h\u1eadu m\u00f4n v\u00f2i sen s\u00e2u"}]},{"@type":"WebSite","@id":"https:\/\/desireonline.shop\/vi\/#website","url":"https:\/\/desireonline.shop\/vi\/","name":"Desire","description":"Sexual Wellness Platform","publisher":{"@id":"https:\/\/desireonline.shop\/vi\/#organization"},"potentialAction":[{"@type":"SearchAction","target":{"@type":"EntryPoint","urlTemplate":"https:\/\/desireonline.shop\/vi\/?s={search_term_string}"},"query-input":{"@type":"PropertyValueSpecification","valueRequired":true,"valueName":"search_term_string"}}],"inLanguage":"vi"},{"@type":"Organization","@id":"https:\/\/desireonline.shop\/vi\/#organization","name":"Desire","url":"https:\/\/desireonline.shop\/vi\/","logo":{"@type":"ImageObject","inLanguage":"vi","@id":"https:\/\/desireonline.shop\/vi\/#\/schema\/logo\/image\/","url":"https:\/\/desireonline.shop\/wp-content\/uploads\/2024\/06\/Logo-Thick-Font-1.webp","contentUrl":"https:\/\/desireonline.shop\/wp-content\/uploads\/2024\/06\/Logo-Thick-Font-1.webp","width":268,"height":399,"caption":"Desire"},"image":{"@id":"https:\/\/desireonline.shop\/vi\/#\/schema\/logo\/image\/"}}]}},"_links":{"self":[{"href":"https:\/\/desireonline.shop\/vi\/wp-json\/wp\/v2\/product\/66828","targetHints":{"allow":["GET"]}}],"collection":[{"href":"https:\/\/desireonline.shop\/vi\/wp-json\/wp\/v2\/product"}],"about":[{"href":"https:\/\/desireonline.shop\/vi\/wp-json\/wp\/v2\/types\/product"}],"replies":[{"embeddable":true,"href":"https:\/\/desireonline.shop\/vi\/wp-json\/wp\/v2\/comments?post=66828"}],"version-history":[{"count":0,"href":"https:\/\/desireonline.shop\/vi\/wp-json\/wp\/v2\/product\/66828\/revisions"}],"wp:featuredmedia":[{"embeddable":true,"href":"https:\/\/desireonline.shop\/vi\/wp-json\/wp\/v2\/media\/62431"}],"wp:attachment":[{"href":"https:\/\/desireonline.shop\/vi\/wp-json\/wp\/v2\/media?parent=66828"}],"wp:term":[{"taxonomy":"product_brand","embeddable":true,"href":"https:\/\/desireonline.shop\/vi\/wp-json\/wp\/v2\/product_brand?post=66828"},{"taxonomy":"product_cat","embeddable":true,"href":"https:\/\/desireonline.shop\/vi\/wp-json\/wp\/v2\/product_cat?post=66828"},{"taxonomy":"product_tag","embeddable":true,"href":"https:\/\/desireonline.shop\/vi\/wp-json\/wp\/v2\/product_tag?post=66828"}],"curies":[{"name":"wp","href":"https:\/\/api.w.org\/{rel}","templated":true}]}}