{"id":66837,"date":"2026-02-16T11:26:00","date_gmt":"2026-02-16T11:26:00","guid":{"rendered":"https:\/\/desireonline.shop\/product\/black-mont-may-massage-tuyen-tien-liet-sex-pistol\/"},"modified":"2026-03-10T06:32:01","modified_gmt":"2026-03-10T06:32:01","slug":"black-mont-may-massage-tuyen-tien-liet-sex-pistol","status":"publish","type":"product","link":"https:\/\/desireonline.shop\/vi\/san-pham\/black-mont-may-massage-tuyen-tien-liet-sex-pistol\/","title":{"rendered":"Black Mont M\u00e1y massage tuy\u1ebfn ti\u1ec1n li\u1ec7t Sex Pistol"},"content":{"rendered":"<p>Thanh l\u1ecbch, hi\u1ec7n \u0111\u1ea1i v\u00e0 \u0111\u01b0\u1ee3c thi\u1ebft k\u1ebf v\u1edbi s\u1ef1 tho\u1ea3i m\u00e1i trong t\u00e2m tr\u00ed, m\u00e1y massage tuy\u1ebfn ti\u1ec1n li\u1ec7t n\u00e0y gi\u00fap b\u1ea1n ki\u1ec3m so\u00e1t ho\u00e0n to\u00e0n tr\u1ea3i nghi\u1ec7m. V\u1edbi nhi\u1ec1u ch\u1ee9c n\u0103ng rung v\u00e0 \u0111i\u1ec1u khi\u1ec3n t\u1eeb xa kh\u00f4ng d\u00e2y, s\u1ea3n ph\u1ea9m ho\u00e0n h\u1ea3o cho tr\u1ea3i nghi\u1ec7m c\u00e1 nh\u00e2n th\u01b0 gi\u00e3n ho\u1eb7c nh\u1eefng kho\u1ea3nh kh\u1eafc vui t\u01b0\u01a1i c\u00f9ng nhau. M\u1ed9t l\u1ef1a ch\u1ecdn t\u1ef1 tin cho nh\u1eefng ai t\u00f2 m\u00f2 mu\u1ed1n kh\u00e1m ph\u00e1 nh\u1eefng c\u1ea3m gi\u00e1c m\u1edbi theo nh\u1ecbp \u0111\u1ed9 c\u1ee7a ri\u00eang m\u00ecnh.<\/p>\n","protected":false},"excerpt":{"rendered":"<p>Thanh l\u1ecbch, hi\u1ec7n \u0111\u1ea1i v\u00e0 \u0111\u01b0\u1ee3c thi\u1ebft k\u1ebf v\u1edbi s\u1ef1 tho\u1ea3i m\u00e1i trong t\u00e2m tr\u00ed, m\u00e1y massage tuy\u1ebfn ti\u1ec1n li\u1ec7t n\u00e0y gi\u00fap b\u1ea1n ki\u1ec3m so\u00e1t ho\u00e0n to\u00e0n tr\u1ea3i nghi\u1ec7m. V\u1edbi&hellip;<\/p>\n","protected":false},"featured_media":62425,"comment_status":"open","ping_status":"closed","template":"","meta":{"_acf_changed":false},"product_brand":[],"product_cat":[1344,1366,1305,1370],"product_tag":[],"class_list":{"0":"post-66837","1":"product","2":"type-product","3":"status-publish","4":"has-post-thumbnail","6":"product_cat-bdsm","7":"product_cat-bo-san-pham-than-mat","8":"product_cat-danh-cho-cac-cap-doi","9":"product_cat-dung-cu-massage-tuyen-tien-liet","11":"first","12":"instock","13":"shipping-taxable","14":"purchasable","15":"product-type-simple"},"acf":[],"yoast_head":"<!-- This site is optimized with the Yoast SEO plugin v27.1.1 - https:\/\/yoast.com\/product\/yoast-seo-wordpress\/ -->\n<title>Black Mont M\u00e1y massage tuy\u1ebfn ti\u1ec1n li\u1ec7t Sex Pistol - Desire<\/title>\n<meta name=\"robots\" content=\"index, follow, max-snippet:-1, max-image-preview:large, max-video-preview:-1\" \/>\n<link rel=\"canonical\" href=\"https:\/\/desireonline.shop\/vi\/san-pham\/black-mont-may-massage-tuyen-tien-liet-sex-pistol\/\" \/>\n<meta property=\"og:locale\" content=\"vi_VN\" \/>\n<meta property=\"og:type\" content=\"article\" \/>\n<meta property=\"og:title\" content=\"Black Mont M\u00e1y massage tuy\u1ebfn ti\u1ec1n li\u1ec7t Sex Pistol - Desire\" \/>\n<meta property=\"og:description\" content=\"Thanh l\u1ecbch, hi\u1ec7n \u0111\u1ea1i v\u00e0 \u0111\u01b0\u1ee3c thi\u1ebft k\u1ebf v\u1edbi s\u1ef1 tho\u1ea3i m\u00e1i trong t\u00e2m tr\u00ed, m\u00e1y massage tuy\u1ebfn ti\u1ec1n li\u1ec7t n\u00e0y gi\u00fap b\u1ea1n ki\u1ec3m so\u00e1t ho\u00e0n to\u00e0n tr\u1ea3i nghi\u1ec7m. V\u1edbi&hellip;\" \/>\n<meta property=\"og:url\" content=\"https:\/\/desireonline.shop\/vi\/san-pham\/black-mont-may-massage-tuyen-tien-liet-sex-pistol\/\" \/>\n<meta property=\"og:site_name\" content=\"Desire\" \/>\n<meta property=\"article:modified_time\" content=\"2026-03-10T06:32:01+00:00\" \/>\n<meta property=\"og:image\" content=\"https:\/\/desireonline.shop\/wp-content\/uploads\/2026\/02\/CN-552813672_00.jpg\" \/>\n\t<meta property=\"og:image:width\" content=\"2000\" \/>\n\t<meta property=\"og:image:height\" content=\"2000\" \/>\n\t<meta property=\"og:image:type\" content=\"image\/jpeg\" \/>\n<meta name=\"twitter:card\" content=\"summary_large_image\" \/>\n<meta name=\"twitter:label1\" content=\"\u01af\u1edbc t\u00ednh th\u1eddi gian \u0111\u1ecdc\" \/>\n\t<meta name=\"twitter:data1\" content=\"1 ph\u00fat\" \/>\n<script type=\"application\/ld+json\" class=\"yoast-schema-graph\">{\"@context\":\"https:\/\/schema.org\",\"@graph\":[{\"@type\":\"WebPage\",\"@id\":\"https:\/\/desireonline.shop\/vi\/san-pham\/black-mont-may-massage-tuyen-tien-liet-sex-pistol\/\",\"url\":\"https:\/\/desireonline.shop\/vi\/san-pham\/black-mont-may-massage-tuyen-tien-liet-sex-pistol\/\",\"name\":\"Black Mont M\u00e1y massage tuy\u1ebfn ti\u1ec1n li\u1ec7t Sex Pistol - Desire\",\"isPartOf\":{\"@id\":\"https:\/\/desireonline.shop\/vi\/#website\"},\"primaryImageOfPage\":{\"@id\":\"https:\/\/desireonline.shop\/vi\/san-pham\/black-mont-may-massage-tuyen-tien-liet-sex-pistol\/#primaryimage\"},\"image\":{\"@id\":\"https:\/\/desireonline.shop\/vi\/san-pham\/black-mont-may-massage-tuyen-tien-liet-sex-pistol\/#primaryimage\"},\"thumbnailUrl\":\"https:\/\/desireonline.shop\/wp-content\/uploads\/2026\/02\/CN-552813672_00.jpg\",\"datePublished\":\"2026-02-16T11:26:00+00:00\",\"dateModified\":\"2026-03-10T06:32:01+00:00\",\"breadcrumb\":{\"@id\":\"https:\/\/desireonline.shop\/vi\/san-pham\/black-mont-may-massage-tuyen-tien-liet-sex-pistol\/#breadcrumb\"},\"inLanguage\":\"vi\",\"potentialAction\":[{\"@type\":\"ReadAction\",\"target\":[\"https:\/\/desireonline.shop\/vi\/san-pham\/black-mont-may-massage-tuyen-tien-liet-sex-pistol\/\"]}]},{\"@type\":\"ImageObject\",\"inLanguage\":\"vi\",\"@id\":\"https:\/\/desireonline.shop\/vi\/san-pham\/black-mont-may-massage-tuyen-tien-liet-sex-pistol\/#primaryimage\",\"url\":\"https:\/\/desireonline.shop\/wp-content\/uploads\/2026\/02\/CN-552813672_00.jpg\",\"contentUrl\":\"https:\/\/desireonline.shop\/wp-content\/uploads\/2026\/02\/CN-552813672_00.jpg\",\"width\":2000,\"height\":2000},{\"@type\":\"BreadcrumbList\",\"@id\":\"https:\/\/desireonline.shop\/vi\/san-pham\/black-mont-may-massage-tuyen-tien-liet-sex-pistol\/#breadcrumb\",\"itemListElement\":[{\"@type\":\"ListItem\",\"position\":1,\"name\":\"Home\",\"item\":\"https:\/\/desireonline.shop\/vi\/trang-chu\/?lang=vi\"},{\"@type\":\"ListItem\",\"position\":2,\"name\":\"T\u1ea5t c\u1ea3 s\u1ea3n ph\u1ea9m\",\"item\":\"https:\/\/desireonline.shop\/cua-hang\/?lang=vi\"},{\"@type\":\"ListItem\",\"position\":3,\"name\":\"Black Mont M\u00e1y massage tuy\u1ebfn ti\u1ec1n li\u1ec7t Sex Pistol\"}]},{\"@type\":\"WebSite\",\"@id\":\"https:\/\/desireonline.shop\/vi\/#website\",\"url\":\"https:\/\/desireonline.shop\/vi\/\",\"name\":\"Desire\",\"description\":\"Sexual Wellness Platform\",\"publisher\":{\"@id\":\"https:\/\/desireonline.shop\/vi\/#organization\"},\"potentialAction\":[{\"@type\":\"SearchAction\",\"target\":{\"@type\":\"EntryPoint\",\"urlTemplate\":\"https:\/\/desireonline.shop\/vi\/?s={search_term_string}\"},\"query-input\":{\"@type\":\"PropertyValueSpecification\",\"valueRequired\":true,\"valueName\":\"search_term_string\"}}],\"inLanguage\":\"vi\"},{\"@type\":\"Organization\",\"@id\":\"https:\/\/desireonline.shop\/vi\/#organization\",\"name\":\"Desire\",\"url\":\"https:\/\/desireonline.shop\/vi\/\",\"logo\":{\"@type\":\"ImageObject\",\"inLanguage\":\"vi\",\"@id\":\"https:\/\/desireonline.shop\/vi\/#\/schema\/logo\/image\/\",\"url\":\"https:\/\/desireonline.shop\/wp-content\/uploads\/2024\/06\/Logo-Thick-Font-1.webp\",\"contentUrl\":\"https:\/\/desireonline.shop\/wp-content\/uploads\/2024\/06\/Logo-Thick-Font-1.webp\",\"width\":268,\"height\":399,\"caption\":\"Desire\"},\"image\":{\"@id\":\"https:\/\/desireonline.shop\/vi\/#\/schema\/logo\/image\/\"}}]}<\/script>\n<!-- \/ Yoast SEO plugin. -->","yoast_head_json":{"title":"Black Mont M\u00e1y massage tuy\u1ebfn ti\u1ec1n li\u1ec7t Sex Pistol - Desire","robots":{"index":"index","follow":"follow","max-snippet":"max-snippet:-1","max-image-preview":"max-image-preview:large","max-video-preview":"max-video-preview:-1"},"canonical":"https:\/\/desireonline.shop\/vi\/san-pham\/black-mont-may-massage-tuyen-tien-liet-sex-pistol\/","og_locale":"vi_VN","og_type":"article","og_title":"Black Mont M\u00e1y massage tuy\u1ebfn ti\u1ec1n li\u1ec7t Sex Pistol - Desire","og_description":"Thanh l\u1ecbch, hi\u1ec7n \u0111\u1ea1i v\u00e0 \u0111\u01b0\u1ee3c thi\u1ebft k\u1ebf v\u1edbi s\u1ef1 tho\u1ea3i m\u00e1i trong t\u00e2m tr\u00ed, m\u00e1y massage tuy\u1ebfn ti\u1ec1n li\u1ec7t n\u00e0y gi\u00fap b\u1ea1n ki\u1ec3m so\u00e1t ho\u00e0n to\u00e0n tr\u1ea3i nghi\u1ec7m. V\u1edbi&hellip;","og_url":"https:\/\/desireonline.shop\/vi\/san-pham\/black-mont-may-massage-tuyen-tien-liet-sex-pistol\/","og_site_name":"Desire","article_modified_time":"2026-03-10T06:32:01+00:00","og_image":[{"width":2000,"height":2000,"url":"https:\/\/desireonline.shop\/wp-content\/uploads\/2026\/02\/CN-552813672_00.jpg","type":"image\/jpeg"}],"twitter_card":"summary_large_image","twitter_misc":{"\u01af\u1edbc t\u00ednh th\u1eddi gian \u0111\u1ecdc":"1 ph\u00fat"},"schema":{"@context":"https:\/\/schema.org","@graph":[{"@type":"WebPage","@id":"https:\/\/desireonline.shop\/vi\/san-pham\/black-mont-may-massage-tuyen-tien-liet-sex-pistol\/","url":"https:\/\/desireonline.shop\/vi\/san-pham\/black-mont-may-massage-tuyen-tien-liet-sex-pistol\/","name":"Black Mont M\u00e1y massage tuy\u1ebfn ti\u1ec1n li\u1ec7t Sex Pistol - Desire","isPartOf":{"@id":"https:\/\/desireonline.shop\/vi\/#website"},"primaryImageOfPage":{"@id":"https:\/\/desireonline.shop\/vi\/san-pham\/black-mont-may-massage-tuyen-tien-liet-sex-pistol\/#primaryimage"},"image":{"@id":"https:\/\/desireonline.shop\/vi\/san-pham\/black-mont-may-massage-tuyen-tien-liet-sex-pistol\/#primaryimage"},"thumbnailUrl":"https:\/\/desireonline.shop\/wp-content\/uploads\/2026\/02\/CN-552813672_00.jpg","datePublished":"2026-02-16T11:26:00+00:00","dateModified":"2026-03-10T06:32:01+00:00","breadcrumb":{"@id":"https:\/\/desireonline.shop\/vi\/san-pham\/black-mont-may-massage-tuyen-tien-liet-sex-pistol\/#breadcrumb"},"inLanguage":"vi","potentialAction":[{"@type":"ReadAction","target":["https:\/\/desireonline.shop\/vi\/san-pham\/black-mont-may-massage-tuyen-tien-liet-sex-pistol\/"]}]},{"@type":"ImageObject","inLanguage":"vi","@id":"https:\/\/desireonline.shop\/vi\/san-pham\/black-mont-may-massage-tuyen-tien-liet-sex-pistol\/#primaryimage","url":"https:\/\/desireonline.shop\/wp-content\/uploads\/2026\/02\/CN-552813672_00.jpg","contentUrl":"https:\/\/desireonline.shop\/wp-content\/uploads\/2026\/02\/CN-552813672_00.jpg","width":2000,"height":2000},{"@type":"BreadcrumbList","@id":"https:\/\/desireonline.shop\/vi\/san-pham\/black-mont-may-massage-tuyen-tien-liet-sex-pistol\/#breadcrumb","itemListElement":[{"@type":"ListItem","position":1,"name":"Home","item":"https:\/\/desireonline.shop\/vi\/trang-chu\/?lang=vi"},{"@type":"ListItem","position":2,"name":"T\u1ea5t c\u1ea3 s\u1ea3n ph\u1ea9m","item":"https:\/\/desireonline.shop\/cua-hang\/?lang=vi"},{"@type":"ListItem","position":3,"name":"Black Mont M\u00e1y massage tuy\u1ebfn ti\u1ec1n li\u1ec7t Sex Pistol"}]},{"@type":"WebSite","@id":"https:\/\/desireonline.shop\/vi\/#website","url":"https:\/\/desireonline.shop\/vi\/","name":"Desire","description":"Sexual Wellness Platform","publisher":{"@id":"https:\/\/desireonline.shop\/vi\/#organization"},"potentialAction":[{"@type":"SearchAction","target":{"@type":"EntryPoint","urlTemplate":"https:\/\/desireonline.shop\/vi\/?s={search_term_string}"},"query-input":{"@type":"PropertyValueSpecification","valueRequired":true,"valueName":"search_term_string"}}],"inLanguage":"vi"},{"@type":"Organization","@id":"https:\/\/desireonline.shop\/vi\/#organization","name":"Desire","url":"https:\/\/desireonline.shop\/vi\/","logo":{"@type":"ImageObject","inLanguage":"vi","@id":"https:\/\/desireonline.shop\/vi\/#\/schema\/logo\/image\/","url":"https:\/\/desireonline.shop\/wp-content\/uploads\/2024\/06\/Logo-Thick-Font-1.webp","contentUrl":"https:\/\/desireonline.shop\/wp-content\/uploads\/2024\/06\/Logo-Thick-Font-1.webp","width":268,"height":399,"caption":"Desire"},"image":{"@id":"https:\/\/desireonline.shop\/vi\/#\/schema\/logo\/image\/"}}]}},"_links":{"self":[{"href":"https:\/\/desireonline.shop\/vi\/wp-json\/wp\/v2\/product\/66837","targetHints":{"allow":["GET"]}}],"collection":[{"href":"https:\/\/desireonline.shop\/vi\/wp-json\/wp\/v2\/product"}],"about":[{"href":"https:\/\/desireonline.shop\/vi\/wp-json\/wp\/v2\/types\/product"}],"replies":[{"embeddable":true,"href":"https:\/\/desireonline.shop\/vi\/wp-json\/wp\/v2\/comments?post=66837"}],"version-history":[{"count":0,"href":"https:\/\/desireonline.shop\/vi\/wp-json\/wp\/v2\/product\/66837\/revisions"}],"wp:featuredmedia":[{"embeddable":true,"href":"https:\/\/desireonline.shop\/vi\/wp-json\/wp\/v2\/media\/62425"}],"wp:attachment":[{"href":"https:\/\/desireonline.shop\/vi\/wp-json\/wp\/v2\/media?parent=66837"}],"wp:term":[{"taxonomy":"product_brand","embeddable":true,"href":"https:\/\/desireonline.shop\/vi\/wp-json\/wp\/v2\/product_brand?post=66837"},{"taxonomy":"product_cat","embeddable":true,"href":"https:\/\/desireonline.shop\/vi\/wp-json\/wp\/v2\/product_cat?post=66837"},{"taxonomy":"product_tag","embeddable":true,"href":"https:\/\/desireonline.shop\/vi\/wp-json\/wp\/v2\/product_tag?post=66837"}],"curies":[{"name":"wp","href":"https:\/\/api.w.org\/{rel}","templated":true}]}}