{"id":66847,"date":"2026-02-16T11:27:00","date_gmt":"2026-02-16T11:27:00","guid":{"rendered":"https:\/\/desireonline.shop\/product\/black-mont-cleanstream-phu-kien-thut-rua\/"},"modified":"2026-03-10T06:31:59","modified_gmt":"2026-03-10T06:31:59","slug":"black-mont-cleanstream-phu-kien-thut-rua","status":"publish","type":"product","link":"https:\/\/desireonline.shop\/vi\/san-pham\/black-mont-cleanstream-phu-kien-thut-rua\/","title":{"rendered":"Black Mont CleanStream Ph\u1ee5 ki\u1ec7n th\u1ee5t r\u1eeda"},"content":{"rendered":"<p>Ph\u1ee5 ki\u1ec7n th\u1ee5t r\u1eeda m\u01b0\u1ee3t m\u00e0 n\u00e0y \u0111\u01b0\u1ee3c thi\u1ebft k\u1ebf \u0111\u1ec3 gi\u00fap vi\u1ec7c chu\u1ea9n b\u1ecb tr\u1edf n\u00ean \u0111\u01a1n gi\u1ea3n v\u00e0 kh\u00f4ng c\u0103ng th\u1eb3ng. V\u1edbi \u0111\u1ea7u n\u1ed1i ren ch\u1eafc ch\u1eafn v\u00e0 thi\u1ebft k\u1ebf d\u1ec5 s\u1eed d\u1ee5ng, s\u1ea3n ph\u1ea9m mang l\u1ea1i s\u1ef1 t\u1ef1 tin v\u00e0 an t\u00e2m. M\u1ed9t ph\u1ee5 ki\u1ec7n thi\u1ebft th\u1ef1c d\u00e0nh cho nh\u1eefng ai coi tr\u1ecdng c\u1ea3m gi\u00e1c s\u1eb5n s\u00e0ng v\u00e0 tho\u1ea3i m\u00e1i.<\/p>\n","protected":false},"excerpt":{"rendered":"<p>Ph\u1ee5 ki\u1ec7n th\u1ee5t r\u1eeda m\u01b0\u1ee3t m\u00e0 n\u00e0y \u0111\u01b0\u1ee3c thi\u1ebft k\u1ebf \u0111\u1ec3 gi\u00fap vi\u1ec7c chu\u1ea9n b\u1ecb tr\u1edf n\u00ean \u0111\u01a1n gi\u1ea3n v\u00e0 kh\u00f4ng c\u0103ng th\u1eb3ng. V\u1edbi \u0111\u1ea7u n\u1ed1i ren ch\u1eafc ch\u1eafn v\u00e0&hellip;<\/p>\n","protected":false},"featured_media":62449,"comment_status":"open","ping_status":"closed","template":"","meta":{"_acf_changed":false},"product_brand":[],"product_cat":[1341,1417],"product_tag":[],"class_list":{"0":"post-66847","1":"product","2":"type-product","3":"status-publish","4":"has-post-thumbnail","6":"product_cat-for-men","7":"product_cat-dung-cu-ve-sinh-thut-rua","9":"first","10":"instock","11":"shipping-taxable","12":"purchasable","13":"product-type-simple"},"acf":[],"yoast_head":"<!-- This site is optimized with the Yoast SEO plugin v27.1.1 - https:\/\/yoast.com\/product\/yoast-seo-wordpress\/ -->\n<title>Black Mont CleanStream Ph\u1ee5 ki\u1ec7n th\u1ee5t r\u1eeda - Desire<\/title>\n<meta name=\"robots\" content=\"index, follow, max-snippet:-1, max-image-preview:large, max-video-preview:-1\" \/>\n<link rel=\"canonical\" href=\"https:\/\/desireonline.shop\/vi\/san-pham\/black-mont-cleanstream-phu-kien-thut-rua\/\" \/>\n<meta property=\"og:locale\" content=\"vi_VN\" \/>\n<meta property=\"og:type\" content=\"article\" \/>\n<meta property=\"og:title\" content=\"Black Mont CleanStream Ph\u1ee5 ki\u1ec7n th\u1ee5t r\u1eeda - Desire\" \/>\n<meta property=\"og:description\" content=\"Ph\u1ee5 ki\u1ec7n th\u1ee5t r\u1eeda m\u01b0\u1ee3t m\u00e0 n\u00e0y \u0111\u01b0\u1ee3c thi\u1ebft k\u1ebf \u0111\u1ec3 gi\u00fap vi\u1ec7c chu\u1ea9n b\u1ecb tr\u1edf n\u00ean \u0111\u01a1n gi\u1ea3n v\u00e0 kh\u00f4ng c\u0103ng th\u1eb3ng. V\u1edbi \u0111\u1ea7u n\u1ed1i ren ch\u1eafc ch\u1eafn v\u00e0&hellip;\" \/>\n<meta property=\"og:url\" content=\"https:\/\/desireonline.shop\/vi\/san-pham\/black-mont-cleanstream-phu-kien-thut-rua\/\" \/>\n<meta property=\"og:site_name\" content=\"Desire\" \/>\n<meta property=\"article:modified_time\" content=\"2026-03-10T06:31:59+00:00\" \/>\n<meta property=\"og:image\" content=\"https:\/\/desireonline.shop\/wp-content\/uploads\/2026\/02\/CN-738332722_00.jpg\" \/>\n\t<meta property=\"og:image:width\" content=\"1000\" \/>\n\t<meta property=\"og:image:height\" content=\"1000\" \/>\n\t<meta property=\"og:image:type\" content=\"image\/jpeg\" \/>\n<meta name=\"twitter:card\" content=\"summary_large_image\" \/>\n<script type=\"application\/ld+json\" class=\"yoast-schema-graph\">{\"@context\":\"https:\/\/schema.org\",\"@graph\":[{\"@type\":\"WebPage\",\"@id\":\"https:\/\/desireonline.shop\/vi\/san-pham\/black-mont-cleanstream-phu-kien-thut-rua\/\",\"url\":\"https:\/\/desireonline.shop\/vi\/san-pham\/black-mont-cleanstream-phu-kien-thut-rua\/\",\"name\":\"Black Mont CleanStream Ph\u1ee5 ki\u1ec7n th\u1ee5t r\u1eeda - Desire\",\"isPartOf\":{\"@id\":\"https:\/\/desireonline.shop\/vi\/#website\"},\"primaryImageOfPage\":{\"@id\":\"https:\/\/desireonline.shop\/vi\/san-pham\/black-mont-cleanstream-phu-kien-thut-rua\/#primaryimage\"},\"image\":{\"@id\":\"https:\/\/desireonline.shop\/vi\/san-pham\/black-mont-cleanstream-phu-kien-thut-rua\/#primaryimage\"},\"thumbnailUrl\":\"https:\/\/desireonline.shop\/wp-content\/uploads\/2026\/02\/CN-738332722_00.jpg\",\"datePublished\":\"2026-02-16T11:27:00+00:00\",\"dateModified\":\"2026-03-10T06:31:59+00:00\",\"breadcrumb\":{\"@id\":\"https:\/\/desireonline.shop\/vi\/san-pham\/black-mont-cleanstream-phu-kien-thut-rua\/#breadcrumb\"},\"inLanguage\":\"vi\",\"potentialAction\":[{\"@type\":\"ReadAction\",\"target\":[\"https:\/\/desireonline.shop\/vi\/san-pham\/black-mont-cleanstream-phu-kien-thut-rua\/\"]}]},{\"@type\":\"ImageObject\",\"inLanguage\":\"vi\",\"@id\":\"https:\/\/desireonline.shop\/vi\/san-pham\/black-mont-cleanstream-phu-kien-thut-rua\/#primaryimage\",\"url\":\"https:\/\/desireonline.shop\/wp-content\/uploads\/2026\/02\/CN-738332722_00.jpg\",\"contentUrl\":\"https:\/\/desireonline.shop\/wp-content\/uploads\/2026\/02\/CN-738332722_00.jpg\",\"width\":1000,\"height\":1000},{\"@type\":\"BreadcrumbList\",\"@id\":\"https:\/\/desireonline.shop\/vi\/san-pham\/black-mont-cleanstream-phu-kien-thut-rua\/#breadcrumb\",\"itemListElement\":[{\"@type\":\"ListItem\",\"position\":1,\"name\":\"Home\",\"item\":\"https:\/\/desireonline.shop\/vi\/trang-chu\/?lang=vi\"},{\"@type\":\"ListItem\",\"position\":2,\"name\":\"T\u1ea5t c\u1ea3 s\u1ea3n ph\u1ea9m\",\"item\":\"https:\/\/desireonline.shop\/cua-hang\/?lang=vi\"},{\"@type\":\"ListItem\",\"position\":3,\"name\":\"Black Mont CleanStream Ph\u1ee5 ki\u1ec7n th\u1ee5t r\u1eeda\"}]},{\"@type\":\"WebSite\",\"@id\":\"https:\/\/desireonline.shop\/vi\/#website\",\"url\":\"https:\/\/desireonline.shop\/vi\/\",\"name\":\"Desire\",\"description\":\"Sexual Wellness Platform\",\"publisher\":{\"@id\":\"https:\/\/desireonline.shop\/vi\/#organization\"},\"potentialAction\":[{\"@type\":\"SearchAction\",\"target\":{\"@type\":\"EntryPoint\",\"urlTemplate\":\"https:\/\/desireonline.shop\/vi\/?s={search_term_string}\"},\"query-input\":{\"@type\":\"PropertyValueSpecification\",\"valueRequired\":true,\"valueName\":\"search_term_string\"}}],\"inLanguage\":\"vi\"},{\"@type\":\"Organization\",\"@id\":\"https:\/\/desireonline.shop\/vi\/#organization\",\"name\":\"Desire\",\"url\":\"https:\/\/desireonline.shop\/vi\/\",\"logo\":{\"@type\":\"ImageObject\",\"inLanguage\":\"vi\",\"@id\":\"https:\/\/desireonline.shop\/vi\/#\/schema\/logo\/image\/\",\"url\":\"https:\/\/desireonline.shop\/wp-content\/uploads\/2024\/06\/Logo-Thick-Font-1.webp\",\"contentUrl\":\"https:\/\/desireonline.shop\/wp-content\/uploads\/2024\/06\/Logo-Thick-Font-1.webp\",\"width\":268,\"height\":399,\"caption\":\"Desire\"},\"image\":{\"@id\":\"https:\/\/desireonline.shop\/vi\/#\/schema\/logo\/image\/\"}}]}<\/script>\n<!-- \/ Yoast SEO plugin. -->","yoast_head_json":{"title":"Black Mont CleanStream Ph\u1ee5 ki\u1ec7n th\u1ee5t r\u1eeda - Desire","robots":{"index":"index","follow":"follow","max-snippet":"max-snippet:-1","max-image-preview":"max-image-preview:large","max-video-preview":"max-video-preview:-1"},"canonical":"https:\/\/desireonline.shop\/vi\/san-pham\/black-mont-cleanstream-phu-kien-thut-rua\/","og_locale":"vi_VN","og_type":"article","og_title":"Black Mont CleanStream Ph\u1ee5 ki\u1ec7n th\u1ee5t r\u1eeda - Desire","og_description":"Ph\u1ee5 ki\u1ec7n th\u1ee5t r\u1eeda m\u01b0\u1ee3t m\u00e0 n\u00e0y \u0111\u01b0\u1ee3c thi\u1ebft k\u1ebf \u0111\u1ec3 gi\u00fap vi\u1ec7c chu\u1ea9n b\u1ecb tr\u1edf n\u00ean \u0111\u01a1n gi\u1ea3n v\u00e0 kh\u00f4ng c\u0103ng th\u1eb3ng. V\u1edbi \u0111\u1ea7u n\u1ed1i ren ch\u1eafc ch\u1eafn v\u00e0&hellip;","og_url":"https:\/\/desireonline.shop\/vi\/san-pham\/black-mont-cleanstream-phu-kien-thut-rua\/","og_site_name":"Desire","article_modified_time":"2026-03-10T06:31:59+00:00","og_image":[{"width":1000,"height":1000,"url":"https:\/\/desireonline.shop\/wp-content\/uploads\/2026\/02\/CN-738332722_00.jpg","type":"image\/jpeg"}],"twitter_card":"summary_large_image","schema":{"@context":"https:\/\/schema.org","@graph":[{"@type":"WebPage","@id":"https:\/\/desireonline.shop\/vi\/san-pham\/black-mont-cleanstream-phu-kien-thut-rua\/","url":"https:\/\/desireonline.shop\/vi\/san-pham\/black-mont-cleanstream-phu-kien-thut-rua\/","name":"Black Mont CleanStream Ph\u1ee5 ki\u1ec7n th\u1ee5t r\u1eeda - Desire","isPartOf":{"@id":"https:\/\/desireonline.shop\/vi\/#website"},"primaryImageOfPage":{"@id":"https:\/\/desireonline.shop\/vi\/san-pham\/black-mont-cleanstream-phu-kien-thut-rua\/#primaryimage"},"image":{"@id":"https:\/\/desireonline.shop\/vi\/san-pham\/black-mont-cleanstream-phu-kien-thut-rua\/#primaryimage"},"thumbnailUrl":"https:\/\/desireonline.shop\/wp-content\/uploads\/2026\/02\/CN-738332722_00.jpg","datePublished":"2026-02-16T11:27:00+00:00","dateModified":"2026-03-10T06:31:59+00:00","breadcrumb":{"@id":"https:\/\/desireonline.shop\/vi\/san-pham\/black-mont-cleanstream-phu-kien-thut-rua\/#breadcrumb"},"inLanguage":"vi","potentialAction":[{"@type":"ReadAction","target":["https:\/\/desireonline.shop\/vi\/san-pham\/black-mont-cleanstream-phu-kien-thut-rua\/"]}]},{"@type":"ImageObject","inLanguage":"vi","@id":"https:\/\/desireonline.shop\/vi\/san-pham\/black-mont-cleanstream-phu-kien-thut-rua\/#primaryimage","url":"https:\/\/desireonline.shop\/wp-content\/uploads\/2026\/02\/CN-738332722_00.jpg","contentUrl":"https:\/\/desireonline.shop\/wp-content\/uploads\/2026\/02\/CN-738332722_00.jpg","width":1000,"height":1000},{"@type":"BreadcrumbList","@id":"https:\/\/desireonline.shop\/vi\/san-pham\/black-mont-cleanstream-phu-kien-thut-rua\/#breadcrumb","itemListElement":[{"@type":"ListItem","position":1,"name":"Home","item":"https:\/\/desireonline.shop\/vi\/trang-chu\/?lang=vi"},{"@type":"ListItem","position":2,"name":"T\u1ea5t c\u1ea3 s\u1ea3n ph\u1ea9m","item":"https:\/\/desireonline.shop\/cua-hang\/?lang=vi"},{"@type":"ListItem","position":3,"name":"Black Mont CleanStream Ph\u1ee5 ki\u1ec7n th\u1ee5t r\u1eeda"}]},{"@type":"WebSite","@id":"https:\/\/desireonline.shop\/vi\/#website","url":"https:\/\/desireonline.shop\/vi\/","name":"Desire","description":"Sexual Wellness Platform","publisher":{"@id":"https:\/\/desireonline.shop\/vi\/#organization"},"potentialAction":[{"@type":"SearchAction","target":{"@type":"EntryPoint","urlTemplate":"https:\/\/desireonline.shop\/vi\/?s={search_term_string}"},"query-input":{"@type":"PropertyValueSpecification","valueRequired":true,"valueName":"search_term_string"}}],"inLanguage":"vi"},{"@type":"Organization","@id":"https:\/\/desireonline.shop\/vi\/#organization","name":"Desire","url":"https:\/\/desireonline.shop\/vi\/","logo":{"@type":"ImageObject","inLanguage":"vi","@id":"https:\/\/desireonline.shop\/vi\/#\/schema\/logo\/image\/","url":"https:\/\/desireonline.shop\/wp-content\/uploads\/2024\/06\/Logo-Thick-Font-1.webp","contentUrl":"https:\/\/desireonline.shop\/wp-content\/uploads\/2024\/06\/Logo-Thick-Font-1.webp","width":268,"height":399,"caption":"Desire"},"image":{"@id":"https:\/\/desireonline.shop\/vi\/#\/schema\/logo\/image\/"}}]}},"_links":{"self":[{"href":"https:\/\/desireonline.shop\/vi\/wp-json\/wp\/v2\/product\/66847","targetHints":{"allow":["GET"]}}],"collection":[{"href":"https:\/\/desireonline.shop\/vi\/wp-json\/wp\/v2\/product"}],"about":[{"href":"https:\/\/desireonline.shop\/vi\/wp-json\/wp\/v2\/types\/product"}],"replies":[{"embeddable":true,"href":"https:\/\/desireonline.shop\/vi\/wp-json\/wp\/v2\/comments?post=66847"}],"version-history":[{"count":0,"href":"https:\/\/desireonline.shop\/vi\/wp-json\/wp\/v2\/product\/66847\/revisions"}],"wp:featuredmedia":[{"embeddable":true,"href":"https:\/\/desireonline.shop\/vi\/wp-json\/wp\/v2\/media\/62449"}],"wp:attachment":[{"href":"https:\/\/desireonline.shop\/vi\/wp-json\/wp\/v2\/media?parent=66847"}],"wp:term":[{"taxonomy":"product_brand","embeddable":true,"href":"https:\/\/desireonline.shop\/vi\/wp-json\/wp\/v2\/product_brand?post=66847"},{"taxonomy":"product_cat","embeddable":true,"href":"https:\/\/desireonline.shop\/vi\/wp-json\/wp\/v2\/product_cat?post=66847"},{"taxonomy":"product_tag","embeddable":true,"href":"https:\/\/desireonline.shop\/vi\/wp-json\/wp\/v2\/product_tag?post=66847"}],"curies":[{"name":"wp","href":"https:\/\/api.w.org\/{rel}","templated":true}]}}