{"id":66876,"date":"2026-02-16T11:27:00","date_gmt":"2026-02-16T11:27:00","guid":{"rendered":"https:\/\/desireonline.shop\/product\/manq-jennie-the-big-sister-am-dao-gia-nam\/"},"modified":"2026-03-10T06:32:01","modified_gmt":"2026-03-10T06:32:01","slug":"manq-jennie-the-big-sister-am-dao-gia-nam","status":"publish","type":"product","link":"https:\/\/desireonline.shop\/vi\/san-pham\/manq-jennie-the-big-sister-am-dao-gia-nam\/","title":{"rendered":"ManQ Jennie The Big Sister \u00c2m \u0111\u1ea1o gi\u1ea3 nam"},"content":{"rendered":"<p>\u00c2m \u0111\u1ea1o gi\u1ea3 nam c\u00f3 rung n\u00e0y t\u1eadp trung v\u00e0o s\u1ef1 tho\u1ea3i m\u00e1i v\u00e0 k\u00edch th\u00edch \u1ed5n \u0111\u1ecbnh. V\u1edbi nhi\u1ec1u m\u1ee9c t\u1ed1c \u0111\u1ed9 v\u00e0 ph\u1ea7n b\u00ean trong m\u01b0\u1ee3t m\u00e0, ch\u00e2n th\u1ef1c, s\u1ea3n ph\u1ea9m mang l\u1ea1i nh\u1eefng tr\u1ea3i nghi\u1ec7m c\u00e1 nh\u00e2n th\u00fa v\u1ecb, tr\u1ef1c quan v\u00e0 th\u1ecfa m\u00e3n m\u00e0 kh\u00f4ng ph\u1ee9c t\u1ea1p.<\/p>\n","protected":false},"excerpt":{"rendered":"<p>\u00c2m \u0111\u1ea1o gi\u1ea3 nam c\u00f3 rung n\u00e0y t\u1eadp trung v\u00e0o s\u1ef1 tho\u1ea3i m\u00e1i v\u00e0 k\u00edch th\u00edch \u1ed5n \u0111\u1ecbnh. V\u1edbi nhi\u1ec1u m\u1ee9c t\u1ed1c \u0111\u1ed9 v\u00e0 ph\u1ea7n b\u00ean trong m\u01b0\u1ee3t m\u00e0, ch\u00e2n&hellip;<\/p>\n","protected":false},"featured_media":62463,"comment_status":"open","ping_status":"closed","template":"","meta":{"_acf_changed":false},"product_brand":[],"product_cat":[1407,1411,1410],"product_tag":[],"class_list":{"0":"post-66876","1":"product","2":"type-product","3":"status-publish","4":"has-post-thumbnail","6":"product_cat-am-dao-gia-cho-nam","7":"product_cat-san-pham-mo-phong-am-dao","8":"product_cat-san-pham-mo-phong-vong-mong","10":"first","11":"instock","12":"shipping-taxable","13":"purchasable","14":"product-type-simple"},"acf":[],"yoast_head":"<!-- This site is optimized with the Yoast SEO plugin v27.1.1 - https:\/\/yoast.com\/product\/yoast-seo-wordpress\/ -->\n<title>ManQ Jennie The Big Sister \u00c2m \u0111\u1ea1o gi\u1ea3 nam - Desire<\/title>\n<meta name=\"robots\" content=\"index, follow, max-snippet:-1, max-image-preview:large, max-video-preview:-1\" \/>\n<link rel=\"canonical\" href=\"https:\/\/desireonline.shop\/vi\/san-pham\/manq-jennie-the-big-sister-am-dao-gia-nam\/\" \/>\n<meta property=\"og:locale\" content=\"vi_VN\" \/>\n<meta property=\"og:type\" content=\"article\" \/>\n<meta property=\"og:title\" content=\"ManQ Jennie The Big Sister \u00c2m \u0111\u1ea1o gi\u1ea3 nam - Desire\" \/>\n<meta property=\"og:description\" content=\"\u00c2m \u0111\u1ea1o gi\u1ea3 nam c\u00f3 rung n\u00e0y t\u1eadp trung v\u00e0o s\u1ef1 tho\u1ea3i m\u00e1i v\u00e0 k\u00edch th\u00edch \u1ed5n \u0111\u1ecbnh. V\u1edbi nhi\u1ec1u m\u1ee9c t\u1ed1c \u0111\u1ed9 v\u00e0 ph\u1ea7n b\u00ean trong m\u01b0\u1ee3t m\u00e0, ch\u00e2n&hellip;\" \/>\n<meta property=\"og:url\" content=\"https:\/\/desireonline.shop\/vi\/san-pham\/manq-jennie-the-big-sister-am-dao-gia-nam\/\" \/>\n<meta property=\"og:site_name\" content=\"Desire\" \/>\n<meta property=\"article:modified_time\" content=\"2026-03-10T06:32:01+00:00\" \/>\n<meta property=\"og:image\" content=\"https:\/\/desireonline.shop\/wp-content\/uploads\/2026\/02\/CN-102654802_00.jpg\" \/>\n\t<meta property=\"og:image:width\" content=\"1000\" \/>\n\t<meta property=\"og:image:height\" content=\"1000\" \/>\n\t<meta property=\"og:image:type\" content=\"image\/jpeg\" \/>\n<meta name=\"twitter:card\" content=\"summary_large_image\" \/>\n<script type=\"application\/ld+json\" class=\"yoast-schema-graph\">{\"@context\":\"https:\/\/schema.org\",\"@graph\":[{\"@type\":\"WebPage\",\"@id\":\"https:\/\/desireonline.shop\/vi\/san-pham\/manq-jennie-the-big-sister-am-dao-gia-nam\/\",\"url\":\"https:\/\/desireonline.shop\/vi\/san-pham\/manq-jennie-the-big-sister-am-dao-gia-nam\/\",\"name\":\"ManQ Jennie The Big Sister \u00c2m \u0111\u1ea1o gi\u1ea3 nam - Desire\",\"isPartOf\":{\"@id\":\"https:\/\/desireonline.shop\/vi\/#website\"},\"primaryImageOfPage\":{\"@id\":\"https:\/\/desireonline.shop\/vi\/san-pham\/manq-jennie-the-big-sister-am-dao-gia-nam\/#primaryimage\"},\"image\":{\"@id\":\"https:\/\/desireonline.shop\/vi\/san-pham\/manq-jennie-the-big-sister-am-dao-gia-nam\/#primaryimage\"},\"thumbnailUrl\":\"https:\/\/desireonline.shop\/wp-content\/uploads\/2026\/02\/CN-102654802_00.jpg\",\"datePublished\":\"2026-02-16T11:27:00+00:00\",\"dateModified\":\"2026-03-10T06:32:01+00:00\",\"breadcrumb\":{\"@id\":\"https:\/\/desireonline.shop\/vi\/san-pham\/manq-jennie-the-big-sister-am-dao-gia-nam\/#breadcrumb\"},\"inLanguage\":\"vi\",\"potentialAction\":[{\"@type\":\"ReadAction\",\"target\":[\"https:\/\/desireonline.shop\/vi\/san-pham\/manq-jennie-the-big-sister-am-dao-gia-nam\/\"]}]},{\"@type\":\"ImageObject\",\"inLanguage\":\"vi\",\"@id\":\"https:\/\/desireonline.shop\/vi\/san-pham\/manq-jennie-the-big-sister-am-dao-gia-nam\/#primaryimage\",\"url\":\"https:\/\/desireonline.shop\/wp-content\/uploads\/2026\/02\/CN-102654802_00.jpg\",\"contentUrl\":\"https:\/\/desireonline.shop\/wp-content\/uploads\/2026\/02\/CN-102654802_00.jpg\",\"width\":1000,\"height\":1000},{\"@type\":\"BreadcrumbList\",\"@id\":\"https:\/\/desireonline.shop\/vi\/san-pham\/manq-jennie-the-big-sister-am-dao-gia-nam\/#breadcrumb\",\"itemListElement\":[{\"@type\":\"ListItem\",\"position\":1,\"name\":\"Home\",\"item\":\"https:\/\/desireonline.shop\/vi\/trang-chu\/?lang=vi\"},{\"@type\":\"ListItem\",\"position\":2,\"name\":\"T\u1ea5t c\u1ea3 s\u1ea3n ph\u1ea9m\",\"item\":\"https:\/\/desireonline.shop\/cua-hang\/?lang=vi\"},{\"@type\":\"ListItem\",\"position\":3,\"name\":\"ManQ Jennie The Big Sister \u00c2m \u0111\u1ea1o gi\u1ea3 nam\"}]},{\"@type\":\"WebSite\",\"@id\":\"https:\/\/desireonline.shop\/vi\/#website\",\"url\":\"https:\/\/desireonline.shop\/vi\/\",\"name\":\"Desire\",\"description\":\"Sexual Wellness Platform\",\"publisher\":{\"@id\":\"https:\/\/desireonline.shop\/vi\/#organization\"},\"potentialAction\":[{\"@type\":\"SearchAction\",\"target\":{\"@type\":\"EntryPoint\",\"urlTemplate\":\"https:\/\/desireonline.shop\/vi\/?s={search_term_string}\"},\"query-input\":{\"@type\":\"PropertyValueSpecification\",\"valueRequired\":true,\"valueName\":\"search_term_string\"}}],\"inLanguage\":\"vi\"},{\"@type\":\"Organization\",\"@id\":\"https:\/\/desireonline.shop\/vi\/#organization\",\"name\":\"Desire\",\"url\":\"https:\/\/desireonline.shop\/vi\/\",\"logo\":{\"@type\":\"ImageObject\",\"inLanguage\":\"vi\",\"@id\":\"https:\/\/desireonline.shop\/vi\/#\/schema\/logo\/image\/\",\"url\":\"https:\/\/desireonline.shop\/wp-content\/uploads\/2024\/06\/Logo-Thick-Font-1.webp\",\"contentUrl\":\"https:\/\/desireonline.shop\/wp-content\/uploads\/2024\/06\/Logo-Thick-Font-1.webp\",\"width\":268,\"height\":399,\"caption\":\"Desire\"},\"image\":{\"@id\":\"https:\/\/desireonline.shop\/vi\/#\/schema\/logo\/image\/\"}}]}<\/script>\n<!-- \/ Yoast SEO plugin. -->","yoast_head_json":{"title":"ManQ Jennie The Big Sister \u00c2m \u0111\u1ea1o gi\u1ea3 nam - Desire","robots":{"index":"index","follow":"follow","max-snippet":"max-snippet:-1","max-image-preview":"max-image-preview:large","max-video-preview":"max-video-preview:-1"},"canonical":"https:\/\/desireonline.shop\/vi\/san-pham\/manq-jennie-the-big-sister-am-dao-gia-nam\/","og_locale":"vi_VN","og_type":"article","og_title":"ManQ Jennie The Big Sister \u00c2m \u0111\u1ea1o gi\u1ea3 nam - Desire","og_description":"\u00c2m \u0111\u1ea1o gi\u1ea3 nam c\u00f3 rung n\u00e0y t\u1eadp trung v\u00e0o s\u1ef1 tho\u1ea3i m\u00e1i v\u00e0 k\u00edch th\u00edch \u1ed5n \u0111\u1ecbnh. V\u1edbi nhi\u1ec1u m\u1ee9c t\u1ed1c \u0111\u1ed9 v\u00e0 ph\u1ea7n b\u00ean trong m\u01b0\u1ee3t m\u00e0, ch\u00e2n&hellip;","og_url":"https:\/\/desireonline.shop\/vi\/san-pham\/manq-jennie-the-big-sister-am-dao-gia-nam\/","og_site_name":"Desire","article_modified_time":"2026-03-10T06:32:01+00:00","og_image":[{"width":1000,"height":1000,"url":"https:\/\/desireonline.shop\/wp-content\/uploads\/2026\/02\/CN-102654802_00.jpg","type":"image\/jpeg"}],"twitter_card":"summary_large_image","schema":{"@context":"https:\/\/schema.org","@graph":[{"@type":"WebPage","@id":"https:\/\/desireonline.shop\/vi\/san-pham\/manq-jennie-the-big-sister-am-dao-gia-nam\/","url":"https:\/\/desireonline.shop\/vi\/san-pham\/manq-jennie-the-big-sister-am-dao-gia-nam\/","name":"ManQ Jennie The Big Sister \u00c2m \u0111\u1ea1o gi\u1ea3 nam - Desire","isPartOf":{"@id":"https:\/\/desireonline.shop\/vi\/#website"},"primaryImageOfPage":{"@id":"https:\/\/desireonline.shop\/vi\/san-pham\/manq-jennie-the-big-sister-am-dao-gia-nam\/#primaryimage"},"image":{"@id":"https:\/\/desireonline.shop\/vi\/san-pham\/manq-jennie-the-big-sister-am-dao-gia-nam\/#primaryimage"},"thumbnailUrl":"https:\/\/desireonline.shop\/wp-content\/uploads\/2026\/02\/CN-102654802_00.jpg","datePublished":"2026-02-16T11:27:00+00:00","dateModified":"2026-03-10T06:32:01+00:00","breadcrumb":{"@id":"https:\/\/desireonline.shop\/vi\/san-pham\/manq-jennie-the-big-sister-am-dao-gia-nam\/#breadcrumb"},"inLanguage":"vi","potentialAction":[{"@type":"ReadAction","target":["https:\/\/desireonline.shop\/vi\/san-pham\/manq-jennie-the-big-sister-am-dao-gia-nam\/"]}]},{"@type":"ImageObject","inLanguage":"vi","@id":"https:\/\/desireonline.shop\/vi\/san-pham\/manq-jennie-the-big-sister-am-dao-gia-nam\/#primaryimage","url":"https:\/\/desireonline.shop\/wp-content\/uploads\/2026\/02\/CN-102654802_00.jpg","contentUrl":"https:\/\/desireonline.shop\/wp-content\/uploads\/2026\/02\/CN-102654802_00.jpg","width":1000,"height":1000},{"@type":"BreadcrumbList","@id":"https:\/\/desireonline.shop\/vi\/san-pham\/manq-jennie-the-big-sister-am-dao-gia-nam\/#breadcrumb","itemListElement":[{"@type":"ListItem","position":1,"name":"Home","item":"https:\/\/desireonline.shop\/vi\/trang-chu\/?lang=vi"},{"@type":"ListItem","position":2,"name":"T\u1ea5t c\u1ea3 s\u1ea3n ph\u1ea9m","item":"https:\/\/desireonline.shop\/cua-hang\/?lang=vi"},{"@type":"ListItem","position":3,"name":"ManQ Jennie The Big Sister \u00c2m \u0111\u1ea1o gi\u1ea3 nam"}]},{"@type":"WebSite","@id":"https:\/\/desireonline.shop\/vi\/#website","url":"https:\/\/desireonline.shop\/vi\/","name":"Desire","description":"Sexual Wellness Platform","publisher":{"@id":"https:\/\/desireonline.shop\/vi\/#organization"},"potentialAction":[{"@type":"SearchAction","target":{"@type":"EntryPoint","urlTemplate":"https:\/\/desireonline.shop\/vi\/?s={search_term_string}"},"query-input":{"@type":"PropertyValueSpecification","valueRequired":true,"valueName":"search_term_string"}}],"inLanguage":"vi"},{"@type":"Organization","@id":"https:\/\/desireonline.shop\/vi\/#organization","name":"Desire","url":"https:\/\/desireonline.shop\/vi\/","logo":{"@type":"ImageObject","inLanguage":"vi","@id":"https:\/\/desireonline.shop\/vi\/#\/schema\/logo\/image\/","url":"https:\/\/desireonline.shop\/wp-content\/uploads\/2024\/06\/Logo-Thick-Font-1.webp","contentUrl":"https:\/\/desireonline.shop\/wp-content\/uploads\/2024\/06\/Logo-Thick-Font-1.webp","width":268,"height":399,"caption":"Desire"},"image":{"@id":"https:\/\/desireonline.shop\/vi\/#\/schema\/logo\/image\/"}}]}},"_links":{"self":[{"href":"https:\/\/desireonline.shop\/vi\/wp-json\/wp\/v2\/product\/66876","targetHints":{"allow":["GET"]}}],"collection":[{"href":"https:\/\/desireonline.shop\/vi\/wp-json\/wp\/v2\/product"}],"about":[{"href":"https:\/\/desireonline.shop\/vi\/wp-json\/wp\/v2\/types\/product"}],"replies":[{"embeddable":true,"href":"https:\/\/desireonline.shop\/vi\/wp-json\/wp\/v2\/comments?post=66876"}],"version-history":[{"count":0,"href":"https:\/\/desireonline.shop\/vi\/wp-json\/wp\/v2\/product\/66876\/revisions"}],"wp:featuredmedia":[{"embeddable":true,"href":"https:\/\/desireonline.shop\/vi\/wp-json\/wp\/v2\/media\/62463"}],"wp:attachment":[{"href":"https:\/\/desireonline.shop\/vi\/wp-json\/wp\/v2\/media?parent=66876"}],"wp:term":[{"taxonomy":"product_brand","embeddable":true,"href":"https:\/\/desireonline.shop\/vi\/wp-json\/wp\/v2\/product_brand?post=66876"},{"taxonomy":"product_cat","embeddable":true,"href":"https:\/\/desireonline.shop\/vi\/wp-json\/wp\/v2\/product_cat?post=66876"},{"taxonomy":"product_tag","embeddable":true,"href":"https:\/\/desireonline.shop\/vi\/wp-json\/wp\/v2\/product_tag?post=66876"}],"curies":[{"name":"wp","href":"https:\/\/api.w.org\/{rel}","templated":true}]}}