{"id":66920,"date":"2026-02-16T11:28:00","date_gmt":"2026-02-16T11:28:00","guid":{"rendered":"https:\/\/desireonline.shop\/product\/manq-maddys-vibrating-ass-am-dao-gia-nam\/"},"modified":"2026-03-10T05:52:25","modified_gmt":"2026-03-10T05:52:25","slug":"manq-maddys-vibrating-ass-am-dao-gia-nam","status":"publish","type":"product","link":"https:\/\/desireonline.shop\/vi\/san-pham\/manq-maddys-vibrating-ass-am-dao-gia-nam\/","title":{"rendered":"ManQ Maddy\u2019s Vibrating Ass \u00c2m \u0111\u1ea1o gi\u1ea3 nam"},"content":{"rendered":"<p>\u00c2m \u0111\u1ea1o gi\u1ea3 nam c\u00f3 h\u00ecnh d\u00e1ng \u0111\u1ed9c \u0111\u00e1o n\u00e0y \u0111\u01b0\u1ee3c thi\u1ebft k\u1ebf \u0111\u1ec3 mang l\u1ea1i s\u1ef1 \u0111a d\u1ea1ng cho nh\u1eefng tr\u1ea3i nghi\u1ec7m c\u00e1 nh\u00e2n. V\u1edbi nhi\u1ec1u t\u1ed1c \u0111\u1ed9 rung v\u00e0 ph\u1ea7n b\u00ean trong m\u1ec1m m\u1ea1i, s\u1ea3n ph\u1ea9m khuy\u1ebfn kh\u00edch s\u1ef1 kh\u00e1m ph\u00e1 trong khi v\u1eabn gi\u1eef s\u1ef1 tho\u1ea3i m\u00e1i v\u00e0 d\u1ec5 s\u1eed d\u1ee5ng l\u00e0m tr\u1ecdng t\u00e2m.<\/p>\n","protected":false},"excerpt":{"rendered":"<p>\u00c2m \u0111\u1ea1o gi\u1ea3 nam c\u00f3 h\u00ecnh d\u00e1ng \u0111\u1ed9c \u0111\u00e1o n\u00e0y \u0111\u01b0\u1ee3c thi\u1ebft k\u1ebf \u0111\u1ec3 mang l\u1ea1i s\u1ef1 \u0111a d\u1ea1ng cho nh\u1eefng tr\u1ea3i nghi\u1ec7m c\u00e1 nh\u00e2n. V\u1edbi nhi\u1ec1u t\u1ed1c \u0111\u1ed9 rung&hellip;<\/p>\n","protected":false},"featured_media":62483,"comment_status":"open","ping_status":"closed","template":"","meta":{"_acf_changed":false},"product_brand":[],"product_cat":[1407,1411,1410],"product_tag":[],"class_list":{"0":"post-66920","1":"product","2":"type-product","3":"status-publish","4":"has-post-thumbnail","6":"product_cat-am-dao-gia-cho-nam","7":"product_cat-san-pham-mo-phong-am-dao","8":"product_cat-san-pham-mo-phong-vong-mong","10":"first","11":"instock","12":"shipping-taxable","13":"purchasable","14":"product-type-simple"},"acf":[],"yoast_head":"<!-- This site is optimized with the Yoast SEO plugin v27.1.1 - https:\/\/yoast.com\/product\/yoast-seo-wordpress\/ -->\n<title>ManQ Maddy\u2019s Vibrating Ass \u00c2m \u0111\u1ea1o gi\u1ea3 nam - Desire<\/title>\n<meta name=\"robots\" content=\"index, follow, max-snippet:-1, max-image-preview:large, max-video-preview:-1\" \/>\n<link rel=\"canonical\" href=\"https:\/\/desireonline.shop\/vi\/san-pham\/manq-maddys-vibrating-ass-am-dao-gia-nam\/\" \/>\n<meta property=\"og:locale\" content=\"vi_VN\" \/>\n<meta property=\"og:type\" content=\"article\" \/>\n<meta property=\"og:title\" content=\"ManQ Maddy\u2019s Vibrating Ass \u00c2m \u0111\u1ea1o gi\u1ea3 nam - Desire\" \/>\n<meta property=\"og:description\" content=\"\u00c2m \u0111\u1ea1o gi\u1ea3 nam c\u00f3 h\u00ecnh d\u00e1ng \u0111\u1ed9c \u0111\u00e1o n\u00e0y \u0111\u01b0\u1ee3c thi\u1ebft k\u1ebf \u0111\u1ec3 mang l\u1ea1i s\u1ef1 \u0111a d\u1ea1ng cho nh\u1eefng tr\u1ea3i nghi\u1ec7m c\u00e1 nh\u00e2n. V\u1edbi nhi\u1ec1u t\u1ed1c \u0111\u1ed9 rung&hellip;\" \/>\n<meta property=\"og:url\" content=\"https:\/\/desireonline.shop\/vi\/san-pham\/manq-maddys-vibrating-ass-am-dao-gia-nam\/\" \/>\n<meta property=\"og:site_name\" content=\"Desire\" \/>\n<meta property=\"article:modified_time\" content=\"2026-03-10T05:52:25+00:00\" \/>\n<meta property=\"og:image\" content=\"https:\/\/desireonline.shop\/wp-content\/uploads\/2026\/02\/CN-332690233_00-scaled.jpg\" \/>\n\t<meta property=\"og:image:width\" content=\"2560\" \/>\n\t<meta property=\"og:image:height\" content=\"1825\" \/>\n\t<meta property=\"og:image:type\" content=\"image\/jpeg\" \/>\n<meta name=\"twitter:card\" content=\"summary_large_image\" \/>\n<script type=\"application\/ld+json\" class=\"yoast-schema-graph\">{\"@context\":\"https:\/\/schema.org\",\"@graph\":[{\"@type\":\"WebPage\",\"@id\":\"https:\/\/desireonline.shop\/vi\/san-pham\/manq-maddys-vibrating-ass-am-dao-gia-nam\/\",\"url\":\"https:\/\/desireonline.shop\/vi\/san-pham\/manq-maddys-vibrating-ass-am-dao-gia-nam\/\",\"name\":\"ManQ Maddy\u2019s Vibrating Ass \u00c2m \u0111\u1ea1o gi\u1ea3 nam - Desire\",\"isPartOf\":{\"@id\":\"https:\/\/desireonline.shop\/vi\/#website\"},\"primaryImageOfPage\":{\"@id\":\"https:\/\/desireonline.shop\/vi\/san-pham\/manq-maddys-vibrating-ass-am-dao-gia-nam\/#primaryimage\"},\"image\":{\"@id\":\"https:\/\/desireonline.shop\/vi\/san-pham\/manq-maddys-vibrating-ass-am-dao-gia-nam\/#primaryimage\"},\"thumbnailUrl\":\"https:\/\/desireonline.shop\/wp-content\/uploads\/2026\/02\/CN-332690233_00-scaled.jpg\",\"datePublished\":\"2026-02-16T11:28:00+00:00\",\"dateModified\":\"2026-03-10T05:52:25+00:00\",\"breadcrumb\":{\"@id\":\"https:\/\/desireonline.shop\/vi\/san-pham\/manq-maddys-vibrating-ass-am-dao-gia-nam\/#breadcrumb\"},\"inLanguage\":\"vi\",\"potentialAction\":[{\"@type\":\"ReadAction\",\"target\":[\"https:\/\/desireonline.shop\/vi\/san-pham\/manq-maddys-vibrating-ass-am-dao-gia-nam\/\"]}]},{\"@type\":\"ImageObject\",\"inLanguage\":\"vi\",\"@id\":\"https:\/\/desireonline.shop\/vi\/san-pham\/manq-maddys-vibrating-ass-am-dao-gia-nam\/#primaryimage\",\"url\":\"https:\/\/desireonline.shop\/wp-content\/uploads\/2026\/02\/CN-332690233_00-scaled.jpg\",\"contentUrl\":\"https:\/\/desireonline.shop\/wp-content\/uploads\/2026\/02\/CN-332690233_00-scaled.jpg\",\"width\":2560,\"height\":1825},{\"@type\":\"BreadcrumbList\",\"@id\":\"https:\/\/desireonline.shop\/vi\/san-pham\/manq-maddys-vibrating-ass-am-dao-gia-nam\/#breadcrumb\",\"itemListElement\":[{\"@type\":\"ListItem\",\"position\":1,\"name\":\"Home\",\"item\":\"https:\/\/desireonline.shop\/vi\/trang-chu\/?lang=vi\"},{\"@type\":\"ListItem\",\"position\":2,\"name\":\"T\u1ea5t c\u1ea3 s\u1ea3n ph\u1ea9m\",\"item\":\"https:\/\/desireonline.shop\/cua-hang\/?lang=vi\"},{\"@type\":\"ListItem\",\"position\":3,\"name\":\"ManQ Maddy\u2019s Vibrating Ass \u00c2m \u0111\u1ea1o gi\u1ea3 nam\"}]},{\"@type\":\"WebSite\",\"@id\":\"https:\/\/desireonline.shop\/vi\/#website\",\"url\":\"https:\/\/desireonline.shop\/vi\/\",\"name\":\"Desire\",\"description\":\"Sexual Wellness Platform\",\"publisher\":{\"@id\":\"https:\/\/desireonline.shop\/vi\/#organization\"},\"potentialAction\":[{\"@type\":\"SearchAction\",\"target\":{\"@type\":\"EntryPoint\",\"urlTemplate\":\"https:\/\/desireonline.shop\/vi\/?s={search_term_string}\"},\"query-input\":{\"@type\":\"PropertyValueSpecification\",\"valueRequired\":true,\"valueName\":\"search_term_string\"}}],\"inLanguage\":\"vi\"},{\"@type\":\"Organization\",\"@id\":\"https:\/\/desireonline.shop\/vi\/#organization\",\"name\":\"Desire\",\"url\":\"https:\/\/desireonline.shop\/vi\/\",\"logo\":{\"@type\":\"ImageObject\",\"inLanguage\":\"vi\",\"@id\":\"https:\/\/desireonline.shop\/vi\/#\/schema\/logo\/image\/\",\"url\":\"https:\/\/desireonline.shop\/wp-content\/uploads\/2024\/06\/Logo-Thick-Font-1.webp\",\"contentUrl\":\"https:\/\/desireonline.shop\/wp-content\/uploads\/2024\/06\/Logo-Thick-Font-1.webp\",\"width\":268,\"height\":399,\"caption\":\"Desire\"},\"image\":{\"@id\":\"https:\/\/desireonline.shop\/vi\/#\/schema\/logo\/image\/\"}}]}<\/script>\n<!-- \/ Yoast SEO plugin. -->","yoast_head_json":{"title":"ManQ Maddy\u2019s Vibrating Ass \u00c2m \u0111\u1ea1o gi\u1ea3 nam - Desire","robots":{"index":"index","follow":"follow","max-snippet":"max-snippet:-1","max-image-preview":"max-image-preview:large","max-video-preview":"max-video-preview:-1"},"canonical":"https:\/\/desireonline.shop\/vi\/san-pham\/manq-maddys-vibrating-ass-am-dao-gia-nam\/","og_locale":"vi_VN","og_type":"article","og_title":"ManQ Maddy\u2019s Vibrating Ass \u00c2m \u0111\u1ea1o gi\u1ea3 nam - Desire","og_description":"\u00c2m \u0111\u1ea1o gi\u1ea3 nam c\u00f3 h\u00ecnh d\u00e1ng \u0111\u1ed9c \u0111\u00e1o n\u00e0y \u0111\u01b0\u1ee3c thi\u1ebft k\u1ebf \u0111\u1ec3 mang l\u1ea1i s\u1ef1 \u0111a d\u1ea1ng cho nh\u1eefng tr\u1ea3i nghi\u1ec7m c\u00e1 nh\u00e2n. V\u1edbi nhi\u1ec1u t\u1ed1c \u0111\u1ed9 rung&hellip;","og_url":"https:\/\/desireonline.shop\/vi\/san-pham\/manq-maddys-vibrating-ass-am-dao-gia-nam\/","og_site_name":"Desire","article_modified_time":"2026-03-10T05:52:25+00:00","og_image":[{"width":2560,"height":1825,"url":"https:\/\/desireonline.shop\/wp-content\/uploads\/2026\/02\/CN-332690233_00-scaled.jpg","type":"image\/jpeg"}],"twitter_card":"summary_large_image","schema":{"@context":"https:\/\/schema.org","@graph":[{"@type":"WebPage","@id":"https:\/\/desireonline.shop\/vi\/san-pham\/manq-maddys-vibrating-ass-am-dao-gia-nam\/","url":"https:\/\/desireonline.shop\/vi\/san-pham\/manq-maddys-vibrating-ass-am-dao-gia-nam\/","name":"ManQ Maddy\u2019s Vibrating Ass \u00c2m \u0111\u1ea1o gi\u1ea3 nam - Desire","isPartOf":{"@id":"https:\/\/desireonline.shop\/vi\/#website"},"primaryImageOfPage":{"@id":"https:\/\/desireonline.shop\/vi\/san-pham\/manq-maddys-vibrating-ass-am-dao-gia-nam\/#primaryimage"},"image":{"@id":"https:\/\/desireonline.shop\/vi\/san-pham\/manq-maddys-vibrating-ass-am-dao-gia-nam\/#primaryimage"},"thumbnailUrl":"https:\/\/desireonline.shop\/wp-content\/uploads\/2026\/02\/CN-332690233_00-scaled.jpg","datePublished":"2026-02-16T11:28:00+00:00","dateModified":"2026-03-10T05:52:25+00:00","breadcrumb":{"@id":"https:\/\/desireonline.shop\/vi\/san-pham\/manq-maddys-vibrating-ass-am-dao-gia-nam\/#breadcrumb"},"inLanguage":"vi","potentialAction":[{"@type":"ReadAction","target":["https:\/\/desireonline.shop\/vi\/san-pham\/manq-maddys-vibrating-ass-am-dao-gia-nam\/"]}]},{"@type":"ImageObject","inLanguage":"vi","@id":"https:\/\/desireonline.shop\/vi\/san-pham\/manq-maddys-vibrating-ass-am-dao-gia-nam\/#primaryimage","url":"https:\/\/desireonline.shop\/wp-content\/uploads\/2026\/02\/CN-332690233_00-scaled.jpg","contentUrl":"https:\/\/desireonline.shop\/wp-content\/uploads\/2026\/02\/CN-332690233_00-scaled.jpg","width":2560,"height":1825},{"@type":"BreadcrumbList","@id":"https:\/\/desireonline.shop\/vi\/san-pham\/manq-maddys-vibrating-ass-am-dao-gia-nam\/#breadcrumb","itemListElement":[{"@type":"ListItem","position":1,"name":"Home","item":"https:\/\/desireonline.shop\/vi\/trang-chu\/?lang=vi"},{"@type":"ListItem","position":2,"name":"T\u1ea5t c\u1ea3 s\u1ea3n ph\u1ea9m","item":"https:\/\/desireonline.shop\/cua-hang\/?lang=vi"},{"@type":"ListItem","position":3,"name":"ManQ Maddy\u2019s Vibrating Ass \u00c2m \u0111\u1ea1o gi\u1ea3 nam"}]},{"@type":"WebSite","@id":"https:\/\/desireonline.shop\/vi\/#website","url":"https:\/\/desireonline.shop\/vi\/","name":"Desire","description":"Sexual Wellness Platform","publisher":{"@id":"https:\/\/desireonline.shop\/vi\/#organization"},"potentialAction":[{"@type":"SearchAction","target":{"@type":"EntryPoint","urlTemplate":"https:\/\/desireonline.shop\/vi\/?s={search_term_string}"},"query-input":{"@type":"PropertyValueSpecification","valueRequired":true,"valueName":"search_term_string"}}],"inLanguage":"vi"},{"@type":"Organization","@id":"https:\/\/desireonline.shop\/vi\/#organization","name":"Desire","url":"https:\/\/desireonline.shop\/vi\/","logo":{"@type":"ImageObject","inLanguage":"vi","@id":"https:\/\/desireonline.shop\/vi\/#\/schema\/logo\/image\/","url":"https:\/\/desireonline.shop\/wp-content\/uploads\/2024\/06\/Logo-Thick-Font-1.webp","contentUrl":"https:\/\/desireonline.shop\/wp-content\/uploads\/2024\/06\/Logo-Thick-Font-1.webp","width":268,"height":399,"caption":"Desire"},"image":{"@id":"https:\/\/desireonline.shop\/vi\/#\/schema\/logo\/image\/"}}]}},"_links":{"self":[{"href":"https:\/\/desireonline.shop\/vi\/wp-json\/wp\/v2\/product\/66920","targetHints":{"allow":["GET"]}}],"collection":[{"href":"https:\/\/desireonline.shop\/vi\/wp-json\/wp\/v2\/product"}],"about":[{"href":"https:\/\/desireonline.shop\/vi\/wp-json\/wp\/v2\/types\/product"}],"replies":[{"embeddable":true,"href":"https:\/\/desireonline.shop\/vi\/wp-json\/wp\/v2\/comments?post=66920"}],"version-history":[{"count":0,"href":"https:\/\/desireonline.shop\/vi\/wp-json\/wp\/v2\/product\/66920\/revisions"}],"wp:featuredmedia":[{"embeddable":true,"href":"https:\/\/desireonline.shop\/vi\/wp-json\/wp\/v2\/media\/62483"}],"wp:attachment":[{"href":"https:\/\/desireonline.shop\/vi\/wp-json\/wp\/v2\/media?parent=66920"}],"wp:term":[{"taxonomy":"product_brand","embeddable":true,"href":"https:\/\/desireonline.shop\/vi\/wp-json\/wp\/v2\/product_brand?post=66920"},{"taxonomy":"product_cat","embeddable":true,"href":"https:\/\/desireonline.shop\/vi\/wp-json\/wp\/v2\/product_cat?post=66920"},{"taxonomy":"product_tag","embeddable":true,"href":"https:\/\/desireonline.shop\/vi\/wp-json\/wp\/v2\/product_tag?post=66920"}],"curies":[{"name":"wp","href":"https:\/\/api.w.org\/{rel}","templated":true}]}}