{"id":66954,"date":"2026-02-16T11:29:00","date_gmt":"2026-02-16T11:29:00","guid":{"rendered":"https:\/\/desireonline.shop\/product\/super-me-bao-don-duong-vat-fuck-ass-cock-sleeve\/"},"modified":"2026-03-10T05:52:56","modified_gmt":"2026-03-10T05:52:56","slug":"super-me-bao-don-duong-vat-fuck-ass-cock-sleeve","status":"publish","type":"product","link":"https:\/\/desireonline.shop\/vi\/san-pham\/super-me-bao-don-duong-vat-fuck-ass-cock-sleeve\/","title":{"rendered":"SUPER ME Bao \u0111\u00f4n d\u01b0\u01a1ng v\u1eadt Fuck Ass Cock Sleeve"},"content":{"rendered":"<p>\u0110\u01a1n gi\u1ea3n, linh ho\u1ea1t v\u00e0 gi\u00fap t\u0103ng s\u1ef1 t\u1ef1 tin, bao \u0111\u00f4n co gi\u00e3n n\u00e0y \u0111\u01b0\u1ee3c thi\u1ebft k\u1ebf \u0111\u1ec3 t\u0103ng c\u01b0\u1eddng c\u1ea3m gi\u00e1c m\u00e0 kh\u00f4ng ph\u1ee9c t\u1ea1p. C\u1ea3m gi\u00e1c ch\u00e2n th\u1ef1c v\u00e0 \u0111\u1ed9 v\u1eeba v\u1eb7n tho\u1ea3i m\u00e1i khi\u1ebfn s\u1ea3n ph\u1ea9m l\u00fd t\u01b0\u1edfng \u0111\u1ec3 th\u1eed nghi\u1ec7m \u0111i\u1ec1u g\u00ec \u0111\u00f3 m\u1edbi m\u1ebb, d\u00f9 l\u00e0 tr\u1ea3i nghi\u1ec7m c\u00e1 nh\u00e2n hay c\u00f9ng b\u1ea1n t\u00ecnh. D\u1ec5 s\u1eed d\u1ee5ng, d\u1ec5 t\u1eadn h\u01b0\u1edfng.<\/p>\n","protected":false},"excerpt":{"rendered":"<p>\u0110\u01a1n gi\u1ea3n, linh ho\u1ea1t v\u00e0 gi\u00fap t\u0103ng s\u1ef1 t\u1ef1 tin, bao \u0111\u00f4n co gi\u00e3n n\u00e0y \u0111\u01b0\u1ee3c thi\u1ebft k\u1ebf \u0111\u1ec3 t\u0103ng c\u01b0\u1eddng c\u1ea3m gi\u00e1c m\u00e0 kh\u00f4ng ph\u1ee9c t\u1ea1p. C\u1ea3m gi\u00e1c ch\u00e2n&hellip;<\/p>\n","protected":false},"featured_media":62548,"comment_status":"open","ping_status":"closed","template":"","meta":{"_acf_changed":false},"product_brand":[],"product_cat":[1405],"product_tag":[],"class_list":{"0":"post-66954","1":"product","2":"type-product","3":"status-publish","4":"has-post-thumbnail","6":"product_cat-bao-ong-ho-tro","8":"first","9":"instock","10":"shipping-taxable","11":"purchasable","12":"product-type-simple"},"acf":[],"yoast_head":"<!-- This site is optimized with the Yoast SEO plugin v27.1.1 - https:\/\/yoast.com\/product\/yoast-seo-wordpress\/ -->\n<title>SUPER ME Bao \u0111\u00f4n d\u01b0\u01a1ng v\u1eadt Fuck Ass Cock Sleeve - Desire<\/title>\n<meta name=\"robots\" content=\"index, follow, max-snippet:-1, max-image-preview:large, max-video-preview:-1\" \/>\n<link rel=\"canonical\" href=\"https:\/\/desireonline.shop\/vi\/san-pham\/super-me-bao-don-duong-vat-fuck-ass-cock-sleeve\/\" \/>\n<meta property=\"og:locale\" content=\"vi_VN\" \/>\n<meta property=\"og:type\" content=\"article\" \/>\n<meta property=\"og:title\" content=\"SUPER ME Bao \u0111\u00f4n d\u01b0\u01a1ng v\u1eadt Fuck Ass Cock Sleeve - Desire\" \/>\n<meta property=\"og:description\" content=\"\u0110\u01a1n gi\u1ea3n, linh ho\u1ea1t v\u00e0 gi\u00fap t\u0103ng s\u1ef1 t\u1ef1 tin, bao \u0111\u00f4n co gi\u00e3n n\u00e0y \u0111\u01b0\u1ee3c thi\u1ebft k\u1ebf \u0111\u1ec3 t\u0103ng c\u01b0\u1eddng c\u1ea3m gi\u00e1c m\u00e0 kh\u00f4ng ph\u1ee9c t\u1ea1p. C\u1ea3m gi\u00e1c ch\u00e2n&hellip;\" \/>\n<meta property=\"og:url\" content=\"https:\/\/desireonline.shop\/vi\/san-pham\/super-me-bao-don-duong-vat-fuck-ass-cock-sleeve\/\" \/>\n<meta property=\"og:site_name\" content=\"Desire\" \/>\n<meta property=\"article:modified_time\" content=\"2026-03-10T05:52:56+00:00\" \/>\n<meta property=\"og:image\" content=\"https:\/\/desireonline.shop\/wp-content\/uploads\/2026\/02\/CN-101627481_00.jpg\" \/>\n\t<meta property=\"og:image:width\" content=\"1000\" \/>\n\t<meta property=\"og:image:height\" content=\"1000\" \/>\n\t<meta property=\"og:image:type\" content=\"image\/jpeg\" \/>\n<meta name=\"twitter:card\" content=\"summary_large_image\" \/>\n<meta name=\"twitter:label1\" content=\"\u01af\u1edbc t\u00ednh th\u1eddi gian \u0111\u1ecdc\" \/>\n\t<meta name=\"twitter:data1\" content=\"1 ph\u00fat\" \/>\n<script type=\"application\/ld+json\" class=\"yoast-schema-graph\">{\"@context\":\"https:\/\/schema.org\",\"@graph\":[{\"@type\":\"WebPage\",\"@id\":\"https:\/\/desireonline.shop\/vi\/san-pham\/super-me-bao-don-duong-vat-fuck-ass-cock-sleeve\/\",\"url\":\"https:\/\/desireonline.shop\/vi\/san-pham\/super-me-bao-don-duong-vat-fuck-ass-cock-sleeve\/\",\"name\":\"SUPER ME Bao \u0111\u00f4n d\u01b0\u01a1ng v\u1eadt Fuck Ass Cock Sleeve - Desire\",\"isPartOf\":{\"@id\":\"https:\/\/desireonline.shop\/vi\/#website\"},\"primaryImageOfPage\":{\"@id\":\"https:\/\/desireonline.shop\/vi\/san-pham\/super-me-bao-don-duong-vat-fuck-ass-cock-sleeve\/#primaryimage\"},\"image\":{\"@id\":\"https:\/\/desireonline.shop\/vi\/san-pham\/super-me-bao-don-duong-vat-fuck-ass-cock-sleeve\/#primaryimage\"},\"thumbnailUrl\":\"https:\/\/desireonline.shop\/wp-content\/uploads\/2026\/02\/CN-101627481_00.jpg\",\"datePublished\":\"2026-02-16T11:29:00+00:00\",\"dateModified\":\"2026-03-10T05:52:56+00:00\",\"breadcrumb\":{\"@id\":\"https:\/\/desireonline.shop\/vi\/san-pham\/super-me-bao-don-duong-vat-fuck-ass-cock-sleeve\/#breadcrumb\"},\"inLanguage\":\"vi\",\"potentialAction\":[{\"@type\":\"ReadAction\",\"target\":[\"https:\/\/desireonline.shop\/vi\/san-pham\/super-me-bao-don-duong-vat-fuck-ass-cock-sleeve\/\"]}]},{\"@type\":\"ImageObject\",\"inLanguage\":\"vi\",\"@id\":\"https:\/\/desireonline.shop\/vi\/san-pham\/super-me-bao-don-duong-vat-fuck-ass-cock-sleeve\/#primaryimage\",\"url\":\"https:\/\/desireonline.shop\/wp-content\/uploads\/2026\/02\/CN-101627481_00.jpg\",\"contentUrl\":\"https:\/\/desireonline.shop\/wp-content\/uploads\/2026\/02\/CN-101627481_00.jpg\",\"width\":1000,\"height\":1000},{\"@type\":\"BreadcrumbList\",\"@id\":\"https:\/\/desireonline.shop\/vi\/san-pham\/super-me-bao-don-duong-vat-fuck-ass-cock-sleeve\/#breadcrumb\",\"itemListElement\":[{\"@type\":\"ListItem\",\"position\":1,\"name\":\"Home\",\"item\":\"https:\/\/desireonline.shop\/vi\/trang-chu\/?lang=vi\"},{\"@type\":\"ListItem\",\"position\":2,\"name\":\"T\u1ea5t c\u1ea3 s\u1ea3n ph\u1ea9m\",\"item\":\"https:\/\/desireonline.shop\/cua-hang\/?lang=vi\"},{\"@type\":\"ListItem\",\"position\":3,\"name\":\"SUPER ME Bao \u0111\u00f4n d\u01b0\u01a1ng v\u1eadt Fuck Ass Cock Sleeve\"}]},{\"@type\":\"WebSite\",\"@id\":\"https:\/\/desireonline.shop\/vi\/#website\",\"url\":\"https:\/\/desireonline.shop\/vi\/\",\"name\":\"Desire\",\"description\":\"Sexual Wellness Platform\",\"publisher\":{\"@id\":\"https:\/\/desireonline.shop\/vi\/#organization\"},\"potentialAction\":[{\"@type\":\"SearchAction\",\"target\":{\"@type\":\"EntryPoint\",\"urlTemplate\":\"https:\/\/desireonline.shop\/vi\/?s={search_term_string}\"},\"query-input\":{\"@type\":\"PropertyValueSpecification\",\"valueRequired\":true,\"valueName\":\"search_term_string\"}}],\"inLanguage\":\"vi\"},{\"@type\":\"Organization\",\"@id\":\"https:\/\/desireonline.shop\/vi\/#organization\",\"name\":\"Desire\",\"url\":\"https:\/\/desireonline.shop\/vi\/\",\"logo\":{\"@type\":\"ImageObject\",\"inLanguage\":\"vi\",\"@id\":\"https:\/\/desireonline.shop\/vi\/#\/schema\/logo\/image\/\",\"url\":\"https:\/\/desireonline.shop\/wp-content\/uploads\/2024\/06\/Logo-Thick-Font-1.webp\",\"contentUrl\":\"https:\/\/desireonline.shop\/wp-content\/uploads\/2024\/06\/Logo-Thick-Font-1.webp\",\"width\":268,\"height\":399,\"caption\":\"Desire\"},\"image\":{\"@id\":\"https:\/\/desireonline.shop\/vi\/#\/schema\/logo\/image\/\"}}]}<\/script>\n<!-- \/ Yoast SEO plugin. -->","yoast_head_json":{"title":"SUPER ME Bao \u0111\u00f4n d\u01b0\u01a1ng v\u1eadt Fuck Ass Cock Sleeve - Desire","robots":{"index":"index","follow":"follow","max-snippet":"max-snippet:-1","max-image-preview":"max-image-preview:large","max-video-preview":"max-video-preview:-1"},"canonical":"https:\/\/desireonline.shop\/vi\/san-pham\/super-me-bao-don-duong-vat-fuck-ass-cock-sleeve\/","og_locale":"vi_VN","og_type":"article","og_title":"SUPER ME Bao \u0111\u00f4n d\u01b0\u01a1ng v\u1eadt Fuck Ass Cock Sleeve - Desire","og_description":"\u0110\u01a1n gi\u1ea3n, linh ho\u1ea1t v\u00e0 gi\u00fap t\u0103ng s\u1ef1 t\u1ef1 tin, bao \u0111\u00f4n co gi\u00e3n n\u00e0y \u0111\u01b0\u1ee3c thi\u1ebft k\u1ebf \u0111\u1ec3 t\u0103ng c\u01b0\u1eddng c\u1ea3m gi\u00e1c m\u00e0 kh\u00f4ng ph\u1ee9c t\u1ea1p. C\u1ea3m gi\u00e1c ch\u00e2n&hellip;","og_url":"https:\/\/desireonline.shop\/vi\/san-pham\/super-me-bao-don-duong-vat-fuck-ass-cock-sleeve\/","og_site_name":"Desire","article_modified_time":"2026-03-10T05:52:56+00:00","og_image":[{"width":1000,"height":1000,"url":"https:\/\/desireonline.shop\/wp-content\/uploads\/2026\/02\/CN-101627481_00.jpg","type":"image\/jpeg"}],"twitter_card":"summary_large_image","twitter_misc":{"\u01af\u1edbc t\u00ednh th\u1eddi gian \u0111\u1ecdc":"1 ph\u00fat"},"schema":{"@context":"https:\/\/schema.org","@graph":[{"@type":"WebPage","@id":"https:\/\/desireonline.shop\/vi\/san-pham\/super-me-bao-don-duong-vat-fuck-ass-cock-sleeve\/","url":"https:\/\/desireonline.shop\/vi\/san-pham\/super-me-bao-don-duong-vat-fuck-ass-cock-sleeve\/","name":"SUPER ME Bao \u0111\u00f4n d\u01b0\u01a1ng v\u1eadt Fuck Ass Cock Sleeve - Desire","isPartOf":{"@id":"https:\/\/desireonline.shop\/vi\/#website"},"primaryImageOfPage":{"@id":"https:\/\/desireonline.shop\/vi\/san-pham\/super-me-bao-don-duong-vat-fuck-ass-cock-sleeve\/#primaryimage"},"image":{"@id":"https:\/\/desireonline.shop\/vi\/san-pham\/super-me-bao-don-duong-vat-fuck-ass-cock-sleeve\/#primaryimage"},"thumbnailUrl":"https:\/\/desireonline.shop\/wp-content\/uploads\/2026\/02\/CN-101627481_00.jpg","datePublished":"2026-02-16T11:29:00+00:00","dateModified":"2026-03-10T05:52:56+00:00","breadcrumb":{"@id":"https:\/\/desireonline.shop\/vi\/san-pham\/super-me-bao-don-duong-vat-fuck-ass-cock-sleeve\/#breadcrumb"},"inLanguage":"vi","potentialAction":[{"@type":"ReadAction","target":["https:\/\/desireonline.shop\/vi\/san-pham\/super-me-bao-don-duong-vat-fuck-ass-cock-sleeve\/"]}]},{"@type":"ImageObject","inLanguage":"vi","@id":"https:\/\/desireonline.shop\/vi\/san-pham\/super-me-bao-don-duong-vat-fuck-ass-cock-sleeve\/#primaryimage","url":"https:\/\/desireonline.shop\/wp-content\/uploads\/2026\/02\/CN-101627481_00.jpg","contentUrl":"https:\/\/desireonline.shop\/wp-content\/uploads\/2026\/02\/CN-101627481_00.jpg","width":1000,"height":1000},{"@type":"BreadcrumbList","@id":"https:\/\/desireonline.shop\/vi\/san-pham\/super-me-bao-don-duong-vat-fuck-ass-cock-sleeve\/#breadcrumb","itemListElement":[{"@type":"ListItem","position":1,"name":"Home","item":"https:\/\/desireonline.shop\/vi\/trang-chu\/?lang=vi"},{"@type":"ListItem","position":2,"name":"T\u1ea5t c\u1ea3 s\u1ea3n ph\u1ea9m","item":"https:\/\/desireonline.shop\/cua-hang\/?lang=vi"},{"@type":"ListItem","position":3,"name":"SUPER ME Bao \u0111\u00f4n d\u01b0\u01a1ng v\u1eadt Fuck Ass Cock Sleeve"}]},{"@type":"WebSite","@id":"https:\/\/desireonline.shop\/vi\/#website","url":"https:\/\/desireonline.shop\/vi\/","name":"Desire","description":"Sexual Wellness Platform","publisher":{"@id":"https:\/\/desireonline.shop\/vi\/#organization"},"potentialAction":[{"@type":"SearchAction","target":{"@type":"EntryPoint","urlTemplate":"https:\/\/desireonline.shop\/vi\/?s={search_term_string}"},"query-input":{"@type":"PropertyValueSpecification","valueRequired":true,"valueName":"search_term_string"}}],"inLanguage":"vi"},{"@type":"Organization","@id":"https:\/\/desireonline.shop\/vi\/#organization","name":"Desire","url":"https:\/\/desireonline.shop\/vi\/","logo":{"@type":"ImageObject","inLanguage":"vi","@id":"https:\/\/desireonline.shop\/vi\/#\/schema\/logo\/image\/","url":"https:\/\/desireonline.shop\/wp-content\/uploads\/2024\/06\/Logo-Thick-Font-1.webp","contentUrl":"https:\/\/desireonline.shop\/wp-content\/uploads\/2024\/06\/Logo-Thick-Font-1.webp","width":268,"height":399,"caption":"Desire"},"image":{"@id":"https:\/\/desireonline.shop\/vi\/#\/schema\/logo\/image\/"}}]}},"_links":{"self":[{"href":"https:\/\/desireonline.shop\/vi\/wp-json\/wp\/v2\/product\/66954","targetHints":{"allow":["GET"]}}],"collection":[{"href":"https:\/\/desireonline.shop\/vi\/wp-json\/wp\/v2\/product"}],"about":[{"href":"https:\/\/desireonline.shop\/vi\/wp-json\/wp\/v2\/types\/product"}],"replies":[{"embeddable":true,"href":"https:\/\/desireonline.shop\/vi\/wp-json\/wp\/v2\/comments?post=66954"}],"version-history":[{"count":0,"href":"https:\/\/desireonline.shop\/vi\/wp-json\/wp\/v2\/product\/66954\/revisions"}],"wp:featuredmedia":[{"embeddable":true,"href":"https:\/\/desireonline.shop\/vi\/wp-json\/wp\/v2\/media\/62548"}],"wp:attachment":[{"href":"https:\/\/desireonline.shop\/vi\/wp-json\/wp\/v2\/media?parent=66954"}],"wp:term":[{"taxonomy":"product_brand","embeddable":true,"href":"https:\/\/desireonline.shop\/vi\/wp-json\/wp\/v2\/product_brand?post=66954"},{"taxonomy":"product_cat","embeddable":true,"href":"https:\/\/desireonline.shop\/vi\/wp-json\/wp\/v2\/product_cat?post=66954"},{"taxonomy":"product_tag","embeddable":true,"href":"https:\/\/desireonline.shop\/vi\/wp-json\/wp\/v2\/product_tag?post=66954"}],"curies":[{"name":"wp","href":"https:\/\/api.w.org\/{rel}","templated":true}]}}