{"id":66959,"date":"2026-02-16T11:29:00","date_gmt":"2026-02-16T11:29:00","guid":{"rendered":"https:\/\/desireonline.shop\/product\/super-me-bao-don-duong-vat-real-feel-co-day-deo-tinh-hoan\/"},"modified":"2026-03-10T05:52:26","modified_gmt":"2026-03-10T05:52:26","slug":"super-me-bao-don-duong-vat-real-feel-co-day-deo-tinh-hoan","status":"publish","type":"product","link":"https:\/\/desireonline.shop\/vi\/san-pham\/super-me-bao-don-duong-vat-real-feel-co-day-deo-tinh-hoan\/","title":{"rendered":"SUPER ME Bao \u0111\u00f4n d\u01b0\u01a1ng v\u1eadt Real Feel C\u00f3 d\u00e2y \u0111eo tinh ho\u00e0n"},"content":{"rendered":"<p>Bao \u0111\u00f4n n\u00e0y k\u1ebft h\u1ee3p s\u1ef1 tho\u1ea3i m\u00e1i v\u00e0 kh\u1ea3 n\u0103ng ki\u1ec3m so\u00e1t v\u1edbi thi\u1ebft k\u1ebf co gi\u00e3n v\u00e0 d\u00e2y \u0111eo tinh ho\u00e0n h\u1ed7 tr\u1ee3. K\u1ebft c\u1ea5u ch\u00e2n th\u1ef1c gi\u00fap t\u0103ng c\u01b0\u1eddng c\u1ea3m gi\u00e1c \u0111\u1ed3ng th\u1eddi gi\u1eef m\u1ecdi th\u1ee9 c\u1ed1 \u0111\u1ecbnh tho\u1ea3i m\u00e1i. M\u1ed9t l\u1ef1a ch\u1ecdn tuy\u1ec7t v\u1eddi cho nh\u1eefng ai mu\u1ed1n kh\u00e1m ph\u00e1 c\u1ea3m gi\u00e1c m\u1ea1nh m\u1ebd h\u01a1n trong khi v\u1eabn duy tr\u00ec tr\u1ea3i nghi\u1ec7m t\u1ef1 nhi\u00ean v\u00e0 d\u1ec5 ch\u1ecbu.<\/p>\n","protected":false},"excerpt":{"rendered":"<p>Bao \u0111\u00f4n n\u00e0y k\u1ebft h\u1ee3p s\u1ef1 tho\u1ea3i m\u00e1i v\u00e0 kh\u1ea3 n\u0103ng ki\u1ec3m so\u00e1t v\u1edbi thi\u1ebft k\u1ebf co gi\u00e3n v\u00e0 d\u00e2y \u0111eo tinh ho\u00e0n h\u1ed7 tr\u1ee3. K\u1ebft c\u1ea5u ch\u00e2n th\u1ef1c gi\u00fap&hellip;<\/p>\n","protected":false},"featured_media":62543,"comment_status":"open","ping_status":"closed","template":"","meta":{"_acf_changed":false},"product_brand":[],"product_cat":[1405],"product_tag":[],"class_list":{"0":"post-66959","1":"product","2":"type-product","3":"status-publish","4":"has-post-thumbnail","6":"product_cat-bao-ong-ho-tro","8":"first","9":"instock","10":"shipping-taxable","11":"purchasable","12":"product-type-simple"},"acf":[],"yoast_head":"<!-- This site is optimized with the Yoast SEO plugin v27.1.1 - https:\/\/yoast.com\/product\/yoast-seo-wordpress\/ -->\n<title>SUPER ME Bao \u0111\u00f4n d\u01b0\u01a1ng v\u1eadt Real Feel C\u00f3 d\u00e2y \u0111eo tinh ho\u00e0n - Desire<\/title>\n<meta name=\"robots\" content=\"index, follow, max-snippet:-1, max-image-preview:large, max-video-preview:-1\" \/>\n<link rel=\"canonical\" href=\"https:\/\/desireonline.shop\/vi\/san-pham\/super-me-bao-don-duong-vat-real-feel-co-day-deo-tinh-hoan\/\" \/>\n<meta property=\"og:locale\" content=\"vi_VN\" \/>\n<meta property=\"og:type\" content=\"article\" \/>\n<meta property=\"og:title\" content=\"SUPER ME Bao \u0111\u00f4n d\u01b0\u01a1ng v\u1eadt Real Feel C\u00f3 d\u00e2y \u0111eo tinh ho\u00e0n - Desire\" \/>\n<meta property=\"og:description\" content=\"Bao \u0111\u00f4n n\u00e0y k\u1ebft h\u1ee3p s\u1ef1 tho\u1ea3i m\u00e1i v\u00e0 kh\u1ea3 n\u0103ng ki\u1ec3m so\u00e1t v\u1edbi thi\u1ebft k\u1ebf co gi\u00e3n v\u00e0 d\u00e2y \u0111eo tinh ho\u00e0n h\u1ed7 tr\u1ee3. K\u1ebft c\u1ea5u ch\u00e2n th\u1ef1c gi\u00fap&hellip;\" \/>\n<meta property=\"og:url\" content=\"https:\/\/desireonline.shop\/vi\/san-pham\/super-me-bao-don-duong-vat-real-feel-co-day-deo-tinh-hoan\/\" \/>\n<meta property=\"og:site_name\" content=\"Desire\" \/>\n<meta property=\"article:modified_time\" content=\"2026-03-10T05:52:26+00:00\" \/>\n<meta property=\"og:image\" content=\"https:\/\/desireonline.shop\/wp-content\/uploads\/2026\/02\/CN-101623909_00.jpg\" \/>\n\t<meta property=\"og:image:width\" content=\"1000\" \/>\n\t<meta property=\"og:image:height\" content=\"1000\" \/>\n\t<meta property=\"og:image:type\" content=\"image\/jpeg\" \/>\n<meta name=\"twitter:card\" content=\"summary_large_image\" \/>\n<meta name=\"twitter:label1\" content=\"\u01af\u1edbc t\u00ednh th\u1eddi gian \u0111\u1ecdc\" \/>\n\t<meta name=\"twitter:data1\" content=\"1 ph\u00fat\" \/>\n<script type=\"application\/ld+json\" class=\"yoast-schema-graph\">{\"@context\":\"https:\/\/schema.org\",\"@graph\":[{\"@type\":\"WebPage\",\"@id\":\"https:\/\/desireonline.shop\/vi\/san-pham\/super-me-bao-don-duong-vat-real-feel-co-day-deo-tinh-hoan\/\",\"url\":\"https:\/\/desireonline.shop\/vi\/san-pham\/super-me-bao-don-duong-vat-real-feel-co-day-deo-tinh-hoan\/\",\"name\":\"SUPER ME Bao \u0111\u00f4n d\u01b0\u01a1ng v\u1eadt Real Feel C\u00f3 d\u00e2y \u0111eo tinh ho\u00e0n - Desire\",\"isPartOf\":{\"@id\":\"https:\/\/desireonline.shop\/vi\/#website\"},\"primaryImageOfPage\":{\"@id\":\"https:\/\/desireonline.shop\/vi\/san-pham\/super-me-bao-don-duong-vat-real-feel-co-day-deo-tinh-hoan\/#primaryimage\"},\"image\":{\"@id\":\"https:\/\/desireonline.shop\/vi\/san-pham\/super-me-bao-don-duong-vat-real-feel-co-day-deo-tinh-hoan\/#primaryimage\"},\"thumbnailUrl\":\"https:\/\/desireonline.shop\/wp-content\/uploads\/2026\/02\/CN-101623909_00.jpg\",\"datePublished\":\"2026-02-16T11:29:00+00:00\",\"dateModified\":\"2026-03-10T05:52:26+00:00\",\"breadcrumb\":{\"@id\":\"https:\/\/desireonline.shop\/vi\/san-pham\/super-me-bao-don-duong-vat-real-feel-co-day-deo-tinh-hoan\/#breadcrumb\"},\"inLanguage\":\"vi\",\"potentialAction\":[{\"@type\":\"ReadAction\",\"target\":[\"https:\/\/desireonline.shop\/vi\/san-pham\/super-me-bao-don-duong-vat-real-feel-co-day-deo-tinh-hoan\/\"]}]},{\"@type\":\"ImageObject\",\"inLanguage\":\"vi\",\"@id\":\"https:\/\/desireonline.shop\/vi\/san-pham\/super-me-bao-don-duong-vat-real-feel-co-day-deo-tinh-hoan\/#primaryimage\",\"url\":\"https:\/\/desireonline.shop\/wp-content\/uploads\/2026\/02\/CN-101623909_00.jpg\",\"contentUrl\":\"https:\/\/desireonline.shop\/wp-content\/uploads\/2026\/02\/CN-101623909_00.jpg\",\"width\":1000,\"height\":1000},{\"@type\":\"BreadcrumbList\",\"@id\":\"https:\/\/desireonline.shop\/vi\/san-pham\/super-me-bao-don-duong-vat-real-feel-co-day-deo-tinh-hoan\/#breadcrumb\",\"itemListElement\":[{\"@type\":\"ListItem\",\"position\":1,\"name\":\"Home\",\"item\":\"https:\/\/desireonline.shop\/vi\/trang-chu\/?lang=vi\"},{\"@type\":\"ListItem\",\"position\":2,\"name\":\"T\u1ea5t c\u1ea3 s\u1ea3n ph\u1ea9m\",\"item\":\"https:\/\/desireonline.shop\/cua-hang\/?lang=vi\"},{\"@type\":\"ListItem\",\"position\":3,\"name\":\"SUPER ME Bao \u0111\u00f4n d\u01b0\u01a1ng v\u1eadt Real Feel C\u00f3 d\u00e2y \u0111eo tinh ho\u00e0n\"}]},{\"@type\":\"WebSite\",\"@id\":\"https:\/\/desireonline.shop\/vi\/#website\",\"url\":\"https:\/\/desireonline.shop\/vi\/\",\"name\":\"Desire\",\"description\":\"Sexual Wellness Platform\",\"publisher\":{\"@id\":\"https:\/\/desireonline.shop\/vi\/#organization\"},\"potentialAction\":[{\"@type\":\"SearchAction\",\"target\":{\"@type\":\"EntryPoint\",\"urlTemplate\":\"https:\/\/desireonline.shop\/vi\/?s={search_term_string}\"},\"query-input\":{\"@type\":\"PropertyValueSpecification\",\"valueRequired\":true,\"valueName\":\"search_term_string\"}}],\"inLanguage\":\"vi\"},{\"@type\":\"Organization\",\"@id\":\"https:\/\/desireonline.shop\/vi\/#organization\",\"name\":\"Desire\",\"url\":\"https:\/\/desireonline.shop\/vi\/\",\"logo\":{\"@type\":\"ImageObject\",\"inLanguage\":\"vi\",\"@id\":\"https:\/\/desireonline.shop\/vi\/#\/schema\/logo\/image\/\",\"url\":\"https:\/\/desireonline.shop\/wp-content\/uploads\/2024\/06\/Logo-Thick-Font-1.webp\",\"contentUrl\":\"https:\/\/desireonline.shop\/wp-content\/uploads\/2024\/06\/Logo-Thick-Font-1.webp\",\"width\":268,\"height\":399,\"caption\":\"Desire\"},\"image\":{\"@id\":\"https:\/\/desireonline.shop\/vi\/#\/schema\/logo\/image\/\"}}]}<\/script>\n<!-- \/ Yoast SEO plugin. -->","yoast_head_json":{"title":"SUPER ME Bao \u0111\u00f4n d\u01b0\u01a1ng v\u1eadt Real Feel C\u00f3 d\u00e2y \u0111eo tinh ho\u00e0n - Desire","robots":{"index":"index","follow":"follow","max-snippet":"max-snippet:-1","max-image-preview":"max-image-preview:large","max-video-preview":"max-video-preview:-1"},"canonical":"https:\/\/desireonline.shop\/vi\/san-pham\/super-me-bao-don-duong-vat-real-feel-co-day-deo-tinh-hoan\/","og_locale":"vi_VN","og_type":"article","og_title":"SUPER ME Bao \u0111\u00f4n d\u01b0\u01a1ng v\u1eadt Real Feel C\u00f3 d\u00e2y \u0111eo tinh ho\u00e0n - Desire","og_description":"Bao \u0111\u00f4n n\u00e0y k\u1ebft h\u1ee3p s\u1ef1 tho\u1ea3i m\u00e1i v\u00e0 kh\u1ea3 n\u0103ng ki\u1ec3m so\u00e1t v\u1edbi thi\u1ebft k\u1ebf co gi\u00e3n v\u00e0 d\u00e2y \u0111eo tinh ho\u00e0n h\u1ed7 tr\u1ee3. K\u1ebft c\u1ea5u ch\u00e2n th\u1ef1c gi\u00fap&hellip;","og_url":"https:\/\/desireonline.shop\/vi\/san-pham\/super-me-bao-don-duong-vat-real-feel-co-day-deo-tinh-hoan\/","og_site_name":"Desire","article_modified_time":"2026-03-10T05:52:26+00:00","og_image":[{"width":1000,"height":1000,"url":"https:\/\/desireonline.shop\/wp-content\/uploads\/2026\/02\/CN-101623909_00.jpg","type":"image\/jpeg"}],"twitter_card":"summary_large_image","twitter_misc":{"\u01af\u1edbc t\u00ednh th\u1eddi gian \u0111\u1ecdc":"1 ph\u00fat"},"schema":{"@context":"https:\/\/schema.org","@graph":[{"@type":"WebPage","@id":"https:\/\/desireonline.shop\/vi\/san-pham\/super-me-bao-don-duong-vat-real-feel-co-day-deo-tinh-hoan\/","url":"https:\/\/desireonline.shop\/vi\/san-pham\/super-me-bao-don-duong-vat-real-feel-co-day-deo-tinh-hoan\/","name":"SUPER ME Bao \u0111\u00f4n d\u01b0\u01a1ng v\u1eadt Real Feel C\u00f3 d\u00e2y \u0111eo tinh ho\u00e0n - Desire","isPartOf":{"@id":"https:\/\/desireonline.shop\/vi\/#website"},"primaryImageOfPage":{"@id":"https:\/\/desireonline.shop\/vi\/san-pham\/super-me-bao-don-duong-vat-real-feel-co-day-deo-tinh-hoan\/#primaryimage"},"image":{"@id":"https:\/\/desireonline.shop\/vi\/san-pham\/super-me-bao-don-duong-vat-real-feel-co-day-deo-tinh-hoan\/#primaryimage"},"thumbnailUrl":"https:\/\/desireonline.shop\/wp-content\/uploads\/2026\/02\/CN-101623909_00.jpg","datePublished":"2026-02-16T11:29:00+00:00","dateModified":"2026-03-10T05:52:26+00:00","breadcrumb":{"@id":"https:\/\/desireonline.shop\/vi\/san-pham\/super-me-bao-don-duong-vat-real-feel-co-day-deo-tinh-hoan\/#breadcrumb"},"inLanguage":"vi","potentialAction":[{"@type":"ReadAction","target":["https:\/\/desireonline.shop\/vi\/san-pham\/super-me-bao-don-duong-vat-real-feel-co-day-deo-tinh-hoan\/"]}]},{"@type":"ImageObject","inLanguage":"vi","@id":"https:\/\/desireonline.shop\/vi\/san-pham\/super-me-bao-don-duong-vat-real-feel-co-day-deo-tinh-hoan\/#primaryimage","url":"https:\/\/desireonline.shop\/wp-content\/uploads\/2026\/02\/CN-101623909_00.jpg","contentUrl":"https:\/\/desireonline.shop\/wp-content\/uploads\/2026\/02\/CN-101623909_00.jpg","width":1000,"height":1000},{"@type":"BreadcrumbList","@id":"https:\/\/desireonline.shop\/vi\/san-pham\/super-me-bao-don-duong-vat-real-feel-co-day-deo-tinh-hoan\/#breadcrumb","itemListElement":[{"@type":"ListItem","position":1,"name":"Home","item":"https:\/\/desireonline.shop\/vi\/trang-chu\/?lang=vi"},{"@type":"ListItem","position":2,"name":"T\u1ea5t c\u1ea3 s\u1ea3n ph\u1ea9m","item":"https:\/\/desireonline.shop\/cua-hang\/?lang=vi"},{"@type":"ListItem","position":3,"name":"SUPER ME Bao \u0111\u00f4n d\u01b0\u01a1ng v\u1eadt Real Feel C\u00f3 d\u00e2y \u0111eo tinh ho\u00e0n"}]},{"@type":"WebSite","@id":"https:\/\/desireonline.shop\/vi\/#website","url":"https:\/\/desireonline.shop\/vi\/","name":"Desire","description":"Sexual Wellness Platform","publisher":{"@id":"https:\/\/desireonline.shop\/vi\/#organization"},"potentialAction":[{"@type":"SearchAction","target":{"@type":"EntryPoint","urlTemplate":"https:\/\/desireonline.shop\/vi\/?s={search_term_string}"},"query-input":{"@type":"PropertyValueSpecification","valueRequired":true,"valueName":"search_term_string"}}],"inLanguage":"vi"},{"@type":"Organization","@id":"https:\/\/desireonline.shop\/vi\/#organization","name":"Desire","url":"https:\/\/desireonline.shop\/vi\/","logo":{"@type":"ImageObject","inLanguage":"vi","@id":"https:\/\/desireonline.shop\/vi\/#\/schema\/logo\/image\/","url":"https:\/\/desireonline.shop\/wp-content\/uploads\/2024\/06\/Logo-Thick-Font-1.webp","contentUrl":"https:\/\/desireonline.shop\/wp-content\/uploads\/2024\/06\/Logo-Thick-Font-1.webp","width":268,"height":399,"caption":"Desire"},"image":{"@id":"https:\/\/desireonline.shop\/vi\/#\/schema\/logo\/image\/"}}]}},"_links":{"self":[{"href":"https:\/\/desireonline.shop\/vi\/wp-json\/wp\/v2\/product\/66959","targetHints":{"allow":["GET"]}}],"collection":[{"href":"https:\/\/desireonline.shop\/vi\/wp-json\/wp\/v2\/product"}],"about":[{"href":"https:\/\/desireonline.shop\/vi\/wp-json\/wp\/v2\/types\/product"}],"replies":[{"embeddable":true,"href":"https:\/\/desireonline.shop\/vi\/wp-json\/wp\/v2\/comments?post=66959"}],"version-history":[{"count":0,"href":"https:\/\/desireonline.shop\/vi\/wp-json\/wp\/v2\/product\/66959\/revisions"}],"wp:featuredmedia":[{"embeddable":true,"href":"https:\/\/desireonline.shop\/vi\/wp-json\/wp\/v2\/media\/62543"}],"wp:attachment":[{"href":"https:\/\/desireonline.shop\/vi\/wp-json\/wp\/v2\/media?parent=66959"}],"wp:term":[{"taxonomy":"product_brand","embeddable":true,"href":"https:\/\/desireonline.shop\/vi\/wp-json\/wp\/v2\/product_brand?post=66959"},{"taxonomy":"product_cat","embeddable":true,"href":"https:\/\/desireonline.shop\/vi\/wp-json\/wp\/v2\/product_cat?post=66959"},{"taxonomy":"product_tag","embeddable":true,"href":"https:\/\/desireonline.shop\/vi\/wp-json\/wp\/v2\/product_tag?post=66959"}],"curies":[{"name":"wp","href":"https:\/\/api.w.org\/{rel}","templated":true}]}}