{"id":66974,"date":"2026-02-16T11:29:00","date_gmt":"2026-02-16T11:29:00","guid":{"rendered":"https:\/\/desireonline.shop\/product\/super-me-bao-don-duong-vat-vibrating-warrior-sleeve\/"},"modified":"2026-03-10T05:51:54","modified_gmt":"2026-03-10T05:51:54","slug":"super-me-bao-don-duong-vat-vibrating-warrior-sleeve","status":"publish","type":"product","link":"https:\/\/desireonline.shop\/vi\/san-pham\/super-me-bao-don-duong-vat-vibrating-warrior-sleeve\/","title":{"rendered":"SUPER ME Bao \u0111\u00f4n d\u01b0\u01a1ng v\u1eadt Vibrating Warrior Sleeve"},"content":{"rendered":"<p>T\u00e1o b\u1ea1o c\u1ea3 v\u1ec1 t\u00ean g\u1ecdi l\u1eabn hi\u1ec7u n\u0103ng, bao \u0111\u00f4n rung n\u00e0y \u0111\u01b0\u1ee3c thi\u1ebft k\u1ebf \u0111\u1ec3 t\u0103ng c\u01b0\u1eddng c\u1ea3m gi\u00e1c v\u00e0 s\u1ef1 t\u1ef1 tin. V\u1edbi ch\u1ea5t li\u1ec7u co gi\u00e3n ch\u00e2n th\u1ef1c v\u00e0 rung \u0111\u1ed9ng m\u1ea1nh m\u1ebd, s\u1ea3n ph\u1ea9m mang l\u1ea1i chi\u1ec1u k\u00edch m\u1edbi \u0111\u1ea7y h\u1ee9ng kh\u1edfi cho tr\u1ea3i nghi\u1ec7m c\u00e1 nh\u00e2n ho\u1eb7c c\u00f9ng b\u1ea1n t\u00ecnh. Tho\u1ea3i m\u00e1i, vui t\u01b0\u01a1i v\u00e0 d\u1ec5 t\u1eadn h\u01b0\u1edfng, t\u1ea5t c\u1ea3 nh\u1eb1m khu\u1ea5y \u0111\u1ed9ng ni\u1ec1m vui.<\/p>\n","protected":false},"excerpt":{"rendered":"<p>T\u00e1o b\u1ea1o c\u1ea3 v\u1ec1 t\u00ean g\u1ecdi l\u1eabn hi\u1ec7u n\u0103ng, bao \u0111\u00f4n rung n\u00e0y \u0111\u01b0\u1ee3c thi\u1ebft k\u1ebf \u0111\u1ec3 t\u0103ng c\u01b0\u1eddng c\u1ea3m gi\u00e1c v\u00e0 s\u1ef1 t\u1ef1 tin. V\u1edbi ch\u1ea5t li\u1ec7u co gi\u00e3n&hellip;<\/p>\n","protected":false},"featured_media":62524,"comment_status":"open","ping_status":"closed","template":"","meta":{"_acf_changed":false},"product_brand":[],"product_cat":[1405],"product_tag":[],"class_list":{"0":"post-66974","1":"product","2":"type-product","3":"status-publish","4":"has-post-thumbnail","6":"product_cat-bao-ong-ho-tro","8":"first","9":"instock","10":"shipping-taxable","11":"purchasable","12":"product-type-simple"},"acf":[],"yoast_head":"<!-- This site is optimized with the Yoast SEO plugin v27.1.1 - https:\/\/yoast.com\/product\/yoast-seo-wordpress\/ -->\n<title>SUPER ME Bao \u0111\u00f4n d\u01b0\u01a1ng v\u1eadt Vibrating Warrior Sleeve - Desire<\/title>\n<meta name=\"robots\" content=\"index, follow, max-snippet:-1, max-image-preview:large, max-video-preview:-1\" \/>\n<link rel=\"canonical\" href=\"https:\/\/desireonline.shop\/vi\/san-pham\/super-me-bao-don-duong-vat-vibrating-warrior-sleeve\/\" \/>\n<meta property=\"og:locale\" content=\"vi_VN\" \/>\n<meta property=\"og:type\" content=\"article\" \/>\n<meta property=\"og:title\" content=\"SUPER ME Bao \u0111\u00f4n d\u01b0\u01a1ng v\u1eadt Vibrating Warrior Sleeve - Desire\" \/>\n<meta property=\"og:description\" content=\"T\u00e1o b\u1ea1o c\u1ea3 v\u1ec1 t\u00ean g\u1ecdi l\u1eabn hi\u1ec7u n\u0103ng, bao \u0111\u00f4n rung n\u00e0y \u0111\u01b0\u1ee3c thi\u1ebft k\u1ebf \u0111\u1ec3 t\u0103ng c\u01b0\u1eddng c\u1ea3m gi\u00e1c v\u00e0 s\u1ef1 t\u1ef1 tin. V\u1edbi ch\u1ea5t li\u1ec7u co gi\u00e3n&hellip;\" \/>\n<meta property=\"og:url\" content=\"https:\/\/desireonline.shop\/vi\/san-pham\/super-me-bao-don-duong-vat-vibrating-warrior-sleeve\/\" \/>\n<meta property=\"og:site_name\" content=\"Desire\" \/>\n<meta property=\"article:modified_time\" content=\"2026-03-10T05:51:54+00:00\" \/>\n<meta property=\"og:image\" content=\"https:\/\/desireonline.shop\/wp-content\/uploads\/2026\/02\/CN-101621459_00.jpg\" \/>\n\t<meta property=\"og:image:width\" content=\"1000\" \/>\n\t<meta property=\"og:image:height\" content=\"1000\" \/>\n\t<meta property=\"og:image:type\" content=\"image\/jpeg\" \/>\n<meta name=\"twitter:card\" content=\"summary_large_image\" \/>\n<meta name=\"twitter:label1\" content=\"\u01af\u1edbc t\u00ednh th\u1eddi gian \u0111\u1ecdc\" \/>\n\t<meta name=\"twitter:data1\" content=\"1 ph\u00fat\" \/>\n<script type=\"application\/ld+json\" class=\"yoast-schema-graph\">{\"@context\":\"https:\/\/schema.org\",\"@graph\":[{\"@type\":\"WebPage\",\"@id\":\"https:\/\/desireonline.shop\/vi\/san-pham\/super-me-bao-don-duong-vat-vibrating-warrior-sleeve\/\",\"url\":\"https:\/\/desireonline.shop\/vi\/san-pham\/super-me-bao-don-duong-vat-vibrating-warrior-sleeve\/\",\"name\":\"SUPER ME Bao \u0111\u00f4n d\u01b0\u01a1ng v\u1eadt Vibrating Warrior Sleeve - Desire\",\"isPartOf\":{\"@id\":\"https:\/\/desireonline.shop\/vi\/#website\"},\"primaryImageOfPage\":{\"@id\":\"https:\/\/desireonline.shop\/vi\/san-pham\/super-me-bao-don-duong-vat-vibrating-warrior-sleeve\/#primaryimage\"},\"image\":{\"@id\":\"https:\/\/desireonline.shop\/vi\/san-pham\/super-me-bao-don-duong-vat-vibrating-warrior-sleeve\/#primaryimage\"},\"thumbnailUrl\":\"https:\/\/desireonline.shop\/wp-content\/uploads\/2026\/02\/CN-101621459_00.jpg\",\"datePublished\":\"2026-02-16T11:29:00+00:00\",\"dateModified\":\"2026-03-10T05:51:54+00:00\",\"breadcrumb\":{\"@id\":\"https:\/\/desireonline.shop\/vi\/san-pham\/super-me-bao-don-duong-vat-vibrating-warrior-sleeve\/#breadcrumb\"},\"inLanguage\":\"vi\",\"potentialAction\":[{\"@type\":\"ReadAction\",\"target\":[\"https:\/\/desireonline.shop\/vi\/san-pham\/super-me-bao-don-duong-vat-vibrating-warrior-sleeve\/\"]}]},{\"@type\":\"ImageObject\",\"inLanguage\":\"vi\",\"@id\":\"https:\/\/desireonline.shop\/vi\/san-pham\/super-me-bao-don-duong-vat-vibrating-warrior-sleeve\/#primaryimage\",\"url\":\"https:\/\/desireonline.shop\/wp-content\/uploads\/2026\/02\/CN-101621459_00.jpg\",\"contentUrl\":\"https:\/\/desireonline.shop\/wp-content\/uploads\/2026\/02\/CN-101621459_00.jpg\",\"width\":1000,\"height\":1000},{\"@type\":\"BreadcrumbList\",\"@id\":\"https:\/\/desireonline.shop\/vi\/san-pham\/super-me-bao-don-duong-vat-vibrating-warrior-sleeve\/#breadcrumb\",\"itemListElement\":[{\"@type\":\"ListItem\",\"position\":1,\"name\":\"Home\",\"item\":\"https:\/\/desireonline.shop\/vi\/trang-chu\/?lang=vi\"},{\"@type\":\"ListItem\",\"position\":2,\"name\":\"T\u1ea5t c\u1ea3 s\u1ea3n ph\u1ea9m\",\"item\":\"https:\/\/desireonline.shop\/cua-hang\/?lang=vi\"},{\"@type\":\"ListItem\",\"position\":3,\"name\":\"SUPER ME Bao \u0111\u00f4n d\u01b0\u01a1ng v\u1eadt Vibrating Warrior Sleeve\"}]},{\"@type\":\"WebSite\",\"@id\":\"https:\/\/desireonline.shop\/vi\/#website\",\"url\":\"https:\/\/desireonline.shop\/vi\/\",\"name\":\"Desire\",\"description\":\"Sexual Wellness Platform\",\"publisher\":{\"@id\":\"https:\/\/desireonline.shop\/vi\/#organization\"},\"potentialAction\":[{\"@type\":\"SearchAction\",\"target\":{\"@type\":\"EntryPoint\",\"urlTemplate\":\"https:\/\/desireonline.shop\/vi\/?s={search_term_string}\"},\"query-input\":{\"@type\":\"PropertyValueSpecification\",\"valueRequired\":true,\"valueName\":\"search_term_string\"}}],\"inLanguage\":\"vi\"},{\"@type\":\"Organization\",\"@id\":\"https:\/\/desireonline.shop\/vi\/#organization\",\"name\":\"Desire\",\"url\":\"https:\/\/desireonline.shop\/vi\/\",\"logo\":{\"@type\":\"ImageObject\",\"inLanguage\":\"vi\",\"@id\":\"https:\/\/desireonline.shop\/vi\/#\/schema\/logo\/image\/\",\"url\":\"https:\/\/desireonline.shop\/wp-content\/uploads\/2024\/06\/Logo-Thick-Font-1.webp\",\"contentUrl\":\"https:\/\/desireonline.shop\/wp-content\/uploads\/2024\/06\/Logo-Thick-Font-1.webp\",\"width\":268,\"height\":399,\"caption\":\"Desire\"},\"image\":{\"@id\":\"https:\/\/desireonline.shop\/vi\/#\/schema\/logo\/image\/\"}}]}<\/script>\n<!-- \/ Yoast SEO plugin. -->","yoast_head_json":{"title":"SUPER ME Bao \u0111\u00f4n d\u01b0\u01a1ng v\u1eadt Vibrating Warrior Sleeve - Desire","robots":{"index":"index","follow":"follow","max-snippet":"max-snippet:-1","max-image-preview":"max-image-preview:large","max-video-preview":"max-video-preview:-1"},"canonical":"https:\/\/desireonline.shop\/vi\/san-pham\/super-me-bao-don-duong-vat-vibrating-warrior-sleeve\/","og_locale":"vi_VN","og_type":"article","og_title":"SUPER ME Bao \u0111\u00f4n d\u01b0\u01a1ng v\u1eadt Vibrating Warrior Sleeve - Desire","og_description":"T\u00e1o b\u1ea1o c\u1ea3 v\u1ec1 t\u00ean g\u1ecdi l\u1eabn hi\u1ec7u n\u0103ng, bao \u0111\u00f4n rung n\u00e0y \u0111\u01b0\u1ee3c thi\u1ebft k\u1ebf \u0111\u1ec3 t\u0103ng c\u01b0\u1eddng c\u1ea3m gi\u00e1c v\u00e0 s\u1ef1 t\u1ef1 tin. V\u1edbi ch\u1ea5t li\u1ec7u co gi\u00e3n&hellip;","og_url":"https:\/\/desireonline.shop\/vi\/san-pham\/super-me-bao-don-duong-vat-vibrating-warrior-sleeve\/","og_site_name":"Desire","article_modified_time":"2026-03-10T05:51:54+00:00","og_image":[{"width":1000,"height":1000,"url":"https:\/\/desireonline.shop\/wp-content\/uploads\/2026\/02\/CN-101621459_00.jpg","type":"image\/jpeg"}],"twitter_card":"summary_large_image","twitter_misc":{"\u01af\u1edbc t\u00ednh th\u1eddi gian \u0111\u1ecdc":"1 ph\u00fat"},"schema":{"@context":"https:\/\/schema.org","@graph":[{"@type":"WebPage","@id":"https:\/\/desireonline.shop\/vi\/san-pham\/super-me-bao-don-duong-vat-vibrating-warrior-sleeve\/","url":"https:\/\/desireonline.shop\/vi\/san-pham\/super-me-bao-don-duong-vat-vibrating-warrior-sleeve\/","name":"SUPER ME Bao \u0111\u00f4n d\u01b0\u01a1ng v\u1eadt Vibrating Warrior Sleeve - Desire","isPartOf":{"@id":"https:\/\/desireonline.shop\/vi\/#website"},"primaryImageOfPage":{"@id":"https:\/\/desireonline.shop\/vi\/san-pham\/super-me-bao-don-duong-vat-vibrating-warrior-sleeve\/#primaryimage"},"image":{"@id":"https:\/\/desireonline.shop\/vi\/san-pham\/super-me-bao-don-duong-vat-vibrating-warrior-sleeve\/#primaryimage"},"thumbnailUrl":"https:\/\/desireonline.shop\/wp-content\/uploads\/2026\/02\/CN-101621459_00.jpg","datePublished":"2026-02-16T11:29:00+00:00","dateModified":"2026-03-10T05:51:54+00:00","breadcrumb":{"@id":"https:\/\/desireonline.shop\/vi\/san-pham\/super-me-bao-don-duong-vat-vibrating-warrior-sleeve\/#breadcrumb"},"inLanguage":"vi","potentialAction":[{"@type":"ReadAction","target":["https:\/\/desireonline.shop\/vi\/san-pham\/super-me-bao-don-duong-vat-vibrating-warrior-sleeve\/"]}]},{"@type":"ImageObject","inLanguage":"vi","@id":"https:\/\/desireonline.shop\/vi\/san-pham\/super-me-bao-don-duong-vat-vibrating-warrior-sleeve\/#primaryimage","url":"https:\/\/desireonline.shop\/wp-content\/uploads\/2026\/02\/CN-101621459_00.jpg","contentUrl":"https:\/\/desireonline.shop\/wp-content\/uploads\/2026\/02\/CN-101621459_00.jpg","width":1000,"height":1000},{"@type":"BreadcrumbList","@id":"https:\/\/desireonline.shop\/vi\/san-pham\/super-me-bao-don-duong-vat-vibrating-warrior-sleeve\/#breadcrumb","itemListElement":[{"@type":"ListItem","position":1,"name":"Home","item":"https:\/\/desireonline.shop\/vi\/trang-chu\/?lang=vi"},{"@type":"ListItem","position":2,"name":"T\u1ea5t c\u1ea3 s\u1ea3n ph\u1ea9m","item":"https:\/\/desireonline.shop\/cua-hang\/?lang=vi"},{"@type":"ListItem","position":3,"name":"SUPER ME Bao \u0111\u00f4n d\u01b0\u01a1ng v\u1eadt Vibrating Warrior Sleeve"}]},{"@type":"WebSite","@id":"https:\/\/desireonline.shop\/vi\/#website","url":"https:\/\/desireonline.shop\/vi\/","name":"Desire","description":"Sexual Wellness Platform","publisher":{"@id":"https:\/\/desireonline.shop\/vi\/#organization"},"potentialAction":[{"@type":"SearchAction","target":{"@type":"EntryPoint","urlTemplate":"https:\/\/desireonline.shop\/vi\/?s={search_term_string}"},"query-input":{"@type":"PropertyValueSpecification","valueRequired":true,"valueName":"search_term_string"}}],"inLanguage":"vi"},{"@type":"Organization","@id":"https:\/\/desireonline.shop\/vi\/#organization","name":"Desire","url":"https:\/\/desireonline.shop\/vi\/","logo":{"@type":"ImageObject","inLanguage":"vi","@id":"https:\/\/desireonline.shop\/vi\/#\/schema\/logo\/image\/","url":"https:\/\/desireonline.shop\/wp-content\/uploads\/2024\/06\/Logo-Thick-Font-1.webp","contentUrl":"https:\/\/desireonline.shop\/wp-content\/uploads\/2024\/06\/Logo-Thick-Font-1.webp","width":268,"height":399,"caption":"Desire"},"image":{"@id":"https:\/\/desireonline.shop\/vi\/#\/schema\/logo\/image\/"}}]}},"_links":{"self":[{"href":"https:\/\/desireonline.shop\/vi\/wp-json\/wp\/v2\/product\/66974","targetHints":{"allow":["GET"]}}],"collection":[{"href":"https:\/\/desireonline.shop\/vi\/wp-json\/wp\/v2\/product"}],"about":[{"href":"https:\/\/desireonline.shop\/vi\/wp-json\/wp\/v2\/types\/product"}],"replies":[{"embeddable":true,"href":"https:\/\/desireonline.shop\/vi\/wp-json\/wp\/v2\/comments?post=66974"}],"version-history":[{"count":0,"href":"https:\/\/desireonline.shop\/vi\/wp-json\/wp\/v2\/product\/66974\/revisions"}],"wp:featuredmedia":[{"embeddable":true,"href":"https:\/\/desireonline.shop\/vi\/wp-json\/wp\/v2\/media\/62524"}],"wp:attachment":[{"href":"https:\/\/desireonline.shop\/vi\/wp-json\/wp\/v2\/media?parent=66974"}],"wp:term":[{"taxonomy":"product_brand","embeddable":true,"href":"https:\/\/desireonline.shop\/vi\/wp-json\/wp\/v2\/product_brand?post=66974"},{"taxonomy":"product_cat","embeddable":true,"href":"https:\/\/desireonline.shop\/vi\/wp-json\/wp\/v2\/product_cat?post=66974"},{"taxonomy":"product_tag","embeddable":true,"href":"https:\/\/desireonline.shop\/vi\/wp-json\/wp\/v2\/product_tag?post=66974"}],"curies":[{"name":"wp","href":"https:\/\/api.w.org\/{rel}","templated":true}]}}