{"id":66983,"date":"2026-02-16T11:30:00","date_gmt":"2026-02-16T11:30:00","guid":{"rendered":"https:\/\/desireonline.shop\/product\/gk-power-day-deo-duong-vat-tinh-hoan-stretchy\/"},"modified":"2026-03-10T05:51:55","modified_gmt":"2026-03-10T05:51:55","slug":"gk-power-day-deo-duong-vat-tinh-hoan-stretchy","status":"publish","type":"product","link":"https:\/\/desireonline.shop\/vi\/san-pham\/gk-power-day-deo-duong-vat-tinh-hoan-stretchy\/","title":{"rendered":"GK POWER D\u00e2y \u0111eo d\u01b0\u01a1ng v\u1eadt &amp; tinh ho\u00e0n Stretchy"},"content":{"rendered":"<p>D\u00e2y \u0111eo co gi\u00e3n n\u00e0y mang l\u1ea1i c\u00e1ch h\u1ed7 tr\u1ee3 v\u00e0 tho\u1ea3i m\u00e1i \u0111\u1ec3 kh\u00e1m ph\u00e1 nh\u1eefng c\u1ea3m gi\u00e1c m\u1edbi. D\u1ec5 \u0111eo v\u00e0 d\u1ec5 \u0111i\u1ec1u ch\u1ec9nh, s\u1ea3n ph\u1ea9m th\u00eam y\u1ebfu t\u1ed1 vui t\u01b0\u01a1i v\u00e0o nh\u1eefng kho\u1ea3nh kh\u1eafc th\u00e2n m\u1eadt trong khi v\u1eabn gi\u1eef tr\u1ea3i nghi\u1ec7m th\u01b0 gi\u00e3n v\u00e0 d\u1ec5 ch\u1ecbu. L\u00fd t\u01b0\u1edfng cho c\u00e1c c\u1eb7p \u0111\u00f4i t\u00f2 m\u00f2 mu\u1ed1n th\u1eed \u0111i\u1ec1u g\u00ec \u0111\u00f3 h\u01a1i kh\u00e1c bi\u1ec7t.<\/p>\n","protected":false},"excerpt":{"rendered":"<p>D\u00e2y \u0111eo co gi\u00e3n n\u00e0y mang l\u1ea1i c\u00e1ch h\u1ed7 tr\u1ee3 v\u00e0 tho\u1ea3i m\u00e1i \u0111\u1ec3 kh\u00e1m ph\u00e1 nh\u1eefng c\u1ea3m gi\u00e1c m\u1edbi. D\u1ec5 \u0111eo v\u00e0 d\u1ec5 \u0111i\u1ec1u ch\u1ec9nh, s\u1ea3n ph\u1ea9m th\u00eam y\u1ebfu&hellip;<\/p>\n","protected":false},"featured_media":62610,"comment_status":"open","ping_status":"closed","template":"","meta":{"_acf_changed":false},"product_brand":[],"product_cat":[1403,1401],"product_tag":[],"class_list":{"0":"post-66983","1":"product","2":"type-product","3":"status-publish","4":"has-post-thumbnail","6":"product_cat-vong-deo-ho-tro-co-gian","7":"product_cat-vong-deo-ho-tro-kep","9":"first","10":"instock","11":"shipping-taxable","12":"purchasable","13":"product-type-simple"},"acf":[],"yoast_head":"<!-- This site is optimized with the Yoast SEO plugin v27.1.1 - https:\/\/yoast.com\/product\/yoast-seo-wordpress\/ -->\n<title>GK POWER D\u00e2y \u0111eo d\u01b0\u01a1ng v\u1eadt &amp; tinh ho\u00e0n Stretchy - Desire<\/title>\n<meta name=\"robots\" content=\"index, follow, max-snippet:-1, max-image-preview:large, max-video-preview:-1\" \/>\n<link rel=\"canonical\" href=\"https:\/\/desireonline.shop\/vi\/san-pham\/gk-power-day-deo-duong-vat-tinh-hoan-stretchy\/\" \/>\n<meta property=\"og:locale\" content=\"vi_VN\" \/>\n<meta property=\"og:type\" content=\"article\" \/>\n<meta property=\"og:title\" content=\"GK POWER D\u00e2y \u0111eo d\u01b0\u01a1ng v\u1eadt &amp; tinh ho\u00e0n Stretchy - Desire\" \/>\n<meta property=\"og:description\" content=\"D\u00e2y \u0111eo co gi\u00e3n n\u00e0y mang l\u1ea1i c\u00e1ch h\u1ed7 tr\u1ee3 v\u00e0 tho\u1ea3i m\u00e1i \u0111\u1ec3 kh\u00e1m ph\u00e1 nh\u1eefng c\u1ea3m gi\u00e1c m\u1edbi. D\u1ec5 \u0111eo v\u00e0 d\u1ec5 \u0111i\u1ec1u ch\u1ec9nh, s\u1ea3n ph\u1ea9m th\u00eam y\u1ebfu&hellip;\" \/>\n<meta property=\"og:url\" content=\"https:\/\/desireonline.shop\/vi\/san-pham\/gk-power-day-deo-duong-vat-tinh-hoan-stretchy\/\" \/>\n<meta property=\"og:site_name\" content=\"Desire\" \/>\n<meta property=\"article:modified_time\" content=\"2026-03-10T05:51:55+00:00\" \/>\n<meta property=\"og:image\" content=\"https:\/\/desireonline.shop\/wp-content\/uploads\/2026\/02\/CN-511611532_00.jpg\" \/>\n\t<meta property=\"og:image:width\" content=\"1000\" \/>\n\t<meta property=\"og:image:height\" content=\"1000\" \/>\n\t<meta property=\"og:image:type\" content=\"image\/jpeg\" \/>\n<meta name=\"twitter:card\" content=\"summary_large_image\" \/>\n<meta name=\"twitter:label1\" content=\"\u01af\u1edbc t\u00ednh th\u1eddi gian \u0111\u1ecdc\" \/>\n\t<meta name=\"twitter:data1\" content=\"1 ph\u00fat\" \/>\n<script type=\"application\/ld+json\" class=\"yoast-schema-graph\">{\"@context\":\"https:\/\/schema.org\",\"@graph\":[{\"@type\":\"WebPage\",\"@id\":\"https:\/\/desireonline.shop\/vi\/san-pham\/gk-power-day-deo-duong-vat-tinh-hoan-stretchy\/\",\"url\":\"https:\/\/desireonline.shop\/vi\/san-pham\/gk-power-day-deo-duong-vat-tinh-hoan-stretchy\/\",\"name\":\"GK POWER D\u00e2y \u0111eo d\u01b0\u01a1ng v\u1eadt &amp; tinh ho\u00e0n Stretchy - Desire\",\"isPartOf\":{\"@id\":\"https:\/\/desireonline.shop\/vi\/#website\"},\"primaryImageOfPage\":{\"@id\":\"https:\/\/desireonline.shop\/vi\/san-pham\/gk-power-day-deo-duong-vat-tinh-hoan-stretchy\/#primaryimage\"},\"image\":{\"@id\":\"https:\/\/desireonline.shop\/vi\/san-pham\/gk-power-day-deo-duong-vat-tinh-hoan-stretchy\/#primaryimage\"},\"thumbnailUrl\":\"https:\/\/desireonline.shop\/wp-content\/uploads\/2026\/02\/CN-511611532_00.jpg\",\"datePublished\":\"2026-02-16T11:30:00+00:00\",\"dateModified\":\"2026-03-10T05:51:55+00:00\",\"breadcrumb\":{\"@id\":\"https:\/\/desireonline.shop\/vi\/san-pham\/gk-power-day-deo-duong-vat-tinh-hoan-stretchy\/#breadcrumb\"},\"inLanguage\":\"vi\",\"potentialAction\":[{\"@type\":\"ReadAction\",\"target\":[\"https:\/\/desireonline.shop\/vi\/san-pham\/gk-power-day-deo-duong-vat-tinh-hoan-stretchy\/\"]}]},{\"@type\":\"ImageObject\",\"inLanguage\":\"vi\",\"@id\":\"https:\/\/desireonline.shop\/vi\/san-pham\/gk-power-day-deo-duong-vat-tinh-hoan-stretchy\/#primaryimage\",\"url\":\"https:\/\/desireonline.shop\/wp-content\/uploads\/2026\/02\/CN-511611532_00.jpg\",\"contentUrl\":\"https:\/\/desireonline.shop\/wp-content\/uploads\/2026\/02\/CN-511611532_00.jpg\",\"width\":1000,\"height\":1000},{\"@type\":\"BreadcrumbList\",\"@id\":\"https:\/\/desireonline.shop\/vi\/san-pham\/gk-power-day-deo-duong-vat-tinh-hoan-stretchy\/#breadcrumb\",\"itemListElement\":[{\"@type\":\"ListItem\",\"position\":1,\"name\":\"Home\",\"item\":\"https:\/\/desireonline.shop\/vi\/trang-chu\/?lang=vi\"},{\"@type\":\"ListItem\",\"position\":2,\"name\":\"T\u1ea5t c\u1ea3 s\u1ea3n ph\u1ea9m\",\"item\":\"https:\/\/desireonline.shop\/cua-hang\/?lang=vi\"},{\"@type\":\"ListItem\",\"position\":3,\"name\":\"GK POWER D\u00e2y \u0111eo d\u01b0\u01a1ng v\u1eadt &amp; tinh ho\u00e0n Stretchy\"}]},{\"@type\":\"WebSite\",\"@id\":\"https:\/\/desireonline.shop\/vi\/#website\",\"url\":\"https:\/\/desireonline.shop\/vi\/\",\"name\":\"Desire\",\"description\":\"Sexual Wellness Platform\",\"publisher\":{\"@id\":\"https:\/\/desireonline.shop\/vi\/#organization\"},\"potentialAction\":[{\"@type\":\"SearchAction\",\"target\":{\"@type\":\"EntryPoint\",\"urlTemplate\":\"https:\/\/desireonline.shop\/vi\/?s={search_term_string}\"},\"query-input\":{\"@type\":\"PropertyValueSpecification\",\"valueRequired\":true,\"valueName\":\"search_term_string\"}}],\"inLanguage\":\"vi\"},{\"@type\":\"Organization\",\"@id\":\"https:\/\/desireonline.shop\/vi\/#organization\",\"name\":\"Desire\",\"url\":\"https:\/\/desireonline.shop\/vi\/\",\"logo\":{\"@type\":\"ImageObject\",\"inLanguage\":\"vi\",\"@id\":\"https:\/\/desireonline.shop\/vi\/#\/schema\/logo\/image\/\",\"url\":\"https:\/\/desireonline.shop\/wp-content\/uploads\/2024\/06\/Logo-Thick-Font-1.webp\",\"contentUrl\":\"https:\/\/desireonline.shop\/wp-content\/uploads\/2024\/06\/Logo-Thick-Font-1.webp\",\"width\":268,\"height\":399,\"caption\":\"Desire\"},\"image\":{\"@id\":\"https:\/\/desireonline.shop\/vi\/#\/schema\/logo\/image\/\"}}]}<\/script>\n<!-- \/ Yoast SEO plugin. -->","yoast_head_json":{"title":"GK POWER D\u00e2y \u0111eo d\u01b0\u01a1ng v\u1eadt &amp; tinh ho\u00e0n Stretchy - Desire","robots":{"index":"index","follow":"follow","max-snippet":"max-snippet:-1","max-image-preview":"max-image-preview:large","max-video-preview":"max-video-preview:-1"},"canonical":"https:\/\/desireonline.shop\/vi\/san-pham\/gk-power-day-deo-duong-vat-tinh-hoan-stretchy\/","og_locale":"vi_VN","og_type":"article","og_title":"GK POWER D\u00e2y \u0111eo d\u01b0\u01a1ng v\u1eadt &amp; tinh ho\u00e0n Stretchy - Desire","og_description":"D\u00e2y \u0111eo co gi\u00e3n n\u00e0y mang l\u1ea1i c\u00e1ch h\u1ed7 tr\u1ee3 v\u00e0 tho\u1ea3i m\u00e1i \u0111\u1ec3 kh\u00e1m ph\u00e1 nh\u1eefng c\u1ea3m gi\u00e1c m\u1edbi. D\u1ec5 \u0111eo v\u00e0 d\u1ec5 \u0111i\u1ec1u ch\u1ec9nh, s\u1ea3n ph\u1ea9m th\u00eam y\u1ebfu&hellip;","og_url":"https:\/\/desireonline.shop\/vi\/san-pham\/gk-power-day-deo-duong-vat-tinh-hoan-stretchy\/","og_site_name":"Desire","article_modified_time":"2026-03-10T05:51:55+00:00","og_image":[{"width":1000,"height":1000,"url":"https:\/\/desireonline.shop\/wp-content\/uploads\/2026\/02\/CN-511611532_00.jpg","type":"image\/jpeg"}],"twitter_card":"summary_large_image","twitter_misc":{"\u01af\u1edbc t\u00ednh th\u1eddi gian \u0111\u1ecdc":"1 ph\u00fat"},"schema":{"@context":"https:\/\/schema.org","@graph":[{"@type":"WebPage","@id":"https:\/\/desireonline.shop\/vi\/san-pham\/gk-power-day-deo-duong-vat-tinh-hoan-stretchy\/","url":"https:\/\/desireonline.shop\/vi\/san-pham\/gk-power-day-deo-duong-vat-tinh-hoan-stretchy\/","name":"GK POWER D\u00e2y \u0111eo d\u01b0\u01a1ng v\u1eadt &amp; tinh ho\u00e0n Stretchy - Desire","isPartOf":{"@id":"https:\/\/desireonline.shop\/vi\/#website"},"primaryImageOfPage":{"@id":"https:\/\/desireonline.shop\/vi\/san-pham\/gk-power-day-deo-duong-vat-tinh-hoan-stretchy\/#primaryimage"},"image":{"@id":"https:\/\/desireonline.shop\/vi\/san-pham\/gk-power-day-deo-duong-vat-tinh-hoan-stretchy\/#primaryimage"},"thumbnailUrl":"https:\/\/desireonline.shop\/wp-content\/uploads\/2026\/02\/CN-511611532_00.jpg","datePublished":"2026-02-16T11:30:00+00:00","dateModified":"2026-03-10T05:51:55+00:00","breadcrumb":{"@id":"https:\/\/desireonline.shop\/vi\/san-pham\/gk-power-day-deo-duong-vat-tinh-hoan-stretchy\/#breadcrumb"},"inLanguage":"vi","potentialAction":[{"@type":"ReadAction","target":["https:\/\/desireonline.shop\/vi\/san-pham\/gk-power-day-deo-duong-vat-tinh-hoan-stretchy\/"]}]},{"@type":"ImageObject","inLanguage":"vi","@id":"https:\/\/desireonline.shop\/vi\/san-pham\/gk-power-day-deo-duong-vat-tinh-hoan-stretchy\/#primaryimage","url":"https:\/\/desireonline.shop\/wp-content\/uploads\/2026\/02\/CN-511611532_00.jpg","contentUrl":"https:\/\/desireonline.shop\/wp-content\/uploads\/2026\/02\/CN-511611532_00.jpg","width":1000,"height":1000},{"@type":"BreadcrumbList","@id":"https:\/\/desireonline.shop\/vi\/san-pham\/gk-power-day-deo-duong-vat-tinh-hoan-stretchy\/#breadcrumb","itemListElement":[{"@type":"ListItem","position":1,"name":"Home","item":"https:\/\/desireonline.shop\/vi\/trang-chu\/?lang=vi"},{"@type":"ListItem","position":2,"name":"T\u1ea5t c\u1ea3 s\u1ea3n ph\u1ea9m","item":"https:\/\/desireonline.shop\/cua-hang\/?lang=vi"},{"@type":"ListItem","position":3,"name":"GK POWER D\u00e2y \u0111eo d\u01b0\u01a1ng v\u1eadt &amp; tinh ho\u00e0n Stretchy"}]},{"@type":"WebSite","@id":"https:\/\/desireonline.shop\/vi\/#website","url":"https:\/\/desireonline.shop\/vi\/","name":"Desire","description":"Sexual Wellness Platform","publisher":{"@id":"https:\/\/desireonline.shop\/vi\/#organization"},"potentialAction":[{"@type":"SearchAction","target":{"@type":"EntryPoint","urlTemplate":"https:\/\/desireonline.shop\/vi\/?s={search_term_string}"},"query-input":{"@type":"PropertyValueSpecification","valueRequired":true,"valueName":"search_term_string"}}],"inLanguage":"vi"},{"@type":"Organization","@id":"https:\/\/desireonline.shop\/vi\/#organization","name":"Desire","url":"https:\/\/desireonline.shop\/vi\/","logo":{"@type":"ImageObject","inLanguage":"vi","@id":"https:\/\/desireonline.shop\/vi\/#\/schema\/logo\/image\/","url":"https:\/\/desireonline.shop\/wp-content\/uploads\/2024\/06\/Logo-Thick-Font-1.webp","contentUrl":"https:\/\/desireonline.shop\/wp-content\/uploads\/2024\/06\/Logo-Thick-Font-1.webp","width":268,"height":399,"caption":"Desire"},"image":{"@id":"https:\/\/desireonline.shop\/vi\/#\/schema\/logo\/image\/"}}]}},"_links":{"self":[{"href":"https:\/\/desireonline.shop\/vi\/wp-json\/wp\/v2\/product\/66983","targetHints":{"allow":["GET"]}}],"collection":[{"href":"https:\/\/desireonline.shop\/vi\/wp-json\/wp\/v2\/product"}],"about":[{"href":"https:\/\/desireonline.shop\/vi\/wp-json\/wp\/v2\/types\/product"}],"replies":[{"embeddable":true,"href":"https:\/\/desireonline.shop\/vi\/wp-json\/wp\/v2\/comments?post=66983"}],"version-history":[{"count":0,"href":"https:\/\/desireonline.shop\/vi\/wp-json\/wp\/v2\/product\/66983\/revisions"}],"wp:featuredmedia":[{"embeddable":true,"href":"https:\/\/desireonline.shop\/vi\/wp-json\/wp\/v2\/media\/62610"}],"wp:attachment":[{"href":"https:\/\/desireonline.shop\/vi\/wp-json\/wp\/v2\/media?parent=66983"}],"wp:term":[{"taxonomy":"product_brand","embeddable":true,"href":"https:\/\/desireonline.shop\/vi\/wp-json\/wp\/v2\/product_brand?post=66983"},{"taxonomy":"product_cat","embeddable":true,"href":"https:\/\/desireonline.shop\/vi\/wp-json\/wp\/v2\/product_cat?post=66983"},{"taxonomy":"product_tag","embeddable":true,"href":"https:\/\/desireonline.shop\/vi\/wp-json\/wp\/v2\/product_tag?post=66983"}],"curies":[{"name":"wp","href":"https:\/\/api.w.org\/{rel}","templated":true}]}}