{"id":67063,"date":"2026-02-16T11:31:00","date_gmt":"2026-02-16T11:31:00","guid":{"rendered":"https:\/\/desireonline.shop\/product\/gk-power-screaming-bunny-may-rung-tang-cuong\/"},"modified":"2026-03-10T05:44:23","modified_gmt":"2026-03-10T05:44:23","slug":"gk-power-screaming-bunny-may-rung-tang-cuong","status":"publish","type":"product","link":"https:\/\/desireonline.shop\/vi\/san-pham\/gk-power-screaming-bunny-may-rung-tang-cuong\/","title":{"rendered":"GK POWER Screaming Bunny M\u00e1y rung t\u0103ng c\u01b0\u1eddng"},"content":{"rendered":"<p>\u0110\u01b0\u1ee3c trang b\u1ecb s\u1ee9c m\u1ea1nh rung vui nh\u1ed9n, thi\u1ebft b\u1ecb t\u0103ng c\u01b0\u1eddng n\u00e0y \u0111\u01b0\u1ee3c thi\u1ebft k\u1ebf \u0111\u1ec3 mang l\u1ea1i th\u00eam s\u1ef1 k\u00edch th\u00edch cho nh\u1eefng kho\u1ea3nh kh\u1eafc ri\u00eang t\u01b0 ho\u1eb7c c\u00f9ng b\u1ea1n t\u00ecnh. V\u1edbi nhi\u1ec1u ch\u1ebf \u0111\u1ed9 rung c\u00f9ng thi\u1ebft k\u1ebf co gi\u00e3n, tho\u1ea3i m\u00e1i, s\u1ea3n ph\u1ea9m r\u1ea5t ph\u00f9 h\u1ee3p \u0111\u1ec3 th\u1eed nghi\u1ec7m c\u00e1c c\u1ea3m gi\u00e1c kh\u00e1c nhau v\u00e0 kh\u00e1m ph\u00e1 \u0111i\u1ec1u ph\u00f9 h\u1ee3p nh\u1ea5t v\u1edbi b\u1ea1n. Ch\u1ed1ng n\u01b0\u1edbc v\u00e0 d\u1ec5 s\u1eed d\u1ee5ng, \u0111\u00e2y l\u00e0 m\u1ed9t n\u00e2ng c\u1ea5p th\u00fa v\u1ecb d\u00e0nh cho nh\u1eefng ai t\u00f2 m\u00f2 mu\u1ed1n kh\u00e1m ph\u00e1.<\/p>\n","protected":false},"excerpt":{"rendered":"<p>\u0110\u01b0\u1ee3c trang b\u1ecb s\u1ee9c m\u1ea1nh rung vui nh\u1ed9n, thi\u1ebft b\u1ecb t\u0103ng c\u01b0\u1eddng n\u00e0y \u0111\u01b0\u1ee3c thi\u1ebft k\u1ebf \u0111\u1ec3 mang l\u1ea1i th\u00eam s\u1ef1 k\u00edch th\u00edch cho nh\u1eefng kho\u1ea3nh kh\u1eafc ri\u00eang t\u01b0 ho\u1eb7c&hellip;<\/p>\n","protected":false},"featured_media":62619,"comment_status":"open","ping_status":"closed","template":"","meta":{"_acf_changed":false},"product_brand":[],"product_cat":[1403,1404],"product_tag":[],"class_list":{"0":"post-67063","1":"product","2":"type-product","3":"status-publish","4":"has-post-thumbnail","6":"product_cat-vong-deo-ho-tro-co-gian","7":"product_cat-vong-deo-ho-tro-co-rung","9":"first","10":"instock","11":"shipping-taxable","12":"purchasable","13":"product-type-simple"},"acf":[],"yoast_head":"<!-- This site is optimized with the Yoast SEO plugin v27.1.1 - https:\/\/yoast.com\/product\/yoast-seo-wordpress\/ -->\n<title>GK POWER Screaming Bunny M\u00e1y rung t\u0103ng c\u01b0\u1eddng - Desire<\/title>\n<meta name=\"robots\" content=\"index, follow, max-snippet:-1, max-image-preview:large, max-video-preview:-1\" \/>\n<link rel=\"canonical\" href=\"https:\/\/desireonline.shop\/vi\/san-pham\/gk-power-screaming-bunny-may-rung-tang-cuong\/\" \/>\n<meta property=\"og:locale\" content=\"vi_VN\" \/>\n<meta property=\"og:type\" content=\"article\" \/>\n<meta property=\"og:title\" content=\"GK POWER Screaming Bunny M\u00e1y rung t\u0103ng c\u01b0\u1eddng - Desire\" \/>\n<meta property=\"og:description\" content=\"\u0110\u01b0\u1ee3c trang b\u1ecb s\u1ee9c m\u1ea1nh rung vui nh\u1ed9n, thi\u1ebft b\u1ecb t\u0103ng c\u01b0\u1eddng n\u00e0y \u0111\u01b0\u1ee3c thi\u1ebft k\u1ebf \u0111\u1ec3 mang l\u1ea1i th\u00eam s\u1ef1 k\u00edch th\u00edch cho nh\u1eefng kho\u1ea3nh kh\u1eafc ri\u00eang t\u01b0 ho\u1eb7c&hellip;\" \/>\n<meta property=\"og:url\" content=\"https:\/\/desireonline.shop\/vi\/san-pham\/gk-power-screaming-bunny-may-rung-tang-cuong\/\" \/>\n<meta property=\"og:site_name\" content=\"Desire\" \/>\n<meta property=\"article:modified_time\" content=\"2026-03-10T05:44:23+00:00\" \/>\n<meta property=\"og:image\" content=\"https:\/\/desireonline.shop\/wp-content\/uploads\/2026\/02\/CN-920312000_00.jpg\" \/>\n\t<meta property=\"og:image:width\" content=\"1000\" \/>\n\t<meta property=\"og:image:height\" content=\"1000\" \/>\n\t<meta property=\"og:image:type\" content=\"image\/jpeg\" \/>\n<meta name=\"twitter:card\" content=\"summary_large_image\" \/>\n<meta name=\"twitter:label1\" content=\"\u01af\u1edbc t\u00ednh th\u1eddi gian \u0111\u1ecdc\" \/>\n\t<meta name=\"twitter:data1\" content=\"1 ph\u00fat\" \/>\n<script type=\"application\/ld+json\" class=\"yoast-schema-graph\">{\"@context\":\"https:\/\/schema.org\",\"@graph\":[{\"@type\":\"WebPage\",\"@id\":\"https:\/\/desireonline.shop\/vi\/san-pham\/gk-power-screaming-bunny-may-rung-tang-cuong\/\",\"url\":\"https:\/\/desireonline.shop\/vi\/san-pham\/gk-power-screaming-bunny-may-rung-tang-cuong\/\",\"name\":\"GK POWER Screaming Bunny M\u00e1y rung t\u0103ng c\u01b0\u1eddng - Desire\",\"isPartOf\":{\"@id\":\"https:\/\/desireonline.shop\/vi\/#website\"},\"primaryImageOfPage\":{\"@id\":\"https:\/\/desireonline.shop\/vi\/san-pham\/gk-power-screaming-bunny-may-rung-tang-cuong\/#primaryimage\"},\"image\":{\"@id\":\"https:\/\/desireonline.shop\/vi\/san-pham\/gk-power-screaming-bunny-may-rung-tang-cuong\/#primaryimage\"},\"thumbnailUrl\":\"https:\/\/desireonline.shop\/wp-content\/uploads\/2026\/02\/CN-920312000_00.jpg\",\"datePublished\":\"2026-02-16T11:31:00+00:00\",\"dateModified\":\"2026-03-10T05:44:23+00:00\",\"breadcrumb\":{\"@id\":\"https:\/\/desireonline.shop\/vi\/san-pham\/gk-power-screaming-bunny-may-rung-tang-cuong\/#breadcrumb\"},\"inLanguage\":\"vi\",\"potentialAction\":[{\"@type\":\"ReadAction\",\"target\":[\"https:\/\/desireonline.shop\/vi\/san-pham\/gk-power-screaming-bunny-may-rung-tang-cuong\/\"]}]},{\"@type\":\"ImageObject\",\"inLanguage\":\"vi\",\"@id\":\"https:\/\/desireonline.shop\/vi\/san-pham\/gk-power-screaming-bunny-may-rung-tang-cuong\/#primaryimage\",\"url\":\"https:\/\/desireonline.shop\/wp-content\/uploads\/2026\/02\/CN-920312000_00.jpg\",\"contentUrl\":\"https:\/\/desireonline.shop\/wp-content\/uploads\/2026\/02\/CN-920312000_00.jpg\",\"width\":1000,\"height\":1000},{\"@type\":\"BreadcrumbList\",\"@id\":\"https:\/\/desireonline.shop\/vi\/san-pham\/gk-power-screaming-bunny-may-rung-tang-cuong\/#breadcrumb\",\"itemListElement\":[{\"@type\":\"ListItem\",\"position\":1,\"name\":\"Home\",\"item\":\"https:\/\/desireonline.shop\/vi\/trang-chu\/?lang=vi\"},{\"@type\":\"ListItem\",\"position\":2,\"name\":\"T\u1ea5t c\u1ea3 s\u1ea3n ph\u1ea9m\",\"item\":\"https:\/\/desireonline.shop\/cua-hang\/?lang=vi\"},{\"@type\":\"ListItem\",\"position\":3,\"name\":\"GK POWER Screaming Bunny M\u00e1y rung t\u0103ng c\u01b0\u1eddng\"}]},{\"@type\":\"WebSite\",\"@id\":\"https:\/\/desireonline.shop\/vi\/#website\",\"url\":\"https:\/\/desireonline.shop\/vi\/\",\"name\":\"Desire\",\"description\":\"Sexual Wellness Platform\",\"publisher\":{\"@id\":\"https:\/\/desireonline.shop\/vi\/#organization\"},\"potentialAction\":[{\"@type\":\"SearchAction\",\"target\":{\"@type\":\"EntryPoint\",\"urlTemplate\":\"https:\/\/desireonline.shop\/vi\/?s={search_term_string}\"},\"query-input\":{\"@type\":\"PropertyValueSpecification\",\"valueRequired\":true,\"valueName\":\"search_term_string\"}}],\"inLanguage\":\"vi\"},{\"@type\":\"Organization\",\"@id\":\"https:\/\/desireonline.shop\/vi\/#organization\",\"name\":\"Desire\",\"url\":\"https:\/\/desireonline.shop\/vi\/\",\"logo\":{\"@type\":\"ImageObject\",\"inLanguage\":\"vi\",\"@id\":\"https:\/\/desireonline.shop\/vi\/#\/schema\/logo\/image\/\",\"url\":\"https:\/\/desireonline.shop\/wp-content\/uploads\/2024\/06\/Logo-Thick-Font-1.webp\",\"contentUrl\":\"https:\/\/desireonline.shop\/wp-content\/uploads\/2024\/06\/Logo-Thick-Font-1.webp\",\"width\":268,\"height\":399,\"caption\":\"Desire\"},\"image\":{\"@id\":\"https:\/\/desireonline.shop\/vi\/#\/schema\/logo\/image\/\"}}]}<\/script>\n<!-- \/ Yoast SEO plugin. -->","yoast_head_json":{"title":"GK POWER Screaming Bunny M\u00e1y rung t\u0103ng c\u01b0\u1eddng - Desire","robots":{"index":"index","follow":"follow","max-snippet":"max-snippet:-1","max-image-preview":"max-image-preview:large","max-video-preview":"max-video-preview:-1"},"canonical":"https:\/\/desireonline.shop\/vi\/san-pham\/gk-power-screaming-bunny-may-rung-tang-cuong\/","og_locale":"vi_VN","og_type":"article","og_title":"GK POWER Screaming Bunny M\u00e1y rung t\u0103ng c\u01b0\u1eddng - Desire","og_description":"\u0110\u01b0\u1ee3c trang b\u1ecb s\u1ee9c m\u1ea1nh rung vui nh\u1ed9n, thi\u1ebft b\u1ecb t\u0103ng c\u01b0\u1eddng n\u00e0y \u0111\u01b0\u1ee3c thi\u1ebft k\u1ebf \u0111\u1ec3 mang l\u1ea1i th\u00eam s\u1ef1 k\u00edch th\u00edch cho nh\u1eefng kho\u1ea3nh kh\u1eafc ri\u00eang t\u01b0 ho\u1eb7c&hellip;","og_url":"https:\/\/desireonline.shop\/vi\/san-pham\/gk-power-screaming-bunny-may-rung-tang-cuong\/","og_site_name":"Desire","article_modified_time":"2026-03-10T05:44:23+00:00","og_image":[{"width":1000,"height":1000,"url":"https:\/\/desireonline.shop\/wp-content\/uploads\/2026\/02\/CN-920312000_00.jpg","type":"image\/jpeg"}],"twitter_card":"summary_large_image","twitter_misc":{"\u01af\u1edbc t\u00ednh th\u1eddi gian \u0111\u1ecdc":"1 ph\u00fat"},"schema":{"@context":"https:\/\/schema.org","@graph":[{"@type":"WebPage","@id":"https:\/\/desireonline.shop\/vi\/san-pham\/gk-power-screaming-bunny-may-rung-tang-cuong\/","url":"https:\/\/desireonline.shop\/vi\/san-pham\/gk-power-screaming-bunny-may-rung-tang-cuong\/","name":"GK POWER Screaming Bunny M\u00e1y rung t\u0103ng c\u01b0\u1eddng - Desire","isPartOf":{"@id":"https:\/\/desireonline.shop\/vi\/#website"},"primaryImageOfPage":{"@id":"https:\/\/desireonline.shop\/vi\/san-pham\/gk-power-screaming-bunny-may-rung-tang-cuong\/#primaryimage"},"image":{"@id":"https:\/\/desireonline.shop\/vi\/san-pham\/gk-power-screaming-bunny-may-rung-tang-cuong\/#primaryimage"},"thumbnailUrl":"https:\/\/desireonline.shop\/wp-content\/uploads\/2026\/02\/CN-920312000_00.jpg","datePublished":"2026-02-16T11:31:00+00:00","dateModified":"2026-03-10T05:44:23+00:00","breadcrumb":{"@id":"https:\/\/desireonline.shop\/vi\/san-pham\/gk-power-screaming-bunny-may-rung-tang-cuong\/#breadcrumb"},"inLanguage":"vi","potentialAction":[{"@type":"ReadAction","target":["https:\/\/desireonline.shop\/vi\/san-pham\/gk-power-screaming-bunny-may-rung-tang-cuong\/"]}]},{"@type":"ImageObject","inLanguage":"vi","@id":"https:\/\/desireonline.shop\/vi\/san-pham\/gk-power-screaming-bunny-may-rung-tang-cuong\/#primaryimage","url":"https:\/\/desireonline.shop\/wp-content\/uploads\/2026\/02\/CN-920312000_00.jpg","contentUrl":"https:\/\/desireonline.shop\/wp-content\/uploads\/2026\/02\/CN-920312000_00.jpg","width":1000,"height":1000},{"@type":"BreadcrumbList","@id":"https:\/\/desireonline.shop\/vi\/san-pham\/gk-power-screaming-bunny-may-rung-tang-cuong\/#breadcrumb","itemListElement":[{"@type":"ListItem","position":1,"name":"Home","item":"https:\/\/desireonline.shop\/vi\/trang-chu\/?lang=vi"},{"@type":"ListItem","position":2,"name":"T\u1ea5t c\u1ea3 s\u1ea3n ph\u1ea9m","item":"https:\/\/desireonline.shop\/cua-hang\/?lang=vi"},{"@type":"ListItem","position":3,"name":"GK POWER Screaming Bunny M\u00e1y rung t\u0103ng c\u01b0\u1eddng"}]},{"@type":"WebSite","@id":"https:\/\/desireonline.shop\/vi\/#website","url":"https:\/\/desireonline.shop\/vi\/","name":"Desire","description":"Sexual Wellness Platform","publisher":{"@id":"https:\/\/desireonline.shop\/vi\/#organization"},"potentialAction":[{"@type":"SearchAction","target":{"@type":"EntryPoint","urlTemplate":"https:\/\/desireonline.shop\/vi\/?s={search_term_string}"},"query-input":{"@type":"PropertyValueSpecification","valueRequired":true,"valueName":"search_term_string"}}],"inLanguage":"vi"},{"@type":"Organization","@id":"https:\/\/desireonline.shop\/vi\/#organization","name":"Desire","url":"https:\/\/desireonline.shop\/vi\/","logo":{"@type":"ImageObject","inLanguage":"vi","@id":"https:\/\/desireonline.shop\/vi\/#\/schema\/logo\/image\/","url":"https:\/\/desireonline.shop\/wp-content\/uploads\/2024\/06\/Logo-Thick-Font-1.webp","contentUrl":"https:\/\/desireonline.shop\/wp-content\/uploads\/2024\/06\/Logo-Thick-Font-1.webp","width":268,"height":399,"caption":"Desire"},"image":{"@id":"https:\/\/desireonline.shop\/vi\/#\/schema\/logo\/image\/"}}]}},"_links":{"self":[{"href":"https:\/\/desireonline.shop\/vi\/wp-json\/wp\/v2\/product\/67063","targetHints":{"allow":["GET"]}}],"collection":[{"href":"https:\/\/desireonline.shop\/vi\/wp-json\/wp\/v2\/product"}],"about":[{"href":"https:\/\/desireonline.shop\/vi\/wp-json\/wp\/v2\/types\/product"}],"replies":[{"embeddable":true,"href":"https:\/\/desireonline.shop\/vi\/wp-json\/wp\/v2\/comments?post=67063"}],"version-history":[{"count":0,"href":"https:\/\/desireonline.shop\/vi\/wp-json\/wp\/v2\/product\/67063\/revisions"}],"wp:featuredmedia":[{"embeddable":true,"href":"https:\/\/desireonline.shop\/vi\/wp-json\/wp\/v2\/media\/62619"}],"wp:attachment":[{"href":"https:\/\/desireonline.shop\/vi\/wp-json\/wp\/v2\/media?parent=67063"}],"wp:term":[{"taxonomy":"product_brand","embeddable":true,"href":"https:\/\/desireonline.shop\/vi\/wp-json\/wp\/v2\/product_brand?post=67063"},{"taxonomy":"product_cat","embeddable":true,"href":"https:\/\/desireonline.shop\/vi\/wp-json\/wp\/v2\/product_cat?post=67063"},{"taxonomy":"product_tag","embeddable":true,"href":"https:\/\/desireonline.shop\/vi\/wp-json\/wp\/v2\/product_tag?post=67063"}],"curies":[{"name":"wp","href":"https:\/\/api.w.org\/{rel}","templated":true}]}}