{"id":67211,"date":"2026-02-16T11:38:00","date_gmt":"2026-02-16T11:38:00","guid":{"rendered":"https:\/\/desireonline.shop\/product\/gk-power-bo-vong-deo-duong-vat-tai-su-dung-30-chiec\/"},"modified":"2026-03-13T02:32:41","modified_gmt":"2026-03-13T02:32:41","slug":"gk-power-bo-vong-deo-duong-vat-tai-su-dung-30-chiec","status":"publish","type":"product","link":"https:\/\/desireonline.shop\/vi\/san-pham\/gk-power-bo-vong-deo-duong-vat-tai-su-dung-30-chiec\/","title":{"rendered":"GK POWER V\u00f2ng \u0111eo d\u01b0\u01a1ng v\u1eadt t\u00e1i s\u1eed d\u1ee5ng 30 chi\u1ebfc"},"content":{"rendered":"<p>V\u1edbi nhi\u1ec1u l\u1ef1a ch\u1ecdn trong b\u1ed9 v\u00f2ng \u0111eo d\u01b0\u01a1ng v\u1eadt l\u1edbn n\u00e0y, s\u1ea3n ph\u1ea9m r\u1ea5t ph\u00f9 h\u1ee3p cho vi\u1ec7c th\u1eed nghi\u1ec7m v\u00e0 kh\u00e1m ph\u00e1 s\u1ef1 \u0111a d\u1ea1ng. \u0110\u01b0\u1ee3c thi\u1ebft k\u1ebf co gi\u00e3n v\u00e0 d\u1ec5 s\u1eed d\u1ee5ng, b\u1ed9 s\u1ea3n ph\u1ea9m cho ph\u00e9p b\u1ea1n kh\u00e1m ph\u00e1 nhi\u1ec1u \u0111\u1ed9 v\u1eeba v\u1eb7n v\u00e0 c\u1ea3m gi\u00e1c kh\u00e1c nhau theo nh\u1ecbp \u0111\u1ed9 c\u1ee7a ri\u00eang m\u00ecnh. M\u1ed9t b\u1ed9 s\u1ea3n ph\u1ea9m thi\u1ebft th\u1ef1c v\u00e0 th\u00fa v\u1ecb d\u00e0nh cho nh\u1eefng ng\u01b0\u1eddi th\u00edch kh\u00e1m ph\u00e1.<\/p>\n","protected":false},"excerpt":{"rendered":"<p>V\u1edbi nhi\u1ec1u l\u1ef1a ch\u1ecdn trong b\u1ed9 v\u00f2ng \u0111eo d\u01b0\u01a1ng v\u1eadt l\u1edbn n\u00e0y, s\u1ea3n ph\u1ea9m r\u1ea5t ph\u00f9 h\u1ee3p cho vi\u1ec7c th\u1eed nghi\u1ec7m v\u00e0 kh\u00e1m ph\u00e1 s\u1ef1 \u0111a d\u1ea1ng. \u0110\u01b0\u1ee3c thi\u1ebft k\u1ebf&hellip;<\/p>\n","protected":false},"featured_media":62803,"comment_status":"open","ping_status":"closed","template":"","meta":{"_acf_changed":false},"product_brand":[],"product_cat":[1400,1404],"product_tag":[],"class_list":{"0":"post-67211","1":"product","2":"type-product","3":"status-publish","4":"has-post-thumbnail","6":"product_cat-bo-vong-deo-ho-tro","7":"product_cat-vong-deo-ho-tro-co-rung","9":"first","10":"instock","11":"shipping-taxable","12":"purchasable","13":"product-type-simple"},"acf":[],"yoast_head":"<!-- This site is optimized with the Yoast SEO plugin v27.1.1 - https:\/\/yoast.com\/product\/yoast-seo-wordpress\/ -->\n<title>GK POWER V\u00f2ng \u0111eo d\u01b0\u01a1ng v\u1eadt t\u00e1i s\u1eed d\u1ee5ng 30 chi\u1ebfc - Desire<\/title>\n<meta name=\"robots\" content=\"index, follow, max-snippet:-1, max-image-preview:large, max-video-preview:-1\" \/>\n<link rel=\"canonical\" href=\"https:\/\/desireonline.shop\/vi\/san-pham\/gk-power-bo-vong-deo-duong-vat-tai-su-dung-30-chiec\/\" \/>\n<meta property=\"og:locale\" content=\"vi_VN\" \/>\n<meta property=\"og:type\" content=\"article\" \/>\n<meta property=\"og:title\" content=\"GK POWER V\u00f2ng \u0111eo d\u01b0\u01a1ng v\u1eadt t\u00e1i s\u1eed d\u1ee5ng 30 chi\u1ebfc - Desire\" \/>\n<meta property=\"og:description\" content=\"V\u1edbi nhi\u1ec1u l\u1ef1a ch\u1ecdn trong b\u1ed9 v\u00f2ng \u0111eo d\u01b0\u01a1ng v\u1eadt l\u1edbn n\u00e0y, s\u1ea3n ph\u1ea9m r\u1ea5t ph\u00f9 h\u1ee3p cho vi\u1ec7c th\u1eed nghi\u1ec7m v\u00e0 kh\u00e1m ph\u00e1 s\u1ef1 \u0111a d\u1ea1ng. \u0110\u01b0\u1ee3c thi\u1ebft k\u1ebf&hellip;\" \/>\n<meta property=\"og:url\" content=\"https:\/\/desireonline.shop\/vi\/san-pham\/gk-power-bo-vong-deo-duong-vat-tai-su-dung-30-chiec\/\" \/>\n<meta property=\"og:site_name\" content=\"Desire\" \/>\n<meta property=\"article:modified_time\" content=\"2026-03-13T02:32:41+00:00\" \/>\n<meta property=\"og:image\" content=\"https:\/\/desireonline.shop\/wp-content\/uploads\/2026\/02\/CN-101662431_00-scaled.jpg\" \/>\n\t<meta property=\"og:image:width\" content=\"2560\" \/>\n\t<meta property=\"og:image:height\" content=\"2560\" \/>\n\t<meta property=\"og:image:type\" content=\"image\/jpeg\" \/>\n<meta name=\"twitter:card\" content=\"summary_large_image\" \/>\n<meta name=\"twitter:label1\" content=\"\u01af\u1edbc t\u00ednh th\u1eddi gian \u0111\u1ecdc\" \/>\n\t<meta name=\"twitter:data1\" content=\"1 ph\u00fat\" \/>\n<script type=\"application\/ld+json\" class=\"yoast-schema-graph\">{\"@context\":\"https:\/\/schema.org\",\"@graph\":[{\"@type\":\"WebPage\",\"@id\":\"https:\/\/desireonline.shop\/vi\/san-pham\/gk-power-bo-vong-deo-duong-vat-tai-su-dung-30-chiec\/\",\"url\":\"https:\/\/desireonline.shop\/vi\/san-pham\/gk-power-bo-vong-deo-duong-vat-tai-su-dung-30-chiec\/\",\"name\":\"GK POWER V\u00f2ng \u0111eo d\u01b0\u01a1ng v\u1eadt t\u00e1i s\u1eed d\u1ee5ng 30 chi\u1ebfc - Desire\",\"isPartOf\":{\"@id\":\"https:\/\/desireonline.shop\/vi\/#website\"},\"primaryImageOfPage\":{\"@id\":\"https:\/\/desireonline.shop\/vi\/san-pham\/gk-power-bo-vong-deo-duong-vat-tai-su-dung-30-chiec\/#primaryimage\"},\"image\":{\"@id\":\"https:\/\/desireonline.shop\/vi\/san-pham\/gk-power-bo-vong-deo-duong-vat-tai-su-dung-30-chiec\/#primaryimage\"},\"thumbnailUrl\":\"https:\/\/desireonline.shop\/wp-content\/uploads\/2026\/02\/CN-101662431_00-scaled.jpg\",\"datePublished\":\"2026-02-16T11:38:00+00:00\",\"dateModified\":\"2026-03-13T02:32:41+00:00\",\"breadcrumb\":{\"@id\":\"https:\/\/desireonline.shop\/vi\/san-pham\/gk-power-bo-vong-deo-duong-vat-tai-su-dung-30-chiec\/#breadcrumb\"},\"inLanguage\":\"vi\",\"potentialAction\":[{\"@type\":\"ReadAction\",\"target\":[\"https:\/\/desireonline.shop\/vi\/san-pham\/gk-power-bo-vong-deo-duong-vat-tai-su-dung-30-chiec\/\"]}]},{\"@type\":\"ImageObject\",\"inLanguage\":\"vi\",\"@id\":\"https:\/\/desireonline.shop\/vi\/san-pham\/gk-power-bo-vong-deo-duong-vat-tai-su-dung-30-chiec\/#primaryimage\",\"url\":\"https:\/\/desireonline.shop\/wp-content\/uploads\/2026\/02\/CN-101662431_00-scaled.jpg\",\"contentUrl\":\"https:\/\/desireonline.shop\/wp-content\/uploads\/2026\/02\/CN-101662431_00-scaled.jpg\",\"width\":2560,\"height\":2560},{\"@type\":\"BreadcrumbList\",\"@id\":\"https:\/\/desireonline.shop\/vi\/san-pham\/gk-power-bo-vong-deo-duong-vat-tai-su-dung-30-chiec\/#breadcrumb\",\"itemListElement\":[{\"@type\":\"ListItem\",\"position\":1,\"name\":\"Home\",\"item\":\"https:\/\/desireonline.shop\/vi\/trang-chu\/?lang=vi\"},{\"@type\":\"ListItem\",\"position\":2,\"name\":\"T\u1ea5t c\u1ea3 s\u1ea3n ph\u1ea9m\",\"item\":\"https:\/\/desireonline.shop\/cua-hang\/?lang=vi\"},{\"@type\":\"ListItem\",\"position\":3,\"name\":\"GK POWER V\u00f2ng \u0111eo d\u01b0\u01a1ng v\u1eadt t\u00e1i s\u1eed d\u1ee5ng 30 chi\u1ebfc\"}]},{\"@type\":\"WebSite\",\"@id\":\"https:\/\/desireonline.shop\/vi\/#website\",\"url\":\"https:\/\/desireonline.shop\/vi\/\",\"name\":\"Desire\",\"description\":\"Sexual Wellness Platform\",\"publisher\":{\"@id\":\"https:\/\/desireonline.shop\/vi\/#organization\"},\"potentialAction\":[{\"@type\":\"SearchAction\",\"target\":{\"@type\":\"EntryPoint\",\"urlTemplate\":\"https:\/\/desireonline.shop\/vi\/?s={search_term_string}\"},\"query-input\":{\"@type\":\"PropertyValueSpecification\",\"valueRequired\":true,\"valueName\":\"search_term_string\"}}],\"inLanguage\":\"vi\"},{\"@type\":\"Organization\",\"@id\":\"https:\/\/desireonline.shop\/vi\/#organization\",\"name\":\"Desire\",\"url\":\"https:\/\/desireonline.shop\/vi\/\",\"logo\":{\"@type\":\"ImageObject\",\"inLanguage\":\"vi\",\"@id\":\"https:\/\/desireonline.shop\/vi\/#\/schema\/logo\/image\/\",\"url\":\"https:\/\/desireonline.shop\/wp-content\/uploads\/2024\/06\/Logo-Thick-Font-1.webp\",\"contentUrl\":\"https:\/\/desireonline.shop\/wp-content\/uploads\/2024\/06\/Logo-Thick-Font-1.webp\",\"width\":268,\"height\":399,\"caption\":\"Desire\"},\"image\":{\"@id\":\"https:\/\/desireonline.shop\/vi\/#\/schema\/logo\/image\/\"}}]}<\/script>\n<!-- \/ Yoast SEO plugin. -->","yoast_head_json":{"title":"GK POWER V\u00f2ng \u0111eo d\u01b0\u01a1ng v\u1eadt t\u00e1i s\u1eed d\u1ee5ng 30 chi\u1ebfc - Desire","robots":{"index":"index","follow":"follow","max-snippet":"max-snippet:-1","max-image-preview":"max-image-preview:large","max-video-preview":"max-video-preview:-1"},"canonical":"https:\/\/desireonline.shop\/vi\/san-pham\/gk-power-bo-vong-deo-duong-vat-tai-su-dung-30-chiec\/","og_locale":"vi_VN","og_type":"article","og_title":"GK POWER V\u00f2ng \u0111eo d\u01b0\u01a1ng v\u1eadt t\u00e1i s\u1eed d\u1ee5ng 30 chi\u1ebfc - Desire","og_description":"V\u1edbi nhi\u1ec1u l\u1ef1a ch\u1ecdn trong b\u1ed9 v\u00f2ng \u0111eo d\u01b0\u01a1ng v\u1eadt l\u1edbn n\u00e0y, s\u1ea3n ph\u1ea9m r\u1ea5t ph\u00f9 h\u1ee3p cho vi\u1ec7c th\u1eed nghi\u1ec7m v\u00e0 kh\u00e1m ph\u00e1 s\u1ef1 \u0111a d\u1ea1ng. \u0110\u01b0\u1ee3c thi\u1ebft k\u1ebf&hellip;","og_url":"https:\/\/desireonline.shop\/vi\/san-pham\/gk-power-bo-vong-deo-duong-vat-tai-su-dung-30-chiec\/","og_site_name":"Desire","article_modified_time":"2026-03-13T02:32:41+00:00","og_image":[{"width":2560,"height":2560,"url":"https:\/\/desireonline.shop\/wp-content\/uploads\/2026\/02\/CN-101662431_00-scaled.jpg","type":"image\/jpeg"}],"twitter_card":"summary_large_image","twitter_misc":{"\u01af\u1edbc t\u00ednh th\u1eddi gian \u0111\u1ecdc":"1 ph\u00fat"},"schema":{"@context":"https:\/\/schema.org","@graph":[{"@type":"WebPage","@id":"https:\/\/desireonline.shop\/vi\/san-pham\/gk-power-bo-vong-deo-duong-vat-tai-su-dung-30-chiec\/","url":"https:\/\/desireonline.shop\/vi\/san-pham\/gk-power-bo-vong-deo-duong-vat-tai-su-dung-30-chiec\/","name":"GK POWER V\u00f2ng \u0111eo d\u01b0\u01a1ng v\u1eadt t\u00e1i s\u1eed d\u1ee5ng 30 chi\u1ebfc - Desire","isPartOf":{"@id":"https:\/\/desireonline.shop\/vi\/#website"},"primaryImageOfPage":{"@id":"https:\/\/desireonline.shop\/vi\/san-pham\/gk-power-bo-vong-deo-duong-vat-tai-su-dung-30-chiec\/#primaryimage"},"image":{"@id":"https:\/\/desireonline.shop\/vi\/san-pham\/gk-power-bo-vong-deo-duong-vat-tai-su-dung-30-chiec\/#primaryimage"},"thumbnailUrl":"https:\/\/desireonline.shop\/wp-content\/uploads\/2026\/02\/CN-101662431_00-scaled.jpg","datePublished":"2026-02-16T11:38:00+00:00","dateModified":"2026-03-13T02:32:41+00:00","breadcrumb":{"@id":"https:\/\/desireonline.shop\/vi\/san-pham\/gk-power-bo-vong-deo-duong-vat-tai-su-dung-30-chiec\/#breadcrumb"},"inLanguage":"vi","potentialAction":[{"@type":"ReadAction","target":["https:\/\/desireonline.shop\/vi\/san-pham\/gk-power-bo-vong-deo-duong-vat-tai-su-dung-30-chiec\/"]}]},{"@type":"ImageObject","inLanguage":"vi","@id":"https:\/\/desireonline.shop\/vi\/san-pham\/gk-power-bo-vong-deo-duong-vat-tai-su-dung-30-chiec\/#primaryimage","url":"https:\/\/desireonline.shop\/wp-content\/uploads\/2026\/02\/CN-101662431_00-scaled.jpg","contentUrl":"https:\/\/desireonline.shop\/wp-content\/uploads\/2026\/02\/CN-101662431_00-scaled.jpg","width":2560,"height":2560},{"@type":"BreadcrumbList","@id":"https:\/\/desireonline.shop\/vi\/san-pham\/gk-power-bo-vong-deo-duong-vat-tai-su-dung-30-chiec\/#breadcrumb","itemListElement":[{"@type":"ListItem","position":1,"name":"Home","item":"https:\/\/desireonline.shop\/vi\/trang-chu\/?lang=vi"},{"@type":"ListItem","position":2,"name":"T\u1ea5t c\u1ea3 s\u1ea3n ph\u1ea9m","item":"https:\/\/desireonline.shop\/cua-hang\/?lang=vi"},{"@type":"ListItem","position":3,"name":"GK POWER V\u00f2ng \u0111eo d\u01b0\u01a1ng v\u1eadt t\u00e1i s\u1eed d\u1ee5ng 30 chi\u1ebfc"}]},{"@type":"WebSite","@id":"https:\/\/desireonline.shop\/vi\/#website","url":"https:\/\/desireonline.shop\/vi\/","name":"Desire","description":"Sexual Wellness Platform","publisher":{"@id":"https:\/\/desireonline.shop\/vi\/#organization"},"potentialAction":[{"@type":"SearchAction","target":{"@type":"EntryPoint","urlTemplate":"https:\/\/desireonline.shop\/vi\/?s={search_term_string}"},"query-input":{"@type":"PropertyValueSpecification","valueRequired":true,"valueName":"search_term_string"}}],"inLanguage":"vi"},{"@type":"Organization","@id":"https:\/\/desireonline.shop\/vi\/#organization","name":"Desire","url":"https:\/\/desireonline.shop\/vi\/","logo":{"@type":"ImageObject","inLanguage":"vi","@id":"https:\/\/desireonline.shop\/vi\/#\/schema\/logo\/image\/","url":"https:\/\/desireonline.shop\/wp-content\/uploads\/2024\/06\/Logo-Thick-Font-1.webp","contentUrl":"https:\/\/desireonline.shop\/wp-content\/uploads\/2024\/06\/Logo-Thick-Font-1.webp","width":268,"height":399,"caption":"Desire"},"image":{"@id":"https:\/\/desireonline.shop\/vi\/#\/schema\/logo\/image\/"}}]}},"_links":{"self":[{"href":"https:\/\/desireonline.shop\/vi\/wp-json\/wp\/v2\/product\/67211","targetHints":{"allow":["GET"]}}],"collection":[{"href":"https:\/\/desireonline.shop\/vi\/wp-json\/wp\/v2\/product"}],"about":[{"href":"https:\/\/desireonline.shop\/vi\/wp-json\/wp\/v2\/types\/product"}],"replies":[{"embeddable":true,"href":"https:\/\/desireonline.shop\/vi\/wp-json\/wp\/v2\/comments?post=67211"}],"version-history":[{"count":0,"href":"https:\/\/desireonline.shop\/vi\/wp-json\/wp\/v2\/product\/67211\/revisions"}],"wp:featuredmedia":[{"embeddable":true,"href":"https:\/\/desireonline.shop\/vi\/wp-json\/wp\/v2\/media\/62803"}],"wp:attachment":[{"href":"https:\/\/desireonline.shop\/vi\/wp-json\/wp\/v2\/media?parent=67211"}],"wp:term":[{"taxonomy":"product_brand","embeddable":true,"href":"https:\/\/desireonline.shop\/vi\/wp-json\/wp\/v2\/product_brand?post=67211"},{"taxonomy":"product_cat","embeddable":true,"href":"https:\/\/desireonline.shop\/vi\/wp-json\/wp\/v2\/product_cat?post=67211"},{"taxonomy":"product_tag","embeddable":true,"href":"https:\/\/desireonline.shop\/vi\/wp-json\/wp\/v2\/product_tag?post=67211"}],"curies":[{"name":"wp","href":"https:\/\/api.w.org\/{rel}","templated":true}]}}