{"id":67296,"date":"2026-02-16T11:42:00","date_gmt":"2026-02-16T11:42:00","guid":{"rendered":"https:\/\/desireonline.shop\/product\/prof-jason-c-may-massage-tham-do-tuyen-tien-liet\/"},"modified":"2026-03-10T06:36:27","modified_gmt":"2026-03-10T06:36:27","slug":"prof-jason-c-may-massage-tham-do-tuyen-tien-liet","status":"publish","type":"product","link":"https:\/\/desireonline.shop\/vi\/san-pham\/prof-jason-c-may-massage-tham-do-tuyen-tien-liet\/","title":{"rendered":"Prof. Jason C M\u00e1y massage th\u0103m d\u00f2 tuy\u1ebfn ti\u1ec1n li\u1ec7t"},"content":{"rendered":"<p>\u0110\u01b0\u1ee3c thi\u1ebft k\u1ebf \u0111\u1ec3 khuy\u1ebfn kh\u00edch nh\u1eadn th\u1ee9c c\u01a1 th\u1ec3 s\u00e2u h\u01a1n, d\u1ee5ng c\u1ee5 th\u0103m d\u00f2 tuy\u1ebfn ti\u1ec1n li\u1ec7t n\u00e0y h\u1ed7 tr\u1ee3 vi\u1ec7c kh\u00e1m ph\u00e1 c\u00f3 ch\u1ee7 \u0111\u00edch trong tr\u1ea1ng th\u00e1i b\u00ecnh t\u0129nh. B\u1ec1 m\u1eb7t m\u1ecbn v\u00e0 h\u00ecnh d\u00e1ng \u0111\u01b0\u1ee3c thi\u1ebft k\u1ebf c\u1ea9n th\u1eadn, s\u1ea3n ph\u1ea9m ph\u00f9 h\u1ee3p cho nh\u1eefng ai t\u00f2 m\u00f2 mu\u1ed1n kh\u00e1m ph\u00e1 nh\u1eefng c\u1ea3m gi\u00e1c m\u1edbi theo c\u00e1ch th\u01b0 gi\u00e3n v\u00e0 gi\u00fap t\u0103ng s\u1ef1 t\u1ef1 tin.<\/p>\n","protected":false},"excerpt":{"rendered":"<p>\u0110\u01b0\u1ee3c thi\u1ebft k\u1ebf \u0111\u1ec3 khuy\u1ebfn kh\u00edch nh\u1eadn th\u1ee9c c\u01a1 th\u1ec3 s\u00e2u h\u01a1n, d\u1ee5ng c\u1ee5 th\u0103m d\u00f2 tuy\u1ebfn ti\u1ec1n li\u1ec7t n\u00e0y h\u1ed7 tr\u1ee3 vi\u1ec7c kh\u00e1m ph\u00e1 c\u00f3 ch\u1ee7 \u0111\u00edch trong tr\u1ea1ng&hellip;<\/p>\n","protected":false},"featured_media":62926,"comment_status":"open","ping_status":"closed","template":"","meta":{"_acf_changed":false},"product_brand":[],"product_cat":[1344,1366,1305,1370],"product_tag":[],"class_list":{"0":"post-67296","1":"product","2":"type-product","3":"status-publish","4":"has-post-thumbnail","6":"product_cat-bdsm","7":"product_cat-bo-san-pham-than-mat","8":"product_cat-danh-cho-cac-cap-doi","9":"product_cat-dung-cu-massage-tuyen-tien-liet","11":"first","12":"instock","13":"shipping-taxable","14":"purchasable","15":"product-type-simple"},"acf":[],"yoast_head":"<!-- This site is optimized with the Yoast SEO plugin v27.1.1 - https:\/\/yoast.com\/product\/yoast-seo-wordpress\/ -->\n<title>Prof. Jason C M\u00e1y massage th\u0103m d\u00f2 tuy\u1ebfn ti\u1ec1n li\u1ec7t - Desire<\/title>\n<meta name=\"robots\" content=\"index, follow, max-snippet:-1, max-image-preview:large, max-video-preview:-1\" \/>\n<link rel=\"canonical\" href=\"https:\/\/desireonline.shop\/vi\/san-pham\/prof-jason-c-may-massage-tham-do-tuyen-tien-liet\/\" \/>\n<meta property=\"og:locale\" content=\"vi_VN\" \/>\n<meta property=\"og:type\" content=\"article\" \/>\n<meta property=\"og:title\" content=\"Prof. Jason C M\u00e1y massage th\u0103m d\u00f2 tuy\u1ebfn ti\u1ec1n li\u1ec7t - Desire\" \/>\n<meta property=\"og:description\" content=\"\u0110\u01b0\u1ee3c thi\u1ebft k\u1ebf \u0111\u1ec3 khuy\u1ebfn kh\u00edch nh\u1eadn th\u1ee9c c\u01a1 th\u1ec3 s\u00e2u h\u01a1n, d\u1ee5ng c\u1ee5 th\u0103m d\u00f2 tuy\u1ebfn ti\u1ec1n li\u1ec7t n\u00e0y h\u1ed7 tr\u1ee3 vi\u1ec7c kh\u00e1m ph\u00e1 c\u00f3 ch\u1ee7 \u0111\u00edch trong tr\u1ea1ng&hellip;\" \/>\n<meta property=\"og:url\" content=\"https:\/\/desireonline.shop\/vi\/san-pham\/prof-jason-c-may-massage-tham-do-tuyen-tien-liet\/\" \/>\n<meta property=\"og:site_name\" content=\"Desire\" \/>\n<meta property=\"article:modified_time\" content=\"2026-03-10T06:36:27+00:00\" \/>\n<meta property=\"og:image\" content=\"https:\/\/desireonline.shop\/wp-content\/uploads\/2026\/02\/CN-402840086_00.jpg\" \/>\n\t<meta property=\"og:image:width\" content=\"1000\" \/>\n\t<meta property=\"og:image:height\" content=\"1000\" \/>\n\t<meta property=\"og:image:type\" content=\"image\/jpeg\" \/>\n<meta name=\"twitter:card\" content=\"summary_large_image\" \/>\n<meta name=\"twitter:label1\" content=\"\u01af\u1edbc t\u00ednh th\u1eddi gian \u0111\u1ecdc\" \/>\n\t<meta name=\"twitter:data1\" content=\"1 ph\u00fat\" \/>\n<script type=\"application\/ld+json\" class=\"yoast-schema-graph\">{\"@context\":\"https:\/\/schema.org\",\"@graph\":[{\"@type\":\"WebPage\",\"@id\":\"https:\/\/desireonline.shop\/vi\/san-pham\/prof-jason-c-may-massage-tham-do-tuyen-tien-liet\/\",\"url\":\"https:\/\/desireonline.shop\/vi\/san-pham\/prof-jason-c-may-massage-tham-do-tuyen-tien-liet\/\",\"name\":\"Prof. Jason C M\u00e1y massage th\u0103m d\u00f2 tuy\u1ebfn ti\u1ec1n li\u1ec7t - Desire\",\"isPartOf\":{\"@id\":\"https:\/\/desireonline.shop\/vi\/#website\"},\"primaryImageOfPage\":{\"@id\":\"https:\/\/desireonline.shop\/vi\/san-pham\/prof-jason-c-may-massage-tham-do-tuyen-tien-liet\/#primaryimage\"},\"image\":{\"@id\":\"https:\/\/desireonline.shop\/vi\/san-pham\/prof-jason-c-may-massage-tham-do-tuyen-tien-liet\/#primaryimage\"},\"thumbnailUrl\":\"https:\/\/desireonline.shop\/wp-content\/uploads\/2026\/02\/CN-402840086_00.jpg\",\"datePublished\":\"2026-02-16T11:42:00+00:00\",\"dateModified\":\"2026-03-10T06:36:27+00:00\",\"breadcrumb\":{\"@id\":\"https:\/\/desireonline.shop\/vi\/san-pham\/prof-jason-c-may-massage-tham-do-tuyen-tien-liet\/#breadcrumb\"},\"inLanguage\":\"vi\",\"potentialAction\":[{\"@type\":\"ReadAction\",\"target\":[\"https:\/\/desireonline.shop\/vi\/san-pham\/prof-jason-c-may-massage-tham-do-tuyen-tien-liet\/\"]}]},{\"@type\":\"ImageObject\",\"inLanguage\":\"vi\",\"@id\":\"https:\/\/desireonline.shop\/vi\/san-pham\/prof-jason-c-may-massage-tham-do-tuyen-tien-liet\/#primaryimage\",\"url\":\"https:\/\/desireonline.shop\/wp-content\/uploads\/2026\/02\/CN-402840086_00.jpg\",\"contentUrl\":\"https:\/\/desireonline.shop\/wp-content\/uploads\/2026\/02\/CN-402840086_00.jpg\",\"width\":1000,\"height\":1000},{\"@type\":\"BreadcrumbList\",\"@id\":\"https:\/\/desireonline.shop\/vi\/san-pham\/prof-jason-c-may-massage-tham-do-tuyen-tien-liet\/#breadcrumb\",\"itemListElement\":[{\"@type\":\"ListItem\",\"position\":1,\"name\":\"Home\",\"item\":\"https:\/\/desireonline.shop\/vi\/trang-chu\/?lang=vi\"},{\"@type\":\"ListItem\",\"position\":2,\"name\":\"T\u1ea5t c\u1ea3 s\u1ea3n ph\u1ea9m\",\"item\":\"https:\/\/desireonline.shop\/cua-hang\/?lang=vi\"},{\"@type\":\"ListItem\",\"position\":3,\"name\":\"Prof. Jason C M\u00e1y massage th\u0103m d\u00f2 tuy\u1ebfn ti\u1ec1n li\u1ec7t\"}]},{\"@type\":\"WebSite\",\"@id\":\"https:\/\/desireonline.shop\/vi\/#website\",\"url\":\"https:\/\/desireonline.shop\/vi\/\",\"name\":\"Desire\",\"description\":\"Sexual Wellness Platform\",\"publisher\":{\"@id\":\"https:\/\/desireonline.shop\/vi\/#organization\"},\"potentialAction\":[{\"@type\":\"SearchAction\",\"target\":{\"@type\":\"EntryPoint\",\"urlTemplate\":\"https:\/\/desireonline.shop\/vi\/?s={search_term_string}\"},\"query-input\":{\"@type\":\"PropertyValueSpecification\",\"valueRequired\":true,\"valueName\":\"search_term_string\"}}],\"inLanguage\":\"vi\"},{\"@type\":\"Organization\",\"@id\":\"https:\/\/desireonline.shop\/vi\/#organization\",\"name\":\"Desire\",\"url\":\"https:\/\/desireonline.shop\/vi\/\",\"logo\":{\"@type\":\"ImageObject\",\"inLanguage\":\"vi\",\"@id\":\"https:\/\/desireonline.shop\/vi\/#\/schema\/logo\/image\/\",\"url\":\"https:\/\/desireonline.shop\/wp-content\/uploads\/2024\/06\/Logo-Thick-Font-1.webp\",\"contentUrl\":\"https:\/\/desireonline.shop\/wp-content\/uploads\/2024\/06\/Logo-Thick-Font-1.webp\",\"width\":268,\"height\":399,\"caption\":\"Desire\"},\"image\":{\"@id\":\"https:\/\/desireonline.shop\/vi\/#\/schema\/logo\/image\/\"}}]}<\/script>\n<!-- \/ Yoast SEO plugin. -->","yoast_head_json":{"title":"Prof. Jason C M\u00e1y massage th\u0103m d\u00f2 tuy\u1ebfn ti\u1ec1n li\u1ec7t - Desire","robots":{"index":"index","follow":"follow","max-snippet":"max-snippet:-1","max-image-preview":"max-image-preview:large","max-video-preview":"max-video-preview:-1"},"canonical":"https:\/\/desireonline.shop\/vi\/san-pham\/prof-jason-c-may-massage-tham-do-tuyen-tien-liet\/","og_locale":"vi_VN","og_type":"article","og_title":"Prof. Jason C M\u00e1y massage th\u0103m d\u00f2 tuy\u1ebfn ti\u1ec1n li\u1ec7t - Desire","og_description":"\u0110\u01b0\u1ee3c thi\u1ebft k\u1ebf \u0111\u1ec3 khuy\u1ebfn kh\u00edch nh\u1eadn th\u1ee9c c\u01a1 th\u1ec3 s\u00e2u h\u01a1n, d\u1ee5ng c\u1ee5 th\u0103m d\u00f2 tuy\u1ebfn ti\u1ec1n li\u1ec7t n\u00e0y h\u1ed7 tr\u1ee3 vi\u1ec7c kh\u00e1m ph\u00e1 c\u00f3 ch\u1ee7 \u0111\u00edch trong tr\u1ea1ng&hellip;","og_url":"https:\/\/desireonline.shop\/vi\/san-pham\/prof-jason-c-may-massage-tham-do-tuyen-tien-liet\/","og_site_name":"Desire","article_modified_time":"2026-03-10T06:36:27+00:00","og_image":[{"width":1000,"height":1000,"url":"https:\/\/desireonline.shop\/wp-content\/uploads\/2026\/02\/CN-402840086_00.jpg","type":"image\/jpeg"}],"twitter_card":"summary_large_image","twitter_misc":{"\u01af\u1edbc t\u00ednh th\u1eddi gian \u0111\u1ecdc":"1 ph\u00fat"},"schema":{"@context":"https:\/\/schema.org","@graph":[{"@type":"WebPage","@id":"https:\/\/desireonline.shop\/vi\/san-pham\/prof-jason-c-may-massage-tham-do-tuyen-tien-liet\/","url":"https:\/\/desireonline.shop\/vi\/san-pham\/prof-jason-c-may-massage-tham-do-tuyen-tien-liet\/","name":"Prof. Jason C M\u00e1y massage th\u0103m d\u00f2 tuy\u1ebfn ti\u1ec1n li\u1ec7t - Desire","isPartOf":{"@id":"https:\/\/desireonline.shop\/vi\/#website"},"primaryImageOfPage":{"@id":"https:\/\/desireonline.shop\/vi\/san-pham\/prof-jason-c-may-massage-tham-do-tuyen-tien-liet\/#primaryimage"},"image":{"@id":"https:\/\/desireonline.shop\/vi\/san-pham\/prof-jason-c-may-massage-tham-do-tuyen-tien-liet\/#primaryimage"},"thumbnailUrl":"https:\/\/desireonline.shop\/wp-content\/uploads\/2026\/02\/CN-402840086_00.jpg","datePublished":"2026-02-16T11:42:00+00:00","dateModified":"2026-03-10T06:36:27+00:00","breadcrumb":{"@id":"https:\/\/desireonline.shop\/vi\/san-pham\/prof-jason-c-may-massage-tham-do-tuyen-tien-liet\/#breadcrumb"},"inLanguage":"vi","potentialAction":[{"@type":"ReadAction","target":["https:\/\/desireonline.shop\/vi\/san-pham\/prof-jason-c-may-massage-tham-do-tuyen-tien-liet\/"]}]},{"@type":"ImageObject","inLanguage":"vi","@id":"https:\/\/desireonline.shop\/vi\/san-pham\/prof-jason-c-may-massage-tham-do-tuyen-tien-liet\/#primaryimage","url":"https:\/\/desireonline.shop\/wp-content\/uploads\/2026\/02\/CN-402840086_00.jpg","contentUrl":"https:\/\/desireonline.shop\/wp-content\/uploads\/2026\/02\/CN-402840086_00.jpg","width":1000,"height":1000},{"@type":"BreadcrumbList","@id":"https:\/\/desireonline.shop\/vi\/san-pham\/prof-jason-c-may-massage-tham-do-tuyen-tien-liet\/#breadcrumb","itemListElement":[{"@type":"ListItem","position":1,"name":"Home","item":"https:\/\/desireonline.shop\/vi\/trang-chu\/?lang=vi"},{"@type":"ListItem","position":2,"name":"T\u1ea5t c\u1ea3 s\u1ea3n ph\u1ea9m","item":"https:\/\/desireonline.shop\/cua-hang\/?lang=vi"},{"@type":"ListItem","position":3,"name":"Prof. Jason C M\u00e1y massage th\u0103m d\u00f2 tuy\u1ebfn ti\u1ec1n li\u1ec7t"}]},{"@type":"WebSite","@id":"https:\/\/desireonline.shop\/vi\/#website","url":"https:\/\/desireonline.shop\/vi\/","name":"Desire","description":"Sexual Wellness Platform","publisher":{"@id":"https:\/\/desireonline.shop\/vi\/#organization"},"potentialAction":[{"@type":"SearchAction","target":{"@type":"EntryPoint","urlTemplate":"https:\/\/desireonline.shop\/vi\/?s={search_term_string}"},"query-input":{"@type":"PropertyValueSpecification","valueRequired":true,"valueName":"search_term_string"}}],"inLanguage":"vi"},{"@type":"Organization","@id":"https:\/\/desireonline.shop\/vi\/#organization","name":"Desire","url":"https:\/\/desireonline.shop\/vi\/","logo":{"@type":"ImageObject","inLanguage":"vi","@id":"https:\/\/desireonline.shop\/vi\/#\/schema\/logo\/image\/","url":"https:\/\/desireonline.shop\/wp-content\/uploads\/2024\/06\/Logo-Thick-Font-1.webp","contentUrl":"https:\/\/desireonline.shop\/wp-content\/uploads\/2024\/06\/Logo-Thick-Font-1.webp","width":268,"height":399,"caption":"Desire"},"image":{"@id":"https:\/\/desireonline.shop\/vi\/#\/schema\/logo\/image\/"}}]}},"_links":{"self":[{"href":"https:\/\/desireonline.shop\/vi\/wp-json\/wp\/v2\/product\/67296","targetHints":{"allow":["GET"]}}],"collection":[{"href":"https:\/\/desireonline.shop\/vi\/wp-json\/wp\/v2\/product"}],"about":[{"href":"https:\/\/desireonline.shop\/vi\/wp-json\/wp\/v2\/types\/product"}],"replies":[{"embeddable":true,"href":"https:\/\/desireonline.shop\/vi\/wp-json\/wp\/v2\/comments?post=67296"}],"version-history":[{"count":0,"href":"https:\/\/desireonline.shop\/vi\/wp-json\/wp\/v2\/product\/67296\/revisions"}],"wp:featuredmedia":[{"embeddable":true,"href":"https:\/\/desireonline.shop\/vi\/wp-json\/wp\/v2\/media\/62926"}],"wp:attachment":[{"href":"https:\/\/desireonline.shop\/vi\/wp-json\/wp\/v2\/media?parent=67296"}],"wp:term":[{"taxonomy":"product_brand","embeddable":true,"href":"https:\/\/desireonline.shop\/vi\/wp-json\/wp\/v2\/product_brand?post=67296"},{"taxonomy":"product_cat","embeddable":true,"href":"https:\/\/desireonline.shop\/vi\/wp-json\/wp\/v2\/product_cat?post=67296"},{"taxonomy":"product_tag","embeddable":true,"href":"https:\/\/desireonline.shop\/vi\/wp-json\/wp\/v2\/product_tag?post=67296"}],"curies":[{"name":"wp","href":"https:\/\/api.w.org\/{rel}","templated":true}]}}