{"id":67376,"date":"2026-02-03T06:40:00","date_gmt":"2026-02-03T06:40:00","guid":{"rendered":"https:\/\/desireonline.shop\/product\/noir-rion-over-the-door-he-thong-day-troi-cua\/"},"modified":"2026-03-10T05:33:24","modified_gmt":"2026-03-10T05:33:24","slug":"noir-rion-over-the-door-he-thong-day-troi-cua","status":"publish","type":"product","link":"https:\/\/desireonline.shop\/vi\/san-pham\/noir-rion-over-the-door-he-thong-day-troi-cua\/","title":{"rendered":"Noir Rion Over the Door H\u1ec7 th\u1ed1ng d\u00e2y tr\u00f3i c\u1eeda"},"content":{"rendered":"<p>H\u1ec7 th\u1ed1ng d\u00e2y tr\u00f3i g\u1eafn tr\u00ean c\u1eeda n\u00e0y \u0111\u01b0\u1ee3c thi\u1ebft k\u1ebf \u0111\u1ec3 d\u1ec5 d\u00e0ng l\u1eafp \u0111\u1eb7t b\u1eb1ng c\u00e1ch s\u1eed d\u1ee5ng kh\u00f4ng gian s\u1eb5n c\u00f3. D\u00e2y \u0111ai \u0111i\u1ec1u ch\u1ec9nh v\u00e0 c\u00f2ng tay \u0111i k\u00e8m gi\u00fap s\u1ea3n ph\u1ea9m linh ho\u1ea1t v\u00e0 d\u1ec5 ti\u1ebfp c\u1eadn. Ph\u00f9 h\u1ee3p cho nh\u1eefng ai mu\u1ed1n m\u1edf r\u1ed9ng kh\u00f4ng gian tr\u1ea3i nghi\u1ec7m c\u1ee7a m\u00ecnh trong khi v\u1eabn gi\u1eef m\u1ecdi th\u1ee9 \u0111\u01a1n gi\u1ea3n v\u00e0 c\u00f3 th\u1ec3 th\u00e1o r\u1eddi d\u1ec5 d\u00e0ng.<\/p>\n","protected":false},"excerpt":{"rendered":"<p>H\u1ec7 th\u1ed1ng d\u00e2y tr\u00f3i g\u1eafn tr\u00ean c\u1eeda n\u00e0y \u0111\u01b0\u1ee3c thi\u1ebft k\u1ebf \u0111\u1ec3 d\u1ec5 d\u00e0ng l\u1eafp \u0111\u1eb7t b\u1eb1ng c\u00e1ch s\u1eed d\u1ee5ng kh\u00f4ng gian s\u1eb5n c\u00f3. D\u00e2y \u0111ai \u0111i\u1ec1u ch\u1ec9nh v\u00e0 c\u00f2ng&hellip;<\/p>\n","protected":false},"featured_media":60996,"comment_status":"open","ping_status":"closed","template":"","meta":{"_acf_changed":false},"product_brand":[],"product_cat":[1345],"product_tag":[1668,1665,1666,1667],"class_list":{"0":"post-67376","1":"product","2":"type-product","3":"status-publish","4":"has-post-thumbnail","6":"product_cat-day-co-dinh-giuong-cua","7":"product_tag-co-the-dieu-chinh","8":"product_tag-danh-cho-cap-doi","9":"product_tag-tro-choi-bondage","10":"product_tag-tro-choi-troi-buoc","12":"first","13":"instock","14":"shipping-taxable","15":"purchasable","16":"product-type-simple"},"acf":[],"yoast_head":"<!-- This site is optimized with the Yoast SEO plugin v27.1.1 - https:\/\/yoast.com\/product\/yoast-seo-wordpress\/ -->\n<title>Noir Rion Over the Door H\u1ec7 th\u1ed1ng d\u00e2y tr\u00f3i c\u1eeda - Desire<\/title>\n<meta name=\"robots\" content=\"index, follow, max-snippet:-1, max-image-preview:large, max-video-preview:-1\" \/>\n<link rel=\"canonical\" href=\"https:\/\/desireonline.shop\/vi\/san-pham\/noir-rion-over-the-door-he-thong-day-troi-cua\/\" \/>\n<meta property=\"og:locale\" content=\"vi_VN\" \/>\n<meta property=\"og:type\" content=\"article\" \/>\n<meta property=\"og:title\" content=\"Noir Rion Over the Door H\u1ec7 th\u1ed1ng d\u00e2y tr\u00f3i c\u1eeda - Desire\" \/>\n<meta property=\"og:description\" content=\"H\u1ec7 th\u1ed1ng d\u00e2y tr\u00f3i g\u1eafn tr\u00ean c\u1eeda n\u00e0y \u0111\u01b0\u1ee3c thi\u1ebft k\u1ebf \u0111\u1ec3 d\u1ec5 d\u00e0ng l\u1eafp \u0111\u1eb7t b\u1eb1ng c\u00e1ch s\u1eed d\u1ee5ng kh\u00f4ng gian s\u1eb5n c\u00f3. D\u00e2y \u0111ai \u0111i\u1ec1u ch\u1ec9nh v\u00e0 c\u00f2ng&hellip;\" \/>\n<meta property=\"og:url\" content=\"https:\/\/desireonline.shop\/vi\/san-pham\/noir-rion-over-the-door-he-thong-day-troi-cua\/\" \/>\n<meta property=\"og:site_name\" content=\"Desire\" \/>\n<meta property=\"article:modified_time\" content=\"2026-03-10T05:33:24+00:00\" \/>\n<meta property=\"og:image\" content=\"https:\/\/desireonline.shop\/wp-content\/uploads\/2026\/02\/CN-738303442_01-scaled.jpg\" \/>\n\t<meta property=\"og:image:width\" content=\"2560\" \/>\n\t<meta property=\"og:image:height\" content=\"2560\" \/>\n\t<meta property=\"og:image:type\" content=\"image\/jpeg\" \/>\n<meta name=\"twitter:card\" content=\"summary_large_image\" \/>\n<meta name=\"twitter:label1\" content=\"\u01af\u1edbc t\u00ednh th\u1eddi gian \u0111\u1ecdc\" \/>\n\t<meta name=\"twitter:data1\" content=\"1 ph\u00fat\" \/>\n<script type=\"application\/ld+json\" class=\"yoast-schema-graph\">{\"@context\":\"https:\/\/schema.org\",\"@graph\":[{\"@type\":\"WebPage\",\"@id\":\"https:\/\/desireonline.shop\/vi\/san-pham\/noir-rion-over-the-door-he-thong-day-troi-cua\/\",\"url\":\"https:\/\/desireonline.shop\/vi\/san-pham\/noir-rion-over-the-door-he-thong-day-troi-cua\/\",\"name\":\"Noir Rion Over the Door H\u1ec7 th\u1ed1ng d\u00e2y tr\u00f3i c\u1eeda - Desire\",\"isPartOf\":{\"@id\":\"https:\/\/desireonline.shop\/vi\/#website\"},\"primaryImageOfPage\":{\"@id\":\"https:\/\/desireonline.shop\/vi\/san-pham\/noir-rion-over-the-door-he-thong-day-troi-cua\/#primaryimage\"},\"image\":{\"@id\":\"https:\/\/desireonline.shop\/vi\/san-pham\/noir-rion-over-the-door-he-thong-day-troi-cua\/#primaryimage\"},\"thumbnailUrl\":\"https:\/\/desireonline.shop\/wp-content\/uploads\/2026\/02\/CN-738303442_01-scaled.jpg\",\"datePublished\":\"2026-02-03T06:40:00+00:00\",\"dateModified\":\"2026-03-10T05:33:24+00:00\",\"breadcrumb\":{\"@id\":\"https:\/\/desireonline.shop\/vi\/san-pham\/noir-rion-over-the-door-he-thong-day-troi-cua\/#breadcrumb\"},\"inLanguage\":\"vi\",\"potentialAction\":[{\"@type\":\"ReadAction\",\"target\":[\"https:\/\/desireonline.shop\/vi\/san-pham\/noir-rion-over-the-door-he-thong-day-troi-cua\/\"]}]},{\"@type\":\"ImageObject\",\"inLanguage\":\"vi\",\"@id\":\"https:\/\/desireonline.shop\/vi\/san-pham\/noir-rion-over-the-door-he-thong-day-troi-cua\/#primaryimage\",\"url\":\"https:\/\/desireonline.shop\/wp-content\/uploads\/2026\/02\/CN-738303442_01-scaled.jpg\",\"contentUrl\":\"https:\/\/desireonline.shop\/wp-content\/uploads\/2026\/02\/CN-738303442_01-scaled.jpg\",\"width\":2560,\"height\":2560},{\"@type\":\"BreadcrumbList\",\"@id\":\"https:\/\/desireonline.shop\/vi\/san-pham\/noir-rion-over-the-door-he-thong-day-troi-cua\/#breadcrumb\",\"itemListElement\":[{\"@type\":\"ListItem\",\"position\":1,\"name\":\"Home\",\"item\":\"https:\/\/desireonline.shop\/vi\/trang-chu\/?lang=vi\"},{\"@type\":\"ListItem\",\"position\":2,\"name\":\"T\u1ea5t c\u1ea3 s\u1ea3n ph\u1ea9m\",\"item\":\"https:\/\/desireonline.shop\/cua-hang\/?lang=vi\"},{\"@type\":\"ListItem\",\"position\":3,\"name\":\"Noir Rion Over the Door H\u1ec7 th\u1ed1ng d\u00e2y tr\u00f3i c\u1eeda\"}]},{\"@type\":\"WebSite\",\"@id\":\"https:\/\/desireonline.shop\/vi\/#website\",\"url\":\"https:\/\/desireonline.shop\/vi\/\",\"name\":\"Desire\",\"description\":\"Sexual Wellness Platform\",\"publisher\":{\"@id\":\"https:\/\/desireonline.shop\/vi\/#organization\"},\"potentialAction\":[{\"@type\":\"SearchAction\",\"target\":{\"@type\":\"EntryPoint\",\"urlTemplate\":\"https:\/\/desireonline.shop\/vi\/?s={search_term_string}\"},\"query-input\":{\"@type\":\"PropertyValueSpecification\",\"valueRequired\":true,\"valueName\":\"search_term_string\"}}],\"inLanguage\":\"vi\"},{\"@type\":\"Organization\",\"@id\":\"https:\/\/desireonline.shop\/vi\/#organization\",\"name\":\"Desire\",\"url\":\"https:\/\/desireonline.shop\/vi\/\",\"logo\":{\"@type\":\"ImageObject\",\"inLanguage\":\"vi\",\"@id\":\"https:\/\/desireonline.shop\/vi\/#\/schema\/logo\/image\/\",\"url\":\"https:\/\/desireonline.shop\/wp-content\/uploads\/2024\/06\/Logo-Thick-Font-1.webp\",\"contentUrl\":\"https:\/\/desireonline.shop\/wp-content\/uploads\/2024\/06\/Logo-Thick-Font-1.webp\",\"width\":268,\"height\":399,\"caption\":\"Desire\"},\"image\":{\"@id\":\"https:\/\/desireonline.shop\/vi\/#\/schema\/logo\/image\/\"}}]}<\/script>\n<!-- \/ Yoast SEO plugin. -->","yoast_head_json":{"title":"Noir Rion Over the Door H\u1ec7 th\u1ed1ng d\u00e2y tr\u00f3i c\u1eeda - Desire","robots":{"index":"index","follow":"follow","max-snippet":"max-snippet:-1","max-image-preview":"max-image-preview:large","max-video-preview":"max-video-preview:-1"},"canonical":"https:\/\/desireonline.shop\/vi\/san-pham\/noir-rion-over-the-door-he-thong-day-troi-cua\/","og_locale":"vi_VN","og_type":"article","og_title":"Noir Rion Over the Door H\u1ec7 th\u1ed1ng d\u00e2y tr\u00f3i c\u1eeda - Desire","og_description":"H\u1ec7 th\u1ed1ng d\u00e2y tr\u00f3i g\u1eafn tr\u00ean c\u1eeda n\u00e0y \u0111\u01b0\u1ee3c thi\u1ebft k\u1ebf \u0111\u1ec3 d\u1ec5 d\u00e0ng l\u1eafp \u0111\u1eb7t b\u1eb1ng c\u00e1ch s\u1eed d\u1ee5ng kh\u00f4ng gian s\u1eb5n c\u00f3. D\u00e2y \u0111ai \u0111i\u1ec1u ch\u1ec9nh v\u00e0 c\u00f2ng&hellip;","og_url":"https:\/\/desireonline.shop\/vi\/san-pham\/noir-rion-over-the-door-he-thong-day-troi-cua\/","og_site_name":"Desire","article_modified_time":"2026-03-10T05:33:24+00:00","og_image":[{"width":2560,"height":2560,"url":"https:\/\/desireonline.shop\/wp-content\/uploads\/2026\/02\/CN-738303442_01-scaled.jpg","type":"image\/jpeg"}],"twitter_card":"summary_large_image","twitter_misc":{"\u01af\u1edbc t\u00ednh th\u1eddi gian \u0111\u1ecdc":"1 ph\u00fat"},"schema":{"@context":"https:\/\/schema.org","@graph":[{"@type":"WebPage","@id":"https:\/\/desireonline.shop\/vi\/san-pham\/noir-rion-over-the-door-he-thong-day-troi-cua\/","url":"https:\/\/desireonline.shop\/vi\/san-pham\/noir-rion-over-the-door-he-thong-day-troi-cua\/","name":"Noir Rion Over the Door H\u1ec7 th\u1ed1ng d\u00e2y tr\u00f3i c\u1eeda - Desire","isPartOf":{"@id":"https:\/\/desireonline.shop\/vi\/#website"},"primaryImageOfPage":{"@id":"https:\/\/desireonline.shop\/vi\/san-pham\/noir-rion-over-the-door-he-thong-day-troi-cua\/#primaryimage"},"image":{"@id":"https:\/\/desireonline.shop\/vi\/san-pham\/noir-rion-over-the-door-he-thong-day-troi-cua\/#primaryimage"},"thumbnailUrl":"https:\/\/desireonline.shop\/wp-content\/uploads\/2026\/02\/CN-738303442_01-scaled.jpg","datePublished":"2026-02-03T06:40:00+00:00","dateModified":"2026-03-10T05:33:24+00:00","breadcrumb":{"@id":"https:\/\/desireonline.shop\/vi\/san-pham\/noir-rion-over-the-door-he-thong-day-troi-cua\/#breadcrumb"},"inLanguage":"vi","potentialAction":[{"@type":"ReadAction","target":["https:\/\/desireonline.shop\/vi\/san-pham\/noir-rion-over-the-door-he-thong-day-troi-cua\/"]}]},{"@type":"ImageObject","inLanguage":"vi","@id":"https:\/\/desireonline.shop\/vi\/san-pham\/noir-rion-over-the-door-he-thong-day-troi-cua\/#primaryimage","url":"https:\/\/desireonline.shop\/wp-content\/uploads\/2026\/02\/CN-738303442_01-scaled.jpg","contentUrl":"https:\/\/desireonline.shop\/wp-content\/uploads\/2026\/02\/CN-738303442_01-scaled.jpg","width":2560,"height":2560},{"@type":"BreadcrumbList","@id":"https:\/\/desireonline.shop\/vi\/san-pham\/noir-rion-over-the-door-he-thong-day-troi-cua\/#breadcrumb","itemListElement":[{"@type":"ListItem","position":1,"name":"Home","item":"https:\/\/desireonline.shop\/vi\/trang-chu\/?lang=vi"},{"@type":"ListItem","position":2,"name":"T\u1ea5t c\u1ea3 s\u1ea3n ph\u1ea9m","item":"https:\/\/desireonline.shop\/cua-hang\/?lang=vi"},{"@type":"ListItem","position":3,"name":"Noir Rion Over the Door H\u1ec7 th\u1ed1ng d\u00e2y tr\u00f3i c\u1eeda"}]},{"@type":"WebSite","@id":"https:\/\/desireonline.shop\/vi\/#website","url":"https:\/\/desireonline.shop\/vi\/","name":"Desire","description":"Sexual Wellness Platform","publisher":{"@id":"https:\/\/desireonline.shop\/vi\/#organization"},"potentialAction":[{"@type":"SearchAction","target":{"@type":"EntryPoint","urlTemplate":"https:\/\/desireonline.shop\/vi\/?s={search_term_string}"},"query-input":{"@type":"PropertyValueSpecification","valueRequired":true,"valueName":"search_term_string"}}],"inLanguage":"vi"},{"@type":"Organization","@id":"https:\/\/desireonline.shop\/vi\/#organization","name":"Desire","url":"https:\/\/desireonline.shop\/vi\/","logo":{"@type":"ImageObject","inLanguage":"vi","@id":"https:\/\/desireonline.shop\/vi\/#\/schema\/logo\/image\/","url":"https:\/\/desireonline.shop\/wp-content\/uploads\/2024\/06\/Logo-Thick-Font-1.webp","contentUrl":"https:\/\/desireonline.shop\/wp-content\/uploads\/2024\/06\/Logo-Thick-Font-1.webp","width":268,"height":399,"caption":"Desire"},"image":{"@id":"https:\/\/desireonline.shop\/vi\/#\/schema\/logo\/image\/"}}]}},"_links":{"self":[{"href":"https:\/\/desireonline.shop\/vi\/wp-json\/wp\/v2\/product\/67376","targetHints":{"allow":["GET"]}}],"collection":[{"href":"https:\/\/desireonline.shop\/vi\/wp-json\/wp\/v2\/product"}],"about":[{"href":"https:\/\/desireonline.shop\/vi\/wp-json\/wp\/v2\/types\/product"}],"replies":[{"embeddable":true,"href":"https:\/\/desireonline.shop\/vi\/wp-json\/wp\/v2\/comments?post=67376"}],"version-history":[{"count":0,"href":"https:\/\/desireonline.shop\/vi\/wp-json\/wp\/v2\/product\/67376\/revisions"}],"wp:featuredmedia":[{"embeddable":true,"href":"https:\/\/desireonline.shop\/vi\/wp-json\/wp\/v2\/media\/60996"}],"wp:attachment":[{"href":"https:\/\/desireonline.shop\/vi\/wp-json\/wp\/v2\/media?parent=67376"}],"wp:term":[{"taxonomy":"product_brand","embeddable":true,"href":"https:\/\/desireonline.shop\/vi\/wp-json\/wp\/v2\/product_brand?post=67376"},{"taxonomy":"product_cat","embeddable":true,"href":"https:\/\/desireonline.shop\/vi\/wp-json\/wp\/v2\/product_cat?post=67376"},{"taxonomy":"product_tag","embeddable":true,"href":"https:\/\/desireonline.shop\/vi\/wp-json\/wp\/v2\/product_tag?post=67376"}],"curies":[{"name":"wp","href":"https:\/\/api.w.org\/{rel}","templated":true}]}}