{"id":67399,"date":"2026-02-03T06:43:00","date_gmt":"2026-02-03T06:43:00","guid":{"rendered":"https:\/\/desireonline.shop\/product\/mx-sexual-stroker-am-dao-gia-nam-mieng\/"},"modified":"2026-03-10T05:33:26","modified_gmt":"2026-03-10T05:33:26","slug":"mx-sexual-stroker-am-dao-gia-nam-mieng","status":"publish","type":"product","link":"https:\/\/desireonline.shop\/vi\/san-pham\/mx-sexual-stroker-am-dao-gia-nam-mieng\/","title":{"rendered":"MX Sexual Stroker \u00c2m \u0111\u1ea1o gi\u1ea3 nam &amp; mi\u1ec7ng"},"content":{"rendered":"<p>\u0110\u01b0\u1ee3c thi\u1ebft k\u1ebf \u0111\u1ec3 mang l\u1ea1i tr\u1ea3i nghi\u1ec7m ch\u00e2n th\u1ef1c h\u01a1n, \u00e2m \u0111\u1ea1o gi\u1ea3 nam hai \u0111\u1ea7u n\u00e0y c\u00f3 ph\u1ea7n l\u1ed1i v\u00e0o gi\u1ed1ng th\u1eadt c\u00f9ng l\u1edbp sleeve b\u00ean trong chi ti\u1ebft gi\u00fap t\u0103ng c\u01b0\u1eddng c\u1ea3m gi\u00e1c t\u1eeb \u0111\u1ea7u \u0111\u1ebfn cu\u1ed1i. C\u1ea5u tr\u00fac m\u1ec1m m\u1ea1i v\u00e0 linh ho\u1ea1t t\u1ea1o n\u00ean c\u1ea3m gi\u00e1c t\u1ef1 nhi\u00ean v\u00e0 tho\u1ea3i m\u00e1i, d\u1ec5 d\u00e0ng t\u1eadn h\u01b0\u1edfng theo nh\u1ecbp \u0111\u1ed9 c\u1ee7a ri\u00eang b\u1ea1n.<\/p>\n<p>Ph\u00f9 h\u1ee3p cho nh\u1eefng ai \u0111\u00e1nh gi\u00e1 cao s\u1ef1 ch\u00e2n th\u1ef1c v\u00e0 \u0111a d\u1ea1ng, s\u1ea3n ph\u1ea9m cho ph\u00e9p b\u1ea1n kh\u00e1m ph\u00e1 nhi\u1ec1u c\u1ea3m gi\u00e1c kh\u00e1c nhau trong c\u00f9ng m\u1ed9t thi\u1ebft k\u1ebf. M\u1ed9t l\u1ef1a ch\u1ecdn th\u1ecfa m\u00e3n cho nh\u1eefng kho\u1ea3nh kh\u1eafc c\u00e1 nh\u00e2n th\u01b0 gi\u00e3n khi b\u1ea1n mu\u1ed1n t\u0103ng th\u00eam kho\u00e1i c\u1ea3m v\u00e0 s\u1ef1 \u0111\u1eafm ch\u00ecm.<\/p>\n","protected":false},"excerpt":{"rendered":"<p>\u0110\u01b0\u1ee3c thi\u1ebft k\u1ebf \u0111\u1ec3 mang l\u1ea1i tr\u1ea3i nghi\u1ec7m ch\u00e2n th\u1ef1c h\u01a1n, \u00e2m \u0111\u1ea1o gi\u1ea3 nam hai \u0111\u1ea7u n\u00e0y c\u00f3 ph\u1ea7n l\u1ed1i v\u00e0o gi\u1ed1ng th\u1eadt c\u00f9ng l\u1edbp sleeve b\u00ean trong chi&hellip;<\/p>\n","protected":false},"featured_media":61024,"comment_status":"open","ping_status":"closed","template":"","meta":{"_acf_changed":false},"product_brand":[],"product_cat":[1407,1411],"product_tag":[1660,1678,1676,1679,1677],"class_list":{"0":"post-67399","1":"product","2":"type-product","3":"status-publish","4":"has-post-thumbnail","6":"product_cat-am-dao-gia-cho-nam","7":"product_cat-san-pham-mo-phong-am-dao","8":"product_tag-an-toan-cho-co-the","9":"product_tag-cam-giac-chan-thuc","10":"product_tag-danh-cho-nam-gioi","11":"product_tag-tap-trung-vao-duong-vat","12":"product_tag-tu-suong","14":"first","15":"instock","16":"shipping-taxable","17":"purchasable","18":"product-type-simple"},"acf":[],"yoast_head":"<!-- This site is optimized with the Yoast SEO plugin v27.1.1 - https:\/\/yoast.com\/product\/yoast-seo-wordpress\/ -->\n<title>MX Sexual Stroker \u00c2m \u0111\u1ea1o gi\u1ea3 nam &amp; mi\u1ec7ng - Desire<\/title>\n<meta name=\"robots\" content=\"index, follow, max-snippet:-1, max-image-preview:large, max-video-preview:-1\" \/>\n<link rel=\"canonical\" href=\"https:\/\/desireonline.shop\/vi\/san-pham\/mx-sexual-stroker-am-dao-gia-nam-mieng\/\" \/>\n<meta property=\"og:locale\" content=\"vi_VN\" \/>\n<meta property=\"og:type\" content=\"article\" \/>\n<meta property=\"og:title\" content=\"MX Sexual Stroker \u00c2m \u0111\u1ea1o gi\u1ea3 nam &amp; mi\u1ec7ng - Desire\" \/>\n<meta property=\"og:description\" content=\"\u0110\u01b0\u1ee3c thi\u1ebft k\u1ebf \u0111\u1ec3 mang l\u1ea1i tr\u1ea3i nghi\u1ec7m ch\u00e2n th\u1ef1c h\u01a1n, \u00e2m \u0111\u1ea1o gi\u1ea3 nam hai \u0111\u1ea7u n\u00e0y c\u00f3 ph\u1ea7n l\u1ed1i v\u00e0o gi\u1ed1ng th\u1eadt c\u00f9ng l\u1edbp sleeve b\u00ean trong chi&hellip;\" \/>\n<meta property=\"og:url\" content=\"https:\/\/desireonline.shop\/vi\/san-pham\/mx-sexual-stroker-am-dao-gia-nam-mieng\/\" \/>\n<meta property=\"og:site_name\" content=\"Desire\" \/>\n<meta property=\"article:modified_time\" content=\"2026-03-10T05:33:26+00:00\" \/>\n<meta property=\"og:image\" content=\"https:\/\/desireonline.shop\/wp-content\/uploads\/2026\/02\/CN-620898219_00.jpg\" \/>\n\t<meta property=\"og:image:width\" content=\"1000\" \/>\n\t<meta property=\"og:image:height\" content=\"1000\" \/>\n\t<meta property=\"og:image:type\" content=\"image\/jpeg\" \/>\n<meta name=\"twitter:card\" content=\"summary_large_image\" \/>\n<meta name=\"twitter:label1\" content=\"\u01af\u1edbc t\u00ednh th\u1eddi gian \u0111\u1ecdc\" \/>\n\t<meta name=\"twitter:data1\" content=\"1 ph\u00fat\" \/>\n<script type=\"application\/ld+json\" class=\"yoast-schema-graph\">{\"@context\":\"https:\/\/schema.org\",\"@graph\":[{\"@type\":\"WebPage\",\"@id\":\"https:\/\/desireonline.shop\/vi\/san-pham\/mx-sexual-stroker-am-dao-gia-nam-mieng\/\",\"url\":\"https:\/\/desireonline.shop\/vi\/san-pham\/mx-sexual-stroker-am-dao-gia-nam-mieng\/\",\"name\":\"MX Sexual Stroker \u00c2m \u0111\u1ea1o gi\u1ea3 nam &amp; mi\u1ec7ng - Desire\",\"isPartOf\":{\"@id\":\"https:\/\/desireonline.shop\/vi\/#website\"},\"primaryImageOfPage\":{\"@id\":\"https:\/\/desireonline.shop\/vi\/san-pham\/mx-sexual-stroker-am-dao-gia-nam-mieng\/#primaryimage\"},\"image\":{\"@id\":\"https:\/\/desireonline.shop\/vi\/san-pham\/mx-sexual-stroker-am-dao-gia-nam-mieng\/#primaryimage\"},\"thumbnailUrl\":\"https:\/\/desireonline.shop\/wp-content\/uploads\/2026\/02\/CN-620898219_00.jpg\",\"datePublished\":\"2026-02-03T06:43:00+00:00\",\"dateModified\":\"2026-03-10T05:33:26+00:00\",\"breadcrumb\":{\"@id\":\"https:\/\/desireonline.shop\/vi\/san-pham\/mx-sexual-stroker-am-dao-gia-nam-mieng\/#breadcrumb\"},\"inLanguage\":\"vi\",\"potentialAction\":[{\"@type\":\"ReadAction\",\"target\":[\"https:\/\/desireonline.shop\/vi\/san-pham\/mx-sexual-stroker-am-dao-gia-nam-mieng\/\"]}]},{\"@type\":\"ImageObject\",\"inLanguage\":\"vi\",\"@id\":\"https:\/\/desireonline.shop\/vi\/san-pham\/mx-sexual-stroker-am-dao-gia-nam-mieng\/#primaryimage\",\"url\":\"https:\/\/desireonline.shop\/wp-content\/uploads\/2026\/02\/CN-620898219_00.jpg\",\"contentUrl\":\"https:\/\/desireonline.shop\/wp-content\/uploads\/2026\/02\/CN-620898219_00.jpg\",\"width\":1000,\"height\":1000},{\"@type\":\"BreadcrumbList\",\"@id\":\"https:\/\/desireonline.shop\/vi\/san-pham\/mx-sexual-stroker-am-dao-gia-nam-mieng\/#breadcrumb\",\"itemListElement\":[{\"@type\":\"ListItem\",\"position\":1,\"name\":\"Home\",\"item\":\"https:\/\/desireonline.shop\/vi\/trang-chu\/?lang=vi\"},{\"@type\":\"ListItem\",\"position\":2,\"name\":\"T\u1ea5t c\u1ea3 s\u1ea3n ph\u1ea9m\",\"item\":\"https:\/\/desireonline.shop\/cua-hang\/?lang=vi\"},{\"@type\":\"ListItem\",\"position\":3,\"name\":\"MX Sexual Stroker \u00c2m \u0111\u1ea1o gi\u1ea3 nam &amp; mi\u1ec7ng\"}]},{\"@type\":\"WebSite\",\"@id\":\"https:\/\/desireonline.shop\/vi\/#website\",\"url\":\"https:\/\/desireonline.shop\/vi\/\",\"name\":\"Desire\",\"description\":\"Sexual Wellness Platform\",\"publisher\":{\"@id\":\"https:\/\/desireonline.shop\/vi\/#organization\"},\"potentialAction\":[{\"@type\":\"SearchAction\",\"target\":{\"@type\":\"EntryPoint\",\"urlTemplate\":\"https:\/\/desireonline.shop\/vi\/?s={search_term_string}\"},\"query-input\":{\"@type\":\"PropertyValueSpecification\",\"valueRequired\":true,\"valueName\":\"search_term_string\"}}],\"inLanguage\":\"vi\"},{\"@type\":\"Organization\",\"@id\":\"https:\/\/desireonline.shop\/vi\/#organization\",\"name\":\"Desire\",\"url\":\"https:\/\/desireonline.shop\/vi\/\",\"logo\":{\"@type\":\"ImageObject\",\"inLanguage\":\"vi\",\"@id\":\"https:\/\/desireonline.shop\/vi\/#\/schema\/logo\/image\/\",\"url\":\"https:\/\/desireonline.shop\/wp-content\/uploads\/2024\/06\/Logo-Thick-Font-1.webp\",\"contentUrl\":\"https:\/\/desireonline.shop\/wp-content\/uploads\/2024\/06\/Logo-Thick-Font-1.webp\",\"width\":268,\"height\":399,\"caption\":\"Desire\"},\"image\":{\"@id\":\"https:\/\/desireonline.shop\/vi\/#\/schema\/logo\/image\/\"}}]}<\/script>\n<!-- \/ Yoast SEO plugin. -->","yoast_head_json":{"title":"MX Sexual Stroker \u00c2m \u0111\u1ea1o gi\u1ea3 nam &amp; mi\u1ec7ng - Desire","robots":{"index":"index","follow":"follow","max-snippet":"max-snippet:-1","max-image-preview":"max-image-preview:large","max-video-preview":"max-video-preview:-1"},"canonical":"https:\/\/desireonline.shop\/vi\/san-pham\/mx-sexual-stroker-am-dao-gia-nam-mieng\/","og_locale":"vi_VN","og_type":"article","og_title":"MX Sexual Stroker \u00c2m \u0111\u1ea1o gi\u1ea3 nam &amp; mi\u1ec7ng - Desire","og_description":"\u0110\u01b0\u1ee3c thi\u1ebft k\u1ebf \u0111\u1ec3 mang l\u1ea1i tr\u1ea3i nghi\u1ec7m ch\u00e2n th\u1ef1c h\u01a1n, \u00e2m \u0111\u1ea1o gi\u1ea3 nam hai \u0111\u1ea7u n\u00e0y c\u00f3 ph\u1ea7n l\u1ed1i v\u00e0o gi\u1ed1ng th\u1eadt c\u00f9ng l\u1edbp sleeve b\u00ean trong chi&hellip;","og_url":"https:\/\/desireonline.shop\/vi\/san-pham\/mx-sexual-stroker-am-dao-gia-nam-mieng\/","og_site_name":"Desire","article_modified_time":"2026-03-10T05:33:26+00:00","og_image":[{"width":1000,"height":1000,"url":"https:\/\/desireonline.shop\/wp-content\/uploads\/2026\/02\/CN-620898219_00.jpg","type":"image\/jpeg"}],"twitter_card":"summary_large_image","twitter_misc":{"\u01af\u1edbc t\u00ednh th\u1eddi gian \u0111\u1ecdc":"1 ph\u00fat"},"schema":{"@context":"https:\/\/schema.org","@graph":[{"@type":"WebPage","@id":"https:\/\/desireonline.shop\/vi\/san-pham\/mx-sexual-stroker-am-dao-gia-nam-mieng\/","url":"https:\/\/desireonline.shop\/vi\/san-pham\/mx-sexual-stroker-am-dao-gia-nam-mieng\/","name":"MX Sexual Stroker \u00c2m \u0111\u1ea1o gi\u1ea3 nam &amp; mi\u1ec7ng - Desire","isPartOf":{"@id":"https:\/\/desireonline.shop\/vi\/#website"},"primaryImageOfPage":{"@id":"https:\/\/desireonline.shop\/vi\/san-pham\/mx-sexual-stroker-am-dao-gia-nam-mieng\/#primaryimage"},"image":{"@id":"https:\/\/desireonline.shop\/vi\/san-pham\/mx-sexual-stroker-am-dao-gia-nam-mieng\/#primaryimage"},"thumbnailUrl":"https:\/\/desireonline.shop\/wp-content\/uploads\/2026\/02\/CN-620898219_00.jpg","datePublished":"2026-02-03T06:43:00+00:00","dateModified":"2026-03-10T05:33:26+00:00","breadcrumb":{"@id":"https:\/\/desireonline.shop\/vi\/san-pham\/mx-sexual-stroker-am-dao-gia-nam-mieng\/#breadcrumb"},"inLanguage":"vi","potentialAction":[{"@type":"ReadAction","target":["https:\/\/desireonline.shop\/vi\/san-pham\/mx-sexual-stroker-am-dao-gia-nam-mieng\/"]}]},{"@type":"ImageObject","inLanguage":"vi","@id":"https:\/\/desireonline.shop\/vi\/san-pham\/mx-sexual-stroker-am-dao-gia-nam-mieng\/#primaryimage","url":"https:\/\/desireonline.shop\/wp-content\/uploads\/2026\/02\/CN-620898219_00.jpg","contentUrl":"https:\/\/desireonline.shop\/wp-content\/uploads\/2026\/02\/CN-620898219_00.jpg","width":1000,"height":1000},{"@type":"BreadcrumbList","@id":"https:\/\/desireonline.shop\/vi\/san-pham\/mx-sexual-stroker-am-dao-gia-nam-mieng\/#breadcrumb","itemListElement":[{"@type":"ListItem","position":1,"name":"Home","item":"https:\/\/desireonline.shop\/vi\/trang-chu\/?lang=vi"},{"@type":"ListItem","position":2,"name":"T\u1ea5t c\u1ea3 s\u1ea3n ph\u1ea9m","item":"https:\/\/desireonline.shop\/cua-hang\/?lang=vi"},{"@type":"ListItem","position":3,"name":"MX Sexual Stroker \u00c2m \u0111\u1ea1o gi\u1ea3 nam &amp; mi\u1ec7ng"}]},{"@type":"WebSite","@id":"https:\/\/desireonline.shop\/vi\/#website","url":"https:\/\/desireonline.shop\/vi\/","name":"Desire","description":"Sexual Wellness Platform","publisher":{"@id":"https:\/\/desireonline.shop\/vi\/#organization"},"potentialAction":[{"@type":"SearchAction","target":{"@type":"EntryPoint","urlTemplate":"https:\/\/desireonline.shop\/vi\/?s={search_term_string}"},"query-input":{"@type":"PropertyValueSpecification","valueRequired":true,"valueName":"search_term_string"}}],"inLanguage":"vi"},{"@type":"Organization","@id":"https:\/\/desireonline.shop\/vi\/#organization","name":"Desire","url":"https:\/\/desireonline.shop\/vi\/","logo":{"@type":"ImageObject","inLanguage":"vi","@id":"https:\/\/desireonline.shop\/vi\/#\/schema\/logo\/image\/","url":"https:\/\/desireonline.shop\/wp-content\/uploads\/2024\/06\/Logo-Thick-Font-1.webp","contentUrl":"https:\/\/desireonline.shop\/wp-content\/uploads\/2024\/06\/Logo-Thick-Font-1.webp","width":268,"height":399,"caption":"Desire"},"image":{"@id":"https:\/\/desireonline.shop\/vi\/#\/schema\/logo\/image\/"}}]}},"_links":{"self":[{"href":"https:\/\/desireonline.shop\/vi\/wp-json\/wp\/v2\/product\/67399","targetHints":{"allow":["GET"]}}],"collection":[{"href":"https:\/\/desireonline.shop\/vi\/wp-json\/wp\/v2\/product"}],"about":[{"href":"https:\/\/desireonline.shop\/vi\/wp-json\/wp\/v2\/types\/product"}],"replies":[{"embeddable":true,"href":"https:\/\/desireonline.shop\/vi\/wp-json\/wp\/v2\/comments?post=67399"}],"version-history":[{"count":0,"href":"https:\/\/desireonline.shop\/vi\/wp-json\/wp\/v2\/product\/67399\/revisions"}],"wp:featuredmedia":[{"embeddable":true,"href":"https:\/\/desireonline.shop\/vi\/wp-json\/wp\/v2\/media\/61024"}],"wp:attachment":[{"href":"https:\/\/desireonline.shop\/vi\/wp-json\/wp\/v2\/media?parent=67399"}],"wp:term":[{"taxonomy":"product_brand","embeddable":true,"href":"https:\/\/desireonline.shop\/vi\/wp-json\/wp\/v2\/product_brand?post=67399"},{"taxonomy":"product_cat","embeddable":true,"href":"https:\/\/desireonline.shop\/vi\/wp-json\/wp\/v2\/product_cat?post=67399"},{"taxonomy":"product_tag","embeddable":true,"href":"https:\/\/desireonline.shop\/vi\/wp-json\/wp\/v2\/product_tag?post=67399"}],"curies":[{"name":"wp","href":"https:\/\/api.w.org\/{rel}","templated":true}]}}