{"id":67409,"date":"2026-02-03T06:45:00","date_gmt":"2026-02-03T06:45:00","guid":{"rendered":"https:\/\/desireonline.shop\/product\/lust-ripple-may-kich-thich-am-vat-abyss\/"},"modified":"2026-03-10T05:33:27","modified_gmt":"2026-03-10T05:33:27","slug":"lust-ripple-may-kich-thich-am-vat-abyss","status":"publish","type":"product","link":"https:\/\/desireonline.shop\/vi\/san-pham\/lust-ripple-may-kich-thich-am-vat-abyss\/","title":{"rendered":"Lust Ripple M\u00e1y k\u00edch th\u00edch \u00e2m v\u1eadt \u2013 Abyss"},"content":{"rendered":"<p>\u0110\u01b0\u1ee3c thi\u1ebft k\u1ebf cho kho\u00e1i c\u1ea3m nh\u1ecbp nh\u00e0ng v\u00e0 t\u1eadp trung, m\u00e1y k\u00edch th\u00edch \u00e2m v\u1eadt n\u00e0y c\u00f3 h\u00ecnh d\u00e1ng li\u1ec1n m\u1ea1ch, tr\u01a1n m\u01b0\u1ee3t \u00f4m s\u00e1t c\u01a1 th\u1ec3 m\u1ed9t c\u00e1ch tho\u1ea3i m\u00e1i. C\u01a1 ch\u1ebf k\u00edch th\u00edch ki\u1ec3u g\u00f5 nh\u1eb9 t\u1ea1o ra c\u1ea3m gi\u00e1c ri\u00eang bi\u1ec7t, l\u00fd t\u01b0\u1edfng \u0111\u1ec3 kh\u01a1i g\u1ee3i x\u00fac gi\u00e1c v\u00e0 t\u0103ng d\u1ea7n s\u1ef1 mong \u0111\u1ee3i.<\/p>\n<p>V\u1edbi 10 ki\u1ec3u nh\u1ecbp g\u00f5 kh\u00e1c nhau, s\u1ea3n ph\u1ea9m cho ph\u00e9p b\u1ea1n kh\u00e1m ph\u00e1 nhi\u1ec1u nh\u1ecbp \u0111i\u1ec7u v\u00e0 c\u01b0\u1eddng \u0111\u1ed9 \u0111\u1ec3 ph\u00f9 h\u1ee3p v\u1edbi t\u00e2m tr\u1ea1ng c\u1ee7a m\u00ecnh. Nh\u1ecf g\u1ecdn v\u00e0 d\u1ec5 s\u1eed d\u1ee5ng, \u0111\u00e2y l\u00e0 l\u1ef1a ch\u1ecdn ph\u00f9 h\u1ee3p cho nh\u1eefng kho\u1ea3nh kh\u1eafc c\u00e1 nh\u00e2n t\u1eadp trung ho\u1eb7c \u0111\u1ec3 l\u00e0m m\u1edbi tr\u1ea3i nghi\u1ec7m kho\u00e1i c\u1ea3m c\u1ee7a b\u1ea1n.<\/p>\n","protected":false},"excerpt":{"rendered":"<p>\u0110\u01b0\u1ee3c thi\u1ebft k\u1ebf cho kho\u00e1i c\u1ea3m nh\u1ecbp nh\u00e0ng v\u00e0 t\u1eadp trung, m\u00e1y k\u00edch th\u00edch \u00e2m v\u1eadt n\u00e0y c\u00f3 h\u00ecnh d\u00e1ng li\u1ec1n m\u1ea1ch, tr\u01a1n m\u01b0\u1ee3t \u00f4m s\u00e1t c\u01a1 th\u1ec3 m\u1ed9t c\u00e1ch&hellip;<\/p>\n","protected":false},"featured_media":61036,"comment_status":"open","ping_status":"closed","template":"","meta":{"_acf_changed":false},"product_brand":[],"product_cat":[1391,1435],"product_tag":[1660,1686,1670,1684,1685],"class_list":{"0":"post-67409","1":"product","2":"type-product","3":"status-publish","4":"has-post-thumbnail","6":"product_cat-may-rung-hut-liem-am-vat","7":"product_cat-may-rung-kich-thich-ngoai","8":"product_tag-an-toan-cho-co-the","9":"product_tag-cam-giac-hut","10":"product_tag-danh-cho-phu-nu","11":"product_tag-kich-thich-am-vat","12":"product_tag-trai-nghiem-manh-liet","14":"first","15":"instock","16":"shipping-taxable","17":"purchasable","18":"product-type-simple"},"acf":[],"yoast_head":"<!-- This site is optimized with the Yoast SEO plugin v27.1.1 - https:\/\/yoast.com\/product\/yoast-seo-wordpress\/ -->\n<title>Lust Ripple M\u00e1y k\u00edch th\u00edch \u00e2m v\u1eadt \u2013 Abyss - Desire<\/title>\n<meta name=\"robots\" content=\"index, follow, max-snippet:-1, max-image-preview:large, max-video-preview:-1\" \/>\n<link rel=\"canonical\" href=\"https:\/\/desireonline.shop\/vi\/san-pham\/lust-ripple-may-kich-thich-am-vat-abyss\/\" \/>\n<meta property=\"og:locale\" content=\"vi_VN\" \/>\n<meta property=\"og:type\" content=\"article\" \/>\n<meta property=\"og:title\" content=\"Lust Ripple M\u00e1y k\u00edch th\u00edch \u00e2m v\u1eadt \u2013 Abyss - Desire\" \/>\n<meta property=\"og:description\" content=\"\u0110\u01b0\u1ee3c thi\u1ebft k\u1ebf cho kho\u00e1i c\u1ea3m nh\u1ecbp nh\u00e0ng v\u00e0 t\u1eadp trung, m\u00e1y k\u00edch th\u00edch \u00e2m v\u1eadt n\u00e0y c\u00f3 h\u00ecnh d\u00e1ng li\u1ec1n m\u1ea1ch, tr\u01a1n m\u01b0\u1ee3t \u00f4m s\u00e1t c\u01a1 th\u1ec3 m\u1ed9t c\u00e1ch&hellip;\" \/>\n<meta property=\"og:url\" content=\"https:\/\/desireonline.shop\/vi\/san-pham\/lust-ripple-may-kich-thich-am-vat-abyss\/\" \/>\n<meta property=\"og:site_name\" content=\"Desire\" \/>\n<meta property=\"article:modified_time\" content=\"2026-03-10T05:33:27+00:00\" \/>\n<meta property=\"og:image\" content=\"https:\/\/desireonline.shop\/wp-content\/uploads\/2026\/02\/CN-720606057_00.jpg\" \/>\n\t<meta property=\"og:image:width\" content=\"1000\" \/>\n\t<meta property=\"og:image:height\" content=\"1000\" \/>\n\t<meta property=\"og:image:type\" content=\"image\/jpeg\" \/>\n<meta name=\"twitter:card\" content=\"summary_large_image\" \/>\n<meta name=\"twitter:label1\" content=\"\u01af\u1edbc t\u00ednh th\u1eddi gian \u0111\u1ecdc\" \/>\n\t<meta name=\"twitter:data1\" content=\"1 ph\u00fat\" \/>\n<script type=\"application\/ld+json\" class=\"yoast-schema-graph\">{\"@context\":\"https:\/\/schema.org\",\"@graph\":[{\"@type\":\"WebPage\",\"@id\":\"https:\/\/desireonline.shop\/vi\/san-pham\/lust-ripple-may-kich-thich-am-vat-abyss\/\",\"url\":\"https:\/\/desireonline.shop\/vi\/san-pham\/lust-ripple-may-kich-thich-am-vat-abyss\/\",\"name\":\"Lust Ripple M\u00e1y k\u00edch th\u00edch \u00e2m v\u1eadt \u2013 Abyss - Desire\",\"isPartOf\":{\"@id\":\"https:\/\/desireonline.shop\/vi\/#website\"},\"primaryImageOfPage\":{\"@id\":\"https:\/\/desireonline.shop\/vi\/san-pham\/lust-ripple-may-kich-thich-am-vat-abyss\/#primaryimage\"},\"image\":{\"@id\":\"https:\/\/desireonline.shop\/vi\/san-pham\/lust-ripple-may-kich-thich-am-vat-abyss\/#primaryimage\"},\"thumbnailUrl\":\"https:\/\/desireonline.shop\/wp-content\/uploads\/2026\/02\/CN-720606057_00.jpg\",\"datePublished\":\"2026-02-03T06:45:00+00:00\",\"dateModified\":\"2026-03-10T05:33:27+00:00\",\"breadcrumb\":{\"@id\":\"https:\/\/desireonline.shop\/vi\/san-pham\/lust-ripple-may-kich-thich-am-vat-abyss\/#breadcrumb\"},\"inLanguage\":\"vi\",\"potentialAction\":[{\"@type\":\"ReadAction\",\"target\":[\"https:\/\/desireonline.shop\/vi\/san-pham\/lust-ripple-may-kich-thich-am-vat-abyss\/\"]}]},{\"@type\":\"ImageObject\",\"inLanguage\":\"vi\",\"@id\":\"https:\/\/desireonline.shop\/vi\/san-pham\/lust-ripple-may-kich-thich-am-vat-abyss\/#primaryimage\",\"url\":\"https:\/\/desireonline.shop\/wp-content\/uploads\/2026\/02\/CN-720606057_00.jpg\",\"contentUrl\":\"https:\/\/desireonline.shop\/wp-content\/uploads\/2026\/02\/CN-720606057_00.jpg\",\"width\":1000,\"height\":1000},{\"@type\":\"BreadcrumbList\",\"@id\":\"https:\/\/desireonline.shop\/vi\/san-pham\/lust-ripple-may-kich-thich-am-vat-abyss\/#breadcrumb\",\"itemListElement\":[{\"@type\":\"ListItem\",\"position\":1,\"name\":\"Home\",\"item\":\"https:\/\/desireonline.shop\/vi\/trang-chu\/?lang=vi\"},{\"@type\":\"ListItem\",\"position\":2,\"name\":\"T\u1ea5t c\u1ea3 s\u1ea3n ph\u1ea9m\",\"item\":\"https:\/\/desireonline.shop\/cua-hang\/?lang=vi\"},{\"@type\":\"ListItem\",\"position\":3,\"name\":\"Lust Ripple M\u00e1y k\u00edch th\u00edch \u00e2m v\u1eadt \u2013 Abyss\"}]},{\"@type\":\"WebSite\",\"@id\":\"https:\/\/desireonline.shop\/vi\/#website\",\"url\":\"https:\/\/desireonline.shop\/vi\/\",\"name\":\"Desire\",\"description\":\"Sexual Wellness Platform\",\"publisher\":{\"@id\":\"https:\/\/desireonline.shop\/vi\/#organization\"},\"potentialAction\":[{\"@type\":\"SearchAction\",\"target\":{\"@type\":\"EntryPoint\",\"urlTemplate\":\"https:\/\/desireonline.shop\/vi\/?s={search_term_string}\"},\"query-input\":{\"@type\":\"PropertyValueSpecification\",\"valueRequired\":true,\"valueName\":\"search_term_string\"}}],\"inLanguage\":\"vi\"},{\"@type\":\"Organization\",\"@id\":\"https:\/\/desireonline.shop\/vi\/#organization\",\"name\":\"Desire\",\"url\":\"https:\/\/desireonline.shop\/vi\/\",\"logo\":{\"@type\":\"ImageObject\",\"inLanguage\":\"vi\",\"@id\":\"https:\/\/desireonline.shop\/vi\/#\/schema\/logo\/image\/\",\"url\":\"https:\/\/desireonline.shop\/wp-content\/uploads\/2024\/06\/Logo-Thick-Font-1.webp\",\"contentUrl\":\"https:\/\/desireonline.shop\/wp-content\/uploads\/2024\/06\/Logo-Thick-Font-1.webp\",\"width\":268,\"height\":399,\"caption\":\"Desire\"},\"image\":{\"@id\":\"https:\/\/desireonline.shop\/vi\/#\/schema\/logo\/image\/\"}}]}<\/script>\n<!-- \/ Yoast SEO plugin. -->","yoast_head_json":{"title":"Lust Ripple M\u00e1y k\u00edch th\u00edch \u00e2m v\u1eadt \u2013 Abyss - Desire","robots":{"index":"index","follow":"follow","max-snippet":"max-snippet:-1","max-image-preview":"max-image-preview:large","max-video-preview":"max-video-preview:-1"},"canonical":"https:\/\/desireonline.shop\/vi\/san-pham\/lust-ripple-may-kich-thich-am-vat-abyss\/","og_locale":"vi_VN","og_type":"article","og_title":"Lust Ripple M\u00e1y k\u00edch th\u00edch \u00e2m v\u1eadt \u2013 Abyss - Desire","og_description":"\u0110\u01b0\u1ee3c thi\u1ebft k\u1ebf cho kho\u00e1i c\u1ea3m nh\u1ecbp nh\u00e0ng v\u00e0 t\u1eadp trung, m\u00e1y k\u00edch th\u00edch \u00e2m v\u1eadt n\u00e0y c\u00f3 h\u00ecnh d\u00e1ng li\u1ec1n m\u1ea1ch, tr\u01a1n m\u01b0\u1ee3t \u00f4m s\u00e1t c\u01a1 th\u1ec3 m\u1ed9t c\u00e1ch&hellip;","og_url":"https:\/\/desireonline.shop\/vi\/san-pham\/lust-ripple-may-kich-thich-am-vat-abyss\/","og_site_name":"Desire","article_modified_time":"2026-03-10T05:33:27+00:00","og_image":[{"width":1000,"height":1000,"url":"https:\/\/desireonline.shop\/wp-content\/uploads\/2026\/02\/CN-720606057_00.jpg","type":"image\/jpeg"}],"twitter_card":"summary_large_image","twitter_misc":{"\u01af\u1edbc t\u00ednh th\u1eddi gian \u0111\u1ecdc":"1 ph\u00fat"},"schema":{"@context":"https:\/\/schema.org","@graph":[{"@type":"WebPage","@id":"https:\/\/desireonline.shop\/vi\/san-pham\/lust-ripple-may-kich-thich-am-vat-abyss\/","url":"https:\/\/desireonline.shop\/vi\/san-pham\/lust-ripple-may-kich-thich-am-vat-abyss\/","name":"Lust Ripple M\u00e1y k\u00edch th\u00edch \u00e2m v\u1eadt \u2013 Abyss - Desire","isPartOf":{"@id":"https:\/\/desireonline.shop\/vi\/#website"},"primaryImageOfPage":{"@id":"https:\/\/desireonline.shop\/vi\/san-pham\/lust-ripple-may-kich-thich-am-vat-abyss\/#primaryimage"},"image":{"@id":"https:\/\/desireonline.shop\/vi\/san-pham\/lust-ripple-may-kich-thich-am-vat-abyss\/#primaryimage"},"thumbnailUrl":"https:\/\/desireonline.shop\/wp-content\/uploads\/2026\/02\/CN-720606057_00.jpg","datePublished":"2026-02-03T06:45:00+00:00","dateModified":"2026-03-10T05:33:27+00:00","breadcrumb":{"@id":"https:\/\/desireonline.shop\/vi\/san-pham\/lust-ripple-may-kich-thich-am-vat-abyss\/#breadcrumb"},"inLanguage":"vi","potentialAction":[{"@type":"ReadAction","target":["https:\/\/desireonline.shop\/vi\/san-pham\/lust-ripple-may-kich-thich-am-vat-abyss\/"]}]},{"@type":"ImageObject","inLanguage":"vi","@id":"https:\/\/desireonline.shop\/vi\/san-pham\/lust-ripple-may-kich-thich-am-vat-abyss\/#primaryimage","url":"https:\/\/desireonline.shop\/wp-content\/uploads\/2026\/02\/CN-720606057_00.jpg","contentUrl":"https:\/\/desireonline.shop\/wp-content\/uploads\/2026\/02\/CN-720606057_00.jpg","width":1000,"height":1000},{"@type":"BreadcrumbList","@id":"https:\/\/desireonline.shop\/vi\/san-pham\/lust-ripple-may-kich-thich-am-vat-abyss\/#breadcrumb","itemListElement":[{"@type":"ListItem","position":1,"name":"Home","item":"https:\/\/desireonline.shop\/vi\/trang-chu\/?lang=vi"},{"@type":"ListItem","position":2,"name":"T\u1ea5t c\u1ea3 s\u1ea3n ph\u1ea9m","item":"https:\/\/desireonline.shop\/cua-hang\/?lang=vi"},{"@type":"ListItem","position":3,"name":"Lust Ripple M\u00e1y k\u00edch th\u00edch \u00e2m v\u1eadt \u2013 Abyss"}]},{"@type":"WebSite","@id":"https:\/\/desireonline.shop\/vi\/#website","url":"https:\/\/desireonline.shop\/vi\/","name":"Desire","description":"Sexual Wellness Platform","publisher":{"@id":"https:\/\/desireonline.shop\/vi\/#organization"},"potentialAction":[{"@type":"SearchAction","target":{"@type":"EntryPoint","urlTemplate":"https:\/\/desireonline.shop\/vi\/?s={search_term_string}"},"query-input":{"@type":"PropertyValueSpecification","valueRequired":true,"valueName":"search_term_string"}}],"inLanguage":"vi"},{"@type":"Organization","@id":"https:\/\/desireonline.shop\/vi\/#organization","name":"Desire","url":"https:\/\/desireonline.shop\/vi\/","logo":{"@type":"ImageObject","inLanguage":"vi","@id":"https:\/\/desireonline.shop\/vi\/#\/schema\/logo\/image\/","url":"https:\/\/desireonline.shop\/wp-content\/uploads\/2024\/06\/Logo-Thick-Font-1.webp","contentUrl":"https:\/\/desireonline.shop\/wp-content\/uploads\/2024\/06\/Logo-Thick-Font-1.webp","width":268,"height":399,"caption":"Desire"},"image":{"@id":"https:\/\/desireonline.shop\/vi\/#\/schema\/logo\/image\/"}}]}},"_links":{"self":[{"href":"https:\/\/desireonline.shop\/vi\/wp-json\/wp\/v2\/product\/67409","targetHints":{"allow":["GET"]}}],"collection":[{"href":"https:\/\/desireonline.shop\/vi\/wp-json\/wp\/v2\/product"}],"about":[{"href":"https:\/\/desireonline.shop\/vi\/wp-json\/wp\/v2\/types\/product"}],"replies":[{"embeddable":true,"href":"https:\/\/desireonline.shop\/vi\/wp-json\/wp\/v2\/comments?post=67409"}],"version-history":[{"count":0,"href":"https:\/\/desireonline.shop\/vi\/wp-json\/wp\/v2\/product\/67409\/revisions"}],"wp:featuredmedia":[{"embeddable":true,"href":"https:\/\/desireonline.shop\/vi\/wp-json\/wp\/v2\/media\/61036"}],"wp:attachment":[{"href":"https:\/\/desireonline.shop\/vi\/wp-json\/wp\/v2\/media?parent=67409"}],"wp:term":[{"taxonomy":"product_brand","embeddable":true,"href":"https:\/\/desireonline.shop\/vi\/wp-json\/wp\/v2\/product_brand?post=67409"},{"taxonomy":"product_cat","embeddable":true,"href":"https:\/\/desireonline.shop\/vi\/wp-json\/wp\/v2\/product_cat?post=67409"},{"taxonomy":"product_tag","embeddable":true,"href":"https:\/\/desireonline.shop\/vi\/wp-json\/wp\/v2\/product_tag?post=67409"}],"curies":[{"name":"wp","href":"https:\/\/api.w.org\/{rel}","templated":true}]}}