{"id":67423,"date":"2026-02-03T06:46:00","date_gmt":"2026-02-03T06:46:00","guid":{"rendered":"https:\/\/desireonline.shop\/product\/lust-ripple-may-rung-am-vat-sceptre\/"},"modified":"2026-03-10T05:33:05","modified_gmt":"2026-03-10T05:33:05","slug":"lust-ripple-may-rung-am-vat-sceptre","status":"publish","type":"product","link":"https:\/\/desireonline.shop\/vi\/san-pham\/lust-ripple-may-rung-am-vat-sceptre\/","title":{"rendered":"Lust Ripple M\u00e1y rung \u00e2m v\u1eadt \u2013 Sceptre"},"content":{"rendered":"<p>\u0110\u01b0\u1ee3c thi\u1ebft k\u1ebf \u0111\u1ec3 t\u0103ng th\u00eam chuy\u1ec3n \u0111\u1ed9ng v\u00e0 s\u1ef1 \u0111a d\u1ea1ng cho k\u00edch th\u00edch \u00e2m v\u1eadt, m\u00e1y rung n\u00e0y k\u1ebft h\u1ee3p rung \u0111\u1ed9ng v\u1edbi chuy\u1ec3n \u0111\u1ed9ng ki\u1ec3u th\u1ee5t \u0111\u1ec3 mang l\u1ea1i tr\u1ea3i nghi\u1ec7m n\u0103ng \u0111\u1ed9ng h\u01a1n. Thi\u1ebft k\u1ebf li\u1ec1n m\u1ea1ch v\u00e0 tr\u01a1n m\u1ecbn \u0111\u1ea3m b\u1ea3o ti\u1ebfp x\u00fac tho\u1ea3i m\u00e1i \u0111\u1ed3ng th\u1eddi mang l\u1ea1i nhi\u1ec1u l\u1edbp c\u1ea3m gi\u00e1c.<\/p>\n<p>V\u1edbi 10 ch\u1ebf \u0111\u1ed9 rung v\u00e0 chuy\u1ec3n \u0111\u1ed9ng th\u1ee5t \u0111\u1ec3 kh\u00e1m ph\u00e1, s\u1ea3n ph\u1ea9m cho ph\u00e9p b\u1ea1n th\u1eed nghi\u1ec7m v\u1edbi nhi\u1ec1u nh\u1ecbp \u0111i\u1ec7u v\u00e0 c\u01b0\u1eddng \u0111\u1ed9 kh\u00e1c nhau. M\u1ed9t l\u1ef1a ch\u1ecdn linh ho\u1ea1t cho nh\u1eefng ai mu\u1ed1n th\u00eam chi\u1ec1u s\u00e2u, chuy\u1ec3n \u0111\u1ed9ng v\u00e0 s\u1ef1 h\u1ee9ng th\u00fa v\u00e0o nh\u1eefng kho\u1ea3nh kh\u1eafc c\u00e1 nh\u00e2n.<\/p>\n","protected":false},"excerpt":{"rendered":"<p>\u0110\u01b0\u1ee3c thi\u1ebft k\u1ebf \u0111\u1ec3 t\u0103ng th\u00eam chuy\u1ec3n \u0111\u1ed9ng v\u00e0 s\u1ef1 \u0111a d\u1ea1ng cho k\u00edch th\u00edch \u00e2m v\u1eadt, m\u00e1y rung n\u00e0y k\u1ebft h\u1ee3p rung \u0111\u1ed9ng v\u1edbi chuy\u1ec3n \u0111\u1ed9ng ki\u1ec3u th\u1ee5t \u0111\u1ec3&hellip;<\/p>\n","protected":false},"featured_media":61043,"comment_status":"open","ping_status":"closed","template":"","meta":{"_acf_changed":false},"product_brand":[],"product_cat":[1436,1435],"product_tag":[1660,1689,1670,1688,1684],"class_list":{"0":"post-67423","1":"product","2":"type-product","3":"status-publish","4":"has-post-thumbnail","6":"product_cat-may-rung-diem-g","7":"product_cat-may-rung-kich-thich-ngoai","8":"product_tag-an-toan-cho-co-the","9":"product_tag-cuong-do-co-the-dieu-chinh","10":"product_tag-danh-cho-phu-nu","11":"product_tag-goi-cam","12":"product_tag-kich-thich-am-vat","14":"first","15":"instock","16":"shipping-taxable","17":"purchasable","18":"product-type-simple"},"acf":[],"yoast_head":"<!-- This site is optimized with the Yoast SEO plugin v27.1.1 - https:\/\/yoast.com\/product\/yoast-seo-wordpress\/ -->\n<title>Lust Ripple M\u00e1y rung \u00e2m v\u1eadt \u2013 Sceptre - Desire<\/title>\n<meta name=\"robots\" content=\"index, follow, max-snippet:-1, max-image-preview:large, max-video-preview:-1\" \/>\n<link rel=\"canonical\" href=\"https:\/\/desireonline.shop\/vi\/san-pham\/lust-ripple-may-rung-am-vat-sceptre\/\" \/>\n<meta property=\"og:locale\" content=\"vi_VN\" \/>\n<meta property=\"og:type\" content=\"article\" \/>\n<meta property=\"og:title\" content=\"Lust Ripple M\u00e1y rung \u00e2m v\u1eadt \u2013 Sceptre - Desire\" \/>\n<meta property=\"og:description\" content=\"\u0110\u01b0\u1ee3c thi\u1ebft k\u1ebf \u0111\u1ec3 t\u0103ng th\u00eam chuy\u1ec3n \u0111\u1ed9ng v\u00e0 s\u1ef1 \u0111a d\u1ea1ng cho k\u00edch th\u00edch \u00e2m v\u1eadt, m\u00e1y rung n\u00e0y k\u1ebft h\u1ee3p rung \u0111\u1ed9ng v\u1edbi chuy\u1ec3n \u0111\u1ed9ng ki\u1ec3u th\u1ee5t \u0111\u1ec3&hellip;\" \/>\n<meta property=\"og:url\" content=\"https:\/\/desireonline.shop\/vi\/san-pham\/lust-ripple-may-rung-am-vat-sceptre\/\" \/>\n<meta property=\"og:site_name\" content=\"Desire\" \/>\n<meta property=\"article:modified_time\" content=\"2026-03-10T05:33:05+00:00\" \/>\n<meta property=\"og:image\" content=\"https:\/\/desireonline.shop\/wp-content\/uploads\/2026\/02\/CN-720663455_00.jpg\" \/>\n\t<meta property=\"og:image:width\" content=\"1000\" \/>\n\t<meta property=\"og:image:height\" content=\"1000\" \/>\n\t<meta property=\"og:image:type\" content=\"image\/jpeg\" \/>\n<meta name=\"twitter:card\" content=\"summary_large_image\" \/>\n<meta name=\"twitter:label1\" content=\"\u01af\u1edbc t\u00ednh th\u1eddi gian \u0111\u1ecdc\" \/>\n\t<meta name=\"twitter:data1\" content=\"1 ph\u00fat\" \/>\n<script type=\"application\/ld+json\" class=\"yoast-schema-graph\">{\"@context\":\"https:\/\/schema.org\",\"@graph\":[{\"@type\":\"WebPage\",\"@id\":\"https:\/\/desireonline.shop\/vi\/san-pham\/lust-ripple-may-rung-am-vat-sceptre\/\",\"url\":\"https:\/\/desireonline.shop\/vi\/san-pham\/lust-ripple-may-rung-am-vat-sceptre\/\",\"name\":\"Lust Ripple M\u00e1y rung \u00e2m v\u1eadt \u2013 Sceptre - Desire\",\"isPartOf\":{\"@id\":\"https:\/\/desireonline.shop\/vi\/#website\"},\"primaryImageOfPage\":{\"@id\":\"https:\/\/desireonline.shop\/vi\/san-pham\/lust-ripple-may-rung-am-vat-sceptre\/#primaryimage\"},\"image\":{\"@id\":\"https:\/\/desireonline.shop\/vi\/san-pham\/lust-ripple-may-rung-am-vat-sceptre\/#primaryimage\"},\"thumbnailUrl\":\"https:\/\/desireonline.shop\/wp-content\/uploads\/2026\/02\/CN-720663455_00.jpg\",\"datePublished\":\"2026-02-03T06:46:00+00:00\",\"dateModified\":\"2026-03-10T05:33:05+00:00\",\"breadcrumb\":{\"@id\":\"https:\/\/desireonline.shop\/vi\/san-pham\/lust-ripple-may-rung-am-vat-sceptre\/#breadcrumb\"},\"inLanguage\":\"vi\",\"potentialAction\":[{\"@type\":\"ReadAction\",\"target\":[\"https:\/\/desireonline.shop\/vi\/san-pham\/lust-ripple-may-rung-am-vat-sceptre\/\"]}]},{\"@type\":\"ImageObject\",\"inLanguage\":\"vi\",\"@id\":\"https:\/\/desireonline.shop\/vi\/san-pham\/lust-ripple-may-rung-am-vat-sceptre\/#primaryimage\",\"url\":\"https:\/\/desireonline.shop\/wp-content\/uploads\/2026\/02\/CN-720663455_00.jpg\",\"contentUrl\":\"https:\/\/desireonline.shop\/wp-content\/uploads\/2026\/02\/CN-720663455_00.jpg\",\"width\":1000,\"height\":1000},{\"@type\":\"BreadcrumbList\",\"@id\":\"https:\/\/desireonline.shop\/vi\/san-pham\/lust-ripple-may-rung-am-vat-sceptre\/#breadcrumb\",\"itemListElement\":[{\"@type\":\"ListItem\",\"position\":1,\"name\":\"Home\",\"item\":\"https:\/\/desireonline.shop\/vi\/trang-chu\/?lang=vi\"},{\"@type\":\"ListItem\",\"position\":2,\"name\":\"T\u1ea5t c\u1ea3 s\u1ea3n ph\u1ea9m\",\"item\":\"https:\/\/desireonline.shop\/cua-hang\/?lang=vi\"},{\"@type\":\"ListItem\",\"position\":3,\"name\":\"Lust Ripple M\u00e1y rung \u00e2m v\u1eadt \u2013 Sceptre\"}]},{\"@type\":\"WebSite\",\"@id\":\"https:\/\/desireonline.shop\/vi\/#website\",\"url\":\"https:\/\/desireonline.shop\/vi\/\",\"name\":\"Desire\",\"description\":\"Sexual Wellness Platform\",\"publisher\":{\"@id\":\"https:\/\/desireonline.shop\/vi\/#organization\"},\"potentialAction\":[{\"@type\":\"SearchAction\",\"target\":{\"@type\":\"EntryPoint\",\"urlTemplate\":\"https:\/\/desireonline.shop\/vi\/?s={search_term_string}\"},\"query-input\":{\"@type\":\"PropertyValueSpecification\",\"valueRequired\":true,\"valueName\":\"search_term_string\"}}],\"inLanguage\":\"vi\"},{\"@type\":\"Organization\",\"@id\":\"https:\/\/desireonline.shop\/vi\/#organization\",\"name\":\"Desire\",\"url\":\"https:\/\/desireonline.shop\/vi\/\",\"logo\":{\"@type\":\"ImageObject\",\"inLanguage\":\"vi\",\"@id\":\"https:\/\/desireonline.shop\/vi\/#\/schema\/logo\/image\/\",\"url\":\"https:\/\/desireonline.shop\/wp-content\/uploads\/2024\/06\/Logo-Thick-Font-1.webp\",\"contentUrl\":\"https:\/\/desireonline.shop\/wp-content\/uploads\/2024\/06\/Logo-Thick-Font-1.webp\",\"width\":268,\"height\":399,\"caption\":\"Desire\"},\"image\":{\"@id\":\"https:\/\/desireonline.shop\/vi\/#\/schema\/logo\/image\/\"}}]}<\/script>\n<!-- \/ Yoast SEO plugin. -->","yoast_head_json":{"title":"Lust Ripple M\u00e1y rung \u00e2m v\u1eadt \u2013 Sceptre - Desire","robots":{"index":"index","follow":"follow","max-snippet":"max-snippet:-1","max-image-preview":"max-image-preview:large","max-video-preview":"max-video-preview:-1"},"canonical":"https:\/\/desireonline.shop\/vi\/san-pham\/lust-ripple-may-rung-am-vat-sceptre\/","og_locale":"vi_VN","og_type":"article","og_title":"Lust Ripple M\u00e1y rung \u00e2m v\u1eadt \u2013 Sceptre - Desire","og_description":"\u0110\u01b0\u1ee3c thi\u1ebft k\u1ebf \u0111\u1ec3 t\u0103ng th\u00eam chuy\u1ec3n \u0111\u1ed9ng v\u00e0 s\u1ef1 \u0111a d\u1ea1ng cho k\u00edch th\u00edch \u00e2m v\u1eadt, m\u00e1y rung n\u00e0y k\u1ebft h\u1ee3p rung \u0111\u1ed9ng v\u1edbi chuy\u1ec3n \u0111\u1ed9ng ki\u1ec3u th\u1ee5t \u0111\u1ec3&hellip;","og_url":"https:\/\/desireonline.shop\/vi\/san-pham\/lust-ripple-may-rung-am-vat-sceptre\/","og_site_name":"Desire","article_modified_time":"2026-03-10T05:33:05+00:00","og_image":[{"width":1000,"height":1000,"url":"https:\/\/desireonline.shop\/wp-content\/uploads\/2026\/02\/CN-720663455_00.jpg","type":"image\/jpeg"}],"twitter_card":"summary_large_image","twitter_misc":{"\u01af\u1edbc t\u00ednh th\u1eddi gian \u0111\u1ecdc":"1 ph\u00fat"},"schema":{"@context":"https:\/\/schema.org","@graph":[{"@type":"WebPage","@id":"https:\/\/desireonline.shop\/vi\/san-pham\/lust-ripple-may-rung-am-vat-sceptre\/","url":"https:\/\/desireonline.shop\/vi\/san-pham\/lust-ripple-may-rung-am-vat-sceptre\/","name":"Lust Ripple M\u00e1y rung \u00e2m v\u1eadt \u2013 Sceptre - Desire","isPartOf":{"@id":"https:\/\/desireonline.shop\/vi\/#website"},"primaryImageOfPage":{"@id":"https:\/\/desireonline.shop\/vi\/san-pham\/lust-ripple-may-rung-am-vat-sceptre\/#primaryimage"},"image":{"@id":"https:\/\/desireonline.shop\/vi\/san-pham\/lust-ripple-may-rung-am-vat-sceptre\/#primaryimage"},"thumbnailUrl":"https:\/\/desireonline.shop\/wp-content\/uploads\/2026\/02\/CN-720663455_00.jpg","datePublished":"2026-02-03T06:46:00+00:00","dateModified":"2026-03-10T05:33:05+00:00","breadcrumb":{"@id":"https:\/\/desireonline.shop\/vi\/san-pham\/lust-ripple-may-rung-am-vat-sceptre\/#breadcrumb"},"inLanguage":"vi","potentialAction":[{"@type":"ReadAction","target":["https:\/\/desireonline.shop\/vi\/san-pham\/lust-ripple-may-rung-am-vat-sceptre\/"]}]},{"@type":"ImageObject","inLanguage":"vi","@id":"https:\/\/desireonline.shop\/vi\/san-pham\/lust-ripple-may-rung-am-vat-sceptre\/#primaryimage","url":"https:\/\/desireonline.shop\/wp-content\/uploads\/2026\/02\/CN-720663455_00.jpg","contentUrl":"https:\/\/desireonline.shop\/wp-content\/uploads\/2026\/02\/CN-720663455_00.jpg","width":1000,"height":1000},{"@type":"BreadcrumbList","@id":"https:\/\/desireonline.shop\/vi\/san-pham\/lust-ripple-may-rung-am-vat-sceptre\/#breadcrumb","itemListElement":[{"@type":"ListItem","position":1,"name":"Home","item":"https:\/\/desireonline.shop\/vi\/trang-chu\/?lang=vi"},{"@type":"ListItem","position":2,"name":"T\u1ea5t c\u1ea3 s\u1ea3n ph\u1ea9m","item":"https:\/\/desireonline.shop\/cua-hang\/?lang=vi"},{"@type":"ListItem","position":3,"name":"Lust Ripple M\u00e1y rung \u00e2m v\u1eadt \u2013 Sceptre"}]},{"@type":"WebSite","@id":"https:\/\/desireonline.shop\/vi\/#website","url":"https:\/\/desireonline.shop\/vi\/","name":"Desire","description":"Sexual Wellness Platform","publisher":{"@id":"https:\/\/desireonline.shop\/vi\/#organization"},"potentialAction":[{"@type":"SearchAction","target":{"@type":"EntryPoint","urlTemplate":"https:\/\/desireonline.shop\/vi\/?s={search_term_string}"},"query-input":{"@type":"PropertyValueSpecification","valueRequired":true,"valueName":"search_term_string"}}],"inLanguage":"vi"},{"@type":"Organization","@id":"https:\/\/desireonline.shop\/vi\/#organization","name":"Desire","url":"https:\/\/desireonline.shop\/vi\/","logo":{"@type":"ImageObject","inLanguage":"vi","@id":"https:\/\/desireonline.shop\/vi\/#\/schema\/logo\/image\/","url":"https:\/\/desireonline.shop\/wp-content\/uploads\/2024\/06\/Logo-Thick-Font-1.webp","contentUrl":"https:\/\/desireonline.shop\/wp-content\/uploads\/2024\/06\/Logo-Thick-Font-1.webp","width":268,"height":399,"caption":"Desire"},"image":{"@id":"https:\/\/desireonline.shop\/vi\/#\/schema\/logo\/image\/"}}]}},"_links":{"self":[{"href":"https:\/\/desireonline.shop\/vi\/wp-json\/wp\/v2\/product\/67423","targetHints":{"allow":["GET"]}}],"collection":[{"href":"https:\/\/desireonline.shop\/vi\/wp-json\/wp\/v2\/product"}],"about":[{"href":"https:\/\/desireonline.shop\/vi\/wp-json\/wp\/v2\/types\/product"}],"replies":[{"embeddable":true,"href":"https:\/\/desireonline.shop\/vi\/wp-json\/wp\/v2\/comments?post=67423"}],"version-history":[{"count":0,"href":"https:\/\/desireonline.shop\/vi\/wp-json\/wp\/v2\/product\/67423\/revisions"}],"wp:featuredmedia":[{"embeddable":true,"href":"https:\/\/desireonline.shop\/vi\/wp-json\/wp\/v2\/media\/61043"}],"wp:attachment":[{"href":"https:\/\/desireonline.shop\/vi\/wp-json\/wp\/v2\/media?parent=67423"}],"wp:term":[{"taxonomy":"product_brand","embeddable":true,"href":"https:\/\/desireonline.shop\/vi\/wp-json\/wp\/v2\/product_brand?post=67423"},{"taxonomy":"product_cat","embeddable":true,"href":"https:\/\/desireonline.shop\/vi\/wp-json\/wp\/v2\/product_cat?post=67423"},{"taxonomy":"product_tag","embeddable":true,"href":"https:\/\/desireonline.shop\/vi\/wp-json\/wp\/v2\/product_tag?post=67423"}],"curies":[{"name":"wp","href":"https:\/\/api.w.org\/{rel}","templated":true}]}}