{"id":67492,"date":"2026-02-03T06:54:00","date_gmt":"2026-02-03T06:54:00","guid":{"rendered":"https:\/\/desireonline.shop\/product\/lust-may-rung-va-may-kich-thich-am-vat-ardor\/"},"modified":"2026-03-10T05:32:49","modified_gmt":"2026-03-10T05:32:49","slug":"lust-may-rung-va-may-kich-thich-am-vat-ardor","status":"publish","type":"product","link":"https:\/\/desireonline.shop\/vi\/san-pham\/lust-may-rung-va-may-kich-thich-am-vat-ardor\/","title":{"rendered":"Lust M\u00e1y rung v\u00e0 m\u00e1y k\u00edch th\u00edch \u00e2m v\u1eadt &#8211; Ardor"},"content":{"rendered":"<p>\u0110\u01b0\u1ee3c thi\u1ebft k\u1ebf \u0111\u1ec3 k\u00edch th\u00edch nhi\u1ec1u \u0111i\u1ec3m kho\u00e1i c\u1ea3m c\u00f9ng l\u00fac, m\u00e1y rung n\u00e0y k\u1ebft h\u1ee3p rung b\u00ean trong v\u1edbi chuy\u1ec3n \u0111\u1ed9ng g\u00f5 nh\u1ecbp v\u00e0o \u00e2m v\u1eadt \u0111\u1ec3 mang l\u1ea1i tr\u1ea3i nghi\u1ec7m s\u1ed1ng \u0111\u1ed9ng h\u01a1n. Thi\u1ebft k\u1ebf \u0111\u01b0\u1ee3c t\u00ednh to\u00e1n c\u1ea9n th\u1eadn gi\u00fap c\u1ea3 hai d\u1ea1ng k\u00edch th\u00edch ho\u1ea1t \u0111\u1ed9ng c\u00f9ng nhau, t\u1ea1o n\u00ean c\u1ea3m gi\u00e1c s\u00e2u h\u01a1n v\u00e0 th\u1ecfa m\u00e3n h\u01a1n.<\/p>\n<p>V\u1edbi 10 ch\u1ebf \u0111\u1ed9 rung v\u00e0 5 ch\u1ebf \u0111\u1ed9 g\u00f5 \u0111\u1ec3 kh\u00e1m ph\u00e1, b\u1ea1n c\u00f3 th\u1ec3 d\u1ec5 d\u00e0ng \u0111i\u1ec1u ch\u1ec9nh tr\u1ea3i nghi\u1ec7m theo t\u00e2m tr\u1ea1ng c\u1ee7a m\u00ecnh. L\u00e0 l\u1ef1a ch\u1ecdn tuy\u1ec7t v\u1eddi cho nh\u1eefng ai y\u00eau th\u00edch kho\u00e1i c\u1ea3m nhi\u1ec1u l\u1edbp v\u00e0 m\u1ed9t ch\u00fat \u0111a d\u1ea1ng h\u01a1n trong nh\u1eefng kho\u1ea3nh kh\u1eafc tr\u1ea3i nghi\u1ec7m solo.<\/p>\n","protected":false},"excerpt":{"rendered":"<p>\u0110\u01b0\u1ee3c thi\u1ebft k\u1ebf \u0111\u1ec3 k\u00edch th\u00edch nhi\u1ec1u \u0111i\u1ec3m kho\u00e1i c\u1ea3m c\u00f9ng l\u00fac, m\u00e1y rung n\u00e0y k\u1ebft h\u1ee3p rung b\u00ean trong v\u1edbi chuy\u1ec3n \u0111\u1ed9ng g\u00f5 nh\u1ecbp v\u00e0o \u00e2m v\u1eadt \u0111\u1ec3 mang&hellip;<\/p>\n","protected":false},"featured_media":61112,"comment_status":"open","ping_status":"closed","template":"","meta":{"_acf_changed":false},"product_brand":[],"product_cat":[1391,1435],"product_tag":[1660,1670,1695,1684,1659],"class_list":{"0":"post-67492","1":"product","2":"type-product","3":"status-publish","4":"has-post-thumbnail","6":"product_cat-may-rung-hut-liem-am-vat","7":"product_cat-may-rung-kich-thich-ngoai","8":"product_tag-an-toan-cho-co-the","9":"product_tag-danh-cho-phu-nu","10":"product_tag-khoai-cam-se-chia","11":"product_tag-kich-thich-am-vat","12":"product_tag-kich-thich-ben-trong","14":"first","15":"instock","16":"shipping-taxable","17":"purchasable","18":"product-type-simple"},"acf":[],"yoast_head":"<!-- This site is optimized with the Yoast SEO plugin v27.1.1 - https:\/\/yoast.com\/product\/yoast-seo-wordpress\/ -->\n<title>Lust M\u00e1y rung v\u00e0 m\u00e1y k\u00edch th\u00edch \u00e2m v\u1eadt - Ardor - Desire<\/title>\n<meta name=\"robots\" content=\"index, follow, max-snippet:-1, max-image-preview:large, max-video-preview:-1\" \/>\n<link rel=\"canonical\" href=\"https:\/\/desireonline.shop\/vi\/san-pham\/lust-may-rung-va-may-kich-thich-am-vat-ardor\/\" \/>\n<meta property=\"og:locale\" content=\"vi_VN\" \/>\n<meta property=\"og:type\" content=\"article\" \/>\n<meta property=\"og:title\" content=\"Lust M\u00e1y rung v\u00e0 m\u00e1y k\u00edch th\u00edch \u00e2m v\u1eadt - Ardor - Desire\" \/>\n<meta property=\"og:description\" content=\"\u0110\u01b0\u1ee3c thi\u1ebft k\u1ebf \u0111\u1ec3 k\u00edch th\u00edch nhi\u1ec1u \u0111i\u1ec3m kho\u00e1i c\u1ea3m c\u00f9ng l\u00fac, m\u00e1y rung n\u00e0y k\u1ebft h\u1ee3p rung b\u00ean trong v\u1edbi chuy\u1ec3n \u0111\u1ed9ng g\u00f5 nh\u1ecbp v\u00e0o \u00e2m v\u1eadt \u0111\u1ec3 mang&hellip;\" \/>\n<meta property=\"og:url\" content=\"https:\/\/desireonline.shop\/vi\/san-pham\/lust-may-rung-va-may-kich-thich-am-vat-ardor\/\" \/>\n<meta property=\"og:site_name\" content=\"Desire\" \/>\n<meta property=\"article:modified_time\" content=\"2026-03-10T05:32:49+00:00\" \/>\n<meta property=\"og:image\" content=\"https:\/\/desireonline.shop\/wp-content\/uploads\/2026\/02\/CN-828460695_00.jpg\" \/>\n\t<meta property=\"og:image:width\" content=\"1000\" \/>\n\t<meta property=\"og:image:height\" content=\"1000\" \/>\n\t<meta property=\"og:image:type\" content=\"image\/jpeg\" \/>\n<meta name=\"twitter:card\" content=\"summary_large_image\" \/>\n<meta name=\"twitter:label1\" content=\"\u01af\u1edbc t\u00ednh th\u1eddi gian \u0111\u1ecdc\" \/>\n\t<meta name=\"twitter:data1\" content=\"1 ph\u00fat\" \/>\n<script type=\"application\/ld+json\" class=\"yoast-schema-graph\">{\"@context\":\"https:\/\/schema.org\",\"@graph\":[{\"@type\":\"WebPage\",\"@id\":\"https:\/\/desireonline.shop\/vi\/san-pham\/lust-may-rung-va-may-kich-thich-am-vat-ardor\/\",\"url\":\"https:\/\/desireonline.shop\/vi\/san-pham\/lust-may-rung-va-may-kich-thich-am-vat-ardor\/\",\"name\":\"Lust M\u00e1y rung v\u00e0 m\u00e1y k\u00edch th\u00edch \u00e2m v\u1eadt - Ardor - Desire\",\"isPartOf\":{\"@id\":\"https:\/\/desireonline.shop\/vi\/#website\"},\"primaryImageOfPage\":{\"@id\":\"https:\/\/desireonline.shop\/vi\/san-pham\/lust-may-rung-va-may-kich-thich-am-vat-ardor\/#primaryimage\"},\"image\":{\"@id\":\"https:\/\/desireonline.shop\/vi\/san-pham\/lust-may-rung-va-may-kich-thich-am-vat-ardor\/#primaryimage\"},\"thumbnailUrl\":\"https:\/\/desireonline.shop\/wp-content\/uploads\/2026\/02\/CN-828460695_00.jpg\",\"datePublished\":\"2026-02-03T06:54:00+00:00\",\"dateModified\":\"2026-03-10T05:32:49+00:00\",\"breadcrumb\":{\"@id\":\"https:\/\/desireonline.shop\/vi\/san-pham\/lust-may-rung-va-may-kich-thich-am-vat-ardor\/#breadcrumb\"},\"inLanguage\":\"vi\",\"potentialAction\":[{\"@type\":\"ReadAction\",\"target\":[\"https:\/\/desireonline.shop\/vi\/san-pham\/lust-may-rung-va-may-kich-thich-am-vat-ardor\/\"]}]},{\"@type\":\"ImageObject\",\"inLanguage\":\"vi\",\"@id\":\"https:\/\/desireonline.shop\/vi\/san-pham\/lust-may-rung-va-may-kich-thich-am-vat-ardor\/#primaryimage\",\"url\":\"https:\/\/desireonline.shop\/wp-content\/uploads\/2026\/02\/CN-828460695_00.jpg\",\"contentUrl\":\"https:\/\/desireonline.shop\/wp-content\/uploads\/2026\/02\/CN-828460695_00.jpg\",\"width\":1000,\"height\":1000},{\"@type\":\"BreadcrumbList\",\"@id\":\"https:\/\/desireonline.shop\/vi\/san-pham\/lust-may-rung-va-may-kich-thich-am-vat-ardor\/#breadcrumb\",\"itemListElement\":[{\"@type\":\"ListItem\",\"position\":1,\"name\":\"Home\",\"item\":\"https:\/\/desireonline.shop\/vi\/trang-chu\/?lang=vi\"},{\"@type\":\"ListItem\",\"position\":2,\"name\":\"T\u1ea5t c\u1ea3 s\u1ea3n ph\u1ea9m\",\"item\":\"https:\/\/desireonline.shop\/cua-hang\/?lang=vi\"},{\"@type\":\"ListItem\",\"position\":3,\"name\":\"Lust M\u00e1y rung v\u00e0 m\u00e1y k\u00edch th\u00edch \u00e2m v\u1eadt &#8211; Ardor\"}]},{\"@type\":\"WebSite\",\"@id\":\"https:\/\/desireonline.shop\/vi\/#website\",\"url\":\"https:\/\/desireonline.shop\/vi\/\",\"name\":\"Desire\",\"description\":\"Sexual Wellness Platform\",\"publisher\":{\"@id\":\"https:\/\/desireonline.shop\/vi\/#organization\"},\"potentialAction\":[{\"@type\":\"SearchAction\",\"target\":{\"@type\":\"EntryPoint\",\"urlTemplate\":\"https:\/\/desireonline.shop\/vi\/?s={search_term_string}\"},\"query-input\":{\"@type\":\"PropertyValueSpecification\",\"valueRequired\":true,\"valueName\":\"search_term_string\"}}],\"inLanguage\":\"vi\"},{\"@type\":\"Organization\",\"@id\":\"https:\/\/desireonline.shop\/vi\/#organization\",\"name\":\"Desire\",\"url\":\"https:\/\/desireonline.shop\/vi\/\",\"logo\":{\"@type\":\"ImageObject\",\"inLanguage\":\"vi\",\"@id\":\"https:\/\/desireonline.shop\/vi\/#\/schema\/logo\/image\/\",\"url\":\"https:\/\/desireonline.shop\/wp-content\/uploads\/2024\/06\/Logo-Thick-Font-1.webp\",\"contentUrl\":\"https:\/\/desireonline.shop\/wp-content\/uploads\/2024\/06\/Logo-Thick-Font-1.webp\",\"width\":268,\"height\":399,\"caption\":\"Desire\"},\"image\":{\"@id\":\"https:\/\/desireonline.shop\/vi\/#\/schema\/logo\/image\/\"}}]}<\/script>\n<!-- \/ Yoast SEO plugin. -->","yoast_head_json":{"title":"Lust M\u00e1y rung v\u00e0 m\u00e1y k\u00edch th\u00edch \u00e2m v\u1eadt - Ardor - Desire","robots":{"index":"index","follow":"follow","max-snippet":"max-snippet:-1","max-image-preview":"max-image-preview:large","max-video-preview":"max-video-preview:-1"},"canonical":"https:\/\/desireonline.shop\/vi\/san-pham\/lust-may-rung-va-may-kich-thich-am-vat-ardor\/","og_locale":"vi_VN","og_type":"article","og_title":"Lust M\u00e1y rung v\u00e0 m\u00e1y k\u00edch th\u00edch \u00e2m v\u1eadt - Ardor - Desire","og_description":"\u0110\u01b0\u1ee3c thi\u1ebft k\u1ebf \u0111\u1ec3 k\u00edch th\u00edch nhi\u1ec1u \u0111i\u1ec3m kho\u00e1i c\u1ea3m c\u00f9ng l\u00fac, m\u00e1y rung n\u00e0y k\u1ebft h\u1ee3p rung b\u00ean trong v\u1edbi chuy\u1ec3n \u0111\u1ed9ng g\u00f5 nh\u1ecbp v\u00e0o \u00e2m v\u1eadt \u0111\u1ec3 mang&hellip;","og_url":"https:\/\/desireonline.shop\/vi\/san-pham\/lust-may-rung-va-may-kich-thich-am-vat-ardor\/","og_site_name":"Desire","article_modified_time":"2026-03-10T05:32:49+00:00","og_image":[{"width":1000,"height":1000,"url":"https:\/\/desireonline.shop\/wp-content\/uploads\/2026\/02\/CN-828460695_00.jpg","type":"image\/jpeg"}],"twitter_card":"summary_large_image","twitter_misc":{"\u01af\u1edbc t\u00ednh th\u1eddi gian \u0111\u1ecdc":"1 ph\u00fat"},"schema":{"@context":"https:\/\/schema.org","@graph":[{"@type":"WebPage","@id":"https:\/\/desireonline.shop\/vi\/san-pham\/lust-may-rung-va-may-kich-thich-am-vat-ardor\/","url":"https:\/\/desireonline.shop\/vi\/san-pham\/lust-may-rung-va-may-kich-thich-am-vat-ardor\/","name":"Lust M\u00e1y rung v\u00e0 m\u00e1y k\u00edch th\u00edch \u00e2m v\u1eadt - Ardor - Desire","isPartOf":{"@id":"https:\/\/desireonline.shop\/vi\/#website"},"primaryImageOfPage":{"@id":"https:\/\/desireonline.shop\/vi\/san-pham\/lust-may-rung-va-may-kich-thich-am-vat-ardor\/#primaryimage"},"image":{"@id":"https:\/\/desireonline.shop\/vi\/san-pham\/lust-may-rung-va-may-kich-thich-am-vat-ardor\/#primaryimage"},"thumbnailUrl":"https:\/\/desireonline.shop\/wp-content\/uploads\/2026\/02\/CN-828460695_00.jpg","datePublished":"2026-02-03T06:54:00+00:00","dateModified":"2026-03-10T05:32:49+00:00","breadcrumb":{"@id":"https:\/\/desireonline.shop\/vi\/san-pham\/lust-may-rung-va-may-kich-thich-am-vat-ardor\/#breadcrumb"},"inLanguage":"vi","potentialAction":[{"@type":"ReadAction","target":["https:\/\/desireonline.shop\/vi\/san-pham\/lust-may-rung-va-may-kich-thich-am-vat-ardor\/"]}]},{"@type":"ImageObject","inLanguage":"vi","@id":"https:\/\/desireonline.shop\/vi\/san-pham\/lust-may-rung-va-may-kich-thich-am-vat-ardor\/#primaryimage","url":"https:\/\/desireonline.shop\/wp-content\/uploads\/2026\/02\/CN-828460695_00.jpg","contentUrl":"https:\/\/desireonline.shop\/wp-content\/uploads\/2026\/02\/CN-828460695_00.jpg","width":1000,"height":1000},{"@type":"BreadcrumbList","@id":"https:\/\/desireonline.shop\/vi\/san-pham\/lust-may-rung-va-may-kich-thich-am-vat-ardor\/#breadcrumb","itemListElement":[{"@type":"ListItem","position":1,"name":"Home","item":"https:\/\/desireonline.shop\/vi\/trang-chu\/?lang=vi"},{"@type":"ListItem","position":2,"name":"T\u1ea5t c\u1ea3 s\u1ea3n ph\u1ea9m","item":"https:\/\/desireonline.shop\/cua-hang\/?lang=vi"},{"@type":"ListItem","position":3,"name":"Lust M\u00e1y rung v\u00e0 m\u00e1y k\u00edch th\u00edch \u00e2m v\u1eadt &#8211; Ardor"}]},{"@type":"WebSite","@id":"https:\/\/desireonline.shop\/vi\/#website","url":"https:\/\/desireonline.shop\/vi\/","name":"Desire","description":"Sexual Wellness Platform","publisher":{"@id":"https:\/\/desireonline.shop\/vi\/#organization"},"potentialAction":[{"@type":"SearchAction","target":{"@type":"EntryPoint","urlTemplate":"https:\/\/desireonline.shop\/vi\/?s={search_term_string}"},"query-input":{"@type":"PropertyValueSpecification","valueRequired":true,"valueName":"search_term_string"}}],"inLanguage":"vi"},{"@type":"Organization","@id":"https:\/\/desireonline.shop\/vi\/#organization","name":"Desire","url":"https:\/\/desireonline.shop\/vi\/","logo":{"@type":"ImageObject","inLanguage":"vi","@id":"https:\/\/desireonline.shop\/vi\/#\/schema\/logo\/image\/","url":"https:\/\/desireonline.shop\/wp-content\/uploads\/2024\/06\/Logo-Thick-Font-1.webp","contentUrl":"https:\/\/desireonline.shop\/wp-content\/uploads\/2024\/06\/Logo-Thick-Font-1.webp","width":268,"height":399,"caption":"Desire"},"image":{"@id":"https:\/\/desireonline.shop\/vi\/#\/schema\/logo\/image\/"}}]}},"_links":{"self":[{"href":"https:\/\/desireonline.shop\/vi\/wp-json\/wp\/v2\/product\/67492","targetHints":{"allow":["GET"]}}],"collection":[{"href":"https:\/\/desireonline.shop\/vi\/wp-json\/wp\/v2\/product"}],"about":[{"href":"https:\/\/desireonline.shop\/vi\/wp-json\/wp\/v2\/types\/product"}],"replies":[{"embeddable":true,"href":"https:\/\/desireonline.shop\/vi\/wp-json\/wp\/v2\/comments?post=67492"}],"version-history":[{"count":0,"href":"https:\/\/desireonline.shop\/vi\/wp-json\/wp\/v2\/product\/67492\/revisions"}],"wp:featuredmedia":[{"embeddable":true,"href":"https:\/\/desireonline.shop\/vi\/wp-json\/wp\/v2\/media\/61112"}],"wp:attachment":[{"href":"https:\/\/desireonline.shop\/vi\/wp-json\/wp\/v2\/media?parent=67492"}],"wp:term":[{"taxonomy":"product_brand","embeddable":true,"href":"https:\/\/desireonline.shop\/vi\/wp-json\/wp\/v2\/product_brand?post=67492"},{"taxonomy":"product_cat","embeddable":true,"href":"https:\/\/desireonline.shop\/vi\/wp-json\/wp\/v2\/product_cat?post=67492"},{"taxonomy":"product_tag","embeddable":true,"href":"https:\/\/desireonline.shop\/vi\/wp-json\/wp\/v2\/product_tag?post=67492"}],"curies":[{"name":"wp","href":"https:\/\/api.w.org\/{rel}","templated":true}]}}