{"id":67597,"date":"2026-02-03T07:09:00","date_gmt":"2026-02-03T07:09:00","guid":{"rendered":"https:\/\/desireonline.shop\/product\/kissen-may-rung-romp\/"},"modified":"2026-03-10T05:34:16","modified_gmt":"2026-03-10T05:34:16","slug":"kissen-may-rung-romp","status":"publish","type":"product","link":"https:\/\/desireonline.shop\/vi\/san-pham\/kissen-may-rung-romp\/","title":{"rendered":"Kissen M\u00e1y rung &#8211; Romp"},"content":{"rendered":"<p>\u0110\u01b0\u1ee3c thi\u1ebft k\u1ebf \u0111\u1ec3 gi\u1eef cho kho\u00e1i c\u1ea3m \u0111\u01a1n gi\u1ea3n v\u00e0 th\u1ecfa m\u00e3n, m\u00e1y rung thanh m\u1ea3nh n\u00e0y c\u00f3 h\u00ecnh d\u00e1ng m\u01b0\u1ee3t m\u00e0 \u00f4m s\u00e1t c\u01a1 th\u1ec3 m\u1ed9t c\u00e1ch tho\u1ea3i m\u00e1i. Thi\u1ebft k\u1ebf c\u00f4ng th\u00e1i h\u1ecdc gi\u00fap b\u1ea1n d\u1ec5 d\u00e0ng t\u1eadn h\u01b0\u1edfng s\u1ef1 k\u00edch th\u00edch t\u1eadp trung m\u00e0 kh\u00f4ng b\u1ecb ph\u00e2n t\u00e2m.<\/p>\n<p>V\u1edbi 10 ch\u1ebf \u0111\u1ed9 rung v\u00e0 ch\u1ebf \u0111\u1ed9 burst b\u1ed5 sung, s\u1ea3n ph\u1ea9m cho ph\u00e9p b\u1ea1n chuy\u1ec3n ngay l\u1eadp t\u1ee9c t\u1eeb nh\u1eefng nh\u1ecbp rung \u1ed5n \u0111\u1ecbnh sang nh\u1eefng kho\u1ea3nh kh\u1eafc m\u1ea1nh m\u1ebd h\u01a1n. M\u1ed9t l\u1ef1a ch\u1ecdn linh ho\u1ea1t cho tr\u1ea3i nghi\u1ec7m solo khi b\u1ea1n mu\u1ed1n c\u1ea3 s\u1ef1 ki\u1ec3m so\u00e1t v\u00e0 b\u1ea5t ng\u1edd.<\/p>\n","protected":false},"excerpt":{"rendered":"<p>\u0110\u01b0\u1ee3c thi\u1ebft k\u1ebf \u0111\u1ec3 gi\u1eef cho kho\u00e1i c\u1ea3m \u0111\u01a1n gi\u1ea3n v\u00e0 th\u1ecfa m\u00e3n, m\u00e1y rung thanh m\u1ea3nh n\u00e0y c\u00f3 h\u00ecnh d\u00e1ng m\u01b0\u1ee3t m\u00e0 \u00f4m s\u00e1t c\u01a1 th\u1ec3 m\u1ed9t c\u00e1ch tho\u1ea3i&hellip;<\/p>\n","protected":false},"featured_media":61217,"comment_status":"open","ping_status":"closed","template":"","meta":{"_acf_changed":false},"product_brand":[],"product_cat":[1436,1435],"product_tag":[1660,1670,1688,1659],"class_list":{"0":"post-67597","1":"product","2":"type-product","3":"status-publish","4":"has-post-thumbnail","6":"product_cat-may-rung-diem-g","7":"product_cat-may-rung-kich-thich-ngoai","8":"product_tag-an-toan-cho-co-the","9":"product_tag-danh-cho-phu-nu","10":"product_tag-goi-cam","11":"product_tag-kich-thich-ben-trong","13":"first","14":"instock","15":"shipping-taxable","16":"purchasable","17":"product-type-simple"},"acf":[],"yoast_head":"<!-- This site is optimized with the Yoast SEO plugin v27.1.1 - https:\/\/yoast.com\/product\/yoast-seo-wordpress\/ -->\n<title>Kissen M\u00e1y rung - Romp - Desire<\/title>\n<meta name=\"robots\" content=\"index, follow, max-snippet:-1, max-image-preview:large, max-video-preview:-1\" \/>\n<link rel=\"canonical\" href=\"https:\/\/desireonline.shop\/vi\/san-pham\/kissen-may-rung-romp\/\" \/>\n<meta property=\"og:locale\" content=\"vi_VN\" \/>\n<meta property=\"og:type\" content=\"article\" \/>\n<meta property=\"og:title\" content=\"Kissen M\u00e1y rung - Romp - Desire\" \/>\n<meta property=\"og:description\" content=\"\u0110\u01b0\u1ee3c thi\u1ebft k\u1ebf \u0111\u1ec3 gi\u1eef cho kho\u00e1i c\u1ea3m \u0111\u01a1n gi\u1ea3n v\u00e0 th\u1ecfa m\u00e3n, m\u00e1y rung thanh m\u1ea3nh n\u00e0y c\u00f3 h\u00ecnh d\u00e1ng m\u01b0\u1ee3t m\u00e0 \u00f4m s\u00e1t c\u01a1 th\u1ec3 m\u1ed9t c\u00e1ch tho\u1ea3i&hellip;\" \/>\n<meta property=\"og:url\" content=\"https:\/\/desireonline.shop\/vi\/san-pham\/kissen-may-rung-romp\/\" \/>\n<meta property=\"og:site_name\" content=\"Desire\" \/>\n<meta property=\"article:modified_time\" content=\"2026-03-10T05:34:16+00:00\" \/>\n<meta property=\"og:image\" content=\"https:\/\/desireonline.shop\/wp-content\/uploads\/2026\/02\/CN-811108762_00.jpg\" \/>\n\t<meta property=\"og:image:width\" content=\"1000\" \/>\n\t<meta property=\"og:image:height\" content=\"1000\" \/>\n\t<meta property=\"og:image:type\" content=\"image\/jpeg\" \/>\n<meta name=\"twitter:card\" content=\"summary_large_image\" \/>\n<meta name=\"twitter:label1\" content=\"\u01af\u1edbc t\u00ednh th\u1eddi gian \u0111\u1ecdc\" \/>\n\t<meta name=\"twitter:data1\" content=\"1 ph\u00fat\" \/>\n<script type=\"application\/ld+json\" class=\"yoast-schema-graph\">{\"@context\":\"https:\/\/schema.org\",\"@graph\":[{\"@type\":\"WebPage\",\"@id\":\"https:\/\/desireonline.shop\/vi\/san-pham\/kissen-may-rung-romp\/\",\"url\":\"https:\/\/desireonline.shop\/vi\/san-pham\/kissen-may-rung-romp\/\",\"name\":\"Kissen M\u00e1y rung - Romp - Desire\",\"isPartOf\":{\"@id\":\"https:\/\/desireonline.shop\/vi\/#website\"},\"primaryImageOfPage\":{\"@id\":\"https:\/\/desireonline.shop\/vi\/san-pham\/kissen-may-rung-romp\/#primaryimage\"},\"image\":{\"@id\":\"https:\/\/desireonline.shop\/vi\/san-pham\/kissen-may-rung-romp\/#primaryimage\"},\"thumbnailUrl\":\"https:\/\/desireonline.shop\/wp-content\/uploads\/2026\/02\/CN-811108762_00.jpg\",\"datePublished\":\"2026-02-03T07:09:00+00:00\",\"dateModified\":\"2026-03-10T05:34:16+00:00\",\"breadcrumb\":{\"@id\":\"https:\/\/desireonline.shop\/vi\/san-pham\/kissen-may-rung-romp\/#breadcrumb\"},\"inLanguage\":\"vi\",\"potentialAction\":[{\"@type\":\"ReadAction\",\"target\":[\"https:\/\/desireonline.shop\/vi\/san-pham\/kissen-may-rung-romp\/\"]}]},{\"@type\":\"ImageObject\",\"inLanguage\":\"vi\",\"@id\":\"https:\/\/desireonline.shop\/vi\/san-pham\/kissen-may-rung-romp\/#primaryimage\",\"url\":\"https:\/\/desireonline.shop\/wp-content\/uploads\/2026\/02\/CN-811108762_00.jpg\",\"contentUrl\":\"https:\/\/desireonline.shop\/wp-content\/uploads\/2026\/02\/CN-811108762_00.jpg\",\"width\":1000,\"height\":1000},{\"@type\":\"BreadcrumbList\",\"@id\":\"https:\/\/desireonline.shop\/vi\/san-pham\/kissen-may-rung-romp\/#breadcrumb\",\"itemListElement\":[{\"@type\":\"ListItem\",\"position\":1,\"name\":\"Home\",\"item\":\"https:\/\/desireonline.shop\/vi\/trang-chu\/?lang=vi\"},{\"@type\":\"ListItem\",\"position\":2,\"name\":\"T\u1ea5t c\u1ea3 s\u1ea3n ph\u1ea9m\",\"item\":\"https:\/\/desireonline.shop\/cua-hang\/?lang=vi\"},{\"@type\":\"ListItem\",\"position\":3,\"name\":\"Kissen M\u00e1y rung &#8211; Romp\"}]},{\"@type\":\"WebSite\",\"@id\":\"https:\/\/desireonline.shop\/vi\/#website\",\"url\":\"https:\/\/desireonline.shop\/vi\/\",\"name\":\"Desire\",\"description\":\"Sexual Wellness Platform\",\"publisher\":{\"@id\":\"https:\/\/desireonline.shop\/vi\/#organization\"},\"potentialAction\":[{\"@type\":\"SearchAction\",\"target\":{\"@type\":\"EntryPoint\",\"urlTemplate\":\"https:\/\/desireonline.shop\/vi\/?s={search_term_string}\"},\"query-input\":{\"@type\":\"PropertyValueSpecification\",\"valueRequired\":true,\"valueName\":\"search_term_string\"}}],\"inLanguage\":\"vi\"},{\"@type\":\"Organization\",\"@id\":\"https:\/\/desireonline.shop\/vi\/#organization\",\"name\":\"Desire\",\"url\":\"https:\/\/desireonline.shop\/vi\/\",\"logo\":{\"@type\":\"ImageObject\",\"inLanguage\":\"vi\",\"@id\":\"https:\/\/desireonline.shop\/vi\/#\/schema\/logo\/image\/\",\"url\":\"https:\/\/desireonline.shop\/wp-content\/uploads\/2024\/06\/Logo-Thick-Font-1.webp\",\"contentUrl\":\"https:\/\/desireonline.shop\/wp-content\/uploads\/2024\/06\/Logo-Thick-Font-1.webp\",\"width\":268,\"height\":399,\"caption\":\"Desire\"},\"image\":{\"@id\":\"https:\/\/desireonline.shop\/vi\/#\/schema\/logo\/image\/\"}}]}<\/script>\n<!-- \/ Yoast SEO plugin. -->","yoast_head_json":{"title":"Kissen M\u00e1y rung - Romp - Desire","robots":{"index":"index","follow":"follow","max-snippet":"max-snippet:-1","max-image-preview":"max-image-preview:large","max-video-preview":"max-video-preview:-1"},"canonical":"https:\/\/desireonline.shop\/vi\/san-pham\/kissen-may-rung-romp\/","og_locale":"vi_VN","og_type":"article","og_title":"Kissen M\u00e1y rung - Romp - Desire","og_description":"\u0110\u01b0\u1ee3c thi\u1ebft k\u1ebf \u0111\u1ec3 gi\u1eef cho kho\u00e1i c\u1ea3m \u0111\u01a1n gi\u1ea3n v\u00e0 th\u1ecfa m\u00e3n, m\u00e1y rung thanh m\u1ea3nh n\u00e0y c\u00f3 h\u00ecnh d\u00e1ng m\u01b0\u1ee3t m\u00e0 \u00f4m s\u00e1t c\u01a1 th\u1ec3 m\u1ed9t c\u00e1ch tho\u1ea3i&hellip;","og_url":"https:\/\/desireonline.shop\/vi\/san-pham\/kissen-may-rung-romp\/","og_site_name":"Desire","article_modified_time":"2026-03-10T05:34:16+00:00","og_image":[{"width":1000,"height":1000,"url":"https:\/\/desireonline.shop\/wp-content\/uploads\/2026\/02\/CN-811108762_00.jpg","type":"image\/jpeg"}],"twitter_card":"summary_large_image","twitter_misc":{"\u01af\u1edbc t\u00ednh th\u1eddi gian \u0111\u1ecdc":"1 ph\u00fat"},"schema":{"@context":"https:\/\/schema.org","@graph":[{"@type":"WebPage","@id":"https:\/\/desireonline.shop\/vi\/san-pham\/kissen-may-rung-romp\/","url":"https:\/\/desireonline.shop\/vi\/san-pham\/kissen-may-rung-romp\/","name":"Kissen M\u00e1y rung - Romp - Desire","isPartOf":{"@id":"https:\/\/desireonline.shop\/vi\/#website"},"primaryImageOfPage":{"@id":"https:\/\/desireonline.shop\/vi\/san-pham\/kissen-may-rung-romp\/#primaryimage"},"image":{"@id":"https:\/\/desireonline.shop\/vi\/san-pham\/kissen-may-rung-romp\/#primaryimage"},"thumbnailUrl":"https:\/\/desireonline.shop\/wp-content\/uploads\/2026\/02\/CN-811108762_00.jpg","datePublished":"2026-02-03T07:09:00+00:00","dateModified":"2026-03-10T05:34:16+00:00","breadcrumb":{"@id":"https:\/\/desireonline.shop\/vi\/san-pham\/kissen-may-rung-romp\/#breadcrumb"},"inLanguage":"vi","potentialAction":[{"@type":"ReadAction","target":["https:\/\/desireonline.shop\/vi\/san-pham\/kissen-may-rung-romp\/"]}]},{"@type":"ImageObject","inLanguage":"vi","@id":"https:\/\/desireonline.shop\/vi\/san-pham\/kissen-may-rung-romp\/#primaryimage","url":"https:\/\/desireonline.shop\/wp-content\/uploads\/2026\/02\/CN-811108762_00.jpg","contentUrl":"https:\/\/desireonline.shop\/wp-content\/uploads\/2026\/02\/CN-811108762_00.jpg","width":1000,"height":1000},{"@type":"BreadcrumbList","@id":"https:\/\/desireonline.shop\/vi\/san-pham\/kissen-may-rung-romp\/#breadcrumb","itemListElement":[{"@type":"ListItem","position":1,"name":"Home","item":"https:\/\/desireonline.shop\/vi\/trang-chu\/?lang=vi"},{"@type":"ListItem","position":2,"name":"T\u1ea5t c\u1ea3 s\u1ea3n ph\u1ea9m","item":"https:\/\/desireonline.shop\/cua-hang\/?lang=vi"},{"@type":"ListItem","position":3,"name":"Kissen M\u00e1y rung &#8211; Romp"}]},{"@type":"WebSite","@id":"https:\/\/desireonline.shop\/vi\/#website","url":"https:\/\/desireonline.shop\/vi\/","name":"Desire","description":"Sexual Wellness Platform","publisher":{"@id":"https:\/\/desireonline.shop\/vi\/#organization"},"potentialAction":[{"@type":"SearchAction","target":{"@type":"EntryPoint","urlTemplate":"https:\/\/desireonline.shop\/vi\/?s={search_term_string}"},"query-input":{"@type":"PropertyValueSpecification","valueRequired":true,"valueName":"search_term_string"}}],"inLanguage":"vi"},{"@type":"Organization","@id":"https:\/\/desireonline.shop\/vi\/#organization","name":"Desire","url":"https:\/\/desireonline.shop\/vi\/","logo":{"@type":"ImageObject","inLanguage":"vi","@id":"https:\/\/desireonline.shop\/vi\/#\/schema\/logo\/image\/","url":"https:\/\/desireonline.shop\/wp-content\/uploads\/2024\/06\/Logo-Thick-Font-1.webp","contentUrl":"https:\/\/desireonline.shop\/wp-content\/uploads\/2024\/06\/Logo-Thick-Font-1.webp","width":268,"height":399,"caption":"Desire"},"image":{"@id":"https:\/\/desireonline.shop\/vi\/#\/schema\/logo\/image\/"}}]}},"_links":{"self":[{"href":"https:\/\/desireonline.shop\/vi\/wp-json\/wp\/v2\/product\/67597","targetHints":{"allow":["GET"]}}],"collection":[{"href":"https:\/\/desireonline.shop\/vi\/wp-json\/wp\/v2\/product"}],"about":[{"href":"https:\/\/desireonline.shop\/vi\/wp-json\/wp\/v2\/types\/product"}],"replies":[{"embeddable":true,"href":"https:\/\/desireonline.shop\/vi\/wp-json\/wp\/v2\/comments?post=67597"}],"version-history":[{"count":0,"href":"https:\/\/desireonline.shop\/vi\/wp-json\/wp\/v2\/product\/67597\/revisions"}],"wp:featuredmedia":[{"embeddable":true,"href":"https:\/\/desireonline.shop\/vi\/wp-json\/wp\/v2\/media\/61217"}],"wp:attachment":[{"href":"https:\/\/desireonline.shop\/vi\/wp-json\/wp\/v2\/media?parent=67597"}],"wp:term":[{"taxonomy":"product_brand","embeddable":true,"href":"https:\/\/desireonline.shop\/vi\/wp-json\/wp\/v2\/product_brand?post=67597"},{"taxonomy":"product_cat","embeddable":true,"href":"https:\/\/desireonline.shop\/vi\/wp-json\/wp\/v2\/product_cat?post=67597"},{"taxonomy":"product_tag","embeddable":true,"href":"https:\/\/desireonline.shop\/vi\/wp-json\/wp\/v2\/product_tag?post=67597"}],"curies":[{"name":"wp","href":"https:\/\/api.w.org\/{rel}","templated":true}]}}