{"id":67655,"date":"2026-02-03T07:28:00","date_gmt":"2026-02-03T07:28:00","guid":{"rendered":"https:\/\/desireonline.shop\/product\/kissen-may-rung-va-may-kich-thich-am-vat-aria\/"},"modified":"2026-03-10T05:32:11","modified_gmt":"2026-03-10T05:32:11","slug":"kissen-may-rung-va-may-kich-thich-am-vat-aria","status":"publish","type":"product","link":"https:\/\/desireonline.shop\/vi\/san-pham\/kissen-may-rung-va-may-kich-thich-am-vat-aria\/","title":{"rendered":"Kissen M\u00e1y rung v\u00e0 m\u00e1y k\u00edch th\u00edch \u00e2m v\u1eadt &#8211; Aria"},"content":{"rendered":"<p>\u0110\u01b0\u1ee3c thi\u1ebft k\u1ebf \u0111\u1ec3 mang l\u1ea1i kho\u00e1i c\u1ea3m k\u1ebft h\u1ee3p, thi\u1ebft b\u1ecb k\u00edch th\u00edch hai ch\u1ee9c n\u0103ng n\u00e0y k\u1ebft h\u1ee3p rung b\u00ean trong v\u1edbi l\u1ef1c h\u00fat \u00e2m v\u1eadt c\u00f3 m\u1ee5c ti\u00eau \u0111\u1ec3 t\u1ea1o n\u00ean tr\u1ea3i nghi\u1ec7m th\u1ecfa m\u00e3n s\u00e2u s\u1eafc. Thi\u1ebft k\u1ebf c\u00f4ng th\u00e1i h\u1ecdc cho ph\u00e9p c\u1ea3 hai d\u1ea1ng k\u00edch th\u00edch ho\u1ea1t \u0111\u1ed9ng c\u00f9ng nhau m\u1ed9t c\u00e1ch t\u1ef1 nhi\u00ean, t\u0103ng c\u01b0\u1eddng c\u01b0\u1eddng \u0111\u1ed9 t\u1ed5ng th\u1ec3.<\/p>\n<p>V\u1edbi 10 ch\u1ebf \u0111\u1ed9 rung v\u00e0 5 ch\u1ebf \u0111\u1ed9 h\u00fat \u0111\u1ec3 kh\u00e1m ph\u00e1, s\u1ea3n ph\u1ea9m mang \u0111\u1ebfn nhi\u1ec1u l\u1ef1a ch\u1ecdn ph\u00f9 h\u1ee3p v\u1edbi nh\u1eefng t\u00e2m tr\u1ea1ng kh\u00e1c nhau. L\u00fd t\u01b0\u1edfng cho tr\u1ea3i nghi\u1ec7m solo, \u0111\u00e2y l\u00e0 l\u1ef1a ch\u1ecdn tuy\u1ec7t v\u1eddi cho nh\u1eefng ai y\u00eau th\u00edch c\u1ea3m gi\u00e1c nhi\u1ec1u l\u1edbp v\u00e0 k\u00edch th\u00edch to\u00e0n di\u1ec7n.<\/p>\n","protected":false},"excerpt":{"rendered":"<p>\u0110\u01b0\u1ee3c thi\u1ebft k\u1ebf \u0111\u1ec3 mang l\u1ea1i kho\u00e1i c\u1ea3m k\u1ebft h\u1ee3p, thi\u1ebft b\u1ecb k\u00edch th\u00edch hai ch\u1ee9c n\u0103ng n\u00e0y k\u1ebft h\u1ee3p rung b\u00ean trong v\u1edbi l\u1ef1c h\u00fat \u00e2m v\u1eadt c\u00f3 m\u1ee5c&hellip;<\/p>\n","protected":false},"featured_media":61275,"comment_status":"open","ping_status":"closed","template":"","meta":{"_acf_changed":false},"product_brand":[],"product_cat":[1391],"product_tag":[1660,1670,1688,1684,1659],"class_list":{"0":"post-67655","1":"product","2":"type-product","3":"status-publish","4":"has-post-thumbnail","6":"product_cat-may-rung-hut-liem-am-vat","7":"product_tag-an-toan-cho-co-the","8":"product_tag-danh-cho-phu-nu","9":"product_tag-goi-cam","10":"product_tag-kich-thich-am-vat","11":"product_tag-kich-thich-ben-trong","13":"first","14":"instock","15":"shipping-taxable","16":"purchasable","17":"product-type-simple"},"acf":[],"yoast_head":"<!-- This site is optimized with the Yoast SEO plugin v27.1.1 - https:\/\/yoast.com\/product\/yoast-seo-wordpress\/ -->\n<title>Kissen M\u00e1y rung v\u00e0 m\u00e1y k\u00edch th\u00edch \u00e2m v\u1eadt - Aria - Desire<\/title>\n<meta name=\"robots\" content=\"index, follow, max-snippet:-1, max-image-preview:large, max-video-preview:-1\" \/>\n<link rel=\"canonical\" href=\"https:\/\/desireonline.shop\/vi\/san-pham\/kissen-may-rung-va-may-kich-thich-am-vat-aria\/\" \/>\n<meta property=\"og:locale\" content=\"vi_VN\" \/>\n<meta property=\"og:type\" content=\"article\" \/>\n<meta property=\"og:title\" content=\"Kissen M\u00e1y rung v\u00e0 m\u00e1y k\u00edch th\u00edch \u00e2m v\u1eadt - Aria - Desire\" \/>\n<meta property=\"og:description\" content=\"\u0110\u01b0\u1ee3c thi\u1ebft k\u1ebf \u0111\u1ec3 mang l\u1ea1i kho\u00e1i c\u1ea3m k\u1ebft h\u1ee3p, thi\u1ebft b\u1ecb k\u00edch th\u00edch hai ch\u1ee9c n\u0103ng n\u00e0y k\u1ebft h\u1ee3p rung b\u00ean trong v\u1edbi l\u1ef1c h\u00fat \u00e2m v\u1eadt c\u00f3 m\u1ee5c&hellip;\" \/>\n<meta property=\"og:url\" content=\"https:\/\/desireonline.shop\/vi\/san-pham\/kissen-may-rung-va-may-kich-thich-am-vat-aria\/\" \/>\n<meta property=\"og:site_name\" content=\"Desire\" \/>\n<meta property=\"article:modified_time\" content=\"2026-03-10T05:32:11+00:00\" \/>\n<meta property=\"og:image\" content=\"https:\/\/desireonline.shop\/wp-content\/uploads\/2026\/02\/CN-817632566_00.jpg\" \/>\n\t<meta property=\"og:image:width\" content=\"1200\" \/>\n\t<meta property=\"og:image:height\" content=\"1109\" \/>\n\t<meta property=\"og:image:type\" content=\"image\/jpeg\" \/>\n<meta name=\"twitter:card\" content=\"summary_large_image\" \/>\n<meta name=\"twitter:label1\" content=\"\u01af\u1edbc t\u00ednh th\u1eddi gian \u0111\u1ecdc\" \/>\n\t<meta name=\"twitter:data1\" content=\"1 ph\u00fat\" \/>\n<script type=\"application\/ld+json\" class=\"yoast-schema-graph\">{\"@context\":\"https:\/\/schema.org\",\"@graph\":[{\"@type\":\"WebPage\",\"@id\":\"https:\/\/desireonline.shop\/vi\/san-pham\/kissen-may-rung-va-may-kich-thich-am-vat-aria\/\",\"url\":\"https:\/\/desireonline.shop\/vi\/san-pham\/kissen-may-rung-va-may-kich-thich-am-vat-aria\/\",\"name\":\"Kissen M\u00e1y rung v\u00e0 m\u00e1y k\u00edch th\u00edch \u00e2m v\u1eadt - Aria - Desire\",\"isPartOf\":{\"@id\":\"https:\/\/desireonline.shop\/vi\/#website\"},\"primaryImageOfPage\":{\"@id\":\"https:\/\/desireonline.shop\/vi\/san-pham\/kissen-may-rung-va-may-kich-thich-am-vat-aria\/#primaryimage\"},\"image\":{\"@id\":\"https:\/\/desireonline.shop\/vi\/san-pham\/kissen-may-rung-va-may-kich-thich-am-vat-aria\/#primaryimage\"},\"thumbnailUrl\":\"https:\/\/desireonline.shop\/wp-content\/uploads\/2026\/02\/CN-817632566_00.jpg\",\"datePublished\":\"2026-02-03T07:28:00+00:00\",\"dateModified\":\"2026-03-10T05:32:11+00:00\",\"breadcrumb\":{\"@id\":\"https:\/\/desireonline.shop\/vi\/san-pham\/kissen-may-rung-va-may-kich-thich-am-vat-aria\/#breadcrumb\"},\"inLanguage\":\"vi\",\"potentialAction\":[{\"@type\":\"ReadAction\",\"target\":[\"https:\/\/desireonline.shop\/vi\/san-pham\/kissen-may-rung-va-may-kich-thich-am-vat-aria\/\"]}]},{\"@type\":\"ImageObject\",\"inLanguage\":\"vi\",\"@id\":\"https:\/\/desireonline.shop\/vi\/san-pham\/kissen-may-rung-va-may-kich-thich-am-vat-aria\/#primaryimage\",\"url\":\"https:\/\/desireonline.shop\/wp-content\/uploads\/2026\/02\/CN-817632566_00.jpg\",\"contentUrl\":\"https:\/\/desireonline.shop\/wp-content\/uploads\/2026\/02\/CN-817632566_00.jpg\",\"width\":1200,\"height\":1109},{\"@type\":\"BreadcrumbList\",\"@id\":\"https:\/\/desireonline.shop\/vi\/san-pham\/kissen-may-rung-va-may-kich-thich-am-vat-aria\/#breadcrumb\",\"itemListElement\":[{\"@type\":\"ListItem\",\"position\":1,\"name\":\"Home\",\"item\":\"https:\/\/desireonline.shop\/vi\/trang-chu\/?lang=vi\"},{\"@type\":\"ListItem\",\"position\":2,\"name\":\"T\u1ea5t c\u1ea3 s\u1ea3n ph\u1ea9m\",\"item\":\"https:\/\/desireonline.shop\/cua-hang\/?lang=vi\"},{\"@type\":\"ListItem\",\"position\":3,\"name\":\"Kissen M\u00e1y rung v\u00e0 m\u00e1y k\u00edch th\u00edch \u00e2m v\u1eadt &#8211; Aria\"}]},{\"@type\":\"WebSite\",\"@id\":\"https:\/\/desireonline.shop\/vi\/#website\",\"url\":\"https:\/\/desireonline.shop\/vi\/\",\"name\":\"Desire\",\"description\":\"Sexual Wellness Platform\",\"publisher\":{\"@id\":\"https:\/\/desireonline.shop\/vi\/#organization\"},\"potentialAction\":[{\"@type\":\"SearchAction\",\"target\":{\"@type\":\"EntryPoint\",\"urlTemplate\":\"https:\/\/desireonline.shop\/vi\/?s={search_term_string}\"},\"query-input\":{\"@type\":\"PropertyValueSpecification\",\"valueRequired\":true,\"valueName\":\"search_term_string\"}}],\"inLanguage\":\"vi\"},{\"@type\":\"Organization\",\"@id\":\"https:\/\/desireonline.shop\/vi\/#organization\",\"name\":\"Desire\",\"url\":\"https:\/\/desireonline.shop\/vi\/\",\"logo\":{\"@type\":\"ImageObject\",\"inLanguage\":\"vi\",\"@id\":\"https:\/\/desireonline.shop\/vi\/#\/schema\/logo\/image\/\",\"url\":\"https:\/\/desireonline.shop\/wp-content\/uploads\/2024\/06\/Logo-Thick-Font-1.webp\",\"contentUrl\":\"https:\/\/desireonline.shop\/wp-content\/uploads\/2024\/06\/Logo-Thick-Font-1.webp\",\"width\":268,\"height\":399,\"caption\":\"Desire\"},\"image\":{\"@id\":\"https:\/\/desireonline.shop\/vi\/#\/schema\/logo\/image\/\"}}]}<\/script>\n<!-- \/ Yoast SEO plugin. -->","yoast_head_json":{"title":"Kissen M\u00e1y rung v\u00e0 m\u00e1y k\u00edch th\u00edch \u00e2m v\u1eadt - Aria - Desire","robots":{"index":"index","follow":"follow","max-snippet":"max-snippet:-1","max-image-preview":"max-image-preview:large","max-video-preview":"max-video-preview:-1"},"canonical":"https:\/\/desireonline.shop\/vi\/san-pham\/kissen-may-rung-va-may-kich-thich-am-vat-aria\/","og_locale":"vi_VN","og_type":"article","og_title":"Kissen M\u00e1y rung v\u00e0 m\u00e1y k\u00edch th\u00edch \u00e2m v\u1eadt - Aria - Desire","og_description":"\u0110\u01b0\u1ee3c thi\u1ebft k\u1ebf \u0111\u1ec3 mang l\u1ea1i kho\u00e1i c\u1ea3m k\u1ebft h\u1ee3p, thi\u1ebft b\u1ecb k\u00edch th\u00edch hai ch\u1ee9c n\u0103ng n\u00e0y k\u1ebft h\u1ee3p rung b\u00ean trong v\u1edbi l\u1ef1c h\u00fat \u00e2m v\u1eadt c\u00f3 m\u1ee5c&hellip;","og_url":"https:\/\/desireonline.shop\/vi\/san-pham\/kissen-may-rung-va-may-kich-thich-am-vat-aria\/","og_site_name":"Desire","article_modified_time":"2026-03-10T05:32:11+00:00","og_image":[{"width":1200,"height":1109,"url":"https:\/\/desireonline.shop\/wp-content\/uploads\/2026\/02\/CN-817632566_00.jpg","type":"image\/jpeg"}],"twitter_card":"summary_large_image","twitter_misc":{"\u01af\u1edbc t\u00ednh th\u1eddi gian \u0111\u1ecdc":"1 ph\u00fat"},"schema":{"@context":"https:\/\/schema.org","@graph":[{"@type":"WebPage","@id":"https:\/\/desireonline.shop\/vi\/san-pham\/kissen-may-rung-va-may-kich-thich-am-vat-aria\/","url":"https:\/\/desireonline.shop\/vi\/san-pham\/kissen-may-rung-va-may-kich-thich-am-vat-aria\/","name":"Kissen M\u00e1y rung v\u00e0 m\u00e1y k\u00edch th\u00edch \u00e2m v\u1eadt - Aria - Desire","isPartOf":{"@id":"https:\/\/desireonline.shop\/vi\/#website"},"primaryImageOfPage":{"@id":"https:\/\/desireonline.shop\/vi\/san-pham\/kissen-may-rung-va-may-kich-thich-am-vat-aria\/#primaryimage"},"image":{"@id":"https:\/\/desireonline.shop\/vi\/san-pham\/kissen-may-rung-va-may-kich-thich-am-vat-aria\/#primaryimage"},"thumbnailUrl":"https:\/\/desireonline.shop\/wp-content\/uploads\/2026\/02\/CN-817632566_00.jpg","datePublished":"2026-02-03T07:28:00+00:00","dateModified":"2026-03-10T05:32:11+00:00","breadcrumb":{"@id":"https:\/\/desireonline.shop\/vi\/san-pham\/kissen-may-rung-va-may-kich-thich-am-vat-aria\/#breadcrumb"},"inLanguage":"vi","potentialAction":[{"@type":"ReadAction","target":["https:\/\/desireonline.shop\/vi\/san-pham\/kissen-may-rung-va-may-kich-thich-am-vat-aria\/"]}]},{"@type":"ImageObject","inLanguage":"vi","@id":"https:\/\/desireonline.shop\/vi\/san-pham\/kissen-may-rung-va-may-kich-thich-am-vat-aria\/#primaryimage","url":"https:\/\/desireonline.shop\/wp-content\/uploads\/2026\/02\/CN-817632566_00.jpg","contentUrl":"https:\/\/desireonline.shop\/wp-content\/uploads\/2026\/02\/CN-817632566_00.jpg","width":1200,"height":1109},{"@type":"BreadcrumbList","@id":"https:\/\/desireonline.shop\/vi\/san-pham\/kissen-may-rung-va-may-kich-thich-am-vat-aria\/#breadcrumb","itemListElement":[{"@type":"ListItem","position":1,"name":"Home","item":"https:\/\/desireonline.shop\/vi\/trang-chu\/?lang=vi"},{"@type":"ListItem","position":2,"name":"T\u1ea5t c\u1ea3 s\u1ea3n ph\u1ea9m","item":"https:\/\/desireonline.shop\/cua-hang\/?lang=vi"},{"@type":"ListItem","position":3,"name":"Kissen M\u00e1y rung v\u00e0 m\u00e1y k\u00edch th\u00edch \u00e2m v\u1eadt &#8211; Aria"}]},{"@type":"WebSite","@id":"https:\/\/desireonline.shop\/vi\/#website","url":"https:\/\/desireonline.shop\/vi\/","name":"Desire","description":"Sexual Wellness Platform","publisher":{"@id":"https:\/\/desireonline.shop\/vi\/#organization"},"potentialAction":[{"@type":"SearchAction","target":{"@type":"EntryPoint","urlTemplate":"https:\/\/desireonline.shop\/vi\/?s={search_term_string}"},"query-input":{"@type":"PropertyValueSpecification","valueRequired":true,"valueName":"search_term_string"}}],"inLanguage":"vi"},{"@type":"Organization","@id":"https:\/\/desireonline.shop\/vi\/#organization","name":"Desire","url":"https:\/\/desireonline.shop\/vi\/","logo":{"@type":"ImageObject","inLanguage":"vi","@id":"https:\/\/desireonline.shop\/vi\/#\/schema\/logo\/image\/","url":"https:\/\/desireonline.shop\/wp-content\/uploads\/2024\/06\/Logo-Thick-Font-1.webp","contentUrl":"https:\/\/desireonline.shop\/wp-content\/uploads\/2024\/06\/Logo-Thick-Font-1.webp","width":268,"height":399,"caption":"Desire"},"image":{"@id":"https:\/\/desireonline.shop\/vi\/#\/schema\/logo\/image\/"}}]}},"_links":{"self":[{"href":"https:\/\/desireonline.shop\/vi\/wp-json\/wp\/v2\/product\/67655","targetHints":{"allow":["GET"]}}],"collection":[{"href":"https:\/\/desireonline.shop\/vi\/wp-json\/wp\/v2\/product"}],"about":[{"href":"https:\/\/desireonline.shop\/vi\/wp-json\/wp\/v2\/types\/product"}],"replies":[{"embeddable":true,"href":"https:\/\/desireonline.shop\/vi\/wp-json\/wp\/v2\/comments?post=67655"}],"version-history":[{"count":0,"href":"https:\/\/desireonline.shop\/vi\/wp-json\/wp\/v2\/product\/67655\/revisions"}],"wp:featuredmedia":[{"embeddable":true,"href":"https:\/\/desireonline.shop\/vi\/wp-json\/wp\/v2\/media\/61275"}],"wp:attachment":[{"href":"https:\/\/desireonline.shop\/vi\/wp-json\/wp\/v2\/media?parent=67655"}],"wp:term":[{"taxonomy":"product_brand","embeddable":true,"href":"https:\/\/desireonline.shop\/vi\/wp-json\/wp\/v2\/product_brand?post=67655"},{"taxonomy":"product_cat","embeddable":true,"href":"https:\/\/desireonline.shop\/vi\/wp-json\/wp\/v2\/product_cat?post=67655"},{"taxonomy":"product_tag","embeddable":true,"href":"https:\/\/desireonline.shop\/vi\/wp-json\/wp\/v2\/product_tag?post=67655"}],"curies":[{"name":"wp","href":"https:\/\/api.w.org\/{rel}","templated":true}]}}